{"id":11556,"date":"2023-11-29T10:30:30","date_gmt":"2023-11-29T10:30:30","guid":{"rendered":"https:\/\/moverdb.com\/?page_id=11556"},"modified":"2026-01-08T15:24:11","modified_gmt":"2026-01-08T15:24:11","slug":"moving-companies-us-connecticut","status":"publish","type":"page","link":"https:\/\/moverdb.com\/pl\/moving-companies\/moving-companies-us-connecticut\/","title":{"rendered":"3 najlepsze firmy zajmuj\u0105ce si\u0119 przeprowadzkami mi\u0119dzynarodowymi w Connecticut"},"content":{"rendered":"<p>W przypadku przeprowadzki warto skorzysta\u0107 z us\u0142ug firmy transportowej. <a href=\"https:\/\/moverdb.com\/pl\/moving-companies\/\" data-internallinksmanager029f6b8e52c=\"79\" title=\"25 najlepszych firm przeprowadzek mi\u0119dzynarodowych online\">przedsi\u0119biorstwo przeprowadzkowe<\/a> aby wesprze\u0107 i zmniejszy\u0107 obci\u0105\u017cenie. Mog\u0105 oni pom\u00f3c w planowaniu przeprowadzki, pakowaniu rzeczy, organizowaniu transportu i obs\u0142udze celnej w przypadku przeprowadzek mi\u0119dzynarodowych. Poni\u017cej zebrali\u015bmy list\u0119 <a href=\"https:\/\/moverdb.com\/pl\/moving-to-the-united-states\/moving-to-connecticut\/\" data-internallinksmanager029f6b8e52c=\"444\" title=\"Przeprowadzka do Connecticut? Koszty utrzymania i wskaz\u00f3wki dotycz\u0105ce relokacji w 2023 r.\">Connecticut<\/a> na stronie <a href=\"https:\/\/moverdb.com\/pl\/international-removals\/\" data-internallinksmanager029f6b8e52c=\"27\" title=\"36 najlepszych firm zajmuj\u0105cych si\u0119 przeprowadzkami mi\u0119dzynarodowymi w Wielkiej Brytanii\">przedsi\u0119biorstwa przeprowadzkowe<\/a> kt\u00f3re s\u0105 cz\u0142onkami <a href=\"https:\/\/moverdb.com\/pl\/iam\/\" data-internallinksmanager029f6b8e52c=\"23\" title=\"Mi\u0119dzynarodowe Stowarzyszenie Przewo\u017anik\u00f3w (IAM) - obja\u015bnienia\">Mi\u0119dzynarodowe Stowarzyszenie Przewo\u017anik\u00f3w<\/a> (IAM) i\/lub <a href=\"https:\/\/moverdb.com\/pl\/fidi-faim\/\" data-internallinksmanager029f6b8e52c=\"16\" title=\"FIDI i FAIM (FIDI Accredited International Mover) - obja\u015bnienia\">FIDI<\/a> Accredited International Mover (FAIM), kt\u00f3ry mo\u017ce pom\u00f3c w przeprowadzce.<\/p>\n<h2><strong>1. Brimar Relocation<\/strong><\/h2>\n<p><img loading=\"lazy\" decoding=\"async\" class=\"alignnone size-full wp-image-11277\" src=\"https:\/\/moverdb.com\/wp-content\/uploads\/Brimar-Relocations-international-moving-company.png\" alt=\"Brimar Relocations mi\u0119dzynarodowa firma przeprowadzkowa\" width=\"1440\" height=\"679\" data-wp-pid=\"11277\" srcset=\"https:\/\/moverdb.com\/wp-content\/uploads\/Brimar-Relocations-international-moving-company.png 1440w, https:\/\/moverdb.com\/wp-content\/uploads\/Brimar-Relocations-international-moving-company-300x141.png 300w, https:\/\/moverdb.com\/wp-content\/uploads\/Brimar-Relocations-international-moving-company-1024x483.png 1024w, https:\/\/moverdb.com\/wp-content\/uploads\/Brimar-Relocations-international-moving-company-18x8.png 18w, https:\/\/moverdb.com\/wp-content\/uploads\/Brimar-Relocations-international-moving-company-600x283.png 600w\" sizes=\"auto, (max-width: 1440px) 100vw, 1440px\" \/><\/p>\n<ul>\n<li>Ruchy krajowe<\/li>\n<li>Przeprowadzki mi\u0119dzynarodowe<\/li>\n<li>Przeprowadzki gospodarstw domowych<\/li>\n<li>Relokacje przedsi\u0119biorstw<\/li>\n<li>Us\u0142uga \"od drzwi do drzwi\".<\/li>\n<li>Organizacja transportu<\/li>\n<li>Wsparcie celne<\/li>\n<li>Obr\u00f3bka dzie\u0142 sztuki<\/li>\n<li>Ubezpieczenia<\/li>\n<li>Obiekty magazynowe<\/li>\n<\/ul>\n<p>Brimar Relocations to mi\u0119dzynarodowa firma przeprowadzkowa za\u0142o\u017cona w 2007 roku, z siedzib\u0105 w Stamford i biurem w <a href=\"https:\/\/moverdb.com\/pl\/moving-to-france\/moving-to-paris\/\" data-internallinksmanager029f6b8e52c=\"407\" title=\"Przeprowadzka do Pary\u017ca? Koszty \u017cycia i wskaz\u00f3wki dotycz\u0105ce przeprowadzki w 2023 roku\">Pary\u017c<\/a>. Maj\u0105 rozwini\u0119t\u0105 sie\u0107 agent\u00f3w na ca\u0142ym \u015bwiecie, kt\u00f3rzy pomagaj\u0105 im w realizacji mi\u0119dzynarodowych przeprowadzek. S\u0105 cz\u0142onkiem IAM z 14-letnim do\u015bwiadczeniem.<\/p>\n<p>Brimar Relocation oferuje krajowe i mi\u0119dzynarodowe us\u0142ugi w zakresie przeprowadzek i relokacji, a tak\u017ce specjalizuje si\u0119 w relokacjach korporacyjnych i mo\u017ce obs\u0142ugiwa\u0107 dzie\u0142a sztuki. Zapewniaj\u0105 us\u0142ugi przeprowadzkowe od drzwi do drzwi, w ramach kt\u00f3rych dokonaj\u0105 ustale\u0144 dotycz\u0105cych transportu rzeczy do miejsca docelowego, co mo\u017ce obejmowa\u0107 skrzynie i przechowywanie, a tak\u017ce podstawow\u0105 ochron\u0119 ubezpieczeniow\u0105.<\/p>\n<p>Strona internetowa: <a href=\"http:\/\/www.brimarrelo.com\" target=\"_blank\" rel=\"noopener\">http:\/\/www.brimarrelo.com<\/a><\/p>\n<h2><strong>2. Meyer<\/strong><\/h2>\n<p><img loading=\"lazy\" decoding=\"async\" class=\"alignnone size-full wp-image-11376\" src=\"https:\/\/moverdb.com\/wp-content\/uploads\/Meyer-international-moving-company.png\" alt=\"Mi\u0119dzynarodowa firma przeprowadzkowa Meyer\" width=\"1440\" height=\"680\" data-wp-pid=\"11376\" srcset=\"https:\/\/moverdb.com\/wp-content\/uploads\/Meyer-international-moving-company.png 1440w, https:\/\/moverdb.com\/wp-content\/uploads\/Meyer-international-moving-company-300x142.png 300w, https:\/\/moverdb.com\/wp-content\/uploads\/Meyer-international-moving-company-1024x484.png 1024w, https:\/\/moverdb.com\/wp-content\/uploads\/Meyer-international-moving-company-18x9.png 18w, https:\/\/moverdb.com\/wp-content\/uploads\/Meyer-international-moving-company-600x283.png 600w\" sizes=\"auto, (max-width: 1440px) 100vw, 1440px\" \/><\/p>\n<ul>\n<li>Przeprowadzki lokalne i na du\u017ce odleg\u0142o\u015bci<\/li>\n<li>Przeniesienia mi\u0119dzynarodowe<\/li>\n<li>Przeniesienia budynk\u00f3w mieszkalnych<\/li>\n<li>Przeniesienie biura<\/li>\n<li>Relokacje przedsi\u0119biorstw<\/li>\n<li>Us\u0142uga \"od drzwi do drzwi\".<\/li>\n<li>Dedykowany koordynator przeprowadzki<\/li>\n<li>Opcje pakowania<\/li>\n<li><a href=\"https:\/\/moverdb.com\/pl\/car-transport-shipping\/\" data-internallinksmanager029f6b8e52c=\"2\" title=\"2026 Mi\u0119dzynarodowy transport samochodowy i wyceny wysy\u0142ki pojazd\u00f3w\">Spedycja pojazd\u00f3w<\/a><\/li>\n<li>Rozwi\u0105zania w zakresie przechowywania<\/li>\n<\/ul>\n<p>Meyer to firma zajmuj\u0105ca si\u0119 logistyk\u0105, relokacj\u0105 i magazynowaniem, za\u0142o\u017cona w 1915 roku z siedzib\u0105 w Stratford. Jest cz\u0119\u015bci\u0105 sieci United Van Lines, kt\u00f3ra zapewnia jej dost\u0119p do firm przeprowadzkowych, kt\u00f3re wspieraj\u0105 j\u0105 w \u015bwiadczeniu us\u0142ug. Firma jest cz\u0142onkiem IAM z 108-letnim do\u015bwiadczeniem.<\/p>\n<p>Meyer oferuje konsultacje dotycz\u0105ce przeprowadzki w celu oceny wymaga\u0144 i wielko\u015bci przeprowadzki. Zapewnia dedykowanego koordynatora przeprowadzki jako pojedynczy punkt kontaktowy, kt\u00f3ry b\u0119dzie zarz\u0105dza\u0142 wszystkimi aspektami przeprowadzki. Wyszuka najlepsze rozwi\u0105zanie przeprowadzkowe dla Twoich potrzeb i zapewni us\u0142ug\u0119 \"od drzwi do drzwi\" z opcj\u0105 pe\u0142nego pakowania lub samodzielnego pakowania.<\/p>\n<p>Strona internetowa: <a href=\"http:\/\/www.williambmeyer.com\" target=\"_blank\" rel=\"noopener\">http:\/\/www.williambmeyer.com<\/a><\/p>\n<h2><strong>3. WorldCare Pet Transport<\/strong><\/h2>\n<p><img loading=\"lazy\" decoding=\"async\" class=\"alignnone size-full wp-image-11481\" src=\"https:\/\/moverdb.com\/wp-content\/uploads\/WorldCare-Pet-Transport-international-moving-company.png\" alt=\"WorldCare Pet Transport mi\u0119dzynarodowa firma przeprowadzkowa\" width=\"1440\" height=\"683\" data-wp-pid=\"11481\" srcset=\"https:\/\/moverdb.com\/wp-content\/uploads\/WorldCare-Pet-Transport-international-moving-company.png 1440w, https:\/\/moverdb.com\/wp-content\/uploads\/WorldCare-Pet-Transport-international-moving-company-300x142.png 300w, https:\/\/moverdb.com\/wp-content\/uploads\/WorldCare-Pet-Transport-international-moving-company-1024x486.png 1024w, https:\/\/moverdb.com\/wp-content\/uploads\/WorldCare-Pet-Transport-international-moving-company-18x9.png 18w, https:\/\/moverdb.com\/wp-content\/uploads\/WorldCare-Pet-Transport-international-moving-company-600x285.png 600w\" sizes=\"auto, (max-width: 1440px) 100vw, 1440px\" \/><\/p>\n<ul>\n<li>Obs\u0142uga na terenie ca\u0142ego kraju<\/li>\n<li>Us\u0142uga mi\u0119dzynarodowa<\/li>\n<li>Prywatne przeprowadzki zwierz\u0105t<\/li>\n<li>Relokacja zwierz\u0105t domowych w firmie<\/li>\n<li>Kompleksowa obs\u0142uga<\/li>\n<li>Us\u0142uga \"od drzwi do drzwi\".<\/li>\n<li>Dla wszystkich rodzaj\u00f3w zwierz\u0105t domowych<\/li>\n<li>Organizacja efektywnego transportu<\/li>\n<li>Przewo\u017anicy lotniczy<\/li>\n<li>Us\u0142ugi weterynaryjne<\/li>\n<\/ul>\n<p>WorldCare Pet Transport to mi\u0119dzynarodowa firma zajmuj\u0105ca si\u0119 transportem zwierz\u0105t domowych, kt\u00f3ra dzia\u0142a od ponad 10 lat. Wsp\u00f3\u0142pracuje z firmami zajmuj\u0105cymi si\u0119 przeprowadzkami, firmami zarz\u0105dzaj\u0105cymi relokacj\u0105 i urz\u0119dnikami ds. zasob\u00f3w ludzkich. Firma jest zarejestrowana w USDA jako bezpo\u015bredni przewo\u017anik. Jest cz\u0142onkiem IAM z 22-letnim do\u015bwiadczeniem.<\/p>\n<p>WorldCare Pet Transport zapewnia kompleksow\u0105 us\u0142ug\u0119 relokacji zwierz\u0105t domowych, odbieraj\u0105c i dostarczaj\u0105c je w dowolne miejsce na \u015bwiecie. Firma zapewnia wszystkie ustalenia dotycz\u0105ce podr\u00f3\u017cy, zapewniaj\u0105c najbardziej bezpo\u015brednie i op\u0142acalne loty, a tak\u017ce dostarczaj\u0105c zatwierdzone transportery lotnicze wszystkich rozmiar\u00f3w. Zorganizuje us\u0142ugi weterynaryjne, w tym badania lekarskie, pr\u00f3bki krwi, certyfikaty i mikroczipy.<\/p>\n<p>Strona internetowa: <a href=\"http:\/\/www.WorldCarePet.com\" target=\"_blank\" rel=\"noopener\">http:\/\/www.WorldCarePet.com<\/a><\/p>","protected":false},"excerpt":{"rendered":"<p>If you are moving, you may want to employ the services of a moving company to support and lessen the load. They can help with planning the move, packing your belongings, arranging transport and handling customs for international moves. Below we have compiled a list of Connecticut based removal companies that are members of the [&hellip;]<\/p>\n","protected":false},"author":4,"featured_media":11277,"parent":190,"menu_order":0,"comment_status":"closed","ping_status":"closed","template":"","meta":{"_genesis_hide_title":false,"_genesis_hide_breadcrumbs":false,"_genesis_hide_singular_image":false,"_genesis_hide_footer_widgets":false,"_genesis_custom_body_class":"","_genesis_custom_post_class":"","_genesis_layout":"","footnotes":""},"class_list":{"0":"post-11556","1":"page","2":"type-page","3":"status-publish","4":"has-post-thumbnail","6":"entry"},"_links":{"self":[{"href":"https:\/\/moverdb.com\/pl\/wp-json\/wp\/v2\/pages\/11556","targetHints":{"allow":["GET"]}}],"collection":[{"href":"https:\/\/moverdb.com\/pl\/wp-json\/wp\/v2\/pages"}],"about":[{"href":"https:\/\/moverdb.com\/pl\/wp-json\/wp\/v2\/types\/page"}],"author":[{"embeddable":true,"href":"https:\/\/moverdb.com\/pl\/wp-json\/wp\/v2\/users\/4"}],"replies":[{"embeddable":true,"href":"https:\/\/moverdb.com\/pl\/wp-json\/wp\/v2\/comments?post=11556"}],"version-history":[{"count":1,"href":"https:\/\/moverdb.com\/pl\/wp-json\/wp\/v2\/pages\/11556\/revisions"}],"predecessor-version":[{"id":11557,"href":"https:\/\/moverdb.com\/pl\/wp-json\/wp\/v2\/pages\/11556\/revisions\/11557"}],"up":[{"embeddable":true,"href":"https:\/\/moverdb.com\/pl\/wp-json\/wp\/v2\/pages\/190"}],"wp:featuredmedia":[{"embeddable":true,"href":"https:\/\/moverdb.com\/pl\/wp-json\/wp\/v2\/media\/11277"}],"wp:attachment":[{"href":"https:\/\/moverdb.com\/pl\/wp-json\/wp\/v2\/media?parent=11556"}],"curies":[{"name":"wp","href":"https:\/\/api.w.org\/{rel}","templated":true}]}}