{"id":11554,"date":"2023-11-29T10:46:40","date_gmt":"2023-11-29T10:46:40","guid":{"rendered":"https:\/\/moverdb.com\/?page_id=11554"},"modified":"2026-01-08T15:25:05","modified_gmt":"2026-01-08T15:25:05","slug":"moving-companies-us-colorado","status":"publish","type":"page","link":"https:\/\/moverdb.com\/pl\/moving-companies\/moving-companies-us-colorado\/","title":{"rendered":"5 najlepszych mi\u0119dzynarodowych firm przeprowadzkowych w Kolorado"},"content":{"rendered":"<p>Przeprowadzka mo\u017ce by\u0107 stresuj\u0105cym okresem z tak wieloma rzeczami do zorganizowania i zrobienia, wi\u0119c zaanga\u017cowanie us\u0142ug <a href=\"https:\/\/moverdb.com\/pl\/moving-companies\/\" data-internallinksmanager029f6b8e52c=\"79\" title=\"25 najlepszych firm przeprowadzek mi\u0119dzynarodowych online\">przedsi\u0119biorstwo przeprowadzkowe<\/a> mo\u017ce pom\u00f3c zmniejszy\u0107 obci\u0105\u017cenie. Mog\u0105 pom\u00f3c w planowaniu, pakowaniu, ustaleniach celnych i transporcie. Poni\u017cej zebrali\u015bmy list\u0119 <a href=\"https:\/\/moverdb.com\/pl\/moving-to-the-united-states\/moving-to-colorado\/\" data-internallinksmanager029f6b8e52c=\"399\" title=\"Przeprowadzka do Kolorado? Koszty utrzymania i wskaz\u00f3wki dotycz\u0105ce relokacji w 2023 r.\">Kolorado<\/a> na stronie <a href=\"https:\/\/moverdb.com\/pl\/international-removals\/\" data-internallinksmanager029f6b8e52c=\"27\" title=\"36 najlepszych firm zajmuj\u0105cych si\u0119 przeprowadzkami mi\u0119dzynarodowymi w Wielkiej Brytanii\">przedsi\u0119biorstwa przeprowadzkowe<\/a> kt\u00f3re s\u0105 cz\u0142onkami <a href=\"https:\/\/moverdb.com\/pl\/iam\/\" data-internallinksmanager029f6b8e52c=\"23\" title=\"Mi\u0119dzynarodowe Stowarzyszenie Przewo\u017anik\u00f3w (IAM) - obja\u015bnienia\">Mi\u0119dzynarodowe Stowarzyszenie Przewo\u017anik\u00f3w<\/a> (IAM) i\/lub <a href=\"https:\/\/moverdb.com\/pl\/fidi-faim\/\" data-internallinksmanager029f6b8e52c=\"16\" title=\"FIDI i FAIM (FIDI Accredited International Mover) - obja\u015bnienia\">FIDI<\/a> Accredited International Mover (FAIM), kt\u00f3ry mo\u017ce pom\u00f3c w przeprowadzce.<\/p>\n<div id=\"ez-toc-container\" class=\"ez-toc-v2_0_83 ez-toc-wrap-left counter-hierarchy ez-toc-counter ez-toc-transparent ez-toc-container-direction\">\n<div class=\"ez-toc-title-container\">\n<p class=\"ez-toc-title\" style=\"cursor:inherit\">Sekcje<\/p>\n<span class=\"ez-toc-title-toggle\"><a href=\"#\" class=\"ez-toc-pull-right ez-toc-btn ez-toc-btn-xs ez-toc-btn-default ez-toc-toggle\" aria-label=\"Prze\u0142\u0105cznik Spisu Tre\u015bci\"><span class=\"ez-toc-js-icon-con\"><span class=\"\"><span class=\"eztoc-hide\" style=\"display:none;\">Toggle<\/span><span class=\"ez-toc-icon-toggle-span\"><svg style=\"fill: #999;color:#999\" xmlns=\"http:\/\/www.w3.org\/2000\/svg\" class=\"list-377408\" width=\"20px\" height=\"20px\" viewbox=\"0 0 24 24\" fill=\"none\"><path d=\"M6 6H4v2h2V6zm14 0H8v2h12V6zM4 11h2v2H4v-2zm16 0H8v2h12v-2zM4 16h2v2H4v-2zm16 0H8v2h12v-2z\" fill=\"currentColor\"><\/path><\/svg><svg style=\"fill: #999;color:#999\" class=\"arrow-unsorted-368013\" xmlns=\"http:\/\/www.w3.org\/2000\/svg\" width=\"10px\" height=\"10px\" viewbox=\"0 0 24 24\" version=\"1.2\" baseprofile=\"tiny\"><path d=\"M18.2 9.3l-6.2-6.3-6.2 6.3c-.2.2-.3.4-.3.7s.1.5.3.7c.2.2.4.3.7.3h11c.3 0 .5-.1.7-.3.2-.2.3-.5.3-.7s-.1-.5-.3-.7zM5.8 14.7l6.2 6.3 6.2-6.3c.2-.2.3-.5.3-.7s-.1-.5-.3-.7c-.2-.2-.4-.3-.7-.3h-11c-.3 0-.5.1-.7.3-.2.2-.3.5-.3.7s.1.5.3.7z\"\/><\/svg><\/span><\/span><\/span><\/a><\/span><\/div>\n<nav><ul class='ez-toc-list ez-toc-list-level-1 eztoc-toggle-hide-by-default' ><li class='ez-toc-page-1 ez-toc-heading-level-2'><a class=\"ez-toc-link ez-toc-heading-1\" href=\"https:\/\/moverdb.com\/pl\/moving-companies\/moving-companies-us-colorado\/#1_Atlantic_Relocation_Systems\" >1. Atlantic Relocation Systems<\/a><\/li><li class='ez-toc-page-1 ez-toc-heading-level-2'><a class=\"ez-toc-link ez-toc-heading-2\" href=\"https:\/\/moverdb.com\/pl\/moving-companies\/moving-companies-us-colorado\/#2_Baileys_Moving_Storage\" >2. Bailey's Moving &amp; Storage<\/a><\/li><li class='ez-toc-page-1 ez-toc-heading-level-2'><a class=\"ez-toc-link ez-toc-heading-3\" href=\"https:\/\/moverdb.com\/pl\/moving-companies\/moving-companies-us-colorado\/#3_Gallagher_Transport\" >3. Gallagher Transport<\/a><\/li><li class='ez-toc-page-1 ez-toc-heading-level-2'><a class=\"ez-toc-link ez-toc-heading-4\" href=\"https:\/\/moverdb.com\/pl\/moving-companies\/moving-companies-us-colorado\/#4_Graebel\" >4. Graebel<\/a><\/li><li class='ez-toc-page-1 ez-toc-heading-level-2'><a class=\"ez-toc-link ez-toc-heading-5\" href=\"https:\/\/moverdb.com\/pl\/moving-companies\/moving-companies-us-colorado\/#5_Johnson_Storage_Moving\" >5. Johnson Storage &amp; Moving<\/a><\/li><\/ul><\/nav><\/div>\n<h2><span class=\"ez-toc-section\" id=\"1_Atlantic_Relocation_Systems\"><\/span><strong>1. Atlantic Relocation Systems<\/strong><span class=\"ez-toc-section-end\"><\/span><\/h2>\n<p><img loading=\"lazy\" decoding=\"async\" class=\"alignnone size-full wp-image-11262\" src=\"https:\/\/moverdb.com\/wp-content\/uploads\/Atlantic-Relocation-Systems-international-moving-company.png\" alt=\"Atlantic Relocation Systems mi\u0119dzynarodowa firma przeprowadzkowa\" width=\"1440\" height=\"677\" data-wp-pid=\"11262\" srcset=\"https:\/\/moverdb.com\/wp-content\/uploads\/Atlantic-Relocation-Systems-international-moving-company.png 1440w, https:\/\/moverdb.com\/wp-content\/uploads\/Atlantic-Relocation-Systems-international-moving-company-300x141.png 300w, https:\/\/moverdb.com\/wp-content\/uploads\/Atlantic-Relocation-Systems-international-moving-company-1024x481.png 1024w, https:\/\/moverdb.com\/wp-content\/uploads\/Atlantic-Relocation-Systems-international-moving-company-18x8.png 18w, https:\/\/moverdb.com\/wp-content\/uploads\/Atlantic-Relocation-Systems-international-moving-company-600x282.png 600w\" sizes=\"auto, (max-width: 1440px) 100vw, 1440px\" \/><\/p>\n<ul>\n<li>Przeprowadzki lokalne i na du\u017ce odleg\u0142o\u015bci<\/li>\n<li>Przeprowadzki mi\u0119dzynarodowe<\/li>\n<li>Przeprowadzki mieszkaniowe<\/li>\n<li>Przeprowadzki handlowe i biurowe<\/li>\n<li>Koordynator ds. przeprowadzek mi\u0119dzynarodowych<\/li>\n<li>Us\u0142uga pakowania<\/li>\n<li>Transport l\u0105dowy, lotniczy i morski<\/li>\n<li>Wsparcie dokumentacyjne<\/li>\n<li>Obs\u0142uga dzie\u0142a sztuki<\/li>\n<li>Obiekty magazynowe<\/li>\n<\/ul>\n<p>Atlantic Relocation Systems to firma zajmuj\u0105ca si\u0119 przeprowadzkami mieszkaniowymi i biznesowymi, za\u0142o\u017cona w 1984 roku w <a href=\"https:\/\/moverdb.com\/pl\/moving-to-denver\/\" data-internallinksmanager029f6b8e52c=\"42\" title=\"Przeprowadzasz si\u0119 do Denver? 2026 Koszty utrzymania i wskaz\u00f3wki dotycz\u0105ce przeprowadzki\">Denver<\/a> z lokalizacjami w <a href=\"https:\/\/moverdb.com\/pl\/moving-to-the-united-states\/moving-to-california\/\" data-internallinksmanager029f6b8e52c=\"330\" title=\"Przeprowadzka do Kalifornii? 2026 Koszty utrzymania i wskaz\u00f3wki dotycz\u0105ce relokacji\">Kalifornia<\/a>, <a href=\"https:\/\/moverdb.com\/pl\/moving-to-the-united-states\/moving-to-illinois\/\" data-internallinksmanager029f6b8e52c=\"401\" title=\"Przeprowadzka do Illinois? 2026 Koszty utrzymania i porady dotycz\u0105ce przeprowadzki\">Illinois<\/a>, <a href=\"https:\/\/moverdb.com\/pl\/moving-to-the-united-states\/moving-to-arizona\/\" data-internallinksmanager029f6b8e52c=\"385\" title=\"Przeprowadzka do Arizony? Koszty utrzymania i wskaz\u00f3wki dotycz\u0105ce relokacji w 2023 r.\">Arizona<\/a>, <a href=\"https:\/\/moverdb.com\/pl\/moving-to-the-united-states\/moving-to-florida\/\" data-internallinksmanager029f6b8e52c=\"331\" title=\"Przeprowadzka na Floryd\u0119? 2026 Koszty utrzymania i porady dotycz\u0105ce przeprowadzki\">Floryda<\/a>, <a href=\"https:\/\/moverdb.com\/pl\/moving-to-the-united-states\/moving-to-texas\/\" data-internallinksmanager029f6b8e52c=\"397\" title=\"Przeprowadzka do Teksasu? 2026 Koszty utrzymania i wskaz\u00f3wki dotycz\u0105ce przeprowadzki\">Teksas<\/a> oraz <a href=\"https:\/\/moverdb.com\/pl\/moving-to-the-united-states\/moving-to-georgia\/\" data-internallinksmanager029f6b8e52c=\"402\" title=\"Przeprowadzka do Gruzji? 2026 Koszty utrzymania i porady dotycz\u0105ce przeprowadzki\">Georgia<\/a>. S\u0105 agentem Atlas Van Lines i posiadaj\u0105 sie\u0107 mi\u0119dzynarodowych agent\u00f3w przeprowadzkowych, kt\u00f3rzy pomagaj\u0105 im w przeprowadzkach krajowych i mi\u0119dzynarodowych. S\u0105 cz\u0142onkiem IAM z 26-letnim do\u015bwiadczeniem.<\/p>\n<p>Atlantic Relocation Systems oferuje bezp\u0142atn\u0105 wycen\u0119 w domu dla przeprowadzek lokalnych i przydziela koordynatora przeprowadzek mi\u0119dzynarodowych dla przeprowadzek mi\u0119dzynarodowych. Koordynatorzy przeprowadzki zorganizuj\u0105 ca\u0142\u0105 logistyk\u0119 przeprowadzki, w tym organizacj\u0119 transportu i dokumentacj\u0119 pomocnicz\u0105.<\/p>\n<p>Strona internetowa: <a href=\"http:\/\/www.atlanticrelocation.com\/denver\/\" target=\"_blank\" rel=\"noopener\">http:\/\/www.atlanticrelocation.com\/denver\/<\/a><\/p>\n<h2><span class=\"ez-toc-section\" id=\"2_Baileys_Moving_Storage\"><\/span><strong>2. Bailey's Moving &amp; Storage<\/strong><span class=\"ez-toc-section-end\"><\/span><\/h2>\n<p><img loading=\"lazy\" decoding=\"async\" class=\"alignnone size-full wp-image-11266\" src=\"https:\/\/moverdb.com\/wp-content\/uploads\/Baileys-Moving-Storage-international-moving-company.png\" alt=\"Baileys Moving &amp; Storage - mi\u0119dzynarodowa firma przeprowadzkowa\" width=\"1440\" height=\"680\" data-wp-pid=\"11266\" srcset=\"https:\/\/moverdb.com\/wp-content\/uploads\/Baileys-Moving-Storage-international-moving-company.png 1440w, https:\/\/moverdb.com\/wp-content\/uploads\/Baileys-Moving-Storage-international-moving-company-300x142.png 300w, https:\/\/moverdb.com\/wp-content\/uploads\/Baileys-Moving-Storage-international-moving-company-1024x484.png 1024w, https:\/\/moverdb.com\/wp-content\/uploads\/Baileys-Moving-Storage-international-moving-company-18x9.png 18w, https:\/\/moverdb.com\/wp-content\/uploads\/Baileys-Moving-Storage-international-moving-company-600x283.png 600w\" sizes=\"auto, (max-width: 1440px) 100vw, 1440px\" \/><\/p>\n<ul>\n<li>Przeprowadzki lokalne i na du\u017ce odleg\u0142o\u015bci<\/li>\n<li>Przeprowadzki mi\u0119dzynarodowe<\/li>\n<li>Przeprowadzki gospodarstw domowych<\/li>\n<li>Ruchy biznesowe<\/li>\n<li>Zarz\u0105dzanie przeniesieniem<\/li>\n<li>Us\u0142uga pakowania<\/li>\n<li>Organizacja transportu<\/li>\n<li>Wsparcie celne<\/li>\n<li>Ubezpieczenia<\/li>\n<li>Bezpieczne przechowywanie kr\u00f3tko- i d\u0142ugoterminowe<\/li>\n<\/ul>\n<p>Bailey's Moving &amp; Storage to firma przeprowadzkowa z siedzib\u0105 w <a href=\"https:\/\/moverdb.com\/pl\/moving-to-the-united-states\/moving-to-utah\/\" data-internallinksmanager029f6b8e52c=\"439\" title=\"Przeprowadzka do Utah? Koszty utrzymania i wskaz\u00f3wki dotycz\u0105ce relokacji w 2023 r.\">Utah<\/a> i Kolorado powsta\u0142a w 1952 roku. Posiada krajow\u0105 i mi\u0119dzynarodow\u0105 sie\u0107 agent\u00f3w przeprowadzkowych, kt\u00f3rzy wspieraj\u0105 ich w \u015bwiadczeniu us\u0142ug i s\u0105 agentem Allied Van Lines. S\u0105 cz\u0142onkiem IAM z 71-letnim do\u015bwiadczeniem.<\/p>\n<p>Bailey's Moving &amp; Storage oferuje bezp\u0142atn\u0105 wycen\u0119 przeprowadzki i zapewni najlepsz\u0105 mo\u017cliw\u0105 cen\u0119. Zapewniaj\u0105 us\u0142ug\u0119 pakowania z profesjonalnie przeszkolonymi pakowaczami, kt\u00f3rzy u\u017cywaj\u0105 odpowiednich materia\u0142\u00f3w do pakowania, aby chroni\u0107 Twoje przedmioty. Firma zorganizuje transport rzeczy do miejsca docelowego, niezale\u017cnie od tego, czy jest to transport lokalny, mi\u0119dzystanowy czy mi\u0119dzynarodowy.<\/p>\n<p>Strona internetowa: <a href=\"https:\/\/baileysallied.com\" target=\"_blank\" rel=\"noopener\">https:\/\/baileysallied.com<\/a><\/p>\n<h2><span class=\"ez-toc-section\" id=\"3_Gallagher_Transport\"><\/span><strong>3. Gallagher Transport<\/strong><span class=\"ez-toc-section-end\"><\/span><\/h2>\n<p><img loading=\"lazy\" decoding=\"async\" class=\"alignnone size-full wp-image-11324\" src=\"https:\/\/moverdb.com\/wp-content\/uploads\/Gallagher-Transport-international-moving-company.png\" alt=\"Gallagher Transport - mi\u0119dzynarodowa firma przeprowadzkowa\" width=\"1440\" height=\"669\" data-wp-pid=\"11324\" srcset=\"https:\/\/moverdb.com\/wp-content\/uploads\/Gallagher-Transport-international-moving-company.png 1440w, https:\/\/moverdb.com\/wp-content\/uploads\/Gallagher-Transport-international-moving-company-300x139.png 300w, https:\/\/moverdb.com\/wp-content\/uploads\/Gallagher-Transport-international-moving-company-1024x476.png 1024w, https:\/\/moverdb.com\/wp-content\/uploads\/Gallagher-Transport-international-moving-company-18x8.png 18w, https:\/\/moverdb.com\/wp-content\/uploads\/Gallagher-Transport-international-moving-company-600x279.png 600w\" sizes=\"auto, (max-width: 1440px) 100vw, 1440px\" \/><\/p>\n<ul>\n<li>Krajowy transport towarowy<\/li>\n<li>Fracht mi\u0119dzynarodowy<\/li>\n<li>Zarz\u0105dzanie logistyk\u0105<\/li>\n<li>Indywidualne rozwi\u0105zania<\/li>\n<li>Dostawa od drzwi do drzwi<\/li>\n<li>Transport lotniczy, l\u0105dowy i morski<\/li>\n<li>\u015aledzenie przesy\u0142ek<\/li>\n<li>Odprawa celna<\/li>\n<li>Ubezpieczenia<\/li>\n<li>Obiekty magazynowe<\/li>\n<\/ul>\n<p>Gallagher Transport jest niestandardowym brokerem i <a href=\"https:\/\/moverdb.com\/pl\/freight-forwarder\/\" data-internallinksmanager029f6b8e52c=\"17\" title=\"Spedytor i NVOCC Mi\u0119dzynarodowy Przewodnik po Kosztach i Firmach\">spedytor<\/a> za\u0142o\u017cona w 1990 roku w <a href=\"https:\/\/moverdb.com\/pl\/moving-to-the-united-states\/moving-to-oregon\/\" data-internallinksmanager029f6b8e52c=\"395\" title=\"Przeprowadzka do Oregonu? 2026 Koszty utrzymania i porady dotycz\u0105ce przeprowadzki\">Oregon<\/a> z biurami w Denver, <a href=\"https:\/\/moverdb.com\/pl\/moving-to-houston\/\" data-internallinksmanager029f6b8e52c=\"47\" title=\"Przeprowadzasz si\u0119 do Houston? 2026 Koszty utrzymania i wskaz\u00f3wki dotycz\u0105ce przeprowadzki\">Houston<\/a>, <a href=\"https:\/\/moverdb.com\/pl\/moving-to-los-angeles\/\" data-internallinksmanager029f6b8e52c=\"51\" title=\"Przeprowadzka do Los Angeles? Koszty utrzymania i wskaz\u00f3wki dotycz\u0105ce relokacji w Los Angeles w 2026 roku\">Los Angeles<\/a>Portland i <a href=\"https:\/\/moverdb.com\/pl\/moving-to-san-francisco\/\" data-internallinksmanager029f6b8e52c=\"63\" title=\"Przeprowadzasz si\u0119 do San Francisco? 2026 Koszty utrzymania i wskaz\u00f3wki dotycz\u0105ce przeprowadzki\">San Francisco<\/a>. S\u0105 cz\u0142onkiem IAM z 29-letnim do\u015bwiadczeniem, co zapewnia im dost\u0119p do mi\u0119dzynarodowej sieci dostawc\u00f3w us\u0142ug przeprowadzkowych.<\/p>\n<p>Gallagher Transport \u015bwiadczy us\u0142ugi spedycyjne, kt\u00f3re obejmuj\u0105 po\u015brednictwo celne, ale nie obejmuj\u0105 \u017cadnych us\u0142ug pakowania. Firma zarz\u0105dza logistyk\u0105 przewozu rzeczy z jednego miejsca docelowego do drugiego na zasadzie \"od drzwi do drzwi\" drog\u0105 l\u0105dow\u0105, powietrzn\u0105 lub morsk\u0105. Firma b\u0119dzie \u015bledzi\u0107 przesy\u0142k\u0119 i dopilnuje, aby przesz\u0142a ona odpraw\u0119 celn\u0105 i by\u0142a ubezpieczona.<\/p>\n<p>Strona internetowa: <a href=\"http:\/\/www.gallaghertransport.com\" target=\"_blank\" rel=\"noopener\">http:\/\/www.gallaghertransport.com<\/a><\/p>\n<h2><span class=\"ez-toc-section\" id=\"4_Graebel\"><\/span><strong>4. Graebel<\/strong><span class=\"ez-toc-section-end\"><\/span><\/h2>\n<p><img loading=\"lazy\" decoding=\"async\" class=\"alignnone size-full wp-image-11333\" src=\"https:\/\/moverdb.com\/wp-content\/uploads\/Graebel-international-moving-company.png\" alt=\"Mi\u0119dzynarodowa firma przeprowadzkowa Graebel\" width=\"1440\" height=\"678\" data-wp-pid=\"11333\" srcset=\"https:\/\/moverdb.com\/wp-content\/uploads\/Graebel-international-moving-company.png 1440w, https:\/\/moverdb.com\/wp-content\/uploads\/Graebel-international-moving-company-300x141.png 300w, https:\/\/moverdb.com\/wp-content\/uploads\/Graebel-international-moving-company-1024x482.png 1024w, https:\/\/moverdb.com\/wp-content\/uploads\/Graebel-international-moving-company-18x8.png 18w, https:\/\/moverdb.com\/wp-content\/uploads\/Graebel-international-moving-company-600x283.png 600w\" sizes=\"auto, (max-width: 1440px) 100vw, 1440px\" \/><\/p>\n<ul>\n<li>Przeniesienia mi\u0119dzynarodowe<\/li>\n<li>Przemieszczenia gospodarstw domowych<\/li>\n<li>Relokacje przedsi\u0119biorstw<\/li>\n<li>Zindywidualizowana obs\u0142uga<\/li>\n<li>Us\u0142ugi pakowania<\/li>\n<li>Us\u0142ugi zwi\u0105zane z odjazdem<\/li>\n<li>Us\u0142ugi dotycz\u0105ce miejsc przeznaczenia<\/li>\n<li>Us\u0142ugi w zakresie osiedlania si\u0119<\/li>\n<li>Wyszukiwanie w domu i szkole<\/li>\n<li>Us\u0142ugi repatriacji<\/li>\n<\/ul>\n<p>Graebel to za\u0142o\u017cona w 1950 roku firma \u015bwiadcz\u0105ca kompleksowe us\u0142ugi w zakresie zarz\u0105dzania przeprowadzkami, posiadaj\u0105ca 16 lokalizacji na ca\u0142ym \u015bwiecie, w tym siedzib\u0119 g\u0142\u00f3wn\u0105 w Denver. Wsp\u00f3\u0142pracuje z wieloma partnerami us\u0142ugowymi, aby przenosi\u0107 artyku\u0142y gospodarstwa domowego na ca\u0142ym \u015bwiecie do ponad 165 kraj\u00f3w na sze\u015bciu kontynentach. Firma jest cz\u0142onkiem IAM z 69-letnim do\u015bwiadczeniem.<\/p>\n<p>Graebel specjalizuje si\u0119 w relokacji pracownik\u00f3w i wspieraniu firm w ramach globalnych program\u00f3w mobilno\u015bci. \u015awiadczy us\u0142ugi zwi\u0105zane z wyjazdem pracownik\u00f3w, w tym zarz\u0105dzanie sprzeda\u017c\u0105 domu lub anulowaniem umowy najmu, pakowanie, us\u0142ugi wizowe i imigracyjne. Ich us\u0142ugi docelowe obejmuj\u0105 orientacj\u0119, poszukiwanie domu i szko\u0142y, us\u0142ugi wynajmu, us\u0142ugi osiedle\u0144cze i rozpakowywanie.<\/p>\n<p>Strona internetowa: <a href=\"http:\/\/www.graebel.com\" target=\"_blank\" rel=\"noopener\">http:\/\/www.graebel.com<\/a><\/p>\n<h2><span class=\"ez-toc-section\" id=\"5_Johnson_Storage_Moving\"><\/span><strong>5. Johnson Storage &amp; Moving<\/strong><span class=\"ez-toc-section-end\"><\/span><\/h2>\n<p><img loading=\"lazy\" decoding=\"async\" class=\"alignnone size-full wp-image-11356\" src=\"https:\/\/moverdb.com\/wp-content\/uploads\/Johnson-Storage-Moving-international-moving-company.png\" alt=\"Johnson Storage &amp; Moving - mi\u0119dzynarodowa firma przeprowadzkowa\" width=\"1440\" height=\"677\" data-wp-pid=\"11356\" srcset=\"https:\/\/moverdb.com\/wp-content\/uploads\/Johnson-Storage-Moving-international-moving-company.png 1440w, https:\/\/moverdb.com\/wp-content\/uploads\/Johnson-Storage-Moving-international-moving-company-300x141.png 300w, https:\/\/moverdb.com\/wp-content\/uploads\/Johnson-Storage-Moving-international-moving-company-1024x481.png 1024w, https:\/\/moverdb.com\/wp-content\/uploads\/Johnson-Storage-Moving-international-moving-company-18x8.png 18w, https:\/\/moverdb.com\/wp-content\/uploads\/Johnson-Storage-Moving-international-moving-company-600x282.png 600w\" sizes=\"auto, (max-width: 1440px) 100vw, 1440px\" \/><\/p>\n<ul>\n<li>Przeprowadzki lokalne i na du\u017ce odleg\u0142o\u015bci<\/li>\n<li>Przeprowadzki mi\u0119dzynarodowe<\/li>\n<li>Przeprowadzki mieszkaniowe<\/li>\n<li>Przeprowadzki handlowe i biurowe<\/li>\n<li>Relokacje przedsi\u0119biorstw<\/li>\n<li>Osobisty konsultant ds. przeprowadzek<\/li>\n<li>Us\u0142uga pakowania<\/li>\n<li>Organizacja transportu<\/li>\n<li>Odprawa celna<\/li>\n<li>Obiekty magazynowe<\/li>\n<\/ul>\n<p>Johnson Storage &amp; Moving to globalna firma logistyczna za\u0142o\u017cona w 1900 roku w Denver z lokalizacjami w Kolorado i Kalifornii, <a href=\"https:\/\/moverdb.com\/pl\/moving-to-the-united-states\/moving-to-kansas\/\" data-internallinksmanager029f6b8e52c=\"464\" title=\"Przeprowadzka do Kansas? 2024 Koszty utrzymania i porady dotycz\u0105ce przeprowadzki\">Kansas<\/a>, <a href=\"https:\/\/moverdb.com\/pl\/moving-to-the-united-states\/moving-to-new-mexico\/\" data-internallinksmanager029f6b8e52c=\"455\" title=\"Przeprowadzka do Nowego Meksyku? 2024 Koszty utrzymania i wskaz\u00f3wki dotycz\u0105ce przeprowadzki\">Nowy Meksyk<\/a>, Teksas, <a href=\"https:\/\/moverdb.com\/pl\/moving-to-the-united-states\/moving-to-wyoming\/\" data-internallinksmanager029f6b8e52c=\"449\" title=\"Przeprowadzka do Wyoming? 2024 Koszty utrzymania i wskaz\u00f3wki dotycz\u0105ce przeprowadzki\">Wyoming<\/a> oraz <a href=\"https:\/\/moverdb.com\/pl\/moving-to-the-united-states\/moving-to-missouri\/\" data-internallinksmanager029f6b8e52c=\"460\" title=\"Przeprowadzka do Missouri? 2024 Koszty utrzymania i porady dotycz\u0105ce przeprowadzki\">Missouri<\/a>. S\u0105 cz\u0142onkiem United Van Lines i Mayflower Transit, zapewniaj\u0105c wi\u0119kszy zasi\u0119g w ca\u0142ym kraju. <a href=\"https:\/\/moverdb.com\/pl\/moving-to-the-united-states\/\" data-internallinksmanager029f6b8e52c=\"94\" title=\"Przeprowadzasz si\u0119 do Stan\u00f3w Zjednoczonych? 2026 Koszty \u017cycia i wskaz\u00f3wki dotycz\u0105ce przeprowadzki\">USA<\/a>. Jest cz\u0142onkiem IAM z 123-letnim do\u015bwiadczeniem i posiada akredytacj\u0119 FIDI.<\/p>\n<p>Johnson Storage &amp; Moving oferuje bezp\u0142atn\u0105 wycen\u0119 w domu lub wirtualnie, a tak\u017ce zapewnia osobistego konsultanta ds. przeprowadzek, kt\u00f3ry b\u0119dzie wspiera\u0107 Ci\u0119 na ka\u017cdym kroku. Stworz\u0105 oni osobisty plan przeprowadzki, kt\u00f3ry spe\u0142ni Twoje potrzeby. Firma oferuje pe\u0142n\u0105 us\u0142ug\u0119 pakowania i zajmie si\u0119 odpraw\u0105 celn\u0105.<\/p>\n<p>Strona internetowa: <a href=\"https:\/\/www.johnsonstorage.com\" target=\"_blank\" rel=\"noopener\">https:\/\/www.johnsonstorage.com<\/a><\/p>","protected":false},"excerpt":{"rendered":"<p>Moving can be a stressful time with so many things to organise and do, so engaging the services of a moving company could help reduce the load. They can assist with planning, packing, customs arrangements and transportation. Below we have compiled a list of Colorado based removal companies that are members of the International Association [&hellip;]<\/p>\n","protected":false},"author":4,"featured_media":11262,"parent":190,"menu_order":0,"comment_status":"closed","ping_status":"closed","template":"","meta":{"_genesis_hide_title":false,"_genesis_hide_breadcrumbs":false,"_genesis_hide_singular_image":false,"_genesis_hide_footer_widgets":false,"_genesis_custom_body_class":"","_genesis_custom_post_class":"","_genesis_layout":"","footnotes":""},"class_list":{"0":"post-11554","1":"page","2":"type-page","3":"status-publish","4":"has-post-thumbnail","6":"entry"},"_links":{"self":[{"href":"https:\/\/moverdb.com\/pl\/wp-json\/wp\/v2\/pages\/11554","targetHints":{"allow":["GET"]}}],"collection":[{"href":"https:\/\/moverdb.com\/pl\/wp-json\/wp\/v2\/pages"}],"about":[{"href":"https:\/\/moverdb.com\/pl\/wp-json\/wp\/v2\/types\/page"}],"author":[{"embeddable":true,"href":"https:\/\/moverdb.com\/pl\/wp-json\/wp\/v2\/users\/4"}],"replies":[{"embeddable":true,"href":"https:\/\/moverdb.com\/pl\/wp-json\/wp\/v2\/comments?post=11554"}],"version-history":[{"count":1,"href":"https:\/\/moverdb.com\/pl\/wp-json\/wp\/v2\/pages\/11554\/revisions"}],"predecessor-version":[{"id":11555,"href":"https:\/\/moverdb.com\/pl\/wp-json\/wp\/v2\/pages\/11554\/revisions\/11555"}],"up":[{"embeddable":true,"href":"https:\/\/moverdb.com\/pl\/wp-json\/wp\/v2\/pages\/190"}],"wp:featuredmedia":[{"embeddable":true,"href":"https:\/\/moverdb.com\/pl\/wp-json\/wp\/v2\/media\/11262"}],"wp:attachment":[{"href":"https:\/\/moverdb.com\/pl\/wp-json\/wp\/v2\/media?parent=11554"}],"curies":[{"name":"wp","href":"https:\/\/api.w.org\/{rel}","templated":true}]}}