{"id":11550,"date":"2023-11-29T10:24:26","date_gmt":"2023-11-29T10:24:26","guid":{"rendered":"https:\/\/moverdb.com\/?page_id=11550"},"modified":"2026-01-08T15:23:37","modified_gmt":"2026-01-08T15:23:37","slug":"moving-companies-us-arizona","status":"publish","type":"page","link":"https:\/\/moverdb.com\/pl\/moving-companies\/moving-companies-us-arizona\/","title":{"rendered":"2 najlepsze firmy zajmuj\u0105ce si\u0119 przeprowadzkami mi\u0119dzynarodowymi w Arizonie"},"content":{"rendered":"<p>Przeprowadzka mo\u017ce by\u0107 jednym z najbardziej stresuj\u0105cych moment\u00f3w w naszym \u017cyciu, wi\u0119c po co pr\u00f3bowa\u0107 robi\u0107 to wszystko samemu? <a href=\"https:\/\/moverdb.com\/pl\/moving-companies\/\" data-internallinksmanager029f6b8e52c=\"79\" title=\"25 najlepszych firm przeprowadzek mi\u0119dzynarodowych online\">Firmy przeprowadzkowe<\/a> mo\u017ce pom\u00f3c w organizacji, pakowaniu, transporcie i odprawie celnej, je\u015bli zajdzie taka potrzeba. Poni\u017cej przygotowali\u015bmy list\u0119 <a href=\"https:\/\/moverdb.com\/pl\/moving-to-the-united-states\/moving-to-arizona\/\" data-internallinksmanager029f6b8e52c=\"385\" title=\"Przeprowadzka do Arizony? Koszty utrzymania i wskaz\u00f3wki dotycz\u0105ce relokacji w 2023 r.\">Arizona<\/a> na stronie <a href=\"https:\/\/moverdb.com\/pl\/international-removals\/\" data-internallinksmanager029f6b8e52c=\"27\" title=\"36 najlepszych firm zajmuj\u0105cych si\u0119 przeprowadzkami mi\u0119dzynarodowymi w Wielkiej Brytanii\">przedsi\u0119biorstwa przeprowadzkowe<\/a> kt\u00f3re s\u0105 cz\u0142onkami <a href=\"https:\/\/moverdb.com\/pl\/iam\/\" data-internallinksmanager029f6b8e52c=\"23\" title=\"Mi\u0119dzynarodowe Stowarzyszenie Przewo\u017anik\u00f3w (IAM) - obja\u015bnienia\">Mi\u0119dzynarodowe Stowarzyszenie Przewo\u017anik\u00f3w<\/a> (IAM) i\/lub <a href=\"https:\/\/moverdb.com\/pl\/fidi-faim\/\" data-internallinksmanager029f6b8e52c=\"16\" title=\"FIDI i FAIM (FIDI Accredited International Mover) - obja\u015bnienia\">FIDI<\/a> Accredited International Mover (FAIM), kt\u00f3ry mo\u017ce pom\u00f3c w przeprowadzce.<\/p>\n<h2><strong>1. Atlantic Relocation Systems<\/strong><\/h2>\n<p><img loading=\"lazy\" decoding=\"async\" class=\"alignnone size-full wp-image-11262\" src=\"https:\/\/moverdb.com\/wp-content\/uploads\/Atlantic-Relocation-Systems-international-moving-company.png\" alt=\"Atlantic Relocation Systems mi\u0119dzynarodowa firma przeprowadzkowa\" width=\"1440\" height=\"677\" data-wp-pid=\"11262\" srcset=\"https:\/\/moverdb.com\/wp-content\/uploads\/Atlantic-Relocation-Systems-international-moving-company.png 1440w, https:\/\/moverdb.com\/wp-content\/uploads\/Atlantic-Relocation-Systems-international-moving-company-300x141.png 300w, https:\/\/moverdb.com\/wp-content\/uploads\/Atlantic-Relocation-Systems-international-moving-company-1024x481.png 1024w, https:\/\/moverdb.com\/wp-content\/uploads\/Atlantic-Relocation-Systems-international-moving-company-18x8.png 18w, https:\/\/moverdb.com\/wp-content\/uploads\/Atlantic-Relocation-Systems-international-moving-company-600x282.png 600w\" sizes=\"auto, (max-width: 1440px) 100vw, 1440px\" \/><\/p>\n<ul>\n<li>Przeprowadzki lokalne i na du\u017ce odleg\u0142o\u015bci<\/li>\n<li>Przeprowadzki mi\u0119dzynarodowe<\/li>\n<li>Przeprowadzki mieszkaniowe<\/li>\n<li>Przeprowadzki handlowe i biurowe<\/li>\n<li>Koordynator ds. relokacji mi\u0119dzynarodowej<\/li>\n<li>Us\u0142ugi pakowania<\/li>\n<li>Transport drogowy, lotniczy i morski<\/li>\n<li>Wsparcie w postaci dokumentacji<\/li>\n<li>Obr\u00f3bka dzie\u0142 sztuki<\/li>\n<li>Bezpieczne przechowywanie<\/li>\n<\/ul>\n<p>Atlantic Relocation Systems to firma przeprowadzkowa za\u0142o\u017cona w 1984 roku i posiadaj\u0105ca 13 lokalizacji w <a href=\"https:\/\/moverdb.com\/pl\/moving-to-phoenix\/\" data-internallinksmanager029f6b8e52c=\"62\" title=\"Przeprowadzasz si\u0119 do Phoenix? 2026 Koszty utrzymania i wskaz\u00f3wki dotycz\u0105ce przeprowadzki\">Phoenix<\/a> jak r\u00f3wnie\u017c <a href=\"https:\/\/moverdb.com\/pl\/moving-to-the-united-states\/moving-to-georgia\/\" data-internallinksmanager029f6b8e52c=\"402\" title=\"Przeprowadzka do Gruzji? 2026 Koszty utrzymania i porady dotycz\u0105ce przeprowadzki\">Georgia<\/a>, <a href=\"https:\/\/moverdb.com\/pl\/moving-to-the-united-states\/moving-to-florida\/\" data-internallinksmanager029f6b8e52c=\"331\" title=\"Przeprowadzka na Floryd\u0119? 2026 Koszty utrzymania i porady dotycz\u0105ce przeprowadzki\">Floryda<\/a>, <a href=\"https:\/\/moverdb.com\/pl\/moving-to-the-united-states\/moving-to-illinois\/\" data-internallinksmanager029f6b8e52c=\"401\" title=\"Przeprowadzka do Illinois? 2026 Koszty utrzymania i porady dotycz\u0105ce przeprowadzki\">Illinois<\/a>, <a href=\"https:\/\/moverdb.com\/pl\/moving-to-the-united-states\/moving-to-colorado\/\" data-internallinksmanager029f6b8e52c=\"399\" title=\"Przeprowadzka do Kolorado? Koszty utrzymania i wskaz\u00f3wki dotycz\u0105ce relokacji w 2023 r.\">Kolorado<\/a>, <a href=\"https:\/\/moverdb.com\/pl\/moving-to-the-united-states\/moving-to-texas\/\" data-internallinksmanager029f6b8e52c=\"397\" title=\"Przeprowadzka do Teksasu? 2026 Koszty utrzymania i wskaz\u00f3wki dotycz\u0105ce przeprowadzki\">Teksas<\/a>, <a href=\"https:\/\/moverdb.com\/pl\/moving-to-the-united-states\/moving-to-indiana\/\" data-internallinksmanager029f6b8e52c=\"445\" title=\"Przeprowadzka do Indiany? 2026 Koszty utrzymania i porady dotycz\u0105ce przeprowadzki\">Indiana<\/a> i Waszyngton. S\u0105 cz\u0119\u015bci\u0105 Atlas Van Lines, zapewniaj\u0105c zasi\u0119g na terenie ca\u0142ego kraju. <a href=\"https:\/\/moverdb.com\/pl\/moving-to-the-united-states\/\" data-internallinksmanager029f6b8e52c=\"94\" title=\"Przeprowadzasz si\u0119 do Stan\u00f3w Zjednoczonych? 2026 Koszty \u017cycia i wskaz\u00f3wki dotycz\u0105ce przeprowadzki\">USA<\/a> i posiadaj\u0105 mi\u0119dzynarodow\u0105 sie\u0107 agent\u00f3w przeprowadzkowych. S\u0105 cz\u0142onkiem IAM z 33-letnim do\u015bwiadczeniem.<\/p>\n<p>Atlantic Relocation Systems oferuje bezp\u0142atn\u0105 wycen\u0119 w domu dla przeprowadzek lokalnych. W przypadku przeprowadzek zagranicznych firma zapewnia koordynatora ds. przeprowadzek mi\u0119dzynarodowych, kt\u00f3ry b\u0119dzie pojedynczym punktem kontaktowym i b\u0119dzie zarz\u0105dza\u0142 wszystkimi aspektami przeprowadzki. Zorganizuje pakowanie i za\u0142adunek rzeczy, zapewniaj\u0105c ich bezpieczne dotarcie do miejsca docelowego.<\/p>\n<p>Strona internetowa: <a href=\"http:\/\/www.atlanticrelocation.com\/phoenix\/\" target=\"_blank\" rel=\"noopener\">http:\/\/www.atlanticrelocation.com\/phoenix\/<\/a><\/p>\n<h2><strong>2. Globalne rozwi\u0105zania w zakresie mobilno\u015bci<\/strong><\/h2>\n<p><img loading=\"lazy\" decoding=\"async\" class=\"alignnone size-full wp-image-11326\" src=\"https:\/\/moverdb.com\/wp-content\/uploads\/Global-Mobility-Solutions-international-moving-company.png\" alt=\"Global Mobility Solutions mi\u0119dzynarodowa firma przeprowadzkowa\" width=\"1440\" height=\"676\" data-wp-pid=\"11326\" srcset=\"https:\/\/moverdb.com\/wp-content\/uploads\/Global-Mobility-Solutions-international-moving-company.png 1440w, https:\/\/moverdb.com\/wp-content\/uploads\/Global-Mobility-Solutions-international-moving-company-300x141.png 300w, https:\/\/moverdb.com\/wp-content\/uploads\/Global-Mobility-Solutions-international-moving-company-1024x481.png 1024w, https:\/\/moverdb.com\/wp-content\/uploads\/Global-Mobility-Solutions-international-moving-company-18x8.png 18w, https:\/\/moverdb.com\/wp-content\/uploads\/Global-Mobility-Solutions-international-moving-company-600x282.png 600w\" sizes=\"auto, (max-width: 1440px) 100vw, 1440px\" \/><\/p>\n<ul>\n<li>Przeprowadzki lokalne i mi\u0119dzystanowe<\/li>\n<li>Przeniesienia mi\u0119dzynarodowe<\/li>\n<li>Relokacje przedsi\u0119biorstw<\/li>\n<li>Globalne programy mobilno\u015bci<\/li>\n<li>Us\u0142ugi dostosowane do potrzeb<\/li>\n<li>Wsparcie przed przydzia\u0142em<\/li>\n<li>Us\u0142ugi przeprowadzkowe<\/li>\n<li>Us\u0142ugi w zakresie osiedlania si\u0119<\/li>\n<li>Transport zwierz\u0105t<\/li>\n<li>Technologia \u015bledzenia<\/li>\n<\/ul>\n<p>Global Mobility Solutions to firma zarz\u0105dzaj\u0105ca relokacjami za\u0142o\u017cona w 1987 roku z siedzib\u0105 w Scottsdale. Mo\u017ce \u015bwiadczy\u0107 us\u0142ugi relokacji do ponad 140 kraj\u00f3w na ca\u0142ym \u015bwiecie i jest cz\u0142onkiem IAM z 36-letnim do\u015bwiadczeniem.<\/p>\n<p>Global Mobility Solutions oferuje kompleksowe us\u0142ugi relokacyjne dostosowane do potrzeb klienta. Us\u0142ugi przed przydzia\u0142em obejmuj\u0105 wiz\u0119 i imigracj\u0119, orientacj\u0119 i poszukiwanie domu. Us\u0142ugi zwi\u0105zane z podr\u00f3\u017c\u0105 przed podj\u0119ciem decyzji obejmuj\u0105 szkolenie kulturowe i j\u0119zykowe, transport zwierz\u0105t domowych i wysy\u0142k\u0119 towar\u00f3w. Us\u0142ugi zwi\u0105zane z przeprowadzk\u0105 obejmuj\u0105 us\u0142ugi zwi\u0105zane z osiedleniem si\u0119, wsparcie partnera i umieszczenie w szkole. Dostarczaj\u0105 technologi\u0119 MyRelocation, kt\u00f3ra umo\u017cliwia pracodawcom zarz\u0105dzanie i \u015bledzenie relokacji oraz pomaga usprawni\u0107 relokacje firm.<\/p>\n<p>Strona internetowa: <a href=\"https:\/\/gmsmobility.com\/\" target=\"_blank\" rel=\"noopener\">https:\/\/gmsmobility.com\/<\/a><\/p>","protected":false},"excerpt":{"rendered":"<p>Moving can be one of the most stressful times in our lives, so why try to do it all on your own? Moving companies can help with organisation, packing, transportation and customs if required. Below we have compiled a list of Arizona based removal companies that are members of the International Association of Movers (IAM) [&hellip;]<\/p>\n","protected":false},"author":4,"featured_media":11262,"parent":190,"menu_order":0,"comment_status":"closed","ping_status":"closed","template":"","meta":{"_genesis_hide_title":false,"_genesis_hide_breadcrumbs":false,"_genesis_hide_singular_image":false,"_genesis_hide_footer_widgets":false,"_genesis_custom_body_class":"","_genesis_custom_post_class":"","_genesis_layout":"","footnotes":""},"class_list":{"0":"post-11550","1":"page","2":"type-page","3":"status-publish","4":"has-post-thumbnail","6":"entry"},"_links":{"self":[{"href":"https:\/\/moverdb.com\/pl\/wp-json\/wp\/v2\/pages\/11550","targetHints":{"allow":["GET"]}}],"collection":[{"href":"https:\/\/moverdb.com\/pl\/wp-json\/wp\/v2\/pages"}],"about":[{"href":"https:\/\/moverdb.com\/pl\/wp-json\/wp\/v2\/types\/page"}],"author":[{"embeddable":true,"href":"https:\/\/moverdb.com\/pl\/wp-json\/wp\/v2\/users\/4"}],"replies":[{"embeddable":true,"href":"https:\/\/moverdb.com\/pl\/wp-json\/wp\/v2\/comments?post=11550"}],"version-history":[{"count":1,"href":"https:\/\/moverdb.com\/pl\/wp-json\/wp\/v2\/pages\/11550\/revisions"}],"predecessor-version":[{"id":11551,"href":"https:\/\/moverdb.com\/pl\/wp-json\/wp\/v2\/pages\/11550\/revisions\/11551"}],"up":[{"embeddable":true,"href":"https:\/\/moverdb.com\/pl\/wp-json\/wp\/v2\/pages\/190"}],"wp:featuredmedia":[{"embeddable":true,"href":"https:\/\/moverdb.com\/pl\/wp-json\/wp\/v2\/media\/11262"}],"wp:attachment":[{"href":"https:\/\/moverdb.com\/pl\/wp-json\/wp\/v2\/media?parent=11550"}],"curies":[{"name":"wp","href":"https:\/\/api.w.org\/{rel}","templated":true}]}}