{"id":11546,"date":"2023-11-29T10:47:36","date_gmt":"2023-11-29T10:47:36","guid":{"rendered":"https:\/\/moverdb.com\/?page_id=11546"},"modified":"2026-01-08T15:25:02","modified_gmt":"2026-01-08T15:25:02","slug":"moving-companies-us-alaska","status":"publish","type":"page","link":"https:\/\/moverdb.com\/pl\/moving-companies\/moving-companies-us-alaska\/","title":{"rendered":"5 najlepszych firm przeprowadzkowych na Alasce"},"content":{"rendered":"<p>Je\u015bli obecnie mieszkasz w <a href=\"https:\/\/moverdb.com\/pl\/moving-to-the-united-states\/moving-to-alaska\/\" data-internallinksmanager029f6b8e52c=\"384\" title=\"Przeprowadzka na Alask\u0119? Koszty utrzymania i wskaz\u00f3wki dotycz\u0105ce relokacji w 2023 r.\">Alaska<\/a> Je\u015bli planujesz przeprowadzk\u0119 lub przeprowadzasz si\u0119 na Alask\u0119 z zagranicy, warto skorzysta\u0107 z us\u0142ug firmy przeprowadzkowej. <a href=\"https:\/\/moverdb.com\/pl\/moving-companies\/\" data-internallinksmanager029f6b8e52c=\"79\" title=\"25 najlepszych firm przeprowadzek mi\u0119dzynarodowych online\">Firmy przeprowadzkowe<\/a> mo\u017ce odci\u0105\u017cy\u0107 Ci\u0119, pakuj\u0105c, \u0142aduj\u0105c i transportuj\u0105c Twoje rzeczy. Poni\u017cej przedstawiamy list\u0119 firm z siedzib\u0105 na Alasce. <a href=\"https:\/\/moverdb.com\/pl\/international-removals\/\" data-internallinksmanager029f6b8e52c=\"27\" title=\"36 najlepszych firm zajmuj\u0105cych si\u0119 przeprowadzkami mi\u0119dzynarodowymi w Wielkiej Brytanii\">przedsi\u0119biorstwa przeprowadzkowe<\/a> kt\u00f3re s\u0105 cz\u0142onkami <a href=\"https:\/\/moverdb.com\/pl\/iam\/\" data-internallinksmanager029f6b8e52c=\"23\" title=\"Mi\u0119dzynarodowe Stowarzyszenie Przewo\u017anik\u00f3w (IAM) - obja\u015bnienia\">Mi\u0119dzynarodowe Stowarzyszenie Przewo\u017anik\u00f3w<\/a> (IAM) i\/lub <a href=\"https:\/\/moverdb.com\/pl\/fidi-faim\/\" data-internallinksmanager029f6b8e52c=\"16\" title=\"FIDI i FAIM (FIDI Accredited International Mover) - obja\u015bnienia\">FIDI<\/a> Accredited International Mover (FAIM), kt\u00f3ra mo\u017ce pom\u00f3c Ci w przeprowadzce.<\/p>\n<div id=\"ez-toc-container\" class=\"ez-toc-v2_0_82_2 ez-toc-wrap-left counter-hierarchy ez-toc-counter ez-toc-transparent ez-toc-container-direction\">\n<div class=\"ez-toc-title-container\">\n<p class=\"ez-toc-title\" style=\"cursor:inherit\">Sekcje<\/p>\n<span class=\"ez-toc-title-toggle\"><a href=\"#\" class=\"ez-toc-pull-right ez-toc-btn ez-toc-btn-xs ez-toc-btn-default ez-toc-toggle\" aria-label=\"Prze\u0142\u0105cznik Spisu Tre\u015bci\"><span class=\"ez-toc-js-icon-con\"><span class=\"\"><span class=\"eztoc-hide\" style=\"display:none;\">Toggle<\/span><span class=\"ez-toc-icon-toggle-span\"><svg style=\"fill: #999;color:#999\" xmlns=\"http:\/\/www.w3.org\/2000\/svg\" class=\"list-377408\" width=\"20px\" height=\"20px\" viewbox=\"0 0 24 24\" fill=\"none\"><path d=\"M6 6H4v2h2V6zm14 0H8v2h12V6zM4 11h2v2H4v-2zm16 0H8v2h12v-2zM4 16h2v2H4v-2zm16 0H8v2h12v-2z\" fill=\"currentColor\"><\/path><\/svg><svg style=\"fill: #999;color:#999\" class=\"arrow-unsorted-368013\" xmlns=\"http:\/\/www.w3.org\/2000\/svg\" width=\"10px\" height=\"10px\" viewbox=\"0 0 24 24\" version=\"1.2\" baseprofile=\"tiny\"><path d=\"M18.2 9.3l-6.2-6.3-6.2 6.3c-.2.2-.3.4-.3.7s.1.5.3.7c.2.2.4.3.7.3h11c.3 0 .5-.1.7-.3.2-.2.3-.5.3-.7s-.1-.5-.3-.7zM5.8 14.7l6.2 6.3 6.2-6.3c.2-.2.3-.5.3-.7s-.1-.5-.3-.7c-.2-.2-.4-.3-.7-.3h-11c-.3 0-.5.1-.7.3-.2.2-.3.5-.3.7s.1.5.3.7z\"\/><\/svg><\/span><\/span><\/span><\/a><\/span><\/div>\n<nav><ul class='ez-toc-list ez-toc-list-level-1 eztoc-toggle-hide-by-default' ><li class='ez-toc-page-1 ez-toc-heading-level-2'><a class=\"ez-toc-link ez-toc-heading-1\" href=\"https:\/\/moverdb.com\/pl\/moving-companies\/moving-companies-us-alaska\/#1_Alisons_Relocations\" >1. Alisons Relocations<\/a><\/li><li class='ez-toc-page-1 ez-toc-heading-level-2'><a class=\"ez-toc-link ez-toc-heading-2\" href=\"https:\/\/moverdb.com\/pl\/moving-companies\/moving-companies-us-alaska\/#2_Continental_Van_Lines\" >2. Continental Van Lines<\/a><\/li><li class='ez-toc-page-1 ez-toc-heading-level-2'><a class=\"ez-toc-link ez-toc-heading-3\" href=\"https:\/\/moverdb.com\/pl\/moving-companies\/moving-companies-us-alaska\/#3_Golden_North_Van_Lines\" >3. Golden North Van Lines<\/a><\/li><li class='ez-toc-page-1 ez-toc-heading-level-2'><a class=\"ez-toc-link ez-toc-heading-4\" href=\"https:\/\/moverdb.com\/pl\/moving-companies\/moving-companies-us-alaska\/#4_Royal_Alaskan_Movers\" >4. Royal Alaskan Movers<\/a><\/li><li class='ez-toc-page-1 ez-toc-heading-level-2'><a class=\"ez-toc-link ez-toc-heading-5\" href=\"https:\/\/moverdb.com\/pl\/moving-companies\/moving-companies-us-alaska\/#5_Sourdough_Express\" >5. Sourdough Express<\/a><\/li><\/ul><\/nav><\/div>\n<h2><span class=\"ez-toc-section\" id=\"1_Alisons_Relocations\"><\/span><strong>1. Alisons Relocations<\/strong><span class=\"ez-toc-section-end\"><\/span><\/h2>\n<p><img loading=\"lazy\" decoding=\"async\" class=\"alignnone size-full wp-image-11250\" src=\"https:\/\/moverdb.com\/wp-content\/uploads\/Alisons-Relocation-international-moving-company.png\" alt=\"Alisons Relocation mi\u0119dzynarodowa firma przeprowadzkowa\" width=\"1440\" height=\"678\" data-wp-pid=\"11250\" srcset=\"https:\/\/moverdb.com\/wp-content\/uploads\/Alisons-Relocation-international-moving-company.png 1440w, https:\/\/moverdb.com\/wp-content\/uploads\/Alisons-Relocation-international-moving-company-300x141.png 300w, https:\/\/moverdb.com\/wp-content\/uploads\/Alisons-Relocation-international-moving-company-1024x482.png 1024w, https:\/\/moverdb.com\/wp-content\/uploads\/Alisons-Relocation-international-moving-company-18x8.png 18w, https:\/\/moverdb.com\/wp-content\/uploads\/Alisons-Relocation-international-moving-company-600x283.png 600w\" sizes=\"auto, (max-width: 1440px) 100vw, 1440px\" \/><\/p>\n<ul>\n<li>Ruchy krajowe<\/li>\n<li>Przeprowadzki mi\u0119dzynarodowe<\/li>\n<li>Przeprowadzki mieszkaniowe<\/li>\n<li>Przeprowadzki biurowe i przemys\u0142owe<\/li>\n<li>Relokacja przedsi\u0119biorstwa<\/li>\n<li>Us\u0142uga \"od drzwi do drzwi\".<\/li>\n<li>Opcje pakowania<\/li>\n<li>Transport morski, lotniczy, samochodowy i kolejowy<\/li>\n<li>Maklerstwo celne<\/li>\n<li>Obiekty magazynowe<\/li>\n<\/ul>\n<p>Alison's Relocations to firma przeprowadzkowa i magazynowa za\u0142o\u017cona w 1998 roku w Anchorage. Jest cz\u0142onkiem IAM z 26-letnim do\u015bwiadczeniem, kt\u00f3re zapewnia im mi\u0119dzynarodow\u0105 sie\u0107 agent\u00f3w przeprowadzkowych.<\/p>\n<p>Alison's Relocations oferuje us\u0142ugi przeprowadzkowe od drzwi do drzwi z jednym punktem kontaktowym. Alison's Relocations oferuje wyb\u00f3r us\u0142ug pakowania, kt\u00f3re obejmuj\u0105 pe\u0142n\u0105 us\u0142ug\u0119, cz\u0119\u015bciowe pakowanie delikatnych przedmiot\u00f3w i mebli, samodzielne pakowanie oraz samodzielne pakowanie i za\u0142adunek. Us\u0142uga pakowania obejmuje wy\u015bcie\u0142anie i owijanie mebli oraz bezpieczne pakowanie wszystkich towar\u00f3w w pude\u0142ka. Firma przetransportuje Twoje rzeczy, \u015bledz\u0105c ich ruchy w systemie zarz\u0105dzania przeprowadzk\u0105 i zajmie si\u0119 odpraw\u0105 celn\u0105.<\/p>\n<p>Strona internetowa: <a href=\"https:\/\/alisonsrelo.com\/\" target=\"_blank\" rel=\"noopener\">https:\/\/alisonsrelo.com\/<\/a><\/p>\n<h2><span class=\"ez-toc-section\" id=\"2_Continental_Van_Lines\"><\/span><strong>2. Continental Van Lines<\/strong><span class=\"ez-toc-section-end\"><\/span><\/h2>\n<p><img loading=\"lazy\" decoding=\"async\" class=\"alignnone size-full wp-image-11295\" src=\"https:\/\/moverdb.com\/wp-content\/uploads\/Continental-Van-Lines-moving-company.png\" alt=\"Firma przeprowadzkowa Continental Van Lines\" width=\"1440\" height=\"680\" data-wp-pid=\"11295\" srcset=\"https:\/\/moverdb.com\/wp-content\/uploads\/Continental-Van-Lines-moving-company.png 1440w, https:\/\/moverdb.com\/wp-content\/uploads\/Continental-Van-Lines-moving-company-300x142.png 300w, https:\/\/moverdb.com\/wp-content\/uploads\/Continental-Van-Lines-moving-company-1024x484.png 1024w, https:\/\/moverdb.com\/wp-content\/uploads\/Continental-Van-Lines-moving-company-18x9.png 18w, https:\/\/moverdb.com\/wp-content\/uploads\/Continental-Van-Lines-moving-company-600x283.png 600w\" sizes=\"auto, (max-width: 1440px) 100vw, 1440px\" \/><\/p>\n<ul>\n<li>Ruchy krajowe<\/li>\n<li>Przeprowadzki mi\u0119dzynarodowe<\/li>\n<li>Przeprowadzki mieszkaniowe<\/li>\n<li>Ruchy biznesowe<\/li>\n<li>Us\u0142uga \"od drzwi do drzwi\".<\/li>\n<li>Wsparcie pakowania<\/li>\n<li>Organizacja transportu<\/li>\n<li>Pomoc w odprawie celnej<\/li>\n<li>Transport pojazd\u00f3w<\/li>\n<li>Obiekty magazynowe<\/li>\n<\/ul>\n<p>Continental Van Lines to za\u0142o\u017cona w 1952 roku firma przeprowadzkowa oferuj\u0105ca pe\u0142en zakres us\u0142ug, posiadaj\u0105ca oddzia\u0142y w Anchorage, Fife i Tacoma. Jest cz\u0142onkiem IAM z 77-letnim do\u015bwiadczeniem i posiada akredytacj\u0119 FIDI. Firma jest r\u00f3wnie\u017c cz\u0119\u015bci\u0105 sieci Van Lines, co daje jej mo\u017cliwo\u015b\u0107 wsp\u00f3\u0142pracy z mi\u0119dzynarodowymi sieciami agent\u00f3w przeprowadzkowych.<\/p>\n<p>Koordynatorzy ds. przeprowadzek w Continental Van Lines stworz\u0105 plan przeprowadzki dostosowany do Twoich potrzeb i bud\u017cetu, niezale\u017cnie od tego, czy jest to przeprowadzka typu \"zr\u00f3b to sam\", czy pe\u0142ne rozwi\u0105zanie typu \"white glove\". Firma oferuje kompleksowe us\u0142ugi pakowania i rozpakowywania, a tak\u017ce demonta\u017cu i ponownego monta\u017cu mebli oraz us\u0142ugi skrzyniowe.<\/p>\n<p>Strona internetowa: <a href=\"https:\/\/www.continentalvan.com\/international-mover\/\" target=\"_blank\" rel=\"noopener\">https:\/\/www.continentalvan.com\/international-mover\/<\/a><\/p>\n<h2><span class=\"ez-toc-section\" id=\"3_Golden_North_Van_Lines\"><\/span><strong>3. Golden North Van Lines<\/strong><span class=\"ez-toc-section-end\"><\/span><\/h2>\n<p><img loading=\"lazy\" decoding=\"async\" class=\"alignnone size-full wp-image-11329\" src=\"https:\/\/moverdb.com\/wp-content\/uploads\/Golden-North-Van-Lines-international-moving-company.png\" alt=\"Golden North Van Lines - mi\u0119dzynarodowa firma przeprowadzkowa\" width=\"1440\" height=\"681\" data-wp-pid=\"11329\" srcset=\"https:\/\/moverdb.com\/wp-content\/uploads\/Golden-North-Van-Lines-international-moving-company.png 1440w, https:\/\/moverdb.com\/wp-content\/uploads\/Golden-North-Van-Lines-international-moving-company-300x142.png 300w, https:\/\/moverdb.com\/wp-content\/uploads\/Golden-North-Van-Lines-international-moving-company-1024x484.png 1024w, https:\/\/moverdb.com\/wp-content\/uploads\/Golden-North-Van-Lines-international-moving-company-18x9.png 18w, https:\/\/moverdb.com\/wp-content\/uploads\/Golden-North-Van-Lines-international-moving-company-600x284.png 600w\" sizes=\"auto, (max-width: 1440px) 100vw, 1440px\" \/><\/p>\n<ul>\n<li>Ruchy krajowe<\/li>\n<li>Przeprowadzki mi\u0119dzynarodowe<\/li>\n<li>Przeprowadzki mieszkaniowe<\/li>\n<li>Przeprowadzki handlowe i biurowe<\/li>\n<li>Us\u0142ugi dostosowane do potrzeb<\/li>\n<li>Us\u0142uga pakowania<\/li>\n<li>Organizacja transportu<\/li>\n<li>Wsparcie celne<\/li>\n<li>Us\u0142ugi concierge<\/li>\n<li>Przechowywanie kr\u00f3tko i d\u0142ugoterminowe<\/li>\n<\/ul>\n<p>Golden North Van Lines to firma przeprowadzkowa za\u0142o\u017cona w 1976 roku z biurami w Anchorage i Fairbanks. Firma jest agentem Van Lines i ma dost\u0119p do mi\u0119dzynarodowej sieci firm przeprowadzkowych, kt\u00f3re pomagaj\u0105 jej w przeprowadzkach na ca\u0142ym \u015bwiecie. Firma jest cz\u0142onkiem IAM z 49-letnim do\u015bwiadczeniem.<\/p>\n<p>Golden North Van Lines oferuje dostosowane do potrzeb us\u0142ugi przeprowadzek i relokacji w kraju i za granic\u0105. Ich us\u0142ugi relokacyjne obejmuj\u0105 us\u0142ugi przeprowadzkowe w stylu concierge dla gospodarstw domowych i firm. Oferuj\u0105 us\u0142ug\u0119 pakowania w celu ochrony przedmiot\u00f3w podczas transportu i zorganizuj\u0105 bezpieczny transport rzeczy do miejsca docelowego.<\/p>\n<p>Strona internetowa: <a href=\"https:\/\/www.goldennorthvanlines.com\/\" target=\"_blank\" rel=\"noopener\">https:\/\/www.goldennorthvanlines.com\/<\/a><\/p>\n<h2><span class=\"ez-toc-section\" id=\"4_Royal_Alaskan_Movers\"><\/span><strong>4. Royal Alaskan Movers<\/strong><span class=\"ez-toc-section-end\"><\/span><\/h2>\n<p><img loading=\"lazy\" decoding=\"async\" class=\"alignnone size-full wp-image-11428\" src=\"https:\/\/moverdb.com\/wp-content\/uploads\/Royal-Alaskan-Movers-international-moving-company.png\" alt=\"Royal Alaskan Movers mi\u0119dzynarodowa firma przeprowadzkowa\" width=\"1440\" height=\"680\" data-wp-pid=\"11428\" srcset=\"https:\/\/moverdb.com\/wp-content\/uploads\/Royal-Alaskan-Movers-international-moving-company.png 1440w, https:\/\/moverdb.com\/wp-content\/uploads\/Royal-Alaskan-Movers-international-moving-company-300x142.png 300w, https:\/\/moverdb.com\/wp-content\/uploads\/Royal-Alaskan-Movers-international-moving-company-1024x484.png 1024w, https:\/\/moverdb.com\/wp-content\/uploads\/Royal-Alaskan-Movers-international-moving-company-18x9.png 18w, https:\/\/moverdb.com\/wp-content\/uploads\/Royal-Alaskan-Movers-international-moving-company-600x283.png 600w\" sizes=\"auto, (max-width: 1440px) 100vw, 1440px\" \/><\/p>\n<ul>\n<li>Relokacje lokalne i krajowe<\/li>\n<li>Przeniesienia mi\u0119dzynarodowe<\/li>\n<li>Przemieszczenia gospodarstw domowych<\/li>\n<li>Przeniesienia dzia\u0142alno\u015bci gospodarczej<\/li>\n<li>Zindywidualizowana obs\u0142uga<\/li>\n<li>Plan przeprowadzki<\/li>\n<li>Us\u0142uga pakowania<\/li>\n<li>Transport l\u0105dowy, morski i lotniczy<\/li>\n<li>Transport pojazd\u00f3w<\/li>\n<li>Obiekty magazynowe<\/li>\n<\/ul>\n<p>Royal Alaskan Movers to firma przeprowadzkowa za\u0142o\u017cona w 2010 roku z siedzib\u0105 w Anchorage. Jest cz\u0119\u015bci\u0105 The DeWitt Companies, co zapewnia jej globalne do\u015bwiadczenie i wsparcie w zakresie przeprowadzek. Firma jest cz\u0142onkiem IAM z 13-letnim do\u015bwiadczeniem.<\/p>\n<p>Royal Alaskan Movers oferuje spersonalizowan\u0105 us\u0142ug\u0119 przeprowadzki z wirtualn\u0105 ankiet\u0105, aby oceni\u0107 wymagania dotycz\u0105ce przeprowadzki i poda\u0107 wycen\u0119. Poszukaj\u0105 najbardziej wydajnej i przyst\u0119pnej cenowo opcji przeprowadzki i przechowywania, aby spe\u0142ni\u0107 Twoje potrzeby. Firma zapewnia kompleksowe pakowanie, pakuje meble i rozpakowuje je po przyje\u017adzie. Zapewniaj\u0105 inwentaryzacj\u0119 i zorganizuj\u0105 transport do miejsca docelowego.<\/p>\n<p>Strona internetowa: <a href=\"https:\/\/www.royalalaskanmovers.com\/\" target=\"_blank\" rel=\"noopener\">https:\/\/www.royalalaskanmovers.com\/<\/a><\/p>\n<h2><span class=\"ez-toc-section\" id=\"5_Sourdough_Express\"><\/span><strong>5. Sourdough Express<\/strong><span class=\"ez-toc-section-end\"><\/span><\/h2>\n<p><img loading=\"lazy\" decoding=\"async\" class=\"alignnone size-full wp-image-11447\" src=\"https:\/\/moverdb.com\/wp-content\/uploads\/Sordough-Express-international-moving-company.png\" alt=\"Mi\u0119dzynarodowa firma przeprowadzkowa Sourdough Express\" width=\"1440\" height=\"680\" data-wp-pid=\"11447\" srcset=\"https:\/\/moverdb.com\/wp-content\/uploads\/Sordough-Express-international-moving-company.png 1440w, https:\/\/moverdb.com\/wp-content\/uploads\/Sordough-Express-international-moving-company-300x142.png 300w, https:\/\/moverdb.com\/wp-content\/uploads\/Sordough-Express-international-moving-company-1024x484.png 1024w, https:\/\/moverdb.com\/wp-content\/uploads\/Sordough-Express-international-moving-company-18x9.png 18w, https:\/\/moverdb.com\/wp-content\/uploads\/Sordough-Express-international-moving-company-600x283.png 600w\" sizes=\"auto, (max-width: 1440px) 100vw, 1440px\" \/><\/p>\n<ul>\n<li>Przeprowadzki lokalne i mi\u0119dzystanowe<\/li>\n<li>Przeprowadzki mi\u0119dzynarodowe<\/li>\n<li>Przeprowadzki mieszkaniowe<\/li>\n<li>Przeprowadzki firm i biur<\/li>\n<li>Relokacje pracownik\u00f3w<\/li>\n<li>Badanie przed przeprowadzk\u0105<\/li>\n<li>Niestandardowy plan przeprowadzki<\/li>\n<li>Us\u0142uga pakowania<\/li>\n<li>Ustalenia dotycz\u0105ce transportu9<\/li>\n<li>Obiekty magazynowe<\/li>\n<\/ul>\n<p>Sourdough Express to kompleksowa firma przeprowadzkowa i magazynowa z siedzib\u0105 w Anchorage i Fairbanks, kt\u00f3ra zosta\u0142a za\u0142o\u017cona w 1898 roku. Jest cz\u0142onkiem IAM z 125-letnim do\u015bwiadczeniem, co daje jej dost\u0119p do \u015bwiatowej sieci firm przeprowadzkowych, kt\u00f3re mog\u0105 jej pom\u00f3c.<\/p>\n<p>Sourdough Express przeprowadzi ankiet\u0119 przed przeprowadzk\u0105, aby ustali\u0107 wymagania dotycz\u0105ce przeprowadzki, a nast\u0119pnie stworzy niestandardowy plan przeprowadzki i pakowania na ka\u017cdym etapie relokacji. Sourdough Express zapewnia us\u0142ug\u0119 pakowania z wykorzystaniem profesjonalnych pakowaczy, kt\u00f3rzy s\u0105 przeszkoleni w zakresie ochrony przewo\u017conych rzeczy. W przypadku przeprowadzek biurowych zapewniony zostanie konsultant ds. przeprowadzek, kt\u00f3ry pomo\u017ce zminimalizowa\u0107 przestoje w pracy.<\/p>\n<p>Strona internetowa: <a href=\"https:\/\/sourdoughexpress.com\/\" target=\"_blank\" rel=\"noopener\">https:\/\/sourdoughexpress.com\/<\/a><\/p>","protected":false},"excerpt":{"rendered":"<p>If you currently live in Alaska and are planning a move or are moving to Alaska from abroad, you might want to engage the services of a moving company to assist you. Moving companies can lighten the load and pressure on you by packing, loading and transporting your belongings. Below we have compiled a list [&hellip;]<\/p>\n","protected":false},"author":4,"featured_media":11250,"parent":190,"menu_order":0,"comment_status":"closed","ping_status":"closed","template":"","meta":{"_genesis_hide_title":false,"_genesis_hide_breadcrumbs":false,"_genesis_hide_singular_image":false,"_genesis_hide_footer_widgets":false,"_genesis_custom_body_class":"","_genesis_custom_post_class":"","_genesis_layout":"","footnotes":""},"class_list":{"0":"post-11546","1":"page","2":"type-page","3":"status-publish","4":"has-post-thumbnail","6":"entry"},"_links":{"self":[{"href":"https:\/\/moverdb.com\/pl\/wp-json\/wp\/v2\/pages\/11546","targetHints":{"allow":["GET"]}}],"collection":[{"href":"https:\/\/moverdb.com\/pl\/wp-json\/wp\/v2\/pages"}],"about":[{"href":"https:\/\/moverdb.com\/pl\/wp-json\/wp\/v2\/types\/page"}],"author":[{"embeddable":true,"href":"https:\/\/moverdb.com\/pl\/wp-json\/wp\/v2\/users\/4"}],"replies":[{"embeddable":true,"href":"https:\/\/moverdb.com\/pl\/wp-json\/wp\/v2\/comments?post=11546"}],"version-history":[{"count":1,"href":"https:\/\/moverdb.com\/pl\/wp-json\/wp\/v2\/pages\/11546\/revisions"}],"predecessor-version":[{"id":11547,"href":"https:\/\/moverdb.com\/pl\/wp-json\/wp\/v2\/pages\/11546\/revisions\/11547"}],"up":[{"embeddable":true,"href":"https:\/\/moverdb.com\/pl\/wp-json\/wp\/v2\/pages\/190"}],"wp:featuredmedia":[{"embeddable":true,"href":"https:\/\/moverdb.com\/pl\/wp-json\/wp\/v2\/media\/11250"}],"wp:attachment":[{"href":"https:\/\/moverdb.com\/pl\/wp-json\/wp\/v2\/media?parent=11546"}],"curies":[{"name":"wp","href":"https:\/\/api.w.org\/{rel}","templated":true}]}}