{"id":1076,"date":"2016-08-05T14:53:04","date_gmt":"2016-08-05T14:53:04","guid":{"rendered":"http:\/\/moverdb.com\/?page_id=1076"},"modified":"2026-01-08T15:30:39","modified_gmt":"2026-01-08T15:30:39","slug":"wheaton","status":"publish","type":"page","link":"https:\/\/moverdb.com\/pl\/wheaton\/","title":{"rendered":"Wheaton World Wide Moving: Us\u0142ugi mi\u0119dzynarodowe i recenzje"},"content":{"rendered":"<p>Wheaton World Wide Moving (dawniej Wheaton Van Lines) oferuje swoim klientom szeroki zakres us\u0142ug, od przeprowadzek mi\u0119dzynarodowych po przeprowadzki lokalne. Poni\u017cej znajduje si\u0119 lista tych us\u0142ug, wraz z profilem firmy i opiniami.<\/p>\n<p><strong>Przeprowadzki mi\u0119dzynarodowe i pomoc w relokacji<\/strong><\/p>\n<ul>\n<li> Przemieszczanie si\u0119 od drzwi do drzwi<\/li>\n<li> Pakowanie - zr\u00f3b to sam, delikatne przedmioty lub pe\u0142na obs\u0142uga pakowania<\/li>\n<li> Demonta\u017c i ponowny monta\u017c mebli<\/li>\n<li> Przenoszenie zwierz\u0105t domowych<\/li>\n<li> <a href=\"https:\/\/moverdb.com\/pl\/samochod-transport-wysylka\/\">Spedycja i relokacja pojazd\u00f3w<\/a><\/li>\n<li> Us\u0142ugi imigracyjne<\/li>\n<li> Szkolenie mi\u0119dzykulturowe<\/li>\n<li> Szkolenia j\u0119zykowe<\/li>\n<li> Us\u0142ugi sprzeda\u017cy dom\u00f3w<\/li>\n<li> Zarz\u0105dzanie nieruchomo\u015bciami<\/li>\n<li> Podgl\u0105d us\u0142ug zwi\u0105zanych z wycieczkami<\/li>\n<li> Pomoc w znalezieniu domu<\/li>\n<li> Poszukiwanie szko\u0142y<\/li>\n<li> Orientacja po przyje\u017adzie<\/li>\n<li> Wsparcie kariery zawodowej partner\u00f3w<\/li>\n<li> Us\u0142ugi r\u0119kodzielnicze i pomoc domowa<\/li>\n<li> Wynajem mebli<\/li>\n<li> Wsparcie w trakcie realizacji zadania<\/li>\n<\/ul>\n<p><strong>Przeprowadzki firm<\/strong><\/p>\n<ul>\n<li> Partnerzy firmy Wheaton, Crown Relocation, pomagaj\u0105 w przeprowadzkach<\/li>\n<\/ul>\n<p><strong>Dzia\u0142ania rz\u0105du i wojska<\/strong><\/p>\n<p><strong>Przeprowadzki gospodarstw domowych<\/strong><\/p>\n<ul>\n<li> Sie\u0107 350 agent\u00f3w w <a href=\"https:\/\/moverdb.com\/pl\/moving-to-the-united-states\/\" data-internallinksmanager029f6b8e52c=\"94\" title=\"Przeprowadzasz si\u0119 do Stan\u00f3w Zjednoczonych? 2026 Koszty \u017cycia i wskaz\u00f3wki dotycz\u0105ce przeprowadzki\">Stany Zjednoczone<\/a><\/li>\n<li> Pakowanie i rozpakowywanie<\/li>\n<li> Specjalne opakowanie dla wra\u017cliwych urz\u0105dze\u0144 elektronicznych<\/li>\n<li> Transport<\/li>\n<li> W razie potrzeby przechowywanie<\/li>\n<\/ul>\n<p><strong>Przeprowadzki specjalistyczne i komercyjne<\/strong><\/p>\n<ul>\n<li> Biurowe i przemys\u0142owe<\/li>\n<li> Hospitality<\/li>\n<li> Towar specjalny<\/li>\n<li> Przeprowadzki handlowe<\/li>\n<\/ul>\n<p><strong>Przechowywanie<\/strong><\/p>\n<ul>\n<li> D\u0142ugoterminowe<\/li>\n<li> Kr\u00f3tki termin<\/li>\n<li> 207 najnowocze\u015bniejszych magazyn\u00f3w w 58 krajach<\/li>\n<\/ul>\n<h2>Profil firmy Wheaton Worldwide Moving<\/h2>\n<p>Firma Wheaton Van Lines zosta\u0142a za\u0142o\u017cona w 1945 roku przez Earnesta S. Wheatona i pocz\u0105tkowo nosi\u0142a nazw\u0119 Clipper Van Lines. Pocz\u0105tkowo firma obs\u0142ugiwa\u0142a 22 stany we wschodniej cz\u0119\u015bci USA, ale w latach 50-tych ekspansja oznacza\u0142a nie tylko obj\u0119cie ca\u0142ego kraju, ale tak\u017ce rozpocz\u0119cie przeprowadzek mi\u0119dzynarodowych.<\/p>\n<p>W latach 80-tych Wheaton Van Lines zmieni\u0142 nazw\u0119 na Wheaton Worldwide Moving. Siedziba firmy znajduje si\u0119 w Indianapolis, IN. Wheaton d\u0105\u017cy do utrzymania swoich standard\u00f3w na wyj\u0105tkowo wysokim poziomie i w tym celu \u015bledzi i analizuje dane. Bardzo powa\u017cnie podchodzi r\u00f3wnie\u017c do opinii klient\u00f3w i od 25 lat zbiera ich opinie, aby pozosta\u0107 na szczycie swojej gry.<\/p>\n<p>Wheaton Worldwide Moving udziela si\u0119 na rzecz spo\u0142eczno\u015bci poprzez r\u00f3\u017cne akcje charytatywne. Jest to r\u00f3wnie\u017c firma, kt\u00f3ra nieustannie d\u0105\u017cy do zmniejszenia swojego \u015bladu w\u0119glowego.<\/p>\n<p>Wheaton Worldwide Moving posiada nast\u0119puj\u0105ce akredytacje i przynale\u017cno\u015bci:<\/p>\n<ul>\n<li> <a href=\"https:\/\/moverdb.com\/pl\/amsa\/\">Ameryka\u0144skie Stowarzyszenie Przeprowadzek i Magazynowania<\/a> (<a href=\"https:\/\/moverdb.com\/pl\/amsa\/\" data-internallinksmanager029f6b8e52c=\"5\" title=\"Ameryka\u0144skie Stowarzyszenie Przeprowadzek i Magazynowania (AMSA) - obja\u015bnienia\">AMSA<\/a>) - <a href=\"https:\/\/moverdb.com\/pl\/obrecz-promocja\/\">ProMover<\/a><\/li>\n<li> Krajowe Stowarzyszenie Mened\u017cer\u00f3w ds. Przeprowadzek Senior\u00f3w (NASMM)<\/li>\n<li> Better Business Bureau (BBB) Akredytowana firma A+<\/li>\n<\/ul>\n<h2>Wheaton Worldwide Moving Reviews<\/h2>\n<p><strong>Pozytywne:<\/strong><\/p>\n<ul>\n<li> \"<em>Dobra firma. Dobra warto\u015b\u0107. Skorzysta\u0142bym ponownie.\"<\/em> - David X via <a href=\"http:\/\/www.yelp.com\/biz\/wheaton-world-wide-moving-indianapolis-5?hrid=i8pH5fVrzdWhgdFkPaCnlQ&#038;utm_campaign=www_review_share_popup&#038;utm_medium=copy_link&#038;utm_source=(direct)\" target=\"_blank\" rel=\"noopener\">Yelp<\/a><\/li>\n<li> \"<em>Pracownicy Wheaton w <a href=\"https:\/\/moverdb.com\/pl\/przeprowadzka-do-houston\/\">Houston<\/a> stali si\u0119 moimi anio\u0142ami w bardzo trudnym okresie mojego \u017cycia\".<\/em> - Bonnie M via <a href=\"http:\/\/www.bbb.org\/indy\/business-reviews\/movers\/wheaton-world-wide-moving-in-indianapolis-in-22485\/customer-reviews\" target=\"_blank\" rel=\"noopener\">BBB<\/a> <\/li>\n<li> \"<em>Od pocz\u0105tku do ko\u0144ca byli najlepsi\".<\/em> - Judith via <a href=\"http:\/\/www.mymovingreviews.com\/movers\/wheaton-van-lines-255#54528\" target=\"_blank\" rel=\"noopener\">MyMovingReviews.com<\/a><\/li>\n<li> \"<em>Ju\u017c wcze\u015bniej korzystali\u015bmy z us\u0142ug Wheaton Movings i mieli\u015bmy bardzo udan\u0105 przeprowadzk\u0119, wi\u0119c kiedy nadszed\u0142 czas na kolejn\u0105, wiedzieli\u015bmy, do kogo zadzwoni\u0107.\"<\/em> - Freddy Lancaster via <a href=\"http:\/\/reviewamover.com\/review\/Moving-Companies-Reviews\/WHEATON-WORLD-WIDE-53.php?PHPSESSID=a21a9bd572e803d73fcb5f1f02487590\" target=\"_blank\" rel=\"noopener\">Review-A-Mover<\/a> <\/li>\n<\/ul>\n<p><strong>Negatywny:<\/strong><\/p>\n<ul>\n<li> <em>\"Wheaton zn\u00f3w odmawia przyj\u0119cia odpowiedzialno\u015bci za zniszczone przedmioty. Rzucaj\u0105 jedn\u0105 wym\u00f3wk\u0119 za drug\u0105, a ka\u017cda kolejna ma mniej sensu ni\u017c poprzednia\".<\/em> - Amy T przez <a href=\"http:\/\/www.yelp.com\/biz\/wheaton-world-wide-moving-indianapolis-5?hrid=vRowN7GuFHy3k0yM5ijpgA&#038;utm_campaign=www_review_share_popup&#038;utm_medium=copy_link&#038;utm_source=(direct)\" target=\"_blank\" rel=\"noopener\">Yelp<\/a> <\/li>\n<li> \"<em>Od pocz\u0105tku do ko\u0144ca ta firma by\u0142a najgorsza <a href=\"https:\/\/moverdb.com\/pl\/moving-companies\/\" data-internallinksmanager029f6b8e52c=\"79\" title=\"25 najlepszych firm przeprowadzek mi\u0119dzynarodowych online\">przedsi\u0119biorstwo przeprowadzkowe<\/a> a mieli\u015bmy do czynienia z ponad 6 profesjonalnymi przeprowadzkami w naszym ma\u0142\u017ce\u0144stwie\".<\/em> - Nikki F via <a href=\"http:\/\/www.bbb.org\/indy\/business-reviews\/movers\/wheaton-world-wide-moving-in-indianapolis-in-22485\/customer-reviews\" target=\"_blank\" rel=\"noopener\">BBB<\/a><\/li>\n<li> \"<em>Powiedziano nam, \u017ce ze wzgl\u0119du na wielko\u015b\u0107 naszego gospodarstwa domowego potrzebna jest ca\u0142a przyczepa i za to w\u0142a\u015bnie im zap\u0142acono. Zamiast tego wcisn\u0119li drugi \u0142adunek do naszego, co spowodowa\u0142o, \u017ce przedmioty zosta\u0142y porzucone, a pojemniki i urz\u0105dzenia zosta\u0142y zgniecione, uszkodzone, zagubione i zniszczone...\"<\/em> - Antoni przez <a href=\"http:\/\/www.mymovingreviews.com\/movers\/wheaton-van-lines-255#51475\" target=\"_blank\" rel=\"noopener\">MyMovingReviews.com<\/a> <\/li>\n<li> <em>\"B\u0105d\u017a ostro\u017cny, uciekaj, zanim zatrudnisz t\u0119 firm\u0119\".<\/em> - David Gutierrez via <a href=\"http:\/\/reviewamover.com\/review\/reviewer\/davidrafael770.php?PHPSESSID=e2ea8ab20529fed2960f446a83923af0\" target=\"_blank\" rel=\"noopener\">Review-A-Mover<\/a> <\/li>\n<\/ul>\n<div itemprop=\"review\" itemscope itemtype=\"http:\/\/schema.org\/Review\">\n<span itemprop=\"author\" itemscope=\"\" itemtype=\"http:\/\/schema.org\/Organization\"><span itemprop=\"name\">MoverDB.com<\/span><\/span> Przegl\u0105d stron internetowych dla <span itemprop=\"itemreviewed\" itemscope=\"\" itemtype=\"http:\/\/schema.org\/Brand\"><span itemprop=\"name\">Wheaton Worldwide Moving<\/span><\/span>:<\/p>\n<ol>\n<li> Przejrzyste dane kontaktowe na stronie internetowej (w tym numer telefonu): <strong>Tak<\/strong><\/li>\n<li> \u0141atwe do uzyskania <a href=\"https:\/\/moverdb.com\/pl\/cytaty\/\">oferty na przeprowadzki mi\u0119dzynarodowe<\/a>? (formularz wniosku o wycen\u0119 online): <strong>Tak<\/strong><\/li>\n<li> Przejrzyste informacje na stronie internetowej: <strong>Tak,<\/strong> na stronie znajduje si\u0119 wiele przewodnik\u00f3w i zasob\u00f3w.<\/li>\n<li> Cz\u0142onkostwo w uznanych mi\u0119dzynarodowych organizacjach zajmuj\u0105cych si\u0119 przemieszczaniem: <strong>Tak<\/strong>, patrz wy\u017cej<\/li>\n<li> Lista klient\u00f3w i\/lub referencje poprzednich klient\u00f3w. <strong>Tak,<\/strong> Opinie i referencje klient\u00f3w s\u0105 bardzo wa\u017cne dla firmy.<\/li>\n<\/ol>\n<div itemprop=\"reviewRating\" itemscope itemtype=\"http:\/\/schema.org\/Rating\"><meta itemprop=\"worstRating\" content = \"0\" \/><meta itemprop=\"bestRating\" content=\"5\" \/><meta itemprop=\"ratingValue\" content=\"5\"><\/div>\n<p><strong>Og\u00f3lna ocena: 5\/5<\/strong><br \/>\n<strong>Data przegl\u0105du:<\/strong> <span itemprop=\"datePublished\" content=\"2016-08-05\">05\/08\/2016<\/span>\n<\/div>\n<p>Czytaj wi\u0119cej o <a href=\"https:\/\/moverdb.com\/pl\/firmy-przeprowadzkowe\/\">firmy zajmuj\u0105ce si\u0119 przeprowadzkami mi\u0119dzynarodowymi<\/a>, <a href=\"https:\/\/moverdb.com\/pl\/usa-kanada-movers\/\">Firmy przeprowadzkowe z USA i Kanady<\/a> i nasze <a href=\"https:\/\/moverdb.com\/pl\/recenzje\/\">proces przegl\u0105du<\/a>.<\/p>\n<p><strong>Strona internetowa:<\/strong> <a href=\"https:\/\/www.wheatonworldwide.com\/\" target=\"_blank\" rel=\"noopener\">https:\/\/www.wheatonworldwide.com<\/a><\/p>","protected":false},"excerpt":{"rendered":"<p>Wheaton World Wide Moving (formerly Wheaton Van Lines) offers its clients a range of services from international moves to local moves. These are listed below, together with a company profile and reviews. International Moves and Relocation Assistance Door to door moving Packing &#8211; do it yourself, fragile items or full service packing Disassembling and reassembling [&hellip;]<\/p>\n","protected":false},"author":1,"featured_media":0,"parent":0,"menu_order":0,"comment_status":"closed","ping_status":"closed","template":"","meta":{"_genesis_hide_title":false,"_genesis_hide_breadcrumbs":false,"_genesis_hide_singular_image":false,"_genesis_hide_footer_widgets":false,"_genesis_custom_body_class":"","_genesis_custom_post_class":"","_genesis_layout":"","footnotes":""},"class_list":{"0":"post-1076","1":"page","2":"type-page","3":"status-publish","5":"entry"},"_links":{"self":[{"href":"https:\/\/moverdb.com\/pl\/wp-json\/wp\/v2\/pages\/1076","targetHints":{"allow":["GET"]}}],"collection":[{"href":"https:\/\/moverdb.com\/pl\/wp-json\/wp\/v2\/pages"}],"about":[{"href":"https:\/\/moverdb.com\/pl\/wp-json\/wp\/v2\/types\/page"}],"author":[{"embeddable":true,"href":"https:\/\/moverdb.com\/pl\/wp-json\/wp\/v2\/users\/1"}],"replies":[{"embeddable":true,"href":"https:\/\/moverdb.com\/pl\/wp-json\/wp\/v2\/comments?post=1076"}],"version-history":[{"count":7,"href":"https:\/\/moverdb.com\/pl\/wp-json\/wp\/v2\/pages\/1076\/revisions"}],"predecessor-version":[{"id":6251,"href":"https:\/\/moverdb.com\/pl\/wp-json\/wp\/v2\/pages\/1076\/revisions\/6251"}],"wp:attachment":[{"href":"https:\/\/moverdb.com\/pl\/wp-json\/wp\/v2\/media?parent=1076"}],"curies":[{"name":"wp","href":"https:\/\/api.w.org\/{rel}","templated":true}]}}