{"id":1065,"date":"2016-08-09T14:39:24","date_gmt":"2016-08-09T14:39:24","guid":{"rendered":"http:\/\/moverdb.com\/?page_id=1065"},"modified":"2026-01-08T14:47:45","modified_gmt":"2026-01-08T14:47:45","slug":"bekins-van-lines","status":"publish","type":"page","link":"https:\/\/moverdb.com\/pl\/bekins-van-lines\/","title":{"rendered":"Bekins Van Lines: Us\u0142ugi przeprowadzek mi\u0119dzynarodowych i opinie"},"content":{"rendered":"<p>Firma Bekins Van Lines ma siedzib\u0119 w Indianapolis IN. Oferuj\u0105 swoim klientom szereg us\u0142ug, kt\u00f3re zosta\u0142y wymienione poni\u017cej, wraz z profilem firmy i opiniami.<\/p>\n<p><strong>Przeprowadzki mi\u0119dzynarodowe<\/strong><\/p>\n<ul>\n<li> Indywidualna obs\u0142uga z firm\u0105 Crown Relocations<\/li>\n<li> Us\u0142uga \"od drzwi do drzwi\".<\/li>\n<li> Pakowanie - zr\u00f3b to sam, wybrane przedmioty lub pe\u0142na us\u0142uga<\/li>\n<li> Przechowywanie - kr\u00f3tko- i d\u0142ugoterminowe<\/li>\n<li> Przenoszenie zwierz\u0105t domowych<\/li>\n<li> Us\u0142ugi imigracyjne<\/li>\n<li> Szkolenie mi\u0119dzykulturowe<\/li>\n<li> Szkolenia j\u0119zykowe<\/li>\n<li> Us\u0142ugi zwi\u0105zane ze sprzeda\u017c\u0105 dom\u00f3w<\/li>\n<li> Zarz\u0105dzanie nieruchomo\u015bciami<\/li>\n<li> Podgl\u0105d us\u0142ug zwi\u0105zanych z wycieczkami<\/li>\n<li> Pomoc w znalezieniu domu<\/li>\n<li> Poszukiwanie szko\u0142y<\/li>\n<li> Orientacja po przyje\u017adzie<\/li>\n<li> Wsparcie kariery zawodowej partner\u00f3w<\/li>\n<li> Us\u0142ugi r\u0119kodzielnicze i pomoc domowa<\/li>\n<li> Wynajem mebli<\/li>\n<li> Wsparcie w trakcie realizacji zadania<\/li>\n<\/ul>\n<p><strong>Pakowanie i przechowywanie<\/strong><\/p>\n<ul>\n<li> Przechowywanie d\u0142ugo- i kr\u00f3tkoterminowe<\/li>\n<li> Bezpieczne obiekty<\/li>\n<li> Dost\u0119p z 24-godzinnym wyprzedzeniem<\/li>\n<li> Zr\u00f3b to sam, wybrane przedmioty lub pe\u0142na us\u0142uga pakowania<\/li>\n<li> Dostarczane kartony i pude\u0142ka<\/li>\n<li> Do\u0142\u0105czona folia ochronna<\/li>\n<li> Ta\u015bma, etykiety i markery<\/li>\n<\/ul>\n<p><strong>Us\u0142ugi w zakresie przeprowadzek rz\u0105dowych i wojskowych<\/strong><\/p>\n<ul>\n<li> Dostawca us\u0142ug transportowych GSA<\/li>\n<li> Zakwalifikowani do programu CHAMP i wspieraj\u0105cy go<\/li>\n<li> Od drzwi do drzwi<\/li>\n<\/ul>\n<p><strong>Relokacja pracownik\u00f3w<\/strong><\/p>\n<ul>\n<li> Dedykowany kierownik przeprowadzki<\/li>\n<li> Od drzwi do drzwi<\/li>\n<\/ul>\n<p><strong>Przeprowadzki mieszkaniowe<\/strong><\/p>\n<ul>\n<li> Od drzwi do drzwi<\/li>\n<li> W domu <a href=\"https:\/\/moverdb.com\/pl\/quotes\/\" data-internallinksmanager029f6b8e52c=\"26\" title=\"Cytaty z przeprowadzek mi\u0119dzynarodowych: 12 pyta\u0144, kt\u00f3re nale\u017cy zada\u0107 swojemu przewo\u017anikowi\">zapytanie o przeprowadzk\u0119<\/a><\/li>\n<li> Pe\u0142na obs\u0142uga w zakresie pakowania, za\u0142adunku i roz\u0142adunku<\/li>\n<li> Pakowanie - zr\u00f3b to sam, delikatne przedmioty lub pe\u0142na obs\u0142uga<\/li>\n<li> Dostarczone materia\u0142y opakowaniowe<\/li>\n<li> Mo\u017cliwo\u015b\u0107 przechowywania<\/li>\n<li> Demonta\u017c i ponowny monta\u017c mebli<\/li>\n<li> Przenoszenie mebli, wyposa\u017cenia i sprz\u0119tu<\/li>\n<li> Przenoszenie pianin, <a href=\"https:\/\/moverdb.com\/pl\/samochod-transport-wysylka\/\">pojazdy<\/a>, \u0142odzie i inne<\/li>\n<li> Ochrona przed przemieszczaniem si\u0119<\/li>\n<\/ul>\n<p><strong>Specjalistyczne us\u0142ugi przeprowadzkowe<\/strong><\/p>\n<ul>\n<li> Transport sprz\u0119tu medycznego<\/li>\n<li> Transport maszyn ci\u0119\u017ckich<\/li>\n<li> Transport FFE<\/li>\n<li> Sprz\u0119t biurowy<\/li>\n<li> Komputery i sprz\u0119t informatyczny<\/li>\n<li> Unikalne meble<\/li>\n<li> Przenoszenie urz\u0105dze\u0144<\/li>\n<li> Wyposa\u017cenie sklep\u00f3w<\/li>\n<li> Us\u0142ugi w zakresie przeprowadzek w hotelarstwie<\/li>\n<\/ul>\n<h2>Profil firmy Bekins Van Lines<\/h2>\n<p>Firma Bekins Van Lines zosta\u0142a za\u0142o\u017cona 125 lat temu przez Johna i Martina Bekins\u00f3w w Sioux City, <a href=\"https:\/\/moverdb.com\/pl\/moving-to-the-united-states\/moving-to-iowa\/\" data-internallinksmanager029f6b8e52c=\"463\" title=\"Przeprowadzka do Iowa? Koszty utrzymania i wskaz\u00f3wki dotycz\u0105ce relokacji w 2024 r.\">Iowa<\/a>. Firma posiada\u0142a 3 pojazdy konne i zatrudnia\u0142a 12 pracownik\u00f3w. Obecnie jest czwart\u0105 co do wielko\u015bci lini\u0105 transportow\u0105 w Europie. <a href=\"https:\/\/moverdb.com\/pl\/moving-to-the-united-states\/\" data-internallinksmanager029f6b8e52c=\"94\" title=\"Przeprowadzasz si\u0119 do Stan\u00f3w Zjednoczonych? 2026 Koszty \u017cycia i wskaz\u00f3wki dotycz\u0105ce przeprowadzki\">Stany Zjednoczone<\/a> i obs\u0142uguje ponad 95% kraju. Bekins Van Lines specjalizuje si\u0119 w <a href=\"https:\/\/moverdb.com\/pl\/przeladunek-w-kontenerach\/\" target=\"_blank\" rel=\"noopener\">wysy\u0142ka mi\u0119dzynarodowa<\/a>, przeprowadzki i przenoszenie przedmiot\u00f3w o du\u017cej warto\u015bci.<\/p>\n<p>Firma Bekins Van Lines jest obecnie w\u0142asno\u015bci\u0105 <a href=\"https:\/\/moverdb.com\/pl\/wheaton\/\" target=\"_blank\" rel=\"noopener\">Linie Van Lines Wheaton<\/a>. Nadal oferuje przeprowadzki domowe, przeprowadzki firm, przeprowadzki mi\u0119dzynarodowe i przeprowadzki wojskowe. <\/p>\n<p>Firma Bekins, wraz z Wheaton Van Lines, nawi\u0105za\u0142a wsp\u00f3\u0142prac\u0119 z Crown Relocations, aby pomaga\u0107 klientom w przeprowadzkach mi\u0119dzynarodowych. Firma Bekins ma 350 agent\u00f3w, dzi\u0119ki kt\u00f3rym mo\u017ce \u015bwiadczy\u0107 pe\u0142en zakres us\u0142ug. <a href=\"https:\/\/moverdb.com\/pl\/moving-companies\/\" data-internallinksmanager029f6b8e52c=\"79\" title=\"25 najlepszych firm przeprowadzek mi\u0119dzynarodowych online\">przedsi\u0119biorstwo przeprowadzkowe<\/a>.<\/p>\n<p>Przynale\u017cno\u015b\u0107 i akredytacje Bekins Van Lines:<\/p>\n<ul>\n<li> <a href=\"https:\/\/moverdb.com\/pl\/amsa\/\" target=\"_blank\" rel=\"noopener\">Ameryka\u0144skie Stowarzyszenie Przeprowadzek i Magazynowania<\/a> (<a href=\"https:\/\/moverdb.com\/pl\/amsa\/\" data-internallinksmanager029f6b8e52c=\"5\" title=\"Ameryka\u0144skie Stowarzyszenie Przeprowadzek i Magazynowania (AMSA) - obja\u015bnienia\">AMSA<\/a>) - <a href=\"https:\/\/moverdb.com\/pl\/obrecz-promocja\/\" target=\"_blank\" rel=\"noopener\">ProMover<\/a><\/li>\n<li> Krajowe Stowarzyszenie Mened\u017cer\u00f3w ds. Przeprowadzek Senior\u00f3w (NASMM)<\/li>\n<li> Better Business Bureau (BBB) Akredytowana firma A+<\/li>\n<\/ul>\n<h2>Bekins Van Lines Reviews<\/h2>\n<p><strong>Pozytywne:<\/strong><\/p>\n<ul>\n<li> <em>\"By\u0142am przera\u017cona, \u017ce b\u0119d\u0119 korzysta\u0107 z us\u0142ug jakiejkolwiek firmy przeprowadzkowej przy mojej przeprowadzce z <a href=\"https:\/\/moverdb.com\/pl\/przeprowadzka-do-san-jose\/\">San Jose<\/a> do <a href=\"https:\/\/moverdb.com\/pl\/moving-to-the-united-states\/moving-to-oregon\/\" data-internallinksmanager029f6b8e52c=\"395\" title=\"Przeprowadzka do Oregonu? 2026 Koszty utrzymania i porady dotycz\u0105ce przeprowadzki\">Oregon<\/a>. Zrobi\u0142em wiele bada\u0144 online i ostatecznie wybra\u0142em Bekins z powodu dw\u00f3ch osobistych rekomendacji i ich ustalonej wyceny. To by\u0142 \u0142atwy proces, przewo\u017anicy bardzo dbali o moje rzeczy i dostarczyli je na czas\".<\/em> - S. N. przez <a href=\"http:\/\/www.yelp.com\/biz\/bekins-van-lines-indianapolis-4?hrid=sAKPuUdvUtx9Pe5VoZlhZQ&#038;utm_campaign=www_review_share_popup&#038;utm_medium=copy_link&#038;utm_source=(direct)\" target=\"_blank\" rel=\"noopener\">Yelp<\/a><\/li>\n<li> <em>\"Uzyskali\u015bmy zwyczajowe wyceny dla naszej przeprowadzki biura, a firma Bekins przedstawi\u0142a najlepsz\u0105 i najbardziej szczeg\u00f3\u0142ow\u0105 wycen\u0119.\"<\/em> - Wanda z Tampy przez <a href=\"https:\/\/www.consumeraffairs.com\/movers\/bekins_van_lines.htm\" target=\"_blank\" rel=\"noopener\">Sprawy konsument\u00f3w<\/a><\/li>\n<li> <em>\"Ten klient ZDECYDOWANIE poleci\u0142by t\u0119 firm\u0119 przyjacielowi, cz\u0142onkowi rodziny, s\u0105siadowi lub wsp\u00f3\u0142pracownikowi\".<\/em> - Cindy R via <a href=\"http:\/\/www.bbb.org\/indy\/business-reviews\/movers\/bekins-van-lines-inc-in-indianapolis-in-90013818\/Customer-Reviews\" target=\"_blank\" rel=\"noopener\">BBB<\/a><\/li>\n<li> <em>\"Ca\u0142y zesp\u00f3\u0142 przeprowadzkowy by\u0142 fantastyczny. Osoby odpowiedzialne za szacowanie i koordynacj\u0119 by\u0142y bardzo troskliwe\".<\/em> - Paul D via <a href=\"http:\/\/www.mymovingreviews.com\/movers\/bekins-van-lines-303#54527\" target=\"_blank\" rel=\"noopener\">MyMoivingReviews.com<\/a><\/li>\n<\/ul>\n<p><strong>Negatywny:<\/strong><\/p>\n<ul>\n<li> \"<em>Naprawd\u0119 fatalne do\u015bwiadczenie - mn\u00f3stwo uszkodzonych towar\u00f3w i nieprofesjonalna obs\u0142uga.\" <\/em>Kelly H via <a href=\"http:\/\/www.yelp.com\/biz\/bekins-van-lines-indianapolis-4?hrid=mPlbHKmtD2adpffBELLyBA&#038;utm_campaign=www_review_share_popup&#038;utm_medium=copy_link&#038;utm_source=(direct)\" target=\"_blank\" rel=\"noopener\">Yelp<\/a> <\/li>\n<li> <em>\"Idealna przeprowadzka opisana przez agenta sta\u0142a si\u0119 koszmarem\".<\/em> - Marcel z Lake Park przez <a href=\"https:\/\/www.consumeraffairs.com\/movers\/bekins_van_lines.htm\" target=\"_blank\" rel=\"noopener\">Sprawy konsument\u00f3w<\/a> <\/li>\n<li> <em>\"To do\u015bwiadczenie mia\u0142o kilka negatywnych aspekt\u00f3w\".<\/em> - David S via <a href=\"http:\/\/www.bbb.org\/indy\/business-reviews\/movers\/bekins-van-lines-inc-in-indianapolis-in-90013818\/Customer-Reviews\" target=\"_blank\" rel=\"noopener\">BBB<\/a> <\/li>\n<li> \"<em>Stwierdzi\u0142em, \u017ce firma Bekins przeprowadzki i magazynowanie jest nierzetelna.\" <\/em> D Langdon przez <a href=\"http:\/\/www.mymovingreviews.com\/movers\/bekins-van-lines-303#37287\" target=\"_blank\" rel=\"noopener\">MyMoivingReviews.com<\/a><\/li>\n<\/ul>\n<div itemprop=\"review\" itemscope itemtype=\"http:\/\/schema.org\/Review\">\n<span itemprop=\"author\" itemscope=\"\" itemtype=\"http:\/\/schema.org\/Organization\"><span itemprop=\"name\">MoverDB.com<\/span><\/span> Przegl\u0105d stron internetowych dla <span itemprop=\"itemreviewed\" itemscope=\"\" itemtype=\"http:\/\/schema.org\/Brand\"><span itemprop=\"name\">Bekins Van Lines<\/span><\/span>:<\/p>\n<ol>\n<li> Przejrzyste dane kontaktowe na stronie internetowej (w tym numer telefonu): <strong>Tak<\/strong><\/li>\n<li> \u0141atwe do uzyskania <a href=\"https:\/\/moverdb.com\/pl\/cytaty\/\">oferty na przeprowadzki mi\u0119dzynarodowe<\/a>? (formularz wniosku o wycen\u0119 online): <strong>Tak<\/strong><\/li>\n<li> Przejrzyste informacje na stronie internetowej: <strong>Tak,<\/strong> W witrynie znajduje si\u0119 wiele przewodnik\u00f3w, film\u00f3w i innych zasob\u00f3w.<\/li>\n<li> Cz\u0142onkostwo w uznanych mi\u0119dzynarodowych organizacjach zajmuj\u0105cych si\u0119 przemieszczaniem: <strong>Tak<\/strong>, patrz wy\u017cej<\/li>\n<li> Lista klient\u00f3w i\/lub referencje poprzednich klient\u00f3w. <strong>Tak,<\/strong> maj\u0105 w\u0142asne <a href=\"https:\/\/www.bekins.com\/why-bekins\/reviews-testimonials\/\" target=\"_blank\" rel=\"noopener\">strona z recenzjami i referencjami.<\/a><\/li>\n<\/ol>\n<div itemprop=\"reviewRating\" itemscope itemtype=\"http:\/\/schema.org\/Rating\"><meta itemprop=\"worstRating\" content = \"0\" \/><meta itemprop=\"bestRating\" content=\"5\" \/><meta itemprop=\"ratingValue\" content=\"5\"><\/div>\n<p><strong>Og\u00f3lna ocena: 5\/5<\/strong><br \/>\n<strong>Data przegl\u0105du:<\/strong> <span itemprop=\"datePublished\" content=\"2016-08-08\">08\/08\/2016<\/span>\n<\/div>\n<p>Czytaj wi\u0119cej o <a href=\"https:\/\/moverdb.com\/pl\/firmy-przeprowadzkowe\/\">firmy zajmuj\u0105ce si\u0119 przeprowadzkami mi\u0119dzynarodowymi<\/a>, <a href=\"https:\/\/moverdb.com\/pl\/usa-kanada-movers\/\">Przeprowadzki z USA<\/a> i nasze <a href=\"https:\/\/moverdb.com\/pl\/recenzje\/\">proces przegl\u0105du<\/a>.<\/p>\n<p><strong>Strona internetowa:<\/strong> <a href=\"https:\/\/www.bekins.com\/\" target=\"_blank\" rel=\"noopener\">https:\/\/www.bekins.com<\/a><\/p>","protected":false},"excerpt":{"rendered":"<p>Bekins Van Lines are based in Indianapolis IN. They offer their customers a variety of services which are listed below, together with a company profile and reviews. International Moving Personalised service together with Crown Relocations Door to door service Packing &#8211; do it yourself, selected items or full service Storage &#8211; short and long term [&hellip;]<\/p>\n","protected":false},"author":1,"featured_media":0,"parent":0,"menu_order":0,"comment_status":"closed","ping_status":"closed","template":"","meta":{"_genesis_hide_title":false,"_genesis_hide_breadcrumbs":false,"_genesis_hide_singular_image":false,"_genesis_hide_footer_widgets":false,"_genesis_custom_body_class":"","_genesis_custom_post_class":"","_genesis_layout":"","footnotes":""},"class_list":{"0":"post-1065","1":"page","2":"type-page","3":"status-publish","5":"entry"},"_links":{"self":[{"href":"https:\/\/moverdb.com\/pl\/wp-json\/wp\/v2\/pages\/1065","targetHints":{"allow":["GET"]}}],"collection":[{"href":"https:\/\/moverdb.com\/pl\/wp-json\/wp\/v2\/pages"}],"about":[{"href":"https:\/\/moverdb.com\/pl\/wp-json\/wp\/v2\/types\/page"}],"author":[{"embeddable":true,"href":"https:\/\/moverdb.com\/pl\/wp-json\/wp\/v2\/users\/1"}],"replies":[{"embeddable":true,"href":"https:\/\/moverdb.com\/pl\/wp-json\/wp\/v2\/comments?post=1065"}],"version-history":[{"count":9,"href":"https:\/\/moverdb.com\/pl\/wp-json\/wp\/v2\/pages\/1065\/revisions"}],"predecessor-version":[{"id":6181,"href":"https:\/\/moverdb.com\/pl\/wp-json\/wp\/v2\/pages\/1065\/revisions\/6181"}],"wp:attachment":[{"href":"https:\/\/moverdb.com\/pl\/wp-json\/wp\/v2\/media?parent=1065"}],"curies":[{"name":"wp","href":"https:\/\/api.w.org\/{rel}","templated":true}]}}