{"id":1064,"date":"2016-08-12T14:50:41","date_gmt":"2016-08-12T14:50:41","guid":{"rendered":"http:\/\/moverdb.com\/?page_id=1064"},"modified":"2026-01-08T13:18:24","modified_gmt":"2026-01-08T13:18:24","slug":"graebel-van-lines","status":"publish","type":"page","link":"https:\/\/moverdb.com\/pl\/graebel-van-lines\/","title":{"rendered":"Graebel Van Lines: Us\u0142ugi przeprowadzek mi\u0119dzynarodowych i opinie"},"content":{"rendered":"<p>Siedziba firmy Graebel Van Lines znajduje si\u0119 w Aurora, CO. Firma oferuje swoim klientom szeroki zakres us\u0142ug, kt\u00f3re zosta\u0142y wymienione poni\u017cej. Znajduje si\u0119 tam r\u00f3wnie\u017c profil firmy oraz recenzje.<\/p>\n<p><strong>Przeprowadzki mi\u0119dzynarodowe<\/strong><\/p>\n<ul>\n<li> Przydzielony jest specjalny koordynator ds. obs\u0142ugi klienta<\/li>\n<li> Szczeg\u00f3\u0142owe badanie w domu<\/li>\n<li> Indywidualny plan przeprowadzki<\/li>\n<li> Od drzwi do drzwi<\/li>\n<li> Pakowacze i \u0142adowacze przeszkoleni w skali mi\u0119dzynarodowej<\/li>\n<li> Materia\u0142y opakowaniowe najwy\u017cszej jako\u015bci<\/li>\n<li> Kratowanie na zam\u00f3wienie<\/li>\n<li> Koordynacja z wiod\u0105cymi licencjonowanymi przewo\u017anikami na \u015bwiecie<\/li>\n<li> Magazyny - niekt\u00f3re z kontrol\u0105 klimatu<\/li>\n<li> Odprawa celna<\/li>\n<li> Dostawa i rozpakowanie<\/li>\n<\/ul>\n<p><strong>Przeprowadzki mieszkaniowe<\/strong><\/p>\n<ul>\n<li> Us\u0142uga \"od drzwi do drzwi\".<\/li>\n<li> Jeden punkt kontaktowy podczas ca\u0142ej przeprowadzki<\/li>\n<li> Pakowanie i rozpakowywanie w razie potrzeby<\/li>\n<li> Przeprowadzki lokalne, d\u0142ugodystansowe i mi\u0119dzynarodowe<\/li>\n<li> Magazyny d\u0142ugo- i kr\u00f3tkoterminowe<\/li>\n<\/ul>\n<p><strong>Przeprowadzki w miejscu pracy<\/strong><\/p>\n<ul>\n<li> Rzut kondygnacji przed i po<\/li>\n<li> Szczeg\u00f3\u0142owy spis<\/li>\n<li> Przechowywanie d\u0142ugo- i kr\u00f3tkoterminowe<\/li>\n<li> Od\u0142\u0105czanie i ponowne pod\u0142\u0105czanie system\u00f3w komputerowych<\/li>\n<li> Demonta\u017c i ponowny monta\u017c mebli<\/li>\n<li> Odpowiedzialne dysponowanie aktywami<\/li>\n<li> Przeprowadzki siedzib firm, biur oraz jednorazowe przeprowadzki biur.<\/li>\n<li> Koordynacja podwykonawstwa, transmisji danych, telefonii i elektryki.<\/li>\n<li> Dok\u0142adne szacunki dotycz\u0105ce przeprowadzki biura, sprz\u0119tu, os\u00f3b, materia\u0142\u00f3w i koszt\u00f3w ca\u0142kowitych.<\/li>\n<li> Zarz\u0105dzanie operacjami typu \"Przesu\u0144-Dodaj-Zmie\u0144\" (MAC).<\/li>\n<li> Sprawdzone listy kontrolne, planowanie i procesy zwi\u0105zane z przeprowadzk\u0105 biura.<\/li>\n<li> Przechowywanie i usuwanie dokumentacji.<\/li>\n<li> Systemy kartotekowe i rozwi\u0105zania do przechowywania o du\u017cej g\u0119sto\u015bci.<\/li>\n<li> <a href=\"https:\/\/moverdb.com\/pl\/british-association-of-removers\/\" data-internallinksmanager029f6b8e52c=\"9\" title=\"Brytyjskie Stowarzyszenie Przeprowadzek (BAR) - obja\u015bnienia\">Bar<\/a>-kodowane zarz\u0105dzanie zapasami.<\/li>\n<li> Transport na ca\u0142ym \u015bwiecie, w tym przewozy drobnicowe, przewozy ci\u0119\u017carowe oraz us\u0142ugi typu \"padded van\".<\/li>\n<li> Us\u0142ugi magazynowania i dystrybucji.<\/li>\n<li> Us\u0142ugi dostawy Just-In-Time.<\/li>\n<li> Us\u0142ugi logistyczne i zarz\u0105dzanie z jednego \u017ar\u00f3d\u0142a.<\/li>\n<li> Transport, dostawa, instalacja i rekonfiguracja mebli systemowych.<\/li>\n<li> Us\u0142ugi bran\u017cy hotelarskiej w zakresie mebli, wyposa\u017cenia i sprz\u0119tu (FF&amp;E).<\/li>\n<li> Us\u0142ugi w zakresie przeprowadzek w sektorze opieki zdrowotnej.<\/li>\n<\/ul>\n<p><strong>Przeprowadzki korporacyjne, rz\u0105dowe i wojskowe<\/strong><\/p>\n<ul>\n<li> Biuro Wi\u0119ziennictwa<\/li>\n<li> S\u0142u\u017cba Marsza\u0142kowska<\/li>\n<li> Administracja ds. Walki z Narkotykami (DEA)<\/li>\n<li> Departament Spraw Weteran\u00f3w (VA)<\/li>\n<li> Federalne Biuro \u015aledcze (FBI)<\/li>\n<li> Biuro Spisu Powszechnego<\/li>\n<li> Centra Kontroli i Zapobiegania Chorobom (CDC)<\/li>\n<li> Internal Revenue Service (IRS)<\/li>\n<\/ul>\n<h2>Profil firmy Graebel Van Lines<\/h2>\n<p>Graebel Van Lines jest najwi\u0119ksz\u0105 prywatn\u0105 firm\u0105 <a href=\"https:\/\/moverdb.com\/pl\/moving-companies\/\" data-internallinksmanager029f6b8e52c=\"79\" title=\"25 najlepszych firm przeprowadzek mi\u0119dzynarodowych online\">przedsi\u0119biorstwo przeprowadzkowe<\/a> w <a href=\"https:\/\/moverdb.com\/pl\/moving-to-the-united-states\/\" data-internallinksmanager029f6b8e52c=\"94\" title=\"Przeprowadzasz si\u0119 do Stan\u00f3w Zjednoczonych? 2026 Koszty \u017cycia i wskaz\u00f3wki dotycz\u0105ce przeprowadzki\">Stany Zjednoczone<\/a> i ma swoj\u0105 siedzib\u0119 w Aurora, CO. Firma od 66 lat zajmuje si\u0119 przeprowadzkami rodzin, firm, personelu rz\u0105dowego i wojskowego na ca\u0142ym \u015bwiecie i na terenie USA. <\/p>\n<p>Firma oferuje kompleksowe rozwi\u0105zania dla ka\u017cdego klienta, niezale\u017cnie od tego, czy chodzi o niewielkie prace, takie jak remont biura, czy te\u017c o du\u017ce przedsi\u0119wzi\u0119cie, takie jak przeprowadzka szpitala do nowej siedziby.<\/p>\n<p>Graebel Van Lines dysponuje 4 milionami st\u00f3p kwadratowych powierzchni magazynowej w ca\u0142ym kraju i obs\u0142uguje 828 pojazd\u00f3w do przeprowadzek. Wszyscy pracownicy firmy s\u0105 przeszkoleni zgodnie z najwy\u017cszymi standardami.<\/p>\n<p>Przynale\u017cno\u015b\u0107 do Graebel Van Lines i akredytacje:<\/p>\n<ul>\n<li> <a href=\"https:\/\/moverdb.com\/pl\/obrecz-promocja\/\">ProMover<\/a><\/li>\n<li> <a href=\"https:\/\/moverdb.com\/pl\/amsa\/\" target=\"_blank\" rel=\"noopener\">Ameryka\u0144skie Stowarzyszenie Przeprowadzek i Magazynowania<\/a> (<a href=\"https:\/\/moverdb.com\/pl\/amsa\/\" data-internallinksmanager029f6b8e52c=\"5\" title=\"Ameryka\u0144skie Stowarzyszenie Przeprowadzek i Magazynowania (AMSA) - obja\u015bnienia\">AMSA<\/a>)<\/li>\n<li> Mi\u0119dzynarodowy Instytut Przemieszczania Biur (IOMI)<\/li>\n<\/ul>\n<h2>Graebel Van Lines Reviews<\/h2>\n<p><strong>Pozytywne:<\/strong><\/p>\n<ul>\n<li> <em>\"Firma Graebel Van Lines wykona\u0142a \u015bwietn\u0105 robot\u0119 przy mojej przeprowadzce. Przeprowadzili mnie z kr\u00f3tkim wyprzedzeniem, na czas i wszystko wyl\u0105dowa\u0142o tam, gdzie tego potrzebowa\u0142em.\" <\/em> - Michelle T via <a href=\"https:\/\/www.yelp.com\/biz\/graebel-van-lines-kent\" target=\"_blank\" rel=\"noopener\">Yelp<\/a><\/li>\n<li>  <em>\"Zamieszczam ten wpis, poniewa\u017c widzia\u0142em wiele z\u0142ych opinii o firmie Graebel, a moje do\u015bwiadczenia by\u0142y pozytywne\".<\/em> - Sue Sok via <a href=\"http:\/\/www.mymovingreviews.com\/movers\/graebel-406#28293\" target=\"_blank\" rel=\"noopener\">MyMovingReviews.com<\/a><\/li>\n<\/ul>\n<p><strong>Negatywny:<\/strong><\/p>\n<ul>\n<li> \"<em>Korzystam z us\u0142ug firmy Graebel od trzech przeprowadzek i z ka\u017cdym kolejnym do\u015bwiadczeniem jest coraz gorzej.\"<\/em> - Micha\u0142 C przez <a href=\"http:\/\/www.yelp.com\/biz\/graebel-van-lines-san-jose?hrid=KdToWSepoqbs7wLCd4UE0A&#038;utm_campaign=www_review_share_popup&#038;utm_medium=copy_link&#038;utm_source=(direct)\" target=\"_blank\" rel=\"noopener\">Yelp<\/a> <\/li>\n<li> \"<em>Nie polecam tej firmy!!!\"<\/em> Don Mcnasby via <a href=\"http:\/\/www.mymovingreviews.com\/movers\/graebel-406#47223\" target=\"_blank\" rel=\"noopener\">MyMovingReviews.com<\/a><\/li>\n<\/ul>\n<div itemprop=\"review\" itemscope itemtype=\"http:\/\/schema.org\/Review\">\n<span itemprop=\"author\" itemscope=\"\" itemtype=\"http:\/\/schema.org\/Organization\"><span itemprop=\"name\">MoverDB.com<\/span><\/span> Przegl\u0105d stron internetowych dla <span itemprop=\"itemreviewed\" itemscope=\"\" itemtype=\"http:\/\/schema.org\/Brand\"><span itemprop=\"name\">Graebel Van Lines<\/span><\/span>:<\/p>\n<ol>\n<li> Przejrzyste dane kontaktowe na stronie internetowej (w tym numer telefonu): <strong>Tak<\/strong><\/li>\n<li> \u0141atwe do uzyskania <a href=\"https:\/\/moverdb.com\/pl\/cytaty\/\">oferty na przeprowadzki mi\u0119dzynarodowe<\/a>? (formularz wniosku o wycen\u0119 online): <strong>Tak<\/strong><\/li>\n<li> Przejrzyste informacje na stronie internetowej: <strong>Niekt\u00f3re<\/strong>Strona internetowa nie zawiera zbyt wielu szczeg\u00f3\u0142owych informacji. Zak\u0142ada si\u0119, \u017ce zostan\u0105 one dostarczone wraz z planem dostosowanym do potrzeb klienta.<\/li>\n<li> Cz\u0142onkostwo w uznanych mi\u0119dzynarodowych organizacjach zajmuj\u0105cych si\u0119 przemieszczaniem: <strong>Tak<\/strong>, (patrz wy\u017cej)<\/li>\n<li> Lista klient\u00f3w i\/lub referencje poprzednich klient\u00f3w: <strong>Nr<\/strong> Na stronie internetowej mo\u017cna jednak znale\u017a\u0107 informacj\u0119, \u017ce jest to ulubiony przewo\u017anik rz\u0105du i firm z listy Fortune 500.<\/li>\n<\/ol>\n<div itemprop=\"reviewRating\" itemscope itemtype=\"http:\/\/schema.org\/Rating\"><meta itemprop=\"worstRating\" content = \"0\" \/><meta itemprop=\"bestRating\" content=\"5\" \/><meta itemprop=\"ratingValue\" content=\"3.5\"><\/div>\n<p><strong>Ocena og\u00f3lna: 3,5\/5<\/strong><br \/>\n<strong>Data przegl\u0105du:<\/strong> <span itemprop=\"datePublished\" content=\"2016-08-11\">11\/08\/2016<\/span>\n<\/div>\n<p>Czytaj wi\u0119cej o <a href=\"https:\/\/moverdb.com\/pl\/firmy-przeprowadzkowe\/\">przeprowadzki mi\u0119dzynarodowe<\/a>, <a href=\"https:\/\/moverdb.com\/pl\/usa-kanada-movers\/\">Ameryka\u0144skie firmy przeprowadzkowe<\/a> i nasze <a href=\"https:\/\/moverdb.com\/pl\/recenzje\/\">proces przegl\u0105du<\/a>.<\/p>\n<p><strong>Strona internetowa:<\/strong> <a href=\"https:\/\/www.graebelmoving.com\" target=\"_blank\" rel=\"noopener\">https:\/\/www.graebelmoving.com<\/a><\/p>","protected":false},"excerpt":{"rendered":"<p>Graebel Van Lines is headquartered in Aurora, CO. The company offers its customers a wide range of services which are listed below. There also follows a company profile and reviews. International Moving A dedicated customer service coordinator is assigned Detailed in-home survey Customised move plan Door to door Internationally trained packers and loaders Finest quality [&hellip;]<\/p>\n","protected":false},"author":1,"featured_media":0,"parent":0,"menu_order":0,"comment_status":"closed","ping_status":"closed","template":"","meta":{"_genesis_hide_title":false,"_genesis_hide_breadcrumbs":false,"_genesis_hide_singular_image":false,"_genesis_hide_footer_widgets":false,"_genesis_custom_body_class":"","_genesis_custom_post_class":"","_genesis_layout":"","footnotes":""},"class_list":{"0":"post-1064","1":"page","2":"type-page","3":"status-publish","5":"entry"},"_links":{"self":[{"href":"https:\/\/moverdb.com\/pl\/wp-json\/wp\/v2\/pages\/1064","targetHints":{"allow":["GET"]}}],"collection":[{"href":"https:\/\/moverdb.com\/pl\/wp-json\/wp\/v2\/pages"}],"about":[{"href":"https:\/\/moverdb.com\/pl\/wp-json\/wp\/v2\/types\/page"}],"author":[{"embeddable":true,"href":"https:\/\/moverdb.com\/pl\/wp-json\/wp\/v2\/users\/1"}],"replies":[{"embeddable":true,"href":"https:\/\/moverdb.com\/pl\/wp-json\/wp\/v2\/comments?post=1064"}],"version-history":[{"count":6,"href":"https:\/\/moverdb.com\/pl\/wp-json\/wp\/v2\/pages\/1064\/revisions"}],"predecessor-version":[{"id":6216,"href":"https:\/\/moverdb.com\/pl\/wp-json\/wp\/v2\/pages\/1064\/revisions\/6216"}],"wp:attachment":[{"href":"https:\/\/moverdb.com\/pl\/wp-json\/wp\/v2\/media?parent=1064"}],"curies":[{"name":"wp","href":"https:\/\/api.w.org\/{rel}","templated":true}]}}