{"id":1062,"date":"2016-08-21T19:46:49","date_gmt":"2016-08-21T19:46:49","guid":{"rendered":"http:\/\/moverdb.com\/?page_id=1062"},"modified":"2026-01-08T14:47:31","modified_gmt":"2026-01-08T14:47:31","slug":"amj-campbell-van-lines","status":"publish","type":"page","link":"https:\/\/moverdb.com\/pl\/amj-campbell-van-lines\/","title":{"rendered":"AMJ Campbell Van Lines: Us\u0142ugi przeprowadzek mi\u0119dzynarodowych i opinie"},"content":{"rendered":"<p>AMJ Campbell Van Lines ma siedzib\u0119 w <a href=\"https:\/\/moverdb.com\/pl\/przeprowadzka-do-toronto\/\">Toronto<\/a>, <a href=\"https:\/\/moverdb.com\/pl\/moving-to-canada\/\" data-internallinksmanager029f6b8e52c=\"265\" title=\"Przeprowadzka do Kanady? 2026 Koszty utrzymania i wskaz\u00f3wki dotycz\u0105ce przeprowadzki\">Kanada<\/a> i oferuje swoim klientom r\u00f3\u017cne us\u0142ugi przeprowadzkowe i magazynowe, kt\u00f3re s\u0105 wymienione poni\u017cej. Jest tam r\u00f3wnie\u017c profil firmy i recenzje dla Twojej informacji.<\/p>\n<p><strong>Przeprowadzki mi\u0119dzynarodowe<\/strong><\/p>\n<ul>\n<li> Pe\u0142na obs\u0142uga od drzwi do drzwi<\/li>\n<li> Profesjonalne pakowanie i rozpakowywanie<\/li>\n<li> Najwy\u017cszej jako\u015bci materia\u0142y do pakowania<\/li>\n<li> Zarz\u0105dzanie zapasami<\/li>\n<li> <a href=\"https:\/\/moverdb.com\/pl\/przeladunek-w-kontenerach\/\">Fracht drogowy, morski i lotniczy<\/a><\/li>\n<li> Najnowocze\u015bniejsze systemy zarz\u0105dzania ruchem<\/li>\n<\/ul>\n<p><strong>Us\u0142ugi relokacji transgranicznej<\/strong><\/p>\n<ul>\n<li> Kanada do <a href=\"https:\/\/moverdb.com\/pl\/moving-to-the-united-states\/\" data-internallinksmanager029f6b8e52c=\"94\" title=\"Przeprowadzasz si\u0119 do Stan\u00f3w Zjednoczonych? 2026 Koszty \u017cycia i wskaz\u00f3wki dotycz\u0105ce przeprowadzki\">USA<\/a> i odwrotnie<\/li>\n<\/ul>\n<p><strong>Przeprowadzki mieszkaniowe - lokalne lub na du\u017ce odleg\u0142o\u015bci<\/strong><\/p>\n<ul>\n<li> Terminowo\u015b\u0107<\/li>\n<li> Pisemna oferta<\/li>\n<li> Telefon na dzie\u0144 przed przeprowadzk\u0105 w celu potwierdzenia szczeg\u00f3\u0142\u00f3w<\/li>\n<li> Rozliczenie wszelkich roszcze\u0144 odszkodowawczych w ci\u0105gu 30 dni<\/li>\n<li> Ochrona wszystkich mebli tapicerowanych<\/li>\n<li> Ponowny monta\u017c wszystkich zdemontowanych mebli<\/li>\n<li> Ochrona pod\u0142ogi i balustrady<\/li>\n<li> Profesjonalne, uprzejme ekipy robocze<\/li>\n<li> Doskona\u0142a obs\u0142uga klienta<\/li>\n<\/ul>\n<p><strong>Us\u0142ugi relokacji przedsi\u0119biorstw<\/strong><\/p>\n<ul>\n<li> Pe\u0142na obs\u0142uga w zakresie pakowania<\/li>\n<li> Roz\u0142adunek<\/li>\n<li> Rozpakowanie z pe\u0142n\u0105 obs\u0142ug\u0105<\/li>\n<\/ul>\n<p><strong>Przeprowadzki biurowe<\/strong><\/p>\n<ul>\n<li> Us\u0142uga planowania przeprowadzki<\/li>\n<li> Staranne etykietowanie wszystkich przedmiot\u00f3w<\/li>\n<li> Fachowe pakowanie<\/li>\n<li> Fachowe przenoszenie wra\u017cliwego sprz\u0119tu i komputer\u00f3w<\/li>\n<\/ul>\n<p><strong>Us\u0142ugi specjalistyczne<\/strong><\/p>\n<ul>\n<li> Wn\u0119trza biurowe<\/li>\n<li> Przeniesienie magazynu<\/li>\n<li> Monta\u017c mebli<\/li>\n<li> Rozdrabnianie<\/li>\n<\/ul>\n<p><strong>Przechowywanie<\/strong><\/p>\n<ul>\n<li> Kr\u00f3tkoterminowe do 60 dni<\/li>\n<li> D\u0142ugoterminowe<\/li>\n<li> Czyste, bezpieczne i dobrze zarz\u0105dzane obiekty<\/li>\n<li> Zaawansowane urz\u0105dzenia \u015bledz\u0105ce<\/li>\n<li> Magazynowanie samodzielne<\/li>\n<li> Przechowywanie dokument\u00f3w handlowych<\/li>\n<\/ul>\n<h2>Profil firmy AMJ Campbell Van Lines<\/h2>\n<p>Firma AMJ Campbell Van Lines zosta\u0142a otwarta w 1934 r. jako MJ Campbell and Moving i by\u0142a firm\u0105 rodzinn\u0105. Firma koncentrowa\u0142a si\u0119 na przewozie os\u00f3b mi\u0119dzy prowincjami Kanady oraz mi\u0119dzy USA a Kanad\u0105. Od tego czasu firma rozros\u0142a si\u0119 do rozmiar\u00f3w najwi\u0119kszej <a href=\"https:\/\/moverdb.com\/pl\/moving-companies\/\" data-internallinksmanager029f6b8e52c=\"79\" title=\"25 najlepszych firm przeprowadzek mi\u0119dzynarodowych online\">przedsi\u0119biorstwo przeprowadzkowe<\/a> w Kanadzie, przemieszczaj\u0105c ludzi lokalnie i mi\u0119dzynarodowo.<\/p>\n<p>Campbell's zatrudnia ponad 2800 os\u00f3b w 50 r\u00f3\u017cnych lokalizacjach na terenie Kanady. Obecnie jest to firma prywatna, kt\u00f3ra wesz\u0142a na gie\u0142d\u0119 w latach 80. i jest przedsi\u0119biorstwem o wielomilionowej warto\u015bci. <\/p>\n<p>Akredytacje i przynale\u017cno\u015b\u0107 do AMJ Campbell:<\/p>\n<ul>\n<li> <a href=\"https:\/\/moverdb.com\/pl\/fidi-faim\/\">FIDI<\/a><\/li>\n<li> <a href=\"https:\/\/moverdb.com\/pl\/fidi-faim\/\" data-internallinksmanager029f6b8e52c=\"16\" title=\"FIDI i FAIM (FIDI Accredited International Mover) - obja\u015bnienia\">FAIM<\/a><\/li>\n<li> <a href=\"https:\/\/moverdb.com\/pl\/canadian-association-of-movers\/\">Kanadyjskie Stowarzyszenie Przeprowadzek Zamorskich (Canadian Overseas Moving Association)<\/a> (COMA) <\/li>\n<li> <a href=\"https:\/\/moverdb.com\/pl\/lacma\/\">Stowarzyszenie Przewo\u017anik\u00f3w z Ameryki \u0141aci\u0144skiej i Karaib\u00f3w<\/a> (<a href=\"https:\/\/moverdb.com\/pl\/lacma\/\" data-internallinksmanager029f6b8e52c=\"28\" title=\"Stowarzyszenie Przewo\u017anik\u00f3w Mi\u0119dzynarodowych Ameryki \u0141aci\u0144skiej i Karaib\u00f3w (LACMA)\">LACMA<\/a>)<\/li>\n<li> Householders Goods Forwarders of America (HAGFAA)<\/li>\n<li> BBB Akredytowana Firma A+<\/li>\n<\/ul>\n<h2>AMJ Campbell Van Lines Reviews<\/h2>\n<p><strong>Pozytywne:<\/strong><\/p>\n<ul>\n<li> <em>Byli\u015bmy pod ogromnym wra\u017ceniem postawy, wsp\u00f3\u0142pracy i og\u00f3lnej przyjemno\u015bci z pracy z tak wspania\u0142\u0105 grup\u0105 ludzi.<\/em> - przez AMJ Campbell <a href=\"http:\/\/www.amjcampbell.com\/about-us-2\/customer-reviews\/\" target=\"_blank\" rel=\"noopener\">opinie klient\u00f3w<\/a><\/li>\n<li> <em>\"Skontaktowa\u0142em si\u0119 z firm\u0105 AMJ w sprawie mojej przeprowadzki z miasta do miasta i by\u0142em bardzo zadowolony z ca\u0142ego do\u015bwiadczenia\".<\/em> - Rebecca G via <a href=\"https:\/\/homestars.com\/companies\/195139-amj-campbell\/reviews\/309471\" target=\"_blank\" rel=\"noopener\">HomeStars<\/a><\/li>\n<li> <em>\"Wybra\u0142em AMJ Campbell, aby przenie\u015b\u0107 moje meble z <a href=\"https:\/\/moverdb.com\/pl\/moving-to-toronto\/\" data-internallinksmanager029f6b8e52c=\"71\" title=\"Przeprowadzasz si\u0119 do Toronto? 2026 Koszty \u017cycia i wskaz\u00f3wki dotycz\u0105ce przeprowadzki\">Toronto<\/a> do <a href=\"https:\/\/moverdb.com\/pl\/moving-to-canada\/moving-to-montreal\/\" data-internallinksmanager029f6b8e52c=\"410\" title=\"Przeprowadzka do Montrealu? Koszty \u017cycia i wskaz\u00f3wki dotycz\u0105ce przeprowadzki w 2023 roku\">Montreal<\/a> w 2013 roku. Nie s\u0105dzi\u0142em, \u017ce przeprowadzka b\u0119dzie tak \u0142atwa, jak si\u0119 wydawa\u0142o\".<\/em> - Reem via <a href=\"http:\/\/www.mymovingreviews.com\/movers\/amj-campbell-van-lines-1281#15661\" target=\"_blank\" rel=\"noopener\">MyMovingReviews.com<\/a> <\/li>\n<li> <em>AMJ pomog\u0142a mojemu m\u0119\u017cowi i mnie przeprowadzi\u0107 si\u0119 w Dzie\u0144 Kanady - wi\u0119c chocia\u017c zap\u0142acili\u015bmy wi\u0119cej za przeprowadzk\u0119 w dniu \u015bwi\u0119ta pa\u0144stwowego, by\u0142o to warte ka\u017cdego grosza.<\/em> - Renee M. via <a href=\"http:\/\/www.yelp.co.uk\/biz\/amj-campbell-van-lines-vancouver?hrid=g252Zt8_i0oO1eStByhl0A&#038;utm_campaign=www_review_share_popup&#038;utm_medium=copy_link&#038;utm_source=(direct)\" target=\"_blank\" rel=\"noopener\">Yelp<\/a><\/li>\n<\/ul>\n<p><strong>Negatywny:<\/strong><\/p>\n<ul>\n<li> <em>\"Oszcz\u0119d\u017a sobie rozs\u0105dku i pieni\u0119dzy. Ca\u0142y zesp\u00f3\u0142 AMJ Campbell jest absolutnie najgorszy\".<\/em> - Bardzo niezadowolony w <a href=\"https:\/\/moverdb.com\/pl\/moving-to-canada\/moving-to-vancouver\/\" data-internallinksmanager029f6b8e52c=\"438\" title=\"Przeprowadzka do Vancouver? Koszty \u017cycia i wskaz\u00f3wki dotycz\u0105ce przeprowadzki w 2023 roku\">Vancouver<\/a> przez <a href=\"https:\/\/homestars.com\/companies\/195139-amj-campbell\/reviews\/450056\" target=\"_blank\" rel=\"noopener\">HomeStars<\/a><\/li>\n<li> <em>\"Naprawd\u0119 niefortunnie by\u0142o mie\u0107 do czynienia z t\u0105 nieuczciw\u0105 firm\u0105\".<\/em> - Maher przez <a href=\"http:\/\/www.mymovingreviews.com\/movers\/amj-campbell-van-lines-1281#54125\" target=\"_blank\" rel=\"noopener\">MyMovingReviews.com<\/a> <\/li>\n<li> <em>Kierowca by\u0142 bardzo niefrasobliwy i nieprofesjonalny.<\/em> - SA S. za po\u015brednictwem <a href=\"http:\/\/www.yelp.co.uk\/biz\/amj-campbell-van-lines-vancouver?hrid=8M5PJ1TTLqQx72k6lEsKLA&#038;utm_campaign=www_review_share_popup&#038;utm_medium=copy_link&#038;utm_source=(direct)\" target=\"_blank\" rel=\"noopener\">Yelp<\/a><\/li>\n<\/ul>\n<div itemprop=\"review\" itemscope itemtype=\"http:\/\/schema.org\/Review\">\n<span itemprop=\"author\" itemscope=\"\" itemtype=\"http:\/\/schema.org\/Organization\"><span itemprop=\"name\">MoverDB.com<\/span><\/span> Przegl\u0105d stron internetowych dla <span itemprop=\"itemreviewed\" itemscope=\"\" itemtype=\"http:\/\/schema.org\/Brand\"><span itemprop=\"name\">AMJ Campbell Van Lines<\/span><\/span>:<\/p>\n<ol>\n<li> Przejrzyste dane kontaktowe na stronie internetowej (w tym numer telefonu): <strong>Tak<\/strong><\/li>\n<li> \u0141atwe do uzyskania <a href=\"https:\/\/moverdb.com\/pl\/cytaty\/\">oferty na przeprowadzki mi\u0119dzynarodowe<\/a>? (formularz wniosku o wycen\u0119 online): <strong>Tak<\/strong><\/li>\n<li> Przejrzyste informacje na stronie internetowej: <strong>Tak<\/strong>cho\u0107 nie zawsze naj\u0142atwiejsze do znalezienia.<\/li>\n<li> Cz\u0142onkostwo w uznanych mi\u0119dzynarodowych organizacjach zajmuj\u0105cych si\u0119 przemieszczaniem: <strong>Tak<\/strong>, (patrz wy\u017cej)<\/li>\n<li> Lista klient\u00f3w i\/lub referencje poprzednich klient\u00f3w. <strong>Tak,<\/strong> obie strony internetowe zawieraj\u0105 referencje i opinie klient\u00f3w.<\/li>\n<\/ol>\n<div itemprop=\"reviewRating\" itemscope itemtype=\"http:\/\/schema.org\/Rating\"><meta itemprop=\"worstRating\" content = \"0\" \/><meta itemprop=\"bestRating\" content=\"5\" \/><meta itemprop=\"ratingValue\" content=\"4.5\"><\/div>\n<p><strong>Ocena og\u00f3lna: 4,5\/5<\/strong><br \/>\n<strong>Data przegl\u0105du:<\/strong> <span itemprop=\"datePublished\" content=\"2016-08-21\">21\/08\/2016<\/span>\n<\/div>\n<p>Czytaj wi\u0119cej o <a href=\"https:\/\/moverdb.com\/pl\/firmy-przeprowadzkowe\/\">firmy zajmuj\u0105ce si\u0119 przeprowadzkami mi\u0119dzynarodowymi<\/a>, <a href=\"https:\/\/moverdb.com\/pl\/usa-kanada-movers\/\">Kanadyjskie firmy przeprowadzkowe<\/a> i nasze <a href=\"https:\/\/moverdb.com\/pl\/recenzje\/\">proces przegl\u0105du<\/a>.<\/p>\n<p><strong>Strona internetowa:<\/strong> Domestic: <a href=\"http:\/\/www.amjcampbell.com\" target=\"_blank\" rel=\"noopener\">http:\/\/www.amjcampbell.com<\/a>, International: <a href=\"http:\/\/amj-international.com\" target=\"_blank\" rel=\"noopener\">http:\/\/amj-international.com<\/a><\/p>","protected":false},"excerpt":{"rendered":"<p>AMJ Campbell Van Lines is based in Toronto, Canada and it offers its customers various moving and storage services which are listed below. There is also a company profile and reviews for your information. International Moving Door to door full service Professional packing and unpacking Highest quality packing materials Inventory management Road, sea and air [&hellip;]<\/p>\n","protected":false},"author":1,"featured_media":0,"parent":0,"menu_order":0,"comment_status":"closed","ping_status":"closed","template":"","meta":{"_genesis_hide_title":false,"_genesis_hide_breadcrumbs":false,"_genesis_hide_singular_image":false,"_genesis_hide_footer_widgets":false,"_genesis_custom_body_class":"","_genesis_custom_post_class":"","_genesis_layout":"","footnotes":""},"class_list":{"0":"post-1062","1":"page","2":"type-page","3":"status-publish","5":"entry"},"_links":{"self":[{"href":"https:\/\/moverdb.com\/pl\/wp-json\/wp\/v2\/pages\/1062","targetHints":{"allow":["GET"]}}],"collection":[{"href":"https:\/\/moverdb.com\/pl\/wp-json\/wp\/v2\/pages"}],"about":[{"href":"https:\/\/moverdb.com\/pl\/wp-json\/wp\/v2\/types\/page"}],"author":[{"embeddable":true,"href":"https:\/\/moverdb.com\/pl\/wp-json\/wp\/v2\/users\/1"}],"replies":[{"embeddable":true,"href":"https:\/\/moverdb.com\/pl\/wp-json\/wp\/v2\/comments?post=1062"}],"version-history":[{"count":6,"href":"https:\/\/moverdb.com\/pl\/wp-json\/wp\/v2\/pages\/1062\/revisions"}],"predecessor-version":[{"id":6172,"href":"https:\/\/moverdb.com\/pl\/wp-json\/wp\/v2\/pages\/1062\/revisions\/6172"}],"wp:attachment":[{"href":"https:\/\/moverdb.com\/pl\/wp-json\/wp\/v2\/media?parent=1062"}],"curies":[{"name":"wp","href":"https:\/\/api.w.org\/{rel}","templated":true}]}}