{"id":1060,"date":"2016-08-21T20:38:32","date_gmt":"2016-08-21T20:38:32","guid":{"rendered":"http:\/\/moverdb.com\/?page_id=1060"},"modified":"2026-01-08T15:20:47","modified_gmt":"2026-01-08T15:20:47","slug":"suddath","status":"publish","type":"page","link":"https:\/\/moverdb.com\/pl\/suddath\/","title":{"rendered":"Suddath: International Moving &amp; Relocations Reviews"},"content":{"rendered":"<p>Suddath oferuje swoim klientom kompleksowe us\u0142ugi w zakresie przeprowadzek i magazynowania, zar\u00f3wno w skali mi\u0119dzynarodowej, jak i lokalnej. Poni\u017cej znajduje si\u0119 lista tych us\u0142ug wraz z profilem firmy i opiniami.<\/p>\n<p><strong>Mi\u0119dzynarodowe przeprowadzki i magazynowanie<\/strong><\/p>\n<ul>\n<li> Wysy\u0142ka artyku\u0142\u00f3w gospodarstwa domowego<\/li>\n<li> Przydzielony doradca ds. ruchu<\/li>\n<li> Zestaw przedmotoryzacyjny<\/li>\n<li> Informacja i poradnictwo celne<\/li>\n<li> Informacje o miejscu docelowym<\/li>\n<li> Obiekty magazynowe<\/li>\n<li> Wycena lub doradztwo ubezpieczeniowe<\/li>\n<\/ul>\n<p><strong>Zarz\u0105dzanie polityk\u0105 i programem relokacji przedsi\u0119biorstw<\/strong><\/p>\n<ul>\n<li> Przegl\u0105d i\/lub opracowanie polityki relokacji<\/li>\n<li> Administracja polityczna<\/li>\n<li> Dedykowany, do\u015bwiadczony zesp\u00f3\u0142 ds. zarz\u0105dzania kontami<\/li>\n<li> Program zapewnienia jako\u015bci z mierzalnymi wska\u017anikami<\/li>\n<li> Dost\u0119p online lub raportowanie i \u015bledzenie przesy\u0142ek<\/li>\n<\/ul>\n<p><strong>Inne us\u0142ugi w zakresie mobilno\u015bci globalnej<\/strong><\/p>\n<ul>\n<li> Benchmarking, przegl\u0105d i rozw\u00f3j polityki globalnej<\/li>\n<li> Us\u0142ugi zwi\u0105zane z wyjazdem i sprzeda\u017c\u0105 dom\u00f3w<\/li>\n<li> Prognozy koszt\u00f3w<\/li>\n<li> Ocena kandydata<\/li>\n<li> Doradztwo w zakresie podatk\u00f3w i ubezpiecze\u0144 spo\u0142ecznych<\/li>\n<li> Bie\u017c\u0105ce us\u0142ugi zwi\u0105zane z przydzielaniem zada\u0144<\/li>\n<li> Wycieczka przedwyjazdowa<\/li>\n<li> Szkolenie z zakresu \u015bwiadomo\u015bci mi\u0119dzykulturowej, biznesowej i j\u0119zykowej<\/li>\n<li> Leasing lub finansowanie samochodu<\/li>\n<li> Poszukiwanie szko\u0142y<\/li>\n<li> Program repatriacji<\/li>\n<\/ul>\n<p><strong>Przeprowadzki i magazynowanie dla instytucji rz\u0105dowych na ca\u0142ym \u015bwiecie<\/strong><\/p>\n<ul>\n<li> Pe\u0142na obs\u0142uga przeprowadzek rz\u0105dowych i wojskowych<\/li>\n<\/ul>\n<p><strong><a href=\"https:\/\/moverdb.com\/pl\/moving-to-the-united-states\/\" data-internallinksmanager029f6b8e52c=\"94\" title=\"Przeprowadzasz si\u0119 do Stan\u00f3w Zjednoczonych? 2026 Koszty \u017cycia i wskaz\u00f3wki dotycz\u0105ce przeprowadzki\">USA<\/a> Przeprowadzki mieszkaniowe i magazynowanie<\/strong><\/p>\n<p><strong>Relokacja przedsi\u0119biorstw<\/strong><\/p>\n<ul>\n<li> Ocena i konsultacje w zakresie polityki przenoszenia<\/li>\n<li> Zarz\u0105dzanie przeniesieniem<\/li>\n<li> Ruch grupowy<\/li>\n<li> Pojedynczy punkt kontaktowy<\/li>\n<li> Transport artyku\u0142\u00f3w gospodarstwa domowego<\/li>\n<li> Inne us\u0142ugi zwi\u0105zane z przeprowadzkami (w tym us\u0142ugi zwi\u0105zane z nieruchomo\u015bciami, kredyty hipoteczne, poszukiwanie domu, us\u0142ugi zwi\u0105zane z miejscem docelowym)<\/li>\n<\/ul>\n<p><strong>Przeprowadzki prywatne, mieszkaniowe<\/strong><\/p>\n<ul>\n<li> Wycena przed przeprowadzk\u0105<\/li>\n<li> Dedykowany koordynator przeprowadzki<\/li>\n<li> Us\u0142ugi pakowania (w miejscu pochodzenia i przeznaczenia)<\/li>\n<li> Materia\u0142y do pakowania<\/li>\n<li> \u015aledzenie przesy\u0142ek<\/li>\n<li> Us\u0142ugi magazynowania<\/li>\n<li> Us\u0142ugi zwi\u0105zane z przeprowadzkami i nieruchomo\u015bciami<\/li>\n<\/ul>\n<h2>Profil firmy Suddath<\/h2>\n<p>Suddath, Suddath Van Lines i Suddath Relocations Systems to rodzina firm, kt\u00f3rych pocz\u0105tki si\u0119gaj\u0105 1919 roku w Jacksonville, <a href=\"https:\/\/moverdb.com\/pl\/moving-to-the-united-states\/moving-to-florida\/\" data-internallinksmanager029f6b8e52c=\"331\" title=\"Przeprowadzka na Floryd\u0119? 2026 Koszty utrzymania i porady dotycz\u0105ce przeprowadzki\">Floryda<\/a> przez Carla Suddatha, kt\u00f3ry za\u0142o\u017cy\u0142 firm\u0119 z jedn\u0105 furgonetk\u0105, dwoma mu\u0142ami i dwoma samochodami turystycznymi do obs\u0142ugi nowego przemys\u0142u filmowego. Obecnie firma posiada biura w Stanach Zjednoczonych i <a href=\"https:\/\/moverdb.com\/pl\/moving-to-canada\/\" data-internallinksmanager029f6b8e52c=\"265\" title=\"Przeprowadzka do Kanady? 2026 Koszty utrzymania i wskaz\u00f3wki dotycz\u0105ce przeprowadzki\">Kanada<\/a> oraz du\u017c\u0105 sie\u0107 agent\u00f3w na ca\u0142ym \u015bwiecie.<\/p>\n<p>Suddath obs\u0142uguje ponad 75 000 przeprowadzek rocznie, zar\u00f3wno mi\u0119dzynarodowych, jak i lokalnych, dla os\u00f3b prywatnych, korporacji, w\u0142adz i wojska. <\/p>\n<p>Firma mo\u017ce poszczyci\u0107 si\u0119 posiadaniem w\u015br\u00f3d swoich g\u0142\u00f3wnych klient\u00f3w kilku firm z listy Fortune 500, a tak\u017ce rz\u0105du USA. Suddath zapewnia pe\u0142n\u0105 obs\u0142ug\u0119 od pierwszej wyceny po rozpakowanie i us\u0142ugi relokacyjne.<\/p>\n<p>Suddath posiada nast\u0119puj\u0105ce akredytacje i przynale\u017cno\u015bci:<\/p>\n<ul>\n<li> <a href=\"https:\/\/moverdb.com\/pl\/fidi-faim\/\">FIDI<\/a><\/li>\n<li> Mi\u0119dzynarodowa Sie\u0107 Przemieszcze\u0144 Zamorskich (OMNI)<\/li>\n<li> <a href=\"https:\/\/moverdb.com\/pl\/jestem\/\">Mi\u0119dzynarodowe Stowarzyszenie Przewo\u017anik\u00f3w<\/a> (<a href=\"https:\/\/moverdb.com\/pl\/iam\/\" data-internallinksmanager029f6b8e52c=\"23\" title=\"Mi\u0119dzynarodowe Stowarzyszenie Przewo\u017anik\u00f3w (IAM) - obja\u015bnienia\">IAM<\/a>)<\/li>\n<li> <a href=\"https:\/\/moverdb.com\/pl\/lacma\/\" target=\"_blank\" rel=\"noopener\">Stowarzyszenie Przewo\u017anik\u00f3w Mi\u0119dzynarodowych Ameryki \u0141aci\u0144skiej i Karaib\u00f3w<\/a> (<a href=\"https:\/\/moverdb.com\/pl\/lacma\/\" data-internallinksmanager029f6b8e52c=\"28\" title=\"Stowarzyszenie Przewo\u017anik\u00f3w Mi\u0119dzynarodowych Ameryki \u0141aci\u0144skiej i Karaib\u00f3w (LACMA)\">LACMA<\/a>)<\/li>\n<li> Panameryka\u0144skie Stowarzyszenie Przewo\u017anik\u00f3w Mi\u0119dzynarodowych (PAIMA)<\/li>\n<li> <a href=\"https:\/\/moverdb.com\/pl\/british-association-of-removers\/\" target=\"_blank\" rel=\"noopener\">Brytyjskie Stowarzyszenie Przeprowadzek<\/a> (<a href=\"https:\/\/moverdb.com\/pl\/british-association-of-removers\/\" data-internallinksmanager029f6b8e52c=\"9\" title=\"Brytyjskie Stowarzyszenie Przeprowadzek (BAR) - obja\u015bnienia\">BAR<\/a>)<\/li>\n<li> <a href=\"https:\/\/moverdb.com\/pl\/rada-ds-relokacji-pracownikow\/\" target=\"_blank\" rel=\"noopener\">\u015awiatowa ERBN<\/a><\/li>\n<li> Stowarzyszenie na rzecz Zarz\u0105dzania Zasobami Ludzkimi (SHRM)<\/li>\n<li> Partnerstwo handlowe klient\u00f3w przeciwko terroryzmowi (C-TPAT)<\/li>\n<li> <a href=\"https:\/\/moverdb.com\/pl\/iata\/\" target=\"_blank\" rel=\"noopener\">IATA<\/a><\/li>\n<li> Better Business Bureau (BBB)<\/li>\n<li> ISO 9001-2008<\/li>\n<li> Us\u0142ugi relokacyjne Brookfield<\/li>\n<li> <a href=\"https:\/\/moverdb.com\/pl\/fidi-faim\/\" data-internallinksmanager029f6b8e52c=\"16\" title=\"FIDI i FAIM (FIDI Accredited International Mover) - obja\u015bnienia\">FAIM<\/a> Plus<\/li>\n<li> Certified Office Mover - Mi\u0119dzynarodowy Instytut Przemieszcze\u0144 Biurowych<\/li>\n<li> <a href=\"https:\/\/moverdb.com\/pl\/obrecz-promocja\/\" target=\"_blank\" rel=\"noopener\">ProMover<\/a><\/li>\n<li> Administracja Us\u0142ug Og\u00f3lnych (GSA)<\/li>\n<\/ul>\n<p><strong>Suddath Moving Reviews<\/strong><\/p>\n<p><strong>Pozytywne:<\/strong><\/p>\n<ul>\n<li> <em>\"Pomogli mi na ka\u017cdym etapie procesu przeprowadzki.<\/em> - Alan H via <a href=\"http:\/\/www.yelp.com\/biz\/suddath-relocation-systems-jacksonville-3?hrid=aZPhVuYjTxAl3ImKZTmp1A&#038;utm_campaign=www_review_share_popup&#038;utm_medium=copy_link&#038;utm_source=(direct)\" target=\"_blank\" rel=\"noopener\">Yelp<\/a><\/li>\n<li> <em>\"Firma Suddath wykona\u0142a doskona\u0142\u0105 prac\u0119 od pocz\u0105tku do ko\u0144ca - od kontaktu, poprzez badanie, za\u0142adunek i roz\u0142adunek, a wszystko zgodnie z harmonogramem. Szczeg\u00f3lne podzi\u0119kowania kieruj\u0119 do 4 ch\u0142opak\u00f3w i kierowcy, kt\u00f3rzy wykonali ci\u0119\u017ck\u0105 prac\u0119.\"<\/em> - Wayne Ernest przez <a href=\"http:\/\/reviews.birdeye.com\/suddath-relocation-systems-388913888\" target=\"_blank\" rel=\"noopener\">BirdEye<\/a> <\/li>\n<\/ul>\n<p><strong>Negatywny:<\/strong><\/p>\n<ul>\n<li> <em>\"Po kilku e-mailach pracownicy firmy Suddath zaoferowali mi $2,350 za moje brakuj\u0105ce przedmioty o warto\u015bci $7,500\". <\/em>Aaron C przez <a href=\"http:\/\/www.yelp.com\/biz\/suddath-relocation-systems-jacksonville-3?hrid=NyswOKGKwwPmsuorvGtzew&#038;utm_campaign=www_review_share_popup&#038;utm_medium=copy_link&#038;utm_source=(direct)\" target=\"_blank\" rel=\"noopener\">Yelp<\/a> <\/li>\n<li> \"W ci\u0105gu ostatnich 15 lat przeprowadza\u0142em si\u0119 kilka razy i to by\u0142a absolutnie najgorsza przeprowadzka\". <a href=\"https:\/\/moverdb.com\/pl\/moving-companies\/\" data-internallinksmanager029f6b8e52c=\"79\" title=\"25 najlepszych firm przeprowadzek mi\u0119dzynarodowych online\">przedsi\u0119biorstwo przeprowadzkowe<\/a> Z jakimi kiedykolwiek mia\u0142em do czynienia.\" - Peter Burgess via <a href=\"http:\/\/www.mymovingreviews.com\/movers\/suddath-120#26803\" target=\"_blank\" rel=\"noopener\">MyMovingReviews.com<\/a><\/li>\n<\/ul>\n<div itemprop=\"review\" itemscope itemtype=\"http:\/\/schema.org\/Review\">\n<span itemprop=\"author\" itemscope=\"\" itemtype=\"http:\/\/schema.org\/Organization\"><span itemprop=\"name\">MoverDB.com<\/span><\/span> Przegl\u0105d stron internetowych dla <span itemprop=\"itemreviewed\" itemscope=\"\" itemtype=\"http:\/\/schema.org\/Brand\"><span itemprop=\"name\">Suddath<\/span><\/span>:<\/p>\n<ol>\n<li> Przejrzyste dane kontaktowe na stronie internetowej (w tym numer telefonu): <strong>Tak<\/strong><\/li>\n<li> \u0141atwe do uzyskania <a href=\"https:\/\/moverdb.com\/pl\/cytaty\/\">oferty na przeprowadzki mi\u0119dzynarodowe<\/a>? (formularz wniosku o wycen\u0119 online): <strong>Tak<\/strong><\/li>\n<li> Przejrzyste informacje na stronie internetowej: <strong>Cz\u0119\u015bciowa<\/strong>Witryna zawiera wiele stron, ale wi\u0119kszo\u015b\u0107 informacji jest raczej og\u00f3lna.<\/li>\n<li> Cz\u0142onkostwo w uznanych mi\u0119dzynarodowych organizacjach zajmuj\u0105cych si\u0119 przemieszczaniem: <strong>Tak<\/strong>wiele, patrz wy\u017cej<\/li>\n<li> Lista klient\u00f3w i\/lub referencje poprzednich klient\u00f3w: <strong>Niekt\u00f3rzy,<\/strong> zawiera studia przypadk\u00f3w, ale nie zawiera szczeg\u00f3\u0142owych recenzji ani referencji.<\/li>\n<\/ol>\n<div itemprop=\"reviewRating\" itemscope itemtype=\"http:\/\/schema.org\/Rating\"><meta itemprop=\"worstRating\" content = \"0\" \/><meta itemprop=\"bestRating\" content=\"5\" \/><meta itemprop=\"ratingValue\" content=\"4\"><\/div>\n<p><strong>Ocena og\u00f3lna: 4\/5<\/strong><br \/>\n<strong>Data przegl\u0105du:<\/strong> <span itemprop=\"datePublished\" content=\"2016-08-21\">21\/08\/2016<\/span>\n<\/div>\n<p>Czytaj wi\u0119cej o <a href=\"https:\/\/moverdb.com\/pl\/firmy-przeprowadzkowe\/\">przeprowadzki mi\u0119dzynarodowe<\/a>, <a href=\"https:\/\/moverdb.com\/pl\/usa-kanada-movers\/\">Osoby przeprowadzaj\u0105ce si\u0119 z Ameryki P\u00f3\u0142nocnej<\/a> i nasze <a href=\"https:\/\/moverdb.com\/pl\/recenzje\/\">proces przegl\u0105du<\/a>.<\/p>\n<p><strong>Strona internetowa:<\/strong> <a href=\"http:\/\/suddath.com\" target=\"_blank\" rel=\"noopener\">http:\/\/suddath.com<\/a><\/p>","protected":false},"excerpt":{"rendered":"<p>Suddath offers its clients full service moving and storage both internationally and locally. These are listed below, together with a company profile and reviews. International Moving and Storage Shipment of household goods Assigned move counsellor Pre-move kit Customs information and counselling Destination information Storage facilities Valuation or insurance counselling Corporate relocation policy and program management [&hellip;]<\/p>\n","protected":false},"author":1,"featured_media":0,"parent":0,"menu_order":0,"comment_status":"closed","ping_status":"closed","template":"","meta":{"_genesis_hide_title":false,"_genesis_hide_breadcrumbs":false,"_genesis_hide_singular_image":false,"_genesis_hide_footer_widgets":false,"_genesis_custom_body_class":"","_genesis_custom_post_class":"","_genesis_layout":"","footnotes":""},"class_list":{"0":"post-1060","1":"page","2":"type-page","3":"status-publish","5":"entry"},"_links":{"self":[{"href":"https:\/\/moverdb.com\/pl\/wp-json\/wp\/v2\/pages\/1060","targetHints":{"allow":["GET"]}}],"collection":[{"href":"https:\/\/moverdb.com\/pl\/wp-json\/wp\/v2\/pages"}],"about":[{"href":"https:\/\/moverdb.com\/pl\/wp-json\/wp\/v2\/types\/page"}],"author":[{"embeddable":true,"href":"https:\/\/moverdb.com\/pl\/wp-json\/wp\/v2\/users\/1"}],"replies":[{"embeddable":true,"href":"https:\/\/moverdb.com\/pl\/wp-json\/wp\/v2\/comments?post=1060"}],"version-history":[{"count":6,"href":"https:\/\/moverdb.com\/pl\/wp-json\/wp\/v2\/pages\/1060\/revisions"}],"predecessor-version":[{"id":6242,"href":"https:\/\/moverdb.com\/pl\/wp-json\/wp\/v2\/pages\/1060\/revisions\/6242"}],"wp:attachment":[{"href":"https:\/\/moverdb.com\/pl\/wp-json\/wp\/v2\/media?parent=1060"}],"curies":[{"name":"wp","href":"https:\/\/api.w.org\/{rel}","templated":true}]}}