{"id":1041,"date":"2016-10-25T05:39:31","date_gmt":"2016-10-25T05:39:31","guid":{"rendered":"http:\/\/moverdb.com\/?page_id=1041"},"modified":"2026-01-08T14:47:33","modified_gmt":"2026-01-08T14:47:33","slug":"armstrong-relokacja","status":"publish","type":"page","link":"https:\/\/moverdb.com\/pl\/armstrong-relocation\/","title":{"rendered":"Armstrong Relocation: Przeprowadzki mi\u0119dzynarodowe"},"content":{"rendered":"<p>Firma Armstrong Relocation oferuje swoim klientom szeroki wachlarz us\u0142ug zwi\u0105zanych z przeprowadzkami. Poni\u017cej przedstawiamy ich list\u0119 wraz z profilem firmy i opiniami.<\/p>\n<p><strong>Us\u0142ugi w zakresie przeprowadzek mi\u0119dzynarodowych<\/strong><\/p>\n<ul>\n<li> Planowanie przed przeprowadzk\u0105<\/li>\n<li> Indywidualne zarz\u0105dzanie przeprowadzk\u0105 i planowanie przeprowadzki dostosowane do potrzeb klienta<\/li>\n<li> Bezp\u0142atny pakiet przygotowawczy do przeprowadzki<\/li>\n<li> Pe\u0142ne lub cz\u0119\u015bciowe pakowanie\/rozpakowywanie<\/li>\n<li> Kratowanie i pakowanie specjalistyczne<\/li>\n<li> Ochrona mienia<\/li>\n<li> Transport lotniczy, oceaniczny i\/lub l\u0105dowy<\/li>\n<li> Dokumentacja eksportowa lub importowa<\/li>\n<li> <a href=\"https:\/\/moverdb.com\/pl\/spedytor\/\">Spedycja<\/a><\/li>\n<li> Odprawa celna<\/li>\n<li> Us\u0142ugi dotycz\u0105ce miejsc przeznaczenia<\/li>\n<li> \u015aledzenie przeprowadzki online<\/li>\n<li> Zakres wyceny<\/li>\n<li> Zarz\u0105dzanie roszczeniami<\/li>\n<li> Przechowywanie kr\u00f3tkoterminowe i d\u0142ugoterminowe<\/li>\n<li> Usuwanie gruzu<\/li>\n<\/ul>\n<p><strong>Us\u0142ugi dla miejsc przeznaczenia w skali mi\u0119dzynarodowej<\/strong><\/p>\n<ul>\n<li> Orientacja<\/li>\n<li> Konsultacje przed podj\u0119ciem decyzji<\/li>\n<li> Pomoc w uzyskaniu ubezpieczenia spo\u0142ecznego i prawa jazdy<\/li>\n<li> Pomoc w podpisaniu umowy najmu<\/li>\n<li> Pomoc w przeprowadzce<\/li>\n<li> Program wst\u0119pny \/ wycieczka zapoznawcza<\/li>\n<li> Pomoc w zakupie domu<\/li>\n<li> Pe\u0142en zakres us\u0142ug zwi\u0105zanych z wyszukiwaniem dom\u00f3w<\/li>\n<li> Wycieczki z eskort\u0105<\/li>\n<li> Analiza koszt\u00f3w utrzymania (COLA)<\/li>\n<li> Pomoc szkolna<\/li>\n<li> Pomoc w osiedlaniu si\u0119<\/li>\n<li> Us\u0142ugi zwi\u0105zane z odjazdem<\/li>\n<\/ul>\n<p><strong>Przeprowadzki firm<\/strong><\/p>\n<ul>\n<li> Doradztwo w zakresie polityki i rozw\u00f3j<\/li>\n<li> Zarz\u0105dzanie przeprowadzkami artyku\u0142\u00f3w gospodarstwa domowego<\/li>\n<li> Przemieszczanie si\u0119 grupy<\/li>\n<li> Kwota rycza\u0142towa<\/li>\n<li> Przemieszczanie artyku\u0142\u00f3w gospodarstwa domowego<\/li>\n<li> <a href=\"https:\/\/moverdb.com\/pl\/przeladunek-w-kontenerach\/\">Pe\u0142na obs\u0142uga spedycji kontenerowej<\/a><\/li>\n<li> Indywidualne raportowanie<\/li>\n<li> \u015aledzenie przeprowadzki online<\/li>\n<li> Zakres wyceny<\/li>\n<li> Zarz\u0105dzanie roszczeniami<\/li>\n<li> Przechowywanie kr\u00f3tkoterminowe i d\u0142ugoterminowe<\/li>\n<li> Kratowanie i pakowanie specjalistyczne<\/li>\n<li> Us\u0142ugi konsjer\u017ca na poziomie kierowniczym<\/li>\n<li> Sprz\u0105tanie, uk\u0142adanie i organizowanie<\/li>\n<li> Us\u0142ugi przy\u0142\u0105czenia do sieci publicznej<\/li>\n<li> Wyb\u00f3r po\u015brednika i plan marketingowy domu<\/li>\n<li> Zwrot got\u00f3wki przy sprzeda\u017cy i zakupie domu<\/li>\n<li> Bezp\u0142atny pakiet informacji o miejscu przeznaczenia<\/li>\n<li> Mieszkanie tymczasowe<\/li>\n<li> Pomoc w uzyskaniu kredytu hipotecznego<\/li>\n<\/ul>\n<p><strong>Przeprowadzki mieszkaniowe<\/strong><\/p>\n<ul>\n<li> Bezp\u0142atna wycena<\/li>\n<li> Zarz\u0105dzanie i planowanie przemieszcze\u0144<\/li>\n<li> Dedykowany koordynator przeprowadzki<\/li>\n<li> Pe\u0142ne lub cz\u0119\u015bciowe pakowanie\/rozpakowywanie<\/li>\n<li> Ochrona mienia<\/li>\n<li> Materia\u0142y opakowaniowe<\/li>\n<li> Przemieszczanie artyku\u0142\u00f3w gospodarstwa domowego<\/li>\n<li> Ochrona ubezpieczeniowa<\/li>\n<li> Przechowywanie kr\u00f3tko\/d\u0142ugookresowe<\/li>\n<li> Us\u0142ugi kraterowania<\/li>\n<li> Opcja pe\u0142nej obs\u0142ugi przeprowadzki<\/li>\n<li> Us\u0142uga przy\u0142\u0105czenia medi\u00f3w<\/li>\n<li> Plany sprzeda\u017cy\/kupna nieruchomo\u015bci za got\u00f3wk\u0119<\/li>\n<li> Inscenizacja i organizacja<\/li>\n<\/ul>\n<p><strong>Przeprowadzki obiekt\u00f3w<\/strong><\/p>\n<ul>\n<li> Biuro<\/li>\n<li> Przemys\u0142owa<\/li>\n<li> Opieka zdrowotna<\/li>\n<li> Rz\u0105d<\/li>\n<\/ul>\n<h2>Profil firmy Armstrong Relocation<\/h2>\n<p>Firma Armstrong Transfer and Storage zosta\u0142a za\u0142o\u017cona w 1922 roku, a w 1957 roku zosta\u0142a kupiona przez szwagr\u00f3w Clyde'a Springera i Jima Watsona, kt\u00f3rzy rozpocz\u0119li dzia\u0142alno\u015b\u0107 w Memphis, <a href=\"https:\/\/moverdb.com\/pl\/moving-to-the-united-states\/moving-to-tennessee\/\" data-internallinksmanager029f6b8e52c=\"406\" title=\"Przeprowadzka do Tennessee? 2026 Koszty utrzymania i porady dotycz\u0105ce przeprowadzki\">Tennessee<\/a> i nazwali firm\u0119 Armstrong Relocation. Dzi\u015b jest ona nadal prowadzona rodzinnie przez trzecie pokolenie tych dw\u00f3ch pan\u00f3w. <\/p>\n<p>Armstrong Relocation jest dzi\u015b najwi\u0119kszym agentem ds. towar\u00f3w dla <a href=\"https:\/\/moverdb.com\/pl\/united-van-lines\/\">Zjednoczone Linie Van Lines<\/a> i ma 22 biura w <a href=\"https:\/\/moverdb.com\/pl\/moving-to-the-united-states\/\" data-internallinksmanager029f6b8e52c=\"94\" title=\"Przeprowadzasz si\u0119 do Stan\u00f3w Zjednoczonych? 2026 Koszty \u017cycia i wskaz\u00f3wki dotycz\u0105ce przeprowadzki\">USA<\/a>oraz sie\u0107 agent\u00f3w na ca\u0142ym \u015bwiecie, kt\u00f3rzy obs\u0142uguj\u0105 klient\u00f3w mi\u0119dzynarodowych. Misj\u0105 firmy Armstrong Relocation jest dostarczanie doskona\u0142ej jako\u015bci i osi\u0105ganie zadowolenia klient\u00f3w.<\/p>\n<p>Firma Armstrong Relocation posiada nast\u0119puj\u0105ce afiliacje i akredytacje:<\/p>\n<ul>\n<li> <a href=\"https:\/\/moverdb.com\/pl\/british-association-of-removers\/\">Brytyjskie Stowarzyszenie Przeprowadzek<\/a> (<a href=\"https:\/\/moverdb.com\/pl\/british-association-of-removers\/\" data-internallinksmanager029f6b8e52c=\"9\" title=\"Brytyjskie Stowarzyszenie Przeprowadzek (BAR) - obja\u015bnienia\">BAR<\/a>)<\/li>\n<li> <a href=\"https:\/\/moverdb.com\/pl\/fidi-faim\/\">Federacja Mi\u0119dzynarodowych Firm Przeprowadzkowych<\/a> (<a href=\"https:\/\/moverdb.com\/pl\/fidi-faim\/\" data-internallinksmanager029f6b8e52c=\"16\" title=\"FIDI i FAIM (FIDI Accredited International Mover) - obja\u015bnienia\">FIDI<\/a>)<\/li>\n<li> Forum Zarz\u0105dzania Wsp\u00f3\u0142prac\u0105 z Zagranic\u0105<\/li>\n<li> Po\u015bredni przewo\u017anik lotniczy<\/li>\n<li> <a href=\"https:\/\/moverdb.com\/pl\/iata\/\">Stowarzyszenie Mi\u0119dzynarodowego Transportu Lotniczego<\/a> (<a href=\"https:\/\/moverdb.com\/pl\/iata\/\" data-internallinksmanager029f6b8e52c=\"22\" title=\"Zrzeszenie Mi\u0119dzynarodowego Transportu Lotniczego (IATA) - obja\u015bnienia\">IATA<\/a>)<\/li>\n<li> <a href=\"https:\/\/moverdb.com\/pl\/jestem\/\">Mi\u0119dzynarodowe Stowarzyszenie Przewo\u017anik\u00f3w<\/a> (<a href=\"https:\/\/moverdb.com\/pl\/iam\/\" data-internallinksmanager029f6b8e52c=\"23\" title=\"Mi\u0119dzynarodowe Stowarzyszenie Przewo\u017anik\u00f3w (IAM) - obja\u015bnienia\">IAM<\/a>)<\/li>\n<li> Mi\u0119dzynarodowe Stowarzyszenie Zarz\u0105dzania Obiektami<\/li>\n<li> Mi\u0119dzynarodowa Organizacja Normalizacyjna<\/li>\n<li> <a href=\"https:\/\/moverdb.com\/pl\/lacma\/\">Stowarzyszenie Przewo\u017anik\u00f3w Mi\u0119dzynarodowych Ameryki \u0141aci\u0144skiej i Karaib\u00f3w<\/a> (<a href=\"https:\/\/moverdb.com\/pl\/lacma\/\" data-internallinksmanager029f6b8e52c=\"28\" title=\"Stowarzyszenie Przewo\u017anik\u00f3w Mi\u0119dzynarodowych Ameryki \u0141aci\u0144skiej i Karaib\u00f3w (LACMA)\">LACMA<\/a>)<\/li>\n<li> Mi\u0119dzynarodowa Sie\u0107 Przemieszcze\u0144 Zamorskich (OMNI)<\/li>\n<li> Stowarzyszenie Za\u0142adowc\u00f3w Zamorskich (OSA) - cz\u0142onek za\u0142o\u017cyciel<\/li>\n<li> Towarzystwo Zarz\u0105dzania Zasobami Ludzkimi<\/li>\n<li> S\u0142u\u017cba Celna i Ochrona Granic USA<\/li>\n<li> <a href=\"https:\/\/moverdb.com\/pl\/rada-ds-relokacji-pracownikow\/\">\u015awiatowa Rada ds. Relokacji Pracownik\u00f3w<\/a><\/li>\n<li> Smartway<\/li>\n<li> <a href=\"https:\/\/moverdb.com\/pl\/united-van-lines\/\">Zjednoczone Linie Van Lines<\/a><\/li>\n<\/ul>\n<h2>Opinie o firmie Armstrong Relocation<\/h2>\n<p><strong>Pozytywne:<\/strong><\/p>\n<ul>\n<li> <em>\"Za\u0142oga firmy Armstrong naprawd\u0119 sprawi\u0142a, \u017ce przeprowadzka sta\u0142a si\u0119 przyjemnym do\u015bwiadczeniem!\".<\/em> Kay T via <a href=\"https:\/\/www.yelp.com\/biz\/armstrong-relocation-carrollton-4?hrid=LJyHKGw95UdYmBHHZwyr5Q&#038;utm_campaign=www_review_share_popup&#038;utm_medium=copy_link&#038;utm_source=(direct)\" target=\"_blank\" rel=\"noopener\">Yelp<\/a><\/li>\n<li> <em>\"Nie mog\u0119 uwierzy\u0107, jak \u0142atwo posz\u0142a mi przeprowadzka. To by\u0142o \u0142atwe i nie stresowa\u0142am si\u0119. Erin przez ca\u0142y czas upewnia\u0142a si\u0119, \u017ce mam wszystkie potrzebne informacje i cz\u0119sto dzwoni\u0142a, aby sprawdzi\u0107, czy wszystko jest w porz\u0105dku. Je\u015bli kiedykolwiek b\u0119d\u0119 musia\u0142a ponownie zmieni\u0107 miejsce zamieszkania, z pewno\u015bci\u0105 skorzystam z us\u0142ug Armstrong Relation!<\/em> - Bfunte via <a href=\"http:\/\/www.mymovingreviews.com\/movers\/armstrong-relocation-2671#50688\" target=\"_blank\" rel=\"noopener\">MyMovingReviews.com<\/a> <\/li>\n<li> <em>\"Nasz zesp\u00f3\u0142 Armstrong by\u0142 znakomity! Zapewnili doskona\u0142\u0105 obs\u0142ug\u0119 klienta, byli przyja\u017ani, pomocni, dobrze zorganizowani, wydajni i profesjonalni. Byli najlepsz\u0105 ekip\u0105 przeprowadzkow\u0105, jak\u0105 kiedykolwiek mieli\u015bmy!\".<\/em> - Referencje klienta M.M z witryny Armstrong<\/li>\n<\/ul>\n<p><strong>Negatywny:<\/strong><\/p>\n<ul>\n<li> \"<em>Chcia\u0142abym m\u00f3c da\u0107 im zero gwiazdek. To by\u0142o najgorsze do\u015bwiadczenie w moim \u017cyciu\".<\/em> Natalie M via <a href=\"https:\/\/www.yelp.com\/biz\/armstrong-relocation-carrollton-4?hrid=caooXxcr-ZmkltnMtL6R_g&#038;utm_campaign=www_review_share_popup&#038;utm_medium=copy_link&#038;utm_source=(direct)\" target=\"_blank\" rel=\"noopener\">Yelp<\/a><\/li>\n<li> <em>\"Uwa\u017cam, \u017ce w przypadku przeprowadzki lokalnej firma Armstrong mo\u017ce by\u0107 rozs\u0105dnym wyborem. Jednak w przypadku d\u0142u\u017cszych przeprowadzek musz\u0105 lepiej oszacowa\u0107 czas dostawy i lepiej komunikowa\u0107 si\u0119 z agentem po stronie dostawy\".<\/em> - przez <a href=\"http:\/\/www.bbb.org\/chicago\/business-reviews\/movers\/armstrong-relocation-co-in-glendale-hts-il-12008868\/customer-reviews\" target=\"_blank\" rel=\"noopener\">BBB<\/a><\/li>\n<li> <em>\"Jestem na nich bardzo z\u0142a. Rozpakowali wszystkie moje rzeczy, kt\u00f3re mia\u0142am na strychu. Co jest w porz\u0105dku, bo nie chc\u0119, \u017ceby si\u0119 zepsu\u0142y. Ale wszystko by\u0142o pomieszane\".<\/em> - Mistie via <a href=\"https:\/\/www.facebook.com\/ArmstrongRelocationDallas\/reviews\/\" target=\"_blank\" rel=\"noopener\">Facebook<\/a><\/li>\n<\/ul>\n<div itemprop=\"review\" itemscope itemtype=\"http:\/\/schema.org\/Review\">\n<span itemprop=\"author\" itemscope=\"\" itemtype=\"http:\/\/schema.org\/Organization\"><span itemprop=\"name\">MoverDB.com<\/span><\/span> Przegl\u0105d stron internetowych dla <span itemprop=\"itemreviewed\" itemscope=\"\" itemtype=\"http:\/\/schema.org\/Brand\"><span itemprop=\"name\">Armstrong Relokacja<\/span><\/span>:<\/p>\n<ol>\n<li> Przejrzyste dane kontaktowe na stronie internetowej (w tym numer telefonu): <strong>Tak<\/strong><\/li>\n<li> \u0141atwe do uzyskania <a href=\"https:\/\/moverdb.com\/pl\/cytaty\/\">oferty na przeprowadzki mi\u0119dzynarodowe<\/a>? (formularz wniosku o wycen\u0119 online): <strong>Tak<\/strong><\/li>\n<li> Przejrzyste informacje na stronie internetowej: <strong>Tak<\/strong>Strona internetowa daje klientom dobre wyobra\u017cenie o tym, czego mog\u0105 oczekiwa\u0107 od firmy.<\/li>\n<li> Cz\u0142onkostwo w uznanych mi\u0119dzynarodowych organizacjach zajmuj\u0105cych si\u0119 przemieszczaniem: <strong>Tak<\/strong>wiele, patrz wy\u017cej<\/li>\n<li> Lista klient\u00f3w i\/lub referencje poprzednich klient\u00f3w: <strong>Tak<\/strong>ale s\u0105 one rozproszone po ca\u0142ej witrynie, a nie na dedykowanej stronie docelowej. Co wi\u0119cej, ich recenzje w sieci s\u0105 nieco mieszane.<\/li>\n<\/ol>\n<div itemprop=\"reviewRating\" itemscope itemtype=\"http:\/\/schema.org\/Rating\"><meta itemprop=\"worstRating\" content = \"0\" \/><meta itemprop=\"bestRating\" content=\"5\" \/><meta itemprop=\"ratingValue\" content=\"4\"><\/div>\n<p><strong>Ocena og\u00f3lna: 4\/5<\/strong><br \/>\n<strong>Data przegl\u0105du:<\/strong> <span itemprop=\"datePublished\" content=\"2016-10-25\">25\/10\/2016<\/span>\n<\/div>\n<p>Czytaj wi\u0119cej o <a href=\"https:\/\/moverdb.com\/pl\/firmy-przeprowadzkowe\/\">firmy zajmuj\u0105ce si\u0119 przeprowadzkami mi\u0119dzynarodowymi<\/a>, <a href=\"https:\/\/moverdb.com\/pl\/usa-kanada-movers\/\">Przeprowadzki na du\u017ce odleg\u0142o\u015bci i przeprowadzki mi\u0119dzystanowe<\/a> i nasze <a href=\"https:\/\/moverdb.com\/pl\/recenzje\/\">proces przegl\u0105du<\/a>.<\/p>\n<p><strong>Strona internetowa:<\/strong> <a href=\"http:\/\/www.armstrongrelocation.com\" target=\"_blank\" rel=\"noopener\">http:\/\/www.armstrongrelocation.com<\/a><\/p>","protected":false},"excerpt":{"rendered":"<p>Armstrong Relocation has an abundance of moving services which it offers its customers. These are listed below together with a company profile and reviews. International Moving Services Pre-move planning Personal move management and custom-designed move planning Free move preparation packet Full or partial packing\/unpacking Crating and specialty packing Property protection Air, ocean and\/or land transportation [&hellip;]<\/p>\n","protected":false},"author":1,"featured_media":0,"parent":0,"menu_order":0,"comment_status":"closed","ping_status":"closed","template":"","meta":{"_genesis_hide_title":false,"_genesis_hide_breadcrumbs":false,"_genesis_hide_singular_image":false,"_genesis_hide_footer_widgets":false,"_genesis_custom_body_class":"","_genesis_custom_post_class":"","_genesis_layout":"","footnotes":""},"class_list":{"0":"post-1041","1":"page","2":"type-page","3":"status-publish","5":"entry"},"_links":{"self":[{"href":"https:\/\/moverdb.com\/pl\/wp-json\/wp\/v2\/pages\/1041","targetHints":{"allow":["GET"]}}],"collection":[{"href":"https:\/\/moverdb.com\/pl\/wp-json\/wp\/v2\/pages"}],"about":[{"href":"https:\/\/moverdb.com\/pl\/wp-json\/wp\/v2\/types\/page"}],"author":[{"embeddable":true,"href":"https:\/\/moverdb.com\/pl\/wp-json\/wp\/v2\/users\/1"}],"replies":[{"embeddable":true,"href":"https:\/\/moverdb.com\/pl\/wp-json\/wp\/v2\/comments?post=1041"}],"version-history":[{"count":3,"href":"https:\/\/moverdb.com\/pl\/wp-json\/wp\/v2\/pages\/1041\/revisions"}],"predecessor-version":[{"id":6174,"href":"https:\/\/moverdb.com\/pl\/wp-json\/wp\/v2\/pages\/1041\/revisions\/6174"}],"wp:attachment":[{"href":"https:\/\/moverdb.com\/pl\/wp-json\/wp\/v2\/media?parent=1041"}],"curies":[{"name":"wp","href":"https:\/\/api.w.org\/{rel}","templated":true}]}}