{"id":1040,"date":"2016-11-21T22:14:01","date_gmt":"2016-11-21T22:14:01","guid":{"rendered":"http:\/\/moverdb.com\/?page_id=1040"},"modified":"2026-01-08T14:40:11","modified_gmt":"2026-01-08T14:40:11","slug":"mccollisters-moving","status":"publish","type":"page","link":"https:\/\/moverdb.com\/pl\/mccollisters-moving\/","title":{"rendered":"Grupa transportowa McCollister: Przeprowadzki mi\u0119dzynarodowe"},"content":{"rendered":"<p>McCollister's Transportation Group jest przedstawicielem UniGroup. Firma oferuje swoim klientom wiele us\u0142ug zwi\u0105zanych z przeprowadzkami, kt\u00f3re zosta\u0142y wymienione poni\u017cej wraz z profilem firmy i opiniami.<\/p>\n<p><strong>Przeprowadzki mi\u0119dzynarodowe<\/strong><\/p>\n<ul>\n<li> Dedykowany koordynator ds. logistyki<\/li>\n<li> Us\u0142uga \"od drzwi do drzwi\".<\/li>\n<li> Pe\u0142na obs\u0142uga<\/li>\n<li> Serwis samochod\u00f3w dostawczych z nap\u0119dem pneumatycznym<\/li>\n<li> Fracht lotniczy i morski<\/li>\n<li> Przechowywanie kr\u00f3tko- i d\u0142ugoterminowe<\/li>\n<\/ul>\n<p><strong>Przeprowadzki komercyjne<\/strong><\/p>\n<ul>\n<li> Przeniesienie biura\/obiektu<\/li>\n<li> Przeniesienie centrum danych i us\u0142ugi informatyczne<\/li>\n<li> Operacje w przestrzeni wewn\u0119trznej<\/li>\n<li> Meble systemowe<\/li>\n<li> Magazynowanie komercyjne<\/li>\n<li> Przechowywanie kr\u00f3tko- i d\u0142ugoterminowe<\/li>\n<\/ul>\n<p><strong>Przeprowadzki gospodarstw domowych<\/strong><\/p>\n<ul>\n<li> Przeprowadzki mieszkaniowe<\/li>\n<li> Ruchy wojsk<\/li>\n<li> Ruchy DIY<\/li>\n<li> UPASS dla student\u00f3w<\/li>\n<li> Relokacje przedsi\u0119biorstw<\/li>\n<li> Pe\u0142na obs\u0142uga<\/li>\n<li> Od drzwi do drzwi<\/li>\n<li> Przechowywanie kr\u00f3tko- i d\u0142ugoterminowe<\/li>\n<\/ul>\n<p><strong>Transport specjalistyczny<\/strong><\/p>\n<ul>\n<li> Przenoszenie sprz\u0119tu medycznego<\/li>\n<li> Transport mro\u017cony\/kriogeniczny<\/li>\n<li> Sztuka i antyki<\/li>\n<li> Targi bran\u017cowe<\/li>\n<li> Przemys\u0142 solarny<\/li>\n<li> Bia\u0142a r\u0119kawiczka\/wy\u015bcie\u0142ana furgonetka<\/li>\n<li> Kontrola klimatu<\/li>\n<li> Transport wojskowy<\/li>\n<li> Transport samochodowy<\/li>\n<li> Rozrywka<\/li>\n<\/ul>\n<h2>Profil firmy Grupa transportowa McCollister<\/h2>\n<p>Firma McCollister's Transportation Group zosta\u0142a za\u0142o\u017cona w 1945 roku przez H. Daniela McCollistera. McCollister's jest firm\u0105 prywatn\u0105 i jest agentem firmy UniGroup Inc, do kt\u00f3rej nale\u017c\u0105 <a href=\"https:\/\/moverdb.com\/pl\/united-van-lines\/\">Zjednoczone Linie Van Lines<\/a> oraz <a href=\"https:\/\/moverdb.com\/pl\/mayflower-transit\/\">Tranzyt Mayflower<\/a>. <\/p>\n<p>Siedziba firmy znajduje si\u0119 w Burlington, <a href=\"https:\/\/moverdb.com\/pl\/moving-to-the-united-states\/moving-to-new-jersey\/\" data-internallinksmanager029f6b8e52c=\"417\" title=\"Przeprowadzka do New Jersey? Koszty utrzymania i wskaz\u00f3wki dotycz\u0105ce relokacji w 2023 r.\">New Jersey<\/a>Firma zatrudnia ponad 1000 pe\u0142noetatowych pracownik\u00f3w i obs\u0142uguje ponad 1000 pojazd\u00f3w i sprz\u0119tu do przeprowadzek.<\/p>\n<p>McCollister's posiada trzy g\u0142\u00f3wne dzia\u0142y - relokacje pracownik\u00f3w, us\u0142ugi handlowe i logistyk\u0119 produkt\u00f3w o wysokiej warto\u015bci. Firma twierdzi, \u017ce sw\u00f3j sukces zawdzi\u0119cza <em>\"elastyczne rozwi\u0105zania, wysoka jako\u015b\u0107 us\u0142ug, bezpiecze\u0144stwo, wydajno\u015b\u0107 i szybko\u015b\u0107\".<\/em> <\/p>\n<p>Grupa transportowa McCollister posiada nast\u0119puj\u0105ce akredytacje i przynale\u017cno\u015bci:<\/p>\n<ul>\n<li> <a href=\"https:\/\/moverdb.com\/pl\/jestem\/\">Mi\u0119dzynarodowe Stowarzyszenie Przewo\u017anik\u00f3w<\/a> (<a href=\"https:\/\/moverdb.com\/pl\/iam\/\" data-internallinksmanager029f6b8e52c=\"23\" title=\"Mi\u0119dzynarodowe Stowarzyszenie Przewo\u017anik\u00f3w (IAM) - obja\u015bnienia\">IAM<\/a>)<\/li>\n<li> <a href=\"https:\/\/moverdb.com\/pl\/amsa\/\">AMSA<\/a><\/li>\n<li> Przewo\u017anik z certyfikatem C-TPAT<\/li>\n<li> <a href=\"https:\/\/moverdb.com\/pl\/obrecz-promocja\/\">Certyfikowany ProMover<\/a><\/li>\n<li> <a href=\"https:\/\/moverdb.com\/pl\/rada-ds-relokacji-pracownikow\/\">Rada ds. Relokacji Pracownik\u00f3w<\/a><\/li>\n<li> <a href=\"https:\/\/moverdb.com\/pl\/moving-to-the-united-states\/\" data-internallinksmanager029f6b8e52c=\"94\" title=\"Przeprowadzasz si\u0119 do Stan\u00f3w Zjednoczonych? 2026 Koszty \u017cycia i wskaz\u00f3wki dotycz\u0105ce przeprowadzki\">USA<\/a> Agencja Ochrony \u015arodowiska - SmartWay<\/li>\n<li> Stowarzyszenie Hurtownik\u00f3w i Przewo\u017anik\u00f3w w New Jersey<\/li>\n<li> Better Business Bureau (BBB)<\/li>\n<\/ul>\n<h2>Grupa transportowa McCollister Opinie<\/h2>\n<p><strong>Pozytywne:<\/strong><\/p>\n<ul>\n<li> <em>\"Og\u00f3lnie rzecz bior\u0105c, by\u0142em bardzo zadowolony z do\u015bwiadczenia, nawet w przypadku drobnych problem\u00f3w, spos\u00f3b, w jaki zosta\u0142y one rozwi\u0105zane, \u015bwiadczy o tym, \u017ce firma jest naprawd\u0119 profesjonalna\".<\/em> - Sherif przez <a href=\"https:\/\/www.yelp.com\/biz\/mccollisters-transportation-group-burlington?hrid=DrSyWKiICkF8QIFDonWtLQ&#038;utm_campaign=www_review_share_popup&#038;utm_medium=copy_link&#038;utm_source=(direct)\" target=\"_blank\" rel=\"noopener\">Yelp<\/a>.<\/li>\n<li> <em>\"Wspania\u0142e do\u015bwiadczenie od pierwszej rozmowy telefonicznej do ostatniego pude\u0142ka z ci\u0119\u017car\u00f3wki. Gor\u0105co polecam!\"<\/em> - Sharon przez <a href=\"https:\/\/www.facebook.com\/pg\/McCollisters\/reviews\/\" target=\"_blank\" rel=\"noopener\">Facebook<\/a><\/li>\n<\/ul>\n<p><strong>Negatywny:<\/strong><\/p>\n<ul>\n<li> <em>\"Ta recenzja mia\u0142aby 5 gwiazdek, gdyby nie to, \u017ce kto\u015b z ich za\u0142ogi okrad\u0142 mnie i moj\u0105 rodzin\u0119\".<\/em> - Mike via <a href=\"https:\/\/www.bbb.org\/new-jersey\/business-reviews\/movers\/mccollister-s-transportation-in-burlington-nj-80001208\/reviews-and-complaints\" target=\"_blank\" rel=\"noopener\">BBB<\/a><\/li>\n<li> <em>\"Zwykle nie zamieszczam post\u00f3w na tej stronie, ale mia\u0142em HORRIBLE do\u015bwiadczenie z t\u0105 firm\u0105.\"<\/em> - BK przez <a href=\"http:\/\/www.mymovingreviews.com\/movers\/mccollister-s-5188#48089\" target=\"_blank\" rel=\"noopener\">MyMovingReviews<\/a><\/li>\n<\/ul>\n<div itemprop=\"review\" itemscope itemtype=\"http:\/\/schema.org\/Review\">\n<span itemprop=\"author\" itemscope=\"\" itemtype=\"http:\/\/schema.org\/Organization\"><span itemprop=\"name\">MoverDB.com<\/span><\/span> Przegl\u0105d stron internetowych dla <span itemprop=\"itemreviewed\" itemscope=\"\" itemtype=\"http:\/\/schema.org\/Brand\"><span itemprop=\"name\">Grupa transportowa McCollister<\/span><\/span>:<\/p>\n<ol>\n<li> Przejrzyste dane kontaktowe na stronie internetowej (w tym numer telefonu): <strong>Tak<\/strong><\/li>\n<li> \u0141atwe do uzyskania <a href=\"https:\/\/moverdb.com\/pl\/cytaty\/\">oferty na przeprowadzki mi\u0119dzynarodowe<\/a>? (formularz wniosku o wycen\u0119 online): <strong>Tak<\/strong><\/li>\n<li> Przejrzyste informacje na stronie internetowej: <strong>Niekt\u00f3re<\/strong> Strona internetowa nie zawiera zbyt wielu szczeg\u00f3\u0142owych informacji.<\/li>\n<li> Cz\u0142onkostwo w uznanych mi\u0119dzynarodowych organizacjach zajmuj\u0105cych si\u0119 przemieszczaniem: <strong>Tak<\/strong>patrz wy\u017cej.<\/li>\n<li> Lista klient\u00f3w i\/lub referencje poprzednich klient\u00f3w: <strong>Nr<\/strong>Chocia\u017c maj\u0105 stron\u0119 na Facebooku z kilkoma recenzjami. Recenzje z pozosta\u0142ych stron internetowych s\u0105 nieco mieszane, ale bardziej pozytywne ni\u017c negatywne.<\/li>\n<\/ol>\n<div itemprop=\"reviewRating\" itemscope itemtype=\"http:\/\/schema.org\/Rating\"><meta itemprop=\"worstRating\" content = \"0\" \/><meta itemprop=\"bestRating\" content=\"5\" \/><meta itemprop=\"ratingValue\" content=\"3.5\"><\/div>\n<p><strong>Ocena og\u00f3lna: 3,5\/5<\/strong><br \/>\n<strong>Data przegl\u0105du:<\/strong> <span itemprop=\"datePublished\" content=\"2016-11-21\">21\/11\/2016<\/span>\n<\/div>\n<p>Czytaj wi\u0119cej o <a href=\"https:\/\/moverdb.com\/pl\/firmy-przeprowadzkowe\/\">najlepsze firmy zajmuj\u0105ce si\u0119 przeprowadzkami mi\u0119dzynarodowymi<\/a>, <a href=\"https:\/\/moverdb.com\/pl\/usa-kanada-movers\/\">Przeprowadzki z USA<\/a> i nasze <a href=\"https:\/\/moverdb.com\/pl\/recenzje\/\">proces przegl\u0105du<\/a>.<\/p>\n<p><strong>Strona internetowa:<\/strong> <a href=\"https:\/\/www.mccollisters.com\/\" target=\"_blank\" rel=\"noopener\">https:\/\/www.mccollisters.com\/<\/a><\/p>","protected":false},"excerpt":{"rendered":"<p>McCollister&#8217;s Transportation Group is an agent of the UniGroup. The company offers its clients many moving services which are listed below, together with a company profile and reviews. International Moves Dedicated logistics coordinator Door-to-door service Full service Air ride van service Air and sea freight Short and long term storage Commercial Moves Office\/facility relocation Data [&hellip;]<\/p>\n","protected":false},"author":1,"featured_media":0,"parent":0,"menu_order":0,"comment_status":"closed","ping_status":"closed","template":"","meta":{"_genesis_hide_title":false,"_genesis_hide_breadcrumbs":false,"_genesis_hide_singular_image":false,"_genesis_hide_footer_widgets":false,"_genesis_custom_body_class":"","_genesis_custom_post_class":"","_genesis_layout":"","footnotes":""},"class_list":{"0":"post-1040","1":"page","2":"type-page","3":"status-publish","5":"entry"},"_links":{"self":[{"href":"https:\/\/moverdb.com\/pl\/wp-json\/wp\/v2\/pages\/1040","targetHints":{"allow":["GET"]}}],"collection":[{"href":"https:\/\/moverdb.com\/pl\/wp-json\/wp\/v2\/pages"}],"about":[{"href":"https:\/\/moverdb.com\/pl\/wp-json\/wp\/v2\/types\/page"}],"author":[{"embeddable":true,"href":"https:\/\/moverdb.com\/pl\/wp-json\/wp\/v2\/users\/1"}],"replies":[{"embeddable":true,"href":"https:\/\/moverdb.com\/pl\/wp-json\/wp\/v2\/comments?post=1040"}],"version-history":[{"count":7,"href":"https:\/\/moverdb.com\/pl\/wp-json\/wp\/v2\/pages\/1040\/revisions"}],"predecessor-version":[{"id":13175,"href":"https:\/\/moverdb.com\/pl\/wp-json\/wp\/v2\/pages\/1040\/revisions\/13175"}],"wp:attachment":[{"href":"https:\/\/moverdb.com\/pl\/wp-json\/wp\/v2\/media?parent=1040"}],"curies":[{"name":"wp","href":"https:\/\/api.w.org\/{rel}","templated":true}]}}