{"id":1039,"date":"2016-10-26T05:36:32","date_gmt":"2016-10-26T05:36:32","guid":{"rendered":"http:\/\/moverdb.com\/?page_id=1039"},"modified":"2026-01-08T15:30:40","modified_gmt":"2026-01-08T15:30:40","slug":"williams-moving-storage","status":"publish","type":"page","link":"https:\/\/moverdb.com\/pl\/williams-moving-storage\/","title":{"rendered":"Williams Moving &amp; Storage: Przeprowadzki mi\u0119dzynarodowe"},"content":{"rendered":"<p>Williams Moving &amp; Storage Ltd znajduje si\u0119 w Lethbridge, <a href=\"https:\/\/moverdb.com\/pl\/moving-to-canada\/\" data-internallinksmanager029f6b8e52c=\"265\" title=\"Przeprowadzka do Kanady? 2026 Koszty utrzymania i wskaz\u00f3wki dotycz\u0105ce przeprowadzki\">Kanada<\/a>. Firma oferuje swoim klientom szereg us\u0142ug przeprowadzkowych, kt\u00f3re zosta\u0142y wymienione poni\u017cej wraz z profilem firmy i opiniami.<\/p>\n<p><strong>Przeprowadzki mi\u0119dzynarodowe<\/strong><\/p>\n<ul>\n<li> Przemieszczanie si\u0119 kolej\u0105, statkiem lub samolotem<\/li>\n<li> Przydzielony kierownik przeprowadzki<\/li>\n<li> Us\u0142uga \"od drzwi do drzwi\" na ca\u0142ym \u015bwiecie<\/li>\n<li> Pakowanie - pe\u0142na obs\u0142uga, delikatne przedmioty lub samodzielne pakowanie<\/li>\n<li> Materia\u0142y do pakowania<\/li>\n<li> Odprawa celna<\/li>\n<li> Rozpakowywanie - pe\u0142na obs\u0142uga, delikatne przedmioty lub samodzielne rozpakowywanie<\/li>\n<li> Przechowywanie d\u0142ugo- i kr\u00f3tkoterminowe<\/li>\n<\/ul>\n<p><strong>Przeprowadzki korporacyjne i handlowe<\/strong><\/p>\n<ul>\n<li> Od drzwi do drzwi<\/li>\n<li> Przydzielony kierownik przeprowadzki<\/li>\n<li> Wyznaczona za\u0142oga do materia\u0142\u00f3w wra\u017cliwych<\/li>\n<li> Wyznaczona ekipa instalacyjna<\/li>\n<\/ul>\n<p><strong>Przeprowadzki mieszkaniowe<\/strong><\/p>\n<ul>\n<li> Dost\u0119pna pe\u0142na obs\u0142uga<\/li>\n<li> Przydzielony kierownik przeprowadzki<\/li>\n<li> Dostarczone materia\u0142y opakowaniowe<\/li>\n<li> Pakowanie - pe\u0142ny zakres us\u0142ug, delikatne przedmioty lub majsterkowanie<\/li>\n<li> Rozpakowywanie - pe\u0142ny zakres us\u0142ug, delikatne przedmioty lub samodzielne rozpakowywanie<\/li>\n<\/ul>\n<p><strong>Przeprowadzki dla majsterkowicz\u00f3w<\/strong><\/p>\n<ul>\n<li> Dostarczenie ci\u0119\u017car\u00f3wki i materia\u0142\u00f3w do pakowania<\/li>\n<li> 8 godzin na pakowanie i za\u0142adunek<\/li>\n<li> Przeniesiony do zajezdni<\/li>\n<li> W miejscu przeznaczenia - 8 godzin na roz\u0142adunek<\/li>\n<\/ul>\n<h2>Profil firmy Williams Moving &amp; Storage<\/h2>\n<p><em><strong>Uwaga<\/strong> \u017ce firma Williams Moving &amp; Storage <a href=\"http:\/\/globalnews.ca\/news\/1787201\/after-86-years-williams-moving-and-storage-files-for-bankruptcy\/\" target=\"_blank\" rel=\"noopener\">z\u0142o\u017cy\u0142 wniosek o upad\u0142o\u015b\u0107 w 2015 r.<\/a>. Jednak Williams Moving &amp; Storage (Cranbrook) Ltd. nadal prowadzi dzia\u0142alno\u015b\u0107 i jest sprofilowana poni\u017cej.<\/em><\/p>\n<p>Firma Williams Moving and Storage zosta\u0142a za\u0142o\u017cona w 1929 roku. Przeprowadza osoby prywatne i firmy zar\u00f3wno lokalnie, jak i mi\u0119dzynarodowo. Firma specjalizuje si\u0119 w przeprowadzkach korporacyjnych i komercyjnych, mieszkaniowych i <a href=\"https:\/\/moverdb.com\/pl\/przeladunek-w-kontenerach\/\">przeprowadzki mi\u0119dzynarodowe<\/a>. <\/p>\n<p>Jedn\u0105 z innowacyjnych us\u0142ug jest przeprowadzka \"zr\u00f3b to sam\", kt\u00f3ra jest idealna dla klient\u00f3w o ograniczonym bud\u017cecie. <\/p>\n<p>Williams Moving &amp; Storage dysponuje wysoce wyspecjalizowanym sprz\u0119tem do przeprowadzek, kt\u00f3ry gwarantuje, \u017ce przeniesie Twoje rzeczy z \u0142atwo\u015bci\u0105, szybko i bez uszkodze\u0144.<\/p>\n<p>Williams Moving &amp; Storage posiada nast\u0119puj\u0105ce akredytacje i przynale\u017cno\u015bci:<\/p>\n<ul>\n<li> <a href=\"https:\/\/moverdb.com\/pl\/fidi-faim\/\">Federacja Mi\u0119dzynarodowych Przewo\u017anik\u00f3w Drogowych<\/a> (<a href=\"https:\/\/moverdb.com\/pl\/fidi-faim\/\" data-internallinksmanager029f6b8e52c=\"16\" title=\"FIDI i FAIM (FIDI Accredited International Mover) - obja\u015bnienia\">FIDI<\/a>)<\/li>\n<li> <a href=\"https:\/\/moverdb.com\/pl\/fidi-faim\/\">Akredytowane firmy przeprowadzkowe FIDI<\/a> (FAIM)<\/li>\n<li> <a href=\"https:\/\/moverdb.com\/pl\/jestem\/\">Mi\u0119dzynarodowe Stowarzyszenie Przewo\u017anik\u00f3w<\/a> (<a href=\"https:\/\/moverdb.com\/pl\/iam\/\" data-internallinksmanager029f6b8e52c=\"23\" title=\"Mi\u0119dzynarodowe Stowarzyszenie Przewo\u017anik\u00f3w (IAM) - obja\u015bnienia\">IAM<\/a>)<\/li>\n<li> Mi\u0119dzynarodowa Sie\u0107 Przemieszcze\u0144 Zamorskich (OMNI)<\/li>\n<li> Sie\u0107 bran\u017cy hotelarskiej (NEWH)<\/li>\n<li> Sie\u0107 Relokacji Komercyjnych (CRN)<\/li>\n<li> <a href=\"https:\/\/moverdb.com\/pl\/united-van-lines\/\">Zjednoczone Linie Van Lines<\/a> (Kanada)<\/li>\n<\/ul>\n<h2>Williams Moving &amp; Storage Reviews<\/h2>\n<p><strong>Pozytywne:<\/strong><\/p>\n<ul>\n<li> \"<em>To by\u0142a wspania\u0142a firma, z kt\u00f3r\u0105 mia\u0142em do czynienia od pocz\u0105tku do ko\u0144ca. Osoba odpowiedzialna za wycen\u0119 by\u0142a bardzo profesjonalna i cierpliwie odpowiada\u0142a na wszystkie moje pytania. W dniu przeprowadzki wszystko posz\u0142o bardzo g\u0142adko. Ekipa przeprowadzkowa dzia\u0142a\u0142a sprawnie i bardzo ostro\u017cnie obchodzi\u0142a si\u0119 z moimi rzeczami.\"<\/em> - Shairoz via <a href=\"https:\/\/homestars.com\/companies\/229930-williams-moving-and-storage\/reviews\/61856\" target=\"_blank\" rel=\"noopener\">HomeStars<\/a> <\/li>\n<\/ul>\n<p><strong>Negatywny:<\/strong><\/p>\n<ul>\n<li> <em>\"Firma Williams Moving and Storage powinna si\u0119 wstydzi\u0107. Pojawiaj\u0105 si\u0119 z przypadkowymi pracownikami, kt\u00f3rzy nie mog\u0105 dba\u0107 o Tw\u00f3j spok\u00f3j i nie maj\u0105 ochoty na prac\u0119.\"<\/em> - Julie B. via <a href=\"http:\/\/www.bbb.org\/calgary\/business-reviews\/movers\/williams-moving-and-storage-lethbridge-in-lethbridge-ab-36707\/customer-reviews\" target=\"_blank\" rel=\"noopener\">BBB<\/a><\/li>\n<\/ul>\n<div itemprop=\"review\" itemscope itemtype=\"http:\/\/schema.org\/Review\">\n<span itemprop=\"author\" itemscope=\"\" itemtype=\"http:\/\/schema.org\/Organization\"><span itemprop=\"name\">MoverDB.com<\/span><\/span> Przegl\u0105d stron internetowych dla <span itemprop=\"itemreviewed\" itemscope=\"\" itemtype=\"http:\/\/schema.org\/Brand\"><span itemprop=\"name\">Williams Moving &amp; Storage<\/span><\/span>:<\/p>\n<ol>\n<li> Przejrzyste dane kontaktowe na stronie internetowej (w tym numer telefonu): <strong>Tak<\/strong><\/li>\n<li> \u0141atwe do uzyskania <a href=\"https:\/\/moverdb.com\/pl\/cytaty\/\">oferty na przeprowadzki mi\u0119dzynarodowe<\/a>? (formularz wniosku o wycen\u0119 online): <strong>Tak<\/strong><\/li>\n<li> Przejrzyste informacje na stronie internetowej: <strong>Nr<\/strong>Strona internetowa niewiele m\u00f3wi o firmie i oferowanych przez ni\u0105 us\u0142ugach.<\/li>\n<li> Cz\u0142onkostwo w uznanych mi\u0119dzynarodowych organizacjach zajmuj\u0105cych si\u0119 przemieszczaniem: <strong>Tak<\/strong>wiele, patrz wy\u017cej<\/li>\n<li> Lista klient\u00f3w i\/lub referencje poprzednich klient\u00f3w: <strong>Nie,<\/strong> a opinie w sieci s\u0105 do\u015b\u0107 zr\u00f3\u017cnicowane.<\/li>\n<\/ol>\n<div itemprop=\"reviewRating\" itemscope itemtype=\"http:\/\/schema.org\/Rating\"><meta itemprop=\"worstRating\" content = \"0\" \/><meta itemprop=\"bestRating\" content=\"5\" \/><meta itemprop=\"ratingValue\" content=\"3\"><\/div>\n<p><strong>Ocena og\u00f3lna: 3\/5<\/strong><br \/>\n<strong>Data przegl\u0105du:<\/strong> <span itemprop=\"datePublished\" content=\"2016-10-26\">21\/08\/2016<\/span>\n<\/div>\n<p>Czytaj wi\u0119cej o <a href=\"https:\/\/moverdb.com\/pl\/firmy-przeprowadzkowe\/\">Najlepsze firmy przeprowadzkowe<\/a>, <a href=\"https:\/\/moverdb.com\/pl\/usa-kanada-movers\/\">Kanadyjskie firmy przeprowadzkowe<\/a> i nasze <a href=\"https:\/\/moverdb.com\/pl\/recenzje\/\">proces przegl\u0105du<\/a>.<\/p>\n<p><strong>Strona internetowa:<\/strong> <a href=\"http:\/\/williamsmovingltd.com\/\" target=\"_blank\" rel=\"noopener\">http:\/\/williamsmovingltd.com\/<\/a><\/p>","protected":false},"excerpt":{"rendered":"<p>Williams Moving &#038; Storage Ltd is located in Lethbridge, Canada. The company offers its customers a range of moving services which are listed below, together with a company profile and reviews. International Moves Move by rail, ship or air Assigned move manager Door-to-door service worldwide Packing &#8211; full service, fragile items or self-pack Packing supplies [&hellip;]<\/p>\n","protected":false},"author":1,"featured_media":0,"parent":0,"menu_order":0,"comment_status":"closed","ping_status":"closed","template":"","meta":{"_genesis_hide_title":false,"_genesis_hide_breadcrumbs":false,"_genesis_hide_singular_image":false,"_genesis_hide_footer_widgets":false,"_genesis_custom_body_class":"","_genesis_custom_post_class":"","_genesis_layout":"","footnotes":""},"class_list":{"0":"post-1039","1":"page","2":"type-page","3":"status-publish","5":"entry"},"_links":{"self":[{"href":"https:\/\/moverdb.com\/pl\/wp-json\/wp\/v2\/pages\/1039","targetHints":{"allow":["GET"]}}],"collection":[{"href":"https:\/\/moverdb.com\/pl\/wp-json\/wp\/v2\/pages"}],"about":[{"href":"https:\/\/moverdb.com\/pl\/wp-json\/wp\/v2\/types\/page"}],"author":[{"embeddable":true,"href":"https:\/\/moverdb.com\/pl\/wp-json\/wp\/v2\/users\/1"}],"replies":[{"embeddable":true,"href":"https:\/\/moverdb.com\/pl\/wp-json\/wp\/v2\/comments?post=1039"}],"version-history":[{"count":4,"href":"https:\/\/moverdb.com\/pl\/wp-json\/wp\/v2\/pages\/1039\/revisions"}],"predecessor-version":[{"id":6252,"href":"https:\/\/moverdb.com\/pl\/wp-json\/wp\/v2\/pages\/1039\/revisions\/6252"}],"wp:attachment":[{"href":"https:\/\/moverdb.com\/pl\/wp-json\/wp\/v2\/media?parent=1039"}],"curies":[{"name":"wp","href":"https:\/\/api.w.org\/{rel}","templated":true}]}}