{"id":1038,"date":"2016-11-05T17:02:13","date_gmt":"2016-11-05T17:02:13","guid":{"rendered":"http:\/\/moverdb.com\/?page_id=1038"},"modified":"2026-01-08T15:20:27","modified_gmt":"2026-01-08T15:20:27","slug":"national-van-lines","status":"publish","type":"page","link":"https:\/\/moverdb.com\/pl\/national-van-lines\/","title":{"rendered":"National Van Lines: International Moving Reviews"},"content":{"rendered":"<p>National Van Lines oferuje swoim klientom szeroki zakres us\u0142ug zwi\u0105zanych z przeprowadzkami. Poni\u017cej przedstawiamy ich list\u0119 wraz z profilem firmy i opiniami.<\/p>\n<p><strong>Przeprowadzki mi\u0119dzynarodowe<\/strong><\/p>\n<ul>\n<li> Indywidualne i korporacyjne<\/li>\n<li> Dedykowany koordynator przeprowadzki<\/li>\n<li> Doradztwo w zakresie wszystkich aspekt\u00f3w procesu przeprowadzki<\/li>\n<li> Wytyczne dotycz\u0105ce wymaga\u0144 w zakresie dokumentacji<\/li>\n<li> <a href=\"https:\/\/moverdb.com\/pl\/cytaty\/\">Szacunkowe koszty w systemie \"od drzwi do drzwi<\/a> dla <a href=\"https:\/\/moverdb.com\/pl\/przeladunek-w-kontenerach\/\">wysy\u0142ka drog\u0105 morsk\u0105 lub powietrzn\u0105<\/a><\/li>\n<li> Monitorowanie przesy\u0142ki w celu zapewnienia jej bezpiecznego dotarcia<\/li>\n<li> Koordynacja ka\u017cdego etapu przeprowadzki<\/li>\n<li> Pomoc w ma\u0142o prawdopodobnym przypadku wyst\u0105pienia roszczenia<\/li>\n<\/ul>\n<p><strong>Przeprowadzki specjalistyczne<\/strong><\/p>\n<ul>\n<li> Wyposa\u017cenie sklep\u00f3w<\/li>\n<li> Elektronika<\/li>\n<li> Targi bran\u017cowe<\/li>\n<li> Sprz\u0119t do gier<\/li>\n<li> Automaty do gier<\/li>\n<li> Transport samochodowy<\/li>\n<li> Przenoszenie fortepian\u00f3w<\/li>\n<li> Sztuka ruchoma<\/li>\n<li> Przenoszenie zegar\u00f3w i antyk\u00f3w<\/li>\n<li> Przenoszenie sto\u0142\u00f3w bilardowych<\/li>\n<\/ul>\n<p><strong>Relokacja przedsi\u0119biorstw<\/strong><\/p>\n<ul>\n<li> Mi\u0119dzynarodowe i lokalne<\/li>\n<li> Jeden pracownik lub ca\u0142e biuro<\/li>\n<li> Przenoszenie komputer\u00f3w i sprz\u0119tu elektronicznego<\/li>\n<li> Przemieszczanie sprz\u0119tu laboratoryjnego i medycznego<\/li>\n<\/ul>\n<p><strong>Przeprowadzki gospodarstw domowych<\/strong><\/p>\n<ul>\n<li> Przeprowadzki lokalne<\/li>\n<li> Przeprowadzki na du\u017ce odleg\u0142o\u015bci<\/li>\n<li> Biegi prze\u0142ajowe<\/li>\n<li> Interstate<\/li>\n<li> Intrastate<\/li>\n<li> Krajowy<\/li>\n<li> Od drzwi do drzwi<\/li>\n<li> Pe\u0142na oferta us\u0142ug<\/li>\n<\/ul>\n<p><strong>Przechowywanie<\/strong><\/p>\n<ul>\n<li> D\u0142ugo- i kr\u00f3tkoterminowe<\/li>\n<li> Kontrola klimatu<\/li>\n<li> Ochrona 24\/7<\/li>\n<\/ul>\n<h2>Profil firmy Krajowe Linie Vanowe<\/h2>\n<p>Obecna Dyrektor Generalna National Van Lines, Maureen Beal, jest wnuczk\u0105 za\u0142o\u017cyciela firmy, F. J. McKee. McKee za\u0142o\u017cy\u0142 firm\u0119 w <a href=\"https:\/\/moverdb.com\/pl\/przeprowadzka-do-chicago\/\">Chicago (Inf. w\u0142.)<\/a> w 1901 r. z jednym wozem i jednym kucykiem do dostarczania lodu i w\u0119gla. <\/p>\n<p>Od tego czasu firma bardzo si\u0119 rozwin\u0119\u0142a i obecnie zajmuje si\u0119 przewozem os\u00f3b, firm i personelu wojskowego na terenie kraju i ca\u0142ego \u015bwiata. Posiada ponad 400 agent\u00f3w, kt\u00f3rzy pomagaj\u0105 w tym procesie.<\/p>\n<p>Motto firmy brzmi \"Moving Your Memories\", co stanowi przypomnienie zar\u00f3wno dla pracownik\u00f3w, jak i klient\u00f3w, \u017ce rzeczy osobiste s\u0105 cenne i zawsze b\u0119d\u0105 traktowane z nale\u017cyt\u0105 staranno\u015bci\u0105.<\/p>\n<p>National Van Lines posiada nast\u0119puj\u0105ce akredytacje i przynale\u017cno\u015bci:<\/p>\n<ul>\n<li> <a href=\"https:\/\/moverdb.com\/pl\/obrecz-promocja\/\">Certyfikowany ProMover<\/a><\/li>\n<li> Akredytacja Better Business Bureau (BBB)<\/li>\n<li> Movers.Com Sprawdzony przewo\u017anik<\/li>\n<li> <a href=\"https:\/\/moverdb.com\/pl\/fidi-faim\/\">FIDI<\/a><\/li>\n<\/ul>\n<h2>National Van Lines Reviews<\/h2>\n<p><strong>Pozytywne:<\/strong><\/p>\n<ul>\n<li> <em>\"By\u0142em bardzo zadowolony z odbioru i dostawy moich mebli. Dave by\u0142 r\u00f3wnie\u017c bardzo profesjonalny i przedstawi\u0142 mi uczciw\u0105 wycen\u0119.\"<\/em> - Bari przez stron\u0119 z referencjami firmy<\/li>\n<li> <em>\"Firma National Van Lines odebra\u0142a towar na czas, dostarczy\u0142a na czas i nic nie zgin\u0119\u0142o ani nie zosta\u0142o uszkodzone.<\/em> - Gail via <a href=\"https:\/\/www.yelp.co.uk\/biz\/national-van-lines-broadview?hrid=xrO9qdjtpdZ-DKkGynhkBw&#038;utm_campaign=www_review_share_popup&#038;utm_medium=copy_link&#038;utm_source=(direct)\" target=\"_blank\" rel=\"noopener\">Yelp<\/a><\/li>\n<li> <em>\"Mam do powiedzenia tylko jedno s\u0142owo. AWESOME!\"<\/em> - Lori via <a href=\"http:\/\/www.mymovingreviews.com\/movers\/national-van-lines-256#59528\" target=\"_blank\" rel=\"noopener\">MyMovingReviews.com<\/a><\/li>\n<\/ul>\n<p><strong>Negatywny:<\/strong><\/p>\n<ul>\n<li> <em>\"W ci\u0105gu ostatnich 8 lat przeprowadza\u0142em si\u0119 5-6 razy i nigdy nie mia\u0142em takich do\u015bwiadcze\u0144 jak teraz\".<\/em> - Cindy via <a href=\"https:\/\/www.consumeraffairs.com\/movers\/national.htm\" target=\"_blank\" rel=\"noopener\">Sprawy konsument\u00f3w<\/a><\/li>\n<li> <em>\"National Van Lines nie dostarczy\u0142o moich rzeczy domowych w terminie podanym przez kierowc\u0119. Powiedzieli mi, \u017ce moja faktura zawiera dat\u0119, ale problem w tym, \u017ce nigdy nie otrzyma\u0142em faktury. W momencie dostawy brakowa\u0142o ponad po\u0142owy moich rzeczy\".<\/em> - Franchon przez <a href=\"http:\/\/www.bbb.org\/chicago\/business-reviews\/movers\/national-van-lines-inc-in-broadview-il-5114\/customer-reviews\" target=\"_blank\" rel=\"noopener\">BBB<\/a><\/li>\n<li> <em>\"Nasze do\u015bwiadczenie z National Van Lines by\u0142o koszmarem. Przedstawiciel, kt\u00f3ry podpisa\u0142 <a href=\"https:\/\/moverdb.com\/pl\/moving-to-the-united-states\/\" data-internallinksmanager029f6b8e52c=\"94\" title=\"Przeprowadzasz si\u0119 do Stan\u00f3w Zjednoczonych? 2026 Koszty \u017cycia i wskaz\u00f3wki dotycz\u0105ce przeprowadzki\">nas<\/a> up po prostu wydawa\u0142a si\u0119 taka profesjonalna i skuteczna, kiedy j\u0105 poznali\u015bmy. Nie \u015bni\u0142o nam si\u0119, \u017ce wpadli\u015bmy w straszny ba\u0142agan\".<\/em> - przez <a href=\"http:\/\/moving-companies.credio.com\/l\/21\/National-Van-Lines\" target=\"_blank\" rel=\"noopener\">Credio<\/a><\/li>\n<\/ul>\n<div itemprop=\"review\" itemscope itemtype=\"http:\/\/schema.org\/Review\">\n<span itemprop=\"author\" itemscope=\"\" itemtype=\"http:\/\/schema.org\/Organization\"><span itemprop=\"name\">MoverDB.com<\/span><\/span> Przegl\u0105d stron internetowych dla <span itemprop=\"itemreviewed\" itemscope=\"\" itemtype=\"http:\/\/schema.org\/Brand\"><span itemprop=\"name\">Krajowe Linie Van Lines<\/span><\/span>:<\/p>\n<ol>\n<li> Przejrzyste dane kontaktowe na stronie internetowej (w tym numer telefonu): <strong>Tak<\/strong><\/li>\n<li> \u0141atwe do uzyskania <a href=\"https:\/\/moverdb.com\/pl\/cytaty\/\">oferty na przeprowadzki mi\u0119dzynarodowe<\/a>? (formularz wniosku o wycen\u0119 online): <strong>Tak<\/strong><\/li>\n<li> Przejrzyste informacje na stronie internetowej: <strong>Tak<\/strong> Na stronie internetowej mo\u017cna znale\u017a\u0107 informacje o us\u0142ugach oraz przydatne przewodniki.<\/li>\n<li> Cz\u0142onkostwo w uznanych mi\u0119dzynarodowych organizacjach zajmuj\u0105cych si\u0119 przemieszczaniem: <strong>Tak<\/strong><\/li>\n<li> Lista klient\u00f3w i\/lub referencje poprzednich klient\u00f3w: <strong>Tak<\/strong> Na stronie znajduj\u0105 si\u0119 pozytywne opinie klient\u00f3w, ale w innych miejscach w Internecie jest kilka negatywnych.<\/li>\n<\/ol>\n<div itemprop=\"reviewRating\" itemscope itemtype=\"http:\/\/schema.org\/Rating\"><meta itemprop=\"worstRating\" content = \"0\" \/><meta itemprop=\"bestRating\" content=\"5\" \/><meta itemprop=\"ratingValue\" content=\"4.5\"><\/div>\n<p><strong>Ocena og\u00f3lna: 4,5\/5<\/strong><br \/>\n<strong>Data przegl\u0105du:<\/strong> <span itemprop=\"datePublished\" content=\"2016-11-05\">05\/11\/2016<\/span>\n<\/div>\n<p>Czytaj wi\u0119cej o <a href=\"https:\/\/moverdb.com\/pl\/firmy-przeprowadzkowe\/\">najlepsze firmy zajmuj\u0105ce si\u0119 przeprowadzkami mi\u0119dzynarodowymi<\/a>, <a href=\"https:\/\/moverdb.com\/pl\/usa-kanada-movers\/\">Przeprowadzki z USA<\/a> i nasze <a href=\"https:\/\/moverdb.com\/pl\/recenzje\/\">proces przegl\u0105du<\/a>.<\/p>\n<p><strong>Strona internetowa:<\/strong> <a href=\"http:\/\/www.nationalvanlines.com\/\" target=\"_blank\" rel=\"noopener\">http:\/\/www.nationalvanlines.com\/<\/a><\/p>","protected":false},"excerpt":{"rendered":"<p>National Van Lines offers its customers a wide range of moving services. These are listed below together with a company profile and reviews. International Moves Individual and corporate Dedicated move coordinator Counselling on all aspects of the moving process Guidance on documentation requirements Door-to-door cost estimates for shipping by ocean or air Tracking to ensure [&hellip;]<\/p>\n","protected":false},"author":1,"featured_media":0,"parent":0,"menu_order":0,"comment_status":"closed","ping_status":"closed","template":"","meta":{"_genesis_hide_title":false,"_genesis_hide_breadcrumbs":false,"_genesis_hide_singular_image":false,"_genesis_hide_footer_widgets":false,"_genesis_custom_body_class":"","_genesis_custom_post_class":"","_genesis_layout":"","footnotes":""},"class_list":{"0":"post-1038","1":"page","2":"type-page","3":"status-publish","5":"entry"},"_links":{"self":[{"href":"https:\/\/moverdb.com\/pl\/wp-json\/wp\/v2\/pages\/1038","targetHints":{"allow":["GET"]}}],"collection":[{"href":"https:\/\/moverdb.com\/pl\/wp-json\/wp\/v2\/pages"}],"about":[{"href":"https:\/\/moverdb.com\/pl\/wp-json\/wp\/v2\/types\/page"}],"author":[{"embeddable":true,"href":"https:\/\/moverdb.com\/pl\/wp-json\/wp\/v2\/users\/1"}],"replies":[{"embeddable":true,"href":"https:\/\/moverdb.com\/pl\/wp-json\/wp\/v2\/comments?post=1038"}],"version-history":[{"count":6,"href":"https:\/\/moverdb.com\/pl\/wp-json\/wp\/v2\/pages\/1038\/revisions"}],"predecessor-version":[{"id":6225,"href":"https:\/\/moverdb.com\/pl\/wp-json\/wp\/v2\/pages\/1038\/revisions\/6225"}],"wp:attachment":[{"href":"https:\/\/moverdb.com\/pl\/wp-json\/wp\/v2\/media?parent=1038"}],"curies":[{"name":"wp","href":"https:\/\/api.w.org\/{rel}","templated":true}]}}