{"id":1036,"date":"2016-11-05T16:39:46","date_gmt":"2016-11-05T16:39:46","guid":{"rendered":"http:\/\/moverdb.com\/?page_id=1036"},"modified":"2026-01-08T14:47:46","modified_gmt":"2026-01-08T14:47:46","slug":"beltmann-relocation","status":"publish","type":"page","link":"https:\/\/moverdb.com\/pl\/beltmann-relocation\/","title":{"rendered":"Beltmann Relocation Group: Przeprowadzki mi\u0119dzynarodowe"},"content":{"rendered":"<p>Beltmann Relocation Group oferuje swoim klientom szereg us\u0142ug zwi\u0105zanych z przeprowadzkami mi\u0119dzynarodowymi i lokalnymi. Us\u0142ugi te s\u0105 wymienione poni\u017cej wraz z profilem firmy i opiniami.<\/p>\n<p><strong>Przeprowadzki mi\u0119dzynarodowe<\/strong><\/p>\n<ul>\n<li> Mi\u0119dzynarodowe przeprowadzki firm<\/li>\n<li> Pojedyncze ruchy<\/li>\n<li> Organizacja Narod\u00f3w Zjednoczonych<\/li>\n<li> Pomoc i wskaz\u00f3wki dotycz\u0105ce odprawy celnej i imigracyjnej<\/li>\n<li> Pomoc w przeniesieniu zwierz\u0119cia<\/li>\n<li> Od drzwi do drzwi<\/li>\n<li> Kierownik przeniesienia przydzielony<\/li>\n<li> Dost\u0119pna pe\u0142na obs\u0142uga<\/li>\n<li> Ustalone ubezpieczenie<\/li>\n<\/ul>\n<p><strong>Przeprowadzki biurowe i przemys\u0142owe<\/strong><\/p>\n<ul>\n<li> Przeprowadzki biur na odleg\u0142o\u015b\u0107 i lokalnie<\/li>\n<li> Ruch mi\u0119dzywydzia\u0142owy<\/li>\n<li> Przenoszenie komputer\u00f3w i elektroniki<\/li>\n<li> Planowanie i projektowanie przestrzeni<\/li>\n<li> Spotkania dotycz\u0105ce planowania przed przeprowadzk\u0105<\/li>\n<li> Nadz\u00f3r na miejscu<\/li>\n<li> Us\u0142ugi po przeprowadzce<\/li>\n<li> Pomoc w przeprowadzkach przemys\u0142owych<\/li>\n<li> Przeprowadzki o wysokim stopniu bezpiecze\u0144stwa<\/li>\n<li> Przenoszenie informacji wra\u017cliwych<\/li>\n<li> Ustalone ubezpieczenie<\/li>\n<\/ul>\n<p><strong>Relokacja przedsi\u0119biorstw<\/strong><\/p>\n<ul>\n<li> Us\u0142ugi relokacyjne dla kadry kierowniczej najwy\u017cszego szczebla<\/li>\n<li> Kierownik przeprowadzki <\/li>\n<li> Od drzwi do drzwi<\/li>\n<li> Pakowanie i rozpakowywanie<\/li>\n<li> \u015aledzenie przesy\u0142ek<\/li>\n<li> Ustalone ubezpieczenie<\/li>\n<\/ul>\n<p><strong>Przeprowadzki gospodarstw domowych<\/strong><\/p>\n<ul>\n<li> Przeprowadzki lokalne<\/li>\n<li> Przeprowadzki na du\u017ce odleg\u0142o\u015bci<\/li>\n<li> Od drzwi do drzwi<\/li>\n<li> Pakowanie i rozpakowywanie<\/li>\n<li> Ustalone ubezpieczenie<\/li>\n<\/ul>\n<p><strong>Przechowywanie<\/strong><\/p>\n<ul>\n<li> D\u0142ugo- lub kr\u00f3tkoterminowe<\/li>\n<li> Magazyn ogrzewany <\/li>\n<li> Przechowywane w szczelnie zamkni\u0119tym skarbcu<\/li>\n<li> CCTV<\/li>\n<li> Ochrona przeciwpo\u017carowa i ochrona przed szkodnikami<\/li>\n<\/ul>\n<h2>Profil firmy Beltmann Relocation<\/h2>\n<p>Beltmann Group zosta\u0142a za\u0142o\u017cona przez rodzin\u0119 Battina w 1955 roku i nadal jest w\u0142asno\u015bci\u0105 rodziny. Jest jednym z najwi\u0119kszych i najstarszych agent\u00f3w <a href=\"https:\/\/moverdb.com\/pl\/north-american-van-lines\/\">P\u00f3\u0142nocnoameryka\u0144skie Linie Van Lines<\/a> a jej siedziba znajduje si\u0119 w <a href=\"https:\/\/moverdb.com\/pl\/przeprowadzka-do-minneapolis\/\">Minneapolis<\/a>. <\/p>\n<p>Beltmann Group jest dumnym w\u0142a\u015bcicielem floty ponad 700 pojazd\u00f3w transportowych o r\u00f3\u017cnym przeznaczeniu i posiada 14 oddzia\u0142\u00f3w.<\/p>\n<p>Zobowi\u0105zanie firmy Beltmann brzmi: \"B\u0105d\u017a klientem\". Ka\u017cdy pracownik jest zach\u0119cany do postawienia si\u0119 w sytuacji klienta i traktowania go tak, jak sam chcia\u0142by by\u0107 traktowany. Firma jest dumnym zwolennikiem organizacji Habitat for Humanity.<\/p>\n<p>Beltmann Relocation posiada nast\u0119puj\u0105ce afiliacje i akredytacje:<\/p>\n<ul>\n<li> <a href=\"https:\/\/moverdb.com\/pl\/obrecz-promocja\/\">Zarejestrowany przewo\u017anik mi\u0119dzynarodowy<\/a> (<a href=\"https:\/\/moverdb.com\/pl\/rim-promover\/\" data-internallinksmanager029f6b8e52c=\"76\" title=\"RIM Mi\u0119dzynarodowy certyfikat ProMover - wyja\u015bnienie\">RIM<\/a>)<\/li>\n<li> <a href=\"https:\/\/moverdb.com\/pl\/obrecz-promocja\/\">ProMover<\/a><\/li>\n<li> <a href=\"https:\/\/moverdb.com\/pl\/amsa\/\">Ameryka\u0144skie Stowarzyszenie Przeprowadzek i Magazynowania<\/a> (<a href=\"https:\/\/moverdb.com\/pl\/amsa\/\" data-internallinksmanager029f6b8e52c=\"5\" title=\"Ameryka\u0144skie Stowarzyszenie Przeprowadzek i Magazynowania (AMSA) - obja\u015bnienia\">AMSA<\/a>)<\/li>\n<li> Laureat P\u00f3\u0142nocnoameryka\u0144skiej Nagrody Jako\u015bci<\/li>\n<li> Akredytacja Better Business Bureau (BBB)<\/li>\n<\/ul>\n<p><strong>Beltmann Relocation Reviews<\/strong><\/p>\n<p><strong>Pozytywne:<\/strong><\/p>\n<ul>\n<li> <em>\"Wszystko posz\u0142o \u015bwietnie podczas naszej przeprowadzki. Kierowca i za\u0142oga po obu stronach dobrze pracowali\".<\/em> - Craig przez stron\u0119 z referencjami Beltmann<\/li>\n<li> <em>\"Przeprowadzali\u015bmy si\u0119 kilka razy w ci\u0105gu ostatnich lat i musz\u0119 powiedzie\u0107, \u017ce firma Beltman by\u0142a zdecydowanie najlepsza. Staranno\u015b\u0107, z jak\u0105 pakowali i \u0142adowali nasze rzeczy, a\u017c po dostaw\u0119, by\u0142a niezwyk\u0142a.\"<\/em> - Abby przez <a href=\"https:\/\/www.facebook.com\/pg\/BeltmannRelocation\/reviews\/\" target=\"_blank\" rel=\"noopener\">Facebook<\/a><\/li>\n<\/ul>\n<p><strong>Negatywny:<\/strong><\/p>\n<ul>\n<li> <em>\"Nie sko\u0144czyli\u015bmy jeszcze 1\/3 rozpakowywania, a ju\u017c mamy list\u0119 co najmniej 15 przedmiot\u00f3w, kt\u00f3re s\u0105 uszkodzone lub zniszczone. Do niekt\u00f3rych karton\u00f3w wrzucono po prostu rzeczy, nie zawini\u0119to ich ani nie zabezpieczono\".<\/em> Amy przez <a href=\"https:\/\/www.facebook.com\/pg\/BeltmannRelocation\/reviews\/\" target=\"_blank\" rel=\"noopener\">Facebook<\/a><\/li>\n<li> <em>\"Zr\u00f3b sobie przys\u0142ug\u0119. Nie korzystaj z us\u0142ug tej firmy. Usu\u0144 ich numer, zablokuj im mo\u017cliwo\u015b\u0107 dzwonienia do Ciebie\". Cz\u0119\u015b\u0107 ofertowa procesu (wiesz, gdzie pr\u00f3buj\u0105 zdoby\u0107 Tw\u00f3j biznes) by\u0142a \u015bwietna. Odbi\u00f3r towaru - kciuki w g\u00f3r\u0119.Dostawa towaru - du\u017ce kciuki w d\u00f3\u0142\".<\/em> - Kim przez <a href=\"https:\/\/www.yelp.com\/biz\/beltmann-relocation-group-glendale-heights?hrid=tJAoAv--s6WetooAeYOQew&#038;utm_campaign=www_review_share_popup&#038;utm_medium=copy_link&#038;utm_source=(direct)\" target=\"_blank\" rel=\"noopener\">Yelp<\/a><\/li>\n<\/ul>\n<div itemprop=\"review\" itemscope itemtype=\"http:\/\/schema.org\/Review\">\n<span itemprop=\"author\" itemscope=\"\" itemtype=\"http:\/\/schema.org\/Organization\"><span itemprop=\"name\">MoverDB.com<\/span><\/span> Przegl\u0105d stron internetowych dla <span itemprop=\"itemreviewed\" itemscope=\"\" itemtype=\"http:\/\/schema.org\/Brand\"><span itemprop=\"name\">Beltmann Relocation Group<\/span><\/span>:<\/p>\n<ol>\n<li> Przejrzyste dane kontaktowe na stronie internetowej (w tym numer telefonu): <strong>Tak<\/strong><\/li>\n<li> \u0141atwe do uzyskania <a href=\"https:\/\/moverdb.com\/pl\/cytaty\/\">oferty na przeprowadzki mi\u0119dzynarodowe<\/a>? (formularz wniosku o wycen\u0119 online): <strong>Tak<\/strong><\/li>\n<li> Przejrzyste informacje na stronie internetowej: <strong>Tak<\/strong>Strona internetowa zawiera przydatne materia\u0142y dotycz\u0105ce przeprowadzki, w tym najcz\u0119\u015bciej zadawane pytania i wskaz\u00f3wki.<\/li>\n<li> Cz\u0142onkostwo w uznanych mi\u0119dzynarodowych organizacjach zajmuj\u0105cych si\u0119 przemieszczaniem: <strong>Tak<\/strong>wiele, patrz wy\u017cej<\/li>\n<li> Lista klient\u00f3w i\/lub referencje poprzednich klient\u00f3w: <strong>Tak,<\/strong> Na stronie internetowej znajduj\u0105 si\u0119 pozytywne opinie, ale opinie z innych stron internetowych s\u0105 bardziej zr\u00f3\u017cnicowane.<\/li>\n<\/ol>\n<div itemprop=\"reviewRating\" itemscope itemtype=\"http:\/\/schema.org\/Rating\"><meta itemprop=\"worstRating\" content = \"0\" \/><meta itemprop=\"bestRating\" content=\"5\" \/><meta itemprop=\"ratingValue\" content=\"4.5\"><\/div>\n<p><strong>Ocena og\u00f3lna: 4,5\/5<\/strong><br \/>\n<strong>Data przegl\u0105du:<\/strong> <span itemprop=\"datePublished\" content=\"2016-11-05\">05\/11\/2016<\/span>\n<\/div>\n<p>Czytaj wi\u0119cej o <a href=\"https:\/\/moverdb.com\/pl\/firmy-przeprowadzkowe\/\">przeprowadzki mi\u0119dzynarodowe<\/a>, <a href=\"https:\/\/moverdb.com\/pl\/usa-kanada-movers\/\">Przeprowadzki krajowe w USA<\/a> i nasze <a href=\"https:\/\/moverdb.com\/pl\/recenzje\/\">proces przegl\u0105du<\/a>.<\/p>\n<p><strong>Strona internetowa:<\/strong> <a href=\"http:\/\/www.beltmann.com\/\" target=\"_blank\" rel=\"noopener\">http:\/\/www.beltmann.com\/<\/a><\/p>","protected":false},"excerpt":{"rendered":"<p>The Beltmann Relocation Group offers its customers a variety of moving services internationally and locally. These services are listed below together with a company profile and reviews. International Moves International corporate moves Individual moves United Nations Assistance and guidance with customs and immigration Assistance with pet relocation Door-to-door Move manager allocated Full service available Insurance [&hellip;]<\/p>\n","protected":false},"author":1,"featured_media":0,"parent":0,"menu_order":0,"comment_status":"closed","ping_status":"closed","template":"","meta":{"_genesis_hide_title":false,"_genesis_hide_breadcrumbs":false,"_genesis_hide_singular_image":false,"_genesis_hide_footer_widgets":false,"_genesis_custom_body_class":"","_genesis_custom_post_class":"","_genesis_layout":"","footnotes":""},"class_list":{"0":"post-1036","1":"page","2":"type-page","3":"status-publish","5":"entry"},"_links":{"self":[{"href":"https:\/\/moverdb.com\/pl\/wp-json\/wp\/v2\/pages\/1036","targetHints":{"allow":["GET"]}}],"collection":[{"href":"https:\/\/moverdb.com\/pl\/wp-json\/wp\/v2\/pages"}],"about":[{"href":"https:\/\/moverdb.com\/pl\/wp-json\/wp\/v2\/types\/page"}],"author":[{"embeddable":true,"href":"https:\/\/moverdb.com\/pl\/wp-json\/wp\/v2\/users\/1"}],"replies":[{"embeddable":true,"href":"https:\/\/moverdb.com\/pl\/wp-json\/wp\/v2\/comments?post=1036"}],"version-history":[{"count":6,"href":"https:\/\/moverdb.com\/pl\/wp-json\/wp\/v2\/pages\/1036\/revisions"}],"predecessor-version":[{"id":6182,"href":"https:\/\/moverdb.com\/pl\/wp-json\/wp\/v2\/pages\/1036\/revisions\/6182"}],"wp:attachment":[{"href":"https:\/\/moverdb.com\/pl\/wp-json\/wp\/v2\/media?parent=1036"}],"curies":[{"name":"wp","href":"https:\/\/api.w.org\/{rel}","templated":true}]}}