{"id":1032,"date":"2016-11-24T06:36:56","date_gmt":"2016-11-24T06:36:56","guid":{"rendered":"http:\/\/moverdb.com\/?page_id=1032"},"modified":"2026-01-08T14:47:59","modified_gmt":"2026-01-08T14:47:59","slug":"coleman-worldwide-moving","status":"publish","type":"page","link":"https:\/\/moverdb.com\/pl\/coleman-worldwide-moving\/","title":{"rendered":"Coleman Worldwide Moving: Przeprowadzki mi\u0119dzynarodowe"},"content":{"rendered":"<p>Firma Coleman Worldwide Moving znana r\u00f3wnie\u017c jako Coleman American Moving Services &amp; Coleman Allied oferuje wiele us\u0142ug w zakresie przeprowadzek mi\u0119dzynarodowych. S\u0105 one wymienione poni\u017cej, wraz z profilem firmy i opiniami.<\/p>\n<p><strong>Przeprowadzki mi\u0119dzynarodowe<\/strong><\/p>\n<ul>\n<li> Pe\u0142na obs\u0142uga w zakresie pakowania<\/li>\n<li> Osobisty koordynator przeprowadzki<\/li>\n<li> Kratowanie na zam\u00f3wienie<\/li>\n<li> <a href=\"https:\/\/moverdb.com\/pl\/samochod-transport-wysylka\/\">Spedycja pojazd\u00f3w<\/a><\/li>\n<li> Monitorowanie przesy\u0142ek on-line<\/li>\n<li> Przechowywanie d\u0142ugo- i kr\u00f3tkoterminowe<\/li>\n<li> Rozpakowywanie<\/li>\n<li> Usuwanie gruzu<\/li>\n<\/ul>\n<p><strong>Relokacja przedsi\u0119biorstw<\/strong><\/p>\n<ul>\n<li> Pe\u0142na obs\u0142uga w zakresie pakowania<\/li>\n<li> Osobisty koordynator przeprowadzki<\/li>\n<li> Od jednego pracownika do ca\u0142ej za\u0142ogi<\/li>\n<li> Rozpakowywanie<\/li>\n<li> <a href=\"https:\/\/moverdb.com\/pl\/car-transport-shipping\/\" data-internallinksmanager029f6b8e52c=\"2\" title=\"2026 Mi\u0119dzynarodowy transport samochodowy i wyceny wysy\u0142ki pojazd\u00f3w\">Spedycja pojazd\u00f3w<\/a><\/li>\n<li> Rozpakowywanie i usuwanie gruzu<\/li>\n<li> \u015aledzenie przesy\u0142ek online<\/li>\n<\/ul>\n<p><strong>Przeprowadzki komercyjne<\/strong><\/p>\n<ul>\n<li> Przeprowadzki przemys\u0142owe<\/li>\n<li> Przeprowadzka rz\u0105du<\/li>\n<li> Przeprowadzka biura<\/li>\n<li> Przenoszenie komputer\u00f3w i elektroniki<\/li>\n<li> Relokacja przedsi\u0119biorstwa<\/li>\n<\/ul>\n<p><strong>Przeprowadzki rz\u0105dowe i wojskowe<\/strong><\/p>\n<ul>\n<li> Osobisty koordynator przeprowadzki<\/li>\n<li> Pe\u0142na obs\u0142uga w zakresie pakowania<\/li>\n<li> Przestrzeganie \u015bcis\u0142ych protoko\u0142\u00f3w ruchowych<\/li>\n<\/ul>\n<p><strong>Przeprowadzki domowe<\/strong><\/p>\n<ul>\n<li> Osobisty koordynator przeprowadzki<\/li>\n<li> Ka\u017cda wielko\u015b\u0107 zadania<\/li>\n<li> Pe\u0142na oferta us\u0142ug<\/li>\n<li> Pakowanie i rozpakowywanie<\/li>\n<li> Przechowywanie kr\u00f3tko- i d\u0142ugoterminowe<\/li>\n<\/ul>\n<h2>Profil firmy Coleman Worldwide Moving<\/h2>\n<p>Firma Coleman Worldwide Moving istnieje od 1914 roku i jest obecnie cz\u0119\u015bci\u0105 Coleman World Group. Pocz\u0105tkowo firma mia\u0142a 8 koni i dwa wozy, obecnie koncentruje si\u0119 na przeprowadzkach mi\u0119dzynarodowych, d\u0142ugodystansowych, lokalnych i og\u00f3lnokrajowych dla os\u00f3b prywatnych i firm.<\/p>\n<p>Firma znana jest r\u00f3wnie\u017c pod nazw\u0105 Coleman American Moving Services i jest cz\u0119\u015bci\u0105 <a href=\"https:\/\/moverdb.com\/pl\/allied-van-lines\/\">Allied Moving<\/a> sp\u00f3\u0142ki stowarzyszone grupy.<\/p>\n<p>Coleman ma ponad 50 biur nale\u017c\u0105cych do firmy w <a href=\"https:\/\/moverdb.com\/pl\/moving-to-the-united-states\/\" data-internallinksmanager029f6b8e52c=\"94\" title=\"Przeprowadzasz si\u0119 do Stan\u00f3w Zjednoczonych? 2026 Koszty \u017cycia i wskaz\u00f3wki dotycz\u0105ce przeprowadzki\">USA<\/a> i ponad 400 agent\u00f3w w 175 krajach na ca\u0142ym \u015bwiecie. Jest to rodzinna korporacja, kt\u00f3ra jest zdeterminowana, aby \u015bwiadczy\u0107 te same us\u0142ugi, kt\u00f3re jej za\u0142o\u017cyciele wykonywali w 1914 roku. <\/p>\n<p>Firma Coleman Worldwide Moving posiada nast\u0119puj\u0105ce akredytacje i przynale\u017cno\u015bci:<\/p>\n<ul>\n<li> <a href=\"https:\/\/moverdb.com\/pl\/obrecz-promocja\/\">ProMover<\/a><\/li>\n<li> <a href=\"https:\/\/moverdb.com\/pl\/amsa\/\">AMSA<\/a><\/li>\n<li> Akredytacja BBB<\/li>\n<li> Zdobywca nagrody Allied Quality Award<\/li>\n<li> Move For Hunger<\/li>\n<\/ul>\n<p><strong>Coleman Worldwide Moving Reviews<\/strong><\/p>\n<p><strong>Pozytywne:<\/strong><\/p>\n<ul>\n<li> <em>\"\u015awietna obs\u0142uga...\u0141atwa...Bezstresowa przeprowadzka. Zapewniono dok\u0142adn\u0105 wycen\u0119 przeprowadzki. Profesjonalny personel. Od oszacowania do dostarczenia. Profesjonalny i przyjazny odbi\u00f3r, transport i dostawa. Dzi\u0119kuj\u0119 bardzo.\"<\/em>  - Antoni przez <a href=\"http:\/\/www.colemanallied.com\/moving-reviews\/\" target=\"_blank\" rel=\"noopener\">strona internetowa firmy<\/a><\/li>\n<li> <em>\"M\u00f3j 90-letni ojciec i ja nie mogliby\u015bmy by\u0107 bardziej zadowoleni z us\u0142ug Coleman Worldwide Moving\".<\/em> - Tori via <a href=\"https:\/\/www.yelp.com\/biz\/coleman-american-moving-services-san-diego?hrid=Ofenf__KAOD4xnvo73xHNw&#038;utm_campaign=www_review_share_popup&#038;utm_medium=copy_link&#038;utm_source=(direct)\" target=\"_blank\" rel=\"noopener\">Yelp<\/a> (dla Coleman American Moving Services)<\/li>\n<li> <em>\"Pracuj\u0119 w bran\u017cy przeprowadzkowej, ale po raz pierwszy by\u0142em klientem. Ch\u0142opcy wys\u0142ani do za\u0142adunku byli uprzejmi, dobrze wychowani i pracowici. Dok\u0142adnie tacy, jakich sam bym zatrudni\u0142, szukaj\u0105c lokalnej pomocy.\"<\/em> - Donna przez <a href=\"https:\/\/www.facebook.com\/pg\/colemanallied\/reviews\/\" target=\"_blank\" rel=\"noopener\">Strona na Facebooku<\/a><\/li>\n<li> <em>\"Zawsze mia\u0142em dobre do\u015bwiadczenia z firm\u0105 Allied, ale ta przeprowadzka znacznie przewy\u017cszy\u0142a inne! To by\u0142a dla mnie naprawd\u0119 bezstresowa przeprowadzka\".<\/em> - Marlena via <a href=\"http:\/\/www.mymovingreviews.com\/movers\/coleman-worldwide-moving-3905#59102\" target=\"_blank\" rel=\"noopener\">MyMovingReviews<\/a><\/li>\n<\/ul>\n<p><strong>Negatywny:<\/strong><\/p>\n<ul>\n<li> <em>\"Nasze do\u015bwiadczenie z Coleman\/Allied Worldwide w zakresie przeprowadzek mi\u0119dzystanowych (<a href=\"https:\/\/moverdb.com\/pl\/moving-to-the-united-states\/moving-to-alabama\/\" data-internallinksmanager029f6b8e52c=\"448\" title=\"Przeprowadzka do Alabamy? Koszty utrzymania i wskaz\u00f3wki dotycz\u0105ce relokacji w 2024 r.\">Alabama<\/a> do <a href=\"https:\/\/moverdb.com\/pl\/moving-to-the-united-states\/moving-to-north-carolina\/\" data-internallinksmanager029f6b8e52c=\"411\" title=\"Przeprowadzka do Karoliny P\u00f3\u0142nocnej? 2026 Koszty utrzymania i porady dotycz\u0105ce przeprowadzki\">Karolina P\u00f3\u0142nocna<\/a>) by\u0142 pe\u0142en problem\u00f3w\".<\/em> - Sarah via <a href=\"https:\/\/www.bbb.org\/csal\/business-reviews\/movers\/coleman-worldwide-moving-in-midland-city-al-4001673\/reviews-and-complaints\" target=\"_blank\" rel=\"noopener\">BBB<\/a><\/li>\n<li> <em>\"To do\u015bwiadczenie nie jest jeszcze nawet w zarysie. Jest jeszcze wiele do opowiedzenia, ale chcia\u0142em przynajmniej przedstawi\u0107 najgorsze z najgorszych\".<\/em> - Kristin via <a href=\"https:\/\/www.consumeraffairs.com\/movers\/allied_van_lines.htm\" target=\"_blank\" rel=\"noopener\">ConsumerAffairs<\/a><\/li>\n<li> <em>\"NIE U\u017bYWAJ TEGO <a href=\"https:\/\/moverdb.com\/pl\/moving-companies\/\" data-internallinksmanager029f6b8e52c=\"79\" title=\"25 najlepszych firm przeprowadzek mi\u0119dzynarodowych online\">PRZEDSI\u0118BIORSTWO PRZEWOZOWE<\/a>.  Nalegali na wprowadzenie nas podczas tropikalnej burzy w St. Pete po bardzo op\u00f3\u017anionym rozpocz\u0119ciu pracy w St. <a href=\"https:\/\/moverdb.com\/pl\/przeprowadzka-do-atlanty\/\">Atlanta<\/a>.\"<\/em> - Becky via <a href=\"https:\/\/www.yelp.com\/biz\/coleman-worldwide-moving-fairburn\" target=\"_blank\" rel=\"noopener\">Yelp<\/a><\/li>\n<li> <em>\"Wojsko musi usun\u0105\u0107 t\u0119 firm\u0119 jako przewo\u017anika. Osobi\u015bcie do\u015bwiadczy\u0142em problem\u00f3w z t\u0105 firm\u0105 od pakowania mojego domu po dostaw\u0119 i pokwitowania.\"<\/em> - Shawni via <a href=\"https:\/\/www.facebook.com\/pg\/colemanallied\/reviews\/\" target=\"_blank\" rel=\"noopener\">Strona na Facebooku<\/a><\/li>\n<\/ul>\n<div itemprop=\"review\" itemscope itemtype=\"http:\/\/schema.org\/Review\">\n<span itemprop=\"author\" itemscope=\"\" itemtype=\"http:\/\/schema.org\/Organization\"><span itemprop=\"name\">MoverDB.com<\/span><\/span> Przegl\u0105d stron internetowych dla <span itemprop=\"itemreviewed\" itemscope=\"\" itemtype=\"http:\/\/schema.org\/Brand\"><span itemprop=\"name\">Coleman Worldwide Moving<\/span><\/span>:<\/p>\n<ol>\n<li> Przejrzyste dane kontaktowe na stronie internetowej (w tym numer telefonu): <strong>Tak<\/strong><\/li>\n<li> \u0141atwe do uzyskania <a href=\"https:\/\/moverdb.com\/pl\/cytaty\/\">oferty na przeprowadzki mi\u0119dzynarodowe<\/a>? (formularz wniosku o wycen\u0119 online): <strong>Tak<\/strong><\/li>\n<li> Przejrzyste informacje na stronie internetowej: <strong>Niekt\u00f3re<\/strong>Chocia\u017c znajduj\u0105 si\u0119 tam informacje o ich us\u0142ugach, niewiele poza tym.<\/li>\n<li> Cz\u0142onkostwo w uznanych mi\u0119dzynarodowych organizacjach zajmuj\u0105cych si\u0119 przemieszczaniem: <strong>Tak<\/strong>cho\u0107 nie tak wielu, jak w przypadku wielu innych firm przeprowadzkowych.<\/li>\n<li> Lista klient\u00f3w i\/lub referencje poprzednich klient\u00f3w: <strong>Tak<\/strong>Na stronie internetowej znajduje si\u0119 wiele pozytywnych opinii klient\u00f3w, cho\u0107 opinie z innych stron internetowych s\u0105 nieco bardziej zr\u00f3\u017cnicowane.<\/li>\n<\/ol>\n<div itemprop=\"reviewRating\" itemscope itemtype=\"http:\/\/schema.org\/Rating\"><meta itemprop=\"worstRating\" content = \"0\" \/><meta itemprop=\"bestRating\" content=\"5\" \/><meta itemprop=\"ratingValue\" content=\"4\"><\/div>\n<p><strong>Ocena og\u00f3lna: 4\/5<\/strong><br \/>\n<strong>Data przegl\u0105du:<\/strong> <span itemprop=\"datePublished\" content=\"2016-11-24\">24\/11\/2016<\/span>\n<\/div>\n<p>Czytaj wi\u0119cej o <a href=\"https:\/\/moverdb.com\/pl\/firmy-przeprowadzkowe\/\">najlepsze firmy przeprowadzaj\u0105ce si\u0119 za granic\u0119<\/a>, <a href=\"https:\/\/moverdb.com\/pl\/usa-kanada-movers\/\">przeprowadzki w Stanach Zjednoczonych<\/a> i nasze <a href=\"https:\/\/moverdb.com\/pl\/recenzje\/\">proces przegl\u0105du<\/a>.<\/p>\n<p><strong>Strona internetowa:<\/strong> <a href=\"http:\/\/www.colemanallied.com\/\" target=\"_blank\" rel=\"noopener\">http:\/\/www.colemanallied.com\/<\/a><\/p>","protected":false},"excerpt":{"rendered":"<p>Coleman Worldwide Moving also known as Coleman American Moving Services &#038; Coleman Allied offers many international moving services. These are listed below, together with a company profile and reviews. International Movers Full service packing Personal move coordinator Custom crating Vehicle shipping On line shipment tracking Long and short term storage Unpacking Debris removal Corporate Relocation [&hellip;]<\/p>\n","protected":false},"author":1,"featured_media":0,"parent":0,"menu_order":0,"comment_status":"closed","ping_status":"closed","template":"","meta":{"_genesis_hide_title":false,"_genesis_hide_breadcrumbs":false,"_genesis_hide_singular_image":false,"_genesis_hide_footer_widgets":false,"_genesis_custom_body_class":"","_genesis_custom_post_class":"","_genesis_layout":"","footnotes":""},"class_list":{"0":"post-1032","1":"page","2":"type-page","3":"status-publish","5":"entry"},"_links":{"self":[{"href":"https:\/\/moverdb.com\/pl\/wp-json\/wp\/v2\/pages\/1032","targetHints":{"allow":["GET"]}}],"collection":[{"href":"https:\/\/moverdb.com\/pl\/wp-json\/wp\/v2\/pages"}],"about":[{"href":"https:\/\/moverdb.com\/pl\/wp-json\/wp\/v2\/types\/page"}],"author":[{"embeddable":true,"href":"https:\/\/moverdb.com\/pl\/wp-json\/wp\/v2\/users\/1"}],"replies":[{"embeddable":true,"href":"https:\/\/moverdb.com\/pl\/wp-json\/wp\/v2\/comments?post=1032"}],"version-history":[{"count":5,"href":"https:\/\/moverdb.com\/pl\/wp-json\/wp\/v2\/pages\/1032\/revisions"}],"predecessor-version":[{"id":6193,"href":"https:\/\/moverdb.com\/pl\/wp-json\/wp\/v2\/pages\/1032\/revisions\/6193"}],"wp:attachment":[{"href":"https:\/\/moverdb.com\/pl\/wp-json\/wp\/v2\/media?parent=1032"}],"curies":[{"name":"wp","href":"https:\/\/api.w.org\/{rel}","templated":true}]}}