{"id":10263,"date":"2023-06-22T15:31:17","date_gmt":"2023-06-22T15:31:17","guid":{"rendered":"https:\/\/moverdb.com\/?page_id=10263"},"modified":"2026-01-08T15:24:56","modified_gmt":"2026-01-08T15:24:56","slug":"moving-companies-zimbabwe","status":"publish","type":"page","link":"https:\/\/moverdb.com\/pl\/moving-companies\/moving-companies-zimbabwe\/","title":{"rendered":"4 najlepsze firmy przeprowadzkowe w Zimbabwe"},"content":{"rendered":"<p>Planowanie przeprowadzki, zw\u0142aszcza mi\u0119dzy krajami, mo\u017ce by\u0107 przyt\u0142aczaj\u0105ce ze wzgl\u0119du na tak wiele do zrobienia. Zatrudnienie <a href=\"https:\/\/moverdb.com\/pl\/moving-companies\/\" data-internallinksmanager029f6b8e52c=\"79\" title=\"25 najlepszych firm przeprowadzek mi\u0119dzynarodowych online\">przedsi\u0119biorstwo przeprowadzkowe<\/a> mo\u017ce zmniejszy\u0107 to obci\u0105\u017cenie i u\u0142atwi\u0107 przeprowadzk\u0119. Poni\u017cej przedstawiamy list\u0119 firm z siedzib\u0105 w Zimbabwe. <a href=\"https:\/\/moverdb.com\/pl\/international-removals\/\" data-internallinksmanager029f6b8e52c=\"27\" title=\"36 najlepszych firm zajmuj\u0105cych si\u0119 przeprowadzkami mi\u0119dzynarodowymi w Wielkiej Brytanii\">przedsi\u0119biorstwa przeprowadzkowe<\/a> kt\u00f3re s\u0105 cz\u0142onkami <a href=\"https:\/\/moverdb.com\/pl\/iam\/\" data-internallinksmanager029f6b8e52c=\"23\" title=\"Mi\u0119dzynarodowe Stowarzyszenie Przewo\u017anik\u00f3w (IAM) - obja\u015bnienia\">Mi\u0119dzynarodowe Stowarzyszenie Przewo\u017anik\u00f3w<\/a> (IAM) i\/lub <a href=\"https:\/\/moverdb.com\/pl\/fidi-faim\/\" data-internallinksmanager029f6b8e52c=\"16\" title=\"FIDI i FAIM (FIDI Accredited International Mover) - obja\u015bnienia\">FIDI<\/a> Accredited International Mover (FAIM), kt\u00f3ry mo\u017ce pom\u00f3c w przeprowadzce.<\/p>\n<div id=\"ez-toc-container\" class=\"ez-toc-v2_0_82_2 ez-toc-wrap-left counter-hierarchy ez-toc-counter ez-toc-transparent ez-toc-container-direction\">\n<div class=\"ez-toc-title-container\">\n<p class=\"ez-toc-title\" style=\"cursor:inherit\">Sekcje<\/p>\n<span class=\"ez-toc-title-toggle\"><a href=\"#\" class=\"ez-toc-pull-right ez-toc-btn ez-toc-btn-xs ez-toc-btn-default ez-toc-toggle\" aria-label=\"Prze\u0142\u0105cznik Spisu Tre\u015bci\"><span class=\"ez-toc-js-icon-con\"><span class=\"\"><span class=\"eztoc-hide\" style=\"display:none;\">Toggle<\/span><span class=\"ez-toc-icon-toggle-span\"><svg style=\"fill: #999;color:#999\" xmlns=\"http:\/\/www.w3.org\/2000\/svg\" class=\"list-377408\" width=\"20px\" height=\"20px\" viewbox=\"0 0 24 24\" fill=\"none\"><path d=\"M6 6H4v2h2V6zm14 0H8v2h12V6zM4 11h2v2H4v-2zm16 0H8v2h12v-2zM4 16h2v2H4v-2zm16 0H8v2h12v-2z\" fill=\"currentColor\"><\/path><\/svg><svg style=\"fill: #999;color:#999\" class=\"arrow-unsorted-368013\" xmlns=\"http:\/\/www.w3.org\/2000\/svg\" width=\"10px\" height=\"10px\" viewbox=\"0 0 24 24\" version=\"1.2\" baseprofile=\"tiny\"><path d=\"M18.2 9.3l-6.2-6.3-6.2 6.3c-.2.2-.3.4-.3.7s.1.5.3.7c.2.2.4.3.7.3h11c.3 0 .5-.1.7-.3.2-.2.3-.5.3-.7s-.1-.5-.3-.7zM5.8 14.7l6.2 6.3 6.2-6.3c.2-.2.3-.5.3-.7s-.1-.5-.3-.7c-.2-.2-.4-.3-.7-.3h-11c-.3 0-.5.1-.7.3-.2.2-.3.5-.3.7s.1.5.3.7z\"\/><\/svg><\/span><\/span><\/span><\/a><\/span><\/div>\n<nav><ul class='ez-toc-list ez-toc-list-level-1 eztoc-toggle-hide-by-default' ><li class='ez-toc-page-1 ez-toc-heading-level-2'><a class=\"ez-toc-link ez-toc-heading-1\" href=\"https:\/\/moverdb.com\/pl\/moving-companies\/moving-companies-zimbabwe\/#1_Biddulphs_International\" >1. Biddulphs International<\/a><\/li><li class='ez-toc-page-1 ez-toc-heading-level-2'><a class=\"ez-toc-link ez-toc-heading-2\" href=\"https:\/\/moverdb.com\/pl\/moving-companies\/moving-companies-zimbabwe\/#2_Chavilon_International_Movers_Logistics\" >2. Chavilon International Movers &amp; Logistics<\/a><\/li><li class='ez-toc-page-1 ez-toc-heading-level-2'><a class=\"ez-toc-link ez-toc-heading-3\" href=\"https:\/\/moverdb.com\/pl\/moving-companies\/moving-companies-zimbabwe\/#3_Glens_Removal_Storage\" >3. Glens Removal &amp; Storage<\/a><\/li><li class='ez-toc-page-1 ez-toc-heading-level-2'><a class=\"ez-toc-link ez-toc-heading-4\" href=\"https:\/\/moverdb.com\/pl\/moving-companies\/moving-companies-zimbabwe\/#4_Stuttafords\" >4. Stuttafords<\/a><\/li><\/ul><\/nav><\/div>\n<h2><span class=\"ez-toc-section\" id=\"1_Biddulphs_International\"><\/span><strong>1. Biddulphs International<\/strong><img loading=\"lazy\" decoding=\"async\" class=\"alignnone size-full wp-image-10090\" style=\"font-size: 16px;\" src=\"https:\/\/moverdb.com\/wp-content\/uploads\/Biddulphs-International-Zimbabwe-moving-company.png\" alt=\"Firma przeprowadzkowa Biddulphs International Zimbabwe\" width=\"1440\" height=\"670\" data-wp-pid=\"10090\" srcset=\"https:\/\/moverdb.com\/wp-content\/uploads\/Biddulphs-International-Zimbabwe-moving-company.png 1440w, https:\/\/moverdb.com\/wp-content\/uploads\/Biddulphs-International-Zimbabwe-moving-company-300x140.png 300w, https:\/\/moverdb.com\/wp-content\/uploads\/Biddulphs-International-Zimbabwe-moving-company-1024x476.png 1024w, https:\/\/moverdb.com\/wp-content\/uploads\/Biddulphs-International-Zimbabwe-moving-company-18x8.png 18w, https:\/\/moverdb.com\/wp-content\/uploads\/Biddulphs-International-Zimbabwe-moving-company-600x279.png 600w\" sizes=\"auto, (max-width: 1440px) 100vw, 1440px\" \/><span class=\"ez-toc-section-end\"><\/span><\/h2>\n<ul>\n<li>Przeprowadzki lokalne<\/li>\n<li>Przeprowadzki mi\u0119dzynarodowe<\/li>\n<li>Przeprowadzki gospodarstw domowych<\/li>\n<li>Przeniesienia dzia\u0142alno\u015bci gospodarczej<\/li>\n<li>Us\u0142uga pakowania<\/li>\n<li>Transport l\u0105dowy, powietrzny i morski<\/li>\n<li>Opcje kontener\u00f3w<\/li>\n<li>Odprawa celna<\/li>\n<li>Ubezpieczenie tranzytowe<\/li>\n<li>Obiekty magazynowe<\/li>\n<\/ul>\n<p>Biddulphs International to mi\u0119dzynarodowa firma przeprowadzkowa za\u0142o\u017cona w 1928 roku z siedzib\u0105 w Harare. Firma posiada og\u00f3lno\u015bwiatow\u0105 sie\u0107 partner\u00f3w przeprowadzkowych, kt\u00f3rzy spe\u0142niaj\u0105 mi\u0119dzynarodowe standardy jako\u015bci, aby pom\u00f3c im w przeprowadzkach mi\u0119dzynarodowych. Firma jest cz\u0142onkiem IAM z 87-letnim do\u015bwiadczeniem.<\/p>\n<p>Konsultanci przeprowadzkowi Biddulphs International doradz\u0105 najbardziej ekonomiczne opcje przeprowadzki. Zapewniaj\u0105 profesjonalnych pakowaczy, kt\u00f3rzy ochroni\u0105 Twoje przedmioty podczas transportu. Zorganizuj\u0105 transport i b\u0119d\u0105 nadzorowa\u0107 odpraw\u0119 celn\u0105, a tak\u017ce zapewni\u0105 ubezpieczenie tranzytowe. Zapewniaj\u0105 wyb\u00f3r \u0142adunk\u00f3w pe\u0142nokontenerowych, cz\u0119\u015bciowych i drobnicowych.<\/p>\n<p>Strona internetowa: <a href=\"https:\/\/www.biddulphs.co.zw\/\" target=\"_blank\" rel=\"noopener\">https:\/\/www.biddulphs.co.zw\/<\/a><\/p>\n<h2><span class=\"ez-toc-section\" id=\"2_Chavilon_International_Movers_Logistics\"><\/span><strong>2. Chavilon International Movers &amp; Logistics<\/strong><span class=\"ez-toc-section-end\"><\/span><\/h2>\n<p><img loading=\"lazy\" decoding=\"async\" class=\"alignnone size-full wp-image-10093\" src=\"https:\/\/moverdb.com\/wp-content\/uploads\/Chavilon-International-moving-company.png\" alt=\"Mi\u0119dzynarodowa firma przeprowadzkowa Chavilon\" width=\"1440\" height=\"679\" data-wp-pid=\"10093\" srcset=\"https:\/\/moverdb.com\/wp-content\/uploads\/Chavilon-International-moving-company.png 1440w, https:\/\/moverdb.com\/wp-content\/uploads\/Chavilon-International-moving-company-300x141.png 300w, https:\/\/moverdb.com\/wp-content\/uploads\/Chavilon-International-moving-company-1024x483.png 1024w, https:\/\/moverdb.com\/wp-content\/uploads\/Chavilon-International-moving-company-18x8.png 18w, https:\/\/moverdb.com\/wp-content\/uploads\/Chavilon-International-moving-company-600x283.png 600w\" sizes=\"auto, (max-width: 1440px) 100vw, 1440px\" \/><\/p>\n<ul>\n<li>Ruchy krajowe<\/li>\n<li>Przeprowadzki mi\u0119dzynarodowe<\/li>\n<li>Przemieszczenia gospodarstw domowych<\/li>\n<li>Relokacje firm i biur<\/li>\n<li>Us\u0142uga pakowania<\/li>\n<li>Fracht drogowy, kolejowy, lotniczy i morski<\/li>\n<li>Odprawa celna<\/li>\n<li>Przenoszenie dzie\u0142 sztuki i antyk\u00f3w<\/li>\n<li>Relokacja samochodu<\/li>\n<li>Obiekty magazynowe<\/li>\n<\/ul>\n<p>Chavilon International Movers &amp; Logistics to firma zajmuj\u0105ca si\u0119 relokacj\u0105 i logistyk\u0105 z siedzib\u0105 w Harare, kt\u00f3rej sp\u00f3\u0142ki macierzyste i siostrzane znajduj\u0105 si\u0119 w <a href=\"https:\/\/moverdb.com\/pl\/moving-companies\/moving-companies-mozambique\/\" data-internallinksmanager029f6b8e52c=\"286\" title=\"4 Najlepsze firmy zajmuj\u0105ce si\u0119 przeprowadzkami mi\u0119dzynarodowymi w Mozambiku\">Mozambik<\/a>Angola, <a href=\"https:\/\/moverdb.com\/pl\/moving-companies\/botswana-moving-companies\/\" data-internallinksmanager029f6b8e52c=\"167\" title=\"Najlepsze firmy zajmuj\u0105ce si\u0119 przeprowadzkami mi\u0119dzynarodowymi w Botswanie\">Botswana<\/a>, <a href=\"https:\/\/moverdb.com\/pl\/moving-companies\/moving-companies-malawi\/\" data-internallinksmanager029f6b8e52c=\"295\" title=\"Najlepsze firmy zajmuj\u0105ce si\u0119 przeprowadzkami mi\u0119dzynarodowymi w Malawi\">Malawi<\/a> i Zambii. Maj\u0105 r\u00f3wnie\u017c dost\u0119p do mi\u0119dzynarodowej sieci firm przeprowadzkowych, aby \u015bwiadczy\u0107 us\u0142ugi na ca\u0142ym \u015bwiecie. Firma jest cz\u0142onkiem IAM z siedmioletnim do\u015bwiadczeniem.<\/p>\n<p>Firma Chavilon International Movers &amp; Logistics oferuje spersonalizowane us\u0142ugi przeprowadzek od drzwi do drzwi na terenie Zimbabwe, do i z tego kraju. Oferuj\u0105 r\u00f3wnie\u017c us\u0142ugi od drzwi do<a href=\"https:\/\/moverdb.com\/pl\/top-49-container-ports\/\" data-internallinksmanager029f6b8e52c=\"80\" title=\"49 najwi\u0119kszych i najbardziej ruchliwych port\u00f3w kontenerowych w 2025 r.\">port<\/a> i us\u0142ugi port-to-port, kt\u00f3re pozwalaj\u0105 na samodzielne wykonanie wi\u0119kszej liczby czynno\u015bci zwi\u0105zanych z przeprowadzk\u0105, takich jak pakowanie i rozpakowywanie. Ich us\u0142ugi pakowania wykorzystuj\u0105 uznane na ca\u0142ym \u015bwiecie materia\u0142y do ochrony przedmiot\u00f3w podczas transportu.<\/p>\n<p>Strona internetowa: <a href=\"http:\/\/www.chavilonmovers.com\/\" target=\"_blank\" rel=\"noopener\">http:\/\/www.chavilonmovers.com\/<\/a><\/p>\n<h2><span class=\"ez-toc-section\" id=\"3_Glens_Removal_Storage\"><\/span><strong>3. Glens Removal &amp; Storage<\/strong><span class=\"ez-toc-section-end\"><\/span><\/h2>\n<p><img loading=\"lazy\" decoding=\"async\" class=\"alignnone size-full wp-image-10128\" src=\"https:\/\/moverdb.com\/wp-content\/uploads\/Glens-Removals-Storage-international-moving-company.png\" alt=\"Glens Removals &amp; Storage - mi\u0119dzynarodowa firma przeprowadzkowa\" width=\"1440\" height=\"680\" data-wp-pid=\"10128\" srcset=\"https:\/\/moverdb.com\/wp-content\/uploads\/Glens-Removals-Storage-international-moving-company.png 1440w, https:\/\/moverdb.com\/wp-content\/uploads\/Glens-Removals-Storage-international-moving-company-300x142.png 300w, https:\/\/moverdb.com\/wp-content\/uploads\/Glens-Removals-Storage-international-moving-company-1024x484.png 1024w, https:\/\/moverdb.com\/wp-content\/uploads\/Glens-Removals-Storage-international-moving-company-18x9.png 18w, https:\/\/moverdb.com\/wp-content\/uploads\/Glens-Removals-Storage-international-moving-company-600x283.png 600w\" sizes=\"auto, (max-width: 1440px) 100vw, 1440px\" \/><\/p>\n<ul>\n<li>Przeprowadzki lokalne i krajowe<\/li>\n<li>Przeprowadzki mi\u0119dzynarodowe<\/li>\n<li>Przeprowadzki gospodarstw domowych<\/li>\n<li>Przeprowadzki biurowe<\/li>\n<li>Relokacje \"od drzwi do drzwi<\/li>\n<li>Us\u0142uga pakowania<\/li>\n<li>Przesy\u0142ka<\/li>\n<li>Odprawa celna<\/li>\n<li>Ubezpieczenia<\/li>\n<li>Przechowywanie kr\u00f3tko i d\u0142ugoterminowe<\/li>\n<\/ul>\n<p>Glens Removal &amp; Storage to firma przeprowadzkowa dzia\u0142aj\u0105ca od 1952 roku, posiadaj\u0105ca biura i magazyny w ca\u0142ym Zimbabwe, a tak\u017ce oddzia\u0142y w Zimbabwe. <a href=\"https:\/\/moverdb.com\/pl\/moving-to-south-africa\/\" data-internallinksmanager029f6b8e52c=\"347\" title=\"Przeprowadzka do Republiki Po\u0142udniowej Afryki? Koszty \u017cycia i wskaz\u00f3wki dotycz\u0105ce relokacji w 2023 r.\">Republika Po\u0142udniowej Afryki<\/a>Zambia, Malawi i Mozambik. Wsp\u00f3\u0142pracuje z mi\u0119dzynarodowymi agentami i firmami przewozowymi, aby \u015bwiadczy\u0107 us\u0142ugi na ca\u0142ym \u015bwiecie. Jest cz\u0142onkiem IAM z 71-letnim do\u015bwiadczeniem i posiada akredytacj\u0119 FIDI.<\/p>\n<p>Glens Removal &amp; Storage oferuje us\u0142ugi \"od drzwi do drzwi\", kt\u00f3re spe\u0142niaj\u0105 mi\u0119dzynarodowe standardy przeprowadzek. Zapewniaj\u0105 profesjonalne us\u0142ugi pakowania, w tym skrzynie, aby bezpiecznie dostarczy\u0107 rzeczy do miejsca docelowego. Zorganizuj\u0105 transport rzeczy i oferuj\u0105 wyb\u00f3r nast\u0119puj\u0105cych opcji <a href=\"https:\/\/moverdb.com\/pl\/shipping-container-sizes-and-dimensions\/\" data-internallinksmanager029f6b8e52c=\"247\" title=\"Ostateczny przewodnik po rozmiarach i wymiarach kontener\u00f3w transportowych\">wielko\u015bci pojemnik\u00f3w<\/a> i us\u0142ugi konsolidacyjne na czas przeprowadzki.<\/p>\n<p>Strona internetowa: <a href=\"http:\/\/www.glensremovals.com\" target=\"_blank\" rel=\"noopener\">http:\/\/www.glensremovals.com<\/a><\/p>\n<h2><span class=\"ez-toc-section\" id=\"4_Stuttafords\"><\/span><strong>4. Stuttafords<\/strong><span class=\"ez-toc-section-end\"><\/span><\/h2>\n<p><img loading=\"lazy\" decoding=\"async\" class=\"alignnone size-full wp-image-10188\" src=\"https:\/\/moverdb.com\/wp-content\/uploads\/Stuttafords-Zimbabwe-international-moving-company.png\" alt=\"Mi\u0119dzynarodowa firma przeprowadzkowa Stuttafords Zimbabwe\" width=\"1440\" height=\"681\" data-wp-pid=\"10188\" srcset=\"https:\/\/moverdb.com\/wp-content\/uploads\/Stuttafords-Zimbabwe-international-moving-company.png 1440w, https:\/\/moverdb.com\/wp-content\/uploads\/Stuttafords-Zimbabwe-international-moving-company-300x142.png 300w, https:\/\/moverdb.com\/wp-content\/uploads\/Stuttafords-Zimbabwe-international-moving-company-1024x484.png 1024w, https:\/\/moverdb.com\/wp-content\/uploads\/Stuttafords-Zimbabwe-international-moving-company-18x9.png 18w, https:\/\/moverdb.com\/wp-content\/uploads\/Stuttafords-Zimbabwe-international-moving-company-600x284.png 600w\" sizes=\"auto, (max-width: 1440px) 100vw, 1440px\" \/><\/p>\n<ul>\n<li>Relokacje lokalne i krajowe<\/li>\n<li>Przeniesienia mi\u0119dzynarodowe<\/li>\n<li>Przeprowadzki mieszkaniowe<\/li>\n<li>Relokacje przedsi\u0119biorstw<\/li>\n<li>Relokacje \"od drzwi do drzwi<\/li>\n<li>Us\u0142uga pakowania<\/li>\n<li>Fracht drogowy, lotniczy i morski<\/li>\n<li>Wyb\u00f3r rozmiar\u00f3w pojemnik\u00f3w<\/li>\n<li>Odprawa celna<\/li>\n<li>Obiekty magazynowe<\/li>\n<\/ul>\n<p>Stuttafords to firma logistyczno-transportowa posiadaj\u0105ca oddzia\u0142y w Zimbabwe, Malawi i Zambii. Biura w Zimbabwe znajduj\u0105 si\u0119 w Harare i Bulawayo. Stuttafords jest cz\u0142onkiem IAM z 66-letnim do\u015bwiadczeniem i posiada akredytacj\u0119 FIDI, co oznacza, \u017ce \u015bwiadczy us\u0142ugi zgodnie z mi\u0119dzynarodowymi standardami i posiada sie\u0107 firm transportowych, kt\u00f3re oferuj\u0105 te same standardy.<\/p>\n<p>Stuttafords oferuje us\u0142ugi przeprowadzek i relokacji od drzwi do drzwi dla klient\u00f3w indywidualnych i korporacyjnych na terenie Zimbabwe, do i z tego kraju. Zapewniaj\u0105 profesjonaln\u0105 us\u0142ug\u0119 pakowania, kt\u00f3ra gwarantuje, \u017ce towary nie zostan\u0105 uszkodzone podczas transportu. Zorganizuj\u0105 transport z odpraw\u0105 celn\u0105.<\/p>\n<p>Strona internetowa: <a href=\"http:\/\/www.stuttafordszim.com\" target=\"_blank\" rel=\"noopener\">http:\/\/www.stuttafordszim.com<\/a><\/p>","protected":false},"excerpt":{"rendered":"<p>When you are planning a move, especially between countries it can be overwhelming with so much to do. Employing a moving company can ease this burden and make your move smoother. Below we have compiled a list of Zimbabwe based removal companies that are members of the International Association of Movers (IAM) and\/or FIDI Accredited [&hellip;]<\/p>\n","protected":false},"author":4,"featured_media":10090,"parent":190,"menu_order":0,"comment_status":"closed","ping_status":"closed","template":"","meta":{"_genesis_hide_title":false,"_genesis_hide_breadcrumbs":false,"_genesis_hide_singular_image":false,"_genesis_hide_footer_widgets":false,"_genesis_custom_body_class":"","_genesis_custom_post_class":"","_genesis_layout":"","footnotes":""},"class_list":{"0":"post-10263","1":"page","2":"type-page","3":"status-publish","4":"has-post-thumbnail","6":"entry"},"_links":{"self":[{"href":"https:\/\/moverdb.com\/pl\/wp-json\/wp\/v2\/pages\/10263","targetHints":{"allow":["GET"]}}],"collection":[{"href":"https:\/\/moverdb.com\/pl\/wp-json\/wp\/v2\/pages"}],"about":[{"href":"https:\/\/moverdb.com\/pl\/wp-json\/wp\/v2\/types\/page"}],"author":[{"embeddable":true,"href":"https:\/\/moverdb.com\/pl\/wp-json\/wp\/v2\/users\/4"}],"replies":[{"embeddable":true,"href":"https:\/\/moverdb.com\/pl\/wp-json\/wp\/v2\/comments?post=10263"}],"version-history":[{"count":2,"href":"https:\/\/moverdb.com\/pl\/wp-json\/wp\/v2\/pages\/10263\/revisions"}],"predecessor-version":[{"id":10265,"href":"https:\/\/moverdb.com\/pl\/wp-json\/wp\/v2\/pages\/10263\/revisions\/10265"}],"up":[{"embeddable":true,"href":"https:\/\/moverdb.com\/pl\/wp-json\/wp\/v2\/pages\/190"}],"wp:featuredmedia":[{"embeddable":true,"href":"https:\/\/moverdb.com\/pl\/wp-json\/wp\/v2\/media\/10090"}],"wp:attachment":[{"href":"https:\/\/moverdb.com\/pl\/wp-json\/wp\/v2\/media?parent=10263"}],"curies":[{"name":"wp","href":"https:\/\/api.w.org\/{rel}","templated":true}]}}