{"id":10257,"date":"2023-06-22T15:34:17","date_gmt":"2023-06-22T15:34:17","guid":{"rendered":"https:\/\/moverdb.com\/?page_id=10257"},"modified":"2026-01-08T15:29:05","modified_gmt":"2026-01-08T15:29:05","slug":"moving-companies-vietnam","status":"publish","type":"page","link":"https:\/\/moverdb.com\/pl\/moving-companies\/moving-companies-vietnam\/","title":{"rendered":"5 najlepszych mi\u0119dzynarodowych firm przeprowadzkowych w Wietnamie"},"content":{"rendered":"<p>Czy my\u015blisz o przeprowadzce do, z lub w obr\u0119bie <a href=\"https:\/\/moverdb.com\/pl\/moving-to-vietnam\/\" data-internallinksmanager029f6b8e52c=\"390\" title=\"Przeprowadzka do Wietnamu? Koszty \u017cycia i wskaz\u00f3wki dotycz\u0105ce relokacji w 2023 r.\">Wietnam<\/a>? Uzyskanie <a href=\"https:\/\/moverdb.com\/pl\/moving-companies\/\" data-internallinksmanager029f6b8e52c=\"79\" title=\"25 najlepszych firm przeprowadzek mi\u0119dzynarodowych online\">przedsi\u0119biorstwo przeprowadzkowe<\/a> mog\u0105 pom\u00f3c w u\u0142atwieniu procesu, poniewa\u017c mog\u0105 spakowa\u0107 Twoje rzeczy, zorganizowa\u0107 transport i zarz\u0105dza\u0107 procedurami celnymi. Poni\u017cej zebrali\u015bmy list\u0119 firm z siedzib\u0105 w Wietnamie <a href=\"https:\/\/moverdb.com\/pl\/international-removals\/\" data-internallinksmanager029f6b8e52c=\"27\" title=\"36 najlepszych firm zajmuj\u0105cych si\u0119 przeprowadzkami mi\u0119dzynarodowymi w Wielkiej Brytanii\">przedsi\u0119biorstwa przeprowadzkowe<\/a> kt\u00f3re s\u0105 cz\u0142onkami <a href=\"https:\/\/moverdb.com\/pl\/iam\/\" data-internallinksmanager029f6b8e52c=\"23\" title=\"Mi\u0119dzynarodowe Stowarzyszenie Przewo\u017anik\u00f3w (IAM) - obja\u015bnienia\">Mi\u0119dzynarodowe Stowarzyszenie Przewo\u017anik\u00f3w<\/a> (IAM) i\/lub <a href=\"https:\/\/moverdb.com\/pl\/fidi-faim\/\" data-internallinksmanager029f6b8e52c=\"16\" title=\"FIDI i FAIM (FIDI Accredited International Mover) - obja\u015bnienia\">FIDI<\/a> Accredited International Mover (FAIM), kt\u00f3ra mo\u017ce pom\u00f3c Ci w przeprowadzce.<\/p>\n<div id=\"ez-toc-container\" class=\"ez-toc-v2_0_82_2 ez-toc-wrap-left counter-hierarchy ez-toc-counter ez-toc-transparent ez-toc-container-direction\">\n<div class=\"ez-toc-title-container\">\n<p class=\"ez-toc-title\" style=\"cursor:inherit\">Sekcje<\/p>\n<span class=\"ez-toc-title-toggle\"><a href=\"#\" class=\"ez-toc-pull-right ez-toc-btn ez-toc-btn-xs ez-toc-btn-default ez-toc-toggle\" aria-label=\"Prze\u0142\u0105cznik Spisu Tre\u015bci\"><span class=\"ez-toc-js-icon-con\"><span class=\"\"><span class=\"eztoc-hide\" style=\"display:none;\">Toggle<\/span><span class=\"ez-toc-icon-toggle-span\"><svg style=\"fill: #999;color:#999\" xmlns=\"http:\/\/www.w3.org\/2000\/svg\" class=\"list-377408\" width=\"20px\" height=\"20px\" viewbox=\"0 0 24 24\" fill=\"none\"><path d=\"M6 6H4v2h2V6zm14 0H8v2h12V6zM4 11h2v2H4v-2zm16 0H8v2h12v-2zM4 16h2v2H4v-2zm16 0H8v2h12v-2z\" fill=\"currentColor\"><\/path><\/svg><svg style=\"fill: #999;color:#999\" class=\"arrow-unsorted-368013\" xmlns=\"http:\/\/www.w3.org\/2000\/svg\" width=\"10px\" height=\"10px\" viewbox=\"0 0 24 24\" version=\"1.2\" baseprofile=\"tiny\"><path d=\"M18.2 9.3l-6.2-6.3-6.2 6.3c-.2.2-.3.4-.3.7s.1.5.3.7c.2.2.4.3.7.3h11c.3 0 .5-.1.7-.3.2-.2.3-.5.3-.7s-.1-.5-.3-.7zM5.8 14.7l6.2 6.3 6.2-6.3c.2-.2.3-.5.3-.7s-.1-.5-.3-.7c-.2-.2-.4-.3-.7-.3h-11c-.3 0-.5.1-.7.3-.2.2-.3.5-.3.7s.1.5.3.7z\"\/><\/svg><\/span><\/span><\/span><\/a><\/span><\/div>\n<nav><ul class='ez-toc-list ez-toc-list-level-1 eztoc-toggle-hide-by-default' ><li class='ez-toc-page-1 ez-toc-heading-level-2'><a class=\"ez-toc-link ez-toc-heading-1\" href=\"https:\/\/moverdb.com\/pl\/moving-companies\/moving-companies-vietnam\/#1_EVo_Moves\" >1. EVo Moves<\/a><\/li><li class='ez-toc-page-1 ez-toc-heading-level-2'><a class=\"ez-toc-link ez-toc-heading-2\" href=\"https:\/\/moverdb.com\/pl\/moving-companies\/moving-companies-vietnam\/#2_Prime_Relocations_Asia\" >2. Prime Relocations Asia<\/a><\/li><li class='ez-toc-page-1 ez-toc-heading-level-2'><a class=\"ez-toc-link ez-toc-heading-3\" href=\"https:\/\/moverdb.com\/pl\/moving-companies\/moving-companies-vietnam\/#3_Logical_Moves\" >3. Logiczne ruchy<\/a><\/li><li class='ez-toc-page-1 ez-toc-heading-level-2'><a class=\"ez-toc-link ez-toc-heading-4\" href=\"https:\/\/moverdb.com\/pl\/moving-companies\/moving-companies-vietnam\/#4_Santa_Fe_Relocation\" >4. Przeniesienie Santa Fe<\/a><\/li><li class='ez-toc-page-1 ez-toc-heading-level-2'><a class=\"ez-toc-link ez-toc-heading-5\" href=\"https:\/\/moverdb.com\/pl\/moving-companies\/moving-companies-vietnam\/#5_Saigon_Van\" >5. Sajgon Van<\/a><\/li><li class='ez-toc-page-1 ez-toc-heading-level-2'><a class=\"ez-toc-link ez-toc-heading-6\" href=\"https:\/\/moverdb.com\/pl\/moving-companies\/moving-companies-vietnam\/#Other_Useful_Guides_to_Vietnam\" >Inne przydatne przewodniki po Wietnamie<\/a><\/li><\/ul><\/nav><\/div>\n<h2><span class=\"ez-toc-section\" id=\"1_EVo_Moves\"><\/span><strong>1. EVo Moves<\/strong><span class=\"ez-toc-section-end\"><\/span><\/h2>\n<p><img loading=\"lazy\" decoding=\"async\" class=\"alignnone size-full wp-image-10115\" src=\"https:\/\/moverdb.com\/wp-content\/uploads\/EVo-Moves-international-moving-company.png\" alt=\"EVo Moves mi\u0119dzynarodowa firma przeprowadzkowa\" width=\"1440\" height=\"683\" data-wp-pid=\"10115\" srcset=\"https:\/\/moverdb.com\/wp-content\/uploads\/EVo-Moves-international-moving-company.png 1440w, https:\/\/moverdb.com\/wp-content\/uploads\/EVo-Moves-international-moving-company-300x142.png 300w, https:\/\/moverdb.com\/wp-content\/uploads\/EVo-Moves-international-moving-company-1024x486.png 1024w, https:\/\/moverdb.com\/wp-content\/uploads\/EVo-Moves-international-moving-company-18x9.png 18w, https:\/\/moverdb.com\/wp-content\/uploads\/EVo-Moves-international-moving-company-600x285.png 600w\" sizes=\"auto, (max-width: 1440px) 100vw, 1440px\" \/><\/p>\n<ul>\n<li>Ruchy krajowe<\/li>\n<li>Przeprowadzki mi\u0119dzynarodowe<\/li>\n<li>Przeprowadzki gospodarstw domowych<\/li>\n<li>Przeprowadzki biurowe<\/li>\n<li>Us\u0142uga \"od drzwi do drzwi\".<\/li>\n<li>Opakowanie eksportowe<\/li>\n<li>Odprawa celna<\/li>\n<li>Transport zwierz\u0105t domowych<\/li>\n<li>Ubezpieczenia<\/li>\n<li>Przechowywanie kr\u00f3tko i d\u0142ugoterminowe<\/li>\n<\/ul>\n<p>EVo Moves to mi\u0119dzynarodowa firma przeprowadzkowa z siedzib\u0105 w Ho Chi Minh City. Jest cz\u0142onkiem IAM z czteroletnim do\u015bwiadczeniem, co oznacza, \u017ce ma dost\u0119p do mi\u0119dzynarodowej sieci firm przeprowadzkowych, kt\u00f3re mog\u0105 jej pom\u00f3c.<\/p>\n<p>EVo Moves oferuje bezp\u0142atn\u0105 ankiet\u0119 przed przeprowadzk\u0105 dla os\u00f3b w Wietnamie, aby oceni\u0107 ich potrzeby zwi\u0105zane z przeprowadzk\u0105 i zapewni wycen\u0119 od drzwi do drzwi. Zapewniaj\u0105 us\u0142ug\u0119 pakowania, kt\u00f3ra spe\u0142nia mi\u0119dzynarodowe standardy i jako\u015b\u0107, aby chroni\u0107 Twoje przedmioty podczas transportu. Zorganizuj\u0105 transport mi\u0119dzynarodowy drog\u0105 morsk\u0105 lub lotnicz\u0105 wraz z ubezpieczeniem morskim od wszelkiego ryzyka i odpraw\u0105 celn\u0105. Dodatkowe us\u0142ugi obejmuj\u0105 transport zwierz\u0105t domowych, fumigacj\u0119 i magazynowanie.<\/p>\n<p>Strona internetowa: <a href=\"http:\/\/www.evomoves.com\" target=\"_blank\" rel=\"noopener\">http:\/\/www.evomoves.com<\/a><\/p>\n<h2><span class=\"ez-toc-section\" id=\"2_Prime_Relocations_Asia\"><\/span><strong>2. Prime Relocations Asia<\/strong><span class=\"ez-toc-section-end\"><\/span><\/h2>\n<p><img loading=\"lazy\" decoding=\"async\" class=\"alignnone size-full wp-image-10170\" src=\"https:\/\/moverdb.com\/wp-content\/uploads\/Prime-Relocations-Asia-international-moving-company.png\" alt=\"Prime Relocations Asia - mi\u0119dzynarodowa firma przeprowadzkowa\" width=\"1440\" height=\"680\" data-wp-pid=\"10170\" srcset=\"https:\/\/moverdb.com\/wp-content\/uploads\/Prime-Relocations-Asia-international-moving-company.png 1440w, https:\/\/moverdb.com\/wp-content\/uploads\/Prime-Relocations-Asia-international-moving-company-300x142.png 300w, https:\/\/moverdb.com\/wp-content\/uploads\/Prime-Relocations-Asia-international-moving-company-1024x484.png 1024w, https:\/\/moverdb.com\/wp-content\/uploads\/Prime-Relocations-Asia-international-moving-company-18x9.png 18w, https:\/\/moverdb.com\/wp-content\/uploads\/Prime-Relocations-Asia-international-moving-company-600x283.png 600w\" sizes=\"auto, (max-width: 1440px) 100vw, 1440px\" \/><\/p>\n<ul>\n<li>Przeprowadzki lokalne i krajowe<\/li>\n<li>Przeprowadzki mi\u0119dzynarodowe<\/li>\n<li>Przeprowadzki gospodarstw domowych<\/li>\n<li>Przeprowadzki firm<\/li>\n<li>Us\u0142uga \"od drzwi do drzwi\".<\/li>\n<li>Kompletny pakiet przeprowadzkowy<\/li>\n<li>Przenoszenie zwierz\u0105t domowych i pojazd\u00f3w<\/li>\n<li>Us\u0142ugi r\u0119kodzielnicze<\/li>\n<li>Ubezpieczenia<\/li>\n<li>Magazyny kr\u00f3tko i d\u0142ugoterminowe<\/li>\n<\/ul>\n<p>Prime Relocations Asia to mi\u0119dzynarodowa firma przeprowadzkowa z biurami w Wietnamie, Hanoi i Ho Chi Minh City, a tak\u017ce w Laosie i Azji. <a href=\"https:\/\/moverdb.com\/pl\/moving-to-cambodia\/\" data-internallinksmanager029f6b8e52c=\"340\" title=\"Przeprowadzka do Kambod\u017cy? Koszty \u017cycia i wskaz\u00f3wki dotycz\u0105ce relokacji w 2023 r.\">Kambod\u017ca<\/a>. Dysponuje sieci\u0105 preferowanych partner\u00f3w i podmiot\u00f3w stowarzyszonych, kt\u00f3rzy realizuj\u0105 przeprowadzki zagraniczne i zarz\u0105dzaj\u0105 przepisami celnymi. Firma jest cz\u0142onkiem IAM z 15-letnim do\u015bwiadczeniem.<\/p>\n<p>Prime Relocations Asia oferuje pojedynczy punkt kontaktowy do zarz\u0105dzania przeprowadzk\u0105, kt\u00f3ra mo\u017ce obejmowa\u0107 przeprowadzk\u0119 domu lub firmy, zwierz\u0105t domowych i pojazd\u00f3w wraz z kompleksowym ubezpieczeniem transportowym. Prime Relocations Asia \u015bwiadczy dodatkowe us\u0142ugi, w tym us\u0142ugi z\u0142otej r\u0105czki, us\u0142ugi pokoj\u00f3wki, znalezienie zakwaterowania, orientacj\u0119, wsparcie przy wyje\u017adzie i przyje\u017adzie.<\/p>\n<p>Strona internetowa: <a href=\"http:\/\/www.primerelo.asia\" target=\"_blank\" rel=\"noopener\">http:\/\/www.primerelo.asia<\/a><\/p>\n<h2><span class=\"ez-toc-section\" id=\"3_Logical_Moves\"><\/span><strong>3. Logiczne ruchy<\/strong><span class=\"ez-toc-section-end\"><\/span><\/h2>\n<p><img loading=\"lazy\" decoding=\"async\" class=\"alignnone size-full wp-image-10149\" src=\"https:\/\/moverdb.com\/wp-content\/uploads\/Logical-Moves-international-moving-company.png\" alt=\"Logical Moves mi\u0119dzynarodowa firma przeprowadzkowa\" width=\"1440\" height=\"670\" data-wp-pid=\"10149\" srcset=\"https:\/\/moverdb.com\/wp-content\/uploads\/Logical-Moves-international-moving-company.png 1440w, https:\/\/moverdb.com\/wp-content\/uploads\/Logical-Moves-international-moving-company-300x140.png 300w, https:\/\/moverdb.com\/wp-content\/uploads\/Logical-Moves-international-moving-company-1024x476.png 1024w, https:\/\/moverdb.com\/wp-content\/uploads\/Logical-Moves-international-moving-company-18x8.png 18w, https:\/\/moverdb.com\/wp-content\/uploads\/Logical-Moves-international-moving-company-600x279.png 600w\" sizes=\"auto, (max-width: 1440px) 100vw, 1440px\" \/><\/p>\n<ul>\n<li>Przeprowadzki lokalne<\/li>\n<li>Przeprowadzki mi\u0119dzynarodowe<\/li>\n<li>Przeprowadzki gospodarstw domowych<\/li>\n<li>Przeprowadzki firm<\/li>\n<li>Us\u0142ugi relokacyjne<\/li>\n<li>Us\u0142uga pakowania<\/li>\n<li>Odprawa celna<\/li>\n<li>Us\u0142ugi zwi\u0105zane z odlotem i osiedleniem si\u0119<\/li>\n<li>Ruchy zwierz\u0105t domowych<\/li>\n<li>Bezpieczne przechowywanie<\/li>\n<\/ul>\n<p>Logical Moves to niezale\u017cna mi\u0119dzynarodowa firma przeprowadzkowa za\u0142o\u017cona w 2005 roku z siedzib\u0105 w Ho Chi Minh City. Posiada globaln\u0105 sie\u0107 i lokalne zasoby, kt\u00f3re umo\u017cliwiaj\u0105 jej \u015bwiadczenie wysokiej jako\u015bci us\u0142ug w zakresie przeprowadzek lokalnych i mi\u0119dzynarodowych. Logical Moves jest cz\u0142onkiem IAM z 18-letnim do\u015bwiadczeniem.<\/p>\n<p>Firma Logical Moves oferuje konsultacje przed przeprowadzk\u0105 i przegl\u0105d domu w celu ustalenia wymaga\u0144 dotycz\u0105cych przeprowadzki. Oferuje us\u0142ug\u0119 pakowania, aby zapewni\u0107 bezpieczn\u0105 dostaw\u0119 rzeczy i zapewni\u0107 ochron\u0119 przesy\u0142ki oraz odpraw\u0119 celn\u0105, a po przybyciu na miejsce rozpakuje. Logical Movical oferuje dodatkowe us\u0142ugi, w tym wsparcie wizowe i imigracyjne, poszukiwanie domu i szko\u0142y, wsparcie przy wyje\u017adzie, us\u0142ugi z\u0142otej r\u0105czki i us\u0142ugi osiedle\u0144cze.<\/p>\n<p>Strona internetowa: <a href=\"http:\/\/www.logicalmoves.net\" target=\"_blank\" rel=\"noopener\">http:\/\/www.logicalmoves.net<\/a><\/p>\n<h2><span class=\"ez-toc-section\" id=\"4_Santa_Fe_Relocation\"><\/span><strong>4. Przeniesienie Santa Fe<\/strong><span class=\"ez-toc-section-end\"><\/span><\/h2>\n<p><img loading=\"lazy\" decoding=\"async\" class=\"alignnone size-full wp-image-10181\" src=\"https:\/\/moverdb.com\/wp-content\/uploads\/Santa-Fe-Relocations-Vietnam-international-moving-company.png\" alt=\"Santa Fe Relocations Vietnam - mi\u0119dzynarodowa firma przeprowadzkowa\" width=\"1440\" height=\"681\" data-wp-pid=\"10181\" srcset=\"https:\/\/moverdb.com\/wp-content\/uploads\/Santa-Fe-Relocations-Vietnam-international-moving-company.png 1440w, https:\/\/moverdb.com\/wp-content\/uploads\/Santa-Fe-Relocations-Vietnam-international-moving-company-300x142.png 300w, https:\/\/moverdb.com\/wp-content\/uploads\/Santa-Fe-Relocations-Vietnam-international-moving-company-1024x484.png 1024w, https:\/\/moverdb.com\/wp-content\/uploads\/Santa-Fe-Relocations-Vietnam-international-moving-company-18x9.png 18w, https:\/\/moverdb.com\/wp-content\/uploads\/Santa-Fe-Relocations-Vietnam-international-moving-company-600x284.png 600w\" sizes=\"auto, (max-width: 1440px) 100vw, 1440px\" \/><\/p>\n<ul>\n<li>Relokacje lokalne i krajowe<\/li>\n<li>Przeniesienia mi\u0119dzynarodowe<\/li>\n<li>Przemieszczenia gospodarstw domowych<\/li>\n<li>Relokacje przedsi\u0119biorstw<\/li>\n<li>Us\u0142uga \"od drzwi do drzwi\".<\/li>\n<li>Pakowanie specjalistyczne<\/li>\n<li>Odprawa celna<\/li>\n<li>Wizy i imigracja<\/li>\n<li>Us\u0142ugi dotycz\u0105ce miejsc przeznaczenia<\/li>\n<li>Bezpieczne przechowywanie<\/li>\n<\/ul>\n<p>Santa Fe Relocation to mi\u0119dzynarodowa firma przeprowadzkowa z ponad 130-letnim do\u015bwiadczeniem, posiadaj\u0105ca 64 biura w 38 krajach, w tym w Hanoi i Ho Chi Minh City w Wietnamie. Jest cz\u0142onkiem IAM z 17-letnim do\u015bwiadczeniem i posiada akredytacj\u0119 FIDI.<\/p>\n<p>Santa Fe Relocation oferuje us\u0142ugi przeprowadzkowe \"od drzwi do drzwi\" z profesjonalnym zespo\u0142em, kt\u00f3ry wspiera klienta podczas ca\u0142ej przeprowadzki. Firma zapewnia specjalistyczn\u0105 us\u0142ug\u0119 pakowania w celu ochrony rzeczy podczas przeprowadzki, a tak\u017ce oferuje kompleksowe plany ochrony przesy\u0142ek. Oferuj\u0105 r\u00f3wnie\u017c dodatkowe us\u0142ugi, w tym wizy i us\u0142ugi imigracyjne, wyszukiwanie dom\u00f3w i inne us\u0142ugi zwi\u0105zane z miejscem docelowym.<\/p>\n<p>Strona internetowa: <a href=\"https:\/\/www.santaferelo.com\/en\/contact\/our-offices\/vietnam-ho-chi-minh\/\" target=\"_blank\" rel=\"noopener\">https:\/\/www.santaferelo.com\/en\/contact\/our-offices\/vietnam-ho-chi-minh\/<\/a><\/p>\n<h2><span class=\"ez-toc-section\" id=\"5_Saigon_Van\"><\/span><strong>5. Sajgon Van<\/strong><span class=\"ez-toc-section-end\"><\/span><\/h2>\n<p><img loading=\"lazy\" decoding=\"async\" class=\"alignnone size-full wp-image-10258\" src=\"https:\/\/moverdb.com\/wp-content\/uploads\/Saigon-Van-international-moving-company.png\" alt=\"Mi\u0119dzynarodowa firma przeprowadzkowa Saigon Van\" width=\"1440\" height=\"700\" data-wp-pid=\"10258\" srcset=\"https:\/\/moverdb.com\/wp-content\/uploads\/Saigon-Van-international-moving-company.png 1440w, https:\/\/moverdb.com\/wp-content\/uploads\/Saigon-Van-international-moving-company-300x146.png 300w, https:\/\/moverdb.com\/wp-content\/uploads\/Saigon-Van-international-moving-company-1024x498.png 1024w, https:\/\/moverdb.com\/wp-content\/uploads\/Saigon-Van-international-moving-company-18x9.png 18w, https:\/\/moverdb.com\/wp-content\/uploads\/Saigon-Van-international-moving-company-600x292.png 600w\" sizes=\"auto, (max-width: 1440px) 100vw, 1440px\" \/><\/p>\n<ul>\n<li>Przeprowadzki lokalne i krajowe<\/li>\n<li>Przeprowadzki mi\u0119dzynarodowe<\/li>\n<li>Przeprowadzki gospodarstw domowych<\/li>\n<li>Przeprowadzki biurowe<\/li>\n<li>Us\u0142uga pakowania<\/li>\n<li>Odprawa celna<\/li>\n<li>Przenoszenie zwierz\u0105t domowych<\/li>\n<li>Us\u0142ugi r\u0119kodzielnicze<\/li>\n<li>Ubezpieczenia<\/li>\n<li>Przechowywanie<\/li>\n<\/ul>\n<p>Saigon Van to mi\u0119dzynarodowa firma relokacyjna za\u0142o\u017cona w 1990 roku z siedzib\u0105 w Ho Chi Minh City i oddzia\u0142em w Ha Noi. Wsp\u00f3\u0142pracuje z mi\u0119dzynarodowymi kolegami, aby pom\u00f3c im w \u015bwiadczeniu us\u0142ug poza Wietnamem. Firma jest cz\u0142onkiem IAM z 33-letnim do\u015bwiadczeniem i posiada akredytacj\u0119 FIDI.<\/p>\n<p>Saigon Van oferuje lokalne, krajowe i mi\u0119dzynarodowe us\u0142ugi przeprowadzek i relokacji, kt\u00f3re rozpoczynaj\u0105 si\u0119 od ankiety przed przeprowadzk\u0105. Zapewnia do\u015bwiadczon\u0105 ekip\u0119 pakuj\u0105c\u0105, kt\u00f3ra pakuje i chroni rzeczy. Organizuj\u0105 transport z odpraw\u0105 celn\u0105 i ubezpieczeniem. Ich us\u0142ugi relokacyjne obejmuj\u0105 wizy, zapisy do szk\u00f3\u0142, us\u0142ugi z\u0142otej r\u0105czki, sprz\u0105tanie i przechowywanie.<\/p>\n<p>Strona internetowa: <a href=\"http:\/\/www.saigonvan.com\/\" target=\"_blank\" rel=\"noopener\">http:\/\/www.saigonvan.com\/<\/a><\/p>\n<h2><span class=\"ez-toc-section\" id=\"Other_Useful_Guides_to_Vietnam\"><\/span>Inne przydatne przewodniki po Wietnamie<span class=\"ez-toc-section-end\"><\/span><\/h2>\n<ul>\n<li> <a href=\"https:\/\/moverdb.com\/pl\/przeladunek-w-kontenerach\/wietnam\/\">2024 Stawki za transport kontener\u00f3w morskich do iz Wietnamu<\/a><\/li>\n<li> <a href=\"https:\/\/moverdb.com\/pl\/moving-to-vietnam\/\">Przeprowadzka do Wietnamu? Koszty \u017cycia i wskaz\u00f3wki dotycz\u0105ce relokacji w 2023 r.<\/a><\/li>\n<li> <a href=\"https:\/\/moverdb.com\/pl\/moving-to-vietnam\/best-places-to-live-vietnam\/\">12 najlepszych miejsc do \u017cycia w Wietnamie<\/a><\/li>\n<\/ul>","protected":false},"excerpt":{"rendered":"<p>Are you thinking of moving to, from or within Vietnam? Getting a moving company to assist you can help ease the process as they can pack your effects, arrange transportation and manage customs procedures. Below we have compiled a list of Vietnam based removal companies that are members of the International Association of Movers (IAM) [&hellip;]<\/p>\n","protected":false},"author":4,"featured_media":10115,"parent":190,"menu_order":0,"comment_status":"closed","ping_status":"closed","template":"","meta":{"_genesis_hide_title":false,"_genesis_hide_breadcrumbs":false,"_genesis_hide_singular_image":false,"_genesis_hide_footer_widgets":false,"_genesis_custom_body_class":"","_genesis_custom_post_class":"","_genesis_layout":"","footnotes":""},"class_list":{"0":"post-10257","1":"page","2":"type-page","3":"status-publish","4":"has-post-thumbnail","6":"entry"},"_links":{"self":[{"href":"https:\/\/moverdb.com\/pl\/wp-json\/wp\/v2\/pages\/10257","targetHints":{"allow":["GET"]}}],"collection":[{"href":"https:\/\/moverdb.com\/pl\/wp-json\/wp\/v2\/pages"}],"about":[{"href":"https:\/\/moverdb.com\/pl\/wp-json\/wp\/v2\/types\/page"}],"author":[{"embeddable":true,"href":"https:\/\/moverdb.com\/pl\/wp-json\/wp\/v2\/users\/4"}],"replies":[{"embeddable":true,"href":"https:\/\/moverdb.com\/pl\/wp-json\/wp\/v2\/comments?post=10257"}],"version-history":[{"count":3,"href":"https:\/\/moverdb.com\/pl\/wp-json\/wp\/v2\/pages\/10257\/revisions"}],"predecessor-version":[{"id":16500,"href":"https:\/\/moverdb.com\/pl\/wp-json\/wp\/v2\/pages\/10257\/revisions\/16500"}],"up":[{"embeddable":true,"href":"https:\/\/moverdb.com\/pl\/wp-json\/wp\/v2\/pages\/190"}],"wp:featuredmedia":[{"embeddable":true,"href":"https:\/\/moverdb.com\/pl\/wp-json\/wp\/v2\/media\/10115"}],"wp:attachment":[{"href":"https:\/\/moverdb.com\/pl\/wp-json\/wp\/v2\/media?parent=10257"}],"curies":[{"name":"wp","href":"https:\/\/api.w.org\/{rel}","templated":true}]}}