{"id":10253,"date":"2023-06-22T15:36:35","date_gmt":"2023-06-22T15:36:35","guid":{"rendered":"https:\/\/moverdb.com\/?page_id=10253"},"modified":"2026-01-08T15:23:53","modified_gmt":"2026-01-08T15:23:53","slug":"moving-companies-uzbekistan","status":"publish","type":"page","link":"https:\/\/moverdb.com\/pl\/moving-companies\/moving-companies-uzbekistan\/","title":{"rendered":"2 najlepsze firmy przeprowadzkowe w Uzbekistanie"},"content":{"rendered":"<p>Planujesz przeprowadzk\u0119 z lub do Uzbekistanu? W takim razie zaanga\u017cowanie <a href=\"https:\/\/moverdb.com\/pl\/moving-companies\/\" data-internallinksmanager029f6b8e52c=\"79\" title=\"25 najlepszych firm przeprowadzek mi\u0119dzynarodowych online\">przedsi\u0119biorstwo przeprowadzkowe<\/a> kt\u00f3rzy mog\u0105 pom\u00f3c w pakowaniu, organizowaniu transportu i obs\u0142udze celnej w przypadku przeprowadzek mi\u0119dzynarodowych, mog\u0105 naprawd\u0119 u\u0142atwi\u0107 przeprowadzk\u0119. Poni\u017cej przedstawiamy list\u0119 firm z siedzib\u0105 w Uzbekistanie. <a href=\"https:\/\/moverdb.com\/pl\/international-removals\/\" data-internallinksmanager029f6b8e52c=\"27\" title=\"36 najlepszych firm zajmuj\u0105cych si\u0119 przeprowadzkami mi\u0119dzynarodowymi w Wielkiej Brytanii\">przedsi\u0119biorstwa przeprowadzkowe<\/a> kt\u00f3re s\u0105 cz\u0142onkami <a href=\"https:\/\/moverdb.com\/pl\/iam\/\" data-internallinksmanager029f6b8e52c=\"23\" title=\"Mi\u0119dzynarodowe Stowarzyszenie Przewo\u017anik\u00f3w (IAM) - obja\u015bnienia\">Mi\u0119dzynarodowe Stowarzyszenie Przewo\u017anik\u00f3w<\/a> (IAM) i\/lub <a href=\"https:\/\/moverdb.com\/pl\/fidi-faim\/\" data-internallinksmanager029f6b8e52c=\"16\" title=\"FIDI i FAIM (FIDI Accredited International Mover) - obja\u015bnienia\">FIDI<\/a> Accredited International Mover (FAIM), kt\u00f3ra mo\u017ce pom\u00f3c Ci w przeprowadzce.<\/p>\n<h2><strong>1. Move One<\/strong><\/h2>\n<p><img loading=\"lazy\" decoding=\"async\" class=\"alignnone size-full wp-image-10159\" src=\"https:\/\/moverdb.com\/wp-content\/uploads\/Move-One-international-moving-company-1.png\" alt=\"Mi\u0119dzynarodowa firma przeprowadzkowa Move One\" width=\"1440\" height=\"676\" data-wp-pid=\"10159\" srcset=\"https:\/\/moverdb.com\/wp-content\/uploads\/Move-One-international-moving-company-1.png 1440w, https:\/\/moverdb.com\/wp-content\/uploads\/Move-One-international-moving-company-1-300x141.png 300w, https:\/\/moverdb.com\/wp-content\/uploads\/Move-One-international-moving-company-1-1024x481.png 1024w, https:\/\/moverdb.com\/wp-content\/uploads\/Move-One-international-moving-company-1-18x8.png 18w, https:\/\/moverdb.com\/wp-content\/uploads\/Move-One-international-moving-company-1-600x282.png 600w\" sizes=\"auto, (max-width: 1440px) 100vw, 1440px\" \/><\/p>\n<ul>\n<li>Ruchy krajowe<\/li>\n<li>Przeprowadzki mi\u0119dzynarodowe<\/li>\n<li>Przeprowadzki gospodarstw domowych<\/li>\n<li>Logistyka handlowa<\/li>\n<li>Us\u0142ugi relokacyjne<\/li>\n<li>Us\u0142uga pakowania<\/li>\n<li>Organizacja transportu<\/li>\n<li>Wsparcie celne<\/li>\n<li>Transport zwierz\u0105t domowych i pojazd\u00f3w<\/li>\n<li>Obiekty magazynowe<\/li>\n<\/ul>\n<p>Move One to za\u0142o\u017cona w 1992 roku firma zajmuj\u0105ca si\u0119 logistyk\u0105, przeprowadzkami i globalnymi rozwi\u0105zaniami w zakresie mobilno\u015bci, posiadaj\u0105ca ponad 80 biur w Europie Wschodniej, Afryce, na Bliskim Wschodzie, Ba\u0142kanach i we Wsp\u00f3lnocie Niepodleg\u0142ych Pa\u0144stw. Biuro w Uzbekistanie znajduje si\u0119 w Taszkiencie. Firma posiada sie\u0107 biur i agent\u00f3w \u015bwiadcz\u0105cych us\u0142ugi mi\u0119dzynarodowe. Jest cz\u0142onkiem IAM z siedmioletnim sta\u017cem.<\/p>\n<p>Move One koordynuje przeprowadzk\u0119, zapewniaj\u0105c jej sprawny przebieg, \u015bwiadcz\u0105c us\u0142ugi pakowania, transportu i obs\u0142ugi celnej. Oferuje dodatkowe us\u0142ugi, w tym pozwolenia i wizy, transport zwierz\u0105t, transport samochodowy, nadbaga\u017c i przechowywanie. Us\u0142ugi relokacyjne obejmuj\u0105 wyszukiwanie dom\u00f3w i szk\u00f3\u0142, tymczasowe zakwaterowanie, orientacj\u0119 i wsparcie przy wprowadzaniu si\u0119.<\/p>\n<p>Strona internetowa: <a href=\"https:\/\/www.moveoneinc.com\" target=\"_blank\" rel=\"noopener\">https:\/\/www.moveoneinc.com<\/a><\/p>\n<h2><strong>2. Gosselin<\/strong><\/h2>\n<p><img loading=\"lazy\" decoding=\"async\" class=\"alignnone size-full wp-image-10132\" src=\"https:\/\/moverdb.com\/wp-content\/uploads\/Gosselin-Uzbekistan-international-moving-company.png\" alt=\"Gosselin Uzbekistan - mi\u0119dzynarodowa firma przeprowadzkowa\" width=\"1440\" height=\"680\" data-wp-pid=\"10132\" srcset=\"https:\/\/moverdb.com\/wp-content\/uploads\/Gosselin-Uzbekistan-international-moving-company.png 1440w, https:\/\/moverdb.com\/wp-content\/uploads\/Gosselin-Uzbekistan-international-moving-company-300x142.png 300w, https:\/\/moverdb.com\/wp-content\/uploads\/Gosselin-Uzbekistan-international-moving-company-1024x484.png 1024w, https:\/\/moverdb.com\/wp-content\/uploads\/Gosselin-Uzbekistan-international-moving-company-18x9.png 18w, https:\/\/moverdb.com\/wp-content\/uploads\/Gosselin-Uzbekistan-international-moving-company-600x283.png 600w\" sizes=\"auto, (max-width: 1440px) 100vw, 1440px\" \/><\/p>\n<ul>\n<li>Ruchy krajowe<\/li>\n<li>Przeprowadzki mi\u0119dzynarodowe<\/li>\n<li>Przeprowadzki gospodarstw domowych<\/li>\n<li>Przeprowadzki biurowe<\/li>\n<li>Us\u0142uga \"od drzwi do drzwi\".<\/li>\n<li>Us\u0142uga pakowania<\/li>\n<li>Ustalenia dotycz\u0105ce transportu<\/li>\n<li>Ruchy artystyczne<\/li>\n<li>Przeprowadzki samochod\u00f3w i zwierz\u0105t domowych<\/li>\n<li>Rozwi\u0105zania w zakresie przechowywania<\/li>\n<\/ul>\n<p>Gosselin to mi\u0119dzynarodowa firma przeprowadzkowa za\u0142o\u017cona w 1930 roku, posiadaj\u0105ca biura w 34 krajach w Europie, na Kaukazie i w Azji \u015arodkowej, w tym w Taszkiencie w Uzbekistanie. Firma korzysta z w\u0142asnych biur i sieci partner\u00f3w przeprowadzkowych na ca\u0142ym \u015bwiecie w celu \u015bwiadczenia us\u0142ug mi\u0119dzynarodowych. Firma jest cz\u0142onkiem IAM.<\/p>\n<p>Gosselin oferuje us\u0142ug\u0119 przeprowadzki od drzwi do drzwi z profesjonalnymi pracownikami, kt\u00f3rzy pomog\u0105 w przeprowadzce w dowolne miejsce na \u015bwiecie. Bezpiecznie zapakuj\u0105 Twoje rzeczy, zdemontuj\u0105 i zmontuj\u0105 meble oraz rozpakuj\u0105 je po przyje\u017adzie. Korzystaj\u0105 z ekologicznych materia\u0142\u00f3w do pakowania i zawieraj\u0105 ubezpieczenie transportowe. Oferuj\u0105 dodatkowe us\u0142ugi, w tym obs\u0142ug\u0119 dzie\u0142 sztuki, <a href=\"https:\/\/moverdb.com\/pl\/car-transport-shipping\/\" data-internallinksmanager029f6b8e52c=\"2\" title=\"2026 Mi\u0119dzynarodowy transport samochodowy i wyceny wysy\u0142ki pojazd\u00f3w\">transport samochodowy<\/a>rozwi\u0105zania w zakresie przeprowadzek i przechowywania zwierz\u0105t domowych.<\/p>\n<p>Strona internetowa: <a href=\"https:\/\/gosselin-moving.com\/uzbekistan\" target=\"_blank\" rel=\"noopener\">https:\/\/gosselin-moving.com\/uzbekistan<\/a><\/p>","protected":false},"excerpt":{"rendered":"<p>Are you planning on moving within, to or from Uzbekistan? Then engaging a moving company who can assist you with packing, arranging transport and handling customs for international moves can really ease your move. Below we have compiled a list of Uzbekistan based removal companies that are members of the International Association of Movers (IAM) [&hellip;]<\/p>\n","protected":false},"author":4,"featured_media":10159,"parent":190,"menu_order":0,"comment_status":"closed","ping_status":"closed","template":"","meta":{"_genesis_hide_title":false,"_genesis_hide_breadcrumbs":false,"_genesis_hide_singular_image":false,"_genesis_hide_footer_widgets":false,"_genesis_custom_body_class":"","_genesis_custom_post_class":"","_genesis_layout":"","footnotes":""},"class_list":{"0":"post-10253","1":"page","2":"type-page","3":"status-publish","4":"has-post-thumbnail","6":"entry"},"_links":{"self":[{"href":"https:\/\/moverdb.com\/pl\/wp-json\/wp\/v2\/pages\/10253","targetHints":{"allow":["GET"]}}],"collection":[{"href":"https:\/\/moverdb.com\/pl\/wp-json\/wp\/v2\/pages"}],"about":[{"href":"https:\/\/moverdb.com\/pl\/wp-json\/wp\/v2\/types\/page"}],"author":[{"embeddable":true,"href":"https:\/\/moverdb.com\/pl\/wp-json\/wp\/v2\/users\/4"}],"replies":[{"embeddable":true,"href":"https:\/\/moverdb.com\/pl\/wp-json\/wp\/v2\/comments?post=10253"}],"version-history":[{"count":1,"href":"https:\/\/moverdb.com\/pl\/wp-json\/wp\/v2\/pages\/10253\/revisions"}],"predecessor-version":[{"id":10254,"href":"https:\/\/moverdb.com\/pl\/wp-json\/wp\/v2\/pages\/10253\/revisions\/10254"}],"up":[{"embeddable":true,"href":"https:\/\/moverdb.com\/pl\/wp-json\/wp\/v2\/pages\/190"}],"wp:featuredmedia":[{"embeddable":true,"href":"https:\/\/moverdb.com\/pl\/wp-json\/wp\/v2\/media\/10159"}],"wp:attachment":[{"href":"https:\/\/moverdb.com\/pl\/wp-json\/wp\/v2\/media?parent=10253"}],"curies":[{"name":"wp","href":"https:\/\/api.w.org\/{rel}","templated":true}]}}