{"id":10249,"date":"2023-06-22T15:38:39","date_gmt":"2023-06-22T15:38:39","guid":{"rendered":"https:\/\/moverdb.com\/?page_id=10249"},"modified":"2026-01-08T15:24:29","modified_gmt":"2026-01-08T15:24:29","slug":"moving-companies-uruguay","status":"publish","type":"page","link":"https:\/\/moverdb.com\/pl\/moving-companies\/moving-companies-uruguay\/","title":{"rendered":"3 najlepsze firmy przeprowadzkowe w Urugwaju"},"content":{"rendered":"<p>Przeprowadzka domu lub firmy mo\u017ce by\u0107 gor\u0105czkowym i stresuj\u0105cym okresem, w kt\u00f3rym trzeba wiele zrobi\u0107 i zorganizowa\u0107. To jest miejsce, w kt\u00f3rym <a href=\"https:\/\/moverdb.com\/pl\/moving-companies\/\" data-internallinksmanager029f6b8e52c=\"79\" title=\"25 najlepszych firm przeprowadzek mi\u0119dzynarodowych online\">przedsi\u0119biorstwo przeprowadzkowe<\/a> mo\u017ce pom\u00f3c, bior\u0105c na siebie wiele zada\u0144, takich jak pakowanie, organizacja transportu i obs\u0142uga celna w przypadku przeprowadzek mi\u0119dzy krajami. Poni\u017cej przedstawiamy list\u0119 firm z siedzib\u0105 w Urugwaju. <a href=\"https:\/\/moverdb.com\/pl\/international-removals\/\" data-internallinksmanager029f6b8e52c=\"27\" title=\"36 najlepszych firm zajmuj\u0105cych si\u0119 przeprowadzkami mi\u0119dzynarodowymi w Wielkiej Brytanii\">przedsi\u0119biorstwa przeprowadzkowe<\/a> kt\u00f3re s\u0105 cz\u0142onkami <a href=\"https:\/\/moverdb.com\/pl\/iam\/\" data-internallinksmanager029f6b8e52c=\"23\" title=\"Mi\u0119dzynarodowe Stowarzyszenie Przewo\u017anik\u00f3w (IAM) - obja\u015bnienia\">Mi\u0119dzynarodowe Stowarzyszenie Przewo\u017anik\u00f3w<\/a> (IAM) i\/lub <a href=\"https:\/\/moverdb.com\/pl\/fidi-faim\/\" data-internallinksmanager029f6b8e52c=\"16\" title=\"FIDI i FAIM (FIDI Accredited International Mover) - obja\u015bnienia\">FIDI<\/a> Accredited International Mover (FAIM), kt\u00f3ry mo\u017ce pom\u00f3c w przeprowadzce.<\/p>\n<h2><strong>1. AB Moving<\/strong><\/h2>\n<p><img loading=\"lazy\" decoding=\"async\" class=\"alignnone size-full wp-image-10064\" src=\"https:\/\/moverdb.com\/wp-content\/uploads\/AB-Moving-international-moving-company.png\" alt=\"AB Moving mi\u0119dzynarodowa firma przeprowadzkowa\" width=\"1440\" height=\"679\" data-wp-pid=\"10064\" srcset=\"https:\/\/moverdb.com\/wp-content\/uploads\/AB-Moving-international-moving-company.png 1440w, https:\/\/moverdb.com\/wp-content\/uploads\/AB-Moving-international-moving-company-300x141.png 300w, https:\/\/moverdb.com\/wp-content\/uploads\/AB-Moving-international-moving-company-1024x483.png 1024w, https:\/\/moverdb.com\/wp-content\/uploads\/AB-Moving-international-moving-company-18x8.png 18w, https:\/\/moverdb.com\/wp-content\/uploads\/AB-Moving-international-moving-company-600x283.png 600w\" sizes=\"auto, (max-width: 1440px) 100vw, 1440px\" \/><\/p>\n<ul>\n<li>Ruchy krajowe<\/li>\n<li>Przeprowadzki mi\u0119dzynarodowe<\/li>\n<li>Przeprowadzki gospodarstw domowych<\/li>\n<li>Ruchy biznesowe<\/li>\n<li>Us\u0142ugi relokacyjne<\/li>\n<li>Profesjonalne opakowanie<\/li>\n<li>Transport lotniczy, morski i l\u0105dowy<\/li>\n<li>Obs\u0142uga sztuki<\/li>\n<li>Przenoszenie zwierz\u0105t domowych<\/li>\n<li>Bezpieczne przechowywanie<\/li>\n<\/ul>\n<p>AB Moving to mi\u0119dzynarodowa firma przeprowadzkowa z ponad 25-letnim do\u015bwiadczeniem z siedzib\u0105 w Montevideo. Posiada sie\u0107 agent\u00f3w na ca\u0142ym \u015bwiecie, kt\u00f3ra umo\u017cliwia im realizacj\u0119 przeprowadzek w dowolnym miejscu na \u015bwiecie. Firma jest cz\u0142onkiem IAM z 15-letnim sta\u017cem.<\/p>\n<p>AB Moving zapewnia spersonalizowane us\u0142ugi, kt\u00f3re s\u0105 dostosowane do Twoich potrzeb i oferuj\u0105 us\u0142ug\u0119 \"od drzwi do drzwi\". Zapewnia profesjonaln\u0105 us\u0142ug\u0119 pakowania, kt\u00f3ra wykorzystuje wysokiej jako\u015bci materia\u0142y i niestandardowe drewniane szkielety do ochrony przedmiot\u00f3w. Firma zorganizuje transport lotniczy, morski lub drogowy wraz z ca\u0142\u0105 wymagan\u0105 dokumentacj\u0105.<\/p>\n<p>Strona internetowa: <a href=\"http:\/\/www.ab.com.uy\" target=\"_blank\" rel=\"noopener\">http:\/\/www.ab.com.uy<\/a><\/p>\n<h2><strong>2. Autogiro<\/strong><\/h2>\n<p><img loading=\"lazy\" decoding=\"async\" class=\"alignnone size-full wp-image-10085\" src=\"https:\/\/moverdb.com\/wp-content\/uploads\/Autogiro-international-moving-company.png\" alt=\"Mi\u0119dzynarodowa firma przeprowadzkowa Autogiro\" width=\"1440\" height=\"682\" data-wp-pid=\"10085\" srcset=\"https:\/\/moverdb.com\/wp-content\/uploads\/Autogiro-international-moving-company.png 1440w, https:\/\/moverdb.com\/wp-content\/uploads\/Autogiro-international-moving-company-300x142.png 300w, https:\/\/moverdb.com\/wp-content\/uploads\/Autogiro-international-moving-company-1024x485.png 1024w, https:\/\/moverdb.com\/wp-content\/uploads\/Autogiro-international-moving-company-18x9.png 18w, https:\/\/moverdb.com\/wp-content\/uploads\/Autogiro-international-moving-company-600x284.png 600w\" sizes=\"auto, (max-width: 1440px) 100vw, 1440px\" \/><\/p>\n<ul>\n<li>Ruchy krajowe<\/li>\n<li>Przeprowadzki mi\u0119dzynarodowe<\/li>\n<li>Przeprowadzki mieszkaniowe<\/li>\n<li>Przeprowadzki korporacyjne<\/li>\n<li>Us\u0142ugi relokacyjne<\/li>\n<li>Us\u0142uga pakowania<\/li>\n<li>Organizacja transportu<\/li>\n<li>Obs\u0142uga dzie\u0142a sztuki<\/li>\n<li>Transport zwierz\u0105t<\/li>\n<li>Bezpieczne przechowywanie<\/li>\n<\/ul>\n<p>Autogiro to firma zajmuj\u0105ca si\u0119 przeprowadzkami i transportem \u0142adunk\u00f3w, za\u0142o\u017cona w 1925 roku z siedzib\u0105 w Montevideo. Firma nawi\u0105za\u0142a wsp\u00f3\u0142prac\u0119 z agentami na ca\u0142ym \u015bwiecie, kt\u00f3rzy zapewniaj\u0105 wysokie standardy, aby pom\u00f3c im w \u015bwiadczeniu us\u0142ug mi\u0119dzynarodowych. Firma jest cz\u0142onkiem IAM z 98-letnim sta\u017cem i posiada akredytacj\u0119 FIDI.<\/p>\n<p>Autogiro najpierw oszacuje wielko\u015b\u0107 przeprowadzki i przedstawi wycen\u0119 przeprowadzki od drzwi do drzwi wraz z poradami celnymi. Spakuje Twoje rzeczy i zabezpieczy je w szufladach MDF oraz spe\u0142ni mi\u0119dzynarodowe standardy dotycz\u0105ce delikatnych przedmiot\u00f3w. Za\u0142aduj\u0105 je do kontenera lub drewnianych skrzy\u0144 i przetransportuj\u0105 do miejsca docelowego, zapewniaj\u0105c inwentaryzacj\u0119.<\/p>\n<p>Strona internetowa: <a href=\"http:\/\/www.autogiro.com.uy\" target=\"_blank\" rel=\"noopener\">http:\/\/www.autogiro.com.uy<\/a><\/p>\n<h2><strong>3. Uruvan<\/strong><\/h2>\n<p><img loading=\"lazy\" decoding=\"async\" class=\"alignnone size-full wp-image-10251\" src=\"https:\/\/moverdb.com\/wp-content\/uploads\/Uruvan-international-moving-company-1.png\" alt=\"Mi\u0119dzynarodowa firma przeprowadzkowa Uruvan\" width=\"1440\" height=\"709\" data-wp-pid=\"10251\" srcset=\"https:\/\/moverdb.com\/wp-content\/uploads\/Uruvan-international-moving-company-1.png 1440w, https:\/\/moverdb.com\/wp-content\/uploads\/Uruvan-international-moving-company-1-300x148.png 300w, https:\/\/moverdb.com\/wp-content\/uploads\/Uruvan-international-moving-company-1-1024x504.png 1024w, https:\/\/moverdb.com\/wp-content\/uploads\/Uruvan-international-moving-company-1-18x9.png 18w, https:\/\/moverdb.com\/wp-content\/uploads\/Uruvan-international-moving-company-1-600x295.png 600w\" sizes=\"auto, (max-width: 1440px) 100vw, 1440px\" \/><\/p>\n<ul>\n<li>Przeprowadzki krajowe<\/li>\n<li>Przeprowadzki mi\u0119dzynarodowe<\/li>\n<li>Przeprowadzki gospodarstw domowych<\/li>\n<li>Przeprowadzki korporacyjne<\/li>\n<li>Us\u0142ugi relokacyjne<\/li>\n<li>Us\u0142uga pakowania<\/li>\n<li>Odprawa celna<\/li>\n<li>Transport artystyczny<\/li>\n<li>Transport zwierz\u0105t domowych<\/li>\n<li>Obiekty magazynowe<\/li>\n<\/ul>\n<p>Uruvan to krajowa i mi\u0119dzynarodowa firma przeprowadzkowa oferuj\u0105ca us\u0142ugi spedycyjne i magazynowe, za\u0142o\u017cona w 1982 roku z siedzib\u0105 w Montevideo i biurem w Punta del Etse. Wsp\u00f3\u0142pracuje z agencjami na ca\u0142ym \u015bwiecie, aby \u015bwiadczy\u0107 us\u0142ugi w Urugwaju i na arenie mi\u0119dzynarodowej. Firma jest cz\u0142onkiem IAM od 41 lat i posiada akredytacj\u0119 FIDI.<\/p>\n<p>Uruvan oferuje us\u0142ugi przeprowadzki od drzwi do drzwi, zaczynaj\u0105c od przegl\u0105du domu w celu oceny potrzeb i przedstawienia wyceny. Firma koordynuje przeprowadzk\u0119 i organizuje transport, pakowanie i odpraw\u0119 celn\u0105. Profesjonalny zesp\u00f3\u0142 przeprowadzkowy zapakuje rzeczy w odpowiednie opakowania, aby chroni\u0107 je podczas transportu do nowego domu.<\/p>\n<p>Strona internetowa: <a href=\"http:\/\/www.uruvan.com.uy\" target=\"_blank\" rel=\"noopener\">http:\/\/www.uruvan.com.uy<\/a><\/p>","protected":false},"excerpt":{"rendered":"<p>Moving home or your business can be a hectic and stressful time with a lot to do and arrange. This is where a moving company can help you by taking on many of the tasks such as packing, arranging transportation and handling customs arrangements for inter-country moves. Below we have compiled a list of Uruguay [&hellip;]<\/p>\n","protected":false},"author":4,"featured_media":10064,"parent":190,"menu_order":0,"comment_status":"closed","ping_status":"closed","template":"","meta":{"_genesis_hide_title":false,"_genesis_hide_breadcrumbs":false,"_genesis_hide_singular_image":false,"_genesis_hide_footer_widgets":false,"_genesis_custom_body_class":"","_genesis_custom_post_class":"","_genesis_layout":"","footnotes":""},"class_list":{"0":"post-10249","1":"page","2":"type-page","3":"status-publish","4":"has-post-thumbnail","6":"entry"},"_links":{"self":[{"href":"https:\/\/moverdb.com\/pl\/wp-json\/wp\/v2\/pages\/10249","targetHints":{"allow":["GET"]}}],"collection":[{"href":"https:\/\/moverdb.com\/pl\/wp-json\/wp\/v2\/pages"}],"about":[{"href":"https:\/\/moverdb.com\/pl\/wp-json\/wp\/v2\/types\/page"}],"author":[{"embeddable":true,"href":"https:\/\/moverdb.com\/pl\/wp-json\/wp\/v2\/users\/4"}],"replies":[{"embeddable":true,"href":"https:\/\/moverdb.com\/pl\/wp-json\/wp\/v2\/comments?post=10249"}],"version-history":[{"count":1,"href":"https:\/\/moverdb.com\/pl\/wp-json\/wp\/v2\/pages\/10249\/revisions"}],"predecessor-version":[{"id":10252,"href":"https:\/\/moverdb.com\/pl\/wp-json\/wp\/v2\/pages\/10249\/revisions\/10252"}],"up":[{"embeddable":true,"href":"https:\/\/moverdb.com\/pl\/wp-json\/wp\/v2\/pages\/190"}],"wp:featuredmedia":[{"embeddable":true,"href":"https:\/\/moverdb.com\/pl\/wp-json\/wp\/v2\/media\/10064"}],"wp:attachment":[{"href":"https:\/\/moverdb.com\/pl\/wp-json\/wp\/v2\/media?parent=10249"}],"curies":[{"name":"wp","href":"https:\/\/api.w.org\/{rel}","templated":true}]}}