{"id":10244,"date":"2023-06-22T15:42:03","date_gmt":"2023-06-22T15:42:03","guid":{"rendered":"https:\/\/moverdb.com\/?page_id=10244"},"modified":"2026-01-08T15:24:55","modified_gmt":"2026-01-08T15:24:55","slug":"moving-companies-ukraine","status":"publish","type":"page","link":"https:\/\/moverdb.com\/pl\/moving-companies\/moving-companies-ukraine\/","title":{"rendered":"4 najlepsze firmy przeprowadzkowe na Ukrainie"},"content":{"rendered":"<p>Przeprowadzka jest skomplikowana w ka\u017cdym momencie, wi\u0119c je\u015bli planujesz przeprowadzk\u0119 z, na lub w obr\u0119bie Ukrainy, mo\u017cesz rozwa\u017cy\u0107 uzyskanie <a href=\"https:\/\/moverdb.com\/pl\/moving-companies\/\" data-internallinksmanager029f6b8e52c=\"79\" title=\"25 najlepszych firm przeprowadzek mi\u0119dzynarodowych online\">przedsi\u0119biorstwo przeprowadzkowe<\/a>. Mog\u0105 oni pom\u00f3c w planowaniu, pakowaniu i logistyce. Poni\u017cej przedstawiamy list\u0119 ukrai\u0144skich firm <a href=\"https:\/\/moverdb.com\/pl\/international-removals\/\" data-internallinksmanager029f6b8e52c=\"27\" title=\"36 najlepszych firm zajmuj\u0105cych si\u0119 przeprowadzkami mi\u0119dzynarodowymi w Wielkiej Brytanii\">przedsi\u0119biorstwa przeprowadzkowe<\/a> kt\u00f3re s\u0105 cz\u0142onkami <a href=\"https:\/\/moverdb.com\/pl\/iam\/\" data-internallinksmanager029f6b8e52c=\"23\" title=\"Mi\u0119dzynarodowe Stowarzyszenie Przewo\u017anik\u00f3w (IAM) - obja\u015bnienia\">Mi\u0119dzynarodowe Stowarzyszenie Przewo\u017anik\u00f3w<\/a> (IAM) i\/lub <a href=\"https:\/\/moverdb.com\/pl\/fidi-faim\/\" data-internallinksmanager029f6b8e52c=\"16\" title=\"FIDI i FAIM (FIDI Accredited International Mover) - obja\u015bnienia\">FIDI<\/a> Accredited International Mover (FAIM), kt\u00f3ry mo\u017ce pom\u00f3c w przeprowadzce.<\/p>\n<div id=\"ez-toc-container\" class=\"ez-toc-v2_0_82_2 ez-toc-wrap-left counter-hierarchy ez-toc-counter ez-toc-transparent ez-toc-container-direction\">\n<div class=\"ez-toc-title-container\">\n<p class=\"ez-toc-title\" style=\"cursor:inherit\">Sekcje<\/p>\n<span class=\"ez-toc-title-toggle\"><a href=\"#\" class=\"ez-toc-pull-right ez-toc-btn ez-toc-btn-xs ez-toc-btn-default ez-toc-toggle\" aria-label=\"Prze\u0142\u0105cznik Spisu Tre\u015bci\"><span class=\"ez-toc-js-icon-con\"><span class=\"\"><span class=\"eztoc-hide\" style=\"display:none;\">Toggle<\/span><span class=\"ez-toc-icon-toggle-span\"><svg style=\"fill: #999;color:#999\" xmlns=\"http:\/\/www.w3.org\/2000\/svg\" class=\"list-377408\" width=\"20px\" height=\"20px\" viewbox=\"0 0 24 24\" fill=\"none\"><path d=\"M6 6H4v2h2V6zm14 0H8v2h12V6zM4 11h2v2H4v-2zm16 0H8v2h12v-2zM4 16h2v2H4v-2zm16 0H8v2h12v-2z\" fill=\"currentColor\"><\/path><\/svg><svg style=\"fill: #999;color:#999\" class=\"arrow-unsorted-368013\" xmlns=\"http:\/\/www.w3.org\/2000\/svg\" width=\"10px\" height=\"10px\" viewbox=\"0 0 24 24\" version=\"1.2\" baseprofile=\"tiny\"><path d=\"M18.2 9.3l-6.2-6.3-6.2 6.3c-.2.2-.3.4-.3.7s.1.5.3.7c.2.2.4.3.7.3h11c.3 0 .5-.1.7-.3.2-.2.3-.5.3-.7s-.1-.5-.3-.7zM5.8 14.7l6.2 6.3 6.2-6.3c.2-.2.3-.5.3-.7s-.1-.5-.3-.7c-.2-.2-.4-.3-.7-.3h-11c-.3 0-.5.1-.7.3-.2.2-.3.5-.3.7s.1.5.3.7z\"\/><\/svg><\/span><\/span><\/span><\/a><\/span><\/div>\n<nav><ul class='ez-toc-list ez-toc-list-level-1 eztoc-toggle-hide-by-default' ><li class='ez-toc-page-1 ez-toc-heading-level-2'><a class=\"ez-toc-link ez-toc-heading-1\" href=\"https:\/\/moverdb.com\/pl\/moving-companies\/moving-companies-ukraine\/#1_Eurodean_International_Movers\" >1. Eurodean International Movers<\/a><\/li><li class='ez-toc-page-1 ez-toc-heading-level-2'><a class=\"ez-toc-link ez-toc-heading-2\" href=\"https:\/\/moverdb.com\/pl\/moving-companies\/moving-companies-ukraine\/#2_Gosselin\" >2. Gosselin<\/a><\/li><li class='ez-toc-page-1 ez-toc-heading-level-2'><a class=\"ez-toc-link ez-toc-heading-3\" href=\"https:\/\/moverdb.com\/pl\/moving-companies\/moving-companies-ukraine\/#3_KLS\" >3. KLS<\/a><\/li><li class='ez-toc-page-1 ez-toc-heading-level-2'><a class=\"ez-toc-link ez-toc-heading-4\" href=\"https:\/\/moverdb.com\/pl\/moving-companies\/moving-companies-ukraine\/#4_Santa_Fe_Relocation\" >4. Przeniesienie Santa Fe<\/a><\/li><\/ul><\/nav><\/div>\n<h2><span class=\"ez-toc-section\" id=\"1_Eurodean_International_Movers\"><\/span><strong>1. Eurodean International Movers<\/strong><span class=\"ez-toc-section-end\"><\/span><\/h2>\n<p><img loading=\"lazy\" decoding=\"async\" class=\"alignnone size-full wp-image-10114\" src=\"https:\/\/moverdb.com\/wp-content\/uploads\/Eurodean-International-Movers-moving-company.png\" alt=\"Eurodean International Movers firma przeprowadzkowa\" width=\"1440\" height=\"680\" data-wp-pid=\"10114\" srcset=\"https:\/\/moverdb.com\/wp-content\/uploads\/Eurodean-International-Movers-moving-company.png 1440w, https:\/\/moverdb.com\/wp-content\/uploads\/Eurodean-International-Movers-moving-company-300x142.png 300w, https:\/\/moverdb.com\/wp-content\/uploads\/Eurodean-International-Movers-moving-company-1024x484.png 1024w, https:\/\/moverdb.com\/wp-content\/uploads\/Eurodean-International-Movers-moving-company-18x9.png 18w, https:\/\/moverdb.com\/wp-content\/uploads\/Eurodean-International-Movers-moving-company-600x283.png 600w\" sizes=\"auto, (max-width: 1440px) 100vw, 1440px\" \/><\/p>\n<ul>\n<li>Przeprowadzki mi\u0119dzynarodowe<\/li>\n<li>Przeprowadzki gospodarstw domowych<\/li>\n<li>Przeprowadzki biurowe<\/li>\n<li>Us\u0142uga pakowania<\/li>\n<li>Fracht l\u0105dowy, morski i lotniczy<\/li>\n<li>S\u0142u\u017cba celna<\/li>\n<li>Obs\u0142uga dzie\u0142a sztuki<\/li>\n<li>Przenoszenie zwierz\u0105t domowych<\/li>\n<li>Ubezpieczenia<\/li>\n<li>Obiekty magazynowe<\/li>\n<\/ul>\n<p>Eurodean International Movers to mi\u0119dzynarodowa firma przeprowadzkowa dzia\u0142aj\u0105ca na Ukrainie od 2000 roku. Jest cz\u0142onkiem IAM z 16-letnim sta\u017cem, co oznacza, \u017ce ma dost\u0119p do mi\u0119dzynarodowej sieci firm przeprowadzkowych wspieraj\u0105cych przeprowadzki na ca\u0142ym \u015bwiecie.<\/p>\n<p>Eurodean International Movers oferuje us\u0142ugi przeprowadzkowe od drzwi do drzwi, w tym zapewnienie wysoko wykwalifikowanych pakowaczy, kt\u00f3rzy u\u017cyj\u0105 specjalnie zaprojektowanych opakowa\u0144 do pakowania przedmiot\u00f3w. Produkuj\u0105 r\u00f3wnie\u017c niestandardowe drewniane skrzynie na delikatne przedmioty. Firma zorganizuje transport rzeczy drog\u0105 l\u0105dow\u0105, morsk\u0105 lub powietrzn\u0105 wraz z odpraw\u0105 celn\u0105 i przetwarzaniem zezwole\u0144. Oferuj\u0105 dodatkowe us\u0142ugi, w tym relokacj\u0119 zwierz\u0105t domowych i obs\u0142ug\u0119 dzie\u0142 sztuki.<\/p>\n<p>Strona internetowa: <a href=\"https:\/\/eurodean.ua\/\" target=\"_blank\" rel=\"noopener\">https:\/\/eurodean.ua\/<\/a><\/p>\n<h2><span class=\"ez-toc-section\" id=\"2_Gosselin\"><\/span><strong>2. Gosselin<\/strong><span class=\"ez-toc-section-end\"><\/span><\/h2>\n<p><img loading=\"lazy\" decoding=\"async\" class=\"alignnone size-full wp-image-10131\" src=\"https:\/\/moverdb.com\/wp-content\/uploads\/Gosselin-Ukraine-international-moving-company.png\" alt=\"Gosselin Ukraina - mi\u0119dzynarodowa firma przeprowadzkowa\" width=\"1440\" height=\"681\" data-wp-pid=\"10131\" srcset=\"https:\/\/moverdb.com\/wp-content\/uploads\/Gosselin-Ukraine-international-moving-company.png 1440w, https:\/\/moverdb.com\/wp-content\/uploads\/Gosselin-Ukraine-international-moving-company-300x142.png 300w, https:\/\/moverdb.com\/wp-content\/uploads\/Gosselin-Ukraine-international-moving-company-1024x484.png 1024w, https:\/\/moverdb.com\/wp-content\/uploads\/Gosselin-Ukraine-international-moving-company-18x9.png 18w, https:\/\/moverdb.com\/wp-content\/uploads\/Gosselin-Ukraine-international-moving-company-600x284.png 600w\" sizes=\"auto, (max-width: 1440px) 100vw, 1440px\" \/><\/p>\n<ul>\n<li>Przeprowadzki mi\u0119dzynarodowe<\/li>\n<li>Przeprowadzki mieszkaniowe<\/li>\n<li>Przeprowadzki firm<\/li>\n<li>Us\u0142uga \"od drzwi do drzwi\".<\/li>\n<li>Us\u0142uga pakowania<\/li>\n<li>Organizacja transportu<\/li>\n<li>Obs\u0142uga celna<\/li>\n<li>Zwierz\u0119ta domowe i <a href=\"https:\/\/moverdb.com\/pl\/car-transport-shipping\/\" data-internallinksmanager029f6b8e52c=\"2\" title=\"2026 Mi\u0119dzynarodowy transport samochodowy i wyceny wysy\u0142ki pojazd\u00f3w\">transport samochodowy<\/a><\/li>\n<li>Ubezpieczenie transportowe<\/li>\n<li>Us\u0142uga przechowywania<\/li>\n<\/ul>\n<p>Gosselin to mi\u0119dzynarodowa firma przeprowadzkowa, kt\u00f3ra posiada biura w 34 krajach w Europie, na Kaukazie i w Azji \u015arodkowej, z biurem na Ukrainie w Kijowie. Firma posiada r\u00f3wnie\u017c sie\u0107 wysokiej jako\u015bci partner\u00f3w przeprowadzkowych, kt\u00f3rzy uzupe\u0142niaj\u0105 jej w\u0142asn\u0105 sie\u0107, aby zapewni\u0107 przeprowadzki do niemal ka\u017cdego miejsca. Firma jest cz\u0142onkiem IAM.<\/p>\n<p>Gosselin zapewnia us\u0142ug\u0119 przeprowadzki od drzwi do drzwi na Ukrain\u0119 i z Ukrainy z profesjonalnymi pracownikami. Ich us\u0142uga pakowania obejmuje bezpieczne pakowanie rzeczy do transportu, demonta\u017c i ponowny monta\u017c mebli oraz rozpakowanie po przyje\u017adzie. Firma korzysta z ekologicznych materia\u0142\u00f3w do pakowania i zapewnia ubezpieczenie transportowe oraz wsparcie w procesach celnych.<\/p>\n<p>Strona internetowa: <a href=\"https:\/\/gosselin-moving.com\/en\/moving-to-ukraine\" target=\"_blank\" rel=\"noopener\">https:\/\/gosselin-moving.com\/en\/moving-to-ukraine<\/a><\/p>\n<h2><span class=\"ez-toc-section\" id=\"3_KLS\"><\/span><strong>3. KLS<\/strong><span class=\"ez-toc-section-end\"><\/span><\/h2>\n<p><img loading=\"lazy\" decoding=\"async\" class=\"alignnone size-full wp-image-10147\" src=\"https:\/\/moverdb.com\/wp-content\/uploads\/KLS-Ukraine-international-moving-company.png\" alt=\"KLS Ukraina - mi\u0119dzynarodowa firma przeprowadzkowa\" width=\"1440\" height=\"683\" data-wp-pid=\"10147\" srcset=\"https:\/\/moverdb.com\/wp-content\/uploads\/KLS-Ukraine-international-moving-company.png 1440w, https:\/\/moverdb.com\/wp-content\/uploads\/KLS-Ukraine-international-moving-company-300x142.png 300w, https:\/\/moverdb.com\/wp-content\/uploads\/KLS-Ukraine-international-moving-company-1024x486.png 1024w, https:\/\/moverdb.com\/wp-content\/uploads\/KLS-Ukraine-international-moving-company-18x9.png 18w, https:\/\/moverdb.com\/wp-content\/uploads\/KLS-Ukraine-international-moving-company-600x285.png 600w\" sizes=\"auto, (max-width: 1440px) 100vw, 1440px\" \/><\/p>\n<ul>\n<li>Przeprowadzki lokalne i krajowe<\/li>\n<li>Przeniesienia mi\u0119dzynarodowe<\/li>\n<li>Transport mieszkaniowy<\/li>\n<li>Transport biurowy<\/li>\n<li>Transport od drzwi do drzwi<\/li>\n<li>Us\u0142ugi pakowania<\/li>\n<li>Transport drogowy, morski i lotniczy<\/li>\n<li>Maklerstwo celne<\/li>\n<li>Us\u0142ugi sprz\u0105tania<\/li>\n<li>Obiekty magazynowe<\/li>\n<\/ul>\n<p>KLS to firma specjalizuj\u0105ca si\u0119 w przeprowadzkach z siedzib\u0105 w Kijowie i przedstawicielstwami w innych regionach Ukrainy i stolicach na ca\u0142ym \u015bwiecie. Firma posiada strategicznych partner\u00f3w na ca\u0142ym \u015bwiecie, kt\u00f3rzy wspieraj\u0105 j\u0105 w \u015bwiadczeniu us\u0142ug. Firma jest cz\u0142onkiem IAM z 22-letnim do\u015bwiadczeniem.<\/p>\n<p>KLS oceni i zaplanuje przeprowadzk\u0119 z jednym ze swoich specjalist\u00f3w i zaoferuje us\u0142ug\u0119 od drzwi do drzwi wspieran\u0105 przez osobistego mened\u017cera. Oferuj\u0105 us\u0142ug\u0119 pakowania, kt\u00f3ra obejmuje bezpieczne pakowanie rzeczy, demonta\u017c mebli, a po przyje\u017adzie zmontuj\u0105 meble i rozpakuj\u0105. Zorganizuj\u0105 transport drogowy, morski lub lotniczy z obs\u0142ug\u0105 celn\u0105.<\/p>\n<p>Strona internetowa: <a href=\"http:\/\/www.kls.ua\/\" target=\"_blank\" rel=\"noopener\">http:\/\/www.kls.ua\/<\/a><\/p>\n<h2><span class=\"ez-toc-section\" id=\"4_Santa_Fe_Relocation\"><\/span><strong>4. Przeniesienie Santa Fe<\/strong><span class=\"ez-toc-section-end\"><\/span><\/h2>\n<p><img loading=\"lazy\" decoding=\"async\" class=\"alignnone size-full wp-image-10179\" src=\"https:\/\/moverdb.com\/wp-content\/uploads\/Santa-Fe-Relocation-Ukraine-international-moving-company.png\" alt=\"Santa Fe Relocation Ukraine - mi\u0119dzynarodowa firma przeprowadzkowa\" width=\"1440\" height=\"681\" data-wp-pid=\"10179\" srcset=\"https:\/\/moverdb.com\/wp-content\/uploads\/Santa-Fe-Relocation-Ukraine-international-moving-company.png 1440w, https:\/\/moverdb.com\/wp-content\/uploads\/Santa-Fe-Relocation-Ukraine-international-moving-company-300x142.png 300w, https:\/\/moverdb.com\/wp-content\/uploads\/Santa-Fe-Relocation-Ukraine-international-moving-company-1024x484.png 1024w, https:\/\/moverdb.com\/wp-content\/uploads\/Santa-Fe-Relocation-Ukraine-international-moving-company-18x9.png 18w, https:\/\/moverdb.com\/wp-content\/uploads\/Santa-Fe-Relocation-Ukraine-international-moving-company-600x284.png 600w\" sizes=\"auto, (max-width: 1440px) 100vw, 1440px\" \/><\/p>\n<ul>\n<li>Przeprowadzki lokalne i krajowe<\/li>\n<li>Przeniesienia mi\u0119dzynarodowe<\/li>\n<li>Przeprowadzki gospodarstw domowych<\/li>\n<li>Relokacje przedsi\u0119biorstw<\/li>\n<li>Us\u0142uga \"od drzwi do drzwi\".<\/li>\n<li>Us\u0142uga pakowania<\/li>\n<li>Ustalenia dotycz\u0105ce transportu<\/li>\n<li>Odprawa celna<\/li>\n<li>Wizy i us\u0142ugi imigracyjne<\/li>\n<li>Obiekty magazynowe<\/li>\n<\/ul>\n<p>Santa Fe Relocation to mi\u0119dzynarodowa firma relokacyjna posiadaj\u0105ca 64 biura w 38 krajach, w tym biuro w Kijowie, kt\u00f3re zosta\u0142o otwarte w 2002 roku, ale \u015bwiadczy us\u0142ugi na Ukrainie od 1992 roku. Ich sie\u0107 obejmuje wiele kraj\u00f3w i maj\u0105 partner\u00f3w, kt\u00f3rzy wspieraj\u0105 ich w \u015bwiadczeniu us\u0142ug w innych krajach. Firma posiada akredytacj\u0119 FIDI.<\/p>\n<p>Santa Fe Relocation \u015bwiadczy us\u0142ugi przeprowadzek i relokacji od drzwi do drzwi na terenie Ukrainy, do i z tego kraju. Zapewniaj\u0105 us\u0142ug\u0119 pakowania w celu ochrony rzeczy w transporcie i organizuj\u0105 transport rzeczy z odpraw\u0105 celn\u0105. Mog\u0105 r\u00f3wnie\u017c pom\u00f3c w uzyskaniu wizy, pozwolenia na prac\u0119 i innej dokumentacji.<\/p>\n<p>Strona internetowa: <a href=\"https:\/\/www.santaferelo.com\/en\/contact\/our-offices\/ukraine-kyiv\/\" target=\"_blank\" rel=\"noopener\">https:\/\/www.santaferelo.com\/en\/contact\/our-offices\/ukraine-kyiv\/<\/a><\/p>","protected":false},"excerpt":{"rendered":"<p>Moving is complex at any time so if you are planning a move from, to or within the Ukraine, you may want to consider getting a moving company. They can assist with planning, packing and logistics. Below we have compiled a list of Ukrainian removal companies that are members of the International Association of Movers [&hellip;]<\/p>\n","protected":false},"author":4,"featured_media":10114,"parent":190,"menu_order":0,"comment_status":"closed","ping_status":"closed","template":"","meta":{"_genesis_hide_title":false,"_genesis_hide_breadcrumbs":false,"_genesis_hide_singular_image":false,"_genesis_hide_footer_widgets":false,"_genesis_custom_body_class":"","_genesis_custom_post_class":"","_genesis_layout":"","footnotes":""},"class_list":{"0":"post-10244","1":"page","2":"type-page","3":"status-publish","4":"has-post-thumbnail","6":"entry"},"_links":{"self":[{"href":"https:\/\/moverdb.com\/pl\/wp-json\/wp\/v2\/pages\/10244","targetHints":{"allow":["GET"]}}],"collection":[{"href":"https:\/\/moverdb.com\/pl\/wp-json\/wp\/v2\/pages"}],"about":[{"href":"https:\/\/moverdb.com\/pl\/wp-json\/wp\/v2\/types\/page"}],"author":[{"embeddable":true,"href":"https:\/\/moverdb.com\/pl\/wp-json\/wp\/v2\/users\/4"}],"replies":[{"embeddable":true,"href":"https:\/\/moverdb.com\/pl\/wp-json\/wp\/v2\/comments?post=10244"}],"version-history":[{"count":1,"href":"https:\/\/moverdb.com\/pl\/wp-json\/wp\/v2\/pages\/10244\/revisions"}],"predecessor-version":[{"id":10245,"href":"https:\/\/moverdb.com\/pl\/wp-json\/wp\/v2\/pages\/10244\/revisions\/10245"}],"up":[{"embeddable":true,"href":"https:\/\/moverdb.com\/pl\/wp-json\/wp\/v2\/pages\/190"}],"wp:featuredmedia":[{"embeddable":true,"href":"https:\/\/moverdb.com\/pl\/wp-json\/wp\/v2\/media\/10114"}],"wp:attachment":[{"href":"https:\/\/moverdb.com\/pl\/wp-json\/wp\/v2\/media?parent=10244"}],"curies":[{"name":"wp","href":"https:\/\/api.w.org\/{rel}","templated":true}]}}