{"id":10238,"date":"2023-06-22T15:45:17","date_gmt":"2023-06-22T15:45:17","guid":{"rendered":"https:\/\/moverdb.com\/?page_id=10238"},"modified":"2026-01-08T15:30:24","modified_gmt":"2026-01-08T15:30:24","slug":"moving-companies-tunisia","status":"publish","type":"page","link":"https:\/\/moverdb.com\/pl\/moving-companies\/moving-companies-tunisia\/","title":{"rendered":"Najlepsze firmy przeprowadzkowe w Tunezji"},"content":{"rendered":"<p>Zarz\u0105dzanie przeprowadzk\u0105 krajow\u0105 lub mi\u0119dzynarodow\u0105 mo\u017ce by\u0107 skomplikowane i stresuj\u0105ce, poniewa\u017c jest tak wiele do zrobienia. Zaanga\u017cowanie us\u0142ug <a href=\"https:\/\/moverdb.com\/pl\/moving-companies\/\" data-internallinksmanager029f6b8e52c=\"79\" title=\"25 najlepszych firm przeprowadzek mi\u0119dzynarodowych online\">przedsi\u0119biorstwo przeprowadzkowe<\/a> mo\u017ce pom\u00f3c w ka\u017cdym aspekcie przeprowadzki. Poni\u017cej przedstawiamy list\u0119 firm z siedzib\u0105 w Tunezji. <a href=\"https:\/\/moverdb.com\/pl\/international-removals\/\" data-internallinksmanager029f6b8e52c=\"27\" title=\"36 najlepszych firm zajmuj\u0105cych si\u0119 przeprowadzkami mi\u0119dzynarodowymi w Wielkiej Brytanii\">przedsi\u0119biorstwa przeprowadzkowe<\/a> kt\u00f3re s\u0105 cz\u0142onkami <a href=\"https:\/\/moverdb.com\/pl\/iam\/\" data-internallinksmanager029f6b8e52c=\"23\" title=\"Mi\u0119dzynarodowe Stowarzyszenie Przewo\u017anik\u00f3w (IAM) - obja\u015bnienia\">Mi\u0119dzynarodowe Stowarzyszenie Przewo\u017anik\u00f3w<\/a> (IAM) i\/lub <a href=\"https:\/\/moverdb.com\/pl\/fidi-faim\/\" data-internallinksmanager029f6b8e52c=\"16\" title=\"FIDI i FAIM (FIDI Accredited International Mover) - obja\u015bnienia\">FIDI<\/a> Accredited International Mover (FAIM), kt\u00f3ry mo\u017ce pom\u00f3c w przeprowadzce.<\/p>\n<h2><strong>Dar Inter<\/strong><\/h2>\n<p><img loading=\"lazy\" decoding=\"async\" class=\"alignnone size-full wp-image-10097\" src=\"https:\/\/moverdb.com\/wp-content\/uploads\/Dar-Inter-international-moving-company.png\" alt=\"Dar Inter - mi\u0119dzynarodowa firma przeprowadzkowa\" width=\"1440\" height=\"683\" data-wp-pid=\"10097\" srcset=\"https:\/\/moverdb.com\/wp-content\/uploads\/Dar-Inter-international-moving-company.png 1440w, https:\/\/moverdb.com\/wp-content\/uploads\/Dar-Inter-international-moving-company-300x142.png 300w, https:\/\/moverdb.com\/wp-content\/uploads\/Dar-Inter-international-moving-company-1024x486.png 1024w, https:\/\/moverdb.com\/wp-content\/uploads\/Dar-Inter-international-moving-company-18x9.png 18w, https:\/\/moverdb.com\/wp-content\/uploads\/Dar-Inter-international-moving-company-600x285.png 600w\" sizes=\"auto, (max-width: 1440px) 100vw, 1440px\" \/><\/p>\n<ul>\n<li>Ruchy krajowe<\/li>\n<li>Przeprowadzki mi\u0119dzynarodowe<\/li>\n<li>Przeprowadzki gospodarstw domowych<\/li>\n<li>Rozwi\u0105zania dopasowane do potrzeb<\/li>\n<li>Us\u0142uga \"od drzwi do drzwi\".<\/li>\n<li>Us\u0142uga pakowania<\/li>\n<li>Specjalne opakowanie<\/li>\n<li>Transport l\u0105dowy, lotniczy lub morski<\/li>\n<li>Odprawa celna<\/li>\n<li>Obiekty magazynowe<\/li>\n<\/ul>\n<p>Dar Inter to mi\u0119dzynarodowa firma przeprowadzkowa za\u0142o\u017cona w 1998 roku z siedzib\u0105 w Tunisie. Posiada sie\u0107 wybranych agent\u00f3w na ca\u0142ym \u015bwiecie, kt\u00f3rzy obejmuj\u0105 pi\u0119\u0107 kontynent\u00f3w, co pomaga im w \u015bwiadczeniu us\u0142ug na arenie mi\u0119dzynarodowej. Firma jest cz\u0142onkiem IAM z 25-letnim do\u015bwiadczeniem.<\/p>\n<p>Dar Inter oferuje bezp\u0142atn\u0105 wycen\u0119 przeprowadzki na miejscu i ocen\u0119 potrzeb klienta. Oferuje us\u0142ug\u0119 \"od drzwi do drzwi\", kt\u00f3ra obejmuje bezpieczne pakowanie rzeczy do transportu w dowolne miejsce na \u015bwiecie za pomoc\u0105 kontenera, ci\u0119\u017car\u00f3wki lub przyczepy. Firma zorganizuje dostosowany do potrzeb klienta transport ci\u0119\u017car\u00f3wk\u0105, drog\u0105 powietrzn\u0105 lub morsk\u0105 jako cz\u0119\u015bciowy lub pe\u0142ny \u0142adunek z odpraw\u0105 celn\u0105.<\/p>\n<p>Strona internetowa: <a href=\"http:\/\/www.dar-inter.com\" target=\"_blank\" rel=\"noopener\">http:\/\/www.dar-inter.com<\/a><\/p>","protected":false},"excerpt":{"rendered":"<p>Managing your move nationally or internationally can be complex and stressful as there is so much to do. Engaging the services of a moving company can help you in every aspect of your move. Below we have compiled a list of Tunisia based removal companies that are members of the International Association of Movers (IAM) [&hellip;]<\/p>\n","protected":false},"author":4,"featured_media":10097,"parent":190,"menu_order":0,"comment_status":"closed","ping_status":"closed","template":"","meta":{"_genesis_hide_title":false,"_genesis_hide_breadcrumbs":false,"_genesis_hide_singular_image":false,"_genesis_hide_footer_widgets":false,"_genesis_custom_body_class":"","_genesis_custom_post_class":"","_genesis_layout":"","footnotes":""},"class_list":{"0":"post-10238","1":"page","2":"type-page","3":"status-publish","4":"has-post-thumbnail","6":"entry"},"_links":{"self":[{"href":"https:\/\/moverdb.com\/pl\/wp-json\/wp\/v2\/pages\/10238","targetHints":{"allow":["GET"]}}],"collection":[{"href":"https:\/\/moverdb.com\/pl\/wp-json\/wp\/v2\/pages"}],"about":[{"href":"https:\/\/moverdb.com\/pl\/wp-json\/wp\/v2\/types\/page"}],"author":[{"embeddable":true,"href":"https:\/\/moverdb.com\/pl\/wp-json\/wp\/v2\/users\/4"}],"replies":[{"embeddable":true,"href":"https:\/\/moverdb.com\/pl\/wp-json\/wp\/v2\/comments?post=10238"}],"version-history":[{"count":1,"href":"https:\/\/moverdb.com\/pl\/wp-json\/wp\/v2\/pages\/10238\/revisions"}],"predecessor-version":[{"id":10239,"href":"https:\/\/moverdb.com\/pl\/wp-json\/wp\/v2\/pages\/10238\/revisions\/10239"}],"up":[{"embeddable":true,"href":"https:\/\/moverdb.com\/pl\/wp-json\/wp\/v2\/pages\/190"}],"wp:featuredmedia":[{"embeddable":true,"href":"https:\/\/moverdb.com\/pl\/wp-json\/wp\/v2\/media\/10097"}],"wp:attachment":[{"href":"https:\/\/moverdb.com\/pl\/wp-json\/wp\/v2\/media?parent=10238"}],"curies":[{"name":"wp","href":"https:\/\/api.w.org\/{rel}","templated":true}]}}