{"id":10236,"date":"2023-06-22T15:46:14","date_gmt":"2023-06-22T15:46:14","guid":{"rendered":"https:\/\/moverdb.com\/?page_id=10236"},"modified":"2026-01-08T15:23:51","modified_gmt":"2026-01-08T15:23:51","slug":"moving-companies-trinidad-and-tobago","status":"publish","type":"page","link":"https:\/\/moverdb.com\/pl\/moving-companies\/moving-companies-trinidad-and-tobago\/","title":{"rendered":"2 najlepsze firmy przeprowadzkowe w Trynidadzie i Tobago"},"content":{"rendered":"<p>Planujesz przeprowadzk\u0119 z lub do Trynidadu i Tobago? Skorzystanie z us\u0142ug <a href=\"https:\/\/moverdb.com\/pl\/moving-companies\/\" data-internallinksmanager029f6b8e52c=\"79\" title=\"25 najlepszych firm przeprowadzek mi\u0119dzynarodowych online\">przedsi\u0119biorstwo przeprowadzkowe<\/a> mo\u017ce u\u0142atwi\u0107 proces przeprowadzki i zmniejszy\u0107 zwi\u0105zany z ni\u0105 stres. Poni\u017cej przedstawiamy list\u0119 firm z siedzib\u0105 w Trynidadzie i Tobago. <a href=\"https:\/\/moverdb.com\/pl\/international-removals\/\" data-internallinksmanager029f6b8e52c=\"27\" title=\"36 najlepszych firm zajmuj\u0105cych si\u0119 przeprowadzkami mi\u0119dzynarodowymi w Wielkiej Brytanii\">przedsi\u0119biorstwa przeprowadzkowe<\/a> kt\u00f3re s\u0105 cz\u0142onkami <a href=\"https:\/\/moverdb.com\/pl\/iam\/\" data-internallinksmanager029f6b8e52c=\"23\" title=\"Mi\u0119dzynarodowe Stowarzyszenie Przewo\u017anik\u00f3w (IAM) - obja\u015bnienia\">Mi\u0119dzynarodowe Stowarzyszenie Przewo\u017anik\u00f3w<\/a> (IAM) i\/lub <a href=\"https:\/\/moverdb.com\/pl\/fidi-faim\/\" data-internallinksmanager029f6b8e52c=\"16\" title=\"FIDI i FAIM (FIDI Accredited International Mover) - obja\u015bnienia\">FIDI<\/a> Accredited International Mover (FAIM), kt\u00f3ra mo\u017ce pom\u00f3c Ci w przeprowadzce.<\/p>\n<h2><strong>1. AJ Mauritzen<\/strong><\/h2>\n<p><img loading=\"lazy\" decoding=\"async\" class=\"alignnone size-full wp-image-10072\" src=\"https:\/\/moverdb.com\/wp-content\/uploads\/AJ-Mauritzen-international-moving-company.png\" alt=\"AJ Mauritzen mi\u0119dzynarodowa firma przeprowadzkowa\" width=\"1440\" height=\"680\" data-wp-pid=\"10072\" srcset=\"https:\/\/moverdb.com\/wp-content\/uploads\/AJ-Mauritzen-international-moving-company.png 1440w, https:\/\/moverdb.com\/wp-content\/uploads\/AJ-Mauritzen-international-moving-company-300x142.png 300w, https:\/\/moverdb.com\/wp-content\/uploads\/AJ-Mauritzen-international-moving-company-1024x484.png 1024w, https:\/\/moverdb.com\/wp-content\/uploads\/AJ-Mauritzen-international-moving-company-18x9.png 18w, https:\/\/moverdb.com\/wp-content\/uploads\/AJ-Mauritzen-international-moving-company-600x283.png 600w\" sizes=\"auto, (max-width: 1440px) 100vw, 1440px\" \/><\/p>\n<ul>\n<li>Przeprowadzki mi\u0119dzynarodowe<\/li>\n<li>Przeprowadzki gospodarstw domowych<\/li>\n<li>Przeprowadzki handlowe<\/li>\n<li>Us\u0142ugi relokacyjne<\/li>\n<li>Us\u0142uga pakowania<\/li>\n<li>Transport l\u0105dowy, morski i lotniczy<\/li>\n<li>Odprawa celna<\/li>\n<li>Ubezpieczenia<\/li>\n<li>Transport zwierz\u0105t<\/li>\n<li>Obiekty magazynowe<\/li>\n<\/ul>\n<p>AJ Mauritzen to mi\u0119dzynarodowa firma przeprowadzkowa za\u0142o\u017cona w 1948 roku i maj\u0105ca swoj\u0105 siedzib\u0119 w <a href=\"https:\/\/moverdb.com\/pl\/top-49-container-ports\/\" data-internallinksmanager029f6b8e52c=\"80\" title=\"49 najwi\u0119kszych i najbardziej ruchliwych port\u00f3w kontenerowych w 2025 r.\">Port<\/a> z <a href=\"https:\/\/moverdb.com\/pl\/moving-to-spain\/\" data-internallinksmanager029f6b8e52c=\"266\" title=\"Przeprowadzasz si\u0119 do Hiszpanii? 2026 Koszty \u017cycia i wskaz\u00f3wki dotycz\u0105ce przeprowadzki\">Hiszpania<\/a>. Maj\u0105 dost\u0119p do oko\u0142o 600 mi\u0119dzynarodowych organizacji przeprowadzkowych, kt\u00f3re mog\u0105 pom\u00f3c im w \u015bwiadczeniu us\u0142ug przeprowadzkowych na ca\u0142ym \u015bwiecie. Firma jest cz\u0142onkiem IAM i posiada akredytacj\u0119 FIDI.<\/p>\n<p>AJ Mauritzen oferuje us\u0142ug\u0119 pakowania, kt\u00f3ra obejmuje ochron\u0119 przedmiot\u00f3w i dodatkow\u0105 opiek\u0119 nad delikatnymi przedmiotami, takimi jak niestandardowe skrzynie i skrzynie. Zapewnia transport drog\u0105 l\u0105dow\u0105, morsk\u0105 lub powietrzn\u0105 wraz z odpraw\u0105 celn\u0105. AJ Mauritzen oferuje r\u00f3wnie\u017c przeprowadzki zwierz\u0105t domowych i zarz\u0105dzanie relokacj\u0105 w miejscu docelowym, w tym wyszukiwanie dom\u00f3w i szk\u00f3\u0142, orientacj\u0119, wizy i pozwolenia.<\/p>\n<p>Strona internetowa: <a href=\"http:\/\/www.ajmauritzen.com\" target=\"_blank\" rel=\"noopener\">http:\/\/www.ajmauritzen.com<\/a><\/p>\n<h2><strong>2. Azee Shipping &amp; Trading<\/strong><\/h2>\n<p><img loading=\"lazy\" decoding=\"async\" class=\"alignnone size-full wp-image-10086\" src=\"https:\/\/moverdb.com\/wp-content\/uploads\/Azee-Shipping-international-moving-company.png\" alt=\"Azee Shipping mi\u0119dzynarodowa firma przeprowadzkowa\" width=\"1440\" height=\"680\" data-wp-pid=\"10086\" srcset=\"https:\/\/moverdb.com\/wp-content\/uploads\/Azee-Shipping-international-moving-company.png 1440w, https:\/\/moverdb.com\/wp-content\/uploads\/Azee-Shipping-international-moving-company-300x142.png 300w, https:\/\/moverdb.com\/wp-content\/uploads\/Azee-Shipping-international-moving-company-1024x484.png 1024w, https:\/\/moverdb.com\/wp-content\/uploads\/Azee-Shipping-international-moving-company-18x9.png 18w, https:\/\/moverdb.com\/wp-content\/uploads\/Azee-Shipping-international-moving-company-600x283.png 600w\" sizes=\"auto, (max-width: 1440px) 100vw, 1440px\" \/><\/p>\n<ul>\n<li>Ruchy krajowe<\/li>\n<li>Przeprowadzki mi\u0119dzynarodowe<\/li>\n<li>Przeprowadzki gospodarstw domowych<\/li>\n<li>Us\u0142uga \"od drzwi do drzwi\" lub \"od drzwi do portu<\/li>\n<li>Pakowanie specjalistyczne<\/li>\n<li>Transport lotniczy, morski i l\u0105dowy<\/li>\n<li>Maklerstwo celne<\/li>\n<li><a href=\"https:\/\/moverdb.com\/pl\/car-transport-shipping\/\" data-internallinksmanager029f6b8e52c=\"2\" title=\"2026 Mi\u0119dzynarodowy transport samochodowy i wyceny wysy\u0142ki pojazd\u00f3w\">Transport pojazd\u00f3w<\/a><\/li>\n<li>Przenoszenie zwierz\u0105t domowych<\/li>\n<li>Obiekty magazynowe<\/li>\n<\/ul>\n<p>Azee Shipping &amp; Trading jest <a href=\"https:\/\/moverdb.com\/pl\/freight-forwarder\/\" data-internallinksmanager029f6b8e52c=\"17\" title=\"Spedytor i NVOCC Mi\u0119dzynarodowy Przewodnik po Kosztach i Firmach\">spedytor<\/a> i agent przeprowadzkowy, kt\u00f3ry dzia\u0142a w imieniu innych firm przeprowadzkowych i ma siedzib\u0119 w San Juan. Firma jest cz\u0119\u015bci\u0105 mi\u0119dzynarodowej sieci agent\u00f3w przeprowadzkowych, kt\u00f3rzy wsp\u00f3\u0142pracuj\u0105 ze sob\u0105 w celu \u015bwiadczenia us\u0142ug na ca\u0142ym \u015bwiecie. Firma jest cz\u0142onkiem IAM.<\/p>\n<p>Azee Shipping &amp; Trading oferuje us\u0142ugi przeprowadzki od drzwi do drzwi lub od drzwi do portu, kt\u00f3re obejmuj\u0105 specjalistyczne us\u0142ugi pakowania i skrzynek \u015bwiadczone przez przeszkolony personel pakuj\u0105cy. Pakuj\u0105 oni rzeczy odpowiednio do wybranego \u015brodka transportu, niezale\u017cnie od tego, czy jest to transport lotniczy, morski czy drogowy. Oferuj\u0105 us\u0142ugi relokacji dla pracownik\u00f3w i dyplomat\u00f3w.<\/p>\n<p>Strona internetowa: <a href=\"http:\/\/www.azeeshipping.com\" target=\"_blank\" rel=\"noopener\">http:\/\/www.azeeshipping.com<\/a><\/p>","protected":false},"excerpt":{"rendered":"<p>Are you planning on moving within, to or from Trinidad and Tobago? Enlisting the services of a moving company can ease the moving process and reduce the stress involved. Below we have compiled a list of Trinidad and Tobago based removal companies that are members of the International Association of Movers (IAM) and\/or FIDI Accredited [&hellip;]<\/p>\n","protected":false},"author":4,"featured_media":10072,"parent":190,"menu_order":0,"comment_status":"closed","ping_status":"closed","template":"","meta":{"_genesis_hide_title":false,"_genesis_hide_breadcrumbs":false,"_genesis_hide_singular_image":false,"_genesis_hide_footer_widgets":false,"_genesis_custom_body_class":"","_genesis_custom_post_class":"","_genesis_layout":"","footnotes":""},"class_list":{"0":"post-10236","1":"page","2":"type-page","3":"status-publish","4":"has-post-thumbnail","6":"entry"},"_links":{"self":[{"href":"https:\/\/moverdb.com\/pl\/wp-json\/wp\/v2\/pages\/10236","targetHints":{"allow":["GET"]}}],"collection":[{"href":"https:\/\/moverdb.com\/pl\/wp-json\/wp\/v2\/pages"}],"about":[{"href":"https:\/\/moverdb.com\/pl\/wp-json\/wp\/v2\/types\/page"}],"author":[{"embeddable":true,"href":"https:\/\/moverdb.com\/pl\/wp-json\/wp\/v2\/users\/4"}],"replies":[{"embeddable":true,"href":"https:\/\/moverdb.com\/pl\/wp-json\/wp\/v2\/comments?post=10236"}],"version-history":[{"count":3,"href":"https:\/\/moverdb.com\/pl\/wp-json\/wp\/v2\/pages\/10236\/revisions"}],"predecessor-version":[{"id":10284,"href":"https:\/\/moverdb.com\/pl\/wp-json\/wp\/v2\/pages\/10236\/revisions\/10284"}],"up":[{"embeddable":true,"href":"https:\/\/moverdb.com\/pl\/wp-json\/wp\/v2\/pages\/190"}],"wp:featuredmedia":[{"embeddable":true,"href":"https:\/\/moverdb.com\/pl\/wp-json\/wp\/v2\/media\/10072"}],"wp:attachment":[{"href":"https:\/\/moverdb.com\/pl\/wp-json\/wp\/v2\/media?parent=10236"}],"curies":[{"name":"wp","href":"https:\/\/api.w.org\/{rel}","templated":true}]}}