{"id":10229,"date":"2023-06-22T15:48:08","date_gmt":"2023-06-22T15:48:08","guid":{"rendered":"https:\/\/moverdb.com\/?page_id=10229"},"modified":"2026-01-08T15:30:22","modified_gmt":"2026-01-08T15:30:22","slug":"moving-companies-tanzania","status":"publish","type":"page","link":"https:\/\/moverdb.com\/pl\/moving-companies\/moving-companies-tanzania\/","title":{"rendered":"Najlepsze mi\u0119dzynarodowe firmy przeprowadzkowe w Tanzanii"},"content":{"rendered":"<p>Je\u015bli przeprowadzasz si\u0119 w obr\u0119bie, do lub z Tanzanii, mo\u017cesz potrzebowa\u0107 pomocy od <a href=\"https:\/\/moverdb.com\/pl\/moving-companies\/\" data-internallinksmanager029f6b8e52c=\"79\" title=\"25 najlepszych firm przeprowadzek mi\u0119dzynarodowych online\">przedsi\u0119biorstwo przeprowadzkowe<\/a> kt\u00f3rzy mog\u0105 pom\u00f3c w pakowaniu, organizowaniu wysy\u0142ki i formalno\u015bciach celnych dla Twoich rzeczy. Poni\u017cej zebrali\u015bmy list\u0119 firm z siedzib\u0105 w Tanzanii <a href=\"https:\/\/moverdb.com\/pl\/international-removals\/\" data-internallinksmanager029f6b8e52c=\"27\" title=\"36 najlepszych firm zajmuj\u0105cych si\u0119 przeprowadzkami mi\u0119dzynarodowymi w Wielkiej Brytanii\">przedsi\u0119biorstwa przeprowadzkowe<\/a> kt\u00f3re s\u0105 cz\u0142onkami <a href=\"https:\/\/moverdb.com\/pl\/iam\/\" data-internallinksmanager029f6b8e52c=\"23\" title=\"Mi\u0119dzynarodowe Stowarzyszenie Przewo\u017anik\u00f3w (IAM) - obja\u015bnienia\">Mi\u0119dzynarodowe Stowarzyszenie Przewo\u017anik\u00f3w<\/a> (IAM) i\/lub <a href=\"https:\/\/moverdb.com\/pl\/fidi-faim\/\" data-internallinksmanager029f6b8e52c=\"16\" title=\"FIDI i FAIM (FIDI Accredited International Mover) - obja\u015bnienia\">FIDI<\/a> Accredited International Mover (FAIM), kt\u00f3ry mo\u017ce pom\u00f3c w przeprowadzce.<\/p>\n<h2><strong>Giraffe Intermovers &amp; Logistics<\/strong><\/h2>\n<figure id=\"attachment_10230\" aria-describedby=\"caption-attachment-10230\" style=\"width: 1440px\" class=\"wp-caption alignnone\"><img loading=\"lazy\" decoding=\"async\" class=\"size-full wp-image-10230\" src=\"https:\/\/moverdb.com\/wp-content\/uploads\/Giraffe-Intermovers-Logistics-international-moving-company.png\" alt=\"Giraffe Intermovers &amp; Logistics - mi\u0119dzynarodowa firma przeprowadzkowa\" width=\"1440\" height=\"708\" data-wp-pid=\"10230\" srcset=\"https:\/\/moverdb.com\/wp-content\/uploads\/Giraffe-Intermovers-Logistics-international-moving-company.png 1440w, https:\/\/moverdb.com\/wp-content\/uploads\/Giraffe-Intermovers-Logistics-international-moving-company-300x148.png 300w, https:\/\/moverdb.com\/wp-content\/uploads\/Giraffe-Intermovers-Logistics-international-moving-company-1024x503.png 1024w, https:\/\/moverdb.com\/wp-content\/uploads\/Giraffe-Intermovers-Logistics-international-moving-company-18x9.png 18w, https:\/\/moverdb.com\/wp-content\/uploads\/Giraffe-Intermovers-Logistics-international-moving-company-600x295.png 600w\" sizes=\"auto, (max-width: 1440px) 100vw, 1440px\" \/><figcaption id=\"caption-attachment-10230\" class=\"wp-caption-text\">Giraffe Intermovers &amp; Logistics - mi\u0119dzynarodowa firma przeprowadzkowa<\/figcaption><\/figure>\n<ul>\n<li>Ruchy krajowe<\/li>\n<li>Przeprowadzki mi\u0119dzynarodowe<\/li>\n<li>Przeprowadzki gospodarstw domowych<\/li>\n<li>Przeprowadzki biurowe<\/li>\n<li>Us\u0142uga pakowania<\/li>\n<li>Transport lotniczy, morski lub l\u0105dowy<\/li>\n<li>Odprawa celna<\/li>\n<li>Us\u0142ugi dotycz\u0105ce miejsc przeznaczenia<\/li>\n<li>Ruchy zwierz\u0105t domowych<\/li>\n<li>Obiekty magazynowe<\/li>\n<\/ul>\n<p>Giraffe Intermovers &amp; Logistics to firma oferuj\u0105ca us\u0142ugi przeprowadzkowe dla gospodarstw domowych i firm z siedzib\u0105 w Kinondoni. Jest cz\u0142onkiem IAM z czteroletnim sta\u017cem, co daje jej dost\u0119p do mi\u0119dzynarodowej sieci firm przeprowadzkowych.<\/p>\n<p>Giraffe Intermovers &amp; Logistics oferuje us\u0142ugi przeprowadzkowe, kt\u00f3re pomog\u0105 w przeprowadzce, w tym us\u0142ugi doradztwa przed przeprowadzk\u0105. Zapewniaj\u0105 us\u0142ug\u0119 pakowania eksportowego, kt\u00f3ra spe\u0142nia mi\u0119dzynarodowe standardy. Zorganizuj\u0105 transport lotniczy, morski i l\u0105dowy, a tak\u017ce pomog\u0105 w odprawie celnej importowej i eksportowej. <a href=\"https:\/\/moverdb.com\/pl\/top-49-container-ports\/\" data-internallinksmanager029f6b8e52c=\"80\" title=\"49 najwi\u0119kszych i najbardziej ruchliwych port\u00f3w kontenerowych w 2025 r.\">port<\/a> rozliczenie. W miejscu docelowym zapewniaj\u0105 rozpakowanie i ustawienie.<\/p>\n<p>Strona internetowa: <a href=\"http:\/\/giraffeintermovers.com\/\" target=\"_blank\" rel=\"noopener\">http:\/\/giraffeintermovers.com\/<\/a><\/p>","protected":false},"excerpt":{"rendered":"<p>If you are moving within, to or from Tanzania you might want to get some assistance from a moving company who can help you with packing, arranging shipment and customs formalities for your belongings. Below we have compiled a list of Tanzania based removal companies that are members of the International Association of Movers (IAM) [&hellip;]<\/p>\n","protected":false},"author":4,"featured_media":10230,"parent":190,"menu_order":0,"comment_status":"closed","ping_status":"closed","template":"","meta":{"_genesis_hide_title":false,"_genesis_hide_breadcrumbs":false,"_genesis_hide_singular_image":false,"_genesis_hide_footer_widgets":false,"_genesis_custom_body_class":"","_genesis_custom_post_class":"","_genesis_layout":"","footnotes":""},"class_list":{"0":"post-10229","1":"page","2":"type-page","3":"status-publish","4":"has-post-thumbnail","6":"entry"},"_links":{"self":[{"href":"https:\/\/moverdb.com\/pl\/wp-json\/wp\/v2\/pages\/10229","targetHints":{"allow":["GET"]}}],"collection":[{"href":"https:\/\/moverdb.com\/pl\/wp-json\/wp\/v2\/pages"}],"about":[{"href":"https:\/\/moverdb.com\/pl\/wp-json\/wp\/v2\/types\/page"}],"author":[{"embeddable":true,"href":"https:\/\/moverdb.com\/pl\/wp-json\/wp\/v2\/users\/4"}],"replies":[{"embeddable":true,"href":"https:\/\/moverdb.com\/pl\/wp-json\/wp\/v2\/comments?post=10229"}],"version-history":[{"count":1,"href":"https:\/\/moverdb.com\/pl\/wp-json\/wp\/v2\/pages\/10229\/revisions"}],"predecessor-version":[{"id":10231,"href":"https:\/\/moverdb.com\/pl\/wp-json\/wp\/v2\/pages\/10229\/revisions\/10231"}],"up":[{"embeddable":true,"href":"https:\/\/moverdb.com\/pl\/wp-json\/wp\/v2\/pages\/190"}],"wp:featuredmedia":[{"embeddable":true,"href":"https:\/\/moverdb.com\/pl\/wp-json\/wp\/v2\/media\/10230"}],"wp:attachment":[{"href":"https:\/\/moverdb.com\/pl\/wp-json\/wp\/v2\/media?parent=10229"}],"curies":[{"name":"wp","href":"https:\/\/api.w.org\/{rel}","templated":true}]}}