{"id":10227,"date":"2023-06-22T15:49:08","date_gmt":"2023-06-22T15:49:08","guid":{"rendered":"https:\/\/moverdb.com\/?page_id=10227"},"modified":"2026-01-08T15:30:19","modified_gmt":"2026-01-08T15:30:19","slug":"moving-companies-tajikistan","status":"publish","type":"page","link":"https:\/\/moverdb.com\/pl\/moving-companies\/moving-companies-tajikistan\/","title":{"rendered":"Najlepsze firmy przeprowadzkowe w Tad\u017cykistanie"},"content":{"rendered":"<p>Planujesz przeprowadzk\u0119 z lub do Tad\u017cykistanu? W takim razie warto skorzysta\u0107 z us\u0142ug firmy transportowej <a href=\"https:\/\/moverdb.com\/pl\/moving-companies\/\" data-internallinksmanager029f6b8e52c=\"79\" title=\"25 najlepszych firm przeprowadzek mi\u0119dzynarodowych online\">przedsi\u0119biorstwo przeprowadzkowe<\/a> aby pom\u00f3c Ci spakowa\u0107 si\u0119, zorganizowa\u0107 transport i za\u0142atwi\u0107 sprawy celne. Poni\u017cej zebrali\u015bmy list\u0119 firm w Tad\u017cykistanie <a href=\"https:\/\/moverdb.com\/pl\/international-removals\/\" data-internallinksmanager029f6b8e52c=\"27\" title=\"36 najlepszych firm zajmuj\u0105cych si\u0119 przeprowadzkami mi\u0119dzynarodowymi w Wielkiej Brytanii\">przedsi\u0119biorstwa przeprowadzkowe<\/a> kt\u00f3re s\u0105 cz\u0142onkami <a href=\"https:\/\/moverdb.com\/pl\/iam\/\" data-internallinksmanager029f6b8e52c=\"23\" title=\"Mi\u0119dzynarodowe Stowarzyszenie Przewo\u017anik\u00f3w (IAM) - obja\u015bnienia\">Mi\u0119dzynarodowe Stowarzyszenie Przewo\u017anik\u00f3w<\/a> (IAM) i\/lub <a href=\"https:\/\/moverdb.com\/pl\/fidi-faim\/\" data-internallinksmanager029f6b8e52c=\"16\" title=\"FIDI i FAIM (FIDI Accredited International Mover) - obja\u015bnienia\">FIDI<\/a> Accredited International Mover (FAIM), kt\u00f3ry mo\u017ce pom\u00f3c w przeprowadzce.<\/p>\n<h2><strong>Dunyo Cargo<\/strong><\/h2>\n<p><img loading=\"lazy\" decoding=\"async\" class=\"alignnone size-full wp-image-10106\" src=\"https:\/\/moverdb.com\/wp-content\/uploads\/Dunyo-Cargo-international-moving-company.png\" alt=\"Mi\u0119dzynarodowa firma przeprowadzkowa Dunyo Cargo\" width=\"1440\" height=\"680\" data-wp-pid=\"10106\" srcset=\"https:\/\/moverdb.com\/wp-content\/uploads\/Dunyo-Cargo-international-moving-company.png 1440w, https:\/\/moverdb.com\/wp-content\/uploads\/Dunyo-Cargo-international-moving-company-300x142.png 300w, https:\/\/moverdb.com\/wp-content\/uploads\/Dunyo-Cargo-international-moving-company-1024x484.png 1024w, https:\/\/moverdb.com\/wp-content\/uploads\/Dunyo-Cargo-international-moving-company-18x9.png 18w, https:\/\/moverdb.com\/wp-content\/uploads\/Dunyo-Cargo-international-moving-company-600x283.png 600w\" sizes=\"auto, (max-width: 1440px) 100vw, 1440px\" \/><\/p>\n<ul>\n<li>Przeniesienia krajowe<\/li>\n<li>Przeniesienia mi\u0119dzynarodowe<\/li>\n<li>Przemieszczenia gospodarstw domowych<\/li>\n<li>Przeniesienie biura<\/li>\n<li>Mened\u017cer ds. relokacji<\/li>\n<li>Us\u0142uga pakowania<\/li>\n<li>Ustalenia dotycz\u0105ce transportu<\/li>\n<li>Odprawa celna<\/li>\n<li>Zwierz\u0119ta domowe i <a href=\"https:\/\/moverdb.com\/pl\/car-transport-shipping\/\" data-internallinksmanager029f6b8e52c=\"2\" title=\"2026 Mi\u0119dzynarodowy transport samochodowy i wyceny wysy\u0142ki pojazd\u00f3w\">wysy\u0142ka pojazd\u00f3w<\/a><\/li>\n<li>Obiekty magazynowe<\/li>\n<\/ul>\n<p>Dunyo Cargo to firma transportowo-logistyczna za\u0142o\u017cona w 1994 roku z siedzib\u0105 w Duszanbe. Posiada szerok\u0105 sie\u0107 partner\u00f3w na ca\u0142ym \u015bwiecie, co zapewnia jej globalny zasi\u0119g us\u0142ug. Dunyo Cargo jest cz\u0142onkiem IAM z 14-letnim sta\u017cem.<\/p>\n<p>Dunyo Cargo zapewnia do\u015bwiadczonych mened\u017cer\u00f3w ds. relokacji, kt\u00f3rzy zarz\u0105dzaj\u0105 ka\u017cdym etapem przeprowadzki. Oferuj\u0105 us\u0142ug\u0119 pakowania, kt\u00f3ra wykorzystuje wykwalifikowanych pakowaczy i materia\u0142y opakowaniowe spe\u0142niaj\u0105ce mi\u0119dzynarodowe standardy jako\u015bci. Zorganizuj\u0105 i zaplanuj\u0105 dostaw\u0119 oraz zajm\u0105 si\u0119 odpraw\u0105 celn\u0105. Mog\u0105 r\u00f3wnie\u017c zorganizowa\u0107 transport zwierz\u0105t domowych i pojazd\u00f3w.<\/p>\n<p>Strona internetowa: <a href=\"https:\/\/dunyocargo.com\" target=\"_blank\" rel=\"noopener\">https:\/\/dunyocargo.com<\/a><\/p>","protected":false},"excerpt":{"rendered":"<p>Are you planning on moving within, to or from Tajikistan? Then you might want to employ the services of a moving company to help you pack, arrange transport and handle customs. Below we have compiled a list of Tajikistan based removal companies that are members of the International Association of Movers (IAM) and\/or FIDI Accredited [&hellip;]<\/p>\n","protected":false},"author":4,"featured_media":10106,"parent":190,"menu_order":0,"comment_status":"closed","ping_status":"closed","template":"","meta":{"_genesis_hide_title":false,"_genesis_hide_breadcrumbs":false,"_genesis_hide_singular_image":false,"_genesis_hide_footer_widgets":false,"_genesis_custom_body_class":"","_genesis_custom_post_class":"","_genesis_layout":"","footnotes":""},"class_list":{"0":"post-10227","1":"page","2":"type-page","3":"status-publish","4":"has-post-thumbnail","6":"entry"},"_links":{"self":[{"href":"https:\/\/moverdb.com\/pl\/wp-json\/wp\/v2\/pages\/10227","targetHints":{"allow":["GET"]}}],"collection":[{"href":"https:\/\/moverdb.com\/pl\/wp-json\/wp\/v2\/pages"}],"about":[{"href":"https:\/\/moverdb.com\/pl\/wp-json\/wp\/v2\/types\/page"}],"author":[{"embeddable":true,"href":"https:\/\/moverdb.com\/pl\/wp-json\/wp\/v2\/users\/4"}],"replies":[{"embeddable":true,"href":"https:\/\/moverdb.com\/pl\/wp-json\/wp\/v2\/comments?post=10227"}],"version-history":[{"count":1,"href":"https:\/\/moverdb.com\/pl\/wp-json\/wp\/v2\/pages\/10227\/revisions"}],"predecessor-version":[{"id":10228,"href":"https:\/\/moverdb.com\/pl\/wp-json\/wp\/v2\/pages\/10227\/revisions\/10228"}],"up":[{"embeddable":true,"href":"https:\/\/moverdb.com\/pl\/wp-json\/wp\/v2\/pages\/190"}],"wp:featuredmedia":[{"embeddable":true,"href":"https:\/\/moverdb.com\/pl\/wp-json\/wp\/v2\/media\/10106"}],"wp:attachment":[{"href":"https:\/\/moverdb.com\/pl\/wp-json\/wp\/v2\/media?parent=10227"}],"curies":[{"name":"wp","href":"https:\/\/api.w.org\/{rel}","templated":true}]}}