{"id":10215,"date":"2023-06-22T15:54:43","date_gmt":"2023-06-22T15:54:43","guid":{"rendered":"https:\/\/moverdb.com\/?page_id=10215"},"modified":"2026-01-08T15:29:29","modified_gmt":"2026-01-08T15:29:29","slug":"moving-companies-sri-lanka","status":"publish","type":"page","link":"https:\/\/moverdb.com\/pl\/moving-companies\/moving-companies-sri-lanka\/","title":{"rendered":"7 najlepszych mi\u0119dzynarodowych firm przeprowadzkowych na Sri Lance"},"content":{"rendered":"<p>Planujesz przeprowadzk\u0119? W takim razie warto skorzysta\u0107 z us\u0142ug firmy transportowej. <a href=\"https:\/\/moverdb.com\/pl\/moving-companies\/\" data-internallinksmanager029f6b8e52c=\"79\" title=\"25 najlepszych firm przeprowadzek mi\u0119dzynarodowych online\">przedsi\u0119biorstwo przeprowadzkowe<\/a> poniewa\u017c mog\u0105 one pom\u00f3c w pakowaniu, transporcie i obs\u0142udze celnej podczas przeprowadzki za granic\u0119. Poni\u017cej zebrali\u015bmy list\u0119 firm z siedzib\u0105 na Sri Lance <a href=\"https:\/\/moverdb.com\/pl\/international-removals\/\" data-internallinksmanager029f6b8e52c=\"27\" title=\"36 najlepszych firm zajmuj\u0105cych si\u0119 przeprowadzkami mi\u0119dzynarodowymi w Wielkiej Brytanii\">przedsi\u0119biorstwa przeprowadzkowe<\/a> kt\u00f3re s\u0105 cz\u0142onkami <a href=\"https:\/\/moverdb.com\/pl\/iam\/\" data-internallinksmanager029f6b8e52c=\"23\" title=\"Mi\u0119dzynarodowe Stowarzyszenie Przewo\u017anik\u00f3w (IAM) - obja\u015bnienia\">Mi\u0119dzynarodowe Stowarzyszenie Przewo\u017anik\u00f3w<\/a> (IAM) i\/lub <a href=\"https:\/\/moverdb.com\/pl\/fidi-faim\/\" data-internallinksmanager029f6b8e52c=\"16\" title=\"FIDI i FAIM (FIDI Accredited International Mover) - obja\u015bnienia\">FIDI<\/a> Accredited International Mover (FAIM), kt\u00f3ra mo\u017ce pom\u00f3c Ci w przeprowadzce.<\/p>\n<div id=\"ez-toc-container\" class=\"ez-toc-v2_0_82_2 ez-toc-wrap-left counter-hierarchy ez-toc-counter ez-toc-transparent ez-toc-container-direction\">\n<div class=\"ez-toc-title-container\">\n<p class=\"ez-toc-title\" style=\"cursor:inherit\">Sekcje<\/p>\n<span class=\"ez-toc-title-toggle\"><a href=\"#\" class=\"ez-toc-pull-right ez-toc-btn ez-toc-btn-xs ez-toc-btn-default ez-toc-toggle\" aria-label=\"Prze\u0142\u0105cznik Spisu Tre\u015bci\"><span class=\"ez-toc-js-icon-con\"><span class=\"\"><span class=\"eztoc-hide\" style=\"display:none;\">Toggle<\/span><span class=\"ez-toc-icon-toggle-span\"><svg style=\"fill: #999;color:#999\" xmlns=\"http:\/\/www.w3.org\/2000\/svg\" class=\"list-377408\" width=\"20px\" height=\"20px\" viewbox=\"0 0 24 24\" fill=\"none\"><path d=\"M6 6H4v2h2V6zm14 0H8v2h12V6zM4 11h2v2H4v-2zm16 0H8v2h12v-2zM4 16h2v2H4v-2zm16 0H8v2h12v-2z\" fill=\"currentColor\"><\/path><\/svg><svg style=\"fill: #999;color:#999\" class=\"arrow-unsorted-368013\" xmlns=\"http:\/\/www.w3.org\/2000\/svg\" width=\"10px\" height=\"10px\" viewbox=\"0 0 24 24\" version=\"1.2\" baseprofile=\"tiny\"><path d=\"M18.2 9.3l-6.2-6.3-6.2 6.3c-.2.2-.3.4-.3.7s.1.5.3.7c.2.2.4.3.7.3h11c.3 0 .5-.1.7-.3.2-.2.3-.5.3-.7s-.1-.5-.3-.7zM5.8 14.7l6.2 6.3 6.2-6.3c.2-.2.3-.5.3-.7s-.1-.5-.3-.7c-.2-.2-.4-.3-.7-.3h-11c-.3 0-.5.1-.7.3-.2.2-.3.5-.3.7s.1.5.3.7z\"\/><\/svg><\/span><\/span><\/span><\/a><\/span><\/div>\n<nav><ul class='ez-toc-list ez-toc-list-level-1 eztoc-toggle-hide-by-default' ><li class='ez-toc-page-1 ez-toc-heading-level-2'><a class=\"ez-toc-link ez-toc-heading-1\" href=\"https:\/\/moverdb.com\/pl\/moving-companies\/moving-companies-sri-lanka\/#1_Aitken_Spence\" >1. Aitken Spence<\/a><\/li><li class='ez-toc-page-1 ez-toc-heading-level-2'><a class=\"ez-toc-link ez-toc-heading-2\" href=\"https:\/\/moverdb.com\/pl\/moving-companies\/moving-companies-sri-lanka\/#2_Asian_Movers\" >2. Asian Movers<\/a><\/li><li class='ez-toc-page-1 ez-toc-heading-level-2'><a class=\"ez-toc-link ez-toc-heading-3\" href=\"https:\/\/moverdb.com\/pl\/moving-companies\/moving-companies-sri-lanka\/#3_Don_Carolis_Sons\" >3. Don Carolis &amp; Sons<\/a><\/li><li class='ez-toc-page-1 ez-toc-heading-level-2'><a class=\"ez-toc-link ez-toc-heading-4\" href=\"https:\/\/moverdb.com\/pl\/moving-companies\/moving-companies-sri-lanka\/#4_Horizon_Relocations\" >4. Relokacja horyzontu<\/a><\/li><li class='ez-toc-page-1 ez-toc-heading-level-2'><a class=\"ez-toc-link ez-toc-heading-5\" href=\"https:\/\/moverdb.com\/pl\/moving-companies\/moving-companies-sri-lanka\/#5_Trans_World_Movers\" >5. Trans World Movers<\/a><\/li><li class='ez-toc-page-1 ez-toc-heading-level-2'><a class=\"ez-toc-link ez-toc-heading-6\" href=\"https:\/\/moverdb.com\/pl\/moving-companies\/moving-companies-sri-lanka\/#6_Trans-Global_Relocations\" >6. Transglobalne delokalizacje<\/a><\/li><li class='ez-toc-page-1 ez-toc-heading-level-2'><a class=\"ez-toc-link ez-toc-heading-7\" href=\"https:\/\/moverdb.com\/pl\/moving-companies\/moving-companies-sri-lanka\/#7_Worldwide_Movers\" >7. Worldwide Movers<\/a><\/li><\/ul><\/nav><\/div>\n<h2><span class=\"ez-toc-section\" id=\"1_Aitken_Spence\"><\/span><strong>1. Aitken Spence<\/strong><span class=\"ez-toc-section-end\"><\/span><\/h2>\n<p><img loading=\"lazy\" decoding=\"async\" class=\"alignnone size-full wp-image-10071\" src=\"https:\/\/moverdb.com\/wp-content\/uploads\/Aitken-Spence-international-moving-company.png\" alt=\"Mi\u0119dzynarodowa firma przeprowadzkowa Aitken Spence\" width=\"1440\" height=\"676\" data-wp-pid=\"10071\" srcset=\"https:\/\/moverdb.com\/wp-content\/uploads\/Aitken-Spence-international-moving-company.png 1440w, https:\/\/moverdb.com\/wp-content\/uploads\/Aitken-Spence-international-moving-company-300x141.png 300w, https:\/\/moverdb.com\/wp-content\/uploads\/Aitken-Spence-international-moving-company-1024x481.png 1024w, https:\/\/moverdb.com\/wp-content\/uploads\/Aitken-Spence-international-moving-company-18x8.png 18w, https:\/\/moverdb.com\/wp-content\/uploads\/Aitken-Spence-international-moving-company-600x282.png 600w\" sizes=\"auto, (max-width: 1440px) 100vw, 1440px\" \/><\/p>\n<ul>\n<li>Ruchy krajowe<\/li>\n<li>Przeprowadzki mi\u0119dzynarodowe<\/li>\n<li>Przeprowadzki gospodarstw domowych<\/li>\n<li>Logistyka firmy<\/li>\n<li>Us\u0142ugi wystawiennicze<\/li>\n<li>Rozwi\u0105zania kompleksowe<\/li>\n<li>Fracht lotniczy, morski i l\u0105dowy<\/li>\n<li>Odprawa celna<\/li>\n<li>Przenoszenie zwierz\u0105t domowych<\/li>\n<li>Obiekty magazynowe<\/li>\n<\/ul>\n<p>Aitken Spence to wielobran\u017cowa firma dzia\u0142aj\u0105ca od 1868 roku, obecna w o\u015bmiu krajach, w tym w Kolombo na Sri Lance. Jej dzia\u0142alno\u015b\u0107 spedycyjna obejmuje przeprowadzki i relokacje. Korzysta z w\u0142asnych oddzia\u0142\u00f3w i globalnej sieci firm handlowych i logistycznych, kt\u00f3re j\u0105 wspieraj\u0105. Firma jest cz\u0142onkiem IAM z 44-letnim sta\u017cem.<\/p>\n<p>Aitken Spence oferuje kompleksowe zintegrowane rozwi\u0105zania dzi\u0119ki swojej globalnej obecno\u015bci. Zapewniaj\u0105 bezproblemowe przeprowadzki i us\u0142ugi relokacyjne dla w\u0142a\u015bcicieli dom\u00f3w przeprowadzaj\u0105cych si\u0119 w dowolne miejsce na \u015bwiecie. Mog\u0105 przenie\u015b\u0107 Twoje rzeczy i zwierz\u0119ta do nowego domu. Zorganizuj\u0105 transport wraz z odpraw\u0105 celn\u0105.<\/p>\n<p>Strona internetowa: <a href=\"http:\/\/www.acecargo.lk\" target=\"_blank\" rel=\"noopener\">http:\/\/www.acecargo.lk<\/a><\/p>\n<h2><span class=\"ez-toc-section\" id=\"2_Asian_Movers\"><\/span><strong>2. Asian Movers<\/strong><span class=\"ez-toc-section-end\"><\/span><\/h2>\n<p><img loading=\"lazy\" decoding=\"async\" class=\"alignnone size-full wp-image-10079\" src=\"https:\/\/moverdb.com\/wp-content\/uploads\/Asian-Movers-international-moving-company.png\" alt=\"Asian Movers mi\u0119dzynarodowa firma przeprowadzkowa\" width=\"1440\" height=\"681\" data-wp-pid=\"10079\" srcset=\"https:\/\/moverdb.com\/wp-content\/uploads\/Asian-Movers-international-moving-company.png 1440w, https:\/\/moverdb.com\/wp-content\/uploads\/Asian-Movers-international-moving-company-300x142.png 300w, https:\/\/moverdb.com\/wp-content\/uploads\/Asian-Movers-international-moving-company-1024x484.png 1024w, https:\/\/moverdb.com\/wp-content\/uploads\/Asian-Movers-international-moving-company-18x9.png 18w, https:\/\/moverdb.com\/wp-content\/uploads\/Asian-Movers-international-moving-company-600x284.png 600w\" sizes=\"auto, (max-width: 1440px) 100vw, 1440px\" \/><\/p>\n<ul>\n<li>Przeprowadzki lokalne i krajowe<\/li>\n<li>Przeprowadzki mi\u0119dzynarodowe<\/li>\n<li>Przeprowadzki gospodarstw domowych<\/li>\n<li>Przeprowadzki firm i biur<\/li>\n<li>Us\u0142uga \"od drzwi do drzwi\".<\/li>\n<li>Us\u0142uga pakowania<\/li>\n<li>Transport drogowy, morski i lotniczy<\/li>\n<li>Odprawa celna<\/li>\n<li>Ubezpieczenia<\/li>\n<li>Rozwi\u0105zania w zakresie przechowywania<\/li>\n<\/ul>\n<p>Asian Movers to firma oferuj\u0105ca niestandardowe rozwi\u0105zania w zakresie przeprowadzek, za\u0142o\u017cona na Sri Lance. <a href=\"https:\/\/moverdb.com\/pl\/moving-to-the-maldives\/\" data-internallinksmanager029f6b8e52c=\"387\" title=\"Przeprowadzka na Malediwy? Koszty \u017cycia i wskaz\u00f3wki dotycz\u0105ce relokacji w 2023 r.\">Malediwy<\/a> w 2013 roku. Ich us\u0142ugi maj\u0105 globalny zasi\u0119g dzi\u0119ki cz\u0142onkostwu w mi\u0119dzynarodowych stowarzyszeniach przeprowadzkowych. Firma jest cz\u0142onkiem IAM z 10-letnim sta\u017cem.<\/p>\n<p>Asian Movers oferuje us\u0142ugi przeprowadzkowe dostosowane do indywidualnych potrzeb, niezale\u017cnie od tego, czy potrzebujesz pe\u0142nej us\u0142ugi przeprowadzkowej, czy tylko ci\u0119\u017car\u00f3wki i os\u00f3b do przeprowadzki. Ich us\u0142uga \"od drzwi do drzwi\" mo\u017ce obejmowa\u0107 bezpieczne pakowanie wszystkich rzeczy i tworzenie inwentaryzacji, za\u0142adunek, transport do miejsca docelowego i roz\u0142adunek. Pomagaj\u0105 w dokumentacji \u0142adunku i odprawy celnej, a tak\u017ce w ubezpieczeniu.<\/p>\n<p>Strona internetowa: <a href=\"http:\/\/www.asianmovers.com\/\" target=\"_blank\" rel=\"noopener\">http:\/\/www.asianmovers.com\/<\/a><\/p>\n<h2><span class=\"ez-toc-section\" id=\"3_Don_Carolis_Sons\"><\/span><strong>3. Don Carolis &amp; Sons<\/strong><span class=\"ez-toc-section-end\"><\/span><\/h2>\n<p><em><img loading=\"lazy\" decoding=\"async\" class=\"alignnone size-full wp-image-10102\" src=\"https:\/\/moverdb.com\/wp-content\/uploads\/Don-Carolis-Sons-international-moving-company.png\" alt=\"Don Carolis &amp; Sons - mi\u0119dzynarodowa firma przeprowadzkowa\" width=\"1440\" height=\"679\" data-wp-pid=\"10102\" srcset=\"https:\/\/moverdb.com\/wp-content\/uploads\/Don-Carolis-Sons-international-moving-company.png 1440w, https:\/\/moverdb.com\/wp-content\/uploads\/Don-Carolis-Sons-international-moving-company-300x141.png 300w, https:\/\/moverdb.com\/wp-content\/uploads\/Don-Carolis-Sons-international-moving-company-1024x483.png 1024w, https:\/\/moverdb.com\/wp-content\/uploads\/Don-Carolis-Sons-international-moving-company-18x8.png 18w, https:\/\/moverdb.com\/wp-content\/uploads\/Don-Carolis-Sons-international-moving-company-600x283.png 600w\" sizes=\"auto, (max-width: 1440px) 100vw, 1440px\" \/><\/em><\/p>\n<ul>\n<li>Ruchy krajowe<\/li>\n<li>Przeprowadzki mi\u0119dzynarodowe<\/li>\n<li>Przeprowadzki gospodarstw domowych<\/li>\n<li>Zmiany organizacyjne<\/li>\n<li>Us\u0142uga dostosowana do potrzeb<\/li>\n<li>Koordynator przemieszczania<\/li>\n<li>Us\u0142uga pakowania<\/li>\n<li>Organizacja transportu<\/li>\n<li>Opcje rozpakowywania<\/li>\n<li>Pe\u0142nowarto\u015bciowa ochrona<\/li>\n<\/ul>\n<p>Don Carolis &amp; Sons to dzia\u0142aj\u0105cy od ponad 150 lat producent, sprzedawca i eksporter mebli z siedzib\u0105 w Kolombo. Firma jest cz\u0142onkiem IAM, co daje jej dost\u0119p do mi\u0119dzynarodowej sieci agent\u00f3w przeprowadzkowych, kt\u00f3rzy wspieraj\u0105 j\u0105 w przeprowadzkach mi\u0119dzynarodowych.<\/p>\n<p>Don Carolis &amp; Sons oferuje us\u0142ug\u0119 pakowania dostosowan\u0105 do potrzeb klienta pod wzgl\u0119dem harmonogramu, bud\u017cetu i dobytku, a tak\u017ce zapewnia koordynatora przeprowadzki, kt\u00f3ry wspiera klienta przez ca\u0142y czas trwania przeprowadzki. Firma zajmie si\u0119 Twoim dobytkiem, w tym za\u0142adunkiem, transportem i roz\u0142adunkiem we wszystkich swoich planach. Ich plany obejmuj\u0105 rozpakowanie, cz\u0119\u015bciowe rozpakowanie i umieszczenie mebli oraz ca\u0142kowite rozpakowanie.<\/p>\n<p>Strona internetowa: <a href=\"http:\/\/www.doncarolis.com\" target=\"_blank\" rel=\"noopener\">http:\/\/www.doncarolis.com<\/a><\/p>\n<h2><span class=\"ez-toc-section\" id=\"4_Horizon_Relocations\"><\/span><strong>4. Relokacja horyzontu<\/strong><span class=\"ez-toc-section-end\"><\/span><\/h2>\n<p><img loading=\"lazy\" decoding=\"async\" class=\"alignnone size-full wp-image-10136\" src=\"https:\/\/moverdb.com\/wp-content\/uploads\/Horizon-Relocations-international-moving-company.png\" alt=\"Horizon Relocations mi\u0119dzynarodowa firma przeprowadzkowa\" width=\"1440\" height=\"626\" data-wp-pid=\"10136\" srcset=\"https:\/\/moverdb.com\/wp-content\/uploads\/Horizon-Relocations-international-moving-company.png 1440w, https:\/\/moverdb.com\/wp-content\/uploads\/Horizon-Relocations-international-moving-company-300x130.png 300w, https:\/\/moverdb.com\/wp-content\/uploads\/Horizon-Relocations-international-moving-company-1024x445.png 1024w, https:\/\/moverdb.com\/wp-content\/uploads\/Horizon-Relocations-international-moving-company-18x8.png 18w, https:\/\/moverdb.com\/wp-content\/uploads\/Horizon-Relocations-international-moving-company-600x261.png 600w\" sizes=\"auto, (max-width: 1440px) 100vw, 1440px\" \/><\/p>\n<ul>\n<li>Przeprowadzki lokalne i krajowe<\/li>\n<li>Przeniesienia mi\u0119dzynarodowe<\/li>\n<li>Przeprowadzki gospodarstw domowych<\/li>\n<li>Dostawa rzeczy osobistych<\/li>\n<li>Us\u0142uga \"od drzwi do drzwi\".<\/li>\n<li>Opakowania<\/li>\n<li>Ustalenia dotycz\u0105ce \u0142adunk\u00f3w<\/li>\n<li>Odprawa celna<\/li>\n<li>Ubezpieczenia<\/li>\n<li>Obiekty magazynowe<\/li>\n<\/ul>\n<p>Horizon Relocations to firma zajmuj\u0105ca si\u0119 przeprowadzkami krajowymi i mi\u0119dzynarodowymi z siedzib\u0105 w Kolombo. Firma jest cz\u0142onkiem IAM, co daje jej dost\u0119p do mi\u0119dzynarodowej sieci agent\u00f3w przeprowadzkowych, kt\u00f3rzy mog\u0105 pom\u00f3c jej w \u015bwiadczeniu us\u0142ug mi\u0119dzynarodowych.<\/p>\n<p>Horizon Relocations oferuje us\u0142ugi przeprowadzkowe \"od drzwi do drzwi\" dla lokalnych, krajowych i mi\u0119dzynarodowych przeprowadzek rzeczy osobistych i gospodarstwa domowego. \u015awiadcz\u0105 us\u0142ugi dla ma\u0142ych i du\u017cych ilo\u015bci przedmiot\u00f3w, kt\u00f3re mog\u0105 obejmowa\u0107 pakowanie i obudow\u0119 w celu ochrony przedmiot\u00f3w w transporcie, aby bezpiecznie dotar\u0142y na miejsce. Firma zorganizuje transport rzeczy poprzez przew\u00f3z lub wysy\u0142k\u0119 do miejsca docelowego wraz z odpraw\u0105 celn\u0105.<\/p>\n<p>Strona internetowa: <a href=\"http:\/\/www.horizonrelocations.lk\" target=\"_blank\" rel=\"noopener\">http:\/\/www.horizonrelocations.lk<\/a><\/p>\n<h2><span class=\"ez-toc-section\" id=\"5_Trans_World_Movers\"><\/span><strong>5. Trans World Movers<\/strong><span class=\"ez-toc-section-end\"><\/span><\/h2>\n<p><img loading=\"lazy\" decoding=\"async\" class=\"alignnone size-full wp-image-10196\" src=\"https:\/\/moverdb.com\/wp-content\/uploads\/Trans-World-Movers-international-moving-company.png\" alt=\"Trans World Movers mi\u0119dzynarodowa firma przeprowadzkowa\" width=\"1440\" height=\"675\" data-wp-pid=\"10196\" srcset=\"https:\/\/moverdb.com\/wp-content\/uploads\/Trans-World-Movers-international-moving-company.png 1440w, https:\/\/moverdb.com\/wp-content\/uploads\/Trans-World-Movers-international-moving-company-300x141.png 300w, https:\/\/moverdb.com\/wp-content\/uploads\/Trans-World-Movers-international-moving-company-1024x480.png 1024w, https:\/\/moverdb.com\/wp-content\/uploads\/Trans-World-Movers-international-moving-company-18x8.png 18w, https:\/\/moverdb.com\/wp-content\/uploads\/Trans-World-Movers-international-moving-company-600x281.png 600w\" sizes=\"auto, (max-width: 1440px) 100vw, 1440px\" \/><\/p>\n<ul>\n<li>Przeprowadzki lokalne<\/li>\n<li>Przeprowadzki mi\u0119dzynarodowe<\/li>\n<li>Przeprowadzki gospodarstw domowych<\/li>\n<li>Przeprowadzki firm<\/li>\n<li>Rozwi\u0105zania typu \"od drzwi do drzwi<\/li>\n<li>Us\u0142uga pakowania<\/li>\n<li>Transport lotniczy, morski i drogowy<\/li>\n<li>Odprawa celna<\/li>\n<li>Transport pojazd\u00f3w i zwierz\u0105t domowych<\/li>\n<li>Obiekty magazynowe<\/li>\n<\/ul>\n<p>Trans World Movers to za\u0142o\u017cona w 1973 roku firma z siedzib\u0105 w Kolombo, \u015bwiadcz\u0105ca us\u0142ugi dla os\u00f3b prywatnych, dyplomat\u00f3w i korporacji. Firma posiada ugruntowan\u0105 sie\u0107 przedstawicieli i agent\u00f3w na ca\u0142ym \u015bwiecie, kt\u00f3rzy wspieraj\u0105 j\u0105 w przeprowadzkach mi\u0119dzynarodowych. Firma jest cz\u0142onkiem IAM z 50-letnim sta\u017cem.<\/p>\n<p>Trans World Movers oferuje us\u0142ugi przeprowadzkowe \"od drzwi do drzwi\" lokalnie i mi\u0119dzynarodowo. Zapewniaj\u0105 us\u0142ug\u0119 pakowania, kt\u00f3ra spe\u0142nia mi\u0119dzynarodowe standardy w celu ochrony przedmiot\u00f3w w transporcie. Firma zorganizuje transport rzeczy drog\u0105 l\u0105dow\u0105, powietrzn\u0105 i morsk\u0105 wraz z odpraw\u0105 celn\u0105. Firma oferuje dodatkowe us\u0142ugi, w tym obs\u0142ug\u0119 zwierz\u0105t domowych, <a href=\"https:\/\/moverdb.com\/pl\/car-transport-shipping\/\" data-internallinksmanager029f6b8e52c=\"2\" title=\"2026 Mi\u0119dzynarodowy transport samochodowy i wyceny wysy\u0142ki pojazd\u00f3w\">wysy\u0142ka pojazd\u00f3w<\/a> i rozwi\u0105za\u0144 w zakresie przechowywania.<\/p>\n<p>Strona internetowa: <a href=\"http:\/\/www.transworldmovers.com\" target=\"_blank\" rel=\"noopener\">http:\/\/www.transworldmovers.com<\/a><\/p>\n<h2><span class=\"ez-toc-section\" id=\"6_Trans-Global_Relocations\"><\/span><strong>6. Transglobalne delokalizacje<\/strong><span class=\"ez-toc-section-end\"><\/span><\/h2>\n<p><img loading=\"lazy\" decoding=\"async\" class=\"alignnone size-full wp-image-10197\" src=\"https:\/\/moverdb.com\/wp-content\/uploads\/Trans-Global-Relocations-international-moving-company.png\" alt=\"Trans-Global Relocations mi\u0119dzynarodowa firma przeprowadzkowa\" width=\"1440\" height=\"681\" data-wp-pid=\"10197\" srcset=\"https:\/\/moverdb.com\/wp-content\/uploads\/Trans-Global-Relocations-international-moving-company.png 1440w, https:\/\/moverdb.com\/wp-content\/uploads\/Trans-Global-Relocations-international-moving-company-300x142.png 300w, https:\/\/moverdb.com\/wp-content\/uploads\/Trans-Global-Relocations-international-moving-company-1024x484.png 1024w, https:\/\/moverdb.com\/wp-content\/uploads\/Trans-Global-Relocations-international-moving-company-18x9.png 18w, https:\/\/moverdb.com\/wp-content\/uploads\/Trans-Global-Relocations-international-moving-company-600x284.png 600w\" sizes=\"auto, (max-width: 1440px) 100vw, 1440px\" \/><\/p>\n<ul>\n<li>Przeprowadzki lokalne i krajowe<\/li>\n<li>Przeprowadzki mi\u0119dzynarodowe<\/li>\n<li>Przeprowadzki gospodarstw domowych<\/li>\n<li>Us\u0142uga \"od drzwi do drzwi\".<\/li>\n<li>Profesjonalne pakowanie<\/li>\n<li>Przesy\u0142ki morskie i lotnicze<\/li>\n<li>Odprawa celna<\/li>\n<li>Przenoszenie zwierz\u0105t domowych<\/li>\n<li>Obs\u0142uga samochodu<\/li>\n<li>Bezpieczne przechowywanie<\/li>\n<\/ul>\n<p>Trans-Global Relocations to firma przeprowadzkowa z siedzib\u0105 w Kolombo. Jest ona cz\u0142onkiem IAM, co zapewnia jej mi\u0119dzynarodow\u0105 sie\u0107 agent\u00f3w przeprowadzkowych do pracy przy przeprowadzkach zagranicznych.<\/p>\n<p>Trans-Global Relocations oferuje ankiet\u0119 w domu, aby oceni\u0107 Twoje wymagania dotycz\u0105ce przeprowadzki i stworzy plan przeprowadzki w oparciu o Twoje potrzeby, kt\u00f3ry b\u0119dzie zawiera\u0142 porady dotycz\u0105ce przygotowania i najbardziej op\u0142acalnej metody przeprowadzki. Zapewniaj\u0105 us\u0142ug\u0119 \"od drzwi do drzwi\", kt\u00f3ra obejmuje profesjonalne pakowanie rzeczy, aby zapewni\u0107 ich bezpieczn\u0105 mi\u0119dzynarodow\u0105 podr\u00f3\u017c drog\u0105 morsk\u0105 lub lotnicz\u0105 wraz z odpraw\u0105 celn\u0105. Oferuj\u0105 r\u00f3wnie\u017c dodatkowe us\u0142ugi, kt\u00f3re obejmuj\u0105 relokacj\u0119 zwierz\u0105t domowych, obs\u0142ug\u0119 samochod\u00f3w i magazynowanie.<\/p>\n<p>Strona internetowa: <a href=\"http:\/\/www.t-grelo.com\" target=\"_blank\" rel=\"noopener\">http:\/\/www.t-grelo.com<\/a><\/p>\n<h2><span class=\"ez-toc-section\" id=\"7_Worldwide_Movers\"><\/span><strong>7. Worldwide Movers<\/strong><span class=\"ez-toc-section-end\"><\/span><\/h2>\n<p><img loading=\"lazy\" decoding=\"async\" class=\"alignnone size-full wp-image-10209\" src=\"https:\/\/moverdb.com\/wp-content\/uploads\/Worldwide-Movers-international-moving-company.png\" alt=\"Worldwide Movers mi\u0119dzynarodowa firma przeprowadzkowa\" width=\"1440\" height=\"674\" data-wp-pid=\"10209\" srcset=\"https:\/\/moverdb.com\/wp-content\/uploads\/Worldwide-Movers-international-moving-company.png 1440w, https:\/\/moverdb.com\/wp-content\/uploads\/Worldwide-Movers-international-moving-company-300x140.png 300w, https:\/\/moverdb.com\/wp-content\/uploads\/Worldwide-Movers-international-moving-company-1024x479.png 1024w, https:\/\/moverdb.com\/wp-content\/uploads\/Worldwide-Movers-international-moving-company-18x8.png 18w, https:\/\/moverdb.com\/wp-content\/uploads\/Worldwide-Movers-international-moving-company-600x281.png 600w\" sizes=\"auto, (max-width: 1440px) 100vw, 1440px\" \/><\/p>\n<ul>\n<li>Ruchy krajowe<\/li>\n<li>Przeprowadzki mi\u0119dzynarodowe<\/li>\n<li>Przeprowadzki gospodarstw domowych<\/li>\n<li>Us\u0142ugi relokacyjne<\/li>\n<li>Od drzwi do drzwi lub od drzwi do drzwi<a href=\"https:\/\/moverdb.com\/pl\/top-49-container-ports\/\" data-internallinksmanager029f6b8e52c=\"80\" title=\"49 najwi\u0119kszych i najbardziej ruchliwych port\u00f3w kontenerowych w 2025 r.\">port<\/a> serwis<\/li>\n<li>Us\u0142uga pakowania<\/li>\n<li>Transport l\u0105dowy, lotniczy lub morski<\/li>\n<li>Maklerstwo celne<\/li>\n<li>Obs\u0142uga zwierz\u0105t domowych<\/li>\n<li>Transport pojazd\u00f3w<\/li>\n<\/ul>\n<p>Worldwide Movers to firma zajmuj\u0105ca si\u0119 pakowaniem i przeprowadzkami, kt\u00f3ra zosta\u0142a za\u0142o\u017cona w 2009 roku i ma siedzib\u0119 w Kolombo. Jest cz\u0142onkiem IAM z 15-letnim sta\u017cem, a tak\u017ce cz\u0142onkiem Asian Relocation Association, cz\u0142onkostwo to umo\u017cliwia im \u015bwiadczenie us\u0142ug przeprowadzkowych w dowolnym miejscu na \u015bwiecie.<\/p>\n<p>Worldwide Movers oferuje przeprowadzki od drzwi do drzwi lub od drzwi do portu w kraju i za granic\u0105. Zapewniaj\u0105 us\u0142ug\u0119 pakowania, kt\u00f3ra obejmuje bezpieczne pakowanie przedmiot\u00f3w, demonta\u017c i ponowny monta\u017c mebli i wyposa\u017cenia. Mog\u0105 r\u00f3wnie\u017c pom\u00f3c w transporcie pojazd\u00f3w i zwierz\u0105t domowych. \u015awiadcz\u0105 us\u0142ugi relokacyjne, kt\u00f3re obejmuj\u0105 wyszukiwanie dom\u00f3w i szk\u00f3\u0142, orientacj\u0119, wycieczki po okolicy i us\u0142ugi pokoj\u00f3wek.<\/p>\n<p>Strona internetowa: <a href=\"https:\/\/w-movers.com\/\" target=\"_blank\" rel=\"noopener\">https:\/\/w-movers.com\/<\/a><\/p>","protected":false},"excerpt":{"rendered":"<p>Are you planning on moving? Then you may want to enlist the services of a moving company as they can assist you with packing, transportation and handling customs when moving abroad. Below we have compiled a list of Sri Lanka based removal companies that are members of the International Association of Movers (IAM) and\/or FIDI [&hellip;]<\/p>\n","protected":false},"author":4,"featured_media":10071,"parent":190,"menu_order":0,"comment_status":"closed","ping_status":"closed","template":"","meta":{"_genesis_hide_title":false,"_genesis_hide_breadcrumbs":false,"_genesis_hide_singular_image":false,"_genesis_hide_footer_widgets":false,"_genesis_custom_body_class":"","_genesis_custom_post_class":"","_genesis_layout":"","footnotes":""},"class_list":{"0":"post-10215","1":"page","2":"type-page","3":"status-publish","4":"has-post-thumbnail","6":"entry"},"_links":{"self":[{"href":"https:\/\/moverdb.com\/pl\/wp-json\/wp\/v2\/pages\/10215","targetHints":{"allow":["GET"]}}],"collection":[{"href":"https:\/\/moverdb.com\/pl\/wp-json\/wp\/v2\/pages"}],"about":[{"href":"https:\/\/moverdb.com\/pl\/wp-json\/wp\/v2\/types\/page"}],"author":[{"embeddable":true,"href":"https:\/\/moverdb.com\/pl\/wp-json\/wp\/v2\/users\/4"}],"replies":[{"embeddable":true,"href":"https:\/\/moverdb.com\/pl\/wp-json\/wp\/v2\/comments?post=10215"}],"version-history":[{"count":1,"href":"https:\/\/moverdb.com\/pl\/wp-json\/wp\/v2\/pages\/10215\/revisions"}],"predecessor-version":[{"id":10216,"href":"https:\/\/moverdb.com\/pl\/wp-json\/wp\/v2\/pages\/10215\/revisions\/10216"}],"up":[{"embeddable":true,"href":"https:\/\/moverdb.com\/pl\/wp-json\/wp\/v2\/pages\/190"}],"wp:featuredmedia":[{"embeddable":true,"href":"https:\/\/moverdb.com\/pl\/wp-json\/wp\/v2\/media\/10071"}],"wp:attachment":[{"href":"https:\/\/moverdb.com\/pl\/wp-json\/wp\/v2\/media?parent=10215"}],"curies":[{"name":"wp","href":"https:\/\/api.w.org\/{rel}","templated":true}]}}