{"id":945,"date":"2016-09-03T20:39:51","date_gmt":"2016-09-03T20:39:51","guid":{"rendered":"http:\/\/moverdb.com\/?page_id=945"},"modified":"2026-01-08T14:48:12","modified_gmt":"2026-01-08T14:48:12","slug":"dt-bewegend","status":"publish","type":"page","link":"https:\/\/moverdb.com\/nl\/dt-moving\/","title":{"rendered":"DT Verhuizingen: Internationale Verhuizing &amp; Verhuizingen Beoordelingen"},"content":{"rendered":"<p>DT Moving is een <a href=\"https:\/\/moverdb.com\/nl\/moving-to-the-uk\/\" data-internallinksmanager029f6b8e52c=\"93\" title=\"Verhuizen naar het Verenigd Koninkrijk? 2022 Kosten van levensonderhoud en relocatietips\">UK<\/a> gebaseerd <a href=\"https:\/\/moverdb.com\/nl\/moving-companies\/\" data-internallinksmanager029f6b8e52c=\"79\" title=\"Top 25 Internationale Verhuisbedrijven Online\">internationaal verhuisbedrijf<\/a> die zijn klanten een volledig gamma van diensten aanbiedt die hieronder zijn opgesomd, samen met een bedrijfsprofiel en recensies.<\/p>\n<p><strong><a href=\"https:\/\/moverdb.com\/nl\/international-removals\/\" data-internallinksmanager029f6b8e52c=\"27\" title=\"36 Beste internationale verhuisbedrijven in Groot-Brittanni\u00eb\">Internationale verhuizingen<\/a><\/strong><\/p>\n<ul>\n<li> Pre-verhuis enqu\u00eate, offerte en middelen<\/li>\n<li> Inpakken in residentie<\/li>\n<li> Vervoer door de lucht, over zee of over de weg<\/li>\n<li> Verzekering geregeld<\/li>\n<li> Doorlopende service met inbegrip van een verhuismanager en een traceringsdienst<\/li>\n<li> Levering aan huis<\/li>\n<li> Los uw goederen uit de container \/ vrachtwagen \/ kist en plaats ze in de ruimte van uw keuze<\/li>\n<li> Plaats waar nodig beschermende materialen om vloeren en muren te verzorgen<\/li>\n<li> Elk geleverd artikel afvinken tegen de oorspronkelijke verpakkingsinventaris (om elk pakket te verantwoorden)<\/li>\n<li> Pak al het papier, opvulmateriaal en karton uit en verwijder het voor recycling<\/li>\n<li> Zet alles weer voor u in elkaar, zodat u zich over \u00e9\u00e9n ding minder zorgen hoeft te maken. We kunnen ook een klusjesman regelen om te helpen met extra werk als u dat wenst<\/li>\n<li> U kunt de inventaris per artikel controleren en tekenen als u tevreden bent met de levering.<\/li>\n<li> Inklaring<\/li>\n<\/ul>\n<p><strong>Bestemmingsdiensten<\/strong><\/p>\n<ul>\n<li> Zoeken naar een huurwoning<\/li>\n<li> School zoeken<\/li>\n<li> Ori\u00ebntatie tour<\/li>\n<li> Vestigen in<\/li>\n<li> Culturele opleiding<\/li>\n<li> Partneralimentatie<\/li>\n<li> Verhuur van meubilair<\/li>\n<li> Tijdelijke huisvesting<\/li>\n<li> Diensten bij vertrek<\/li>\n<li> Belasting- en immigratieadvies<\/li>\n<\/ul>\n<p><strong>Kunst en antiek<\/strong><\/p>\n<ul>\n<li> Service op maat voor elke cli\u00ebnt<\/li>\n<li> Adviesdienst<\/li>\n<li> Regel hotels etc voor aankoop\/aflevering reis<\/li>\n<li> Antieke collectie<\/li>\n<li> Verpakkingsdienst<\/li>\n<li> Verzending<\/li>\n<li> Verzekering<\/li>\n<\/ul>\n<p><strong>Opslag<\/strong><\/p>\n<ul>\n<li> UK en <a href=\"https:\/\/moverdb.com\/nl\/moving-to-france\/\" data-internallinksmanager029f6b8e52c=\"315\" title=\"Verhuizen naar Frankrijk? 2023 Woonkosten &amp; Verhuizingstips\">Frankrijk<\/a> - opslag op korte en lange termijn in speciaal gebouwde opslagcontainers<\/li>\n<li> 24-uurs beveiliging en gecodeerde toegang<\/li>\n<li> Temperatuur geregeld<\/li>\n<li> Brandpreventie en gewapend sprinklersysteem<\/li>\n<li> Rest van de wereld - netwerkpartners zorgen voor veilige opslag<\/li>\n<\/ul>\n<p><strong>Ondersteunende diensten<\/strong><\/p>\n<ul>\n<li> Klusjesman (demonteren en monteren van meubels, uitrusting, rekken, andere voorwerpen)<\/li>\n<li> Foto's ophangen<\/li>\n<li> Speciale kratten (voor breekbare of waardevolle voorwerpen)<\/li>\n<li> Huis schoonmaken<\/li>\n<li> Schoonmaakservice (uitpakken, wassen, wegzetten van <a href=\"https:\/\/moverdb.com\/nl\/moving-to-china\/\" data-internallinksmanager029f6b8e52c=\"357\" title=\"Verhuizen naar China? 2023 Woonkosten &amp; Verhuizingstips\">china<\/a>glaswerk, kleding, huishoudelijke artikelen)<\/li>\n<li> Elektricien of loodgieter<\/li>\n<li> Satelliet TV antenne de-installatie en installatie<\/li>\n<li> Gespecialiseerde \"veilige\" verwijdering<\/li>\n<li> Venster- en deurkozijnen verwijderen en opnieuw installeren<\/li>\n<li> Externe lift (gespecialiseerde takel) om toegang te krijgen tot de woning via het raam of balkon op de bovenste verdieping<\/li>\n<li> Meubelverhuur<\/li>\n<li> Meubelrestauratie en -reparatie<\/li>\n<li> Auto opslag<\/li>\n<\/ul>\n<h2>DT Verhuisbedrijf Profiel<\/h2>\n<p>DT Moving was vroeger bekend als David Turner Worldwide Movers en verhuist al sinds 1870 mensen over de hele wereld. De oprichtersfamilie is nog steeds betrokken bij het bedrijf, dat prominente bedrijven en particulieren over de hele wereld verhuist. <\/p>\n<p>DT Moving heeft vestigingen in zowel <a href=\"https:\/\/moverdb.com\/nl\/moving-to-london\/\">Londen<\/a> en <a href=\"https:\/\/moverdb.com\/nl\/moving-to-france\/moving-to-paris\/\" data-internallinksmanager029f6b8e52c=\"407\" title=\"Verhuizen naar Parijs? 2023 Woonlasten &amp; Verhuizingstips\">Parijs<\/a>. Ze zijn trots op hun ervaring en integriteit en zeggen dat hun werknemers gemiddeld zo'n 15 jaar in dienst zijn. De waarden van het bedrijf zijn kwaliteit van de dienstverlening, verantwoordelijkheid, naleving en voortdurende verbetering.<\/p>\n<p>DT Moving zegt dat het een <strong>97% klanttevredenheid<\/strong> rating voor 2015, een stijging ten opzichte van de 95% in 2014.<\/p>\n<p>DT Moving heeft de volgende accreditaties en affiliaties:<\/p>\n<ul>\n<li> FAIMPLUS-geaccrediteerd; onafhankelijk gecontroleerd door Ernst &amp; Young<\/li>\n<li> ISO 9001-2008 geaccrediteerd, inclusief BS EN 12522\/1 BS EN 12522\/2<\/li>\n<li> Stichtend lid van OMNI (The Overseas Moving Network International)<\/li>\n<li> <a href=\"https:\/\/moverdb.com\/nl\/fidi-faim\/\">FIDI<\/a> aangesloten sinds 1950 (F\u00e9d\u00e9ration Internationale des D\u00e9m\u00e9nageurs Internationaux)<\/li>\n<li> C-TPAT ge\u00efnspecteerd door <a href=\"https:\/\/moverdb.com\/nl\/moving-to-the-united-states\/\" data-internallinksmanager029f6b8e52c=\"94\" title=\"Verhuizen naar de Verenigde Staten? 2022 Kosten van levensonderhoud en relocatietips\">US<\/a> douane<\/li>\n<li> Geautoriseerd lid van de <a href=\"https:\/\/moverdb.com\/nl\/british-association-of-removers\/\">Britse Vereniging van Verhuizers<\/a>, DBA, de <a href=\"https:\/\/moverdb.com\/nl\/mtc\/\">Movers Trading Club<\/a> (<a href=\"https:\/\/moverdb.com\/nl\/mtc\/\" data-internallinksmanager029f6b8e52c=\"30\" title=\"Movers Trading Club (MTC) Uitgelegd\">MTC<\/a>)<\/li>\n<li> Lid van <a href=\"https:\/\/moverdb.com\/nl\/eura\/\">EuRA<\/a> (De <a href=\"https:\/\/moverdb.com\/nl\/eura\/\" data-internallinksmanager029f6b8e52c=\"13\" title=\"Europese Vereniging voor Verhuizingen (EuRA) toegelicht\">Europese Vereniging voor verhuizing<\/a>)<\/li>\n<li> Lid van <a href=\"https:\/\/moverdb.com\/nl\/vereniging-relocatieprofessionals\/\">ARP<\/a> (De <a href=\"https:\/\/moverdb.com\/nl\/association-relocation-professionals\/\" data-internallinksmanager029f6b8e52c=\"6\" title=\"Association of Relocation Professionals (ARP) Uitgelegd\">Vereniging van verhuizers<\/a>)<\/li>\n<li> Lid van <a href=\"https:\/\/moverdb.com\/nl\/ik-ben\/\">IAM<\/a> (<a href=\"https:\/\/moverdb.com\/nl\/iam\/\" data-internallinksmanager029f6b8e52c=\"23\" title=\"Internationale Vereniging van Verhuizers (IAM) Uitgelegd\">Internationale Vereniging van Verhuizers<\/a>)<\/li>\n<li> Lid van <a href=\"https:\/\/moverdb.com\/nl\/lacma\/\">LACMA<\/a> (Latijns-Amerikaanse &amp; Caribische Verhuizers Associatie)<\/li>\n<li> Lid van <a href=\"https:\/\/moverdb.com\/nl\/personeelsverplaatsing-raad\/\">Wereldwijde ERC<\/a> (The Workforce Mobility Association)<\/li>\n<li> Eerste <a href=\"https:\/\/moverdb.com\/nl\/fidi-faim\/\" data-internallinksmanager029f6b8e52c=\"16\" title=\"FIDI &amp; FAIM (FIDI Geaccrediteerde Internationale Verhuizer) Uitgelegd\">FAIM<\/a> ISO (nu FAIMPLUS) geaccrediteerde organisatie<\/li>\n<\/ul>\n<h2>DT Verhuizingen Beoordelingen<\/h2>\n<p><strong>Positief<\/strong><\/p>\n<ul>\n<li> <em>\"Ze waren verbazingwekkend professioneel, beleefd, snel en effici\u00ebnt. Legden alles uit en ik kan me niet voorstellen hoe ze de ervaring soepeler hadden kunnen laten verlopen.\"<\/em> - Z. COHEN via DT Verhuizen <a href=\"http:\/\/www.dtmoving.com\/about-us\/what-our-customers-say\" target=\"_blank\" rel=\"noopener\">Wat onze klanten zeggen<\/a>.<\/li>\n<li> \"<em>Ik ben net verhuisd van Londen naar <a href=\"https:\/\/moverdb.com\/nl\/moving-to-nyc\/\">New York<\/a> en was zeer onder de indruk van de verhuisservice van begin tot eind. Wat een zeer stressvolle tijd had kunnen worden, werd zeer gemakkelijk gemaakt.\"<\/em> - Qype gebruiker, Dan via <a href=\"https:\/\/www.yelp.co.uk\/biz\/dt-moving-london?hrid=_lnG2UpJr3NSw73UR115Pw&#038;utm_campaign=www_review_share_popup&#038;utm_medium=copy_link&#038;utm_source=(direct)\" target=\"_blank\" rel=\"noopener\">Yelp<\/a><\/li>\n<li> \"DT Moving was van begin tot eind uitstekend.\" - MCalder via <a href=\"https:\/\/www.yell.com\/biz\/dt-moving-mitcham-3825953\/\" target=\"_blank\" rel=\"noopener\">Yell<\/a><\/li>\n<li> \"Dit is de 3e keer dat ik en mijn man zijn verhuisd voor werkdoeleinden en het was de beste service tot nu toe.\" - Chris via <a href=\"http:\/\/www.allinlondon.co.uk\/directory\/1318\/74781.php\" target=\"_blank\" rel=\"noopener\">All In Londen<\/a>.<\/li>\n<\/ul>\n<p><strong>Negatief<\/strong><\/p>\n<p><em>We konden online geen negatieve beoordelingen vinden<\/em>.<\/p>\n<div itemprop=\"review\" itemscope itemtype=\"http:\/\/schema.org\/Review\">\n<span itemprop=\"author\" itemscope=\"\" itemtype=\"http:\/\/schema.org\/Organization\"><span itemprop=\"name\">MoverDB.com<\/span><\/span> Online Website Review voor <span itemprop=\"itemreviewed\" itemscope=\"\" itemtype=\"http:\/\/schema.org\/Brand\"><span itemprop=\"name\">DT Verhuizen<\/span><\/span>:<\/p>\n<ol>\n<li> Duidelijke contactgegevens op de website (inclusief telefoonnummer): <strong>Ja<\/strong><\/li>\n<li> Gemakkelijk te krijgen <a href=\"https:\/\/moverdb.com\/nl\/citaten\/\">internationale verhuizingsoffertes<\/a>? (Online aanvraagformulier): <strong>Ja<\/strong><\/li>\n<li> Duidelijke informatie op de website: <strong>Ja,<\/strong> De website is vrij uitgebreid, zodat potenti\u00eble klanten een goed idee krijgen van wat het bedrijf te bieden heeft.<\/li>\n<li> Lidmaatschap bij internationaal erkende verhuisorganisaties: <strong>Ja<\/strong>zie boven.<\/li>\n<li> Lijst van klanten en\/of getuigenissen van vorige klanten: <strong>Ja,<\/strong>Er staan veel getuigenissen van klanten op de site en andere beoordelingen online zijn positief.<\/li>\n<\/ol>\n<div itemprop=\"reviewRating\" itemscope itemtype=\"http:\/\/schema.org\/Rating\"><meta itemprop=\"worstRating\" content = \"0\" \/><meta itemprop=\"bestRating\" content=\"5\" \/><meta itemprop=\"ratingValue\" content=\"5\"><\/div>\n<p><strong>Totale score: 5\/5<\/strong><br \/>\n<strong>Herzieningsdatum:<\/strong> <span itemprop=\"datePublished\" content=\"2016-09-03\">03\/09\/2016<\/span>\n<\/div>\n<p>Meer weten over <a href=\"https:\/\/moverdb.com\/nl\/internationale-verhuizingen\/\">internationale verhuizingen<\/a> en onze <a href=\"https:\/\/moverdb.com\/nl\/reviews\/\">evaluatieproces<\/a>.<\/p>\n<p><strong>Website:<\/strong> <a href=\"http:\/\/www.dtmoving.com\" target=\"_blank\" rel=\"noopener\">http:\/\/www.dtmoving.com<\/a><\/p>","protected":false},"excerpt":{"rendered":"<p>DT Moving is a UK based international moving company which offers its clients a full range of services which are listed below, together with a company profile and reviews. International Removals Pre-move survey, quotation and resources Packing at residence Transport by air, sea or road Insurance arranged Ongoing service including a move manager and a [&hellip;]<\/p>\n","protected":false},"author":1,"featured_media":0,"parent":0,"menu_order":0,"comment_status":"closed","ping_status":"closed","template":"","meta":{"_genesis_hide_title":false,"_genesis_hide_breadcrumbs":false,"_genesis_hide_singular_image":false,"_genesis_hide_footer_widgets":false,"_genesis_custom_body_class":"","_genesis_custom_post_class":"","_genesis_layout":"","footnotes":""},"class_list":{"0":"post-945","1":"page","2":"type-page","3":"status-publish","5":"entry"},"_links":{"self":[{"href":"https:\/\/moverdb.com\/nl\/wp-json\/wp\/v2\/pages\/945","targetHints":{"allow":["GET"]}}],"collection":[{"href":"https:\/\/moverdb.com\/nl\/wp-json\/wp\/v2\/pages"}],"about":[{"href":"https:\/\/moverdb.com\/nl\/wp-json\/wp\/v2\/types\/page"}],"author":[{"embeddable":true,"href":"https:\/\/moverdb.com\/nl\/wp-json\/wp\/v2\/users\/1"}],"replies":[{"embeddable":true,"href":"https:\/\/moverdb.com\/nl\/wp-json\/wp\/v2\/comments?post=945"}],"version-history":[{"count":8,"href":"https:\/\/moverdb.com\/nl\/wp-json\/wp\/v2\/pages\/945\/revisions"}],"predecessor-version":[{"id":6201,"href":"https:\/\/moverdb.com\/nl\/wp-json\/wp\/v2\/pages\/945\/revisions\/6201"}],"wp:attachment":[{"href":"https:\/\/moverdb.com\/nl\/wp-json\/wp\/v2\/media?parent=945"}],"curies":[{"name":"wp","href":"https:\/\/api.w.org\/{rel}","templated":true}]}}