{"id":920,"date":"2016-09-03T16:04:22","date_gmt":"2016-09-03T16:04:22","guid":{"rendered":"http:\/\/moverdb.com\/?page_id=920"},"modified":"2026-01-08T14:47:54","modified_gmt":"2026-01-08T14:47:54","slug":"burke-bros","status":"publish","type":"page","link":"https:\/\/moverdb.com\/nl\/burke-bros\/","title":{"rendered":"Burke Bros Verhuisgroep: Internationale Verhuizingen Beoordelingen"},"content":{"rendered":"<p>Burke Bros zijn wereldwijde verhuizers, opslaghouders, verladers en wereldwijde verhuisspecialisten. Hieronder vindt u een overzicht van de diensten die zij aanbieden, gevolgd door een bedrijfsprofiel en diverse reviews.<\/p>\n<p><strong>Zakelijk en persoonlijk <a href=\"https:\/\/moverdb.com\/nl\/international-removals\/\" data-internallinksmanager029f6b8e52c=\"27\" title=\"36 Beste internationale verhuisbedrijven in Groot-Brittanni\u00eb\">Internationale verhuizingen<\/a><\/strong><\/p>\n<ul>\n<li> Toegewijd bedrijfsteam<\/li>\n<li> Uitgebreide deur tot deur service<\/li>\n<li> Gratis verhuisonderzoek<\/li>\n<li> Wereldwijd netwerk van gerenommeerde relocation experts<\/li>\n<li> Een toegewijd export verpakkingsteam<\/li>\n<li> Advies over internationale quarantaine<\/li>\n<li> Internationale douane- en accijnsinlichtingen<\/li>\n<li> <a href=\"https:\/\/moverdb.com\/nl\/moving-to-the-uk\/\" data-internallinksmanager029f6b8e52c=\"93\" title=\"Verhuizen naar het Verenigd Koninkrijk? 2022 Kosten van levensonderhoud en relocatietips\">UK<\/a> opslag - voor verzending<\/li>\n<li> Verzekering geregeld<\/li>\n<li> Hulp bij douane-inklaring<\/li>\n<\/ul>\n<p><strong>Europese bewegingen<\/strong><\/p>\n<ul>\n<li> Uitgebreide deur tot deur service<\/li>\n<li> Toegewijd verpakkingsteam<\/li>\n<li> Verzekering geregeld<\/li>\n<li> Wekelijkse afvaarten<\/li>\n<li> Bijstand op het gebied van douane en accijnzen, indien van toepassing<\/li>\n<\/ul>\n<p><strong>Binnenlandse verhuizingen in het VK - zakelijk en persoonlijk<\/strong><\/p>\n<ul>\n<li> Persoonlijk bezoek van consulent<\/li>\n<li> Dienst projectbeheer voor ondernemingen<\/li>\n<li> Uitgebreide deur tot deur service<\/li>\n<li> Toegewijd verpakkingsteam<\/li>\n<li> Verzekering geregeld<\/li>\n<li> Gespecialiseerde verpakking<\/li>\n<li> Huur van kantoorkratten<\/li>\n<\/ul>\n<p><strong>Opslag<\/strong><\/p>\n<ul>\n<li> Self-storage - Wolverhampton <\/li>\n<li> Onbeperkte toegang tijdens de openingsuren<\/li>\n<li> Verschillende dozen kunnen worden gekocht<\/li>\n<li> 24-uurs CCTV<\/li>\n<li> Opslag van documenten en archieven<\/li>\n<\/ul>\n<p><strong>Speciale diensten tijdens verhuizingen<\/strong><\/p>\n<ul>\n<li> Versnipperen van documenten<\/li>\n<li> Opslag van documenten<\/li>\n<li> Recycling van oud meubilair en IT-apparatuur<\/li>\n<li> Afbreken en opzetten van computersystemen<\/li>\n<li> Gespecialiseerd verpakkingsmateriaal voor IT-apparatuur<\/li>\n<\/ul>\n<h2>Burke Bros Verhuisgroep Bedrijfsprofiel<\/h2>\n<p>Burke Bros is opgericht in 1982 en heeft in die tijd meer dan 49.000 klanten verhuisd. Ze hebben bijna een half miljoen uur gewerkt aan inpakken, verhuizen en uitpakken. Het bedrijf is gevestigd in Midden-Engeland en heeft zeven kantoren en een beveiligde opslagruimte van 52.000 vierkante meter.<\/p>\n<p>Burke Bros is een familiebedrijf van de gebroeders Burke, Gary en Chris. Veel van hun werknemers zijn al meer dan 20 jaar bij hen in dienst. Het bedrijf zegt trots te zijn op zijn zorgzame benadering van elke verhuizing.<\/p>\n<p>Groene zaken zijn een belangrijk onderdeel van het bedrijf en Burke Bros heeft recycling en afvalbeheer ge\u00efntroduceerd voor klanten om hun koolstofvoetafdruk te verkleinen.<\/p>\n<p>Burke Bros. Affiliaties en accreditaties:<\/p>\n<ul>\n<li> <a href=\"https:\/\/moverdb.com\/nl\/british-association-of-removers\/\">Britse Vereniging van Verhuizers<\/a> (<a href=\"https:\/\/moverdb.com\/nl\/british-association-of-removers\/\" data-internallinksmanager029f6b8e52c=\"9\" title=\"British Association of Removers (BAR) Uitgelegd\">BAR<\/a>)<\/li>\n<li> <a href=\"https:\/\/moverdb.com\/nl\/fidi-faim\/\">F\u00e9d\u00e9ration Internationale des D\u00e9m\u00e9nageurs Internationaux<\/a> (<a href=\"https:\/\/moverdb.com\/nl\/fidi-faim\/\" data-internallinksmanager029f6b8e52c=\"16\" title=\"FIDI &amp; FAIM (FIDI Geaccrediteerde Internationale Verhuizer) Uitgelegd\">FIDI<\/a>)<\/li>\n<li> <a href=\"https:\/\/moverdb.com\/nl\/ik-ben\/\">Internationale Vereniging van Verhuizers<\/a> (<a href=\"https:\/\/moverdb.com\/nl\/iam\/\" data-internallinksmanager029f6b8e52c=\"23\" title=\"Internationale Vereniging van Verhuizers (IAM) Uitgelegd\">IAM<\/a>)<\/li>\n<li> Pan American International Movers Association (PAIMA)<\/li>\n<li> De <a href=\"https:\/\/moverdb.com\/nl\/bar-overzee\/\">Britse Vereniging voor Verhuizingen Overzee<\/a><\/li>\n<li> BS5750<\/li>\n<li> TSI<\/li>\n<\/ul>\n<p><strong>Burke Bros Beoordelingen<\/strong><\/p>\n<p><strong>Positief<\/strong><\/p>\n<ul>\n<li> <em>\"We wilden een bedankje sturen voor de geweldige service die we zojuist hebben ervaren tijdens onze verhuizing van Engeland naar <a href=\"https:\/\/moverdb.com\/nl\/moving-to-france\/\" data-internallinksmanager029f6b8e52c=\"315\" title=\"Verhuizen naar Frankrijk? 2023 Woonkosten &amp; Verhuizingstips\">Frankrijk<\/a>. We konden ons geen betere jongens wensen om te laden en lossen voor... <a href=\"https:\/\/moverdb.com\/nl\/moving-to-the-united-states\/\" data-internallinksmanager029f6b8e52c=\"94\" title=\"Verhuizen naar de Verenigde Staten? 2022 Kosten van levensonderhoud en relocatietips\">ons<\/a>.\"<\/em> - Sue &amp; David via Burke Bros <a href=\"http:\/\/burkebros.co.uk\/about_us\/testimonials\/\" target=\"_blank\" rel=\"noopener\">getuigenispagina<\/a><\/li>\n<li> <em>\"We hebben Burke Bros gebruikt om ons te verhuizen van het Verenigd Koninkrijk naar de Dordogne in Frankrijk, niet omdat ze redelijk waren met hun kosten, dat waren ze, maar de professionele manier waarop ze de klus van begin tot eind hebben geklaard.\"<\/em> - Malcolm via <a href=\"https:\/\/www.yell.com\/biz\/burke-bros-worldwide-moving-group-wolverhampton-900810900\/\" target=\"_blank\" rel=\"noopener\">Yell<\/a><\/li>\n<\/ul>\n<p><strong>Negatief <\/strong><\/p>\n<ul>\n<li> <em>De slechtste verhuiservaring in 35 jaar (8 verhuizingen)<\/em> - Mr D Neal via <a href=\"http:\/\/www.removalreviews.co.uk\/movingreviews\/appalling-12193\" target=\"_blank\" rel=\"noopener\">Verhuizing Beoordelingen<\/a><\/li>\n<li> \"Verspil je geld niet.\" - Thibit via <a href=\"https:\/\/www.yell.com\/biz\/burke-bros-worldwide-moving-group-wolverhampton-900810900\/\" target=\"_blank\" rel=\"noopener\">Yell<\/a><\/li>\n<\/li>\n<\/ul>\n<div itemprop=\"review\" itemscope itemtype=\"http:\/\/schema.org\/Review\">\n<span itemprop=\"author\" itemscope=\"\" itemtype=\"http:\/\/schema.org\/Organization\"><span itemprop=\"name\">MoverDB.com<\/span><\/span> Online Website Review voor <span itemprop=\"itemreviewed\" itemscope=\"\" itemtype=\"http:\/\/schema.org\/Brand\"><span itemprop=\"name\">Burke Bros Verhuisgroep<\/span><\/span>:<\/p>\n<ol>\n<li> Duidelijke contactgegevens op de website (inclusief telefoonnummer): <strong>Ja<\/strong><\/li>\n<li> Gemakkelijk te krijgen <a href=\"https:\/\/moverdb.com\/nl\/citaten\/\">internationale verhuizingsoffertes<\/a>? (Online aanvraagformulier): <strong>Ja<\/strong><\/li>\n<li> Duidelijke informatie op de website: <strong>Ja,<\/strong> inclusief gidsen over de verschillende landen die zij bedienen.<\/li>\n<li> Lidmaatschap bij internationaal erkende verhuisorganisaties: <strong>Ja<\/strong>zie boven.<\/li>\n<li> Lijst van klanten en\/of getuigenissen van vorige klanten: <strong>Sommige,<\/strong> zij hebben een select aantal getuigenissen op hun website, met over het algemeen positieve recensies op andere websites.<\/li>\n<\/ol>\n<div itemprop=\"reviewRating\" itemscope itemtype=\"http:\/\/schema.org\/Rating\"><meta itemprop=\"worstRating\" content = \"0\" \/><meta itemprop=\"bestRating\" content=\"5\" \/><meta itemprop=\"ratingValue\" content=\"4.5\"><\/div>\n<p><strong>Totale score: 4.5\/5<\/strong><br \/>\n<strong>Herzieningsdatum:<\/strong> <span itemprop=\"datePublished\" content=\"2016-09-03\">03\/09\/2016<\/span>\n<\/div>\n<p>Lees meer over <a href=\"https:\/\/moverdb.com\/nl\/internationale-verhuizingen\/\">internationale verhuizingen<\/a> en onze <a href=\"https:\/\/moverdb.com\/nl\/reviews\/\">evaluatieproces.<\/a>.<\/p>\n<p><strong>Website:<\/strong> <a href=\"http:\/\/burkebros.co.uk\/\" target=\"_blank\" rel=\"noopener\">http:\/\/burkebros.co.uk<\/a><\/p>","protected":false},"excerpt":{"rendered":"<p>Burke Bros are worldwide movers, storers, shippers and global relocation experts. Listed below are the services they offer, followed by a company profile and various reviews. Corporate and Personal International Removals Dedicated corporate team Comprehensive door to door service Free moving survey Network of reputable relocation experts world wide Dedicated export packing team International quarantine [&hellip;]<\/p>\n","protected":false},"author":1,"featured_media":0,"parent":0,"menu_order":0,"comment_status":"closed","ping_status":"closed","template":"","meta":{"_genesis_hide_title":false,"_genesis_hide_breadcrumbs":false,"_genesis_hide_singular_image":false,"_genesis_hide_footer_widgets":false,"_genesis_custom_body_class":"","_genesis_custom_post_class":"","_genesis_layout":"","footnotes":""},"class_list":{"0":"post-920","1":"page","2":"type-page","3":"status-publish","5":"entry"},"_links":{"self":[{"href":"https:\/\/moverdb.com\/nl\/wp-json\/wp\/v2\/pages\/920","targetHints":{"allow":["GET"]}}],"collection":[{"href":"https:\/\/moverdb.com\/nl\/wp-json\/wp\/v2\/pages"}],"about":[{"href":"https:\/\/moverdb.com\/nl\/wp-json\/wp\/v2\/types\/page"}],"author":[{"embeddable":true,"href":"https:\/\/moverdb.com\/nl\/wp-json\/wp\/v2\/users\/1"}],"replies":[{"embeddable":true,"href":"https:\/\/moverdb.com\/nl\/wp-json\/wp\/v2\/comments?post=920"}],"version-history":[{"count":5,"href":"https:\/\/moverdb.com\/nl\/wp-json\/wp\/v2\/pages\/920\/revisions"}],"predecessor-version":[{"id":6189,"href":"https:\/\/moverdb.com\/nl\/wp-json\/wp\/v2\/pages\/920\/revisions\/6189"}],"wp:attachment":[{"href":"https:\/\/moverdb.com\/nl\/wp-json\/wp\/v2\/media?parent=920"}],"curies":[{"name":"wp","href":"https:\/\/api.w.org\/{rel}","templated":true}]}}