{"id":906,"date":"2018-01-30T05:37:29","date_gmt":"2018-01-30T05:37:29","guid":{"rendered":"http:\/\/moverdb.com\/?page_id=906"},"modified":"2026-01-08T14:48:24","modified_gmt":"2026-01-08T14:48:24","slug":"vos-verhuizing","status":"publish","type":"page","link":"https:\/\/moverdb.com\/nl\/fox-moving\/","title":{"rendered":"Fox Verhuizingen &amp; Opslag: Internationale Verhuizingen Beoordelingen"},"content":{"rendered":"<p>Fox Moving &amp; Storage is gevestigd in Cwmbran, Wales. Hieronder vindt u een overzicht van hun diensten, zowel internationaal als lokaal, samen met een bedrijfsprofiel en reviews.<\/p>\n<p><strong>Verhuizen naar het buitenland - bedrijven en particulieren<\/strong><\/p>\n<ul>\n<li> Persoonlijk <a href=\"https:\/\/moverdb.com\/nl\/international-removals\/\" data-internallinksmanager029f6b8e52c=\"27\" title=\"36 Beste internationale verhuisbedrijven in Groot-Brittanni\u00eb\">internationale verhuizingen<\/a> agent<\/li>\n<li> Uitgebreide offerte, verhuisschema en tijdschema<\/li>\n<li> Deskundig verpakkingsteam<\/li>\n<li> Verzorgt douane- en accijnsdocumentatie<\/li>\n<li> Plaatselijke agenten ter beschikking in het land van bestemming<\/li>\n<\/ul>\n<p><strong>Verhuizen naar Europa - bedrijven en particulieren<\/strong><\/p>\n<ul>\n<li> Persoonlijk Europees verhuisteam<\/li>\n<li> Uitgebreide offerte en verhuisschema<\/li>\n<li> Deskundig verpakkingsteam<\/li>\n<li> Kleine ladingen aanvaard <\/li>\n<li> Leveringen over de weg naar het Europese vasteland<\/li>\n<li> Leveringen aan eilanden voor de kust per veerboot of zeecontainer<\/li>\n<li> Leveringen aan Oost-Europa per zeecontainer en\/of over de weg<\/li>\n<li> Invoer- en douane-informatie, indien van toepassing<\/li>\n<\/ul>\n<p><strong>Internationale en lokale verhuisspecialisten voor bedrijven en kantoren<\/strong><\/p>\n<ul>\n<li> Een senior commercieel vertegenwoordiger wordt toegewezen<\/li>\n<li> Gedetailleerde offerte en werkschema<\/li>\n<li> Speciaal ontworpen kratten voor papierwerk en het verwijderen van kleine voorwerpen<\/li>\n<li> Volledig assortiment van kratten (verzegeld en met deksel), verpakkingsmateriaal, trolleys, beschermhoezen en wagens<\/li>\n<li> IT-apparatuur volledig beschermd<\/li>\n<li> IT-personeel aanwezig om computers uit elkaar te halen en weer in elkaar te zetten<\/li>\n<li> Archief en opslag van documenten<\/li>\n<li> Demontage en hermontage van bureaus, werkstations en stellingen<\/li>\n<li> Complete wereldwijde en Europese verzendservice plus IT- en communicatiediensten<\/li>\n<\/ul>\n<p><strong>Bewegen binnen de <a href=\"https:\/\/moverdb.com\/nl\/moving-to-the-uk\/\" data-internallinksmanager029f6b8e52c=\"93\" title=\"Verhuizen naar het Verenigd Koninkrijk? 2022 Kosten van levensonderhoud en relocatietips\">UK<\/a><\/strong><\/p>\n<ul>\n<li> Toegewezen een persoonlijke UK verhuizer<\/li>\n<li> Gedetailleerde schriftelijke offerte<\/li>\n<li> Service van deur tot deur<\/li>\n<li> Expert inpakkers<\/li>\n<li> Verpakkingsmateriaal kan worden verstrekt<\/li>\n<li> Verzekering geregeld<\/li>\n<li> Opslag geregeld<\/li>\n<\/ul>\n<p><strong>Opslag Oplossingen<\/strong><\/p>\n<ul>\n<li> Zakelijke, commerci\u00eble en particuliere self-storage units<\/li>\n<li> Containeropslag<\/li>\n<li> Opslag voor studenten<\/li>\n<li> Zakelijke opslag<\/li>\n<li> Archiefopslag<\/li>\n<li> 24-uurs CCTV bewaking<\/li>\n<li> Toegang tijdens de werkuren<\/li>\n<\/ul>\n<p>Zij zijn ook <a href=\"https:\/\/moverdb.com\/nl\/atlas-van-lijnen-internationaal\/\" rel=\"noopener\" target=\"_blank\">Atlas Van Lines<\/a> agent in het Verenigd Koninkrijk.<\/p>\n<h2>Fox Verhuizingen &amp; Opslag<\/h2>\n<p>Fox Moving &amp; Storage werd in 1971 opgericht door Roy Fox. Zijn familie was al sinds de jaren twintig actief in de verhuis- en opslagbranche. Sinds de oprichting is het bedrijf uitgegroeid van een klein familiebedrijf in Zuid-Wales tot een bedrijf dat nu voldoet aan de behoeften van internationale en lokale zakelijke en persoonlijke klanten. Het bedrijf wordt nu geleid door de zoon en twee kleinzonen van Roy Fox. <\/p>\n<p>Fox Verhuizingen &amp; Opslag belooft zijn zaken te doen op een manier die volledig respect toont voor het milieu, zijn werknemers en het meest belangrijk, zijn klanten. Ze beloven ook om een veilige en effici\u00ebnte werkomgeving te bieden die niet alleen hun personeel maar ook hun klanten ten goede komt.<\/p>\n<p>Fox Moving's affiliaties en accreditaties:<\/p>\n<ul>\n<li> <a href=\"https:\/\/moverdb.com\/nl\/british-association-of-removers\/\">De Britse Vereniging van Verhuizers<\/a> (<a href=\"https:\/\/moverdb.com\/nl\/british-association-of-removers\/\" data-internallinksmanager029f6b8e52c=\"9\" title=\"British Association of Removers (BAR) Uitgelegd\">BAR<\/a>)<\/li>\n<li> Instituut voor handelsnormen (TSI)<\/li>\n<li> <a href=\"https:\/\/moverdb.com\/nl\/bar-overzee\/\">De Britse Vereniging van Verhuizers Overzeese Groep<\/a><\/li>\n<li> <a href=\"https:\/\/moverdb.com\/nl\/fidi-faim\/\">F\u00e9d\u00e9ration Internationale des D\u00e9m\u00e9nageurs Internationaux<\/a> (<a href=\"https:\/\/moverdb.com\/nl\/fidi-faim\/\" data-internallinksmanager029f6b8e52c=\"16\" title=\"FIDI &amp; FAIM (FIDI Geaccrediteerde Internationale Verhuizer) Uitgelegd\">FIDI<\/a>)<\/li>\n<li> <a href=\"https:\/\/moverdb.com\/nl\/fidi-faim\/\">FIDI Geaccrediteerde Internationale Verhuizer<\/a> (FAIM)<\/li>\n<li> Quality Assured Service Standaard - Bedrijfsverhuizingen<\/li>\n<li> Kwaliteitsnorm voor verzekerde diensten - Kwaliteitsbeheerssystemen<\/li>\n<li> Kwaliteitsnorm voor diensten - Milieubeheersystemen<\/li>\n<\/ul>\n<h2>Fox Verhuizingen &amp; Opslag Beoordelingen<\/h2>\n<p><strong>Positief<\/strong><\/p>\n<ul>\n<li> <em>\"Vriendelijke en effici\u00ebnte verhuisploeg.\"<\/em> - De heer Hamer via <a href=\"http:\/\/www.fox-moving.com\/reviews\/\" target=\"_blank\" rel=\"noopener\">Fox Verhuis reviews pagina<\/a><\/li>\n<li> <em>\"Uitstekende, professionele en hoffelijke service. Geen enkele klacht; alles verliep volgens een effici\u00ebnt plan. Vossen is niet 'de goedkoopste'; maar je krijgt waar je voor betaalt - kwaliteit !\"<\/em> - Patricia via <a href=\"http:\/\/ww2.feefo.com\/en-us\/reviews\/fox-moving\/571f3e07498e08d16aafb163\/customer-review-top-notch-service\" target=\"_blank\" rel=\"noopener\">Feefo<\/a><\/li>\n<li> <em>\"De service die ik van Fox kreeg was onge\u00ebvenaard - van mijn eerste aanvraag tot en met de afronding. Ik moet ook zeggen een bijzonder woord van dank aan mijn verhuizers op de dag. \"<\/em> - Beverley via <a href=\"http:\/\/trustedtraders.which.co.uk\/businesses\/fox-moving-storage-cwmbran\/\" target=\"_blank\" rel=\"noopener\">Vertrouwde handelaren<\/a><\/li>\n<li> <em>\"We zijn 6 keer verhuisd in evenveel jaar. Onze laatste verhuizing was van Wenen naar <a href=\"https:\/\/moverdb.com\/nl\/moving-to-london\/\">Londen<\/a> en het was de beste verhuizing die we ooit hebben meegemaakt en we kunnen Fox niet genoeg bedanken.\"<\/em> - Sarah via Facebook.<\/li>\n<\/ul>\n<p><strong>Negatief<\/strong><\/p>\n<ul>\n<li> <em>\"Mijn vrouw en ik waren geschokt door de slechte service die we kregen. De bemanning ging onzorgvuldig om met onze bezittingen en deed niets om ons te beschermen tegen het verschrikkelijke weer op de betreffende dagen.\"<\/em> - Anthony via  <a href=\"http:\/\/ww2.feefo.com\/en-us\/reviews\/fox-moving\/571f3e07498e08d16aafb1a9\/customer-review-a-shockingly-bad-service\" target=\"_blank\" rel=\"noopener\">Feefo<\/a><\/li>\n<li> <em>\"Veel schade veroorzaakt aan goederen door verhuizers. Niet veel zorg aan besteed. Spullen overal achtergelaten, ook buiten\"<\/em> - Paul via <a href=\"http:\/\/trustedtraders.which.co.uk\/businesses\/fox-moving-storage-cwmbran\/\" target=\"_blank\" rel=\"noopener\">Vertrouwde handelaren<\/a><\/li>\n<li> <em>\"Schokkend bedrijf. De verhuizers maakten de hele dag ruzie, kibbelden en vloekten tegen elkaar waardoor de hele toch al stressvolle verhuizing een nachtmerrie werd.\"<\/em> - Mike via <a href=\"https:\/\/www.yell.com\/biz\/fox-moving-and-storage-ltd-cwmbran-6113370\/\" target=\"_blank\" rel=\"noopener\">Yell<\/a><\/li>\n<\/ul>\n<div itemprop=\"review\" itemscope itemtype=\"http:\/\/schema.org\/Review\">\n<span itemprop=\"author\" itemscope=\"\" itemtype=\"http:\/\/schema.org\/Organization\"><span itemprop=\"name\">MoverDB.com<\/span><\/span> Online Website Review voor <span itemprop=\"itemreviewed\" itemscope=\"\" itemtype=\"http:\/\/schema.org\/Brand\"><span itemprop=\"name\">Fox Verhuizingen &amp; Opslag<\/span><\/span>:<\/p>\n<ol>\n<li> Duidelijke contactgegevens op de website (inclusief telefoonnummer): <strong>Ja<\/strong><\/li>\n<li> Gemakkelijk te krijgen <a href=\"https:\/\/moverdb.com\/nl\/citaten\/\">internationale verhuizingsoffertes<\/a>? (Online aanvraagformulier): <strong>Ja<\/strong><\/li>\n<li> Duidelijke informatie op de website: <strong>Ja<\/strong>, De website staat vol met nuttige informatie en heeft een informatieve blog.<\/li>\n<li> Lidmaatschap bij internationaal erkende verhuisorganisaties: <strong>Ja<\/strong>zie boven<\/li>\n<li> Lijst van klanten en\/of getuigenissen van vorige klanten: <strong>Ja<\/strong>Er is een pagina gewijd aan getuigenissen van klanten op de site en de recensies van over het hele web zijn over het algemeen zeer positief met slechts een paar negatieve recensies.<\/li>\n<\/ol>\n<div itemprop=\"reviewRating\" itemscope itemtype=\"http:\/\/schema.org\/Rating\"><meta itemprop=\"worstRating\" content = \"0\" \/><meta itemprop=\"bestRating\" content=\"5\" \/><meta itemprop=\"ratingValue\" content=\"5\"><\/div>\n<p><strong>Totale score: 5\/5<\/strong><br \/>\n<strong>Herzieningsdatum:<\/strong> <span itemprop=\"datePublished\" content=\"2018-01-30\">30\/01\/18<\/span>\n<\/div>\n<p>Lees meer over <a href=\"https:\/\/moverdb.com\/nl\/internationale-verhuizingen\/\">internationale verhuizingen<\/a> en onze <a href=\"https:\/\/moverdb.com\/nl\/reviews\/\">evaluatieproces<\/a>.<\/p>\n<p><strong>Website:<\/strong> <a href=\"http:\/\/www.fox-moving.com\/\" target=\"_blank\" rel=\"noopener\">http:\/\/www.fox-moving.com\/<\/a><\/p>","protected":false},"excerpt":{"rendered":"<p>Fox Moving &#038; Storage is based in Cwmbran, Wales. Below you will find a list of their services both internationally and locally, together with a company profile and reviews. Moving Internationally &#8211; Corporate and Individual Personal international removals agent Comprehensive quotation, moving schedule and timescale Expert packing team Provides customs and excise documentation Local agents [&hellip;]<\/p>\n","protected":false},"author":1,"featured_media":0,"parent":0,"menu_order":0,"comment_status":"closed","ping_status":"closed","template":"","meta":{"_genesis_hide_title":false,"_genesis_hide_breadcrumbs":false,"_genesis_hide_singular_image":false,"_genesis_hide_footer_widgets":false,"_genesis_custom_body_class":"","_genesis_custom_post_class":"","_genesis_layout":"","footnotes":""},"class_list":{"0":"post-906","1":"page","2":"type-page","3":"status-publish","5":"entry"},"_links":{"self":[{"href":"https:\/\/moverdb.com\/nl\/wp-json\/wp\/v2\/pages\/906","targetHints":{"allow":["GET"]}}],"collection":[{"href":"https:\/\/moverdb.com\/nl\/wp-json\/wp\/v2\/pages"}],"about":[{"href":"https:\/\/moverdb.com\/nl\/wp-json\/wp\/v2\/types\/page"}],"author":[{"embeddable":true,"href":"https:\/\/moverdb.com\/nl\/wp-json\/wp\/v2\/users\/1"}],"replies":[{"embeddable":true,"href":"https:\/\/moverdb.com\/nl\/wp-json\/wp\/v2\/comments?post=906"}],"version-history":[{"count":9,"href":"https:\/\/moverdb.com\/nl\/wp-json\/wp\/v2\/pages\/906\/revisions"}],"predecessor-version":[{"id":6211,"href":"https:\/\/moverdb.com\/nl\/wp-json\/wp\/v2\/pages\/906\/revisions\/6211"}],"wp:attachment":[{"href":"https:\/\/moverdb.com\/nl\/wp-json\/wp\/v2\/media?parent=906"}],"curies":[{"name":"wp","href":"https:\/\/api.w.org\/{rel}","templated":true}]}}