{"id":435,"date":"2016-06-12T14:17:13","date_gmt":"2016-06-12T14:17:13","guid":{"rendered":"http:\/\/moverdb.com\/?page_id=435"},"modified":"2026-01-08T14:47:40","modified_gmt":"2026-01-08T14:47:40","slug":"afra","status":"publish","type":"page","link":"https:\/\/moverdb.com\/nl\/afra\/","title":{"rendered":"Australische Vereniging voor Meubelverhuizers (AFRA) Uitgelegd"},"content":{"rendered":"<p>De Australian Furniture Removers Association (AFRA) beschrijft zichzelf als vertegenwoordiger van en toezichthouder op de verhuisbranche in de Verenigde Staten. <a href=\"https:\/\/moverdb.com\/nl\/moving-to-australia\/living-in-australia\/\" data-internallinksmanager029f6b8e52c=\"240\" title=\"21 geheimen over wonen in Australi\u00eb om te weten voordat je verhuist\">Australi\u00eb<\/a>. <\/p>\n<p>Het heeft een groot geografisch bereik in Australi\u00eb en wordt vaak genoemd als een teken van kwaliteit.<\/p>\n<p><strong>Belangrijke feiten over de AFRA:<\/strong><\/p>\n<ol>\n<li>  Momenteel zijn ongeveer 350 meubelverhuizers en aanverwante bedrijven lid van AFRA.<\/li>\n<li>  Het AFRA-lidmaatschap bestrijkt vrijwel elke regio van Australi\u00eb - maar geen internationale locaties.<\/li>\n<li>  Auditing is iets dat AFRA leden op regelmatige basis moeten ondergaan. Er is een eerste audit die plaatsvindt bij de aanvraag van het lidmaatschap, gevolgd door een audit 12 maanden na aanvaarding en daarna een audit om de vier jaar. Als uit de audits blijkt dat leden niet aan de basisvereisten voldoen, is er een periode van 21 dagen om dit te corrigeren voordat AFRA disciplinaire maatregelen tegen haar leden kan nemen.<\/li>\n<li>  AFRA-leden zijn divers, van kleine eigenaarsbedrijven met \u00e9\u00e9n vrachtwagen, tot grote multinationals met veel vestigingen in Australi\u00eb en <a href=\"https:\/\/moverdb.com\/nl\/verhuisbedrijven\/\">overzees<\/a>.<\/li>\n<li>  AFRA heeft bepaalde basisvereisten waaraan de leden moeten voldoen en deze zijn veelomvattend, en hebben betrekking op alles van lokalen tot personeel, voertuigen, uitrusting en verzekering.<\/li>\n<li>  Indien klachten of claims niet door de leden worden opgelost, kunnen zij door de klant naar AFRA worden doorverwezen.<\/li>\n<li>  Alle AFRA leden hebben een aansprakelijkheidsverzekering en zijn gemachtigd om een transportverzekering af te sluiten voor alle goederen en inboedels die worden verhuisd.<\/li>\n<\/ol>\n<p><strong>Australische Meubel Verhuizers Vereniging profiel:<\/strong><\/p>\n<p>AFRA is een officieel orgaan van verhuisdeskundigen dat accreditatie verleent aan leden die op zoek zijn naar een betrouwbaar teken van kwaliteit om aan consumenten te tonen. <\/p>\n<p>Alleen verhuizers die beschikken over de juiste uitrusting, voertuigen, lokalen en personeelstraining om een professionele verhuizing uit te voeren, ontvangen een AFRA lidmaatschapsaccreditatie. Zodra de accreditatie is ontvangen, blijft de organisatie haar leden beoordelen om ervoor te zorgen dat de normen niet zijn afgezwakt. <\/p>\n<p>De eisen die AFRA aan haar leden stelt, zijn bedoeld om de verhuisbranche een betere plek te maken voor consumenten wat betreft factoren als financi\u00eble bescherming en goede service. AFRA biedt alleen lidmaatschap aan Australische bedrijven, maar zij mogen klanten bedienen die binnen Australi\u00eb verhuizen of <a href=\"https:\/\/moverdb.com\/nl\/internationale-verhuizingen\/\">overzees<\/a>. <\/p>\n<p>Als onderdeel van haar lidmaatschapsvoordelen biedt AFRA training, informatie en begeleiding voor leden, alsmede een bron van informatie over het laatste nieuws en veranderingen die van invloed zijn op de industrie.<\/p>\n<p><strong>Criteria voor lidmaatschap:<\/strong><\/p>\n<p>De lidmaatschapscriteria worden niet op de website vermeld, maar op het aanvraagformulier (dat evenmin op de website beschikbaar is). Een lidmaatschapspakket kan worden verkregen bij <a href=\"mailto:admin@afra.com.au\">admin@afra.com.au<\/a>.<\/p>\n<p>Elke onderneming zal, voordat het lidmaatschap wordt toegekend, aan een audit worden onderworpen.<\/p>\n<p><strong>Aangesloten bedrijven<\/strong><\/p>\n<ul>\n<li> <a href=\"https:\/\/moverdb.com\/nl\/conroy-verhuizingen\/\">Conroy Verhuizingen<\/a><\/li>\n<\/ul>\n<p><strong>Meningen over AFRA:<\/strong><\/p>\n<p>AFRA wordt gezien als een indicator van een kwaliteitsbedrijf en wordt door overheidswebsites voorgesteld als een manier om te garanderen dat een verhuizer over de juiste middelen, normen en vaardigheden beschikt om een verhuizing uit te voeren. <\/p>\n<p>Het feit dat AFRA alleen diegenen erkent die in staat zijn een verhuizing professioneel uit te voeren, wordt als belangrijk gezien, evenals de eisen voor AFRA-leden om bescherming te hebben, zoals diverse verzekeringen. <\/p>\n<p>Er wordt op gewezen dat als een bedrijf lid is van AFRA, dit zijn klanten de mogelijkheid biedt toegang te krijgen tot AFRA-informatie en de geruststelling van de geschillenbeslechtingsdienst. In het online-advies wordt erop gewezen dat \"alle grote nationale <a href=\"https:\/\/moverdb.com\/nl\/international-removals\/\" data-internallinksmanager029f6b8e52c=\"27\" title=\"36 Beste internationale verhuisbedrijven in Groot-Brittanni\u00eb\">verhuisbedrijven<\/a> zijn toegewijd aan het AFRA ideaal.\" <\/p>\n<p>Het gebruik van een AFRA-lid verhuizer is een van de tips voor verhuizing die door een <a href=\"https:\/\/www.allianz.com.au\/home-insurance\/news\/6-tips-on-how-to-hire-the-best-removalists\" target=\"_blank\" rel=\"noopener\">grote financi\u00eble dienstverlener<\/a>, die het punt maakt dat de Australische wet niet vereist dat verhuizers een verzekering hebben, maar AFRA wel. Het waardeert ook het feit dat AFRA leden op de hoogte zijn van de laatste ontwikkelingen en gehouden worden aan minimum normen.<\/p>\n<blockquote><p>Verhuizers die door AFRA zijn erkend, moeten voldoen aan bepaalde normen met betrekking tot uitrusting, voertuigen, lokalen en opleiding van het personeel die nodig zijn om een professionele verhuizing uit te voeren.<\/p><\/blockquote>\n<p>- <a href=\"http:\/\/www.fairtrading.nsw.gov.au\/ftw\/Consumers\/Buying_services\/Hiring_a_removalist.page\" target=\"_blank\" rel=\"noopener\">NSW-regering<\/a><\/p>\n<blockquote><p>AFRA is een officieel orgaan van verhuisdeskundigen in Australi\u00eb dat helpt bij het reguleren van de verhuisbranche. AFRA erkent alleen de verhuizers die beschikken over de nodige uitrusting, voertuigen, lokalen en opleiding van het personeel die nodig zijn om een professionele verhuizing uit te voeren.<\/p><\/blockquote>\n<p>- <a href=\"http:\/\/www.ashtons.com.au\/afra-accreditation.html\" target=\"_blank\" rel=\"noopener\">Ashtons Verhuizingen<\/a><\/p>\n<p><strong>Website:<\/strong> <a href=\"http:\/\/www.afra.com.au\/\" target=\"_blank\" rel=\"noopener\">http:\/\/www.afra.com.au\/<\/a><\/p>\n<h2>Andere nuttige gidsen voor Australi\u00eb<\/h2>\n<ul>\n<li> <a href=\"https:\/\/moverdb.com\/nl\/containerverscheping\/australie\/\">2024 Zeevracht Containervervoer Tarieven Van &amp; Naar Australi\u00eb<\/a><\/li>\n<li> <a href=\"https:\/\/moverdb.com\/nl\/verhuisbedrijven\/australie-2\/\">17 Beste internationale verhuisbedrijven in Australi\u00eb<\/a><\/li>\n<li> <a href=\"https:\/\/moverdb.com\/nl\/beste-internationale-geldovermakingsdiensten\/money-transfer-companies-australia\/\">10 beste geldoverboekingsbedrijven in Australi\u00eb<\/a><\/li>\n<li> <a href=\"https:\/\/moverdb.com\/nl\/verhuizen-naar-australie\/\">Verhuizen naar Australi\u00eb? 2024 Woonkosten &amp; Verhuizingstips<\/a><\/li>\n<li> <a href=\"https:\/\/moverdb.com\/nl\/verhuizen-naar-australie\/best-places-to-live-australia\/\">13 beste plaatsen om te wonen in Australi\u00eb<\/a><\/li>\n<li> <a href=\"https:\/\/moverdb.com\/nl\/verhuizen-naar-australie\/wonen-in-australie\/\">21 geheimen over wonen in Australi\u00eb om te weten voordat je verhuist<\/a><\/li>\n<li> <a href=\"https:\/\/moverdb.com\/nl\/verhuizen-naar-australie\/moving-to-australia-from-the-us\/\">Verhuizen naar Australi\u00eb vanuit de Verenigde Staten<\/a><\/li>\n<li> <a href=\"https:\/\/moverdb.com\/nl\/containerverscheping\/to-australia-from-the-united-states\/\">Kosten voor containervervoer naar Australi\u00eb vanuit de Verenigde Staten<\/a><\/li>\n<li> <a href=\"https:\/\/moverdb.com\/nl\/verhuizen-naar-australie\/moving-to-australia-from-the-uk\/\">Verhuizen van het VK naar Australi\u00eb<\/a><\/li>\n<li> <a href=\"https:\/\/moverdb.com\/nl\/containerverscheping\/to-australia-from-the-uk\/\">Kosten en tijden van containervervoer naar Australi\u00eb vanuit het Verenigd Koninkrijk<\/a><\/li>\n<li> <a href=\"https:\/\/moverdb.com\/nl\/verhuizen-naar-australie\/moving-to-australia-from-bahrain\/\">Verhuizen van Bahrein naar Australi\u00eb<\/a><\/li>\n<li> <a href=\"https:\/\/moverdb.com\/nl\/verhuizen-naar-australie\/moving-to-australia-from-the-uae\/\">Verhuizen naar Australi\u00eb vanuit Dubai en de VAE<\/a><\/li>\n<li> <a href=\"https:\/\/moverdb.com\/nl\/containerverscheping\/to-australia-from-dubai\/\">Container verschepen naar Australi\u00eb vanuit Dubai kosten en tijden<\/a><\/li>\n<li> <a href=\"https:\/\/moverdb.com\/nl\/containerverscheping\/to-australia-from-uae\/\">Container verschepen naar Australi\u00eb vanuit de VAE kosten en tijden<\/a><\/li>\n<li> <a href=\"https:\/\/moverdb.com\/nl\/verhuizen-naar-australie\/moving-to-australia-from-kuwait\/\">Verhuizen naar Australi\u00eb vanuit Koeweit<\/a><\/li>\n<li> <a href=\"https:\/\/moverdb.com\/nl\/verhuizen-naar-australie\/moving-to-australia-from-qatar\/\">Verhuizen van Qatar naar Australi\u00eb<\/a><\/li>\n<li> <a href=\"https:\/\/moverdb.com\/nl\/containerverscheping\/to-australia-from-qatar\/\">Container verschepen naar Australi\u00eb vanuit Qatar kosten en tijden<\/a><\/li>\n<li> <a href=\"https:\/\/moverdb.com\/nl\/verhuizen-naar-australie\/moving-to-perth\/\">Verhuizen naar Perth? 2024 Woonlasten &amp; Verhuizingstips<\/a><\/li>\n<li> <a href=\"https:\/\/moverdb.com\/nl\/verhuizen-naar-australie\/moving-to-australia-from-singapore\/\">Verhuizen naar Australi\u00eb vanuit Singapore<\/a><\/li>\n<li> <a href=\"https:\/\/moverdb.com\/nl\/containerverscheping\/to-australia-from-singapore\/\">Container verschepen naar Australi\u00eb vanuit Singapore kosten en tijden<\/a><\/li>\n<li> <a href=\"https:\/\/moverdb.com\/nl\/verhuizen-naar-australie\/moving-to-australia-from-south-africa\/\">Verhuizen van Zuid-Afrika naar Australi\u00eb<\/a><\/li>\n<li> <a href=\"https:\/\/moverdb.com\/nl\/containerverscheping\/to-australia-from-canada\/\">Kosten voor containervervoer van Canada naar Australi\u00eb<\/a><\/li>\n<li> <a href=\"https:\/\/moverdb.com\/nl\/containerverscheping\/to-australia-from-new-zealand\/\">Kosten voor containervervoer van Nieuw-Zeeland naar Australi\u00eb<\/a><\/li>\n<li> <a href=\"https:\/\/moverdb.com\/nl\/verhuizen-naar-australie\/moving-to-hobart\/\">Verhuizen naar Hobart? 2024 Woonlasten &amp; Verhuizingstips<\/a><\/li>\n<li> <a href=\"https:\/\/moverdb.com\/nl\/verhuizen-naar-australie\/moving-to-gold-coast\/\">Verhuizen naar Gold Coast? 2024 Woonlasten &amp; Verhuizingstips<\/a><\/li>\n<li> <a href=\"https:\/\/moverdb.com\/nl\/verhuizen-naar-australie\/moving-to-melbourne\/\">Verhuizen naar Melbourne? 2024 Woonlasten &amp; Verhuizingstips<\/a><\/li>\n<\/ul>","protected":false},"excerpt":{"rendered":"<p>The Australian Furniture Removers Association (AFRA) describes itself both as a representative of, and regulator of, the removals industry in Australia. It has broad geographic reach within Australia and is often cited as a mark of quality. Key facts about the AFRA: Currently, around 350 furniture removal and associated companies are members of AFRA. The [&hellip;]<\/p>\n","protected":false},"author":1,"featured_media":0,"parent":0,"menu_order":0,"comment_status":"closed","ping_status":"closed","template":"","meta":{"_genesis_hide_title":false,"_genesis_hide_breadcrumbs":false,"_genesis_hide_singular_image":false,"_genesis_hide_footer_widgets":false,"_genesis_custom_body_class":"","_genesis_custom_post_class":"","_genesis_layout":"","footnotes":""},"class_list":{"0":"post-435","1":"page","2":"type-page","3":"status-publish","5":"entry"},"_links":{"self":[{"href":"https:\/\/moverdb.com\/nl\/wp-json\/wp\/v2\/pages\/435","targetHints":{"allow":["GET"]}}],"collection":[{"href":"https:\/\/moverdb.com\/nl\/wp-json\/wp\/v2\/pages"}],"about":[{"href":"https:\/\/moverdb.com\/nl\/wp-json\/wp\/v2\/types\/page"}],"author":[{"embeddable":true,"href":"https:\/\/moverdb.com\/nl\/wp-json\/wp\/v2\/users\/1"}],"replies":[{"embeddable":true,"href":"https:\/\/moverdb.com\/nl\/wp-json\/wp\/v2\/comments?post=435"}],"version-history":[{"count":11,"href":"https:\/\/moverdb.com\/nl\/wp-json\/wp\/v2\/pages\/435\/revisions"}],"predecessor-version":[{"id":17997,"href":"https:\/\/moverdb.com\/nl\/wp-json\/wp\/v2\/pages\/435\/revisions\/17997"}],"wp:attachment":[{"href":"https:\/\/moverdb.com\/nl\/wp-json\/wp\/v2\/media?parent=435"}],"curies":[{"name":"wp","href":"https:\/\/api.w.org\/{rel}","templated":true}]}}