{"id":366,"date":"2016-05-22T20:25:26","date_gmt":"2016-05-22T20:25:26","guid":{"rendered":"http:\/\/moverdb.com\/?page_id=366"},"modified":"2026-01-08T14:47:18","modified_gmt":"2026-01-08T14:47:18","slug":"organisaties-verenigingen","status":"publish","type":"page","link":"https:\/\/moverdb.com\/nl\/organizations-associations\/","title":{"rendered":"28 Internationale Verhuis &amp; Transport Organisaties &amp; Verenigingen"},"content":{"rendered":"<p><img loading=\"lazy\" decoding=\"async\" width=\"720\" height=\"486\" src=\"https:\/\/moverdb.com\/wp-content\/uploads\/number-buttons.jpg\" alt=\"Internationale Verhuis &amp; Transport Organisaties &amp; Verenigingen\" class=\"aligncenter size-full wp-image-367\" srcset=\"https:\/\/moverdb.com\/wp-content\/uploads\/number-buttons.jpg 720w, https:\/\/moverdb.com\/wp-content\/uploads\/number-buttons-300x203.jpg 300w, https:\/\/moverdb.com\/wp-content\/uploads\/number-buttons-600x405.jpg 600w\" sizes=\"auto, (max-width: 720px) 100vw, 720px\" \/><\/p>\n<p>Hieronder vindt u een niet-uitputtende lijst van de belangrijkste internationale verhuis- en scheepvaartorganisaties, verenigingen, regelingen, gilden, raden enz.   <\/p>\n<ol>\n<li> <a href=\"https:\/\/moverdb.com\/nl\/ik-ben\/\">Internationale Vereniging van Verhuizers<\/a> (IAM) - De <a href=\"https:\/\/moverdb.com\/nl\/iam\/\" data-internallinksmanager029f6b8e52c=\"23\" title=\"Internationale Vereniging van Verhuizers (IAM) Uitgelegd\">Internationale Vereniging van Verhuizers<\/a> (IAM) is een wereldwijde handelsorganisatie met leden die verhuis-, expeditie-, verzendings-, logistieke en aanverwante diensten verlenen.<\/li>\n<li> <a href=\"https:\/\/moverdb.com\/nl\/fidi-faim\/\">FIDI &amp; FIDI Geaccrediteerde Internationale Verhuizer<\/a> (<a href=\"https:\/\/moverdb.com\/nl\/fidi-faim\/\" data-internallinksmanager029f6b8e52c=\"16\" title=\"FIDI &amp; FAIM (FIDI Geaccrediteerde Internationale Verhuizer) Uitgelegd\">FAIM<\/a>) - FIDI (F\u00e9d\u00e9ration Internationale des D\u00e9m\u00e9nageurs Internationaux; de Federatie van Internationale Verhuizers) is een wereldwijde overkoepelende organisatie van internationale verhuis- en verhuizingsondernemingen.<\/li>\n<li> <a href=\"https:\/\/moverdb.com\/nl\/amsa\/\">Amerikaanse Vereniging voor Verhuizingen en Opslag<\/a> (AMSA) - De <a href=\"https:\/\/moverdb.com\/nl\/amsa\/\" data-internallinksmanager029f6b8e52c=\"5\" title=\"American Moving &amp; Storage Association (AMSA) Uitgelegd\">Amerikaanse Vereniging voor Verhuizingen en Opslag<\/a> (AMSA) is de nationale handelsvereniging voor de Amerikaanse verhuisindustrie.<\/li>\n<li> <a href=\"https:\/\/moverdb.com\/nl\/velg-promover\/\">Geregistreerd Internationaal Verhuizer (RIM) \/ Internationale ProMover<\/a> - De Internationale <a href=\"https:\/\/moverdb.com\/nl\/rim-promover\/\" data-internallinksmanager029f6b8e52c=\"76\" title=\"RIM International ProMover Certificering Uitgelegd\">ProMover<\/a> De certificering maakt deel uit van het Registered International Mover (RIM) programma dat is opgezet door de American Moving &amp; Storage Association (AMSA).<\/li>\n<li> <a href=\"https:\/\/moverdb.com\/nl\/british-association-of-removers\/\">Britse Vereniging van Verhuizers<\/a> (BAR) - De <a href=\"https:\/\/moverdb.com\/nl\/british-association-of-removers\/\" data-internallinksmanager029f6b8e52c=\"9\" title=\"British Association of Removers (BAR) Uitgelegd\">Britse Vereniging van Verhuizers<\/a> (BAR) beschrijft zichzelf als de \"erkende stem van de professionele verhuisindustrie\" en het is een belangrijk orgaan in de <a href=\"https:\/\/moverdb.com\/nl\/moving-to-the-uk\/\" data-internallinksmanager029f6b8e52c=\"93\" title=\"Verhuizen naar het Verenigd Koninkrijk? 2022 Kosten van levensonderhoud en relocatietips\">UK<\/a> de verhuisindustrie.<\/li>\n<li> <a href=\"https:\/\/moverdb.com\/nl\/bar-overzee\/\">BAR Overzeese Groep<\/a> - <a href=\"https:\/\/moverdb.com\/nl\/bar-overseas\/\" data-internallinksmanager029f6b8e52c=\"10\" title=\"British Association of Removers (BAR) Overzeese Groep Uitleg\">BAR Overzee<\/a> Group maakt deel uit van de British Association of Removers (BAR), die zich inzet voor de bevordering van professionele uitmuntendheid in de verhuisbranche.<\/li>\n<li> <a href=\"https:\/\/moverdb.com\/nl\/mtc\/\">Movers Trading Club<\/a> (<a href=\"https:\/\/moverdb.com\/nl\/mtc\/\" data-internallinksmanager029f6b8e52c=\"30\" title=\"Movers Trading Club (MTC) Uitgelegd\">MTC<\/a>) - Voor ondernemingen die lid zijn van de BAR Overseas Group, om te helpen <a href=\"https:\/\/moverdb.com\/nl\/verhuiskosten\/\">verhuiskosten<\/a> naar de <a href=\"https:\/\/moverdb.com\/nl\/moving-to-the-united-states\/\" data-internallinksmanager029f6b8e52c=\"94\" title=\"Verhuizen naar de Verenigde Staten? 2022 Kosten van levensonderhoud en relocatietips\">US<\/a> uit het Verenigd Koninkrijk.<\/li>\n<li> <a href=\"https:\/\/moverdb.com\/nl\/canadian-association-of-movers\/\">Canadese Vereniging van Verhuizers<\/a> (CAM) - De <a href=\"https:\/\/moverdb.com\/nl\/canadian-association-of-movers\/\" data-internallinksmanager029f6b8e52c=\"11\" title=\"Canadese Associatie van Verhuizers (CAM) Uitgelegd\">Canadese Vereniging van Verhuizers<\/a> is <a href=\"https:\/\/moverdb.com\/nl\/moving-to-canada\/\" data-internallinksmanager029f6b8e52c=\"265\" title=\"Verhuizen naar Canada? 2023 Woonkosten &amp; Verhuizingstips\">Canada<\/a>de beroepsvereniging die verhuis- en opslagbedrijven vertegenwoordigt. <\/li>\n<li> <a href=\"https:\/\/moverdb.com\/nl\/aima\/\">Australische Internationale Verhuizers Associatie<\/a> (AIMA) - De <a href=\"https:\/\/moverdb.com\/nl\/aima\/\" data-internallinksmanager029f6b8e52c=\"8\" title=\"Australische Internationale Verhuizers Associatie (AIMA) Uitgelegd\">Australische Internationale Verhuizers Associatie<\/a> (AIMA) beschrijft zichzelf als een professioneel forum voor de <a href=\"https:\/\/moverdb.com\/nl\/international-removals\/\" data-internallinksmanager029f6b8e52c=\"27\" title=\"36 Beste internationale verhuisbedrijven in Groot-Brittanni\u00eb\">internationale verhuizingen<\/a> industrie.<\/li>\n<li> <a href=\"https:\/\/moverdb.com\/nl\/afra\/\">Australische Meubel Verhuizers Vereniging<\/a> (AFRA) - De <a href=\"https:\/\/moverdb.com\/nl\/afra\/\" data-internallinksmanager029f6b8e52c=\"7\" title=\"Australische Vereniging voor Meubelverhuizers (AFRA) Uitgelegd\">Australische Meubel Verhuizers Vereniging<\/a> (AFRA) beschrijft zichzelf als vertegenwoordiger en regelgever van de verhuisbranche in <a href=\"https:\/\/moverdb.com\/nl\/moving-to-australia\/living-in-australia\/\" data-internallinksmanager029f6b8e52c=\"240\" title=\"21 geheimen over wonen in Australi\u00eb om te weten voordat je verhuist\">Australi\u00eb<\/a>.<\/li>\n<li> <a href=\"https:\/\/moverdb.com\/nl\/hgfaa\/\">Household Goods Forwarders Association of America<\/a> (HGFAA) - De <a href=\"https:\/\/moverdb.com\/nl\/hgfaa\/\" data-internallinksmanager029f6b8e52c=\"21\" title=\"Household Goods Forwarders Association of America (HGFAA) Uitleg\">Household Goods Forwarders Association of America<\/a> (HGFAA) beschrijft zichzelf als een wereldwijde vereniging van verhuizers die zich inzetten om ervoor te zorgen dat klanten de best mogelijke service krijgen tijdens hun verhuizing.<\/li>\n<li> <a href=\"https:\/\/moverdb.com\/nl\/ncbfaa\/\">National Customs Brokers &amp; Forwarders Association of America<\/a> (NCBFAA) - De <a href=\"https:\/\/moverdb.com\/nl\/ncbfaa\/\" data-internallinksmanager029f6b8e52c=\"73\" title=\"Nationale Vereniging van Douanemakelaars en Expediteurs van Amerika (NCBFAA)\">National Customs Brokers &amp; Forwarders Association of America<\/a> (NCBFAA) wordt gezien als de stem van de transportlogistieke industrie in Amerika.<\/li>\n<li> <a href=\"https:\/\/moverdb.com\/nl\/lacma\/\">Vereniging van Latijns-Amerikaanse en Caribische Internationale Verhuizers<\/a> (LACMA) - De <a href=\"https:\/\/moverdb.com\/nl\/lacma\/\" data-internallinksmanager029f6b8e52c=\"28\" title=\"Vereniging van Latijns-Amerikaanse en Caribische Internationale Verhuizers (LACMA)\">Vereniging van Latijns-Amerikaanse en Caribische Internationale Verhuizers<\/a> (LACIMA) vertegenwoordigt een verzameling verhuis- en relocatiebedrijven met het oog op de bevordering van de integratie van lokaal gevestigde bedrijven, alsook van andere over de hele wereld.<\/li>\n<li> <a href=\"https:\/\/moverdb.com\/nl\/iata\/\">Internationale vereniging voor luchtvervoer<\/a> (IATA) - De <a href=\"https:\/\/moverdb.com\/nl\/iata\/\" data-internallinksmanager029f6b8e52c=\"22\" title=\"Uitleg Internationale Luchtvervoersvereniging (IATA)\">Internationale vereniging voor luchtvervoer<\/a> (IATA) is de wereldwijde handelsassociatie voor de luchtvaartmaatschappijen van de wereld. Haar missie bestaat erin haar leden te leiden en te dienen, en hun belangen te behartigen op een manier die de luchthavenvervoersindustrie stimuleert.<\/li>\n<li> <a href=\"https:\/\/moverdb.com\/nl\/euromovers\/\">European Mover Partnership (EUROMOVERS International)<\/a> - <a href=\"https:\/\/moverdb.com\/nl\/euromovers\/\" data-internallinksmanager029f6b8e52c=\"12\" title=\"European Mover Partnership (EUROMOVERS International) toegelicht\">Euromovers<\/a> is gevestigd in <a href=\"https:\/\/moverdb.com\/nl\/moving-to-luxembourg\/\" data-internallinksmanager029f6b8e52c=\"349\" title=\"Verhuizen naar Luxemburg? 2023 Woonlasten &amp; Verhuizingstips\">Luxemburg<\/a> en bestaat uit een aantal vooraanstaande <a href=\"https:\/\/moverdb.com\/nl\/moving-companies\/\" data-internallinksmanager029f6b8e52c=\"79\" title=\"Top 25 Internationale Verhuisbedrijven Online\">internationale verhuisbedrijven<\/a> die een netwerk hebben gevormd op basis van gedeelde normen, visie en richting.<\/li>\n<li> <a href=\"https:\/\/moverdb.com\/nl\/personeelsverplaatsing-raad\/\">Wereldwijde ERC<\/a> (Employee Relocation Council) - De <a href=\"https:\/\/moverdb.com\/nl\/employee-relocation-council\/\" data-internallinksmanager029f6b8e52c=\"83\" title=\"Wereldwijde Raad voor bedrijfsverplaatsing (ERC) toegelicht\">Wereldwijde Raad voor de Verhuizing van Werknemers<\/a> (ERC) beschrijft zichzelf als de vereniging voor personeelsmobiliteit voor professionals die toezicht houden op, leiding geven aan of ondersteuning bieden bij de overplaatsing van werknemers in de VS en daarbuiten.<\/li>\n<li> <a href=\"https:\/\/moverdb.com\/nl\/harmonie-relocatie-netwerk\/\">Harmony Verhuisnetwerk<\/a> - De <a href=\"https:\/\/moverdb.com\/nl\/harmony-relocation-network\/\" data-internallinksmanager029f6b8e52c=\"20\" title=\"Harmony Relocatie Netwerk (HRN) Uitgelegd\">Harmony Verhuisnetwerk<\/a> (HRN) is een groep van partnerbedrijven die werd opgericht om een pan-Europees netwerk voor wereldwijde verhuizingen op te bouwen.<\/li>\n<li> <a href=\"https:\/\/moverdb.com\/nl\/eura\/\">Europese Vereniging voor verhuizing<\/a> (EuRA) - De <a href=\"https:\/\/moverdb.com\/nl\/eura\/\" data-internallinksmanager029f6b8e52c=\"13\" title=\"Europese Vereniging voor Verhuizingen (EuRA) toegelicht\">Europese Vereniging voor verhuizing<\/a> (EuRA) bevordert de voordelen van professioneel beheerde verhuis- en mobiliteitsdiensten voor bedrijven met wereldwijd mobiele werknemers.<\/li>\n<li> <a href=\"https:\/\/moverdb.com\/nl\/vereniging-relocatieprofessionals\/\">Vereniging van verhuizers<\/a> (ARP) - De <a href=\"https:\/\/moverdb.com\/nl\/association-relocation-professionals\/\" data-internallinksmanager029f6b8e52c=\"6\" title=\"Association of Relocation Professionals (ARP) Uitgelegd\">Vereniging van verhuizers<\/a> (ARP) is een beroepsorganisatie voor de verhuizingsindustrie in het Verenigd Koninkrijk.<\/li>\n<li> <a href=\"https:\/\/moverdb.com\/nl\/rios\/\">De Ombudsman voor de Verhuisindustrie<\/a> (<a href=\"https:\/\/moverdb.com\/nl\/rios\/\" data-internallinksmanager029f6b8e52c=\"75\" title=\"Ombudsman voor de Verhuisindustrie (RIOS) Uitgelegd\">RIOS<\/a>) - De Ombudsman voor de Verhuisindustrie (RIOS) behandelt klachten die worden ingediend over verhuisbedrijven in het Verenigd Koninkrijk.<\/li>\n<li> <a href=\"https:\/\/moverdb.com\/nl\/fedemac\/\">Federatie van Europese Verhuizers<\/a> (FEDEMAC) - De <a href=\"https:\/\/moverdb.com\/nl\/fedemac\/\" data-internallinksmanager029f6b8e52c=\"15\" title=\"Federatie van Europese Verhuizersverenigingen (FEDEMAC) toegelicht\">Federatie van Europese Verhuizers<\/a> (FEDEMAC) is een Europese instantie die is opgericht om de verhuisindustrie op Europees niveau te promoten.<\/li>\n<li> <a href=\"https:\/\/moverdb.com\/nl\/vracht-vervoer-vereniging\/\">Vereniging voor Goederenvervoer<\/a> (FTA) - De <a href=\"https:\/\/moverdb.com\/nl\/freight-transport-association\/\" data-internallinksmanager029f6b8e52c=\"18\" title=\"Freight Transport Association (FTA) Uitgelegd\">Vereniging voor Goederenvervoer<\/a> (FTA) is opgericht om de belangen te behartigen van logistieke bedrijven, ongeacht of zij goederen over zee, door de lucht, over de weg of per spoor vervoeren.<\/li>\n<li> <a href=\"https:\/\/moverdb.com\/nl\/eurovan-verhuizers\/\">Eurovan Internationaal Verhuisnetwerk<\/a> - <a href=\"https:\/\/moverdb.com\/nl\/eurovan-movers\/\" data-internallinksmanager029f6b8e52c=\"14\" title=\"Eurovan Internationaal Verhuisnetwerk (EM) Uitgelegd\">Eurovan Internationaal Verhuisnetwerk<\/a> (EM) is een netwerk van onafhankelijke lokale verhuizers gevestigd in <a href=\"https:\/\/moverdb.com\/nl\/moving-to-germany\/\" data-internallinksmanager029f6b8e52c=\"321\" title=\"Verhuizen naar Duitsland? 2023 Woonkosten &amp; Verhuizingstips\">Duitsland<\/a>. Het netwerk is opgezet om te voorzien in de behoefte aan een consistent dienstverleningsniveau voor internationale verhuizingen die meerdere landen kunnen doorkruisen.<\/li>\n<li> <a href=\"https:\/\/moverdb.com\/nl\/ngrs\/\">Nationale Gilde van Verhuizers en Opslaghouders<\/a> (NGRS) - De <a href=\"https:\/\/moverdb.com\/nl\/ngrs\/\" data-internallinksmanager029f6b8e52c=\"74\" title=\"Nationaal Gilde van Verhuizers en Opslaghouders (NGRS) Uitgelegd\">Nationale Gilde van Verhuizers en Opslaghouders<\/a> (NGRS) is opgericht om de verhuis- en opslagindustrie in het VK enigszins te reguleren.<\/li>\n<li> <a href=\"https:\/\/moverdb.com\/nl\/internationale-maritieme-organisatie\/\">Internationale Maritieme Organisatie<\/a> (IMO) - De <a href=\"https:\/\/moverdb.com\/nl\/international-maritime-organisation\/\" data-internallinksmanager029f6b8e52c=\"24\" title=\"Internationale Maritieme Organisatie (IMO) Uitgelegd\">Internationale Maritieme Organisatie<\/a> (IMO) is een in het Verenigd Koninkrijk gevestigd VN-agentschap dat verantwoordelijk is voor de regulering van de scheepvaart.<\/li>\n<li> <a href=\"https:\/\/moverdb.com\/nl\/world-shipping-council\/\">Wereldscheepsvaartraad<\/a> (WSC) - De <a href=\"https:\/\/moverdb.com\/nl\/world-shipping-council\/\" data-internallinksmanager029f6b8e52c=\"82\" title=\"Uitleg over de Wereldscheepsvaartraad (WSC)\">Wereldscheepsvaartraad<\/a> (WSC) is een spreekbuis voor de lijnvaartindustrie.<\/li>\n<li> <a href=\"https:\/\/moverdb.com\/nl\/wereld-douane-organisatie\/\">Wereld Douane Organisatie<\/a> (<a href=\"https:\/\/moverdb.com\/nl\/world-customs-organization\/\" data-internallinksmanager029f6b8e52c=\"81\" title=\"Uitleg over de Wereld Douane Organisatie (WDO)\">WCO<\/a>) - De Werelddouaneorganisatie (WDO) is een onafhankelijk intergouvernementeel orgaan dat als spreekbuis van de douanegemeenschap fungeert. <\/li>\n<li> <a href=\"https:\/\/moverdb.com\/nl\/internationale-kamer-scheepvaart\/\">De Internationale Scheepvaartkamer<\/a> (ICS) -  <a href=\"https:\/\/moverdb.com\/nl\/international-chamber-shipping\/\" data-internallinksmanager029f6b8e52c=\"78\" title=\"De Internationale Scheepvaartkamer (ICS) toegelicht\">De Internationale Scheepvaartkamer<\/a> (ICS) is een handelsvereniging die reders en scheepsexploitanten vertegenwoordigt via nationale verenigingen van reders. <\/li>\n<\/ol>","protected":false},"excerpt":{"rendered":"<p>Below is a non-exhaustive list of the most important international moving &#038; shipping organizations, associations, schemes, guilds, councils etc. International Association of Movers (IAM) &#8211; The International Association of Movers (IAM) is a global trade body with members who provide moving, forwarding, shipping, logistics, and related services. FIDI &#038; FIDI Accredited International Mover (FAIM) &#8211; [&hellip;]<\/p>\n","protected":false},"author":1,"featured_media":367,"parent":0,"menu_order":0,"comment_status":"closed","ping_status":"closed","template":"","meta":{"_genesis_hide_title":false,"_genesis_hide_breadcrumbs":false,"_genesis_hide_singular_image":false,"_genesis_hide_footer_widgets":false,"_genesis_custom_body_class":"","_genesis_custom_post_class":"","_genesis_layout":"","footnotes":""},"class_list":{"0":"post-366","1":"page","2":"type-page","3":"status-publish","4":"has-post-thumbnail","6":"entry"},"_links":{"self":[{"href":"https:\/\/moverdb.com\/nl\/wp-json\/wp\/v2\/pages\/366","targetHints":{"allow":["GET"]}}],"collection":[{"href":"https:\/\/moverdb.com\/nl\/wp-json\/wp\/v2\/pages"}],"about":[{"href":"https:\/\/moverdb.com\/nl\/wp-json\/wp\/v2\/types\/page"}],"author":[{"embeddable":true,"href":"https:\/\/moverdb.com\/nl\/wp-json\/wp\/v2\/users\/1"}],"replies":[{"embeddable":true,"href":"https:\/\/moverdb.com\/nl\/wp-json\/wp\/v2\/comments?post=366"}],"version-history":[{"count":29,"href":"https:\/\/moverdb.com\/nl\/wp-json\/wp\/v2\/pages\/366\/revisions"}],"predecessor-version":[{"id":1342,"href":"https:\/\/moverdb.com\/nl\/wp-json\/wp\/v2\/pages\/366\/revisions\/1342"}],"wp:featuredmedia":[{"embeddable":true,"href":"https:\/\/moverdb.com\/nl\/wp-json\/wp\/v2\/media\/367"}],"wp:attachment":[{"href":"https:\/\/moverdb.com\/nl\/wp-json\/wp\/v2\/media?parent=366"}],"curies":[{"name":"wp","href":"https:\/\/api.w.org\/{rel}","templated":true}]}}