{"id":303,"date":"2016-05-03T20:16:23","date_gmt":"2016-05-03T20:16:23","guid":{"rendered":"http:\/\/moverdb.com\/?page_id=303"},"modified":"2026-01-08T13:18:30","modified_gmt":"2026-01-08T13:18:30","slug":"harrow-groen","status":"publish","type":"page","link":"https:\/\/moverdb.com\/nl\/harrow-green\/","title":{"rendered":"Harrow Green Internationale Verhuizingen &amp; Verhuizingen Beoordelingen"},"content":{"rendered":"<p>Harrow Green is voornamelijk gespecialiseerd in bedrijfsverhuizingen, zowel nationaal als internationaal. Hieronder vindt u hun kerndiensten samen met reviews over het bedrijf.<\/p>\n<h2>Harrow Green Verhuizingen<\/h2>\n<p><strong>Internationale verhuizing<\/strong><\/p>\n<ul>\n<li> Verpakkingsdiensten<\/li>\n<li> Vervoer<\/li>\n<li> Opslagdiensten<\/li>\n<li> Bestemmingspakket<\/li>\n<li> Verzekering<\/li>\n<li> Bestemmingsdiensten, zoals klusjesman, huiszoeking en herplaatsing van huisdieren<\/li>\n<\/ul>\n<p><strong>Bedrijfsverhuizingen<\/strong><\/p>\n<ul>\n<li> Ruimte planning<\/li>\n<li> Nieuw meubilair<\/li>\n<li> Demontage en hermontage van bestaand meubilair<\/li>\n<li> Milieuvriendelijke verwijdering van ongewenste apparatuur<\/li>\n<li> Programma's voor recycling en hergebruik<\/li>\n<li> Off-site opslagoplossingen<\/li>\n<li> Kratten huren<\/li>\n<\/ul>\n<p><strong>Verhuizing van technologie<\/strong><\/p>\n<ul>\n<li> De kerndienst omvat PC's, werkstations en alle randapparatuur (zoals printers en scanners), alsmede desktop-spraak- en data-apparatuur<\/li>\n<li> Gedetailleerde pre- verhuis audit<\/li>\n<li> Systeemupgrades<\/li>\n<\/ul>\n<p><strong>Recycling en hergebruik<\/strong><\/p>\n<ul>\n<li> Liefdadigheidsschenking<\/li>\n<li> Doorverkoop<\/li>\n<li> Verbouwing<\/li>\n<li> Recycling<\/li>\n<li> Kantoor Opruiming<\/li>\n<\/ul>\n<p><strong>Opslagdiensten<\/strong><\/p>\n<ul>\n<li> Meubelopslag<\/li>\n<li> Voorraadcontrole en -beheer<\/li>\n<li> Erfgoed en gespecialiseerde opslag<\/li>\n<\/ul>\n<p><strong>Records management<\/strong><\/p>\n<ul>\n<li> Opslag van documenten<\/li>\n<li> Online traceren van documenten<\/li>\n<li> Scannen op verzoek<\/li>\n<li> Beveiliging documentenopslag<\/li>\n<li> Veiligheid van het erfgoed<\/li>\n<li> Cloud opslag<\/li>\n<li> Tape-opslag<\/li>\n<li> Thuiskantoor en persoonlijk<\/li>\n<\/ul>\n<h2>Harrow Green Bedrijfsprofiel<\/h2>\n<p>Harrow Green heeft drie decennia ervaring in bedrijfsverhuizingen en heeft haar diensten in de loop der jaren uitgebreid om aan de behoeften van cli\u00ebnten en hun groeiende organisaties te voldoen. <\/p>\n<p>Zij beschrijven zichzelf als de nummer \u00e9\u00e9n commerci\u00eble verhuizer. Harrow Green is al 20 jaar een volledig ge\u00efntegreerde dienstverlenende partner van UBS.<\/p>\n<p>Het bedrijf begon in de jaren tachtig met IT-verhuizingen en voegde daar in de jaren negentig een afdeling records management en internationale verhuizingen aan toe. Harrow Green richt zich voornamelijk op bedrijfsverhuizingen, voornamelijk van bedrijven, de overheid en het MKB. <\/p>\n<p>Het biedt echter wel beperkte persoonlijke diensten aan. <\/p>\n<p>Harrow Green maakt sinds februari 2012 deel uit van Restore plc, een bedrijf dat ernaar streeft om een marktleidende <a href=\"https:\/\/moverdb.com\/nl\/moving-to-the-uk\/\" data-internallinksmanager029f6b8e52c=\"93\" title=\"Verhuizen naar het Verenigd Koninkrijk? 2022 Kosten van levensonderhoud en relocatietips\">UK<\/a> kantoordiensten groep. Restore plc is een aan de AIM genoteerde onderneming voor ondersteunende diensten die in 2004 naar de beurs is gegaan.<\/p>\n<p><strong>Awards<\/strong><\/p>\n<ul>\n<li> PFM Partnership Awards finalist<\/li>\n<li> Commerci\u00eble verhuizer van het jaar 2014<\/li>\n<li> Prijs voor de beste innovatie in FM-diensten<\/li>\n<li> BIFM Best Corporate Supporter Award<\/li>\n<li> Uitgeroepen tot \"one to watch\" door Best Companies<\/li>\n<li> Genomineerd voor een EMMA in de <a href=\"https:\/\/moverdb.com\/nl\/moving-companies\/\" data-internallinksmanager029f6b8e52c=\"79\" title=\"Top 25 Internationale Verhuisbedrijven Online\">Internationaal Verhuisbedrijf<\/a> van het jaar categorie<\/li>\n<li> Finalist in de categorie Leren en loopbaanontwikkeling voor de BIFM Awards 2015<\/li>\n<li> Finalist East London Kamer van Koophandel\/Docklands Business Awards<\/li>\n<li> UBS Verkoper van het jaar<\/li>\n<li> Finalisten voor uitmuntendheid in klantenservice bij <a href=\"\" data-internallinksmanager029f6b8e52c=\"34\" title=\"Birmingham\">Birmingham<\/a> Kamer van Koophandel Business Awards.<\/li>\n<\/ul>\n<p><strong>Lidmaatschap &amp; Certificaten<\/strong> <\/p>\n<ul>\n<li> SGS-norm voor uitmuntende klantenservice<\/li>\n<li> BS 8522 gecertificeerd<\/li>\n<li> ISO 9001 Kwaliteitsmanagementsystemen - Certificaat FS 34113<\/li>\n<li> <a href=\"https:\/\/moverdb.com\/nl\/fidi-faim\/\">FIDI FAIMPlus gecertificeerd<\/a><\/li>\n<li> Erkend door JAUPT om opleidingen te geven<\/li>\n<li> Achilles\/UVDB (categorie B2) gecertificeerd<\/li>\n<li> Gecertificeerd als zijnde in overeenstemming met de Safe contractor sector compliance scheme<\/li>\n<li> Gecertificeerd als zijnde in overeenstemming met het CHAS sector nalevingsprogramma<\/li>\n<li> Gecertificeerd als zijnde in overeenstemming met de \"Construction line sector compliance scheme<\/li>\n<li> Bedrijfslid van het Britse Instituut voor Facilitair Management<\/li>\n<li> O'Neil strategische partner voor archiefbeheersystemen<\/li>\n<li> Lid van <a href=\"https:\/\/moverdb.com\/nl\/british-association-of-removers\/\">BAR, de Britse Vereniging van Verhuizers<\/a><\/li>\n<li> <a href=\"https:\/\/moverdb.com\/nl\/bar-overzee\/\">BAR Overzeese Groep<\/a><\/li>\n<li> <a href=\"https:\/\/moverdb.com\/nl\/fidi-faim\/\">Lid van FIDI<\/a>, de organisatie die wereldwijde verhuizers vertegenwoordigt<\/li>\n<li> Lid van RoSPA - The Royal Society for the Prevention of Accidents<\/li>\n<li> <a href=\"https:\/\/moverdb.com\/nl\/ik-ben\/\">Lid van IAM - de Internationale Vereniging van Verhuizers<\/a><\/li>\n<li> Gevolmachtigd lid en agent van de <a href=\"https:\/\/moverdb.com\/nl\/british-association-of-removers\/\" data-internallinksmanager029f6b8e52c=\"9\" title=\"British Association of Removers (BAR) Uitgelegd\">Britse Vereniging van Verhuizers<\/a> DBA de <a href=\"https:\/\/moverdb.com\/nl\/mtc\/\">Movers Trading Club<\/a> (<a href=\"https:\/\/moverdb.com\/nl\/mtc\/\" data-internallinksmanager029f6b8e52c=\"30\" title=\"Movers Trading Club (MTC) Uitgelegd\">MTC<\/a>)<\/li>\n<\/ul>\n<h2>Harrow Green Verhuizingen Beoordelingen<\/h2>\n<div itemprop=\"review\" itemscope itemtype=\"http:\/\/schema.org\/Review\">\n<span itemprop=\"author\" itemscope=\"\" itemtype=\"http:\/\/schema.org\/Organization\"><span itemprop=\"name\">MoverDB.com<\/span><\/span> Online Website Review voor <span itemprop=\"itemreviewed\" itemscope=\"\" itemtype=\"http:\/\/schema.org\/Brand\"><span itemprop=\"name\">Harrow Green<\/span><\/span>:<\/p>\n<ol>\n<li> Duidelijke contactgegevens op de website (inclusief telefoonnummer)? <strong>Ja<\/strong><\/li>\n<li> Gemakkelijk te krijgen <a href=\"https:\/\/moverdb.com\/nl\/citaten\/\">internationale verhuizingsoffertes<\/a>? (Online aanvraagformulier): <strong>Gedeeltelijk<\/strong>er is een e-mail formulier maar geen echt offerte formulier.<\/li>\n<li> Duidelijke informatie op de website: <strong>Ja<\/strong>De website is goed opgezet en makkelijk te begrijpen en te gebruiken. Het enige wat ontbreekt is een prijs\/offerte formulier.<\/li>\n<li> Lidmaatschap bij internationaal erkende verhuisorganisaties: <strong>Ja<\/strong><\/li>\n<li> Lijst van klanten en\/of getuigenissen van vorige klanten: <strong>Ja<\/strong><\/li>\n<\/ol>\n<div itemprop=\"reviewRating\" itemscope itemtype=\"http:\/\/schema.org\/Rating\"><meta itemprop=\"worstRating\" content = \"0\" \/><meta itemprop=\"bestRating\" content=\"5\" \/><meta itemprop=\"ratingValue\" content=\"4.5\"><\/div>\n<p><strong>Totale score: 4.5\/5<\/strong><br \/>\n<strong>Herzieningsdatum:<\/strong> <span itemprop=\"datePublished\" content=\"2018-01-15\">15\/01\/2018<\/span>\n<\/div>\n<p>Meer over <a href=\"https:\/\/moverdb.com\/nl\/internationale-verhuizingen\/\">Verhuisbedrijven in UK<\/a> en onze <a href=\"https:\/\/moverdb.com\/nl\/reviews\/\">evaluatieproces uitgelegd<\/a>.<\/p>\n<p><strong>Website:<\/strong> <a href=\"https:\/\/www.harrowgreeninternational.com\/\" target=\"_blank\" rel=\"noopener noreferrer\">https:\/\/www.harrowgreeninternational.com\/<\/a><\/p>","protected":false},"excerpt":{"rendered":"<p>Harrow Green specialise primarily in business removals, both domestic and international. Below are their core services along with reviews about the company. Harrow Green Removals Services International moving Packing services Transportation Storage services Destination package Insurance Destination services, such as handyman, home search and pet relocation Business removals Space planning New furniture supply Dismantling and [&hellip;]<\/p>\n","protected":false},"author":1,"featured_media":0,"parent":0,"menu_order":0,"comment_status":"closed","ping_status":"closed","template":"","meta":{"_genesis_hide_title":false,"_genesis_hide_breadcrumbs":false,"_genesis_hide_singular_image":false,"_genesis_hide_footer_widgets":false,"_genesis_custom_body_class":"","_genesis_custom_post_class":"","_genesis_layout":"","footnotes":""},"class_list":{"0":"post-303","1":"page","2":"type-page","3":"status-publish","5":"entry"},"_links":{"self":[{"href":"https:\/\/moverdb.com\/nl\/wp-json\/wp\/v2\/pages\/303","targetHints":{"allow":["GET"]}}],"collection":[{"href":"https:\/\/moverdb.com\/nl\/wp-json\/wp\/v2\/pages"}],"about":[{"href":"https:\/\/moverdb.com\/nl\/wp-json\/wp\/v2\/types\/page"}],"author":[{"embeddable":true,"href":"https:\/\/moverdb.com\/nl\/wp-json\/wp\/v2\/users\/1"}],"replies":[{"embeddable":true,"href":"https:\/\/moverdb.com\/nl\/wp-json\/wp\/v2\/comments?post=303"}],"version-history":[{"count":13,"href":"https:\/\/moverdb.com\/nl\/wp-json\/wp\/v2\/pages\/303\/revisions"}],"predecessor-version":[{"id":3300,"href":"https:\/\/moverdb.com\/nl\/wp-json\/wp\/v2\/pages\/303\/revisions\/3300"}],"wp:attachment":[{"href":"https:\/\/moverdb.com\/nl\/wp-json\/wp\/v2\/media?parent=303"}],"curies":[{"name":"wp","href":"https:\/\/api.w.org\/{rel}","templated":true}]}}