{"id":1648,"date":"2017-04-21T14:26:25","date_gmt":"2017-04-21T14:26:25","guid":{"rendered":"http:\/\/moverdb.com\/?page_id=1648"},"modified":"2026-01-08T14:47:58","modified_gmt":"2026-01-08T14:47:58","slug":"cma-cgm","status":"publish","type":"page","link":"https:\/\/moverdb.com\/nl\/cma-cgm\/","title":{"rendered":"CMA CGM Group - Internationale Scheepvaart Diensten &amp; Beoordelingen"},"content":{"rendered":"<p>CMA CGM Group biedt haar klanten een breed scala aan scheepvaart- en logistieke oplossingen. Deze worden hieronder opgesomd samen met een bedrijfsprofiel en beoordelingen.<\/p>\n<h3>Internationale verzending<\/h3>\n<p><strong>Droge Containers<\/strong><\/p>\n<ul>\n<li> Containers voor algemeen gebruik (20'\/40'\/40\u2032 HC\/45\u2032 HC);<\/li>\n<li> Palletbrede containers (40\u2032 HC PW\/45\u2032 HC PW);<\/li>\n<li> Gespecialiseerde containers (flat-rack, open-top, open-side, platform, tank, enz.)<\/li>\n<li> Persoonlijke service<\/li>\n<\/ul>\n<p><strong>Reefer Containers<\/strong><\/p>\n<ul>\n<li> 20\u2032 RE\/40\u2032 RH Containers voor koeltransport,<\/li>\n<li> De grootste vloot op de markt van 45\u2032 RH Pallet wide containers, speciaal voor de intra-Europese handel.<\/li>\n<li> Toegewijde afdeling<\/li>\n<\/ul>\n<p><strong>XXL Cargo<\/strong><\/p>\n<ul>\n<li> Schepen van lading met niet-standaardafmetingen en -gewichten<\/li>\n<li> Luxe auto's<\/li>\n<li> Helikopters<\/li>\n<li> Grote machines<\/li>\n<li> Spoorwagons<\/li>\n<li> Te grote turbines en generatoren<\/li>\n<li> Expertise in het vervoer van stukgoederen<\/li>\n<\/ul>\n<p><strong>Inland - Intermodale diensten - Elk Continent<\/strong><\/p>\n<ul>\n<li> Uitgebreide deur-tot-deur service<\/li>\n<li> Oplossingen op maat voor het binnenland - (spoor, weg en rivier)<\/li>\n<li> Optimaliseer de toeleveringsketen met kostenbesparende deur-tot-deur-mogelijkheden<\/li>\n<li> Aantrekkelijke specifieke detentie- en liggelden<\/li>\n<li> Nauwkeurig toezicht voor tijdige leveringen<\/li>\n<li> Gemakkelijk boeken en opvolgen via een<a>platform voor e-zakendoen<\/a><\/li>\n<\/ul>\n<p><strong>AQUAVIVA - verzending van levende kreeften<\/strong><\/p>\n<ul>\n<li> Service van deur tot deur<\/li>\n<li> Nieuw alternatief voor zowel invriezen als kostbare luchtvracht<\/li>\n<li> Behoud van natuurlijke habitat voor kreeften<\/li>\n<li> Garandeert versheid en kwaliteit op de eerste dag, zelfs bij langdurige bewaring<\/li>\n<li> Respectvol voor het milieu<\/li>\n<\/ul>\n<p><strong>RORO (Roll on Roll off)<\/strong><\/p>\n<ul>\n<li> <strong><a href=\"https:\/\/moverdb.com\/nl\/moving-companies\/algeria\/\" data-internallinksmanager029f6b8e52c=\"166\" title=\"3 Beste internationale verhuisbedrijven in Algerije\">Algerije<\/a><\/strong>: een dienst naar Mostaganem en Oran en een dienst naar B\u00e9ja<\/li>\n<li> <strong><a href=\"https:\/\/moverdb.com\/nl\/moving-companies\/moving-companies-morocco\/\" data-internallinksmanager029f6b8e52c=\"287\" title=\"4 Beste internationale verhuisbedrijven in Marokko\">Marokko<\/a><\/strong>: een dienst naar Casablanca<\/li>\n<li> <strong>Tunesi\u00eb<\/strong>: een dienst naar Rades en La Goulette<\/li>\n<\/ul>\n<p><strong>Vracht Cruises<\/strong><\/p>\n<ul>\n<li> Deel het dagelijkse leven met de bemanning<\/li>\n<li> 170 scheepvaartlijnen, 450 <a href=\"https:\/\/moverdb.com\/nl\/top-49-container-ports\/\" data-internallinksmanager029f6b8e52c=\"80\" title=\"Top 49 grootste en drukste containerhavens in 2025\">poorten<\/a> en 150 landen<\/li>\n<li> Boek voor een paar dagen of een paar maanden<\/li>\n<li> Ga een dag of een week aan land en neem het volgende schip<\/li>\n<\/ul>\n<h2>CMA CGM Groep Bedrijfsprofiel<\/h2>\n<p>De CMA CGM groep werd in 1978 in Marseille opgericht door Jacques R. Saad\u00e9, die de Compagnie Maritime d'Affr\u00e8tement (CMA) oprichtte. CMA had \u00e9\u00e9n schip en vier werknemers die een scheepvaartlijn onderhielden tussen Beiroet, Lattakia, Marseille en Livorno. <\/p>\n<p>In 1980 beschikt CMA over twee schepen, 65 personeelsleden en heeft zij kantoren in Europa geopend. In 1983 begint CMA met haar multimodale dienst, waardoor goederen van deur tot deur kunnen worden vervoerd.<\/p>\n<p>In 1999 fuseerden CGM en CMA, waardoor de maatschappij nummer 12 in de wereld werd. Tegen 2003 was de maatschappij gestegen tot 5<sup>th<\/sup> positie. In 2006 werd CMA CGM 's werelds 3<sup>rd<\/sup> grootste <a href=\"https:\/\/moverdb.com\/nl\/rederijen\/\" target=\"_blank\" rel=\"noopener\">container scheepvaart en transport bedrijf<\/a>wat het tot op de dag van vandaag blijft.<\/p>\n<p>Vandaag de dag heeft de CMA CGM-groep wereldwijd bijna 25.000 mensen in dienst en 64 kantoren en agentschappen. Er zijn twee grote hoofdkantoren, \u00e9\u00e9n in Marseille en \u00e9\u00e9n in Norfolk, <a href=\"https:\/\/moverdb.com\/nl\/moving-to-the-united-states\/moving-to-virginia\/\" data-internallinksmanager029f6b8e52c=\"442\" title=\"Verhuizen naar Virginia? 2023 Woonlasten &amp; Verhuizingstips\">Virginia<\/a>. Het bedrijf is actief op 170 scheepvaartlijnen en doet 450 havens aan in 150 landen. Het is nu de op twee na grootste <a href=\"https:\/\/moverdb.com\/nl\/shipping-companies\/\" data-internallinksmanager029f6b8e52c=\"4\" title=\"Top 10 Internationale Containerrederijen\">rederij<\/a> in de wereld en heeft een vloot van 428 schepen.<\/p>\n<p>CMA CGM heeft de volgende accreditaties en lidmaatschappen:<\/p>\n<ul>\n<li> Internationaal Scheepsbeveiligingscertificaat (ISSC)<\/li>\n<li> Certificaat veiligheidsbeheer (SMC)<\/li>\n<li> Verdrag betreffende maritieme arbeid (MLC)<\/li>\n<li> <a href=\"https:\/\/moverdb.com\/nl\/world-shipping-council\/\">Wereldscheepsvaartraad<\/a> (<a href=\"https:\/\/moverdb.com\/nl\/world-shipping-council\/\" data-internallinksmanager029f6b8e52c=\"82\" title=\"Uitleg over de Wereldscheepsvaartraad (WSC)\">WSC<\/a>)<\/li>\n<\/ul>\n<h2>CMA CGM Groep Beoordelingen<\/h2>\n<p><em>Op het moment van schrijven konden we online geen recensies vinden over de scheepvaartdiensten van CMA CGM Group.<\/em><\/p>\n<div itemprop=\"review\" itemscope itemtype=\"http:\/\/schema.org\/Review\">\n<strong><span itemprop=\"author\" itemscope=\"\" itemtype=\"http:\/\/schema.org\/Organization\"><span itemprop=\"name\">MoverDB.com<\/span><\/span> Online Website Review voor <span itemprop=\"itemreviewed\" itemscope=\"\" itemtype=\"http:\/\/schema.org\/Brand\"><span itemprop=\"name\">CMA CGM Groep<\/span><\/span>:<\/strong><\/p>\n<ol>\n<li> Duidelijke contactgegevens op de website (inclusief telefoonnummer): <strong>Ja<\/strong><\/li>\n<li> Gemakkelijk te krijgen <a href=\"https:\/\/moverdb.com\/nl\/container-shipping\/\" data-internallinksmanager029f6b8e52c=\"3\" title=\"Internationale tarieven containervervoer: April 2026\">internationale verzending<\/a> offertes? (Online aanvraagformulier): <strong>Geen<\/strong>Het lijkt erop dat je je moet registreren om offertes te krijgen.<\/li>\n<li> Duidelijke informatie op de website: <strong>Ja,<\/strong> de website bevat gedetailleerde informatie over al hun diensten.<\/li>\n<li> Lidmaatschap van internationaal erkende scheepvaartorganisaties: <strong>Ja<\/strong><\/li>\n<li> Lijst van klanten en\/of getuigenissen van vorige klanten. <strong>Nee,<\/strong> er staan er geen op hun website.<\/li>\n<\/ol>\n<div itemprop=\"reviewRating\" itemscope itemtype=\"http:\/\/schema.org\/Rating\"><meta itemprop=\"worstRating\" content = \"0\" \/><meta itemprop=\"bestRating\" content=\"5\" \/><meta itemprop=\"ratingValue\" content=\"3.5\"><\/div>\n<p><strong>Totale score: 3.5\/5<\/strong><br \/>\n<strong>Herzieningsdatum:<\/strong> <span itemprop=\"datePublished\" content=\"2017-04-21\">21\/04\/2017<\/span>\n<\/div>\n<p>Meer over andere <a href=\"https:\/\/moverdb.com\/nl\/rederijen\/\">internationale scheepvaartmaatschappijen<\/a>, <a href=\"https:\/\/moverdb.com\/nl\/containerverscheping\/\">tarieven voor het verschepen van containers<\/a> en onze <a href=\"https:\/\/moverdb.com\/nl\/reviews\/\">evaluatieproces<\/a>.<\/p>\n<p><strong>Website:<\/strong> <a href=\"http:\/\/www.cma-cgm.com\/\" target=\"_blank\" rel=\"noopener\">http:\/\/www.cma-cgm.com\/<\/a><\/p>","protected":false},"excerpt":{"rendered":"<p>CMA CGM Group offers its clients a wide range of shipping and logistics solutions. These are listed below together with a company profile and reviews. International Shipping Dry Containers General-use containers (20&#8217;\/40&#8217;\/40&#8242; HC\/45&#8242; HC); Pallet wide containers (40&#8242; HC PW\/45&#8242; HC PW); Specialised containers (flat-rack, open-top, open-side, platform, tank, etc.) Personalised service Reefer Containers 20&#8242; [&hellip;]<\/p>\n","protected":false},"author":1,"featured_media":0,"parent":0,"menu_order":0,"comment_status":"closed","ping_status":"closed","template":"","meta":{"_genesis_hide_title":false,"_genesis_hide_breadcrumbs":false,"_genesis_hide_singular_image":false,"_genesis_hide_footer_widgets":false,"_genesis_custom_body_class":"","_genesis_custom_post_class":"","_genesis_layout":"","footnotes":""},"class_list":{"0":"post-1648","1":"page","2":"type-page","3":"status-publish","5":"entry"},"_links":{"self":[{"href":"https:\/\/moverdb.com\/nl\/wp-json\/wp\/v2\/pages\/1648","targetHints":{"allow":["GET"]}}],"collection":[{"href":"https:\/\/moverdb.com\/nl\/wp-json\/wp\/v2\/pages"}],"about":[{"href":"https:\/\/moverdb.com\/nl\/wp-json\/wp\/v2\/types\/page"}],"author":[{"embeddable":true,"href":"https:\/\/moverdb.com\/nl\/wp-json\/wp\/v2\/users\/1"}],"replies":[{"embeddable":true,"href":"https:\/\/moverdb.com\/nl\/wp-json\/wp\/v2\/comments?post=1648"}],"version-history":[{"count":5,"href":"https:\/\/moverdb.com\/nl\/wp-json\/wp\/v2\/pages\/1648\/revisions"}],"predecessor-version":[{"id":6192,"href":"https:\/\/moverdb.com\/nl\/wp-json\/wp\/v2\/pages\/1648\/revisions\/6192"}],"wp:attachment":[{"href":"https:\/\/moverdb.com\/nl\/wp-json\/wp\/v2\/media?parent=1648"}],"curies":[{"name":"wp","href":"https:\/\/api.w.org\/{rel}","templated":true}]}}