{"id":11666,"date":"2023-11-29T10:31:41","date_gmt":"2023-11-29T10:31:41","guid":{"rendered":"https:\/\/moverdb.com\/?page_id=11666"},"modified":"2026-01-08T15:24:27","modified_gmt":"2026-01-08T15:24:27","slug":"moving-companies-us-tennessee","status":"publish","type":"page","link":"https:\/\/moverdb.com\/nl\/moving-companies\/moving-companies-us-tennessee\/","title":{"rendered":"3 Beste internationale verhuisbedrijven in Tennessee"},"content":{"rendered":"<p>Ben je van plan te verhuizen? Dan is het inschakelen van een <a href=\"https:\/\/moverdb.com\/nl\/moving-companies\/\" data-internallinksmanager029f6b8e52c=\"79\" title=\"Top 25 Internationale Verhuisbedrijven Online\">verhuisbedrijf<\/a> kunnen echt helpen om de werkdruk te verlichten. Ze kunnen helpen met het plannen van je verhuizing, het regelen van het vervoer, het inpakken van je spullen en het afhandelen van de douane bij internationale verhuizingen. Hieronder hebben we een lijst samengesteld van <a href=\"https:\/\/moverdb.com\/nl\/moving-to-the-united-states\/moving-to-tennessee\/\" data-internallinksmanager029f6b8e52c=\"406\" title=\"Verhuizen naar Tennessee? 2023 Woonlasten &amp; Verhuizingstips\">Tennessee<\/a> gebaseerd <a href=\"https:\/\/moverdb.com\/nl\/international-removals\/\" data-internallinksmanager029f6b8e52c=\"27\" title=\"36 Beste internationale verhuisbedrijven in Groot-Brittanni\u00eb\">verhuisbedrijven<\/a> die lid zijn van de <a href=\"https:\/\/moverdb.com\/nl\/iam\/\" data-internallinksmanager029f6b8e52c=\"23\" title=\"Internationale Vereniging van Verhuizers (IAM) Uitgelegd\">Internationale Vereniging van Verhuizers<\/a> (IAM) en\/of <a href=\"https:\/\/moverdb.com\/nl\/fidi-faim\/\" data-internallinksmanager029f6b8e52c=\"16\" title=\"FIDI &amp; FAIM (FIDI Geaccrediteerde Internationale Verhuizer) Uitgelegd\">FIDI<\/a> Erkende Internationale Verhuizers (FAIM) die u kunnen helpen met uw verhuizing.<\/p>\n<h2><strong>1. Apex Verhuizing &amp; Opslag<\/strong><\/h2>\n<p><img loading=\"lazy\" decoding=\"async\" class=\"alignnone size-full wp-image-11256\" src=\"https:\/\/moverdb.com\/wp-content\/uploads\/Apex-Moving-Storage-international-moving-company.png\" alt=\"Apex Moving &amp; Storage internationaal verhuisbedrijf\" width=\"1440\" height=\"680\" data-wp-pid=\"11256\" srcset=\"https:\/\/moverdb.com\/wp-content\/uploads\/Apex-Moving-Storage-international-moving-company.png 1440w, https:\/\/moverdb.com\/wp-content\/uploads\/Apex-Moving-Storage-international-moving-company-300x142.png 300w, https:\/\/moverdb.com\/wp-content\/uploads\/Apex-Moving-Storage-international-moving-company-1024x484.png 1024w, https:\/\/moverdb.com\/wp-content\/uploads\/Apex-Moving-Storage-international-moving-company-18x9.png 18w, https:\/\/moverdb.com\/wp-content\/uploads\/Apex-Moving-Storage-international-moving-company-600x283.png 600w\" sizes=\"auto, (max-width: 1440px) 100vw, 1440px\" \/><\/p>\n<ul>\n<li>Lokale verhuizingen en verhuizingen over lange afstanden<\/li>\n<li>Internationale verhuizingen<\/li>\n<li>Verhuizingen<\/li>\n<li>Commerci\u00eble verhuizingen<\/li>\n<li>Bedrijfsverhuizingen<\/li>\n<li>Volledige inpak service<\/li>\n<li>Vervoer<\/li>\n<li>Inklaring<\/li>\n<li>Vrachtwagenvolgtechnologie<\/li>\n<li>Opslagdiensten<\/li>\n<\/ul>\n<p>Apex Moving &amp; Storage is een verhuisbedrijf dat is opgericht in 1972 en is gevestigd in Antioch. Ze zijn een Atlas Interstate Agent die hen verbindt met een internationaal netwerk van professionele verhuizers om hen te ondersteunen. Ze zijn lid van IAM met 45 jaar ervaring.<\/p>\n<p>Apex Moving &amp; Storage verzorgt kleine tot grote verhuizingen en kan budgetvriendelijke opties cre\u00ebren die aan alle behoeften voldoen. Ze bieden verhuisservices van deur tot deur met een adviesgesprek voorafgaand aan de verhuizing en een persoonlijke verhuisco\u00f6rdinator wordt toegewezen om je te ondersteunen. Ze bieden een volledige inpakservice en regelen het transport met inklaring als je naar het buitenland verhuist.<\/p>\n<p>Website: <a href=\"http:\/\/www.apexmoving.com\/\" target=\"_blank\" rel=\"noopener\">http:\/\/www.apexmoving.com\/<\/a><\/p>\n<h2><strong>2. Elizabeth's Verhuis Service<\/strong><\/h2>\n<p><img loading=\"lazy\" decoding=\"async\" class=\"alignnone size-full wp-image-11315\" src=\"https:\/\/moverdb.com\/wp-content\/uploads\/Elizabeths-Moving-Service-international-moving-company.png\" alt=\"Elizabeths Verhuis Service internationaal verhuisbedrijf\" width=\"1440\" height=\"675\" data-wp-pid=\"11315\" srcset=\"https:\/\/moverdb.com\/wp-content\/uploads\/Elizabeths-Moving-Service-international-moving-company.png 1440w, https:\/\/moverdb.com\/wp-content\/uploads\/Elizabeths-Moving-Service-international-moving-company-300x141.png 300w, https:\/\/moverdb.com\/wp-content\/uploads\/Elizabeths-Moving-Service-international-moving-company-1024x480.png 1024w, https:\/\/moverdb.com\/wp-content\/uploads\/Elizabeths-Moving-Service-international-moving-company-18x8.png 18w, https:\/\/moverdb.com\/wp-content\/uploads\/Elizabeths-Moving-Service-international-moving-company-600x281.png 600w\" sizes=\"auto, (max-width: 1440px) 100vw, 1440px\" \/><\/p>\n<ul>\n<li>Lokale verhuizingen<\/li>\n<li>Lange afstand verhuizingen<\/li>\n<li>Huishoudelijke verhuizingen<\/li>\n<li>Kantoor- en bedrijfsverhuizingen<\/li>\n<li>Verhuisplan op maat<\/li>\n<li>Verpakkingsdienst<\/li>\n<li>Vervoer<\/li>\n<li>Apparaat installeren<\/li>\n<li>Fijne kunstverwerking<\/li>\n<li>Beveiligde opslagfaciliteiten<\/li>\n<\/ul>\n<p>Elizabeth's Moving Service is een verhuis- en opslagbedrijf dat gevestigd is in Chattanooga. Ze zijn lid van IAM met zes jaar ervaring, waardoor ze een netwerk van verhuisagenten hebben om mee samen te werken om diensten te leveren buiten hun werkgebied.<\/p>\n<p>Elizabeth's Moving Service biedt een in-home survey om een nauwkeurige offerte te kunnen maken. Ze bieden full-service verhuizingen waarbij ze je spullen inpakken en verzenden voor lokale, interlokale en internationale verhuizingen. Ze bieden verpakkingsdiensten van hoge kwaliteit met getrainde inpakkers die je spullen beschermen tijdens het transport, waaronder houten kratten voor breekbare spullen en het beschermen van je huis tijdens de verhuizing.<\/p>\n<p>Website: <a href=\"http:\/\/www.elizabethsmoving.com\" target=\"_blank\" rel=\"noopener\">http:\/\/www.elizabethsmoving.com<\/a><\/p>\n<h2><strong>3. Still Transfer Bedrijf<\/strong><\/h2>\n<p><img loading=\"lazy\" decoding=\"async\" class=\"alignnone size-full wp-image-11449\" src=\"https:\/\/moverdb.com\/wp-content\/uploads\/Still-Transfer-Company-international-moving-company.png\" alt=\"Still Transfer Company internationaal verhuisbedrijf\" width=\"1440\" height=\"677\" data-wp-pid=\"11449\" srcset=\"https:\/\/moverdb.com\/wp-content\/uploads\/Still-Transfer-Company-international-moving-company.png 1440w, https:\/\/moverdb.com\/wp-content\/uploads\/Still-Transfer-Company-international-moving-company-300x141.png 300w, https:\/\/moverdb.com\/wp-content\/uploads\/Still-Transfer-Company-international-moving-company-1024x481.png 1024w, https:\/\/moverdb.com\/wp-content\/uploads\/Still-Transfer-Company-international-moving-company-18x8.png 18w, https:\/\/moverdb.com\/wp-content\/uploads\/Still-Transfer-Company-international-moving-company-600x282.png 600w\" sizes=\"auto, (max-width: 1440px) 100vw, 1440px\" \/><\/p>\n<ul>\n<li>Lokale verhuizingen en verhuizingen over lange afstanden<\/li>\n<li>Internationale verhuizingen<\/li>\n<li>Verhuizingen<\/li>\n<li>Commerci\u00eble en kantoorverhuizingen<\/li>\n<li>Verpakkingsdienst<\/li>\n<li>Vervoer<\/li>\n<li>Douane-expeditie<\/li>\n<li>Muziekinstrument beweegt<\/li>\n<li>Veilige opslag op korte en lange termijn<\/li>\n<\/ul>\n<p>Still Transfer Company is een verhuis- en expeditiebedrijf dat is opgericht in 1928 en is gevestigd in Kingsport. Ze zijn lid van IAM met 95 jaar ervaring, waardoor ze beschikken over een wereldwijd netwerk van verhuisbedrijven om mee samen te werken om diensten te leveren.<\/p>\n<p>Still Transfer Company biedt kleine en grote verhuisservices voor lokale, interlokale en internationale verhuizingen voor residenti\u00eble, commerci\u00eble, kantoor- en industri\u00eble verhuizingen. Ze bieden verhuis- en inpakdiensten om je bezittingen veilig naar je bestemming te brengen en ze verzorgen ook de douaneafhandeling. Ze bieden ook beveiligde opslagfaciliteiten op korte of lange termijn.<\/p>\n<p>Website: <a href=\"http:\/\/www.stilltransfer.net\" target=\"_blank\" rel=\"noopener\">http:\/\/www.stilltransfer.net<\/a><\/p>","protected":false},"excerpt":{"rendered":"<p>Are you planning a move? Then engaging the services of a moving company could really help ease the workload. They can assist with planning your move, transportation arrangements, packing your belongings and handling customs on international moves. Below we have compiled a list of Tennessee based removal companies that are members of the International Association [&hellip;]<\/p>\n","protected":false},"author":4,"featured_media":11256,"parent":190,"menu_order":0,"comment_status":"closed","ping_status":"closed","template":"","meta":{"_genesis_hide_title":false,"_genesis_hide_breadcrumbs":false,"_genesis_hide_singular_image":false,"_genesis_hide_footer_widgets":false,"_genesis_custom_body_class":"","_genesis_custom_post_class":"","_genesis_layout":"","footnotes":""},"class_list":{"0":"post-11666","1":"page","2":"type-page","3":"status-publish","4":"has-post-thumbnail","6":"entry"},"_links":{"self":[{"href":"https:\/\/moverdb.com\/nl\/wp-json\/wp\/v2\/pages\/11666","targetHints":{"allow":["GET"]}}],"collection":[{"href":"https:\/\/moverdb.com\/nl\/wp-json\/wp\/v2\/pages"}],"about":[{"href":"https:\/\/moverdb.com\/nl\/wp-json\/wp\/v2\/types\/page"}],"author":[{"embeddable":true,"href":"https:\/\/moverdb.com\/nl\/wp-json\/wp\/v2\/users\/4"}],"replies":[{"embeddable":true,"href":"https:\/\/moverdb.com\/nl\/wp-json\/wp\/v2\/comments?post=11666"}],"version-history":[{"count":1,"href":"https:\/\/moverdb.com\/nl\/wp-json\/wp\/v2\/pages\/11666\/revisions"}],"predecessor-version":[{"id":11667,"href":"https:\/\/moverdb.com\/nl\/wp-json\/wp\/v2\/pages\/11666\/revisions\/11667"}],"up":[{"embeddable":true,"href":"https:\/\/moverdb.com\/nl\/wp-json\/wp\/v2\/pages\/190"}],"wp:featuredmedia":[{"embeddable":true,"href":"https:\/\/moverdb.com\/nl\/wp-json\/wp\/v2\/media\/11256"}],"wp:attachment":[{"href":"https:\/\/moverdb.com\/nl\/wp-json\/wp\/v2\/media?parent=11666"}],"curies":[{"name":"wp","href":"https:\/\/api.w.org\/{rel}","templated":true}]}}