{"id":11661,"date":"2023-11-29T10:50:19","date_gmt":"2023-11-29T10:50:19","guid":{"rendered":"https:\/\/moverdb.com\/?page_id=11661"},"modified":"2026-01-08T15:29:26","modified_gmt":"2026-01-08T15:29:26","slug":"moving-companies-us-sterling","status":"publish","type":"page","link":"https:\/\/moverdb.com\/nl\/moving-companies\/moving-companies-us-sterling\/","title":{"rendered":"6 Beste internationale verhuisbedrijven in Sterling"},"content":{"rendered":"<p>Verhuizen kan een drukke tijd zijn, dus hulp inschakelen kan de last echt verlichten. Je kunt een <a href=\"https:\/\/moverdb.com\/nl\/moving-companies\/\" data-internallinksmanager029f6b8e52c=\"79\" title=\"Top 25 Internationale Verhuisbedrijven Online\">verhuisbedrijf<\/a> om te helpen met een reeks verhuistaken, waaronder het plannen van je verhuizing, het inpakken van je spullen, het regelen van transport en het afhandelen van douanedocumenten. Hieronder hebben we een lijst samengesteld van in Sterling gevestigde <a href=\"https:\/\/moverdb.com\/nl\/international-removals\/\" data-internallinksmanager029f6b8e52c=\"27\" title=\"36 Beste internationale verhuisbedrijven in Groot-Brittanni\u00eb\">verhuisbedrijven<\/a> die lid zijn van de <a href=\"https:\/\/moverdb.com\/nl\/iam\/\" data-internallinksmanager029f6b8e52c=\"23\" title=\"Internationale Vereniging van Verhuizers (IAM) Uitgelegd\">Internationale Vereniging van Verhuizers<\/a> (IAM) en\/of <a href=\"https:\/\/moverdb.com\/nl\/fidi-faim\/\" data-internallinksmanager029f6b8e52c=\"16\" title=\"FIDI &amp; FAIM (FIDI Geaccrediteerde Internationale Verhuizer) Uitgelegd\">FIDI<\/a> Erkende Internationale Verhuizers (FAIM) die u kunnen helpen met uw verhuizing.<\/p>\n<div id=\"ez-toc-container\" class=\"ez-toc-v2_0_83 ez-toc-wrap-left counter-hierarchy ez-toc-counter ez-toc-transparent ez-toc-container-direction\">\n<div class=\"ez-toc-title-container\">\n<p class=\"ez-toc-title\" style=\"cursor:inherit\">Secties<\/p>\n<span class=\"ez-toc-title-toggle\"><a href=\"#\" class=\"ez-toc-pull-right ez-toc-btn ez-toc-btn-xs ez-toc-btn-default ez-toc-toggle\" aria-label=\"Toggle tabel met inhoud\"><span class=\"ez-toc-js-icon-con\"><span class=\"\"><span class=\"eztoc-hide\" style=\"display:none;\">Schakel<\/span><span class=\"ez-toc-icon-toggle-span\"><svg style=\"fill: #999;color:#999\" xmlns=\"http:\/\/www.w3.org\/2000\/svg\" class=\"list-377408\" width=\"20px\" height=\"20px\" viewbox=\"0 0 24 24\" fill=\"none\"><path d=\"M6 6H4v2h2V6zm14 0H8v2h12V6zM4 11h2v2H4v-2zm16 0H8v2h12v-2zM4 16h2v2H4v-2zm16 0H8v2h12v-2z\" fill=\"currentColor\"><\/path><\/svg><svg style=\"fill: #999;color:#999\" class=\"arrow-unsorted-368013\" xmlns=\"http:\/\/www.w3.org\/2000\/svg\" width=\"10px\" height=\"10px\" viewbox=\"0 0 24 24\" version=\"1.2\" baseprofile=\"tiny\"><path d=\"M18.2 9.3l-6.2-6.3-6.2 6.3c-.2.2-.3.4-.3.7s.1.5.3.7c.2.2.4.3.7.3h11c.3 0 .5-.1.7-.3.2-.2.3-.5.3-.7s-.1-.5-.3-.7zM5.8 14.7l6.2 6.3 6.2-6.3c.2-.2.3-.5.3-.7s-.1-.5-.3-.7c-.2-.2-.4-.3-.7-.3h-11c-.3 0-.5.1-.7.3-.2.2-.3.5-.3.7s.1.5.3.7z\"\/><\/svg><\/span><\/span><\/span><\/a><\/span><\/div>\n<nav><ul class='ez-toc-list ez-toc-list-level-1 eztoc-toggle-hide-by-default' ><li class='ez-toc-page-1 ez-toc-heading-level-2'><a class=\"ez-toc-link ez-toc-heading-1\" href=\"https:\/\/moverdb.com\/nl\/moving-companies\/moving-companies-us-sterling\/#1_Brauns_International\" >1. Brauns Belgi\u00eb<\/a><\/li><li class='ez-toc-page-1 ez-toc-heading-level-2'><a class=\"ez-toc-link ez-toc-heading-2\" href=\"https:\/\/moverdb.com\/nl\/moving-companies\/moving-companies-us-sterling\/#2_DN_Van_Lines\" >2. DN Van Lines<\/a><\/li><li class='ez-toc-page-1 ez-toc-heading-level-2'><a class=\"ez-toc-link ez-toc-heading-3\" href=\"https:\/\/moverdb.com\/nl\/moving-companies\/moving-companies-us-sterling\/#3_JK_Moving_Services\" >3. JK Verhuisdiensten<\/a><\/li><li class='ez-toc-page-1 ez-toc-heading-level-2'><a class=\"ez-toc-link ez-toc-heading-4\" href=\"https:\/\/moverdb.com\/nl\/moving-companies\/moving-companies-us-sterling\/#4_Laing_International\" >4. Laing Internationaal<\/a><\/li><li class='ez-toc-page-1 ez-toc-heading-level-2'><a class=\"ez-toc-link ez-toc-heading-5\" href=\"https:\/\/moverdb.com\/nl\/moving-companies\/moving-companies-us-sterling\/#5_RelogistiX\" >5. RelogistiX<\/a><\/li><li class='ez-toc-page-1 ez-toc-heading-level-2'><a class=\"ez-toc-link ez-toc-heading-6\" href=\"https:\/\/moverdb.com\/nl\/moving-companies\/moving-companies-us-sterling\/#6_Star_Moving_Solutions\" >6. Star Verhuisoplossingen<\/a><\/li><\/ul><\/nav><\/div>\n<h2><span class=\"ez-toc-section\" id=\"1_Brauns_International\"><\/span><strong>1. Brauns Belgi\u00eb<\/strong><span class=\"ez-toc-section-end\"><\/span><\/h2>\n<p><img loading=\"lazy\" decoding=\"async\" class=\"alignnone size-full wp-image-7421\" src=\"https:\/\/moverdb.com\/wp-content\/uploads\/Brauns-International-moving-company.png\" alt=\"Brauns Internationaal verhuisbedrijf\" width=\"1440\" height=\"683\" data-wp-pid=\"7421\" srcset=\"https:\/\/moverdb.com\/wp-content\/uploads\/Brauns-International-moving-company.png 1440w, https:\/\/moverdb.com\/wp-content\/uploads\/Brauns-International-moving-company-300x142.png 300w, https:\/\/moverdb.com\/wp-content\/uploads\/Brauns-International-moving-company-1024x486.png 1024w, https:\/\/moverdb.com\/wp-content\/uploads\/Brauns-International-moving-company-18x9.png 18w, https:\/\/moverdb.com\/wp-content\/uploads\/Brauns-International-moving-company-600x285.png 600w\" sizes=\"auto, (max-width: 1440px) 100vw, 1440px\" \/><\/p>\n<ul>\n<li>Lokale en nationale verhuizingen<\/li>\n<li>Internationale verhuizingen<\/li>\n<li>Huishoudelijke verhuizingen<\/li>\n<li>Bedrijfsverhuizingen<\/li>\n<li>Persoonlijke verhuisadviseur<\/li>\n<li>Verpakkingsdienst<\/li>\n<li>Vervoer per vrachtwagen, door de lucht en over zee<\/li>\n<li>Document voorbereiding<\/li>\n<li>Verzekering<\/li>\n<li>Opslagdiensten<\/li>\n<\/ul>\n<p>Brauns International is een internationaal verhuis- en opslagbedrijf opgericht in 1992 in <a href=\"https:\/\/moverdb.com\/nl\/moving-to-the-united-states\/moving-to-virginia\/\" data-internallinksmanager029f6b8e52c=\"442\" title=\"Verhuizen naar Virginia? 2023 Woonlasten &amp; Verhuizingstips\">Virginia<\/a>en opereert vanuit Sterling. Ze hebben een netwerk van wereldwijde partneragenten waarmee ze samenwerken om internationaal verhuisdiensten te leveren. Ze zijn lid van IAM met 31 jaar ervaring.<\/p>\n<p>Brauns International biedt een op maat gemaakte verhuisservice met een Persoonlijke Verhuisadviseur die alle aspecten van je verhuizing zal co\u00f6rdineren. Ze bieden een inpakservice met de hoogste kwaliteit verpakking om je spullen te beschermen. Ze regelen en volgen het transport van je bezittingen en vullen al het papierwerk en documentatie in voor de douane-inklaring.<\/p>\n<p>Website: <a href=\"https:\/\/www.braunsusa.com\/\" target=\"_blank\" rel=\"noopener\">https:\/\/www.braunsusa.com\/<\/a><\/p>\n<h2><span class=\"ez-toc-section\" id=\"2_DN_Van_Lines\"><\/span><strong>2. DN Van Lines<\/strong><span class=\"ez-toc-section-end\"><\/span><\/h2>\n<p><img loading=\"lazy\" decoding=\"async\" class=\"alignnone size-full wp-image-11307\" src=\"https:\/\/moverdb.com\/wp-content\/uploads\/DN-Van-Lines-international-moving-company.png\" alt=\"DN Van Lines internationaal verhuisbedrijf\" width=\"1440\" height=\"670\" data-wp-pid=\"11307\" srcset=\"https:\/\/moverdb.com\/wp-content\/uploads\/DN-Van-Lines-international-moving-company.png 1440w, https:\/\/moverdb.com\/wp-content\/uploads\/DN-Van-Lines-international-moving-company-300x140.png 300w, https:\/\/moverdb.com\/wp-content\/uploads\/DN-Van-Lines-international-moving-company-1024x476.png 1024w, https:\/\/moverdb.com\/wp-content\/uploads\/DN-Van-Lines-international-moving-company-18x8.png 18w, https:\/\/moverdb.com\/wp-content\/uploads\/DN-Van-Lines-international-moving-company-600x279.png 600w\" sizes=\"auto, (max-width: 1440px) 100vw, 1440px\" \/><\/p>\n<ul>\n<li>Lokale en interstatelijke verhuizingen<\/li>\n<li>Lange afstand verhuizingen<\/li>\n<li>Verhuizingen<\/li>\n<li>Kantoor- en bedrijfsverhuizingen<\/li>\n<li>Toegewijde verhuisco\u00f6rdinator<\/li>\n<li>Verpakkingsdienst<\/li>\n<li>Gedetailleerd voorraadbeheer<\/li>\n<li>Vervoer<\/li>\n<li>Volgen van zendingen<\/li>\n<li>Veilige opslag op korte en lange termijn<\/li>\n<\/ul>\n<p>DN Van Lines is een verhuis- en opslagbedrijf opgericht in 2001 met vestigingen in Sterling, <a href=\"https:\/\/moverdb.com\/nl\/moving-to-the-united-states\/moving-to-florida\/\" data-internallinksmanager029f6b8e52c=\"331\" title=\"Verhuizen naar Florida? 2023 Woonlasten &amp; Verhuizingstips\">Florida<\/a> en <a href=\"https:\/\/moverdb.com\/nl\/moving-to-the-united-states\/moving-to-massachusetts\/\" data-internallinksmanager029f6b8e52c=\"412\" title=\"Verhuizen naar Massachusetts? 2023 Woonlasten &amp; Verhuizingstips\">Massachusetts<\/a>. Ze zijn lid van IAM met 20 jaar ervaring, waardoor ze toegang hebben tot een internationaal netwerk van verhuisagenten.<\/p>\n<p>DN Van Lines biedt een in-home of virtuele survey aan om het volume van je verhuis te schatten en ze voorzien een toegewijde verhuisco\u00f6rdinator. Ze bieden een inpakservice waarbij getrainde medewerkers je spullen veilig inpakken en een gedetailleerde inventaris maken die veilig wordt opgeslagen in hun systeem. Ze regelen het transport van je spullen naar je bestemming en zendingen worden gevolgd via GPS.<\/p>\n<p>Website: <a href=\"https:\/\/dnvanlines.com\/\" target=\"_blank\" rel=\"noopener\">https:\/\/dnvanlines.com\/<\/a><\/p>\n<h2><span class=\"ez-toc-section\" id=\"3_JK_Moving_Services\"><\/span><strong>3. JK Verhuisdiensten<\/strong><span class=\"ez-toc-section-end\"><\/span><\/h2>\n<p><img loading=\"lazy\" decoding=\"async\" class=\"alignnone size-full wp-image-11662\" src=\"https:\/\/moverdb.com\/wp-content\/uploads\/JK-Moving-Services-international-moving-company.png\" alt=\"JK Moving Services internationaal verhuisbedrijf\" width=\"1440\" height=\"678\" data-wp-pid=\"11662\" srcset=\"https:\/\/moverdb.com\/wp-content\/uploads\/JK-Moving-Services-international-moving-company.png 1440w, https:\/\/moverdb.com\/wp-content\/uploads\/JK-Moving-Services-international-moving-company-300x141.png 300w, https:\/\/moverdb.com\/wp-content\/uploads\/JK-Moving-Services-international-moving-company-1024x482.png 1024w, https:\/\/moverdb.com\/wp-content\/uploads\/JK-Moving-Services-international-moving-company-18x8.png 18w, https:\/\/moverdb.com\/wp-content\/uploads\/JK-Moving-Services-international-moving-company-600x283.png 600w\" sizes=\"auto, (max-width: 1440px) 100vw, 1440px\" \/><\/p>\n<ul>\n<li>Lokale verhuizingen en verhuizingen over lange afstanden<\/li>\n<li>Internationale verhuizingen<\/li>\n<li>Verhuizingen<\/li>\n<li>Commerci\u00eble verhuizingen<\/li>\n<li>Service van deur tot deur<\/li>\n<li>Toegewijde verhuismanager<\/li>\n<li>Verpakkingsdienst<\/li>\n<li>Vrachtvervoer per vrachtwagen, spoor, zee- en luchtvracht<\/li>\n<li>Inklaring<\/li>\n<li>Beveiligde opslag<\/li>\n<\/ul>\n<p>JK Moving Services is een verhuis- en logistiek bedrijf dat al meer dan 40 jaar actief is en vestigingen heeft in Sterling, <a href=\"https:\/\/moverdb.com\/nl\/moving-to-the-united-states\/moving-to-maryland\/\" data-internallinksmanager029f6b8e52c=\"467\" title=\"Verhuizen naar Maryland? 2024 Woonlasten &amp; Verhuizingstips\">Maryland<\/a> en Washington. Ze beschikken over een uitgebreid wereldwijd verhuisnetwerk om hen te ondersteunen bij het leveren van internationale diensten. Ze zijn lid van IAM met 44 jaar ervaring en zijn geaccrediteerd door FIDI.<\/p>\n<p>JK Moving Services biedt verhuisservices van deur tot deur voor residenti\u00eble en commerci\u00eble klanten met een toegewijde verhuismanager die al uw logistiek co\u00f6rdineert. Ze bieden professionele, getrainde verhuizers die uw spullen veilig inpakken en laden en ze bij aflevering uitladen en uitpakken.<\/p>\n<p>Website: <a href=\"https:\/\/www.jkmoving.com\/\" target=\"_blank\" rel=\"noopener\">https:\/\/www.jkmoving.com\/<\/a><\/p>\n<h2><span class=\"ez-toc-section\" id=\"4_Laing_International\"><\/span><strong>4. Laing Internationaal<\/strong><span class=\"ez-toc-section-end\"><\/span><\/h2>\n<p><img loading=\"lazy\" decoding=\"async\" class=\"alignnone size-full wp-image-11361\" src=\"https:\/\/moverdb.com\/wp-content\/uploads\/Laing-International-moving-company.png\" alt=\"Laing Internationaal verhuisbedrijf\" width=\"1440\" height=\"681\" data-wp-pid=\"11361\" srcset=\"https:\/\/moverdb.com\/wp-content\/uploads\/Laing-International-moving-company.png 1440w, https:\/\/moverdb.com\/wp-content\/uploads\/Laing-International-moving-company-300x142.png 300w, https:\/\/moverdb.com\/wp-content\/uploads\/Laing-International-moving-company-1024x484.png 1024w, https:\/\/moverdb.com\/wp-content\/uploads\/Laing-International-moving-company-18x9.png 18w, https:\/\/moverdb.com\/wp-content\/uploads\/Laing-International-moving-company-600x284.png 600w\" sizes=\"auto, (max-width: 1440px) 100vw, 1440px\" \/><\/p>\n<ul>\n<li>Lokale vrachtdiensten<\/li>\n<li>Internationale vracht<\/li>\n<li>Individuele goederen<\/li>\n<li>Commerci\u00eble goederen<\/li>\n<li>Beheer van verzendingen<\/li>\n<li>Verpakkingsdienst<\/li>\n<li>Crating<\/li>\n<li>Vervoer<\/li>\n<li>Inklaring<\/li>\n<li>Verzekering<\/li>\n<\/ul>\n<p>Laing International is een douane-expediteur en <a href=\"https:\/\/moverdb.com\/nl\/freight-forwarder\/\" data-internallinksmanager029f6b8e52c=\"17\" title=\"Internationale kosten &amp; bedrijvengids voor expediteurs &amp; NVOCC\">vrachtvervoerder<\/a> gevestigd in Sterling en Maryland, opgericht in 1979. Ze zijn lid van IAM met 44 jaar ervaring, waardoor ze beschikken over een internationaal netwerk van bedrijven die hen ondersteunen bij het leveren van hun diensten over de hele wereld.<\/p>\n<p>Laing International is een specialist in douane-expeditie en expeditie die ernaar streeft vertragingen te verminderen en u geld te besparen op het verhuizen van uw goederen, lokaal of internationaal. Ze bieden lokale kartagediensten en luchtvrachtexpeditie, inclusief het veilig verpakken en kratten van je items, inclusief verzekering. Ze verzorgen ook de inklaring voor het overbrengen van je goederen tussen landen.<\/p>\n<p>Website: <a href=\"http:\/\/www.lainginternational.com\/\" target=\"_blank\" rel=\"noopener\">http:\/\/www.lainginternational.com\/<\/a><\/p>\n<h2><span class=\"ez-toc-section\" id=\"5_RelogistiX\"><\/span><strong>5. RelogistiX<\/strong><span class=\"ez-toc-section-end\"><\/span><\/h2>\n<p><img loading=\"lazy\" decoding=\"async\" class=\"alignnone size-full wp-image-11663\" src=\"https:\/\/moverdb.com\/wp-content\/uploads\/Relogistix-international-moving-company.png\" alt=\"Relogistix internationaal verhuisbedrijf\" width=\"1440\" height=\"680\" data-wp-pid=\"11663\" srcset=\"https:\/\/moverdb.com\/wp-content\/uploads\/Relogistix-international-moving-company.png 1440w, https:\/\/moverdb.com\/wp-content\/uploads\/Relogistix-international-moving-company-300x142.png 300w, https:\/\/moverdb.com\/wp-content\/uploads\/Relogistix-international-moving-company-1024x484.png 1024w, https:\/\/moverdb.com\/wp-content\/uploads\/Relogistix-international-moving-company-18x9.png 18w, https:\/\/moverdb.com\/wp-content\/uploads\/Relogistix-international-moving-company-600x283.png 600w\" sizes=\"auto, (max-width: 1440px) 100vw, 1440px\" \/><\/p>\n<ul>\n<li>Internationale verhuizingen<\/li>\n<li>Huishoudelijke verhuizingen<\/li>\n<li>Service van deur tot deur<\/li>\n<li>Toegewijde co\u00f6rdinator<\/li>\n<li>Onderzoek aan huis<\/li>\n<li>Verpakkingsdienst<\/li>\n<li>Verpakkingsmateriaal van hoge kwaliteit<\/li>\n<li>Vervoer over land, door de lucht en over zee<\/li>\n<li>Inklaring<\/li>\n<li>Uitpakken en puin verwijderen<\/li>\n<\/ul>\n<p>RelogistiX is een verhuis- en logistiek bedrijf met vestigingen in Sterling en Alexandri\u00eb. Ze zijn lid van IAM met 36 jaar ervaring, waardoor ze toegang hebben tot een internationaal netwerk van verhuisagenten om hen te ondersteunen.<\/p>\n<p>RelogistiX biedt een gratis adviesgesprek voorafgaand aan de verhuizing om uw wensen te bespreken en zal een enqu\u00eate bij u thuis uitvoeren en een offerte maken. Ze zorgen voor een aangewezen co\u00f6rdinator die uw primaire contactpersoon zal zijn tijdens de hele verhuizing. Ze gebruiken de beste verpakkingsmaterialen die voldoen aan internationale normen en aangepaste kratten om uw spullen te beschermen. Bij aankomst worden uw spullen uitgeladen en uitgepakt en wordt al het afval verwijderd.<\/p>\n<p>Website: <a href=\"https:\/\/www.relogistix.net\/\" target=\"_blank\" rel=\"noopener\">https:\/\/www.relogistix.net\/<\/a><\/p>\n<h2><span class=\"ez-toc-section\" id=\"6_Star_Moving_Solutions\"><\/span><strong>6. Star Verhuisoplossingen<\/strong><span class=\"ez-toc-section-end\"><\/span><\/h2>\n<p><img loading=\"lazy\" decoding=\"async\" class=\"alignnone size-full wp-image-5207\" src=\"https:\/\/moverdb.com\/wp-content\/uploads\/Star-Moving-international-moving-company.png\" alt=\"Star Moving internationaal verhuisbedrijf\" width=\"1440\" height=\"683\" data-wp-pid=\"5207\" srcset=\"https:\/\/moverdb.com\/wp-content\/uploads\/Star-Moving-international-moving-company.png 1440w, https:\/\/moverdb.com\/wp-content\/uploads\/Star-Moving-international-moving-company-300x142.png 300w, https:\/\/moverdb.com\/wp-content\/uploads\/Star-Moving-international-moving-company-1024x486.png 1024w, https:\/\/moverdb.com\/wp-content\/uploads\/Star-Moving-international-moving-company-18x9.png 18w, https:\/\/moverdb.com\/wp-content\/uploads\/Star-Moving-international-moving-company-600x285.png 600w\" sizes=\"auto, (max-width: 1440px) 100vw, 1440px\" \/><\/p>\n<ul>\n<li>Nationale verhuizingen<\/li>\n<li>Internationale verhuizingen<\/li>\n<li>Huishoudelijke verhuizingen<\/li>\n<li>Bedrijfsverhuizingen<\/li>\n<li>Service van deur tot deur<\/li>\n<li>Verpakkingsdiensten<\/li>\n<li>Vervoer<\/li>\n<li>Ondersteuning door de douane<\/li>\n<li>Volgsystemen<\/li>\n<li>Opslagoplossingen<\/li>\n<\/ul>\n<p>Star Moving Solutions is een nationaal en internationaal verhuisbedrijf opgericht in 1998. Ze zijn lid van Van Line met een uitgebreid wereldwijd netwerk van verhuisbedrijven om hen te ondersteunen met internationale diensten in meer dan 160 landen. Ze zijn lid van IAM met 25 jaar ervaring.<\/p>\n<p>Star Moving Solutions biedt een in-home survey om uw verhuisvolumes vast te stellen en een offerte op te stellen. Ze bieden \u00e9\u00e9n aanspreekpunt om u tijdens uw hele verhuizing te helpen en ze hebben een volgsysteem om de voortgang te controleren. Ze bieden gespecialiseerde verpakkings- en inpakdiensten voor overzeese verhuizingen en helpen bij de douane-inklaring.<\/p>\n<p>Website: <a href=\"https:\/\/starint.com\/\" target=\"_blank\" rel=\"noopener\">https:\/\/starint.com\/<\/a><\/p>","protected":false},"excerpt":{"rendered":"<p>Moving can be a busy time so getting some help can really lighten the load. You can engage a moving company to help with a range of moving tasks including planning your move, packing your items, arranging transport and handling any customs documentation. Below we have compiled a list of Sterling based removal companies that [&hellip;]<\/p>\n","protected":false},"author":4,"featured_media":7421,"parent":190,"menu_order":0,"comment_status":"closed","ping_status":"closed","template":"","meta":{"_genesis_hide_title":false,"_genesis_hide_breadcrumbs":false,"_genesis_hide_singular_image":false,"_genesis_hide_footer_widgets":false,"_genesis_custom_body_class":"","_genesis_custom_post_class":"","_genesis_layout":"","footnotes":""},"class_list":{"0":"post-11661","1":"page","2":"type-page","3":"status-publish","4":"has-post-thumbnail","6":"entry"},"_links":{"self":[{"href":"https:\/\/moverdb.com\/nl\/wp-json\/wp\/v2\/pages\/11661","targetHints":{"allow":["GET"]}}],"collection":[{"href":"https:\/\/moverdb.com\/nl\/wp-json\/wp\/v2\/pages"}],"about":[{"href":"https:\/\/moverdb.com\/nl\/wp-json\/wp\/v2\/types\/page"}],"author":[{"embeddable":true,"href":"https:\/\/moverdb.com\/nl\/wp-json\/wp\/v2\/users\/4"}],"replies":[{"embeddable":true,"href":"https:\/\/moverdb.com\/nl\/wp-json\/wp\/v2\/comments?post=11661"}],"version-history":[{"count":2,"href":"https:\/\/moverdb.com\/nl\/wp-json\/wp\/v2\/pages\/11661\/revisions"}],"predecessor-version":[{"id":11665,"href":"https:\/\/moverdb.com\/nl\/wp-json\/wp\/v2\/pages\/11661\/revisions\/11665"}],"up":[{"embeddable":true,"href":"https:\/\/moverdb.com\/nl\/wp-json\/wp\/v2\/pages\/190"}],"wp:featuredmedia":[{"embeddable":true,"href":"https:\/\/moverdb.com\/nl\/wp-json\/wp\/v2\/media\/7421"}],"wp:attachment":[{"href":"https:\/\/moverdb.com\/nl\/wp-json\/wp\/v2\/media?parent=11661"}],"curies":[{"name":"wp","href":"https:\/\/api.w.org\/{rel}","templated":true}]}}