{"id":11574,"date":"2023-11-29T10:39:50","date_gmt":"2023-11-29T10:39:50","guid":{"rendered":"https:\/\/moverdb.com\/?page_id=11574"},"modified":"2026-01-08T15:24:45","modified_gmt":"2026-01-08T15:24:45","slug":"moving-companies-in-honolulu-usa","status":"publish","type":"page","link":"https:\/\/moverdb.com\/nl\/moving-companies\/moving-companies-in-honolulu-usa\/","title":{"rendered":"4 Beste internationale verhuisbedrijven in Honolulu"},"content":{"rendered":"<p>Het plannen van een verhuizing, lokaal of interlokaal, kan ingewikkeld en stressvol zijn. <a href=\"https:\/\/moverdb.com\/nl\/moving-companies\/\" data-internallinksmanager029f6b8e52c=\"79\" title=\"Top 25 Internationale Verhuisbedrijven Online\">verhuisbedrijf<\/a> om een aantal van de rollen op zich te nemen kan echt helpen. Hieronder hebben we een lijst samengesteld van in Honolulu gevestigde <a href=\"https:\/\/moverdb.com\/nl\/international-removals\/\" data-internallinksmanager029f6b8e52c=\"27\" title=\"36 Beste internationale verhuisbedrijven in Groot-Brittanni\u00eb\">verhuisbedrijven<\/a> die lid zijn van de <a href=\"https:\/\/moverdb.com\/nl\/iam\/\" data-internallinksmanager029f6b8e52c=\"23\" title=\"Internationale Vereniging van Verhuizers (IAM) Uitgelegd\">Internationale Vereniging van Verhuizers<\/a> (IAM) en\/of <a href=\"https:\/\/moverdb.com\/nl\/fidi-faim\/\" data-internallinksmanager029f6b8e52c=\"16\" title=\"FIDI &amp; FAIM (FIDI Geaccrediteerde Internationale Verhuizer) Uitgelegd\">FIDI<\/a> Erkende Internationale Verhuizers (FAIM) die u kunnen helpen met uw verhuizing.<\/p>\n<div id=\"ez-toc-container\" class=\"ez-toc-v2_0_82_2 ez-toc-wrap-left counter-hierarchy ez-toc-counter ez-toc-transparent ez-toc-container-direction\">\n<div class=\"ez-toc-title-container\">\n<p class=\"ez-toc-title\" style=\"cursor:inherit\">Secties<\/p>\n<span class=\"ez-toc-title-toggle\"><a href=\"#\" class=\"ez-toc-pull-right ez-toc-btn ez-toc-btn-xs ez-toc-btn-default ez-toc-toggle\" aria-label=\"Toggle tabel met inhoud\"><span class=\"ez-toc-js-icon-con\"><span class=\"\"><span class=\"eztoc-hide\" style=\"display:none;\">Schakel<\/span><span class=\"ez-toc-icon-toggle-span\"><svg style=\"fill: #999;color:#999\" xmlns=\"http:\/\/www.w3.org\/2000\/svg\" class=\"list-377408\" width=\"20px\" height=\"20px\" viewbox=\"0 0 24 24\" fill=\"none\"><path d=\"M6 6H4v2h2V6zm14 0H8v2h12V6zM4 11h2v2H4v-2zm16 0H8v2h12v-2zM4 16h2v2H4v-2zm16 0H8v2h12v-2z\" fill=\"currentColor\"><\/path><\/svg><svg style=\"fill: #999;color:#999\" class=\"arrow-unsorted-368013\" xmlns=\"http:\/\/www.w3.org\/2000\/svg\" width=\"10px\" height=\"10px\" viewbox=\"0 0 24 24\" version=\"1.2\" baseprofile=\"tiny\"><path d=\"M18.2 9.3l-6.2-6.3-6.2 6.3c-.2.2-.3.4-.3.7s.1.5.3.7c.2.2.4.3.7.3h11c.3 0 .5-.1.7-.3.2-.2.3-.5.3-.7s-.1-.5-.3-.7zM5.8 14.7l6.2 6.3 6.2-6.3c.2-.2.3-.5.3-.7s-.1-.5-.3-.7c-.2-.2-.4-.3-.7-.3h-11c-.3 0-.5.1-.7.3-.2.2-.3.5-.3.7s.1.5.3.7z\"\/><\/svg><\/span><\/span><\/span><\/a><\/span><\/div>\n<nav><ul class='ez-toc-list ez-toc-list-level-1 eztoc-toggle-hide-by-default' ><li class='ez-toc-page-1 ez-toc-heading-level-2'><a class=\"ez-toc-link ez-toc-heading-1\" href=\"https:\/\/moverdb.com\/nl\/moving-companies\/moving-companies-in-honolulu-usa\/#1_Island_Movers\" >1. Eiland verhuizers<\/a><\/li><li class='ez-toc-page-1 ez-toc-heading-level-2'><a class=\"ez-toc-link ez-toc-heading-2\" href=\"https:\/\/moverdb.com\/nl\/moving-companies\/moving-companies-in-honolulu-usa\/#2_Royal_Hawaiian_Movers\" >2. Koninklijke verhuizers Hawaiian<\/a><\/li><li class='ez-toc-page-1 ez-toc-heading-level-2'><a class=\"ez-toc-link ez-toc-heading-3\" href=\"https:\/\/moverdb.com\/nl\/moving-companies\/moving-companies-in-honolulu-usa\/#3_WestPac_International\" >3. WestPac Internationaal<\/a><\/li><li class='ez-toc-page-1 ez-toc-heading-level-2'><a class=\"ez-toc-link ez-toc-heading-4\" href=\"https:\/\/moverdb.com\/nl\/moving-companies\/moving-companies-in-honolulu-usa\/#4_World_Wide_Movers_Inc\" >4. World Wide Movers Inc<\/a><\/li><\/ul><\/nav><\/div>\n<h2><span class=\"ez-toc-section\" id=\"1_Island_Movers\"><\/span><strong>1. Eiland verhuizers<\/strong><span class=\"ez-toc-section-end\"><\/span><\/h2>\n<p><img loading=\"lazy\" decoding=\"async\" class=\"alignnone size-full wp-image-11354\" src=\"https:\/\/moverdb.com\/wp-content\/uploads\/Island-Movers-international-moving-company.png\" alt=\"Island Movers internationaal verhuisbedrijf\" width=\"1440\" height=\"676\" data-wp-pid=\"11354\" srcset=\"https:\/\/moverdb.com\/wp-content\/uploads\/Island-Movers-international-moving-company.png 1440w, https:\/\/moverdb.com\/wp-content\/uploads\/Island-Movers-international-moving-company-300x141.png 300w, https:\/\/moverdb.com\/wp-content\/uploads\/Island-Movers-international-moving-company-1024x481.png 1024w, https:\/\/moverdb.com\/wp-content\/uploads\/Island-Movers-international-moving-company-18x8.png 18w, https:\/\/moverdb.com\/wp-content\/uploads\/Island-Movers-international-moving-company-600x282.png 600w\" sizes=\"auto, (max-width: 1440px) 100vw, 1440px\" \/><\/p>\n<ul>\n<li>Lokale en nationale verhuizingen<\/li>\n<li>Internationale verhuizingen<\/li>\n<li>Verhuizingen<\/li>\n<li>Zakelijke verhuizingen<\/li>\n<li>Beheer van de verhuizing<\/li>\n<li>Huis-aan-huis of huis-aan-huis<a href=\"https:\/\/moverdb.com\/nl\/top-49-container-ports\/\" data-internallinksmanager029f6b8e52c=\"80\" title=\"Top 49 grootste en drukste containerhavens in 2025\">haven<\/a> service<\/li>\n<li>Gratis prijsopgave<\/li>\n<li>Verpakkingsservice-opties<\/li>\n<li>Vervoer<\/li>\n<li>Opslag op korte en lange termijn<\/li>\n<\/ul>\n<p>Island Movers is een verhuis- en expeditiebedrijf dat is opgericht in 1958 en is gevestigd in Honolulu. Ze werken samen met partneragenten over de hele wereld om wereldwijd verhuisdiensten te leveren van of naar <a href=\"https:\/\/moverdb.com\/nl\/moving-to-the-united-states\/moving-to-hawaii\/\" data-internallinksmanager029f6b8e52c=\"403\" title=\"Verhuizen naar Hawa\u00ef? 2023 Woonlasten &amp; Verhuizingstips\">Hawaii<\/a>. Ze zijn lid van IAM met 65 jaar ervaring.<\/p>\n<p>Island Movers biedt verhuisservices voor het Hawa\u00ef-gedeelte van uw verhuizing en werkt samen met partners of het door u gekozen verhuisbedrijf op uw huidige locatie om uw verhuizing te co\u00f6rdineren. Voor verhuizingen naar Hawa\u00ef bieden ze inpakdiensten of kunt u zelf inpakken. Ze bieden opslagoplossingen in Hawa\u00ef met de optie van lange- of kortetermijnopslag in beveiligde magazijnen of 20' of 40' containers.<\/p>\n<p>Website: <a href=\"https:\/\/www.islandmovers.com\/\" target=\"_blank\" rel=\"noopener\">https:\/\/www.islandmovers.com\/<\/a><\/p>\n<h2><span class=\"ez-toc-section\" id=\"2_Royal_Hawaiian_Movers\"><\/span><strong>2. Koninklijke verhuizers Hawaiian<\/strong><span class=\"ez-toc-section-end\"><\/span><\/h2>\n<p><img loading=\"lazy\" decoding=\"async\" class=\"alignnone size-full wp-image-11429\" src=\"https:\/\/moverdb.com\/wp-content\/uploads\/Royal-Hawaiian-Movers-international-moving-company.png\" alt=\"Royal Hawaiian Movers internationaal verhuisbedrijf\" width=\"1440\" height=\"683\" data-wp-pid=\"11429\" srcset=\"https:\/\/moverdb.com\/wp-content\/uploads\/Royal-Hawaiian-Movers-international-moving-company.png 1440w, https:\/\/moverdb.com\/wp-content\/uploads\/Royal-Hawaiian-Movers-international-moving-company-300x142.png 300w, https:\/\/moverdb.com\/wp-content\/uploads\/Royal-Hawaiian-Movers-international-moving-company-1024x486.png 1024w, https:\/\/moverdb.com\/wp-content\/uploads\/Royal-Hawaiian-Movers-international-moving-company-18x9.png 18w, https:\/\/moverdb.com\/wp-content\/uploads\/Royal-Hawaiian-Movers-international-moving-company-600x285.png 600w\" sizes=\"auto, (max-width: 1440px) 100vw, 1440px\" \/><\/p>\n<ul>\n<li>Lokale en nationale verhuizingen<\/li>\n<li>Internationale verhuizingen<\/li>\n<li>Huishoudelijke verhuizingen<\/li>\n<li>Bedrijfsverhuizingen<\/li>\n<li>Gepersonaliseerde diensten<\/li>\n<li>Verpakkingsdienst<\/li>\n<li>Vervoer<\/li>\n<li>Ondersteuning door de douane<\/li>\n<li>Vervoer van voertuigen<\/li>\n<li>Opslagfaciliteiten<\/li>\n<\/ul>\n<p>Royal Hawaiian Movers is een verhuis- en transportbedrijf opgericht in 1982 met kantoren in Honolulu, Kahului, Keaau, Kailua en Lihue. Ze maken deel uit van The DeWitt Companies familie die een ge\u00efntegreerd netwerk van verhuis- en opslagdiensten heeft. Ze zijn lid van IAM met 41 jaar ervaring.<\/p>\n<p>Royal Hawaiian Movers biedt een persoonlijk of virtueel vooronderzoek en planning om uw verhuizing van deur tot deur of van haven tot haven te organiseren. Ze bieden een persoonlijke service op maat van uw behoeften en ondersteunen u bij alle aspecten van uw verhuizing, waaronder het inpakken van uw spullen, het uitladen en weer in elkaar zetten van uw huis, transport, douane- en cultureel advies.<\/p>\n<p>Website: <a href=\"https:\/\/www.royalhawaiianmovers.com\/\" target=\"_blank\" rel=\"noopener\">https:\/\/www.royalhawaiianmovers.com\/<\/a><\/p>\n<h2><span class=\"ez-toc-section\" id=\"3_WestPac_International\"><\/span><strong>3. WestPac Internationaal<\/strong><span class=\"ez-toc-section-end\"><\/span><\/h2>\n<p><img loading=\"lazy\" decoding=\"async\" class=\"alignnone size-full wp-image-11477\" src=\"https:\/\/moverdb.com\/wp-content\/uploads\/WestPac-International-moving-company.png\" alt=\"Verhuisbedrijf WestPac International\" width=\"1440\" height=\"682\" data-wp-pid=\"11477\" srcset=\"https:\/\/moverdb.com\/wp-content\/uploads\/WestPac-International-moving-company.png 1440w, https:\/\/moverdb.com\/wp-content\/uploads\/WestPac-International-moving-company-300x142.png 300w, https:\/\/moverdb.com\/wp-content\/uploads\/WestPac-International-moving-company-1024x485.png 1024w, https:\/\/moverdb.com\/wp-content\/uploads\/WestPac-International-moving-company-18x9.png 18w, https:\/\/moverdb.com\/wp-content\/uploads\/WestPac-International-moving-company-600x284.png 600w\" sizes=\"auto, (max-width: 1440px) 100vw, 1440px\" \/><\/p>\n<ul>\n<li>Lokale en nationale verhuizingen<\/li>\n<li>Internationale verhuizingen<\/li>\n<li>Verhuizingen<\/li>\n<li>Verhuizingen van kantoren<\/li>\n<li>Service van deur tot deur<\/li>\n<li>Verpakking en kratten<\/li>\n<li>Verpakkingsmateriaal van hoge kwaliteit<\/li>\n<li>Regeling van het vervoer<\/li>\n<li>Verzekering<\/li>\n<li>Veilige opslag op korte en lange termijn<\/li>\n<\/ul>\n<p>WestPac International is een internationaal verhuisbedrijf met meer dan 25 jaar ervaring en is gevestigd in Honolulu. Ze zijn lid van IAM met 23 jaar ervaring, waardoor ze toegang hebben tot een internationaal netwerk van verhuisbedrijven die hen kunnen ondersteunen met wereldwijde verhuisdiensten.<\/p>\n<p>WestPac International biedt een gratis prijsopgave en zoekt de beste optie en prijs voor jouw verhuizing. Ze bieden een verpakkings- en kratingservice die gebruik maakt van verhuismaterialen van hoge kwaliteit, of je kunt zelf inpakken met de meegeleverde verpakkingsmaterialen. Ze regelen het transport van je spullen naar je bestemming en zorgen voor verzekeringsdekking.<\/p>\n<p>Website: <a href=\"https:\/\/www.westpacinternational.com\/\" target=\"_blank\" rel=\"noopener\">https:\/\/www.westpacinternational.com\/<\/a><\/p>\n<h2><span class=\"ez-toc-section\" id=\"4_World_Wide_Movers_Inc\"><\/span><strong>4. World Wide Movers Inc<\/strong><span class=\"ez-toc-section-end\"><\/span><\/h2>\n<p><img loading=\"lazy\" decoding=\"async\" class=\"alignnone size-full wp-image-11480\" src=\"https:\/\/moverdb.com\/wp-content\/uploads\/World-Wide-Movers-Inc-international-moving-company.png\" alt=\"World Wide Movers Inc internationaal verhuisbedrijf\" width=\"1440\" height=\"678\" data-wp-pid=\"11480\" srcset=\"https:\/\/moverdb.com\/wp-content\/uploads\/World-Wide-Movers-Inc-international-moving-company.png 1440w, https:\/\/moverdb.com\/wp-content\/uploads\/World-Wide-Movers-Inc-international-moving-company-300x141.png 300w, https:\/\/moverdb.com\/wp-content\/uploads\/World-Wide-Movers-Inc-international-moving-company-1024x482.png 1024w, https:\/\/moverdb.com\/wp-content\/uploads\/World-Wide-Movers-Inc-international-moving-company-18x8.png 18w, https:\/\/moverdb.com\/wp-content\/uploads\/World-Wide-Movers-Inc-international-moving-company-600x283.png 600w\" sizes=\"auto, (max-width: 1440px) 100vw, 1440px\" \/><\/p>\n<ul>\n<li>Lokale en nationale verhuizingen<\/li>\n<li>Internationale verhuizingen<\/li>\n<li>Verhuizingen<\/li>\n<li>Bedrijfsverhuizingen<\/li>\n<li>Verhuisplan op maat<\/li>\n<li>Verpakkingsdienst<\/li>\n<li>Vervoer<\/li>\n<li><a href=\"https:\/\/moverdb.com\/nl\/car-transport-shipping\/\" data-internallinksmanager029f6b8e52c=\"2\" title=\"2026 Internationaal Autovervoer &amp; Transport van Voertuigen Offertes\">Vervoer van voertuigen<\/a><\/li>\n<li>Verzekering<\/li>\n<li>Opslagfaciliteiten<\/li>\n<\/ul>\n<p>World Wide Movers Inc is een verhuis- en opslagbedrijf dat is opgericht in 1963 en is gevestigd in Honolulu. Ze zijn agent voor United Van Lines, Mayflower Transit en UniGroup. Ze zijn lid van IAM met 60 jaar ervaring.<\/p>\n<p>World Wide Movers Inc biedt een gratis offerte aan en maakt een verhuisplan op maat dat voldoet aan jouw behoeften, schema en budget. Ze bieden verpakkingsopties om je flexibiliteit te geven over hoeveel je wilt deelnemen aan de verhuizing - volledige inpakservice, breekbare verpakking en doe-het-zelf-verpakking. Hun professionele team van verhuizers gebruikt standaard materialen en methoden om items te beschermen en kan kratten op maat leveren.<\/p>\n<p>Website: <a href=\"https:\/\/world-widemovers.com\/honolulu-hawaii-moving-company\/\" target=\"_blank\" rel=\"noopener\">https:\/\/world-widemovers.com\/honolulu-hawaii-moving-company\/<\/a><\/p>","protected":false},"excerpt":{"rendered":"<p>Planning a move locally or long distance can be complicated and stressful so involving a moving company to take on some of the roles can really help. Below we have compiled a list of Honolulu based removal companies that are members of the International Association of Movers (IAM) and\/or FIDI Accredited International Mover (FAIM) who [&hellip;]<\/p>\n","protected":false},"author":4,"featured_media":11354,"parent":190,"menu_order":0,"comment_status":"closed","ping_status":"closed","template":"","meta":{"_genesis_hide_title":false,"_genesis_hide_breadcrumbs":false,"_genesis_hide_singular_image":false,"_genesis_hide_footer_widgets":false,"_genesis_custom_body_class":"","_genesis_custom_post_class":"","_genesis_layout":"","footnotes":""},"class_list":{"0":"post-11574","1":"page","2":"type-page","3":"status-publish","4":"has-post-thumbnail","6":"entry"},"_links":{"self":[{"href":"https:\/\/moverdb.com\/nl\/wp-json\/wp\/v2\/pages\/11574","targetHints":{"allow":["GET"]}}],"collection":[{"href":"https:\/\/moverdb.com\/nl\/wp-json\/wp\/v2\/pages"}],"about":[{"href":"https:\/\/moverdb.com\/nl\/wp-json\/wp\/v2\/types\/page"}],"author":[{"embeddable":true,"href":"https:\/\/moverdb.com\/nl\/wp-json\/wp\/v2\/users\/4"}],"replies":[{"embeddable":true,"href":"https:\/\/moverdb.com\/nl\/wp-json\/wp\/v2\/comments?post=11574"}],"version-history":[{"count":1,"href":"https:\/\/moverdb.com\/nl\/wp-json\/wp\/v2\/pages\/11574\/revisions"}],"predecessor-version":[{"id":11575,"href":"https:\/\/moverdb.com\/nl\/wp-json\/wp\/v2\/pages\/11574\/revisions\/11575"}],"up":[{"embeddable":true,"href":"https:\/\/moverdb.com\/nl\/wp-json\/wp\/v2\/pages\/190"}],"wp:featuredmedia":[{"embeddable":true,"href":"https:\/\/moverdb.com\/nl\/wp-json\/wp\/v2\/media\/11354"}],"wp:attachment":[{"href":"https:\/\/moverdb.com\/nl\/wp-json\/wp\/v2\/media?parent=11574"}],"curies":[{"name":"wp","href":"https:\/\/api.w.org\/{rel}","templated":true}]}}