{"id":955,"date":"2016-07-24T19:52:53","date_gmt":"2016-07-24T19:52:53","guid":{"rendered":"http:\/\/moverdb.com\/?page_id=955"},"modified":"2026-01-08T15:21:02","modified_gmt":"2026-01-08T15:21:02","slug":"us-canada-movers","status":"publish","type":"page","link":"https:\/\/moverdb.com\/nb\/us-canada-movers\/","title":{"rendered":"Topp 100 innenlandske og internasjonale flyttere i USA og Canada"},"content":{"rendered":"<p>Nedenfor finner du en liste over de 100 st\u00f8rste innenlandske og internasjonale <a href=\"https:\/\/moverdb.com\/nb\/flyttefirmaer\/\">internasjonale flyttebyr\u00e5er<\/a> den <a href=\"https:\/\/moverdb.com\/nb\/moving-to-the-united-states\/\" data-internallinksmanager029f6b8e52c=\"94\" title=\"Flytte til USA? 2023 Levekostnader og flyttetips\">De forente stater<\/a> og <a href=\"https:\/\/moverdb.com\/nb\/moving-to-canada\/\" data-internallinksmanager029f6b8e52c=\"265\" title=\"Flytte til Canada? 2023 Levekostnader og tips om flytting\">Canada<\/a> basert p\u00e5 antall registrerte lastebiler i deres fl\u00e5te. <\/p>\n<p>Et av disse selskapene er sannsynligvis det rette for din internasjonale, langdistanse- og\/eller mellomstatlige flytting.<\/p>\n<p><img loading=\"lazy\" decoding=\"async\" width=\"720\" height=\"480\" src=\"https:\/\/moverdb.com\/wp-content\/uploads\/Moving-truck.jpeg\" alt=\"Flytting av lastebil\" class=\"aligncenter size-full wp-image-1083\" srcset=\"https:\/\/moverdb.com\/wp-content\/uploads\/Moving-truck.jpeg 720w, https:\/\/moverdb.com\/wp-content\/uploads\/Moving-truck-300x200.jpeg 300w, https:\/\/moverdb.com\/wp-content\/uploads\/Moving-truck-600x400.jpeg 600w\" sizes=\"auto, (max-width: 720px) 100vw, 720px\" \/><\/p>\n<p>Dataene kommer fra <a href=\"http:\/\/www.movingcompanyreviews.com\/100-largest-moving-companies-of-the-us-and-canada\" target=\"_blank\" rel=\"noopener\">MovingCompanyReviews.com<\/a> som viser de siste fl\u00e5test\u00f8rrelsene og ogs\u00e5 hovedkontorets beliggenhet for hvert selskap.<\/p>\n<p>Du kan lese profilene til hvert selskap nedenfor: <\/p>\n<ol>\n<li> <a href=\"https:\/\/moverdb.com\/nb\/united-van-lines\/\"><strong>United Van Lines<\/strong><\/a> - Tilbyr b\u00e5de innenlands flytting i USA og Canada og internasjonal flytting over hele verden.<\/li>\n<li> <a href=\"https:\/\/moverdb.com\/nb\/u-pack-flytting\/\"><strong>U-Pack Moving<\/strong><\/a> - ABF U-Pack Moving tilbyr sine kunder en rekke tjenester for flytting og selvpakking og utpakking i USA, Canada og Puerto Rico. <\/li>\n<li> <a href=\"https:\/\/moverdb.com\/nb\/atlas-van-lines-international\/\"><strong>Atlas Van Lines<\/strong><\/a> - Tilbyr innenlandske flyttinger under Atlas Van Lines-merket og internasjonale flyttinger under Atlas Van Lines International. Begge eies av Atlas World Group.<\/li>\n<li> <a href=\"https:\/\/moverdb.com\/nb\/mayflower-transitt\/\"><strong>Mayflower Transit<\/strong><\/a> - Mayflower Transit tilbyr et bredt utvalg av tjenester fra gj\u00f8r det selv-flytting og lagring, til skreddersydd full internasjonal service. <\/li>\n<li> <a href=\"https:\/\/moverdb.com\/nb\/allierte-van-linjer\/\"><strong>Allied Van Lines<\/strong><\/a> - Allied Van Lines Inc ligger i Fort Wayne, IN, og selskapet tilbyr sine kunder en rekke tjenester, inkludert sporing av forsendelser d\u00f8gnet rundt, hjelp til fortolling, engelsktalende personale i begge ender av flyttingen og fjerning av pakkemateriell.<\/li>\n<li> <a href=\"https:\/\/moverdb.com\/nb\/north-american-van-lines\/\"><strong>Nordamerikanske varebilruter<\/strong><\/a> - North American Van Lines tilbyr sine kunder tjenester for internasjonale, bedrifts- og innenlandske flyttinger.<\/li>\n<li> <a href=\"https:\/\/moverdb.com\/nb\/hvete\/\"><strong>Wheaton World Wide Moving<\/strong><\/a> - Wheaton World Wide Moving (tidligere Wheaton Van Lines) tilbyr sine kunder en rekke tjenester fra internasjonale flyttinger til lokale flyttinger.<\/li>\n<li> <a href=\"https:\/\/moverdb.com\/nb\/bekins-van-lines\/\"><strong>Bekins Van Lines<\/strong><\/a> - Bekins Van Lines er basert i Indianapolis IN. De tilbyr sine kunder en rekke flyttetjenester, inkludert internasjonale flyttinger og flyttinger av h\u00f8y verdi.<\/li>\n<li> <a href=\"https:\/\/moverdb.com\/nb\/graebel-van-lines\/\"><strong>Graebel Van Lines<\/strong><\/a> - Graebel Van Lines har hovedkontor i Aurora, CO, og kundene inkluderer Fortune 500-selskaper og DEA, FBI, IRS og CDC.<\/li>\n<li> <a href=\"https:\/\/moverdb.com\/nb\/arpin-van-lines\/\"><strong>Arpin Van Lines<\/strong><\/a> - Arpin Van Lines er basert i West Warwick, RI, og utf\u00f8rer milit\u00e6r- og husholdningsflyttinger b\u00e5de innenlands og internasjonalt. De tilbyr ogs\u00e5 lagringstjenester som klimakontrollert lagring og lagring i containere.<\/li>\n<li> <a href=\"https:\/\/moverdb.com\/nb\/stevens-worldwide-van-lines\/\">Stevens Worldwide Van Lines<\/a> - Stevens Worldwide Van Lines er basert i Saginaw MI, de tilbyr lokale, utenfor staten, langdistanse og internasjonale trekk for husholdninger, bedrifter, milit\u00e6ret og presteskapet.<\/li>\n<li> <a href=\"https:\/\/moverdb.com\/nb\/amj-campbell-van-lines\/\">AMJ Campbell Van Lines<\/a> - AMJ Campbell Van Lines er basert i <a href=\"https:\/\/moverdb.com\/nb\/flytting-til-toronto\/\">Toronto<\/a>, Canada, og er en av Canadas st\u00f8rste <a href=\"https:\/\/moverdb.com\/nb\/moving-companies\/\" data-internallinksmanager029f6b8e52c=\"79\" title=\"Topp 25 internasjonale flyttebyr\u00e5er p\u00e5 nettet\">flyttefirmaer<\/a> for b\u00e5de innenlandske og internasjonale flyttinger.<\/li>\n<li> <a href=\"https:\/\/moverdb.com\/nb\/suddath\/\">Suddath<\/a> - En familie av selskaper som tilbyr en rekke innenlandske og internasjonale flyttetjenester, inkludert bolig-, bedrifts- og myndighetsflyttinger.<\/li>\n<li> <a href=\"https:\/\/moverdb.com\/nb\/covan-verdensomspennende\/\">Covan WorldWide Moving<\/a> - Covan har over 200 driftsenheter mellom delstatene og 600 for lokale flyttinger. Selskapets m\u00e5l er \u00e5 v\u00e6re ledende innen internasjonale transporttjenester.<\/li>\n<li> <a href=\"https:\/\/moverdb.com\/nb\/armstrong-relocation\/\">Armstrong Relocation<\/a> - Armstrong Relocation er i dag den st\u00f8rste godsagenten for United Van Lines og har 22 kontorer i USA.<\/li>\n<li> <a href=\"https:\/\/moverdb.com\/nb\/williams-moving-storage\/\">Williams Moving &amp; Storage<\/a> - Williams Moving and Storage er et kanadisk flyttebyr\u00e5 som flytter privatpersoner og bedrifter b\u00e5de lokalt og internasjonalt.<\/li>\n<li> <a href=\"https:\/\/moverdb.com\/nb\/beltmann-flytting\/\">Beltmann Relocation Group<\/a> - Startet av Battina-familien i 1955 og er fortsatt familieeid og -drevet. Det er en av de st\u00f8rste og eldste agentene for North American Van Lines.<\/li>\n<li> <a href=\"https:\/\/moverdb.com\/nb\/nasjonale-van-linjer\/\">Nasjonale varebilruter<\/a> - Selskapets motto er \"Moving Your Memories\", som er en p\u00e5minnelse til b\u00e5de ansatte og kunder om at personlige eiendeler er dyrebare og alltid vil bli h\u00e5ndtert med forsiktighet.<\/li>\n<li> <a href=\"https:\/\/moverdb.com\/nb\/berger-alliert\/\">Berger Allied (overf\u00f8ring og lagring)<\/a> - Berger Transfer and Storage har v\u00e6rt i drift siden 1910. De jobber med enkeltpersoner, bedrifter og offentlige etater. <\/li>\n<li> Lawrence Transportation Systems<\/li>\n<li> <a href=\"https:\/\/moverdb.com\/nb\/mccollisters-moving\/\">McCollisters transportgruppe<\/a> - McCollister's er et privat selskap og er agent for UniGroup Inc, som omfatter United Van Lines og Mayflower Transit. (se ovenfor)<\/li>\n<li> <a href=\"https:\/\/moverdb.com\/nb\/coleman-worldwide-moving\/\">Coleman Worldwide Moving<\/a> - Coleman Worldwide Moving, ogs\u00e5 kjent som Coleman American Moving Services &amp; Coleman Allied, tilbyr b\u00e5de innenlands flytting i USA og internasjonal flytting.<\/li>\n<li> <a href=\"https:\/\/moverdb.com\/nb\/hilldrup-moving-storage\/\">Hilldrup Flytting &amp; Oppbevaring<\/a> - Tilbyr tjenester som flytteassistanse, flytteadministrasjon, lagring, avgangstjenester, destinasjonstjenester og mer.<\/li>\n<li> <a href=\"https:\/\/moverdb.com\/nb\/american-red-ball-transit\/\">Amerikanske Red Ball Transit Company<\/a> - Basert i Indianapolis og fokuserer p\u00e5 innenlandske tjenester i USA.<\/li>\n<li> New World Van Lines<\/li>\n<li> Palmer Moving &amp; Storage<\/li>\n<li> Mergenthaler overf\u00f8ring og lagring<\/li>\n<li> Scobey Moving and Storage LTD<\/li>\n<li> Corrigan Moving Systems<\/li>\n<li> Tri Star Freight System<\/li>\n<li> Sultne studenter<\/li>\n<li> A-1 Freeman flyttefirmaer<\/li>\n<li> Daryl Flood Relocation &amp; Logistics<\/li>\n<li> JK Flytting og lagring<\/li>\n<li> Ace Relocation Systems<\/li>\n<li> Ford Storage &amp; Moving Company<\/li>\n<li> Budd Van Lines<\/li>\n<li> Flytting og lagring av fly<\/li>\n<li> Gentle Giant Moving Company<\/li>\n<li> <a href=\"https:\/\/moverdb.com\/nb\/oyflyttere\/\">Island Movers<\/a> - Tilbyr flyttetjenester til og fra Hawaii-\u00f8yene b\u00e5de fra USA og internasjonalt.<\/li>\n<li> Mesa flytting og lagring<\/li>\n<li> American International Movers<\/li>\n<li> Amerikanske flyttebyr\u00e5er<\/li>\n<li> Arnoff Moving &amp; Storage,<\/li>\n<li> Fidelity Moving &amp; Storage Company<\/li>\n<li> Lile internasjonale selskaper<\/li>\n<li> Carlyle Van Lines<\/li>\n<li> The Right Mover<\/li>\n<li> Andrews Van Lines<\/li>\n<li> Sherwood Van Lines<\/li>\n<li> Bisson Moving &amp; Storage<\/li>\n<li> Bohren's Moving &amp; Storage,<\/li>\n<li> Velg varebil og lagring<\/li>\n<li> Broadway Express<\/li>\n<li> FlatRate flytting<\/li>\n<li> Smith Dray Line &amp; Storage<\/li>\n<li> Surdeigsekspressen<\/li>\n<li> South Hills Movers<\/li>\n<li> Fisher North American<\/li>\n<li> Interstate Van Lines\/Interstate Worldwide<\/li>\n<li> Avdeling Nord-Amerika<\/li>\n<li> \u00d8st <a href=\"https:\/\/moverdb.com\/nb\/moving-to-the-united-states\/moving-to-tennessee\/\" data-internallinksmanager029f6b8e52c=\"406\" title=\"Flytter du til Tennessee? 2023 Levekostnader og flyttetips\">Tennessee<\/a> Flytting\/Two Men &amp; a Truck<\/li>\n<li> Imlach-gruppen<\/li>\n<li> Flytting av varebiler<\/li>\n<li> Eldre transporttjenester<\/li>\n<li> Tippet-Richardson<\/li>\n<li> Atlantic Relocation Systems<\/li>\n<li> Carey Moving &amp; Storage<\/li>\n<li> En Arnold-flytting i verdensklasse<\/li>\n<li> William B. Meyer<\/li>\n<li> Horisont bevegelige systemer<\/li>\n<li> Parker flytting og lagring<\/li>\n<li> Highland Moving &amp; Storage<\/li>\n<li> Delancey Street flytting og transport<\/li>\n<li> Armstrong Relocation<\/li>\n<li> F\u00f8derale selskaper<\/li>\n<li> Hoyt's Moving &amp; Storage<\/li>\n<li> Johnson lagring og flytting<\/li>\n<li> Nor-Cal flyttetjenester<\/li>\n<li> <a href=\"https:\/\/moverdb.com\/nb\/royal-hawaiian-movers\/\">Royal Hawaiian Movers<\/a> - Royal Hawaiian Movers er en del av DeWitt-gruppen av selskaper som tilbyr sine kunder ulike lokale, mellom \u00f8yer, fastlandet og internasjonale flyttinger.<\/li>\n<li> Sentral varebil og lagring,<\/li>\n<li> <a href=\"https:\/\/moverdb.com\/nb\/kroneflytting\/\">Crown Moving Co<\/a> - N\u00e5 stengt, basert i <a href=\"https:\/\/moverdb.com\/nb\/moving-to-seattle\/\" data-internallinksmanager029f6b8e52c=\"65\" title=\"Flytte til Seattle? 2023 Levekostnader og flyttetips\">Seattle<\/a>.<\/li>\n<li> Fry-Wagner Moving and Storage Co<\/li>\n<li> B. Von <a href=\"https:\/\/moverdb.com\/nb\/moving-to-france\/moving-to-paris\/\" data-internallinksmanager029f6b8e52c=\"407\" title=\"Flytter du til Paris? 2023 Levekostnader og flyttetips\">Paris<\/a> Flytting og lagring<\/li>\n<li> O'Brien's Moving &amp; Storage<\/li>\n<li> Piqua Transfer &amp; Storage Company<\/li>\n<li> Joyce Van Lines,<\/li>\n<li> Plycon Transport Group<\/li>\n<li> AAA Flytting og lagring<\/li>\n<li> Aksjon Flytting og lagring<\/li>\n<li> Alero flytting og lagring<\/li>\n<li> DMS Moving Systems<\/li>\n<li> George Moving &amp; Storage<\/li>\n<li> Glen Ellyn Storage Corporation<\/li>\n<li> Piepho flytting og lagring<\/li>\n<li> Eagle Van Lines<\/li>\n<li> Roadrunner flytting og lagring<\/li>\n<li> Lint Van Lines<\/li>\n<li> Stillehavsoverf\u00f8ring<\/li>\n<li> Paxton Van Lines<\/li>\n<\/ol>","protected":false},"excerpt":{"rendered":"<p>Below you will find a list of the top 100 largest domestic and international moving companies the United States and Canada based on the number of registered trucks in their fleet. One of these companies is likely to be the right one for your international, long distance and\/or interstate move. The data comes from MovingCompanyReviews.com [&hellip;]<\/p>\n","protected":false},"author":1,"featured_media":1083,"parent":0,"menu_order":0,"comment_status":"closed","ping_status":"closed","template":"","meta":{"_genesis_hide_title":false,"_genesis_hide_breadcrumbs":false,"_genesis_hide_singular_image":false,"_genesis_hide_footer_widgets":false,"_genesis_custom_body_class":"","_genesis_custom_post_class":"","_genesis_layout":"","footnotes":""},"class_list":{"0":"post-955","1":"page","2":"type-page","3":"status-publish","4":"has-post-thumbnail","6":"entry"},"_links":{"self":[{"href":"https:\/\/moverdb.com\/nb\/wp-json\/wp\/v2\/pages\/955","targetHints":{"allow":["GET"]}}],"collection":[{"href":"https:\/\/moverdb.com\/nb\/wp-json\/wp\/v2\/pages"}],"about":[{"href":"https:\/\/moverdb.com\/nb\/wp-json\/wp\/v2\/types\/page"}],"author":[{"embeddable":true,"href":"https:\/\/moverdb.com\/nb\/wp-json\/wp\/v2\/users\/1"}],"replies":[{"embeddable":true,"href":"https:\/\/moverdb.com\/nb\/wp-json\/wp\/v2\/comments?post=955"}],"version-history":[{"count":40,"href":"https:\/\/moverdb.com\/nb\/wp-json\/wp\/v2\/pages\/955\/revisions"}],"predecessor-version":[{"id":6247,"href":"https:\/\/moverdb.com\/nb\/wp-json\/wp\/v2\/pages\/955\/revisions\/6247"}],"wp:featuredmedia":[{"embeddable":true,"href":"https:\/\/moverdb.com\/nb\/wp-json\/wp\/v2\/media\/1083"}],"wp:attachment":[{"href":"https:\/\/moverdb.com\/nb\/wp-json\/wp\/v2\/media?parent=955"}],"curies":[{"name":"wp","href":"https:\/\/api.w.org\/{rel}","templated":true}]}}