{"id":9525,"date":"2023-06-08T12:37:11","date_gmt":"2023-06-08T12:37:11","guid":{"rendered":"https:\/\/moverdb.com\/?page_id=9525"},"modified":"2026-01-08T15:24:26","modified_gmt":"2026-01-08T15:24:26","slug":"moving-companies-slovenia","status":"publish","type":"page","link":"https:\/\/moverdb.com\/nb\/moving-companies\/moving-companies-slovenia\/","title":{"rendered":"De 3 beste internasjonale flyttebyr\u00e5ene i Slovenia"},"content":{"rendered":"<p>Flytting kan v\u00e6re en stressende tid med mange ting som skal ordnes, spesielt hvis du skal flytte utenlands. Hvis du planlegger en flytting innenfor, til eller fra <a href=\"https:\/\/moverdb.com\/nb\/moving-to-slovenia\/\" data-internallinksmanager029f6b8e52c=\"392\" title=\"Flytter du til Slovenia? 2023 Levekostnader og flyttetips\">Slovenia<\/a> da er det viktig \u00e5 benytte seg av en <a href=\"https:\/\/moverdb.com\/nb\/moving-companies\/\" data-internallinksmanager029f6b8e52c=\"79\" title=\"Topp 25 internasjonale flyttebyr\u00e5er p\u00e5 nettet\">flyttefirma<\/a> kan bidra til \u00e5 lette byrden. Nedenfor har vi samlet en liste over Slovenia-baserte <a href=\"https:\/\/moverdb.com\/nb\/international-removals\/\" data-internallinksmanager029f6b8e52c=\"27\" title=\"De 36 beste internasjonale flyttebyr\u00e5ene i Storbritannia\">flyttebyr\u00e5er<\/a> som er medlemmer av <a href=\"https:\/\/moverdb.com\/nb\/iam\/\" data-internallinksmanager029f6b8e52c=\"23\" title=\"International Association of Movers (IAM) Forklaret\">International Association of Movers<\/a> (IAM) og\/eller <a href=\"https:\/\/moverdb.com\/nb\/fidi-faim\/\" data-internallinksmanager029f6b8e52c=\"16\" title=\"FIDI &amp; FAIM (FIDI-akkreditert internasjonal spedit\u00f8r) forklart\">FIDI<\/a> Accredited International Mover (FAIM) som kan hjelpe deg med flyttingen.<\/p>\n<h2><strong>1. DB Schenker<\/strong><\/h2>\n<p><img loading=\"lazy\" decoding=\"async\" class=\"alignnone size-full wp-image-9351\" src=\"https:\/\/moverdb.com\/wp-content\/uploads\/DB-Schenker-Slovenvia-international-moving-company.png\" alt=\"DB Schenker Slovenvia internasjonalt flytteselskap\" width=\"1440\" height=\"673\" data-wp-pid=\"9351\" srcset=\"https:\/\/moverdb.com\/wp-content\/uploads\/DB-Schenker-Slovenvia-international-moving-company.png 1440w, https:\/\/moverdb.com\/wp-content\/uploads\/DB-Schenker-Slovenvia-international-moving-company-300x140.png 300w, https:\/\/moverdb.com\/wp-content\/uploads\/DB-Schenker-Slovenvia-international-moving-company-1024x479.png 1024w, https:\/\/moverdb.com\/wp-content\/uploads\/DB-Schenker-Slovenvia-international-moving-company-18x8.png 18w, https:\/\/moverdb.com\/wp-content\/uploads\/DB-Schenker-Slovenvia-international-moving-company-600x280.png 600w\" sizes=\"auto, (max-width: 1440px) 100vw, 1440px\" \/><\/p>\n<ul>\n<li>Nasjonale tiltak<\/li>\n<li>Internasjonale flyttinger<\/li>\n<li>Flytting av husholdninger<\/li>\n<li>Bedriften flytter<\/li>\n<li>Skreddersydd emballasje<\/li>\n<li>Land-, jernbane-, fly- og sj\u00f8frakt<\/li>\n<li>Tollklarering<\/li>\n<li>H\u00e5ndtering av kunstverk<\/li>\n<li>Spesialisert fl\u00e5te og utstyr<\/li>\n<li>Lagringsanlegg<\/li>\n<\/ul>\n<p>DB Schenker er en global logistikkleverand\u00f8r med ca. 1 850 lokasjoner over hele verden og har v\u00e6rt i drift siden 1872 og ble grunnlagt i <a href=\"https:\/\/moverdb.com\/nb\/moving-to-austria\/\" data-internallinksmanager029f6b8e52c=\"343\" title=\"Flytter du til \u00d8sterrike? 2023 Levekostnader og flyttetips\">\u00d8sterrike<\/a>. De har flere avdelinger i Slovenia, blant annet i Ljubljana, Maribor, Koper, Brnik og Skofja Loka. De er medlem av IAM.<\/p>\n<p>DB Schenker tilbyr flytte- og relokaliseringstjenester i, til og fra Slovenia. Tjenestene inkluderer en profesjonell pakketjeneste med skreddersydd og milj\u00f8vennlig emballasje. De har en egen fl\u00e5te med luftfj\u00e6rede flyttebiler og l\u00f8fteplattformer for \u00e5 flytte eiendelene dine. De ordner transport til lands, til vanns, med tog, i luften og til sj\u00f8s med tollklarering av flytteplaner.<\/p>\n<p>Nettsted: <a href=\"https:\/\/www.dbschenker.com\/si-en\/products\/removals\" target=\"_blank\" rel=\"noopener\">https:\/\/www.dbschenker.com\/si-en\/products\/removals<\/a><\/p>\n<h2><strong>2. Relocations Ltd<\/strong><\/h2>\n<p><img loading=\"lazy\" decoding=\"async\" class=\"alignnone size-full wp-image-9417\" src=\"https:\/\/moverdb.com\/wp-content\/uploads\/Relocations-Ltd-international-moving-company.png\" alt=\"Relocations Ltd internasjonalt flyttebyr\u00e5\" width=\"1440\" height=\"673\" data-wp-pid=\"9417\" srcset=\"https:\/\/moverdb.com\/wp-content\/uploads\/Relocations-Ltd-international-moving-company.png 1440w, https:\/\/moverdb.com\/wp-content\/uploads\/Relocations-Ltd-international-moving-company-300x140.png 300w, https:\/\/moverdb.com\/wp-content\/uploads\/Relocations-Ltd-international-moving-company-1024x479.png 1024w, https:\/\/moverdb.com\/wp-content\/uploads\/Relocations-Ltd-international-moving-company-18x8.png 18w, https:\/\/moverdb.com\/wp-content\/uploads\/Relocations-Ltd-international-moving-company-600x280.png 600w\" sizes=\"auto, (max-width: 1440px) 100vw, 1440px\" \/><\/p>\n<ul>\n<li>Nasjonale tiltak<\/li>\n<li>Internasjonale flyttinger<\/li>\n<li>Flytting av husholdninger<\/li>\n<li>Bedriftsbevegelser<\/li>\n<li>Kvalitetsemballasje<\/li>\n<li>Transportordninger<\/li>\n<li>Tollklarering<\/li>\n<li>Transport av kj\u00f8ret\u00f8y<\/li>\n<li>Immigrasjonstjenester<\/li>\n<li>Lagringsanlegg<\/li>\n<\/ul>\n<p>Relocations Ltd er et flyttebyr\u00e5 som ble grunnlagt i 2006 og holder til i Ljubljana. De har et team av profesjonelle flytteeksperter i Slovenia og bruker verifiserte partnere i utlandet som tilbyr uavhengige koordineringstjenester for flytting. De er medlem av IAM.<\/p>\n<p>Relocations Ltd tilbyr et utvalg av lokal assistanse eller en komplett flyttetjeneste for flytting i, til eller fra Slovenia. De tilbyr tjenester for husholdninger og bedrifter, inkludert transport av kj\u00f8ret\u00f8y og immigrasjonstjenester. De ordner transport av eiendelene dine med tollklarering. De tilbyr ogs\u00e5 tilleggstjenester som bosettingstjenester, avgangstjenester, bolig- og skoles\u00f8k, orientering, kulturoppl\u00e6ring og altmuligmannstjenester.<\/p>\n<p>Nettsted: <a href=\"http:\/\/www.relocations.si\" target=\"_blank\" rel=\"noopener\">http:\/\/www.relocations.si<\/a><\/p>\n<h2><strong>3. Vatovec<\/strong><\/h2>\n<p><img loading=\"lazy\" decoding=\"async\" class=\"alignnone size-full wp-image-9443\" src=\"https:\/\/moverdb.com\/wp-content\/uploads\/Vatovec-international-moving-company.png\" alt=\"Vatovec internasjonalt flyttebyr\u00e5\" width=\"1440\" height=\"680\" data-wp-pid=\"9443\" srcset=\"https:\/\/moverdb.com\/wp-content\/uploads\/Vatovec-international-moving-company.png 1440w, https:\/\/moverdb.com\/wp-content\/uploads\/Vatovec-international-moving-company-300x142.png 300w, https:\/\/moverdb.com\/wp-content\/uploads\/Vatovec-international-moving-company-1024x484.png 1024w, https:\/\/moverdb.com\/wp-content\/uploads\/Vatovec-international-moving-company-18x9.png 18w, https:\/\/moverdb.com\/wp-content\/uploads\/Vatovec-international-moving-company-600x283.png 600w\" sizes=\"auto, (max-width: 1440px) 100vw, 1440px\" \/><\/p>\n<ul>\n<li>Nasjonale tiltak<\/li>\n<li>Internasjonale flyttinger<\/li>\n<li>Flytting av husholdninger<\/li>\n<li>Flytting av kontorer<\/li>\n<li>Profesjonell pakketjeneste<\/li>\n<li>Transport til lands, i luften og til sj\u00f8s<\/li>\n<li>Tollformaliteter<\/li>\n<li>Kunstobjekter i bevegelse<\/li>\n<li>Transport av sm\u00e5dyr<\/li>\n<li>Lagringsanlegg<\/li>\n<\/ul>\n<p>Vatovec er et flyttebyr\u00e5 som ble grunnlagt i 1998 og holder til i Ljubljana. De har et nettverk av internasjonale kvalitetspartnere over hele verden som bist\u00e5r med internasjonale flyttinger. De har v\u00e6rt medlem av IAM i 25 \u00e5r og er akkreditert av FIDI.<\/p>\n<p>Vatovec tilbyr flytte- og relokaliseringstjenester i, til og fra Slovenia. De tilbyr profesjonelle pakketjenester som s\u00f8rger for at eiendelene dine blir trygt pakket og transportert til bestemmelsesstedet til lands, til sj\u00f8s eller i luften, og at tollformalitetene blir h\u00e5ndtert. Flyttetjenestene omfatter oppholds- og arbeidstillatelse, bolig- og skoles\u00f8k, orientering og hjelp til \u00e5 finne reparat\u00f8rer og h\u00e5ndverkere.<\/p>\n<p>Nettsted: <a href=\"http:\/\/www.vatovec.si\" target=\"_blank\" rel=\"noopener\">http:\/\/www.vatovec.si<\/a><\/p>","protected":false},"excerpt":{"rendered":"<p>Moving can be a stressful time with a lot of things to arrange especially if you are moving overseas. If you are planning a move within, to or from Slovenia then employing the services of a moving company can help lighten the load. Below we have compiled a list of Slovenia based removal companies that [&hellip;]<\/p>\n","protected":false},"author":4,"featured_media":9351,"parent":190,"menu_order":0,"comment_status":"closed","ping_status":"closed","template":"","meta":{"_genesis_hide_title":false,"_genesis_hide_breadcrumbs":false,"_genesis_hide_singular_image":false,"_genesis_hide_footer_widgets":false,"_genesis_custom_body_class":"","_genesis_custom_post_class":"","_genesis_layout":"","footnotes":""},"class_list":{"0":"post-9525","1":"page","2":"type-page","3":"status-publish","4":"has-post-thumbnail","6":"entry"},"_links":{"self":[{"href":"https:\/\/moverdb.com\/nb\/wp-json\/wp\/v2\/pages\/9525","targetHints":{"allow":["GET"]}}],"collection":[{"href":"https:\/\/moverdb.com\/nb\/wp-json\/wp\/v2\/pages"}],"about":[{"href":"https:\/\/moverdb.com\/nb\/wp-json\/wp\/v2\/types\/page"}],"author":[{"embeddable":true,"href":"https:\/\/moverdb.com\/nb\/wp-json\/wp\/v2\/users\/4"}],"replies":[{"embeddable":true,"href":"https:\/\/moverdb.com\/nb\/wp-json\/wp\/v2\/comments?post=9525"}],"version-history":[{"count":1,"href":"https:\/\/moverdb.com\/nb\/wp-json\/wp\/v2\/pages\/9525\/revisions"}],"predecessor-version":[{"id":9526,"href":"https:\/\/moverdb.com\/nb\/wp-json\/wp\/v2\/pages\/9525\/revisions\/9526"}],"up":[{"embeddable":true,"href":"https:\/\/moverdb.com\/nb\/wp-json\/wp\/v2\/pages\/190"}],"wp:featuredmedia":[{"embeddable":true,"href":"https:\/\/moverdb.com\/nb\/wp-json\/wp\/v2\/media\/9351"}],"wp:attachment":[{"href":"https:\/\/moverdb.com\/nb\/wp-json\/wp\/v2\/media?parent=9525"}],"curies":[{"name":"wp","href":"https:\/\/api.w.org\/{rel}","templated":true}]}}