{"id":9518,"date":"2023-06-08T12:39:44","date_gmt":"2023-06-08T12:39:44","guid":{"rendered":"https:\/\/moverdb.com\/?page_id=9518"},"modified":"2026-01-08T15:24:25","modified_gmt":"2026-01-08T15:24:25","slug":"moving-companies-serbia","status":"publish","type":"page","link":"https:\/\/moverdb.com\/nb\/moving-companies\/moving-companies-serbia\/","title":{"rendered":"De 3 beste internasjonale flyttebyr\u00e5ene i Serbia"},"content":{"rendered":"<p>Hvis du planlegger en flytting i, til eller fra Serbia, kan det v\u00e6re at du vurderer \u00e5 benytte deg av en flyttebyr\u00e5. <a href=\"https:\/\/moverdb.com\/nb\/moving-companies\/\" data-internallinksmanager029f6b8e52c=\"79\" title=\"Topp 25 internasjonale flyttebyr\u00e5er p\u00e5 nettet\">flyttefirma<\/a> for \u00e5 hjelpe deg med pakking, transport og dokumentasjon. Nedenfor har vi satt sammen en liste over serbiske <a href=\"https:\/\/moverdb.com\/nb\/international-removals\/\" data-internallinksmanager029f6b8e52c=\"27\" title=\"De 36 beste internasjonale flyttebyr\u00e5ene i Storbritannia\">flyttebyr\u00e5er<\/a> som er medlemmer av <a href=\"https:\/\/moverdb.com\/nb\/iam\/\" data-internallinksmanager029f6b8e52c=\"23\" title=\"International Association of Movers (IAM) Forklaret\">International Association of Movers<\/a> (IAM) og\/eller <a href=\"https:\/\/moverdb.com\/nb\/fidi-faim\/\" data-internallinksmanager029f6b8e52c=\"16\" title=\"FIDI &amp; FAIM (FIDI-akkreditert internasjonal spedit\u00f8r) forklart\">FIDI<\/a> Accredited International Mover (FAIM) som kan hjelpe deg med flyttingen.<\/p>\n<h2><strong>1. Flyttinger p\u00e5 Balkan<\/strong><\/h2>\n<p><img loading=\"lazy\" decoding=\"async\" class=\"alignnone size-full wp-image-9337\" src=\"https:\/\/moverdb.com\/wp-content\/uploads\/Balkan-Relocations-international-moving-company.png\" alt=\"Balkan Relocations internasjonalt flyttebyr\u00e5\" width=\"1440\" height=\"677\" data-wp-pid=\"9337\" srcset=\"https:\/\/moverdb.com\/wp-content\/uploads\/Balkan-Relocations-international-moving-company.png 1440w, https:\/\/moverdb.com\/wp-content\/uploads\/Balkan-Relocations-international-moving-company-300x141.png 300w, https:\/\/moverdb.com\/wp-content\/uploads\/Balkan-Relocations-international-moving-company-1024x481.png 1024w, https:\/\/moverdb.com\/wp-content\/uploads\/Balkan-Relocations-international-moving-company-18x8.png 18w, https:\/\/moverdb.com\/wp-content\/uploads\/Balkan-Relocations-international-moving-company-600x282.png 600w\" sizes=\"auto, (max-width: 1440px) 100vw, 1440px\" \/><\/p>\n<ul>\n<li>Lokale tiltak<\/li>\n<li>Internasjonale flyttinger<\/li>\n<li>Flytting av husholdninger<\/li>\n<li>Bedriftsbevegelser<\/li>\n<li>Alternativer for pakking<\/li>\n<li>Land-, sj\u00f8- og lufttransport<\/li>\n<li>Tolltjenester<\/li>\n<li>Flytting av kj\u00e6ledyr<\/li>\n<li>Forsikring<\/li>\n<li>Lagringsanlegg<\/li>\n<\/ul>\n<p>Balkan Relocations er en flytte-, logistikk- og transporttjeneste som opererer fra Beograd. De er en del av et globalt nettverk av flytteagenter og servicepartnere som hjelper dem med \u00e5 levere tjenester utenfor Serbia. De har v\u00e6rt medlem av IAM i seks \u00e5r.<\/p>\n<p>Balkan Relocations tilbyr d\u00f8r-til-d\u00f8r-flytting med et utvalg av pakkealternativer som inkluderer kun skj\u00f8r pakking, selvpakking med emballasjemateriell og full pakkeservice. De tilbyr transport over hele verden via land, sj\u00f8 eller luft med tollassistanse og forsikring. De tilbyr ogs\u00e5 installasjons- og monteringstjenester, flytting av kj\u00e6ledyr, relokaliseringstjenester og immigrasjonsassistanse.<\/p>\n<p>Nettsted: <a href=\"http:\/\/www.balkanrelocations.com\" target=\"_blank\" rel=\"noopener\">http:\/\/www.balkanrelocations.com<\/a><\/p>\n<h2><strong>2. Orphee Beinoglou<\/strong><\/h2>\n<p><img loading=\"lazy\" decoding=\"async\" class=\"alignnone size-full wp-image-9408\" src=\"https:\/\/moverdb.com\/wp-content\/uploads\/Orphee-Beinoglou-Serbia-international-moving-company.png\" alt=\"Orphee Beinoglou Serbia internasjonale flyttebyr\u00e5er\" width=\"1440\" height=\"680\" data-wp-pid=\"9408\" srcset=\"https:\/\/moverdb.com\/wp-content\/uploads\/Orphee-Beinoglou-Serbia-international-moving-company.png 1440w, https:\/\/moverdb.com\/wp-content\/uploads\/Orphee-Beinoglou-Serbia-international-moving-company-300x142.png 300w, https:\/\/moverdb.com\/wp-content\/uploads\/Orphee-Beinoglou-Serbia-international-moving-company-1024x484.png 1024w, https:\/\/moverdb.com\/wp-content\/uploads\/Orphee-Beinoglou-Serbia-international-moving-company-18x9.png 18w, https:\/\/moverdb.com\/wp-content\/uploads\/Orphee-Beinoglou-Serbia-international-moving-company-600x283.png 600w\" sizes=\"auto, (max-width: 1440px) 100vw, 1440px\" \/><\/p>\n<ul>\n<li>Lokale og nasjonale tiltak<\/li>\n<li>Internasjonale flyttinger<\/li>\n<li>Flytting av husholdninger<\/li>\n<li>Flytting av kontorer<\/li>\n<li>D\u00f8r-til-d\u00f8r-tjeneste<\/li>\n<li>Pakketjeneste<\/li>\n<li>Sj\u00f8-, luft- og landtransport<\/li>\n<li>Tollklarering<\/li>\n<li>Forsikring<\/li>\n<li>Lagringstjenester<\/li>\n<\/ul>\n<p>Orphee Beinoglou er en leverand\u00f8r av godstransport og logistikk som ble grunnlagt i 1923 i <a href=\"https:\/\/moverdb.com\/nb\/moving-to-greece\/\" data-internallinksmanager029f6b8e52c=\"353\" title=\"Flytter du til Hellas? 2023 Levekostnader og flyttetips\">Hellas<\/a> med datterselskaper p\u00e5 Balkan og i det \u00f8stlige Middelhavsomr\u00e5det. Det serbiske kontoret ligger i Beograd. De benytter seg av et globalt nettverk for \u00e5 kunne tilby tjenester i andre land. De har v\u00e6rt medlem av IAM i fire \u00e5r.<\/p>\n<p>Orphee Beinglou tilbyr en personlig d\u00f8r-til-d\u00f8r-flyttetjeneste med en forh\u00e5ndsbesiktigelse som hjelper deg med \u00e5 planlegge flyttingen. De tilbyr en pakketjeneste med spesialiserte emballasjematerialer og oppl\u00e6rte team. De transporterer eiendelene dine til sj\u00f8s, i luften eller p\u00e5 land og bist\u00e5r med fortolling f\u00f8r de leverer og hjelper deg med \u00e5 pakke dem ut.<\/p>\n<p>Nettsted: <a href=\"https:\/\/orbit.rs\" target=\"_blank\" rel=\"noopener\">https:\/\/orbit.rs<\/a><\/p>\n<h2><strong>3. Visjon 4 Logistikk<\/strong><\/h2>\n<p><img loading=\"lazy\" decoding=\"async\" class=\"alignnone size-full wp-image-9444\" src=\"https:\/\/moverdb.com\/wp-content\/uploads\/Vision-4-Logistics-international-moving-company.png\" alt=\"Vision 4 Logistics internasjonalt flyttebyr\u00e5\" width=\"1440\" height=\"678\" data-wp-pid=\"9444\" srcset=\"https:\/\/moverdb.com\/wp-content\/uploads\/Vision-4-Logistics-international-moving-company.png 1440w, https:\/\/moverdb.com\/wp-content\/uploads\/Vision-4-Logistics-international-moving-company-300x141.png 300w, https:\/\/moverdb.com\/wp-content\/uploads\/Vision-4-Logistics-international-moving-company-1024x482.png 1024w, https:\/\/moverdb.com\/wp-content\/uploads\/Vision-4-Logistics-international-moving-company-18x8.png 18w, https:\/\/moverdb.com\/wp-content\/uploads\/Vision-4-Logistics-international-moving-company-600x283.png 600w\" sizes=\"auto, (max-width: 1440px) 100vw, 1440px\" \/><\/p>\n<ul>\n<li>Lokale tiltak<\/li>\n<li>Internasjonale flyttinger<\/li>\n<li>Flytting av husholdninger<\/li>\n<li>Bedriftsbevegelser<\/li>\n<li>D\u00f8r-til-d\u00f8r-tjeneste<\/li>\n<li>Sj\u00f8-, vei-, jernbane- og flyfrakt<\/li>\n<li>Valg av lastalternativer<\/li>\n<li>Tollmegling<\/li>\n<li>Allrisikoforsikring<\/li>\n<li>Lagringsanlegg<\/li>\n<\/ul>\n<p>Vision 4 Logistics er et spedisjonsfirma som ble etablert i 2018 og holder til i Beograd. De tilbyr internasjonal transport gjennom sitt nettverk av utvalgte agenter over hele verden. De har v\u00e6rt medlem av IAM i fem \u00e5r.<\/p>\n<p>Vision 4 Logistics tilbyr d\u00f8r-til-d\u00f8r-flyttetjenester for lokale og internasjonale flyttinger. De har profesjonelt personale og utstyr som er utviklet for \u00e5 hjelpe dem med flytting av husholdninger og bedrifter. De tilbyr jernbane-, fly-, vei- og sj\u00f8transport som inkluderer full containerlast, mindre enn containerlast, full lastebillast og mindre enn lastebillast. De tilbyr all-risk-forsikring som et forebyggende tiltak.<\/p>\n<p>Nettsted: <a href=\"http:\/\/www.v4l.rs\" target=\"_blank\" rel=\"noopener\">http:\/\/www.v4l.rs<\/a><\/p>","protected":false},"excerpt":{"rendered":"<p>If you are planning a move within, to or from Serbia, you may be considering employing the services of a moving company to assist you with packing, transportation and documentation. Below we have compiled a list of Serbian removal companies that are members of the International Association of Movers (IAM) and\/or FIDI Accredited International Mover [&hellip;]<\/p>\n","protected":false},"author":4,"featured_media":9337,"parent":190,"menu_order":0,"comment_status":"closed","ping_status":"closed","template":"","meta":{"_genesis_hide_title":false,"_genesis_hide_breadcrumbs":false,"_genesis_hide_singular_image":false,"_genesis_hide_footer_widgets":false,"_genesis_custom_body_class":"","_genesis_custom_post_class":"","_genesis_layout":"","footnotes":""},"class_list":{"0":"post-9518","1":"page","2":"type-page","3":"status-publish","4":"has-post-thumbnail","6":"entry"},"_links":{"self":[{"href":"https:\/\/moverdb.com\/nb\/wp-json\/wp\/v2\/pages\/9518","targetHints":{"allow":["GET"]}}],"collection":[{"href":"https:\/\/moverdb.com\/nb\/wp-json\/wp\/v2\/pages"}],"about":[{"href":"https:\/\/moverdb.com\/nb\/wp-json\/wp\/v2\/types\/page"}],"author":[{"embeddable":true,"href":"https:\/\/moverdb.com\/nb\/wp-json\/wp\/v2\/users\/4"}],"replies":[{"embeddable":true,"href":"https:\/\/moverdb.com\/nb\/wp-json\/wp\/v2\/comments?post=9518"}],"version-history":[{"count":1,"href":"https:\/\/moverdb.com\/nb\/wp-json\/wp\/v2\/pages\/9518\/revisions"}],"predecessor-version":[{"id":9519,"href":"https:\/\/moverdb.com\/nb\/wp-json\/wp\/v2\/pages\/9518\/revisions\/9519"}],"up":[{"embeddable":true,"href":"https:\/\/moverdb.com\/nb\/wp-json\/wp\/v2\/pages\/190"}],"wp:featuredmedia":[{"embeddable":true,"href":"https:\/\/moverdb.com\/nb\/wp-json\/wp\/v2\/media\/9337"}],"wp:attachment":[{"href":"https:\/\/moverdb.com\/nb\/wp-json\/wp\/v2\/media?parent=9518"}],"curies":[{"name":"wp","href":"https:\/\/api.w.org\/{rel}","templated":true}]}}