{"id":9508,"date":"2023-06-08T12:43:53","date_gmt":"2023-06-08T12:43:53","guid":{"rendered":"https:\/\/moverdb.com\/?page_id=9508"},"modified":"2026-01-08T15:30:14","modified_gmt":"2026-01-08T15:30:14","slug":"moving-companies-puerto-rico","status":"publish","type":"page","link":"https:\/\/moverdb.com\/nb\/moving-companies\/moving-companies-puerto-rico\/","title":{"rendered":"De beste internasjonale flyttebyr\u00e5ene i Puerto Rico"},"content":{"rendered":"<p>N\u00e5r du skal flytte, er det mye som skal organiseres, og derfor er det mange som engasjerer en flyttebyr\u00e5. <a href=\"https:\/\/moverdb.com\/nb\/moving-companies\/\" data-internallinksmanager029f6b8e52c=\"79\" title=\"Topp 25 internasjonale flyttebyr\u00e5er p\u00e5 nettet\">flyttefirma<\/a> for \u00e5 redusere flyttestresset. Nedenfor har vi satt sammen en liste over Puerto Rico-baserte <a href=\"https:\/\/moverdb.com\/nb\/international-removals\/\" data-internallinksmanager029f6b8e52c=\"27\" title=\"De 36 beste internasjonale flyttebyr\u00e5ene i Storbritannia\">flyttebyr\u00e5er<\/a> som er medlemmer av <a href=\"https:\/\/moverdb.com\/nb\/iam\/\" data-internallinksmanager029f6b8e52c=\"23\" title=\"International Association of Movers (IAM) Forklaret\">International Association of Movers<\/a> (IAM) og\/eller <a href=\"https:\/\/moverdb.com\/nb\/fidi-faim\/\" data-internallinksmanager029f6b8e52c=\"16\" title=\"FIDI &amp; FAIM (FIDI-akkreditert internasjonal spedit\u00f8r) forklart\">FIDI<\/a> Akkrediterte internasjonale flyttebyr\u00e5er (FAIM) som kan hjelpe deg med flyttingen din<\/p>\n<h2><strong>La Rosa del Monte<\/strong><\/h2>\n<p><img loading=\"lazy\" decoding=\"async\" class=\"alignnone size-full wp-image-9392\" src=\"https:\/\/moverdb.com\/wp-content\/uploads\/La-Rosa-del-Monte-international-moving-company.png\" alt=\"La Rosa del Monte internasjonalt flyttebyr\u00e5\" width=\"1440\" height=\"684\" data-wp-pid=\"9392\" srcset=\"https:\/\/moverdb.com\/wp-content\/uploads\/La-Rosa-del-Monte-international-moving-company.png 1440w, https:\/\/moverdb.com\/wp-content\/uploads\/La-Rosa-del-Monte-international-moving-company-300x143.png 300w, https:\/\/moverdb.com\/wp-content\/uploads\/La-Rosa-del-Monte-international-moving-company-1024x486.png 1024w, https:\/\/moverdb.com\/wp-content\/uploads\/La-Rosa-del-Monte-international-moving-company-18x9.png 18w, https:\/\/moverdb.com\/wp-content\/uploads\/La-Rosa-del-Monte-international-moving-company-600x285.png 600w\" sizes=\"auto, (max-width: 1440px) 100vw, 1440px\" \/><\/p>\n<ul>\n<li>Lokale og nasjonale tiltak<\/li>\n<li>Internasjonale flyttinger<\/li>\n<li>Flytting av boliger<\/li>\n<li>Kommersielle tiltak<\/li>\n<li>D\u00f8r-til-d\u00f8r-tjeneste<\/li>\n<li>Pakketjeneste<\/li>\n<li>Land-, sj\u00f8- og lufttransport<\/li>\n<li>H\u00e5ndtering av kunst<\/li>\n<li><a href=\"https:\/\/moverdb.com\/nb\/car-transport-shipping\/\" data-internallinksmanager029f6b8e52c=\"2\" title=\"2026 Internasjonal biltransport og tilbud p\u00e5 frakt av kj\u00f8ret\u00f8y\">Frakt av kj\u00f8ret\u00f8y<\/a><\/li>\n<li>Lagringsanlegg<\/li>\n<\/ul>\n<p>La Rosa del Monte er et internasjonalt flyttebyr\u00e5 med en 50 \u00e5r lang historie og kontorer over hele USA, samt i Toa Baja i Puerto Rico og <a href=\"https:\/\/moverdb.com\/nb\/moving-companies\/moving-companies-dominican-republic\/\" data-internallinksmanager029f6b8e52c=\"216\" title=\"6 beste internasjonale flyttefirmaer i Den dominikanske republikk\">Den dominikanske republikk<\/a>. De arbeider etter h\u00f8ye standarder og samarbeider med andre agenter over hele verden som arbeider etter lignende standarder for \u00e5 levere tjenester internasjonalt. De har v\u00e6rt medlem av IAM i 52 \u00e5r og er akkreditert av FIDI.<\/p>\n<p>La Rosa del Monte tilbyr en personlig tilpasset flyttetjeneste d\u00f8r-til-d\u00f8r eller d\u00f8r-til-d\u00f8r.<a href=\"https:\/\/moverdb.com\/nb\/top-49-container-ports\/\" data-internallinksmanager029f6b8e52c=\"80\" title=\"De 49 st\u00f8rste og travleste containerhavnene i 2025\">port<\/a> eller visa versa. De tilbyr en pakketjeneste som utf\u00f8res av profesjonelle og erfarne medarbeidere som pakker eiendelene dine p\u00e5 en sikker m\u00e5te for transport til lands, til sj\u00f8s eller i luften.<\/p>\n<p>Nettsted: <a href=\"http:\/\/www.larosadelmonte.com\/\" target=\"_blank\" rel=\"noopener\">http:\/\/www.larosadelmonte.com\/<\/a><\/p>","protected":false},"excerpt":{"rendered":"<p>When you are moving there is so much to organise which is why so many people engage the services of a moving company to reduce the stress of moving. Below we have compiled a list of Puerto Rico based removal companies that are members of the International Association of Movers (IAM) and\/or FIDI Accredited International [&hellip;]<\/p>\n","protected":false},"author":4,"featured_media":9392,"parent":190,"menu_order":0,"comment_status":"closed","ping_status":"closed","template":"","meta":{"_genesis_hide_title":false,"_genesis_hide_breadcrumbs":false,"_genesis_hide_singular_image":false,"_genesis_hide_footer_widgets":false,"_genesis_custom_body_class":"","_genesis_custom_post_class":"","_genesis_layout":"","footnotes":""},"class_list":{"0":"post-9508","1":"page","2":"type-page","3":"status-publish","4":"has-post-thumbnail","6":"entry"},"_links":{"self":[{"href":"https:\/\/moverdb.com\/nb\/wp-json\/wp\/v2\/pages\/9508","targetHints":{"allow":["GET"]}}],"collection":[{"href":"https:\/\/moverdb.com\/nb\/wp-json\/wp\/v2\/pages"}],"about":[{"href":"https:\/\/moverdb.com\/nb\/wp-json\/wp\/v2\/types\/page"}],"author":[{"embeddable":true,"href":"https:\/\/moverdb.com\/nb\/wp-json\/wp\/v2\/users\/4"}],"replies":[{"embeddable":true,"href":"https:\/\/moverdb.com\/nb\/wp-json\/wp\/v2\/comments?post=9508"}],"version-history":[{"count":1,"href":"https:\/\/moverdb.com\/nb\/wp-json\/wp\/v2\/pages\/9508\/revisions"}],"predecessor-version":[{"id":9509,"href":"https:\/\/moverdb.com\/nb\/wp-json\/wp\/v2\/pages\/9508\/revisions\/9509"}],"up":[{"embeddable":true,"href":"https:\/\/moverdb.com\/nb\/wp-json\/wp\/v2\/pages\/190"}],"wp:featuredmedia":[{"embeddable":true,"href":"https:\/\/moverdb.com\/nb\/wp-json\/wp\/v2\/media\/9392"}],"wp:attachment":[{"href":"https:\/\/moverdb.com\/nb\/wp-json\/wp\/v2\/media?parent=9508"}],"curies":[{"name":"wp","href":"https:\/\/api.w.org\/{rel}","templated":true}]}}