{"id":945,"date":"2016-09-03T20:39:51","date_gmt":"2016-09-03T20:39:51","guid":{"rendered":"http:\/\/moverdb.com\/?page_id=945"},"modified":"2026-01-08T14:48:12","modified_gmt":"2026-01-08T14:48:12","slug":"dt-moving","status":"publish","type":"page","link":"https:\/\/moverdb.com\/nb\/dt-moving\/","title":{"rendered":"DT Moving: Internasjonal flytting og flytteanmeldelser"},"content":{"rendered":"<p>DT Moving er en <a href=\"https:\/\/moverdb.com\/nb\/moving-to-the-uk\/\" data-internallinksmanager029f6b8e52c=\"93\" title=\"Flytte til Storbritannia? 2023 Levekostnader og flyttetips\">STORBRITANNIA<\/a> basert <a href=\"https:\/\/moverdb.com\/nb\/moving-companies\/\" data-internallinksmanager029f6b8e52c=\"79\" title=\"Topp 25 internasjonale flyttebyr\u00e5er p\u00e5 nettet\">internasjonalt flyttebyr\u00e5<\/a> som tilbyr sine kunder et komplett utvalg av tjenester som er oppf\u00f8rt nedenfor, sammen med en selskapsprofil og vurderinger.<\/p>\n<p><strong><a href=\"https:\/\/moverdb.com\/nb\/international-removals\/\" data-internallinksmanager029f6b8e52c=\"27\" title=\"De 36 beste internasjonale flyttebyr\u00e5ene i Storbritannia\">Internasjonale flyttinger<\/a><\/strong><\/p>\n<ul>\n<li> Kartlegging f\u00f8r flytting, tilbud og ressurser<\/li>\n<li> Pakking p\u00e5 bopel<\/li>\n<li> Transport med fly, b\u00e5t eller bil<\/li>\n<li> Forsikring ordnet<\/li>\n<li> L\u00f8pende tjeneste, inkludert en flytteadministrator og en sporingstjeneste.<\/li>\n<li> Levering til bosted<\/li>\n<li> Losse varene dine fra containeren \/ lastebilen \/ kofferten og plasser dem i rommet du \u00f8nsker.<\/li>\n<li> Plasser beskyttelsesmaterialer for \u00e5 ta vare p\u00e5 gulv og vegger der det er n\u00f8dvendig.<\/li>\n<li> Kryss av hver vare som leveres mot den opprinnelige pakningsbeholdningen (for \u00e5 redegj\u00f8re for hver pakke).<\/li>\n<li> Pakk ut alt papir, polstring og pappemballasje, og fjern det for resirkulering.<\/li>\n<li> Vi monterer alle forh\u00e5ndsindikerte gjenstander for deg, noe som betyr en ting mindre \u00e5 bekymre seg for. Vi kan ogs\u00e5 ordne med en altmuligmann som kan hjelpe deg med ekstra arbeid hvis du trenger det.<\/li>\n<li> Gj\u00f8r det mulig for deg \u00e5 sjekke lagerbeholdningen, vare for vare, og signere n\u00e5r du er forn\u00f8yd med leveransen<\/li>\n<li> Tollklarering<\/li>\n<\/ul>\n<p><strong>Destinasjonstjenester<\/strong><\/p>\n<ul>\n<li> S\u00f8k etter boligutleie<\/li>\n<li> Skoles\u00f8k<\/li>\n<li> Orienteringstur<\/li>\n<li> \u00c5 finne seg til rette<\/li>\n<li> Kulturell oppl\u00e6ring<\/li>\n<li> St\u00f8tte til ektefelle<\/li>\n<li> Leie av m\u00f8bler<\/li>\n<li> Midlertidig innkvartering<\/li>\n<li> Avgangstjenester<\/li>\n<li> Skatte- og innvandringsr\u00e5dgivning<\/li>\n<\/ul>\n<p><strong>Kunst og antikviteter<\/strong><\/p>\n<ul>\n<li> Skreddersydd tjeneste for hver enkelt kunde<\/li>\n<li> R\u00e5dgivningstjeneste<\/li>\n<li> Ordne hotell osv. for kj\u00f8p\/levering av reise<\/li>\n<li> Antikk samling<\/li>\n<li> Pakketjeneste<\/li>\n<li> Frakt<\/li>\n<li> Forsikring<\/li>\n<\/ul>\n<p><strong>Lagring<\/strong><\/p>\n<ul>\n<li> Storbritannia og <a href=\"https:\/\/moverdb.com\/nb\/moving-to-france\/\" data-internallinksmanager029f6b8e52c=\"315\" title=\"Flytte til Frankrike? 2023 Levekostnader og flyttetips\">Frankrike<\/a> - korttids- og langtidslagring i spesialbygde lagringscontainere<\/li>\n<li> 24-timers sikkerhet og kodet tilgang<\/li>\n<li> Temperaturkontrollert<\/li>\n<li> Brannforebygging og armert sprinklersystem<\/li>\n<li> Resten av verden - nettverkspartnerne vil s\u00f8rge for sikker lagring.<\/li>\n<\/ul>\n<p><strong>Tilleggstjenester<\/strong><\/p>\n<ul>\n<li> H\u00e5ndverker (demontering og montering av m\u00f8bler, utstyr, hyller, andre gjenstander)<\/li>\n<li> Bildeoppheng<\/li>\n<li> Spesialkasser (for skj\u00f8re eller verdifulle gjenstander)<\/li>\n<li> Rengj\u00f8ring av hus<\/li>\n<li> Vaskehjelp (utpakking, vasking, rydding av kl\u00e6r, oppbevaring av <a href=\"https:\/\/moverdb.com\/nb\/moving-to-china\/\" data-internallinksmanager029f6b8e52c=\"357\" title=\"Flytter du til Kina? 2023 Levekostnader og flyttetips\">Kina<\/a>, glassvarer, kl\u00e6r, diverse husholdningsartikler)<\/li>\n<li> Elektriker eller r\u00f8rlegger<\/li>\n<li> Avinstallasjon og installasjon av satellitt-TV-antenne<\/li>\n<li> Spesialisert \"sikker\" fjerning<\/li>\n<li> Fjerning og reinstallering av vindus- og d\u00f8rkarmer<\/li>\n<li> Utvendig heis (spesialheis) for \u00e5 f\u00e5 tilgang til boligen via vindu eller balkong i \u00f8verste etasje.<\/li>\n<li> Leie av m\u00f8bler<\/li>\n<li> Restaurering og reparasjon av m\u00f8bler<\/li>\n<li> Lagring av bil<\/li>\n<\/ul>\n<h2>DT Moving Company-profil<\/h2>\n<p>DT Moving var tidligere kjent som David Turner Worldwide Movers og har flyttet mennesker over hele verden siden 1870. Grunnleggerfamilien er fortsatt involvert i virksomheten, som flytter h\u00f8yt profilerte selskaper og privatpersoner over hele verden. <\/p>\n<p>DT Moving har kontorer i b\u00e5de <a href=\"https:\/\/moverdb.com\/nb\/moving-to-london\/\">London<\/a> og <a href=\"https:\/\/moverdb.com\/nb\/moving-to-france\/moving-to-paris\/\" data-internallinksmanager029f6b8e52c=\"407\" title=\"Flytter du til Paris? 2023 Levekostnader og flyttetips\">Paris<\/a>. De er stolte av sin erfaring og integritet, og sier at den gjennomsnittlige tjenestetiden for hver av deres ansatte er rundt 15 \u00e5r. Selskapets verdier omfatter servicekvalitet, ansvarlighet, etterlevelse og kontinuerlig forbedring.<\/p>\n<p>DT Moving sier at det hadde en <strong>97% kundetilfredshet<\/strong> for 2015, en \u00f8kning fra 95% i 2014.<\/p>\n<p>DT Moving har f\u00f8lgende akkrediteringer og tilknytninger:<\/p>\n<ul>\n<li> FAIMPLUS-akkreditert; uavhengig revidert av Ernst &amp; Young.<\/li>\n<li> Akkreditert etter ISO 9001-2008, inkludert BS EN 12522\/1 BS EN 12522\/2<\/li>\n<li> En av grunnleggerne av OMNI (The Overseas Moving Network International).<\/li>\n<li> <a href=\"https:\/\/moverdb.com\/nb\/fidi-faim\/\">FIDI<\/a> tilknyttet siden 1950 (F\u00e9d\u00e9ration Internationale des D\u00e9m\u00e9nageurs Internationaux)<\/li>\n<li> C-TPAT inspisert av <a href=\"https:\/\/moverdb.com\/nb\/moving-to-the-united-states\/\" data-internallinksmanager029f6b8e52c=\"94\" title=\"Flytte til USA? 2023 Levekostnader og flyttetips\">USA<\/a> toll<\/li>\n<li> Autorisert medlem av The <a href=\"https:\/\/moverdb.com\/nb\/british-association-of-removers\/\">British Association of Removers<\/a>, DBA, den <a href=\"https:\/\/moverdb.com\/nb\/mtc\/\">Movers Trading Club<\/a> (<a href=\"https:\/\/moverdb.com\/nb\/mtc\/\" data-internallinksmanager029f6b8e52c=\"30\" title=\"Movers Trading Club (MTC) forklart\">MTC<\/a>)<\/li>\n<li> Medlem av <a href=\"https:\/\/moverdb.com\/nb\/eura\/\">EuRA<\/a> (The <a href=\"https:\/\/moverdb.com\/nb\/eura\/\" data-internallinksmanager029f6b8e52c=\"13\" title=\"European Relocation Association (EuRA) Forklaret\">European Relocation Association<\/a>)<\/li>\n<li> Medlem av <a href=\"https:\/\/moverdb.com\/nb\/forening-flytting-fagfolk\/\">ARP<\/a> (The <a href=\"https:\/\/moverdb.com\/nb\/association-relocation-professionals\/\" data-internallinksmanager029f6b8e52c=\"6\" title=\"Association of Relocation Professionals (ARP) Forklaret\">Sammenslutning av fagfolk innen relokalisering<\/a>)<\/li>\n<li> Medlem av <a href=\"https:\/\/moverdb.com\/nb\/iam\/\">IAM<\/a> (<a href=\"https:\/\/moverdb.com\/nb\/iam\/\" data-internallinksmanager029f6b8e52c=\"23\" title=\"International Association of Movers (IAM) Forklaret\">International Association of Movers<\/a>)<\/li>\n<li> Medlem av <a href=\"https:\/\/moverdb.com\/nb\/lacma\/\">LACMA<\/a> (Latin American &amp; Caribbean Movers Association)<\/li>\n<li> Medlem av <a href=\"https:\/\/moverdb.com\/nb\/arbeidstaker-flytting-rad\/\">ERC p\u00e5 verdensbasis<\/a> (The Workforce Mobility Association)<\/li>\n<li> For f\u00f8rste gang noensinne <a href=\"https:\/\/moverdb.com\/nb\/fidi-faim\/\" data-internallinksmanager029f6b8e52c=\"16\" title=\"FIDI &amp; FAIM (FIDI-akkreditert internasjonal spedit\u00f8r) forklart\">FAIM<\/a> ISO-akkreditert organisasjon (n\u00e5 FAIMPLUS)<\/li>\n<\/ul>\n<h2>DT Moving vurderinger<\/h2>\n<p><strong>Positiv<\/strong><\/p>\n<ul>\n<li> <em>\"De var utrolig profesjonelle, h\u00f8flige, raske og effektive. De forklarte alt, og jeg kan ikke forestille meg hvordan de kunne ha gjort opplevelsen smidigere.\"<\/em> - Z. COHEN via DT Moving <a href=\"http:\/\/www.dtmoving.com\/about-us\/what-our-customers-say\" target=\"_blank\" rel=\"noopener\">Hva kundene v\u00e5re sier<\/a>.<\/li>\n<li> \"<em>Jeg har nettopp flyttet fra London til <a href=\"https:\/\/moverdb.com\/nb\/moving-to-nyc\/\">New York<\/a> og var sv\u00e6rt imponert over flyttetjenesten fra start til slutt. Det som kunne ha v\u00e6rt en veldig stressende tid, ble gjort veldig enkelt.\"<\/em> - Qype-bruker, Dan via <a href=\"https:\/\/www.yelp.co.uk\/biz\/dt-moving-london?hrid=_lnG2UpJr3NSw73UR115Pw&#038;utm_campaign=www_review_share_popup&#038;utm_medium=copy_link&#038;utm_source=(direct)\" target=\"_blank\" rel=\"noopener\">Yelp<\/a><\/li>\n<li> \"DT Moving var utmerket fra start til slutt.\" - MCalder via <a href=\"https:\/\/www.yell.com\/biz\/dt-moving-mitcham-3825953\/\" target=\"_blank\" rel=\"noopener\">Yell<\/a><\/li>\n<li> \"Dette er tredje gang jeg og mannen min har flyttet i jobbsammenheng, og det var den beste servicen hittil.\" - Chris via <a href=\"http:\/\/www.allinlondon.co.uk\/directory\/1318\/74781.php\" target=\"_blank\" rel=\"noopener\">Alt i London<\/a>.<\/li>\n<\/ul>\n<p><strong>Negativ<\/strong><\/p>\n<p><em>Vi kunne ikke finne noen negative anmeldelser p\u00e5 nettet<\/em>.<\/p>\n<div itemprop=\"review\" itemscope itemtype=\"http:\/\/schema.org\/Review\">\n<span itemprop=\"author\" itemscope=\"\" itemtype=\"http:\/\/schema.org\/Organization\"><span itemprop=\"name\">MoverDB.com<\/span><\/span> Nettstedsgjennomgang for <span itemprop=\"itemreviewed\" itemscope=\"\" itemtype=\"http:\/\/schema.org\/Brand\"><span itemprop=\"name\">DT Moving<\/span><\/span>:<\/p>\n<ol>\n<li> Tydelige kontaktopplysninger p\u00e5 nettstedet (inkludert telefonnummer): <strong>Ja<\/strong><\/li>\n<li> Lett \u00e5 f\u00e5 tak i <a href=\"https:\/\/moverdb.com\/nb\/sitater\/\">tilbud p\u00e5 internasjonale flyttinger<\/a>? (skjema for foresp\u00f8rsel om prisoverslag p\u00e5 nett): <strong>Ja<\/strong><\/li>\n<li> Tydelig informasjon p\u00e5 nettstedet: <strong>Ja,<\/strong> Nettstedet er ganske omfattende og gir potensielle kunder et godt inntrykk av hva selskapet kan tilby.<\/li>\n<li> Medlemskap i internasjonalt anerkjente flytteorganisasjoner: <strong>Ja<\/strong>se ovenfor.<\/li>\n<li> Liste over kunder og\/eller tidligere kundeuttalelser: <strong>Ja,<\/strong>et er mange kundeuttalelser p\u00e5 nettstedet, og andre anmeldelser p\u00e5 nettet er positive.<\/li>\n<\/ol>\n<div itemprop=\"reviewRating\" itemscope itemtype=\"http:\/\/schema.org\/Rating\"><meta itemprop=\"worstRating\" content = \"0\" \/><meta itemprop=\"bestRating\" content=\"5\" \/><meta itemprop=\"ratingValue\" content=\"5\"><\/div>\n<p><strong>Samlet poengsum: 5\/5<\/strong><br \/>\n<strong>Dato for gjennomgang:<\/strong> <span itemprop=\"datePublished\" content=\"2016-09-03\">03\/09\/2016<\/span>\n<\/div>\n<p>Les mer om <a href=\"https:\/\/moverdb.com\/nb\/internasjonale-flyttinger\/\">internasjonale flyttinger<\/a> og v\u00e5r <a href=\"https:\/\/moverdb.com\/nb\/vurderinger\/\">gjennomgangsprosessen<\/a>.<\/p>\n<p><strong>Nettsted:<\/strong> <a href=\"http:\/\/www.dtmoving.com\" target=\"_blank\" rel=\"noopener\">http:\/\/www.dtmoving.com<\/a><\/p>","protected":false},"excerpt":{"rendered":"<p>DT Moving is a UK based international moving company which offers its clients a full range of services which are listed below, together with a company profile and reviews. International Removals Pre-move survey, quotation and resources Packing at residence Transport by air, sea or road Insurance arranged Ongoing service including a move manager and a [&hellip;]<\/p>\n","protected":false},"author":1,"featured_media":0,"parent":0,"menu_order":0,"comment_status":"closed","ping_status":"closed","template":"","meta":{"_genesis_hide_title":false,"_genesis_hide_breadcrumbs":false,"_genesis_hide_singular_image":false,"_genesis_hide_footer_widgets":false,"_genesis_custom_body_class":"","_genesis_custom_post_class":"","_genesis_layout":"","footnotes":""},"class_list":{"0":"post-945","1":"page","2":"type-page","3":"status-publish","5":"entry"},"_links":{"self":[{"href":"https:\/\/moverdb.com\/nb\/wp-json\/wp\/v2\/pages\/945","targetHints":{"allow":["GET"]}}],"collection":[{"href":"https:\/\/moverdb.com\/nb\/wp-json\/wp\/v2\/pages"}],"about":[{"href":"https:\/\/moverdb.com\/nb\/wp-json\/wp\/v2\/types\/page"}],"author":[{"embeddable":true,"href":"https:\/\/moverdb.com\/nb\/wp-json\/wp\/v2\/users\/1"}],"replies":[{"embeddable":true,"href":"https:\/\/moverdb.com\/nb\/wp-json\/wp\/v2\/comments?post=945"}],"version-history":[{"count":8,"href":"https:\/\/moverdb.com\/nb\/wp-json\/wp\/v2\/pages\/945\/revisions"}],"predecessor-version":[{"id":6201,"href":"https:\/\/moverdb.com\/nb\/wp-json\/wp\/v2\/pages\/945\/revisions\/6201"}],"wp:attachment":[{"href":"https:\/\/moverdb.com\/nb\/wp-json\/wp\/v2\/media?parent=945"}],"curies":[{"name":"wp","href":"https:\/\/api.w.org\/{rel}","templated":true}]}}