{"id":944,"date":"2016-09-04T13:58:08","date_gmt":"2016-09-04T13:58:08","guid":{"rendered":"http:\/\/moverdb.com\/?page_id=944"},"modified":"2026-01-08T14:48:19","modified_gmt":"2026-01-08T14:48:19","slug":"excess-international-movers","status":"publish","type":"page","link":"https:\/\/moverdb.com\/nb\/excess-international-movers\/","title":{"rendered":"Overskytende internasjonale flyttebyr\u00e5er: Vurderinger av internasjonale flyttinger"},"content":{"rendered":"<p>Excess International Movers tilbyr bedriftskunder, enkeltpersoner og familier et bredt spekter av tjenester som er oppf\u00f8rt nedenfor. Det f\u00f8lger ogs\u00e5 en bedriftsprofil og anmeldelser.<\/p>\n<p><strong><a href=\"https:\/\/moverdb.com\/nb\/international-removals\/\" data-internallinksmanager029f6b8e52c=\"27\" title=\"De 36 beste internasjonale flyttebyr\u00e5ene i Storbritannia\">Internasjonale flyttinger<\/a><\/strong><\/p>\n<ul>\n<li> Luft, sj\u00f8 eller vei<\/li>\n<li> D\u00f8r til d\u00f8r-tjeneste<\/li>\n<li> Egen tjeneste for internasjonale flyttinger<\/li>\n<li> En flyttekoordinator som organiserer flyttingen fra start til slutt og svarer p\u00e5 eventuelle sp\u00f8rsm\u00e5l.<\/li>\n<li> Pakkere og flyttemenn til \u00e5 pakke eiendeler i de beste bransjegodkjente pakkematerialene - ogs\u00e5 levert av Excess International Movers.<\/li>\n<li> Flyttinger lastet p\u00e5 <a href=\"https:\/\/moverdb.com\/nb\/containertransport\/\">fraktcontainer<\/a> eller tas med for lasting p\u00e5 luftfart\u00f8y<\/li>\n<li> Varer klarert, levert og losset p\u00e5 ditt nye hjem, kontor, hotell eller annet sluttsted - eller gjort tilgjengelig for henting p\u00e5 valgt flyplass.<\/li>\n<li> Gebyrer for internasjonal flytting, fortolling og terminalavgifter<\/li>\n<\/ul>\n<p><strong>Europeiske flyttinger<\/strong><\/p>\n<ul>\n<li> D\u00f8r til d\u00f8r-tjeneste<\/li>\n<li> Dedikert direktetjeneste. Innboet ditt pakkes hjemme hos deg og lastes og transporteres direkte til ditt nye hjem i Europa. Du velger leveringsdato etter dine behov. <\/li>\n<li> Delt last. Passer hvis du \u00f8nsker \u00e5 transportere varer i mindre sendinger der tidsrammen er av mindre betydning. Selv om du fortsatt tilbyr kundene en fast dato for henting, f\u00e5r du et tidsvindu for levering i forkant av henting, og leveringsdatoen bekreftes n\u00e5r planen for delt last er ferdig.<\/li>\n<li> En egen flyttekoordinator som svarer p\u00e5 sp\u00f8rsm\u00e5l og organiserer EU-flyttinger fra start til slutt.<\/li>\n<li> European Removings inkluderer profesjonell pakking med bransjegodkjente pakkematerialer for \u00e5 sikre at eiendelene dine er trygge under transport.<\/li>\n<li> Flytting hentet, levert og deretter pakket ut i ditt nye hjem med alt innhold plassert som \u00f8nsket.<\/li>\n<\/ul>\n<p><strong>Lagringstjenester<\/strong><\/p>\n<ul>\n<li> 24-timers sikkerhet<\/li>\n<li> Tilgang til varer krever varsel og kan medf\u00f8re et tilleggsgebyr.<\/li>\n<li> Rabatter p\u00e5 lagring for studenter<\/li>\n<li> Lagring i containere<\/li>\n<\/ul>\n<p><strong>Studenttjenester<\/strong><\/p>\n<ul>\n<li> Spesielle rabatterte miniflyttinger<\/li>\n<li> Spesialrabatt p\u00e5 lagring av 5 bokser<\/li>\n<li> Student <a href=\"https:\/\/moverdb.com\/nb\/rederier\/\">internasjonal skipsfart<\/a><\/li>\n<\/ul>\n<p><strong>Tilleggstjenester<\/strong><\/p>\n<ul>\n<li> Frakt av bagasje<\/li>\n<li> Uledsaget bagasje<\/li>\n<li> Overskytende bagasje<\/li>\n<li> <a href=\"https:\/\/moverdb.com\/nb\/bil-transport-frakt\/\">Frakt av kj\u00f8ret\u00f8y<\/a><\/li>\n<li> Bedriftsflytting<\/li>\n<li> Frakt av kunst<\/li>\n<li> Import<\/li>\n<\/ul>\n<h2>Bedriftsprofil for Excess International Movers<\/h2>\n<p>Excess International Movers har eksistert i over 30 \u00e5r og h\u00e5ndterer over 50 000 forsendelser per \u00e5r, b\u00e5de internasjonalt og lokalt. De sier at de kan h\u00e5ndtere enhver st\u00f8rrelse p\u00e5 flytting og vil gj\u00f8re det innen en fornuftig tidsramme. Excess International Movers hevder \u00e5 sende til over 25 000 destinasjoner over hele verden.<\/p>\n<p>Selskapet dekker alle aspekter ved en utenlandsflytting, fra det f\u00f8rste tilbudet til installering av tjenester i destinasjonslandet. De tilbyr fraktl\u00f8sninger for enkeltpersoner, familier og selskaper, inkludert mange h\u00f8yt profilerte blue chip-selskaper.<\/p>\n<p>Excess International Movers akkrediteringer og tilknytninger:<\/p>\n<ul>\n<li> <a href=\"https:\/\/moverdb.com\/nb\/british-association-of-removers\/\">Den britiske sammenslutningen av flyttemenn<\/a> (<a href=\"https:\/\/moverdb.com\/nb\/british-association-of-removers\/\" data-internallinksmanager029f6b8e52c=\"9\" title=\"British Association of Removers (BAR) Forklart (p\u00e5 engelsk)\">BAR<\/a>)<\/li>\n<li> <a href=\"https:\/\/moverdb.com\/nb\/fidi-faim\/\">Sammenslutningen av internasjonale m\u00f8belflyttere<\/a> (<a href=\"https:\/\/moverdb.com\/nb\/fidi-faim\/\" data-internallinksmanager029f6b8e52c=\"16\" title=\"FIDI &amp; FAIM (FIDI-akkreditert internasjonal spedit\u00f8r) forklart\">FIDI<\/a>)<\/li>\n<li> <a href=\"https:\/\/moverdb.com\/nb\/hgfaa\/\">Household Goods Forwarders Association of America<\/a> (HHGFAA)<\/li>\n<li> <a href=\"https:\/\/moverdb.com\/nb\/fidi-faim\/\">FAIM Plus<\/a><\/li>\n<li> <a href=\"https:\/\/moverdb.com\/nb\/mtc\/\">The Movers Trading Club<\/a> (<a href=\"https:\/\/moverdb.com\/nb\/mtc\/\" data-internallinksmanager029f6b8e52c=\"30\" title=\"Movers Trading Club (MTC) forklart\">MTC<\/a>)<\/li>\n<li> Den <a href=\"https:\/\/moverdb.com\/nb\/iam\/\">International Association of Movers<\/a> (<a href=\"https:\/\/moverdb.com\/nb\/iam\/\" data-internallinksmanager029f6b8e52c=\"23\" title=\"International Association of Movers (IAM) Forklaret\">IAM<\/a>)<\/li>\n<li> ISO 9001<\/li>\n<\/ul>\n<h2>Overskytende internasjonale flytteanmeldelser<\/h2>\n<p><strong>Positiv<\/strong><\/p>\n<ul>\n<li> <em>\"Fra starten av var det en forn\u00f8yelse \u00e5 gj\u00f8re forretninger med Excess Internationl Movers. De er veldig rimelige og veileder deg gjennom prosessen. Henting og levering var s\u00f8ml\u00f8s, og jeg kunne ikke v\u00e6rt mer forn\u00f8yd med tjenesten. Anbefales p\u00e5 det sterkeste.\"<\/em> - Sophie Hay via <a href=\"http:\/\/www.excess-international.com\/reviews\" target=\"_blank\" rel=\"noopener\">side for bedriftsgjennomgang<\/a><\/li>\n<li> <em>\"Str\u00e5lende service fra tilbud til levering. Vi vil anbefale dette selskapet p\u00e5 det sterkeste.\"<\/em> - Lisa via <a href=\"https:\/\/uk.trustpilot.com\/reviews\/57bc88a00000ff00097f3cfc\" target=\"_blank\" rel=\"noopener\">Trustpilot<\/a>.<\/li>\n<li> <em>\"Vi flyttet nylig fra <a href=\"https:\/\/moverdb.com\/nb\/moving-to-the-uk\/\" data-internallinksmanager029f6b8e52c=\"93\" title=\"Flytte til Storbritannia? 2023 Levekostnader og flyttetips\">STORBRITANNIA<\/a> til <a href=\"https:\/\/moverdb.com\/nb\/moving-to-canada\/\" data-internallinksmanager029f6b8e52c=\"265\" title=\"Flytte til Canada? 2023 Levekostnader og tips om flytting\">Canada<\/a>og Excess International gjorde hele prosessen veldig smertefri. Anbudet var ganske n\u00f8yaktig (den endelige kostnaden ble faktisk litt mindre enn det opprinnelige tilbudet, noe som var bra - ingen ubehagelige overraskelser i siste \u00f8yeblikk), pakkerne gjorde en god jobb, og Attila var glad for \u00e5 svare p\u00e5 alle sp\u00f8rsm\u00e5l vi hadde.\"<\/em> - via <a href=\"http:\/\/www.reviewcentre.com\/Removal-Companies\/Excess-International-Movers-www-excess-international-com-review_2391382\" target=\"_blank\" rel=\"noopener\">Gjennomgangssenter<\/a><\/li>\n<li> <em>\"Mennene som kom for \u00e5 flytte og pakke var absolutt #1 - f\u00f8rsteklasses med alt, dedikerte hardtarbeidere og veldig h\u00f8flige.\"<\/em> - Anton via <a href=\"http:\/\/www.shipping-international.com\/companies\/excess-international-movers.html\" target=\"_blank\" rel=\"noopener\">Shipping-International.com<\/a><\/li>\n<\/ul>\n<p><strong>Negativ<\/strong><\/p>\n<ul>\n<li> <em>\"Vi f\u00f8lte at vi hadde tatt en god beslutning etter \u00e5 ha innhentet noen tilbud, men dessverre gikk det ikke som forventet.\"<\/em> - Lee\/Mrs Alexandria via <a href=\"https:\/\/uk.trustpilot.com\/reviews\/57b38afd0000ff00097cab0e\" target=\"_blank\" rel=\"noopener\">Trustpilot<\/a><\/li>\n<li> <em>\"Vi har fortsatt et problem som g\u00e5r tilbake til begynnelsen av \u00e5ret (2015) med EIM da containeren v\u00e5r ankom New Zealand fra Storbritannia. EIM-personalet i Storbritannia teipet igjen et hull i taket p\u00e5 containeren med sin egen teip.\"<\/em> - Robert Snijders via <a href=\"http:\/\/www.removalreviews.co.uk\/movingreviews\/move-from-uk-to-nz-10229\" target=\"_blank\" rel=\"noopener\">Vurderinger av fjerning<\/a><\/li>\n<li> <em>\"Patetisk service og ingen ordentlig kommunikasjon. Jeg vil ikke anbefale \u00e5 bruke disse gutta i det hele tatt. Min interaksjon har v\u00e6rt sv\u00e6rt skuffende og frustrerende.\"<\/em> - via <a href=\"http:\/\/www.reviewcentre.com\/Removal-Companies\/Excess-International-Movers-www-excess-international-com-review_3918175\" target=\"_blank\" rel=\"noopener\">Gjennomgangssenter<\/a><\/li>\n<li> <em>\"Et helt forferdelig selskap \u00e5 ha med \u00e5 gj\u00f8re, det f\u00f8ltes som \u00e5 ha med en inkassator \u00e5 gj\u00f8re n\u00e5r man snakket med dem p\u00e5 telefonen.\" -<br \/>\nWill B. via <a href=\"https:\/\/www.yelp.co.uk\/biz\/excess-international-movers-london-2?hrid=gh9RC6mlebc__fP5wR0Q8g&#038;utm_campaign=www_review_share_popup&#038;utm_medium=copy_link&#038;utm_source=(direct)\" target=\"_blank\" rel=\"noopener\">Yelp<\/a><\/em><\/li>\n<\/ul>\n<div itemprop=\"review\" itemscope itemtype=\"http:\/\/schema.org\/Review\">\n<span itemprop=\"author\" itemscope=\"\" itemtype=\"http:\/\/schema.org\/Organization\"><span itemprop=\"name\">MoverDB.com<\/span><\/span> Nettstedsgjennomgang for <span itemprop=\"itemreviewed\" itemscope=\"\" itemtype=\"http:\/\/schema.org\/Brand\"><span itemprop=\"name\">Overskytende internasjonale flyttere<\/span><\/span>:<\/p>\n<ol>\n<li> Tydelige kontaktopplysninger p\u00e5 nettstedet (inkludert telefonnummer): <strong>Ja<\/strong><\/li>\n<li> Lett \u00e5 f\u00e5 tak i <a href=\"https:\/\/moverdb.com\/nb\/sitater\/\">tilbud p\u00e5 internasjonale flyttinger<\/a>? (skjema for foresp\u00f8rsel om prisoverslag p\u00e5 nett): <strong>Ja<\/strong><\/li>\n<li> Tydelig informasjon p\u00e5 nettstedet: <strong>Ja,<\/strong> Informasjonen p\u00e5 nettstedet er ganske detaljert og gir potensielle kunder et godt inntrykk av hva som tilbys.<\/li>\n<li> Medlemskap i internasjonalt anerkjente flytteorganisasjoner: <strong>Ja<\/strong>se ovenfor.<\/li>\n<li> Liste over kunder og\/eller tidligere kundeuttalelser: <strong>Ja,<\/strong> Det er mange positive kundeuttalelser p\u00e5 nettstedet deres, selv om vurderingene andre steder er litt mer blandede.<\/li>\n<\/ol>\n<div itemprop=\"reviewRating\" itemscope itemtype=\"http:\/\/schema.org\/Rating\"><meta itemprop=\"worstRating\" content = \"0\" \/><meta itemprop=\"bestRating\" content=\"5\" \/><meta itemprop=\"ratingValue\" content=\"4\"><\/div>\n<p><strong>Samlet poengsum: 4\/5<\/strong><br \/>\n<strong>Dato for gjennomgang:<\/strong> <span itemprop=\"datePublished\" content=\"2016-09-04\">04\/09\/2016<\/span>\n<\/div>\n<p>Les mer om <a href=\"https:\/\/moverdb.com\/nb\/internasjonale-flyttinger\/\">internasjonale flyttinger<\/a> og v\u00e5r <a href=\"https:\/\/moverdb.com\/nb\/vurderinger\/\">gjennomgangsprosessen<\/a>.<\/p>\n<p><strong>Nettsted:<\/strong> <a href=\"http:\/\/www.excess-international.com\/\" target=\"_blank\" rel=\"noopener\">http:\/\/www.excess-international.com<\/a><\/p>","protected":false},"excerpt":{"rendered":"<p>Excess International Movers offer corporate clients, individuals and families a wide range of services which are listed below. There also follows a company profile and reviews. International Removals Air, sea or road Door to door service Dedicated service for international relocations A move co-ordinator to organise removals from start to finish and answer any queries [&hellip;]<\/p>\n","protected":false},"author":1,"featured_media":0,"parent":0,"menu_order":0,"comment_status":"closed","ping_status":"closed","template":"","meta":{"_genesis_hide_title":false,"_genesis_hide_breadcrumbs":false,"_genesis_hide_singular_image":false,"_genesis_hide_footer_widgets":false,"_genesis_custom_body_class":"","_genesis_custom_post_class":"","_genesis_layout":"","footnotes":""},"class_list":{"0":"post-944","1":"page","2":"type-page","3":"status-publish","5":"entry"},"_links":{"self":[{"href":"https:\/\/moverdb.com\/nb\/wp-json\/wp\/v2\/pages\/944","targetHints":{"allow":["GET"]}}],"collection":[{"href":"https:\/\/moverdb.com\/nb\/wp-json\/wp\/v2\/pages"}],"about":[{"href":"https:\/\/moverdb.com\/nb\/wp-json\/wp\/v2\/types\/page"}],"author":[{"embeddable":true,"href":"https:\/\/moverdb.com\/nb\/wp-json\/wp\/v2\/users\/1"}],"replies":[{"embeddable":true,"href":"https:\/\/moverdb.com\/nb\/wp-json\/wp\/v2\/comments?post=944"}],"version-history":[{"count":8,"href":"https:\/\/moverdb.com\/nb\/wp-json\/wp\/v2\/pages\/944\/revisions"}],"predecessor-version":[{"id":6207,"href":"https:\/\/moverdb.com\/nb\/wp-json\/wp\/v2\/pages\/944\/revisions\/6207"}],"wp:attachment":[{"href":"https:\/\/moverdb.com\/nb\/wp-json\/wp\/v2\/media?parent=944"}],"curies":[{"name":"wp","href":"https:\/\/api.w.org\/{rel}","templated":true}]}}