{"id":943,"date":"2016-09-03T18:19:36","date_gmt":"2016-09-03T18:19:36","guid":{"rendered":"http:\/\/moverdb.com\/?page_id=943"},"modified":"2026-01-08T15:20:36","modified_gmt":"2026-01-08T15:20:36","slug":"robinsons","status":"publish","type":"page","link":"https:\/\/moverdb.com\/nb\/robinsons\/","title":{"rendered":"Robinsons Relocation: Internasjonal flytting og flytteanmeldelser"},"content":{"rendered":"<p>Robinsons Relocation er et internasjonalt <a href=\"https:\/\/moverdb.com\/nb\/international-removals\/\" data-internallinksmanager029f6b8e52c=\"27\" title=\"De 36 beste internasjonale flyttebyr\u00e5ene i Storbritannia\">flyttefirma<\/a> som tilbyr sine kunder mange tjenester for \u00e5 hjelpe dem med \u00e5 flytte til utlandet. Tjenestene er oppf\u00f8rt nedenfor sammen med en selskapsprofil og vurderinger.<\/p>\n<p><strong>Internasjonale flyttinger<\/strong><\/p>\n<ul>\n<li> Dedikert flytteansvarlig<\/li>\n<li> D\u00f8r til d\u00f8r<\/li>\n<li> Selvpakking eller profesjonelt pakket<\/li>\n<li> Luftfrakt eller sj\u00f8frakt <a href=\"https:\/\/moverdb.com\/nb\/containertransport\/\">internasjonal containertransport<\/a><\/li>\n<li> alternativer for full last og dellast<\/li>\n<li> Utpakking og montering<\/li>\n<li> Tollbistand<\/li>\n<li> Forsikring ordnet<\/li>\n<li> Bilforsendelse<\/li>\n<li> Forsendelse av kj\u00e6ledyr<\/li>\n<li> Frakt av kunst og antikviteter<\/li>\n<li> Flytting av virksomheter<\/li>\n<\/ul>\n<p><strong>Flyttetjenester<\/strong><\/p>\n<ul>\n<li> Omr\u00e5deorientering<\/li>\n<li> Hjem s\u00f8k<\/li>\n<li> Skoles\u00f8k<\/li>\n<li> Bosettingstjenester<\/li>\n<li> L\u00f8pende st\u00f8tte og administrasjon av leieforhold<\/li>\n<li> Avgangstjenester<\/li>\n<li> Visum og innvandring<\/li>\n<li> Interkulturelt og spr\u00e5klig<\/li>\n<li> St\u00f8tte til ektefelle<\/li>\n<\/ul>\n<p><strong>Lagring<\/strong><\/p>\n<ul>\n<li> Lang og kort sikt<\/li>\n<li> Lagring av m\u00f8bler<\/li>\n<li> Lagring av kj\u00f8ret\u00f8y<\/li>\n<li> Kommersiell lagring<\/li>\n<li> Lagring av dokumenter<\/li>\n<li> 8 filialer \u00e5 velge mellom<\/li>\n<li> Profesjonelt pakket<\/li>\n<li> Automatisk forsikring<\/li>\n<li> D\u00f8gn\u00e5pen kameraoverv\u00e5king<\/li>\n<\/ul>\n<p><strong><a href=\"https:\/\/moverdb.com\/nb\/moving-to-the-uk\/\" data-internallinksmanager029f6b8e52c=\"93\" title=\"Flytte til Storbritannia? 2023 Levekostnader og flyttetips\">STORBRITANNIA<\/a> Flytting av hus<\/strong><\/p>\n<ul>\n<li> D\u00f8r til d\u00f8r<\/li>\n<li> Komplett tjeneste<\/li>\n<li> Flytting av virksomheter<\/li>\n<\/ul>\n<h2>Robinsons Relocation Company Profile<\/h2>\n<p>Robinsons ble grunnlagt i 1895 av Alfred Robinson, og selskapet begynte med \u00e5 transportere kull. Konkurransen var stor, s\u00e5 Alfred Robinson bestemte seg for \u00e5 g\u00e5 over til flyttevirksomhet. <\/p>\n<p>Selskapet ekspanderte til internasjonale flyttinger p\u00e5 1960-tallet med masseutvandringen til USA. <a href=\"https:\/\/moverdb.com\/nb\/moving-to-australia\/living-in-australia\/\" data-internallinksmanager029f6b8e52c=\"240\" title=\"21 hemmeligheter om \u00e5 bo i Australia for \u00e5 vite f\u00f8r du flytter\">Australia<\/a>. Alfred Robinsons barnebarn er i dag styreformann i selskapet.<\/p>\n<p>Robinsons er en av de fem st\u00f8rste eksport\u00f8rene av personlige varer i Storbritannia. Deres m\u00e5l er \u00e5 gi sine kunder, b\u00e5de privatpersoner og bedrifter, en skreddersydd plan for \u00e5 sikre at flyttingen er uanstrengt og uten skjulte kostnader. <\/p>\n<p>Selskapet har seks spesialbygde lagre i de st\u00f8rste sentrene i Storbritannia. Det har ogs\u00e5 en fl\u00e5te p\u00e5 60 kj\u00f8ret\u00f8y og en arbeidsstyrke p\u00e5 over 150 h\u00f8yt utdannede medarbeidere.<\/p>\n<p>En liste over Robinsons tilknytninger og akkrediteringer:<\/p>\n<ul>\n<li> <a href=\"https:\/\/moverdb.com\/nb\/british-association-of-removers\/\">Den britiske sammenslutningen av flyttemenn<\/a> (<a href=\"https:\/\/moverdb.com\/nb\/british-association-of-removers\/\" data-internallinksmanager029f6b8e52c=\"9\" title=\"British Association of Removers (BAR) Forklart (p\u00e5 engelsk)\">BAR<\/a>)<\/li>\n<li> <a href=\"https:\/\/moverdb.com\/nb\/bar-overseas\/\">The British Association of Removers Overseas<\/a><\/li>\n<li> British International Freight Association (BIFA) (p\u00e5 engelsk)<\/li>\n<li> World Reassurance<\/li>\n<li> <a href=\"https:\/\/moverdb.com\/nb\/fidi-faim\/\">International Federation of International Furniture Movers<\/a> (<a href=\"https:\/\/moverdb.com\/nb\/fidi-faim\/\" data-internallinksmanager029f6b8e52c=\"16\" title=\"FIDI &amp; FAIM (FIDI-akkreditert internasjonal spedit\u00f8r) forklart\">FIDI<\/a>)<\/li>\n<li> Overseas Moving Network Incorporated (OMNI) (engelsk)<\/li>\n<li> FAIM Plus<\/li>\n<li> <a href=\"https:\/\/moverdb.com\/nb\/eura\/\">EuRA<\/a><\/li>\n<li> ISO 9901:2008<\/li>\n<li> ISO 14001 :2004<\/li>\n<li> Sammenslutningen av kunst- og antikvitetshandlere (LAPADA)<\/li>\n<li> Britiske m\u00f8belprodusenter (BFM)<\/li>\n<\/ul>\n<h2>Robinsons Relocation Reviews<\/h2>\n<p><strong>Positivt:<\/strong><\/p>\n<ul>\n<li> <em>\"Robinsons var veldig t\u00e5lmodige med v\u00e5r noen ganger \"vanskelige\" reise for \u00e5 komme til en faktisk flyttedato, og koordinerte gjerne med meg selv. De ansatte p\u00e5 kontoret var hjelpsomme, sympatiske og vennlige. S\u00e5 n\u00e5r dagen kom, var gutta som kom for \u00e5 pakke huset for <a href=\"https:\/\/moverdb.com\/nb\/moving-to-the-united-states\/\" data-internallinksmanager029f6b8e52c=\"94\" title=\"Flytte til USA? 2023 Levekostnader og flyttetips\">oss<\/a> var vennlige, profesjonelle, men fremfor alt samvittighetsfulle.\"<\/em> - Charlie K Brisker via <a href=\"https:\/\/uk.trustpilot.com\/reviews\/57c6b04b0000ff000982140f\" target=\"_blank\" rel=\"noopener\">Trustpilot<\/a><\/li>\n<li> <em>\"Vi hadde en utmerket opplevelse med Robinsons og ble derfor ganske overrasket da jeg s\u00e5 en tidligere anmeldelse om det motsatte. For v\u00e5r egen erfaring har vi flyttet flere ganger til forskjellige deler av verden og har stolt p\u00e5 Robinsons hver gang siden vi f\u00f8rst brukte dem p\u00e5 90-tallet.\"<\/em> - Aiden Roberts via <a href=\"http:\/\/www.removalreviews.co.uk\/movingreviews\/really-great-service-thank-you-robinsons-6974\" target=\"_blank\" rel=\"noopener\">Vurderinger av fjerning<\/a> <\/li>\n<\/ul>\n<p><strong>Nei:<\/strong><\/p>\n<ul>\n<li> <em>\"De to f\u00f8rste som kom var fantastiske. S\u00e5 kom det tre til! Plugget mobiltelefonene sine inn i stikkontaktene v\u00e5re for \u00e5 sprenge ut musikk!!! Pakkingen av mindre gjenstander var flott! Ingen \u00f8deleggelser! Men mangelen p\u00e5 omsorg og respekt for st\u00f8rre gjenstander var sjokkerende! \"<\/em> - Sharon Card via <a href=\"https:\/\/www.trustpilot.com\/users\/55ed817e0000ff0001d9df65\" target=\"_blank\" rel=\"noopener\">Trustpilot<\/a> <\/li>\n<li> \"<em>Etter litt research trodde jeg at jeg hadde valgt et anerkjent selskap til \u00e5 h\u00e5ndtere min internasjonale flytting. Jeg kunne ikke ha tatt mer feil.\" <\/em>Eric via <a href=\"http:\/\/www.removalreviews.co.uk\/movingreviews\/absolute-disgrace-2741\" target=\"_blank\" rel=\"noopener\">Vurderinger av fjerning<\/a> <\/li>\n<\/ul>\n<div itemprop=\"review\" itemscope itemtype=\"http:\/\/schema.org\/Review\">\n<span itemprop=\"author\" itemscope=\"\" itemtype=\"http:\/\/schema.org\/Organization\"><span itemprop=\"name\">MoverDB.com<\/span><\/span> Nettstedsgjennomgang for <span itemprop=\"itemreviewed\" itemscope=\"\" itemtype=\"http:\/\/schema.org\/Brand\"><span itemprop=\"name\">Robinsons Relocation<\/span><\/span>:<\/p>\n<ol>\n<li> Tydelige kontaktopplysninger p\u00e5 nettstedet (inkludert telefonnummer): <strong>Ja<\/strong><\/li>\n<li> Lett \u00e5 f\u00e5 tak i <a href=\"https:\/\/moverdb.com\/nb\/sitater\/\">tilbud p\u00e5 internasjonale flyttinger<\/a>? (skjema for foresp\u00f8rsel om prisoverslag p\u00e5 nett): <strong>Ja<\/strong><\/li>\n<li> Tydelig informasjon p\u00e5 nettstedet: <strong>Ja,<\/strong> god informasjon om alle tjenestene de tilbyr.<\/li>\n<li> Medlemskap i internasjonalt anerkjente flytteorganisasjoner: <strong>Ja<\/strong>, mange se ovenfor.<\/li>\n<li> Liste over kunder og\/eller tidligere kundeuttalelser: <strong>Ja,<\/strong> men ikke p\u00e5 nettstedet deres, i stedet legger kundene igjen anmeldelser p\u00e5 TrustPilot, der de har en sv\u00e6rt positiv vurdering.<\/li>\n<\/ol>\n<div itemprop=\"reviewRating\" itemscope itemtype=\"http:\/\/schema.org\/Rating\"><meta itemprop=\"worstRating\" content = \"0\" \/><meta itemprop=\"bestRating\" content=\"5\" \/><meta itemprop=\"ratingValue\" content=\"5\"><\/div>\n<p><strong>Samlet poengsum: 5\/5<\/strong><br \/>\n<strong>Dato for gjennomgang:<\/strong> <span itemprop=\"datePublished\" content=\"2016-09-03\">03\/09\/2016<\/span>\n<\/div>\n<p>Les mer om <a href=\"https:\/\/moverdb.com\/nb\/internasjonale-flyttinger\/\">internasjonale flyttebyr\u00e5er<\/a> og v\u00e5r <a href=\"https:\/\/moverdb.com\/nb\/vurderinger\/\">gjennomgangsprosessen<\/a>.<\/p>\n<p><strong>Nettsted:<\/strong> <a href=\"http:\/\/www.robinsonsrelo.com\" target=\"_blank\" rel=\"noopener\">http:\/\/www.robinsonsrelo.com<\/a><\/p>","protected":false},"excerpt":{"rendered":"<p>Robinsons Relocation are an international removal company which offer their clients many services to assist them in relocating abroad. The services are listed below together with a company profile and reviews. International Removals Dedicated move manager Door to door Self-packing or professionally packed Air freight or sea freight international container shipping full load and part [&hellip;]<\/p>\n","protected":false},"author":1,"featured_media":0,"parent":0,"menu_order":0,"comment_status":"closed","ping_status":"closed","template":"","meta":{"_genesis_hide_title":false,"_genesis_hide_breadcrumbs":false,"_genesis_hide_singular_image":false,"_genesis_hide_footer_widgets":false,"_genesis_custom_body_class":"","_genesis_custom_post_class":"","_genesis_layout":"","footnotes":""},"class_list":{"0":"post-943","1":"page","2":"type-page","3":"status-publish","5":"entry"},"_links":{"self":[{"href":"https:\/\/moverdb.com\/nb\/wp-json\/wp\/v2\/pages\/943","targetHints":{"allow":["GET"]}}],"collection":[{"href":"https:\/\/moverdb.com\/nb\/wp-json\/wp\/v2\/pages"}],"about":[{"href":"https:\/\/moverdb.com\/nb\/wp-json\/wp\/v2\/types\/page"}],"author":[{"embeddable":true,"href":"https:\/\/moverdb.com\/nb\/wp-json\/wp\/v2\/users\/1"}],"replies":[{"embeddable":true,"href":"https:\/\/moverdb.com\/nb\/wp-json\/wp\/v2\/comments?post=943"}],"version-history":[{"count":5,"href":"https:\/\/moverdb.com\/nb\/wp-json\/wp\/v2\/pages\/943\/revisions"}],"predecessor-version":[{"id":6233,"href":"https:\/\/moverdb.com\/nb\/wp-json\/wp\/v2\/pages\/943\/revisions\/6233"}],"wp:attachment":[{"href":"https:\/\/moverdb.com\/nb\/wp-json\/wp\/v2\/media?parent=943"}],"curies":[{"name":"wp","href":"https:\/\/api.w.org\/{rel}","templated":true}]}}