{"id":942,"date":"2016-09-04T17:22:17","date_gmt":"2016-09-04T17:22:17","guid":{"rendered":"http:\/\/moverdb.com\/?page_id=942"},"modified":"2026-01-08T14:47:57","modified_gmt":"2026-01-08T14:47:57","slug":"by-flytting-lagring","status":"publish","type":"page","link":"https:\/\/moverdb.com\/nb\/city-moving-storage\/","title":{"rendered":"Byflytting og lagring: Anmeldelser av internasjonale flyttinger"},"content":{"rendered":"<p>City Moving and Storage tilbyr b\u00e5de oversj\u00f8iske og lokale flyttinger til b\u00e5de forretnings- og privatkunder. Nedenfor f\u00f8lger en liste over disse tjenestene, sammen med en selskapsprofil og anmeldelser.<\/p>\n<p><strong>Merk:<\/strong> City Moving and Storage, m\u00e5 ikke forveksles med City Removals, som er et eget selskap som ogs\u00e5 til forveksling tilbyr <a href=\"https:\/\/moverdb.com\/nb\/internasjonale-flyttinger\/\">internasjonale flyttinger<\/a>.<\/p>\n<p><strong>Flyttetjenester<\/strong><\/p>\n<ul>\n<li> Utpakking og fjerning av avfall Full pakkingstjeneste<\/li>\n<li> Oppbevaring av antikviteter og kunst<\/li>\n<li> Sj\u00f8frakttjenester med LCL (mindre enn containerlast) eller FCL (full containerlast) <a href=\"https:\/\/moverdb.com\/nb\/containertransport\/\">containerfrakt<\/a>.<\/li>\n<li> Ukentlig flytting med lastebil til Europa<\/li>\n<li> Tollklarering og formaliteter<\/li>\n<li> Utpakking og fjerning av rusk<\/li>\n<\/ul>\n<p><strong>Lagringstjenester<\/strong><\/p>\n<ul>\n<li> Lasting av containere<\/li>\n<li> Pakking av beholdere<\/li>\n<li> Forsegling av beholdere<\/li>\n<li> Stuing av containere<\/li>\n<\/ul>\n<h2>City Moving and Storage Company Profile<\/h2>\n<p>City Moving and Storage er et privat aksjeselskap som startet sin virksomhet i 1986. Hovedkontoret ligger i <a href=\"https:\/\/moverdb.com\/nb\/moving-to-london\/\">London<\/a> med globale forretningspartnere over hele verden. Selskapet sender personlige eiendeler og forretningseffekter over hele verden og er stolt av \u00e5 ha profesjonelle, velutdannede medarbeidere som f\u00f8lger prosessen fra d\u00f8r til d\u00f8r.<\/p>\n<p>Selskapet har spesialisert seg p\u00e5 frakt av antikviteter, kunstverk, pianoer og biler over hele verden. De har en spesialavdeling for Skandinavia, med ukentlige avganger fra London. Kundene holdes fullstendig oppdatert om forsendelsene sine, med varslinger p\u00e5 hvert trinn av reisen. <\/p>\n<p>City Moving and Storage har akkrediteringer fra:<\/p>\n<ul>\n<li> <a href=\"https:\/\/moverdb.com\/nb\/british-association-of-removers\/\">Den britiske sammenslutningen av flyttemenn<\/a> (<a href=\"https:\/\/moverdb.com\/nb\/british-association-of-removers\/\" data-internallinksmanager029f6b8e52c=\"9\" title=\"British Association of Removers (BAR) Forklart (p\u00e5 engelsk)\">BAR<\/a>)<\/li>\n<li> <a href=\"https:\/\/moverdb.com\/nb\/fidi-faim\/\">Sammenslutningen av internasjonale flyttebyr\u00e5er<\/a> (<a href=\"https:\/\/moverdb.com\/nb\/fidi-faim\/\" data-internallinksmanager029f6b8e52c=\"16\" title=\"FIDI &amp; FAIM (FIDI-akkreditert internasjonal spedit\u00f8r) forklart\">FIDI<\/a>)<\/li>\n<li> Standard for kvalitetssikrede tjenester - BS EN 12522<\/li>\n<\/ul>\n<p><strong>Anmeldelser av flytting og lagring i byen<\/strong><\/p>\n<p>Vi kunne ikke finne noen positive eller negative anmeldelser p\u00e5 nettet for City Moving and Storage.<\/p>\n<div itemprop=\"review\" itemscope itemtype=\"http:\/\/schema.org\/Review\">\n<span itemprop=\"author\" itemscope=\"\" itemtype=\"http:\/\/schema.org\/Organization\"><span itemprop=\"name\">MoverDB.com<\/span><\/span> Nettstedsgjennomgang for <span itemprop=\"itemreviewed\" itemscope=\"\" itemtype=\"http:\/\/schema.org\/Brand\"><span itemprop=\"name\">Byflytting og lagring<\/span><\/span>:<\/p>\n<ol>\n<li> Tydelige kontaktopplysninger p\u00e5 nettstedet (inkludert telefonnummer): <strong>Ja<\/strong><\/li>\n<li> Lett \u00e5 f\u00e5 tak i <a href=\"https:\/\/moverdb.com\/nb\/sitater\/\">internasjonale flyttetilbud<\/a>? (skjema for foresp\u00f8rsel om prisoverslag p\u00e5 nett): <strong>Grunnleggende<\/strong>De har et kontaktskjema p\u00e5 hjemmesiden sin, men oppgir ikke om de tilbyr pristilbud.<\/li>\n<li> Tydelig informasjon p\u00e5 nettstedet: <strong>Nei,<\/strong> Nettstedet ble opprettet i 2008 og forteller sv\u00e6rt lite om selskapet eller flyttingene de tilbyr.<\/li>\n<li> Medlemskap i internasjonalt anerkjente flytteorganisasjoner: <strong>Ja<\/strong>se ovenfor.<\/li>\n<li> Liste over kunder og\/eller tidligere kundeuttalelser: <strong>Nei,<\/strong> Igjen er nettstedets innhold minimalt og inkluderer ingen kundeuttalelser eller kundelister, pluss at det ikke ser ut til \u00e5 finnes noen anmeldelser p\u00e5 nettet.<\/li>\n<\/ol>\n<div itemprop=\"reviewRating\" itemscope itemtype=\"http:\/\/schema.org\/Rating\"><meta itemprop=\"worstRating\" content = \"0\" \/><meta itemprop=\"bestRating\" content=\"5\" \/><meta itemprop=\"ratingValue\" content=\"2.5\"><\/div>\n<p><strong>Samlet poengsum: 2.5\/5<\/strong><br \/>\n<strong>Dato for gjennomgang:<\/strong> <span itemprop=\"datePublished\" content=\"2016-09-04\">04\/09\/2016<\/span>\n<\/div>\n<p>Mer om <a href=\"https:\/\/moverdb.com\/nb\/flyttefirmaer\/\">internasjonale flyttebyr\u00e5er<\/a> og v\u00e5r <a href=\"https:\/\/moverdb.com\/nb\/vurderinger\/\">gjennomgangsprosessen<\/a>.<\/p>\n<p><strong>Nettsted:<\/strong> <a href=\"http:\/\/www.citymoving.co.uk\" target=\"_blank\" rel=\"noopener\">http:\/\/www.citymoving.co.uk<\/a><\/p>","protected":false},"excerpt":{"rendered":"<p>City Moving and Storage offer both overseas and local moves to both business and private clients. There follows a list of these services, together with a company profile and reviews. Note: City Moving and Storage, should not be confused with City Removals, which is a separate company that also confusingly offers international removals. Moving Services [&hellip;]<\/p>\n","protected":false},"author":1,"featured_media":0,"parent":0,"menu_order":0,"comment_status":"closed","ping_status":"closed","template":"","meta":{"_genesis_hide_title":false,"_genesis_hide_breadcrumbs":false,"_genesis_hide_singular_image":false,"_genesis_hide_footer_widgets":false,"_genesis_custom_body_class":"","_genesis_custom_post_class":"","_genesis_layout":"","footnotes":""},"class_list":{"0":"post-942","1":"page","2":"type-page","3":"status-publish","5":"entry"},"_links":{"self":[{"href":"https:\/\/moverdb.com\/nb\/wp-json\/wp\/v2\/pages\/942","targetHints":{"allow":["GET"]}}],"collection":[{"href":"https:\/\/moverdb.com\/nb\/wp-json\/wp\/v2\/pages"}],"about":[{"href":"https:\/\/moverdb.com\/nb\/wp-json\/wp\/v2\/types\/page"}],"author":[{"embeddable":true,"href":"https:\/\/moverdb.com\/nb\/wp-json\/wp\/v2\/users\/1"}],"replies":[{"embeddable":true,"href":"https:\/\/moverdb.com\/nb\/wp-json\/wp\/v2\/comments?post=942"}],"version-history":[{"count":5,"href":"https:\/\/moverdb.com\/nb\/wp-json\/wp\/v2\/pages\/942\/revisions"}],"predecessor-version":[{"id":6191,"href":"https:\/\/moverdb.com\/nb\/wp-json\/wp\/v2\/pages\/942\/revisions\/6191"}],"wp:attachment":[{"href":"https:\/\/moverdb.com\/nb\/wp-json\/wp\/v2\/media?parent=942"}],"curies":[{"name":"wp","href":"https:\/\/api.w.org\/{rel}","templated":true}]}}