{"id":940,"date":"2016-09-04T19:16:26","date_gmt":"2016-09-04T19:16:26","guid":{"rendered":"http:\/\/moverdb.com\/?page_id=940"},"modified":"2026-01-08T14:47:53","modified_gmt":"2026-01-08T14:47:53","slug":"btr-international","status":"publish","type":"page","link":"https:\/\/moverdb.com\/nb\/btr-international\/","title":{"rendered":"BTR International: Arbeidskraftens mobilitet: Flytting og flyttevurderinger"},"content":{"rendered":"<p>BTR International tilbyr mange tjenester til bedrifter som \u00f8nsker \u00e5 flytte sine ansatte eller sin virksomhet til utlandet.<\/p>\n<p><strong>Internasjonale flyttetjenester<\/strong><\/p>\n<ul type=\"circle\">\n<li class=\"m_7262227758002368167MsoListParagraph\"><b>Konsulenttjenester<\/b><u><\/u><u><\/u>\n<ul type=\"square\">\n<li class=\"m_7262227758002368167MsoListParagraph\">Utforming og utvikling av politikk<u><\/u><u><\/u><\/li>\n<li class=\"m_7262227758002368167MsoListParagraph\">Benchmarking<u><\/u><u><\/u><\/li>\n<li class=\"m_7262227758002368167MsoListParagraph\">R\u00e5dgivning<u><\/u><u><\/u><\/li>\n<\/ul>\n<\/li>\n<li class=\"m_7262227758002368167MsoListParagraph\"><b>Tjenester f\u00f8r tildeling<u><\/u><u><\/u><\/b>\n<ul type=\"square\">\n<li class=\"m_7262227758002368167MsoListParagraph\">R\u00e5dgivning f\u00f8r utplassering<u><\/u><u><\/u><\/li>\n<li class=\"m_7262227758002368167MsoListParagraph\">Planlegging av kompensasjon<u><\/u><u><\/u><\/li>\n<li class=\"m_7262227758002368167MsoListParagraph\">Anslag for tildelingskostnader<u><\/u><u><\/u><\/li>\n<li class=\"m_7262227758002368167MsoListParagraph\">Utarbeidelse av oppdragsbrev<u><\/u><u><\/u><\/li>\n<li class=\"m_7262227758002368167MsoListParagraph\">Skatteplanlegging og strategi<u><\/u><u><\/u><\/li>\n<li class=\"m_7262227758002368167MsoListParagraph\">Beregning av innledende kompensasjonsark<u><\/u><u><\/u><\/li>\n<li class=\"m_7262227758002368167MsoListParagraph\">Koordinering av visum\/innvandring<u><\/u><u><\/u><\/li>\n<li class=\"m_7262227758002368167MsoListParagraph\">Rapportering av levekostnadsgodtgj\u00f8relse<u><\/u><u><\/u><\/li>\n<li class=\"m_7262227758002368167MsoListParagraph\">Kultur- og spr\u00e5koppl\u00e6ring<u><\/u><u><\/u><\/li>\n<li class=\"m_7262227758002368167MsoListParagraph\">R\u00e5dgivning og formidling av utdanning<u><\/u><u><\/u><\/li>\n<li class=\"m_7262227758002368167MsoListParagraph\">Hjelp til markedsf\u00f8ring i hjemmet<u><\/u><u><\/u><\/li>\n<\/ul>\n<\/li>\n<li class=\"m_7262227758002368167MsoListParagraph\"><b>Utgiftsstyring<\/b><u><\/u><u><\/u>\n<ul type=\"square\">\n<li class=\"m_7262227758002368167MsoListParagraph\">Utgiftsrevisjon og utbetaling<u><\/u><u><\/u><\/li>\n<li class=\"m_7262227758002368167MsoListParagraph\">Direkte betaling av utgifter<u><\/u><u><\/u><\/li>\n<li class=\"m_7262227758002368167MsoListParagraph\">Detaljert avstemming og rapportering<u><\/u><u><\/u><\/li>\n<li class=\"m_7262227758002368167MsoListParagraph\">Overholdelse av den globale mobilitetspolitikken<u><\/u><u><\/u><\/li>\n<li class=\"m_7262227758002368167MsoListParagraph\">Unntak fra rapportering av politiske kostnader<u><\/u><u><\/u><\/li>\n<\/ul>\n<\/li>\n<li class=\"m_7262227758002368167MsoListParagraph\"><b>Flyttestyring<\/b><u><\/u><u><\/u>\n<ul type=\"square\">\n<li class=\"m_7262227758002368167MsoListParagraph\">Administrasjon av gruppeflytting<u><\/u><u><\/u><\/li>\n<li class=\"m_7262227758002368167MsoListParagraph\">Engangsbel\u00f8p-l\u00f8sning<u><\/u><u><\/u><\/li>\n<li class=\"m_7262227758002368167MsoListParagraph\">Lagringstjenester<u><\/u><u><\/u><\/li>\n<li class=\"m_7262227758002368167MsoListParagraph\">Programmet for global mobilitet<u><\/u><u><\/u><\/li>\n<li class=\"m_7262227758002368167MsoListParagraph\">Internasjonal spedisjon<u><\/u><u><\/u><\/li>\n<li class=\"m_7262227758002368167MsoListParagraph\">Forsikringsprogram<u><\/u><u><\/u><\/li>\n<li class=\"m_7262227758002368167MsoListParagraph\">VIP-tjenester<u><\/u><u><\/u><\/li>\n<li class=\"m_7262227758002368167MsoListParagraph\">Beholdningsforvaltning<u><\/u><u><\/u><\/li>\n<li class=\"m_7262227758002368167MsoListParagraph\">Kommersiell flytting<u><\/u><u><\/u><\/li>\n<li class=\"m_7262227758002368167MsoListParagraph\">Flyttetjenester for kj\u00e6ledyr<u><\/u><u><\/u><\/li>\n<\/ul>\n<\/li>\n<li class=\"m_7262227758002368167MsoListParagraph\"><b>Destinasjonstjenester<\/b><u><\/u><u><\/u>\n<ul type=\"square\">\n<li class=\"m_7262227758002368167MsoListParagraph\">Hjelp til boligs\u00f8k<u><\/u><u><\/u><\/li>\n<li class=\"m_7262227758002368167MsoListParagraph\">Hjelp til \u00e5 finne utleie<u><\/u><u><\/u><\/li>\n<li class=\"m_7262227758002368167MsoListParagraph\">Hjelp til skoles\u00f8k<u><\/u><u><\/u><\/li>\n<li class=\"m_7262227758002368167MsoListParagraph\">Midlertidig opphold<u><\/u><u><\/u><\/li>\n<li class=\"m_7262227758002368167MsoListParagraph\">Karriereveiledning for ektefeller<u><\/u><u><\/u><\/li>\n<li class=\"m_7262227758002368167MsoListParagraph\">Forvaltning av leieforhold<u><\/u><u><\/u><\/li>\n<li class=\"m_7262227758002368167MsoListParagraph\">Eiendomsforvaltning<u><\/u><u><\/u><\/li>\n<li class=\"m_7262227758002368167MsoListParagraph\">Bosettingstjenester<u><\/u><u><\/u><\/li>\n<\/ul>\n<\/li>\n<li class=\"m_7262227758002368167MsoListParagraph\"><b>Rapporteringstjenester<\/b><u><\/u><u><\/u>\n<ul type=\"square\">\n<li class=\"m_7262227758002368167MsoListParagraph\">Skreddersydd oppdragsrapportering<u><\/u><u><\/u><\/li>\n<li class=\"m_7262227758002368167MsoListParagraph\">Kostnadsstyring og skatt ved utgangen av regnskaps\u00e5ret<u><\/u><u><\/u><\/li>\n<li class=\"m_7262227758002368167MsoListParagraph\">Unntak fra sporing av retningslinjer<u><\/u><u><\/u><\/li>\n<li class=\"m_7262227758002368167MsoListParagraph\">Sporing og rapportering av forretningsreisende<u><\/u><u><\/u><\/li>\n<li class=\"m_7262227758002368167MsoListParagraph\">Kvartalsvise og \u00e5rsavsluttende kundevurderinger<\/li>\n<\/ul>\n<\/li>\n<\/ul>\n<h2>BTR International selskapsprofil<\/h2>\n<p>BTR International er et prisbel\u00f8nt internasjonalt relocation management-selskap med mer enn 35 \u00e5rs erfaring innen arbeidsmobilitet. BTR International har som m\u00e5l \u00e5 avlaste bedriftens HR-avdeling ved \u00e5 organisere s\u00e5 mye som mulig av flyttingen og st\u00f8tte b\u00e5de bedriften og de ansatte som flytter.<\/p>\n<p>BTR ble kj\u00f8pt opp av Writer Corporation i 2019, en global organisasjon med over 60 \u00e5rs erfaring fra flyttebransjen. Samarbeidet har styrket deres globale nettverk og tjenestekvalitet.<\/p>\n<p>Her er en liste over BTRs internasjonale akkrediteringer og tilknytninger:<\/p>\n<ul>\n<li><a href=\"https:\/\/moverdb.com\/nb\/british-association-of-removers\/\">Den britiske sammenslutningen av flyttemenn<\/a> (<a href=\"https:\/\/moverdb.com\/nb\/british-association-of-removers\/\" data-internallinksmanager029f6b8e52c=\"9\" title=\"British Association of Removers (BAR) Forklart (p\u00e5 engelsk)\">BAR<\/a>)<\/li>\n<li><a href=\"https:\/\/moverdb.com\/nb\/bar-overseas\/\">The British Association of Removers Overseas<\/a><\/li>\n<li><a href=\"https:\/\/moverdb.com\/nb\/fidi-faim\/\">Federation of International Movers<\/a> (<a href=\"https:\/\/moverdb.com\/nb\/fidi-faim\/\" data-internallinksmanager029f6b8e52c=\"16\" title=\"FIDI &amp; FAIM (FIDI-akkreditert internasjonal spedit\u00f8r) forklart\">FIDI<\/a>)<\/li>\n<li><a href=\"https:\/\/moverdb.com\/nb\/fidi-faim\/\">FAIM Plus<\/a><\/li>\n<li><a href=\"https:\/\/moverdb.com\/nb\/iam\/\">International Association of Movers<\/a> (<a href=\"https:\/\/moverdb.com\/nb\/iam\/\" data-internallinksmanager029f6b8e52c=\"23\" title=\"International Association of Movers (IAM) Forklaret\">IAM<\/a>)<\/li>\n<li><a href=\"https:\/\/moverdb.com\/nb\/fedemac\/\">FEDEMAC<\/a><\/li>\n<li><a href=\"https:\/\/moverdb.com\/nb\/lacma\/\">LACMA<\/a><\/li>\n<li><a href=\"https:\/\/moverdb.com\/nb\/mtc\/\">The Movers Trading Club<\/a> (<a href=\"https:\/\/moverdb.com\/nb\/mtc\/\" data-internallinksmanager029f6b8e52c=\"30\" title=\"Movers Trading Club (MTC) forklart\">MTC<\/a>)<\/li>\n<li><a href=\"https:\/\/moverdb.com\/nb\/arbeidstaker-flytting-rad\/\">ERC p\u00e5 verdensbasis<\/a><\/li>\n<li><a href=\"https:\/\/moverdb.com\/nb\/forening-flytting-fagfolk\/\">Sammenslutningen av fagfolk innen relokalisering<\/a> (<a href=\"https:\/\/moverdb.com\/nb\/association-relocation-professionals\/\" data-internallinksmanager029f6b8e52c=\"6\" title=\"Association of Relocation Professionals (ARP) Forklaret\">ARP<\/a>)<\/li>\n<li><a href=\"https:\/\/moverdb.com\/nb\/eura\/\">European Relocation Association<\/a> (<a href=\"https:\/\/moverdb.com\/nb\/eura\/\" data-internallinksmanager029f6b8e52c=\"13\" title=\"European Relocation Association (EuRA) Forklaret\">EuRA<\/a>)<\/li>\n<li>Forumet for ledelse av utstasjonerte<\/li>\n<li>ISO 9001<\/li>\n<li>ISO 14001<\/li>\n<\/ul>\n<p><strong>BTR internasjonale vurderinger<\/strong><\/p>\n<p>Selskapet har flere positive vurderinger <a href=\"https:\/\/www.google.com\/search?q=btr+international&#038;rlz=1C1GCEU_en-GBGB955GB973&#038;oq=btr+international&#038;aqs=chrome.0.0i355i512j46i175i199i512j69i59l3j69i60l3.8906j0j7&#038;sourceid=chrome&#038;ie=UTF-8#lrd=0x48764eb31a41d6d7:0xb3d5c304f795d7ad,1,,,\" target=\"_blank\" rel=\"noopener\">kan du se her<\/a>.<\/p>\n<p><strong>Positiv<\/strong><\/p>\n<p><em>\"Kunne ikke ha bedt om en bedre opplevelse med v\u00e5r internasjonale flytting med BTR. Flyttefolkene p\u00e5 begge sider var omhyggelige, hyggelige og sv\u00e6rt dyktige. Alle gjenstander ble omhyggelig pakket, lagret og pakket ut\/montert p\u00e5 destinasjonen til avtalt tid som lovet. Flyttekoordinatoren v\u00e5r, Sarah, var ekstremt proaktiv, lydh\u00f8r og omtenksom. Anbefales p\u00e5 det sterkeste!\"<\/em> - Tina Cachules<\/p>\n<p><em>\"Vi har brukt dette selskapet til begge flyttingene v\u00e5re gjennom \u00e5rene. Vi har funnet tjenesten deres \u00e5 v\u00e6re utmerket. Konkurransedyktige priser begge gangene. Kundeservicen deres er veldig tilgjengelig, og flyttefolkene deres er veldig fleksible og effektive. Jeg n\u00f8ler ikke med \u00e5 anbefale BTR.\"<\/em> - Geoff White<\/p>\n<p><em>\"Ettersom det var ganske kort varsel og spesifikke datoer for flyttingen min, kunne jeg ikke bestille den hos BTR. Men agenten var s\u00e5 hjelpsom og full av informasjon og r\u00e5d. Vil definitivt bruke BTR i fremtiden.\"<\/em> - Rachael<\/p>\n<p><strong>Nei:<\/strong><\/p>\n<ul>\n<li><em>\"Vi hadde en god f\u00f8rste erfaring med BTR som leveringsagent for forsendelsen av husholdningsvarer fra <a href=\"https:\/\/moverdb.com\/nb\/moving-to-the-united-states\/\" data-internallinksmanager029f6b8e52c=\"94\" title=\"Flytte til USA? 2023 Levekostnader og flyttetips\">USA<\/a> i mai 2011, men de var et mareritt p\u00e5 en lokal flytting i desember 2012.\"<\/em> - Tim Emrich via <a href=\"http:\/\/www.removalreviews.co.uk\/movingreviews\/avoid-these-movers-1874\" target=\"_blank\" rel=\"noopener\">Vurderinger av fjerning<\/a><\/li>\n<\/ul>\n<div>\n<p>MoverDB.com Online Website Review for BTR International:<\/p>\n<ol>\n<li>Tydelige kontaktopplysninger p\u00e5 nettstedet (inkludert telefonnummer): <strong>Ja<\/strong><\/li>\n<li>Lett \u00e5 f\u00e5 tak i <a href=\"https:\/\/moverdb.com\/nb\/sitater\/\">tilbud p\u00e5 internasjonale flyttinger<\/a>? (skjema for foresp\u00f8rsel om prisoverslag p\u00e5 nett): <strong>Ja<\/strong><\/li>\n<li>Tydelig informasjon p\u00e5 nettstedet: <strong>Noen,<\/strong> Nettstedet inneholder ikke mye detaljert informasjon og er litt vanskelig \u00e5 navigere i, men grunnleggende detaljer er tydelig presentert.<\/li>\n<li>Medlemskap i internasjonalt anerkjente flytteorganisasjoner: <strong>Ja<\/strong>se ovenfor.<\/li>\n<li>Liste over kunder og\/eller tidligere kundeuttalelser: <strong>Ja,<\/strong> Nettstedet inneholder vitnesbyrd<\/li>\n<\/ol>\n<div>&nbsp;<\/div>\n<p><strong>Samlet poengsum: 4.5\/5<\/strong><br \/>\n<strong>Dato for gjennomgang:<\/strong>03\/04\/2023<\/p>\n<\/div>\n<p>Mer om <a href=\"https:\/\/moverdb.com\/nb\/internasjonale-flyttinger\/\">internasjonale flyttebyr\u00e5er<\/a> og v\u00e5r <a href=\"https:\/\/moverdb.com\/nb\/vurderinger\/\">gjennomgangsprosessen<\/a>.<\/p>\n<p><strong>Nettsted:<\/strong> <a href=\"https:\/\/www.btrinternational.com\/\" target=\"_blank\" rel=\"noopener\">https:\/\/www.btrinternational.com\/<\/a><\/p>","protected":false},"excerpt":{"rendered":"<p>BTR International offers the corporate world many services in order for them to relocate their staff or their business abroad. International Moving Services Consulting Services Policy Design &amp; Development Benchmarking Counselling Pre-Assignment Services Pre-Assignment Counselling Compensation Planning Assignment Cost Projections Assignment Letter Preparation Tax Planning &amp; Strategy Initial Compensation Worksheet Calculation Visa\/Immigration Co-ordination Cost Of [&hellip;]<\/p>\n","protected":false},"author":1,"featured_media":0,"parent":0,"menu_order":0,"comment_status":"closed","ping_status":"closed","template":"","meta":{"_genesis_hide_title":false,"_genesis_hide_breadcrumbs":false,"_genesis_hide_singular_image":false,"_genesis_hide_footer_widgets":false,"_genesis_custom_body_class":"","_genesis_custom_post_class":"","_genesis_layout":"","footnotes":""},"class_list":{"0":"post-940","1":"page","2":"type-page","3":"status-publish","5":"entry"},"_links":{"self":[{"href":"https:\/\/moverdb.com\/nb\/wp-json\/wp\/v2\/pages\/940","targetHints":{"allow":["GET"]}}],"collection":[{"href":"https:\/\/moverdb.com\/nb\/wp-json\/wp\/v2\/pages"}],"about":[{"href":"https:\/\/moverdb.com\/nb\/wp-json\/wp\/v2\/types\/page"}],"author":[{"embeddable":true,"href":"https:\/\/moverdb.com\/nb\/wp-json\/wp\/v2\/users\/1"}],"replies":[{"embeddable":true,"href":"https:\/\/moverdb.com\/nb\/wp-json\/wp\/v2\/comments?post=940"}],"version-history":[{"count":8,"href":"https:\/\/moverdb.com\/nb\/wp-json\/wp\/v2\/pages\/940\/revisions"}],"predecessor-version":[{"id":8598,"href":"https:\/\/moverdb.com\/nb\/wp-json\/wp\/v2\/pages\/940\/revisions\/8598"}],"wp:attachment":[{"href":"https:\/\/moverdb.com\/nb\/wp-json\/wp\/v2\/media?parent=940"}],"curies":[{"name":"wp","href":"https:\/\/api.w.org\/{rel}","templated":true}]}}