{"id":927,"date":"2016-09-23T21:57:09","date_gmt":"2016-09-23T21:57:09","guid":{"rendered":"http:\/\/moverdb.com\/?page_id=927"},"modified":"2026-01-08T13:19:00","modified_gmt":"2026-01-08T13:19:00","slug":"imove-international","status":"publish","type":"page","link":"https:\/\/moverdb.com\/nb\/imove-international\/","title":{"rendered":"IMove International: Flytting og flytteanmeldelser"},"content":{"rendered":"<p>IMove International er basert i Surrey. De tilbyr sine kunder en rekke tjenester for \u00e5 hjelpe dem med \u00e5 flytte til utlandet. Disse er oppf\u00f8rt nedenfor, sammen med en selskapsprofil og vurderinger.<\/p>\n<p><strong><a href=\"https:\/\/moverdb.com\/nb\/international-removals\/\" data-internallinksmanager029f6b8e52c=\"27\" title=\"De 36 beste internasjonale flyttebyr\u00e5ene i Storbritannia\">Internasjonale flyttinger<\/a><\/strong><\/p>\n<ul>\n<li> Personlig flyttekoordinator<\/li>\n<li> D\u00f8r til d\u00f8r<\/li>\n<li> D\u00f8r til <a href=\"https:\/\/moverdb.com\/nb\/top-49-container-ports\/\" data-internallinksmanager029f6b8e52c=\"80\" title=\"De 49 st\u00f8rste og travleste containerhavnene i 2025\">port<\/a><\/li>\n<li> Luft, sj\u00f8 eller vei<\/li>\n<li> Flytting av selskaper<\/li>\n<li> <a href=\"https:\/\/moverdb.com\/nb\/bil-transport-frakt\/\">Motorvogner<\/a><\/li>\n<li> Full pakkeservice<\/li>\n<li> Selvpakking<\/li>\n<li> Skj\u00f8r emballasje<\/li>\n<li> Levering av gratis kartonger, tape og emballasje<\/li>\n<li> Utpakkingstjeneste<\/li>\n<li> Langtids- og korttidslagring <\/li>\n<li> <a href=\"https:\/\/moverdb.com\/nb\/containertransport\/\">Containertransport<\/a><\/li>\n<li> Overdreven frakt av bagasje<\/li>\n<li> Forsikring som tilbys<\/li>\n<li> Hjelp med toll og dokumentasjon<\/li>\n<\/ul>\n<p><strong>Andre tjenester<\/strong><\/p>\n<ul>\n<li> Langtids- og korttidslagring<\/li>\n<li> Frakt og lagring av studenter<\/li>\n<li> <a href=\"https:\/\/moverdb.com\/nb\/car-transport-shipping\/\" data-internallinksmanager029f6b8e52c=\"2\" title=\"2026 Internasjonal biltransport og tilbud p\u00e5 frakt av kj\u00f8ret\u00f8y\">Frakt av biler<\/a><\/li>\n<li> Delt beholder<\/li>\n<li> Pakketjeneste for eksport<\/li>\n<li> Kasser og kasselagring<\/li>\n<\/ul>\n<h2>IMove International selskapsprofil<\/h2>\n<p>IMove International er et ungt, privateid selskap som ble grunnlagt i mai 2011. Det er en spesialist <a href=\"https:\/\/moverdb.com\/nb\/internasjonale-flyttinger\/\">internasjonal flytting<\/a>, frakt- og relokaliseringsselskap. <\/p>\n<p>IMove organiserer flyttinger for familier, bedriftskunder og enkeltpersoner fra <a href=\"https:\/\/moverdb.com\/nb\/moving-to-the-uk\/\" data-internallinksmanager029f6b8e52c=\"93\" title=\"Flytte til Storbritannia? 2023 Levekostnader og flyttetips\">STORBRITANNIA<\/a> til de fleste destinasjoner over hele verden.<\/p>\n<p>IMove frakter alt fra den minste pakke til et helt innbo. Selskapet gir hver enkelt kunde en personlig flyttekoordinator som er deres kontaktperson gjennom hele flytteprosessen.<\/p>\n<p>IMove International har f\u00f8lgende akkrediteringer og tilknytninger:<\/p>\n<ul>\n<li> ISO 9001<\/li>\n<\/ul>\n<h2>IMove internasjonale vurderinger<\/h2>\n<p><strong>Positivt:<\/strong><\/p>\n<ul>\n<li> <em>\"Ting gikk greit og effektivt. Jeg vil absolutt anbefale selskapet for deres service og valuta for pengene\".<\/em> - H Fowler via <a href=\"http:\/\/www.imoveintl.com\/testimonials.htm\" target=\"_blank\" rel=\"noopener\">Side for kundevurderinger<\/a><\/li>\n<li> \"<em>Jeg vil gjerne gratulere IMove med punktligheten, hurtigheten og profesjonaliteten i forbindelse med flyttingen min fra Orlando <a href=\"https:\/\/moverdb.com\/nb\/moving-to-the-united-states\/moving-to-florida\/\" data-internallinksmanager029f6b8e52c=\"331\" title=\"Flytter du til Florida? 2023 Levekostnader og flyttetips\">Florida<\/a> til Kent, ble gjennomf\u00f8rt.<\/em> - Annette <a href=\"http:\/\/www.removalreviews.co.uk\/movers\/imove-international-191#11473\" target=\"_blank\" rel=\"noopener\">RemovalReviews.com<\/a> <\/li>\n<li> \"<em>Anbefaler dette selskapet p\u00e5 det sterkeste - sv\u00e6rt rimelig pris, ekstremt rask flytting og god service.\"<\/em> - Johathan via <a href=\"http:\/\/www.reviews.co.uk\/company-reviews\/store\/imove-international-removals-ltd\" target=\"_blank\" rel=\"noopener\">Anmeldelser.no<\/a> <\/li>\n<\/ul>\n<p><strong>Negativ<\/strong><\/p>\n<ul>\n<li> \"<em>Selv om leveringstiden fra <a href=\"https:\/\/moverdb.com\/nb\/moving-to-london\/\">London<\/a> til <a href=\"https:\/\/moverdb.com\/nb\/moving-to-switzerland\/\" data-internallinksmanager029f6b8e52c=\"327\" title=\"Flytte til Sveits? 2023 Levekostnader og flyttetips\">Sveits<\/a> var rask, vil jeg p\u00e5 det sterkeste frar\u00e5de alle \u00e5 bruke dette selskapet, ettersom en av de mer verdifulle gjenstandene aldri ble levert og \"mistet\". Det s\u00e5 ikke ut til \u00e5 v\u00e6re noen oppriktig overraskelse, bekymring eller unnskyldning for tapet av denne varen.\"<\/em> - Laurens via <a href=\"http:\/\/www.removalreviews.co.uk\/movingreviews\/stolen-item-1264\" target=\"_blank\" rel=\"noopener\">RemovalReviews.co.uk<\/a> <\/li>\n<li> \"<em>Varene v\u00e5re ble samlet inn i henhold til innsamlingsdatoen (02.11.2015), noe som var flott, men det er n\u00e5 mars, og vi har fortsatt ikke mottatt eskene v\u00e5re.\"<\/em> - Samantha via <a href=\"http:\/\/www.reviews.co.uk\/company-reviews\/store\/imove-international-removals-ltd\" target=\"_blank\" rel=\"noopener\">Anmeldelser.no<\/a> <\/li>\n<\/ul>\n<div itemprop=\"review\" itemscope itemtype=\"http:\/\/schema.org\/Review\">\n<span itemprop=\"author\" itemscope=\"\" itemtype=\"http:\/\/schema.org\/Organization\"><span itemprop=\"name\">MoverDB.com<\/span><\/span> Nettstedsgjennomgang for <span itemprop=\"itemreviewed\" itemscope=\"\" itemtype=\"http:\/\/schema.org\/Brand\"><span itemprop=\"name\">IMove International<\/span><\/span>:<\/p>\n<ol>\n<li> Tydelige kontaktopplysninger p\u00e5 nettstedet (inkludert telefonnummer): <strong>Ja<\/strong><\/li>\n<li> Lett \u00e5 f\u00e5 tak i <a href=\"https:\/\/moverdb.com\/nb\/sitater\/\">tilbud p\u00e5 internasjonale flyttinger<\/a>? (skjema for foresp\u00f8rsel om prisoverslag p\u00e5 nett): <strong>Ja<\/strong><\/li>\n<li> Tydelig informasjon p\u00e5 nettstedet: <strong>Ja<\/strong>Nettstedet inneholder mye informasjon om flytting til ulike land rundt om i verden, inkludert n\u00f8dvendig dokumentasjon.<\/li>\n<li> Medlemskap i internasjonale anerkjente flytteorganisasjoner: <strong>Delvis<\/strong>selv om de er ISO-registrert, ser de ut til \u00e5 mangle annen akkreditering.<\/li>\n<li> Liste over kunder og\/eller tidligere kundeuttalelser: <strong>Ja,<\/strong> Det er mange positive kundeanmeldelser p\u00e5 nettstedet.<\/li>\n<\/ol>\n<div itemprop=\"reviewRating\" itemscope itemtype=\"http:\/\/schema.org\/Rating\"><meta itemprop=\"worstRating\" content = \"0\" \/><meta itemprop=\"bestRating\" content=\"5\" \/><meta itemprop=\"ratingValue\" content=\"4\"><\/div>\n<p><strong>Samlet poengsum: 4\/5<\/strong><br \/>\n<strong>Dato for gjennomgang:<\/strong> <span itemprop=\"datePublished\" content=\"2016-09-23\">23\/09\/16<\/span>\n<\/div>\n<p>Les mer om <a href=\"https:\/\/moverdb.com\/nb\/internasjonale-flyttinger\/\">flyttebyr\u00e5er<\/a> og v\u00e5r <a href=\"https:\/\/moverdb.com\/nb\/vurderinger\/\">gjennomgangsprosessen<\/a>.<\/p>\n<p><strong>Nettsted:<\/strong> <a href=\"http:\/\/www.imoveintl.com\/\" target=\"_blank\" rel=\"noopener\">http:\/\/www.imoveintl.com\/<\/a><\/p>","protected":false},"excerpt":{"rendered":"<p>IMove International is based in Surrey. It offers its customers a range of services to assist with their move abroad. These are listed below, together with a company profile and reviews. International Removals Personal move coordinator Door to door Door to port Air, sea or road Company relocations Motor vehicles Full packing service Self-packing Fragile [&hellip;]<\/p>\n","protected":false},"author":1,"featured_media":0,"parent":0,"menu_order":0,"comment_status":"closed","ping_status":"closed","template":"","meta":{"_genesis_hide_title":false,"_genesis_hide_breadcrumbs":false,"_genesis_hide_singular_image":false,"_genesis_hide_footer_widgets":false,"_genesis_custom_body_class":"","_genesis_custom_post_class":"","_genesis_layout":"","footnotes":""},"class_list":{"0":"post-927","1":"page","2":"type-page","3":"status-publish","5":"entry"},"_links":{"self":[{"href":"https:\/\/moverdb.com\/nb\/wp-json\/wp\/v2\/pages\/927","targetHints":{"allow":["GET"]}}],"collection":[{"href":"https:\/\/moverdb.com\/nb\/wp-json\/wp\/v2\/pages"}],"about":[{"href":"https:\/\/moverdb.com\/nb\/wp-json\/wp\/v2\/types\/page"}],"author":[{"embeddable":true,"href":"https:\/\/moverdb.com\/nb\/wp-json\/wp\/v2\/users\/1"}],"replies":[{"embeddable":true,"href":"https:\/\/moverdb.com\/nb\/wp-json\/wp\/v2\/comments?post=927"}],"version-history":[{"count":6,"href":"https:\/\/moverdb.com\/nb\/wp-json\/wp\/v2\/pages\/927\/revisions"}],"predecessor-version":[{"id":13160,"href":"https:\/\/moverdb.com\/nb\/wp-json\/wp\/v2\/pages\/927\/revisions\/13160"}],"wp:attachment":[{"href":"https:\/\/moverdb.com\/nb\/wp-json\/wp\/v2\/media?parent=927"}],"curies":[{"name":"wp","href":"https:\/\/api.w.org\/{rel}","templated":true}]}}