{"id":926,"date":"2017-07-04T15:15:07","date_gmt":"2017-07-04T15:15:07","guid":{"rendered":"http:\/\/moverdb.com\/?page_id=926"},"modified":"2026-01-08T14:47:30","modified_gmt":"2026-01-08T14:47:30","slug":"american-red-ball-transit","status":"publish","type":"page","link":"https:\/\/moverdb.com\/nb\/american-red-ball-transit\/","title":{"rendered":"American Red Ball Transit: Internasjonale flytteanmeldelser"},"content":{"rendered":"<p>Amerikanske Red Ball Transit tilbyr sine kunder mange innenrikstjenester i Europa. <a href=\"https:\/\/moverdb.com\/nb\/moving-to-the-united-states\/\" data-internallinksmanager029f6b8e52c=\"94\" title=\"Flytte til USA? 2023 Levekostnader og flyttetips\">USA<\/a>Disse er oppf\u00f8rt nedenfor, sammen med en selskapsprofil og vurderinger.<\/p>\n<p><strong>Bedriftsflytting<\/strong><\/p>\n<ul>\n<li> Personlig tilpasset flytteplan<\/li>\n<li> Bistand ved flytting av personell og kontorer<\/li>\n<li> Full pakkeservice<\/li>\n<li> Demontering og montering av m\u00f8bler<\/li>\n<li> IT i bevegelse<\/li>\n<li> Utpakkingstjeneste<\/li>\n<li> Langtids- og korttidslagring<\/li>\n<\/ul>\n<p><strong>Innenlandske flyttinger<\/strong><\/p>\n<ul>\n<li> Interaktiv bevegelig kalender<\/li>\n<li> D\u00f8r til d\u00f8r<\/li>\n<li> Full pakking, skj\u00f8re gjenstander eller gj\u00f8r-det-selv-service<\/li>\n<li> Demontering og montering av m\u00f8bler.<\/li>\n<li> Forsikring tilgjengelig<\/li>\n<li> Utpakkingstjeneste som tilbys<\/li>\n<li> Langtids- og korttidslagring tilgjengelig<\/li>\n<\/ul>\n<h2>Amerikansk Red Ball Transit-selskapsprofil<\/h2>\n<p>Amerikanske Red Ball Transit, grunnlagt i 1919, er den eldste interstate <a href=\"https:\/\/moverdb.com\/nb\/international-removals\/\" data-internallinksmanager029f6b8e52c=\"27\" title=\"De 36 beste internasjonale flyttebyr\u00e5ene i Storbritannia\">flyttefirma<\/a> i USA og er basert i Indianapolis. Selskapet er kjent for sin ekspertise innen milit\u00e6re flyttinger og har utf\u00f8rt mange s\u00e5 langt tilbake som andre verdenskrig. I 1996 ble American Red Ball Transit solgt til <a href=\"https:\/\/moverdb.com\/nb\/atlas-van-lines-international\/\">Atlas World Group<\/a>. Denne gruppen flytter over 13 000 milit\u00e6rfamilier per \u00e5r.<\/p>\n<p>I 2001 ble American Red Ball Transit, som er det innenlandske datterselskapet til American Red Ball International, solgt til selskapets ledelse. American Red Ball International fortsetter med den internasjonale delen av virksomheten.<\/p>\n<p>American Red Ball Transit har f\u00f8lgende tilknytninger og akkrediteringer:<\/p>\n<ul>\n<li> Better Business Bureau (BBB)<\/li>\n<li> <a href=\"https:\/\/moverdb.com\/nb\/amsa\/\">American Moving and Storage Association<\/a> (<a href=\"https:\/\/moverdb.com\/nb\/amsa\/\" data-internallinksmanager029f6b8e52c=\"5\" title=\"American Moving &amp; Storage Association (AMSA) forklart\">AMSA<\/a>)<\/li>\n<li> <a href=\"https:\/\/moverdb.com\/nb\/felgpromover\/\">ProMover<\/a><\/li>\n<\/ul>\n<h2>Amerikanske Red Ball Transit Company vurderinger<\/h2>\n<p><strong>Positivt:<\/strong><\/p>\n<ul>\n<li> <em>\"American Red Ball er en av v\u00e5re beste partnere, kvalitetsorganisasjon med kvalitetsindivider. Anbefales p\u00e5 det sterkeste.\"<\/em> - John via <a href=\"https:\/\/www.yelp.co.uk\/biz\/american-red-ball-transit-company-indianapolis?hrid=mQPsd2n9lj4MbWXdnRerwA&#038;utm_campaign=www_review_share_popup&#038;utm_medium=copy_link&#038;utm_source=(direct)\" target=\"_blank\" rel=\"noopener\">Yelp<\/a><\/li>\n<\/ul>\n<p><strong>Nei:<\/strong><\/p>\n<ul>\n<li> <em>\"Jeg hadde en helt forferdelig opplevelse med dette selskapet.\"<\/em> - R.R. via <a href=\"https:\/\/www.bbb.org\/indy\/business-reviews\/movers\/american-red-ball-transit-company-inc-in-indianapolis-in-753\/reviews-and-complaints?section=reviews&#038;reviewtype=negative\" target=\"_blank\" rel=\"noopener\">BBB.org<\/a><\/li>\n<\/ul>\n<div itemprop=\"review\" itemscope itemtype=\"http:\/\/schema.org\/Review\">\n<span itemprop=\"author\" itemscope=\"\" itemtype=\"http:\/\/schema.org\/Organization\"><span itemprop=\"name\">MoverDB.com<\/span><\/span> Nettstedsgjennomgang for <span itemprop=\"itemreviewed\" itemscope=\"\" itemtype=\"http:\/\/schema.org\/Brand\"><span itemprop=\"name\">American Red Ball Transit<\/span><\/span>:<\/p>\n<ol>\n<li> Tydelige kontaktopplysninger p\u00e5 nettstedet (inkludert telefonnummer): <strong>Ja<\/strong><\/li>\n<li> Lett \u00e5 f\u00e5 tak i <a href=\"https:\/\/moverdb.com\/nb\/sitater\/\">internasjonale flyttetilbud<\/a>? (skjema for foresp\u00f8rsel om prisoverslag p\u00e5 nett): <strong>Ja<\/strong><\/li>\n<li> Tydelig informasjon p\u00e5 nettstedet: <strong>Begrenset,<\/strong> Nettstedet forteller deg veldig lite.<\/li>\n<li> Medlemskap i internasjonalt anerkjente flytteorganisasjoner: <strong>Ja<\/strong><\/li>\n<li> Liste over kunder og\/eller tidligere kundeuttalelser: <strong>Nei<\/strong>, og vurderingene p\u00e5 nettet er blandede.<\/li>\n<\/ol>\n<div itemprop=\"reviewRating\" itemscope itemtype=\"http:\/\/schema.org\/Rating\"><meta itemprop=\"worstRating\" content = \"0\" \/><meta itemprop=\"bestRating\" content=\"5\" \/><meta itemprop=\"ratingValue\" content=\"3\"><\/div>\n<p><strong>Samlet poengsum: 3\/5<\/strong><br \/>\n<strong>Dato for gjennomgang:<\/strong> <span itemprop=\"datePublished\" content=\"2017-07-04\">04\/07\/2016<\/span>\n<\/div>\n<p>Les mer om <a href=\"https:\/\/moverdb.com\/nb\/flyttefirmaer\/\">internasjonale flyttebyr\u00e5er<\/a>, <a href=\"https:\/\/moverdb.com\/nb\/us-canada-movers\/\">Amerikanske innenlandsflyttere<\/a> og l\u00e6r mer om v\u00e5re <a href=\"https:\/\/moverdb.com\/nb\/vurderinger\/\">gjennomgangsprosessen<\/a>.<\/p>\n<p><strong>Nettsted:<\/strong> <a href=\"http:\/\/www.redball.com\/\" target=\"_blank\" rel=\"noopener\">http:\/\/www.redball.com\/<\/a><\/p>","protected":false},"excerpt":{"rendered":"<p>American Red Ball Transit offers its customers many domestic services within the US, these are listed below, together with a company profile and reviews. Corporate Relocation Personalised relocation plan Assistance with personnel and office moves Full packing service Disassembly and reassembly of furniture IT moving Unpacking service Long and short term storage Domestic Moves Interactive [&hellip;]<\/p>\n","protected":false},"author":1,"featured_media":0,"parent":0,"menu_order":0,"comment_status":"closed","ping_status":"closed","template":"","meta":{"_genesis_hide_title":false,"_genesis_hide_breadcrumbs":false,"_genesis_hide_singular_image":false,"_genesis_hide_footer_widgets":false,"_genesis_custom_body_class":"","_genesis_custom_post_class":"","_genesis_layout":"","footnotes":""},"class_list":{"0":"post-926","1":"page","2":"type-page","3":"status-publish","5":"entry"},"_links":{"self":[{"href":"https:\/\/moverdb.com\/nb\/wp-json\/wp\/v2\/pages\/926","targetHints":{"allow":["GET"]}}],"collection":[{"href":"https:\/\/moverdb.com\/nb\/wp-json\/wp\/v2\/pages"}],"about":[{"href":"https:\/\/moverdb.com\/nb\/wp-json\/wp\/v2\/types\/page"}],"author":[{"embeddable":true,"href":"https:\/\/moverdb.com\/nb\/wp-json\/wp\/v2\/users\/1"}],"replies":[{"embeddable":true,"href":"https:\/\/moverdb.com\/nb\/wp-json\/wp\/v2\/comments?post=926"}],"version-history":[{"count":4,"href":"https:\/\/moverdb.com\/nb\/wp-json\/wp\/v2\/pages\/926\/revisions"}],"predecessor-version":[{"id":6171,"href":"https:\/\/moverdb.com\/nb\/wp-json\/wp\/v2\/pages\/926\/revisions\/6171"}],"wp:attachment":[{"href":"https:\/\/moverdb.com\/nb\/wp-json\/wp\/v2\/media?parent=926"}],"curies":[{"name":"wp","href":"https:\/\/api.w.org\/{rel}","templated":true}]}}