{"id":925,"date":"2016-09-27T05:35:52","date_gmt":"2016-09-27T05:35:52","guid":{"rendered":"http:\/\/moverdb.com\/?page_id=925"},"modified":"2026-01-08T14:40:05","modified_gmt":"2026-01-08T14:40:05","slug":"lopa-fjerninger","status":"publish","type":"page","link":"https:\/\/moverdb.com\/nb\/lopa-removals\/","title":{"rendered":"Lopa Flytting: Internasjonale flytteanmeldelser"},"content":{"rendered":"<p>Lopa Removals er basert i Romford og tilbyr sine kunder en rekke tjenester som er oppf\u00f8rt nedenfor, sammen med en firmaprofil og anmeldelser.<\/p>\n<p><strong>Europeiske og internasjonale bevegelser<\/strong><\/p>\n<ul>\n<li> Dedikert flytteansvarlig<\/li>\n<li> Hele huset flytter ferdig p\u00e5 2-5 dager<\/li>\n<li> Forsikring ordnet<\/li>\n<li> GPS-sporing av kj\u00f8ret\u00f8y<\/li>\n<li> Full pakking, skj\u00f8r pakking eller gj\u00f8r det selv<\/li>\n<li> Gratis esker og pakkemateriell<\/li>\n<li> Skadefri garanti<\/li>\n<li> Emballasje<\/li>\n<li> Utvendige heiser for gjenstander som pianoer<\/li>\n<li> Deltransporter og fulltransporter<\/li>\n<li> Utpakkingstjeneste<\/li>\n<li> Kort- og langtidslagring<\/li>\n<\/ul>\n<p><strong>Lagring<\/strong><\/p>\n<ul>\n<li> Kort og lang sikt<\/li>\n<li> Sikker og inngjerdet<\/li>\n<li> Forsikret<\/li>\n<li> Profesjonelt stablet<\/li>\n<li> Tilh\u00f8rer riktig beskyttet mot skade og smuss<\/li>\n<\/ul>\n<p><strong>Spesialistbevegelser<\/strong><\/p>\n<ul>\n<li> Kunstgallerier<\/li>\n<li> Utstillinger<\/li>\n<\/ul>\n<h2>Lopa Removals selskapsprofil<\/h2>\n<p>Lopa Removals har spesialisert seg p\u00e5 internasjonale flyttinger, s\u00e6rlig innenfor Europa. Selskapet er basert i Romford. Dette er et ungt selskap som har som hovedm\u00e5l \u00e5 forbedre eksisterende flyttinger mellom europeiske land. <\/p>\n<p>Det har en lang liste over fremtredende forn\u00f8yde kunder. Lopa Removals tilbyr et h\u00f8yt niv\u00e5 av kundeservice b\u00e5de f\u00f8r, under og etter flytting. P\u00e5 grunn av positive tilbakemeldinger fra kunder, konsentrerer de seg for tiden om flyttinger mellom <a href=\"https:\/\/moverdb.com\/nb\/moving-to-london\/\">London<\/a>, <a href=\"https:\/\/moverdb.com\/nb\/moving-to-france\/moving-to-paris\/\" data-internallinksmanager029f6b8e52c=\"407\" title=\"Flytter du til Paris? 2023 Levekostnader og flyttetips\">Paris<\/a> og Brussel og gj\u00f8r disse trekkene til de beste p\u00e5 markedet.<\/p>\n<p>Lopa Removals har f\u00f8lgende akkrediteringer og tilknytninger:<\/p>\n<ul>\n<li> Kvalitetsstandard ISO 9001<\/li>\n<li> <a href=\"https:\/\/moverdb.com\/nb\/british-association-of-removers\/\">British Association of Removers<\/a> (<a href=\"https:\/\/moverdb.com\/nb\/british-association-of-removers\/\" data-internallinksmanager029f6b8e52c=\"9\" title=\"British Association of Removers (BAR) Forklart (p\u00e5 engelsk)\">BAR<\/a>)<\/li>\n<\/ul>\n<h2>Lopa Flytting Anmeldelser<\/h2>\n<p><strong>Positivt:<\/strong><\/p>\n<ul>\n<li> \"Lopa removals leverte en veldig god service og gjorde flyttingen v\u00e5r fra London til Paris smidig og stressfri.\" - S. Gerber via <a href=\"https:\/\/uk.trustpilot.com\/reviews\/57b199dc0000ff00097bf54d\" target=\"_blank\" rel=\"noopener\">Trustpilot<\/a><\/li>\n<\/ul>\n<p><strong>Nei:<\/strong><\/p>\n<ul>\n<li> \"<em>Jeg flyttet fra <a href=\"https:\/\/moverdb.com\/nb\/moving-to-belgium\/\" data-internallinksmanager029f6b8e52c=\"323\" title=\"Flytte til Belgia? 2023 Levekostnader og flyttetips\">Belgia<\/a> og var spent p\u00e5 \u00e5 finne disse gutta, rimelig priset, veldig gode anmeldelser her og annonsert som familieeid og veldig forst\u00e5elsesfull. Jeg burde ha visst bedre.\"<\/em> Andrei via <a href=\"https:\/\/uk.trustpilot.com\/reviews\/53ce415d0000640002999120\" target=\"_blank\" rel=\"noopener\">Trustpilot<\/a> <\/li>\n<\/ul>\n<div itemprop=\"review\" itemscope itemtype=\"http:\/\/schema.org\/Review\">\n<span itemprop=\"author\" itemscope=\"\" itemtype=\"http:\/\/schema.org\/Organization\"><span itemprop=\"name\">MoverDB.com<\/span><\/span> Nettstedsgjennomgang for <span itemprop=\"itemreviewed\" itemscope=\"\" itemtype=\"http:\/\/schema.org\/Brand\"><span itemprop=\"name\">Lopa-flytting<\/span><\/span>:<\/p>\n<ol>\n<li> Tydelige kontaktopplysninger p\u00e5 nettstedet (inkludert telefonnummer): <strong>Ja<\/strong><\/li>\n<li> Lett \u00e5 f\u00e5 tak i <a href=\"https:\/\/moverdb.com\/nb\/sitater\/\">tilbud p\u00e5 flytting<\/a>? (skjema for foresp\u00f8rsel om prisoverslag p\u00e5 nett): <strong>Ja<\/strong><\/li>\n<li> Tydelig informasjon p\u00e5 nettstedet: <strong>Noen,<\/strong> men generelt inneholder nettstedet relativt lite informasjon<\/li>\n<li> Medlemskap i internasjonale anerkjente flytteorganisasjoner: <strong>Ja<\/strong><\/li>\n<li> Liste over kunder og\/eller tidligere kundeuttalelser: <strong>Delvis,<\/strong> selv om de ikke er vert p\u00e5 stedet, har de en positiv vurdering p\u00e5 Trustpilot.<\/li>\n<\/ol>\n<div itemprop=\"reviewRating\" itemscope itemtype=\"http:\/\/schema.org\/Rating\"><meta itemprop=\"worstRating\" content = \"0\" \/><meta itemprop=\"bestRating\" content=\"5\" \/><meta itemprop=\"ratingValue\" content=\"4\"><\/div>\n<p><strong>Samlet poengsum: 4\/5<\/strong><br \/>\n<strong>Dato for gjennomgang:<\/strong> <span itemprop=\"datePublished\" content=\"2016-09-27\">27\/08\/16<\/span>\n<\/div>\n<p>Les mer om <a href=\"https:\/\/moverdb.com\/nb\/internasjonale-flyttinger\/\">internasjonale flyttinger<\/a> og v\u00e5r <a href=\"https:\/\/moverdb.com\/nb\/vurderinger\/\">gjennomgangsprosessen<\/a>.<\/p>\n<p><strong>Nettsted:<\/strong> <a href=\"http:\/\/new.loparemovals.com\/\" target=\"_blank\" rel=\"noopener\">http:\/\/new.loparemovals.com\/<\/a><\/p>","protected":false},"excerpt":{"rendered":"<p>Lopa Removals is based in Romford and offers its customers a range of services which are listed below, together with a company profile and reviews. European and International Moves Dedicated move manager Full house moves complete in 2-5 days Insurance arranged GPS vehicle tracking Full packing, fragile packing or do it yourself Free boxes and [&hellip;]<\/p>\n","protected":false},"author":1,"featured_media":0,"parent":0,"menu_order":0,"comment_status":"closed","ping_status":"closed","template":"","meta":{"_genesis_hide_title":false,"_genesis_hide_breadcrumbs":false,"_genesis_hide_singular_image":false,"_genesis_hide_footer_widgets":false,"_genesis_custom_body_class":"","_genesis_custom_post_class":"","_genesis_layout":"","footnotes":""},"class_list":{"0":"post-925","1":"page","2":"type-page","3":"status-publish","5":"entry"},"_links":{"self":[{"href":"https:\/\/moverdb.com\/nb\/wp-json\/wp\/v2\/pages\/925","targetHints":{"allow":["GET"]}}],"collection":[{"href":"https:\/\/moverdb.com\/nb\/wp-json\/wp\/v2\/pages"}],"about":[{"href":"https:\/\/moverdb.com\/nb\/wp-json\/wp\/v2\/types\/page"}],"author":[{"embeddable":true,"href":"https:\/\/moverdb.com\/nb\/wp-json\/wp\/v2\/users\/1"}],"replies":[{"embeddable":true,"href":"https:\/\/moverdb.com\/nb\/wp-json\/wp\/v2\/comments?post=925"}],"version-history":[{"count":7,"href":"https:\/\/moverdb.com\/nb\/wp-json\/wp\/v2\/pages\/925\/revisions"}],"predecessor-version":[{"id":13171,"href":"https:\/\/moverdb.com\/nb\/wp-json\/wp\/v2\/pages\/925\/revisions\/13171"}],"wp:attachment":[{"href":"https:\/\/moverdb.com\/nb\/wp-json\/wp\/v2\/media?parent=925"}],"curies":[{"name":"wp","href":"https:\/\/api.w.org\/{rel}","templated":true}]}}