{"id":924,"date":"2016-09-03T21:30:31","date_gmt":"2016-09-03T21:30:31","guid":{"rendered":"http:\/\/moverdb.com\/?page_id=924"},"modified":"2026-01-08T14:48:13","modified_gmt":"2026-01-08T14:48:13","slug":"orne-flyttinger","status":"publish","type":"page","link":"https:\/\/moverdb.com\/nb\/eagle-relocations\/","title":{"rendered":"Eagle Relocations: Internasjonal flytting og flytting Anmeldelser"},"content":{"rendered":"<p>Eagle Relocations er en <a href=\"https:\/\/moverdb.com\/nb\/international-removals\/\" data-internallinksmanager029f6b8e52c=\"27\" title=\"De 36 beste internasjonale flyttebyr\u00e5ene i Storbritannia\">flyttebyr\u00e5<\/a> basert i Watford, <a href=\"https:\/\/moverdb.com\/nb\/moving-to-the-uk\/\" data-internallinksmanager029f6b8e52c=\"93\" title=\"Flytte til Storbritannia? 2023 Levekostnader og flyttetips\">STORBRITANNIA<\/a>. Det tilbyr sine kunder en rekke flyttetjenester som er oppf\u00f8rt nedenfor, sammen med en selskapsprofil og vurderinger.<\/p>\n<p><strong>Internasjonale flyttinger<\/strong><\/p>\n<ul>\n<li> D\u00f8r til d\u00f8r-tjeneste<\/li>\n<li> D\u00f8r til d\u00f8r-tjeneste<\/li>\n<li> D\u00f8r til <a href=\"https:\/\/moverdb.com\/nb\/top-49-container-ports\/\" data-internallinksmanager029f6b8e52c=\"80\" title=\"De 49 st\u00f8rste og travleste containerhavnene i 2025\">port<\/a> tjeneste<\/li>\n<li> Full pakkeservice<\/li>\n<li> Skj\u00f8r eller delpakketjeneste<\/li>\n<li> Eierpakket tjeneste<\/li>\n<li> Demontering og montering av m\u00f8bler<\/li>\n<li> Medf\u00f8lgende emballasjemateriell<\/li>\n<li> Vei-, luft- og sj\u00f8transitt<\/li>\n<li> Tollklarering<\/li>\n<li> Fjerning av rusk<\/li>\n<li> Concierge-tjeneste<\/li>\n<li> Rengj\u00f8ring<\/li>\n<\/ul>\n<p><strong>Flytting av bedrifter<\/strong><\/p>\n<ul>\n<li> Personlig flytteleder for bedrifter<\/li>\n<li> Kartlegging av eksisterende og nye lokaler<\/li>\n<li> Demontering og montering av m\u00f8bler<\/li>\n<li> IT-spesialister for flytting av datamaskiner<\/li>\n<li> Flyttekasser designet for kontorer<\/li>\n<li> Kasser merket<\/li>\n<li> Flytteleder kontinuerlig p\u00e5 stedet under flyttingen<\/li>\n<li> Forsikring ordnet<\/li>\n<\/ul>\n<p><strong>Flytting fra Storbritannia<\/strong><\/p>\n<ul>\n<li> Kontakt med flytteadministrator<\/li>\n<li> Sp\u00f8rreunders\u00f8kelse f\u00f8r flytting<\/li>\n<li> Dedikert flyttekoordinator<\/li>\n<li> D\u00f8r til d\u00f8r<\/li>\n<li> Full pakking, delvis pakking eller gj\u00f8r det selv<\/li>\n<li> Demontering og montering av m\u00f8bler<\/li>\n<li> Forsikring ordnet<\/li>\n<li> Fjerning av rusk<\/li>\n<\/ul>\n<h2>Eagle Relocations bedriftsprofil<\/h2>\n<p>Eagle Relocations ble etablert som en familiebedrift i 1967 og var da kjent som Eagle Shipping. Det ble et aksjeselskap i 2002 og skiftet navn til Eagle Relocations. Det tilbyr sine kunder en fullservice flytting lokalt, nasjonalt og internasjonalt.<\/p>\n<p>Eagle Relocations flyttet over 3 500 mennesker i 2015. De tilbyr en rekke pakker som passer folks behov og lommeb\u00f8ker. De tror p\u00e5 sterk kundeservice og engasjement.<\/p>\n<p>Eagle Relocations har f\u00f8lgende akkrediteringer og tilknytninger:<\/p>\n<ul>\n<li> <a href=\"https:\/\/moverdb.com\/nb\/british-association-of-removers\/\">British Association of Removers<\/a> (<a href=\"https:\/\/moverdb.com\/nb\/british-association-of-removers\/\" data-internallinksmanager029f6b8e52c=\"9\" title=\"British Association of Removers (BAR) Forklart (p\u00e5 engelsk)\">BAR<\/a>)<\/li>\n<li> <a href=\"https:\/\/moverdb.com\/nb\/fedemac\/\">Sammenslutningen av europeiske flyttebyr\u00e5er<\/a> (<a href=\"https:\/\/moverdb.com\/nb\/fedemac\/\" data-internallinksmanager029f6b8e52c=\"15\" title=\"Federation of European Movers Association (FEDEMAC) Forklares (p\u00e5 engelsk)\">FEDEMAC<\/a>)<\/li>\n<li> <a href=\"https:\/\/moverdb.com\/nb\/iam\/\">International Association of Movers<\/a> (<a href=\"https:\/\/moverdb.com\/nb\/iam\/\" data-internallinksmanager029f6b8e52c=\"23\" title=\"International Association of Movers (IAM) Forklaret\">IAM<\/a>)<\/li>\n<li> <a href=\"https:\/\/moverdb.com\/nb\/hgfaa\/\">Household Goods Forwarders Association of America<\/a><\/li>\n<li> British International Freight Association (BIFA) (p\u00e5 engelsk)<\/li>\n<li> <a href=\"https:\/\/moverdb.com\/nb\/bar-overseas\/\">British Association of Removers (BAR) Overseas (p\u00e5 engelsk)<\/a><\/li>\n<\/ul>\n<h2>Eagle Relocations vurderinger<\/h2>\n<p><strong>Positivt:<\/strong><\/p>\n<ul>\n<li> <em>Guttene var fantastiske ... Super hjelpsomme, effektive, profesjonelle og alle med store smil om munnen ...<\/em> - Ross via <a href=\"http:\/\/www.eaglerelocations.com\/testimonials\/\" target=\"_blank\" rel=\"noopener\">side med kundeuttalelser<\/a><\/li>\n<li> <em>\"De var p\u00e5litelige, profesjonelle, joviale, hardtarbeidende og forsiktige og gjorde en ekstremt stressende periode til en enkel periode. De gir utmerket valuta for pengene, og jeg er glad for at jeg ikke valgte et selskap som tilb\u00f8d meg en \"for god til \u00e5 v\u00e6re sann\" flyttekostnad via e-post, uten engang \u00e5 ha bes\u00f8kt hjemmet v\u00e5rt. Etter min mening er de markedsledere, og jeg vil alltid v\u00e6re Eagle Relocations takknemlig.\"<\/em> - Karen via <a href=\"https:\/\/www.trustpilot.com\/reviews\/56fe57450000ff00094ba791\" target=\"_blank\" rel=\"noopener\">TrustPilot<\/a> <\/li>\n<li> <em>\"Jeg bare Eagle Relocations ved 3 separate anledninger. Jeg flyttet fra Hendon til Borhamwood, Borhamwood til Storage og deretter til Bali. Hver gang opplevde jeg dem som ekstremt profesjonelle.\"<\/em> - Pankesh P via <a href=\"https:\/\/www.yell.com\/reviews\/user\/PankeshP\" target=\"_blank\" rel=\"noopener\">Yell<\/a><\/li>\n<\/ul>\n<p><strong>Nei:<\/strong><\/p>\n<ul>\n<li> <em>\"Ikke bruk dette selskapet, de mistet alle mine verdslige goder.\"<\/em> - Adrienne via <a href=\"https:\/\/www.trustpilot.com\/reviews\/587ecbbc0dc2f609f06be069\" target=\"_blank\" rel=\"noopener\">Trustpilot<\/a><\/li>\n<\/ul>\n<div itemprop=\"review\" itemscope itemtype=\"http:\/\/schema.org\/Review\">\n<span itemprop=\"author\" itemscope=\"\" itemtype=\"http:\/\/schema.org\/Organization\"><span itemprop=\"name\">MoverDB.com<\/span><\/span> Nettstedsgjennomgang for <span itemprop=\"itemreviewed\" itemscope=\"\" itemtype=\"http:\/\/schema.org\/Brand\"><span itemprop=\"name\">Flytting av \u00f8rn<\/span><\/span>:<\/p>\n<ol>\n<li> Tydelige kontaktopplysninger p\u00e5 nettstedet (inkludert telefonnummer): <strong>Ja<\/strong><\/li>\n<li> Lett \u00e5 f\u00e5 tak i <a href=\"https:\/\/moverdb.com\/nb\/sitater\/\">tilbud p\u00e5 internasjonale flyttinger<\/a>? (skjema for foresp\u00f8rsel om prisoverslag p\u00e5 nett): <strong>Ja<\/strong><\/li>\n<li> Tydelig informasjon p\u00e5 nettstedet: <strong>Ja,<\/strong> inneholder landguider og en blogg med nyttig informasjon om \u00e5 flytte utenlands.<\/li>\n<li> Medlemskap i internasjonalt anerkjente flytteorganisasjoner: <strong>Ja<\/strong>se ovenfor.<\/li>\n<li> Liste over kunder og\/eller tidligere kundeuttalelser: <strong>Noen,<\/strong> Det finnes kundeanmeldelser p\u00e5 nettstedet, men mange av dem er ganske like, og det er f\u00e5 anmeldelser andre steder p\u00e5 nettet. De vurderingene som er tilgjengelige, er imidlertid stort sett positive.<\/li>\n<\/ol>\n<div itemprop=\"reviewRating\" itemscope itemtype=\"http:\/\/schema.org\/Rating\"><meta itemprop=\"worstRating\" content = \"0\" \/><meta itemprop=\"bestRating\" content=\"5\" \/><meta itemprop=\"ratingValue\" content=\"4.5\"><\/div>\n<p><strong>Samlet poengsum: 4.5\/5<\/strong><br \/>\n<strong>Dato for gjennomgang:<\/strong> <span itemprop=\"datePublished\" content=\"2016-09-03\">03\/09\/2016<\/span>\n<\/div>\n<p>Les mer om mer om <a href=\"https:\/\/moverdb.com\/nb\/internasjonale-flyttinger\/\">internasjonale flyttinger<\/a> og v\u00e5r <a href=\"https:\/\/moverdb.com\/nb\/vurderinger\/\">gjennomgangsprosessen<\/a>.<\/p>\n<p><strong>Nettsted:<\/strong> <a href=\"http:\/\/www.eaglerelocations.com\" target=\"_blank\" rel=\"noopener\">http:\/\/www.eaglerelocations.com<\/a><\/p>","protected":false},"excerpt":{"rendered":"<p>Eagle Relocations is a removals company based in Watford, UK. It offers its clients a range of removals services which are listed below, together with a company profile and reviews. International Removals Door to door service Door to kerbside service Door to port service Full packing service Fragile or part pack service Owner packed service [&hellip;]<\/p>\n","protected":false},"author":1,"featured_media":0,"parent":0,"menu_order":0,"comment_status":"closed","ping_status":"closed","template":"","meta":{"_genesis_hide_title":false,"_genesis_hide_breadcrumbs":false,"_genesis_hide_singular_image":false,"_genesis_hide_footer_widgets":false,"_genesis_custom_body_class":"","_genesis_custom_post_class":"","_genesis_layout":"","footnotes":""},"class_list":{"0":"post-924","1":"page","2":"type-page","3":"status-publish","5":"entry"},"_links":{"self":[{"href":"https:\/\/moverdb.com\/nb\/wp-json\/wp\/v2\/pages\/924","targetHints":{"allow":["GET"]}}],"collection":[{"href":"https:\/\/moverdb.com\/nb\/wp-json\/wp\/v2\/pages"}],"about":[{"href":"https:\/\/moverdb.com\/nb\/wp-json\/wp\/v2\/types\/page"}],"author":[{"embeddable":true,"href":"https:\/\/moverdb.com\/nb\/wp-json\/wp\/v2\/users\/1"}],"replies":[{"embeddable":true,"href":"https:\/\/moverdb.com\/nb\/wp-json\/wp\/v2\/comments?post=924"}],"version-history":[{"count":6,"href":"https:\/\/moverdb.com\/nb\/wp-json\/wp\/v2\/pages\/924\/revisions"}],"predecessor-version":[{"id":6202,"href":"https:\/\/moverdb.com\/nb\/wp-json\/wp\/v2\/pages\/924\/revisions\/6202"}],"wp:attachment":[{"href":"https:\/\/moverdb.com\/nb\/wp-json\/wp\/v2\/media?parent=924"}],"curies":[{"name":"wp","href":"https:\/\/api.w.org\/{rel}","templated":true}]}}