{"id":923,"date":"2016-08-25T14:59:50","date_gmt":"2016-08-25T14:59:50","guid":{"rendered":"http:\/\/moverdb.com\/?page_id=923"},"modified":"2026-01-08T14:40:15","modified_gmt":"2026-01-08T14:40:15","slug":"movecorp","status":"publish","type":"page","link":"https:\/\/moverdb.com\/nb\/movecorp\/","title":{"rendered":"Movecorp: Internasjonal flytting og flytteanmeldelser"},"content":{"rendered":"<p>Movecorp er basert i West Midlands og tilbyr sine kunder forskjellige <a href=\"https:\/\/moverdb.com\/nb\/international-removals\/\" data-internallinksmanager029f6b8e52c=\"27\" title=\"De 36 beste internasjonale flyttebyr\u00e5ene i Storbritannia\">internasjonale flyttinger<\/a> tjenester som er oppf\u00f8rt nedenfor, sammen med en selskapsprofil og vurderinger.<\/p>\n<p><strong>Internasjonale flyttinger<\/strong><\/p>\n<ul>\n<li> Dedikert flyttekoordinator<\/li>\n<li> D\u00f8r til d\u00f8r<\/li>\n<li> Pakking - full service, skj\u00f8re gjenstander eller gj\u00f8r det selv<\/li>\n<li> Medf\u00f8lgende emballasjemateriell<\/li>\n<li> Hjelp med papirarbeid<\/li>\n<li> Frakt av dellast - delt container<\/li>\n<li> Dedikert <a href=\"https:\/\/moverdb.com\/nb\/containertransport\/\">internasjonal containertransport<\/a><\/li>\n<li> Gratis lagring i opptil \u00e9n m\u00e5ned<\/li>\n<li> Utpakking<\/li>\n<li> Forsikring ordnet<\/li>\n<li> Tjeneste for omplassering av ansatte<\/li>\n<\/ul>\n<p><strong>Europeiske flyttinger<\/strong><\/p>\n<ul>\n<li> D\u00f8r til d\u00f8r-tjeneste<\/li>\n<li> Dedikert flyttekoordinator<\/li>\n<li> Full servicepakke tilgjengelig<\/li>\n<li> Medf\u00f8lgende emballasjemateriell<\/li>\n<li> Hjelp med papirarbeid<\/li>\n<li> Frakt av stykkgods (LCL)<\/li>\n<li> Dedikert fraktcontainer<\/li>\n<li> Gratis lagring i opptil \u00e9n m\u00e5ned<\/li>\n<li> Full service utpakking tilgjengelig<\/li>\n<li> Forsikring ordnet<\/li>\n<\/ul>\n<p><strong>Flytting av hus<\/strong><\/p>\n<ul>\n<li> D\u00f8r til d\u00f8r-tjeneste<\/li>\n<li> Full innpakning og pakking <\/li>\n<li> Lagring - f\u00f8rste m\u00e5ned gratis<\/li>\n<li> Forsikring ordnet<\/li>\n<li> Stykkgods (LCL)<\/li>\n<li> Full belastning (FCL)<\/li>\n<li> Utpakkingstjeneste ved levering<\/li>\n<\/ul>\n<h2>Bedriftsprofil for Movecorp<\/h2>\n<p>Movecorp er en <a href=\"https:\/\/moverdb.com\/nb\/moving-to-the-uk\/\" data-internallinksmanager029f6b8e52c=\"93\" title=\"Flytte til Storbritannia? 2023 Levekostnader og flyttetips\">STORBRITANNIA<\/a> basert flyttebyr\u00e5 som spesialiserer seg p\u00e5 internasjonale og europeiske flyttinger. Hovedkontoret ligger i West Midlands, noe som gir selskapet en god posisjon til \u00e5 betjene hele Storbritannia. <\/p>\n<p>Movecorp flytter folk i Storbritannia hver dag i uken og har ukentlige leveranser til alle st\u00f8rre europeiske destinasjoner.<\/p>\n<p>Movecorp driver en personlig tjeneste for alle sine kunder og holder dem informert om hvert skritt som tas. De er stolte av sin vennlige og effektive tiln\u00e6rming til hver eneste flytting de utf\u00f8rer.<\/p>\n<p>Movecorp har f\u00f8lgende tilknytninger og akkrediteringer:<\/p>\n<ul>\n<li> <a href=\"https:\/\/moverdb.com\/nb\/iam\/\">International Association of Movers<\/a> (<a href=\"https:\/\/moverdb.com\/nb\/iam\/\" data-internallinksmanager029f6b8e52c=\"23\" title=\"International Association of Movers (IAM) Forklaret\">IAM<\/a>)<\/li>\n<li> <a href=\"https:\/\/moverdb.com\/nb\/rios\/\">Ombudsmannsordningen for flyttebransjen<\/a><\/li>\n<li> <a href=\"https:\/\/moverdb.com\/nb\/fedemac\/\">Sammenslutningen av europeiske flyttebyr\u00e5er<\/a> (<a href=\"https:\/\/moverdb.com\/nb\/fedemac\/\" data-internallinksmanager029f6b8e52c=\"15\" title=\"Federation of European Movers Association (FEDEMAC) Forklares (p\u00e5 engelsk)\">FEDEMAC<\/a>)<\/li>\n<li> <a href=\"https:\/\/moverdb.com\/nb\/freight-transport-association\/\">Foreningen for godstransport<\/a> (<a href=\"https:\/\/moverdb.com\/nb\/freight-transport-association\/\" data-internallinksmanager029f6b8e52c=\"18\" title=\"Freight Transport Association (FTA) Explained (p\u00e5 engelsk)\">FTA<\/a>)<\/li>\n<li> <a href=\"https:\/\/moverdb.com\/nb\/mtc\/\">Movers Trading Club<\/a> (<a href=\"https:\/\/moverdb.com\/nb\/mtc\/\" data-internallinksmanager029f6b8e52c=\"30\" title=\"Movers Trading Club (MTC) forklart\">MTC<\/a>)<\/li>\n<li> <a href=\"https:\/\/moverdb.com\/nb\/eurovan-movers\/\">Eurovan<\/a><\/li>\n<li> <a href=\"https:\/\/moverdb.com\/nb\/ngrs\/\">National Guild of Removers and Storers<\/a> (<a href=\"https:\/\/moverdb.com\/nb\/ngrs\/\" data-internallinksmanager029f6b8e52c=\"74\" title=\"National Guild of Removers and Storers (NGRS) Forklaret\">NGRS<\/a>)<\/li>\n<li> Hvilken? P\u00e5litelig forhandler<\/li>\n<li> Kvalitetsstandarder for tjenester - BS 8564<\/li>\n<li> CHAS<\/li>\n<\/ul>\n<h2>MoveCorp-vurderinger<\/h2>\n<p><strong>Positivt:<\/strong><\/p>\n<ul>\n<li> <em>\"Anbefaler Movecorp p\u00e5 det sterkeste. Mottatt service var enest\u00e5ende og vennlig.\"<\/em> - Ella Dennett via Movecorp <a href=\"http:\/\/www.movecorp.co.uk\/reviews\/\" target=\"_blank\" rel=\"noopener\">anmeldelser og kunderapporteringsside<\/a>.<\/li>\n<li> <em>\"Veldig effektivt, alt var utmerket pakket og ankom i god stand,\"<\/em> - Stan via <a href=\"https:\/\/www.trustpilot.com\/reviews\/579606ae0000ff00097414e9\" target=\"_blank\" rel=\"noopener\">TrustPilot<\/a> <\/li>\n<li> <em>\"Vi har hatt en flott opplevelse. Flyttekoordinatoren v\u00e5r, Emma, var veldig hjelpsom, og hun h\u00e5ndterte foresp\u00f8rslene v\u00e5re p\u00e5 en rask m\u00e5te. En stor takk for hjelpen!\"<\/em> Andrea via <a href=\"http:\/\/www.removalreviews.co.uk\/movingreviews\/great-service-11241\" target=\"_blank\" rel=\"noopener\">Vurderinger av fjerning<\/a><\/li>\n<li> <em>\"Movecorp-nettstedet er lett \u00e5 navigere p\u00e5, og jeg fant nyttig informasjon som hjalp meg med \u00e5 organisere flyttingen.\"<\/em> - LisaM1983 via <a href=\"http:\/\/www.reviewcentre.com\/Removal-Companies\/MoveCorp-International-Removals-www-movecorp-co-uk-review_2305958\" target=\"_blank\" rel=\"noopener\">Gjennomgangssenter<\/a><\/li>\n<li> <em>\"Teamet hos Movecorp var fantastiske fra start til slutt.\"<\/em> - via <a href=\"http:\/\/www.referenceline.com\/removers_removals-in-walsall-movecorpcouk-21956#GOTO178308\" target=\"_blank\" rel=\"noopener\">Referanselinje<\/a><\/li>\n<\/ul>\n<p><strong>Nei:<\/strong><\/p>\n<ul>\n<li> <em>\"De har hatt innholdet i flyttelasset mitt i mer enn tre m\u00e5neder, og det forlot Storbritannia f\u00f8rst i forrige uke.\"<\/em> - Chuck via <a href=\"https:\/\/www.trustpilot.com\/reviews\/55f4a26f0000ff000907c3df\" target=\"_blank\" rel=\"noopener\">TrustPilot<\/a><\/li>\n<li> <em>\"Selv om jeg s\u00e5 noen gode anmeldelser p\u00e5 nettet, var opplevelsen min dessverre ganske d\u00e5rlig.\"<\/em> - Steven Johnson via <a href=\"http:\/\/www.removalreviews.co.uk\/movingreviews\/use-at-own-risk-11126\" target=\"_blank\" rel=\"noopener\">Vurderinger av fjerning<\/a> <\/li>\n<li> <em>\"Verste flytteopplevelsen - f\u00f8ler meg lurt og lurt\"<\/em> - MayVisR42 via <a href=\"http:\/\/www.reviewcentre.com\/Removal-Companies\/MoveCorp-International-Removals-www-movecorp-co-uk-review_3464277\" target=\"_blank\" rel=\"noopener\">Gjennomgangssenter<\/a> <\/li>\n<\/ul>\n<div itemprop=\"review\" itemscope itemtype=\"http:\/\/schema.org\/Review\">\n<span itemprop=\"author\" itemscope=\"\" itemtype=\"http:\/\/schema.org\/Organization\"><span itemprop=\"name\">MoverDB.com<\/span><\/span> Nettstedsgjennomgang for <span itemprop=\"itemreviewed\" itemscope=\"\" itemtype=\"http:\/\/schema.org\/Brand\"><span itemprop=\"name\">MoveCorp<\/span><\/span>:<\/p>\n<ol>\n<li> Tydelige kontaktopplysninger p\u00e5 nettstedet (inkludert telefonnummer)? <strong>Ja<\/strong><\/li>\n<li> Lett \u00e5 f\u00e5 tak i <a href=\"https:\/\/moverdb.com\/nb\/sitater\/\">tilbud p\u00e5 internasjonale flyttinger<\/a>? (skjema for foresp\u00f8rsel om prisoverslag p\u00e5 nett): <strong>Ja<\/strong><\/li>\n<li> Tydelig informasjon p\u00e5 nettstedet: <strong>Nei,<\/strong> Nettstedet inneholder sv\u00e6rt lite informasjon om hvordan du f\u00e5r et tilbud og hvilke destinasjoner som betjenes.<\/li>\n<li> Medlemskap i internasjonalt anerkjente flytteorganisasjoner: <strong>Ja,<\/strong> mange - se ovenfor<\/li>\n<li> Liste over kunder og\/eller tidligere kundeuttalelser: <strong>Ja,<\/strong> det er mange positive kundeuttalelser p\u00e5 nettstedet.<\/li>\n<\/ol>\n<div itemprop=\"reviewRating\" itemscope itemtype=\"http:\/\/schema.org\/Rating\"><meta itemprop=\"worstRating\" content = \"0\" \/><meta itemprop=\"bestRating\" content=\"5\" \/><meta itemprop=\"ratingValue\" content=\"4.5\"><\/div>\n<p><strong>Samlet poengsum: 4.5\/5<\/strong><br \/>\n<strong>Dato for gjennomgang:<\/strong> <span itemprop=\"datePublished\" content=\"2016-08-25\">25\/08\/2016<\/span>\n<\/div>\n<p>Finn ut mer om <a href=\"https:\/\/moverdb.com\/nb\/internasjonale-flyttinger\/\">internasjonale flyttinger<\/a> og v\u00e5r <a href=\"https:\/\/moverdb.com\/nb\/vurderinger\/\">gjennomgangsprosessen<\/a>.<\/p>\n<p><strong>Nettsted:<\/strong> <a href=\"http:\/\/www.movecorp.co.uk\" target=\"_blank\" rel=\"noopener\">http:\/\/www.movecorp.co.uk<\/a><\/p>","protected":false},"excerpt":{"rendered":"<p>Movecorp is based in the West Midlands and offers its customers various international removals services which are listed below, together with a company profile and reviews. International Removals Dedicated move coordinator Door to door Packing &#8211; full service, fragile items or do it yourself Packing materials supplied Assistance with paperwork Part load shipping &#8211; shared [&hellip;]<\/p>\n","protected":false},"author":1,"featured_media":0,"parent":0,"menu_order":0,"comment_status":"closed","ping_status":"closed","template":"","meta":{"_genesis_hide_title":false,"_genesis_hide_breadcrumbs":false,"_genesis_hide_singular_image":false,"_genesis_hide_footer_widgets":false,"_genesis_custom_body_class":"","_genesis_custom_post_class":"","_genesis_layout":"","footnotes":""},"class_list":{"0":"post-923","1":"page","2":"type-page","3":"status-publish","5":"entry"},"_links":{"self":[{"href":"https:\/\/moverdb.com\/nb\/wp-json\/wp\/v2\/pages\/923","targetHints":{"allow":["GET"]}}],"collection":[{"href":"https:\/\/moverdb.com\/nb\/wp-json\/wp\/v2\/pages"}],"about":[{"href":"https:\/\/moverdb.com\/nb\/wp-json\/wp\/v2\/types\/page"}],"author":[{"embeddable":true,"href":"https:\/\/moverdb.com\/nb\/wp-json\/wp\/v2\/users\/1"}],"replies":[{"embeddable":true,"href":"https:\/\/moverdb.com\/nb\/wp-json\/wp\/v2\/comments?post=923"}],"version-history":[{"count":8,"href":"https:\/\/moverdb.com\/nb\/wp-json\/wp\/v2\/pages\/923\/revisions"}],"predecessor-version":[{"id":13179,"href":"https:\/\/moverdb.com\/nb\/wp-json\/wp\/v2\/pages\/923\/revisions\/13179"}],"wp:attachment":[{"href":"https:\/\/moverdb.com\/nb\/wp-json\/wp\/v2\/media?parent=923"}],"curies":[{"name":"wp","href":"https:\/\/api.w.org\/{rel}","templated":true}]}}