{"id":921,"date":"2016-08-29T20:53:00","date_gmt":"2016-08-29T20:53:00","guid":{"rendered":"http:\/\/moverdb.com\/?page_id=921"},"modified":"2026-01-08T15:20:42","modified_gmt":"2026-01-08T15:20:42","slug":"simpsons-flytting","status":"publish","type":"page","link":"https:\/\/moverdb.com\/nb\/simpsons-removals\/","title":{"rendered":"Simpsons flytting og lagring: Internasjonale flytteanmeldelser"},"content":{"rendered":"<p>Simpsons Removals and Storage Ltd er basert i Kent og tilbyr sine kunder en rekke tjenester innen <a href=\"https:\/\/moverdb.com\/nb\/international-removals\/\" data-internallinksmanager029f6b8e52c=\"27\" title=\"De 36 beste internasjonale flyttebyr\u00e5ene i Storbritannia\">internasjonale flyttinger<\/a> tjenester som er oppf\u00f8rt nedenfor. Det f\u00f8lger ogs\u00e5 en selskapsprofil og vurderinger.<\/p>\n<p><strong>Internasjonale flyttinger<\/strong><\/p>\n<ul>\n<li> D\u00f8r til d\u00f8r eller flyplass p\u00e5 bestemmelsesstedet<\/li>\n<li> Full service, skj\u00f8re gjenstander eller gj\u00f8r-det-selv-pakking<\/li>\n<li> Emballasjemateriell kan leveres<\/li>\n<li> Luftfrakt eller sj\u00f8frakt - <a href=\"https:\/\/moverdb.com\/nb\/containertransport\/\">internasjonal containertransport<\/a><\/li>\n<li> Overskytende bagasje for sm\u00e5 laster<\/li>\n<li> Forsikring ordnet<\/li>\n<li> Terminalh\u00e5ndtering\/<a href=\"https:\/\/moverdb.com\/nb\/top-49-container-ports\/\" data-internallinksmanager029f6b8e52c=\"80\" title=\"De 49 st\u00f8rste og travleste containerhavnene i 2025\">port<\/a> kostnader<\/li>\n<li> Tollklarering<\/li>\n<li> Levering og utpakking<\/li>\n<li> Fjerning av avfall<\/li>\n<li> H\u00e5ndverkertjenester<\/li>\n<li> Rengj\u00f8ring<\/li>\n<\/ul>\n<p><strong>Emballasjematerialer<\/strong><\/p>\n<ul>\n<li> Emballasjekartonger i en rekke st\u00f8rrelser<\/li>\n<li> Hengende garderobe kartonger<\/li>\n<li> Pakketape<\/li>\n<li> Emballasjepapir<\/li>\n<li> Papirtepper<\/li>\n<li> Transitttepper av stoff<\/li>\n<li> Madrassposer<\/li>\n<li> Arkivbokser<\/li>\n<li> Skreddersydde trekasser tilgjengelig p\u00e5 foresp\u00f8rsel - 7 dagers varsel kreves.<\/li>\n<\/ul>\n<p><strong>Europeiske bevegelser<\/strong><\/p>\n<ul>\n<li> Luft, sj\u00f8 eller vei<\/li>\n<li> Dedikert lastetjeneste<\/li>\n<li> Delbelastninger tilgjengelig<\/li>\n<li> D\u00f8r til d\u00f8r-tjeneste tilgjengelig<\/li>\n<li> Full service, skj\u00f8re gjenstander eller gj\u00f8r-det-selv-pakking<\/li>\n<li> Emballasjemateriell kan leveres<\/li>\n<li> Forsikring ordnet<\/li>\n<li> Utpakkingstjeneste tilgjengelig<\/li>\n<li> Fjerning av rusk<\/li>\n<\/ul>\n<p><strong><a href=\"https:\/\/moverdb.com\/nb\/moving-to-the-uk\/\" data-internallinksmanager029f6b8e52c=\"93\" title=\"Flytte til Storbritannia? 2023 Levekostnader og flyttetips\">STORBRITANNIA<\/a> Flyttinger<\/strong><\/p>\n<ul>\n<li> D\u00f8r til d\u00f8r<\/li>\n<li> Personlige flyttinger<\/li>\n<li> Flytting av bedrifter<\/li>\n<li> Full service, skj\u00f8re gjenstander eller gj\u00f8r-det-selv-pakking<\/li>\n<li> Emballasjemateriell kan leveres<\/li>\n<li> Forsikring ordnet<\/li>\n<li> Utpakkingstjeneste tilgjengelig<\/li>\n<li> Fjerning av rusk<\/li>\n<\/ul>\n<p><strong>Bedriftsbevegelser<\/strong><\/p>\n<ul>\n<li> Flytting av kontorer<\/li>\n<li> Bedrifter flytter over hele verden<\/li>\n<li> Eksklusiv flytting av hjem over hele verden<\/li>\n<li> IT-l\u00f8sninger for flytting<\/li>\n<li> Flytting av fabrikker og laboratorier<\/li>\n<li> Detaljhandel med kontorm\u00f8bler<\/li>\n<\/ul>\n<p><strong>Lagring<\/strong><\/p>\n<ul>\n<li> Selvlagring<\/li>\n<li> Lagring i husholdninger<\/li>\n<li> Lagring av arkiv<\/li>\n<li> Ekstern lagring<\/li>\n<li> KAMERAOVERV\u00c5KING D\u00d8GNET RUNDT<\/li>\n<\/ul>\n<h2>Simpsons flytting og lagring<\/h2>\n<p>Simpsons Removals and Storage Ltd ble grunnlagt i 1979 av Barry Simpson. I dag er dette Kent-baserte flyttebyr\u00e5et fortsatt familieeid og drives av Barry Simpsons s\u00f8nn og datter. <\/p>\n<p>Selskapets m\u00e5l er \u00e5 tilby profesjonell og effektiv service til privatpersoner, bedrifter og handelskunder som flytter lokalt eller internasjonalt. <\/p>\n<p>Simpsons har en fl\u00e5te p\u00e5 20 kj\u00f8ret\u00f8y for \u00e5 dekke behovene til enhver flytting. De har ogs\u00e5 100 000 kvadratmeter med lagerplass og ytterligere 20 000 kvadratmeter med plass som kan brukes til containerlagring. <\/p>\n<p>Selskapet har n\u00e5 36 \u00e5rs erfaring i flyttebransjen og f\u00f8ler seg rustet til \u00e5 p\u00e5ta seg enhver flytting, uansett hvor stor eller liten, hvor som helst i verden.<\/p>\n<p>Simpsons Removals and Storage har f\u00f8lgende akkrediteringer og tilknytninger:<\/p>\n<ul>\n<li> <a href=\"https:\/\/moverdb.com\/nb\/british-association-of-removers\/\">British Association of Removers<\/a> (<a href=\"https:\/\/moverdb.com\/nb\/british-association-of-removers\/\" data-internallinksmanager029f6b8e52c=\"9\" title=\"British Association of Removers (BAR) Forklart (p\u00e5 engelsk)\">BAR<\/a>)<\/li>\n<li> <a href=\"https:\/\/moverdb.com\/nb\/bar-overseas\/\">British Association of Removers - Oversj\u00f8isk flyttemannskap<\/a><\/li>\n<li> British Association of Removers - Commercial Moving Group<\/li>\n<li> <a href=\"https:\/\/moverdb.com\/nb\/iam\/\">International Association of Movers<\/a> - <a href=\"https:\/\/moverdb.com\/nb\/iam\/\" data-internallinksmanager029f6b8e52c=\"23\" title=\"International Association of Movers (IAM) Forklaret\">IAM<\/a><\/li>\n<li> <a href=\"https:\/\/moverdb.com\/nb\/fedemac\/\">Sammenslutningen av europeiske flyttebyr\u00e5er<\/a> - <a href=\"https:\/\/moverdb.com\/nb\/fedemac\/\" data-internallinksmanager029f6b8e52c=\"15\" title=\"Federation of European Movers Association (FEDEMAC) Forklares (p\u00e5 engelsk)\">FEDEMAC<\/a><\/li>\n<li> Kvalitetssikret tjenestestandard BS8564<\/li>\n<li> Kvalitetssikret tjenestestandard BS8522 - Kommersiell flytting<\/li>\n<li> Foreningen for kunst- og antikvitetshandlere - LAPADA<\/li>\n<li> Movers Traders Club (<a href=\"https:\/\/moverdb.com\/nb\/mtc\/\" data-internallinksmanager029f6b8e52c=\"30\" title=\"Movers Trading Club (MTC) forklart\">MTC<\/a>)<\/li>\n<\/ul>\n<h2>Simpsons Flytting og lagring Anmeldelser<\/h2>\n<p><strong>Positivt:<\/strong><\/p>\n<ul>\n<li> <em>\"Jeg ville bare si at jeg var s\u00e5 forn\u00f8yd med tjenesten som Simpsons leverte ved \u00e5 levere skattene mine i g\u00e5r! Hele flyttingen av eiendelene mine fra <a href=\"https:\/\/moverdb.com\/nb\/moving-to-canada\/\" data-internallinksmanager029f6b8e52c=\"265\" title=\"Flytte til Canada? 2023 Levekostnader og tips om flytting\">Canada<\/a> til Storbritannia har v\u00e6rt fantastisk.\"<\/em> - Jane via<a href=\"http:\/\/www.simpsons-uk.com\/testimonials\" target=\"_blank\" rel=\"noopener\"> Simpsons vitnesbyrd<\/a><\/li>\n<li> <em>\"Etter \u00e5 ha mistet plassen hos v\u00e5rt opprinnelige flyttebyr\u00e5, s\u00e5 vi oss om etter et nytt. Simpsons var de mest oppmerksomme og sendte ut eieren for \u00e5 se <a href=\"https:\/\/moverdb.com\/nb\/moving-to-the-united-states\/\" data-internallinksmanager029f6b8e52c=\"94\" title=\"Flytte til USA? 2023 Levekostnader og flyttetips\">oss<\/a> og \u00f8ke prisen p\u00e5 jobben.\"<\/em> - Dan via <a href=\"http:\/\/www.removalreviews.co.uk\/movingreviews\/surprisingly-good-2361\" target=\"_blank\" rel=\"noopener\">Vurderinger av fjerning<\/a><\/li>\n<li> <em>\"Veldig profesjonelt og veldig vennlig personale.\"<\/em> - Eros via <a href=\"https:\/\/www.reallymoving.com\/international-removals\/directory\/216\/simpsons-removals-limited\" target=\"_blank\" rel=\"noopener\">ReallyMoving.com<\/a><\/li>\n<li> <em>\"Jeg var veldig forn\u00f8yd med hele prosessen. Personalet var vennlige og hjelpsomme, og jeg ble holdt godt informert om status for forsendelsen min hele tiden.\"<\/em> - K Pryce via <a href=\"http:\/\/www.reviewcentre.com\/Removal-Companies\/Simpsons-Removals-and-Storage-Ltd-www-simpsons-uk-com-review_2646331\" target=\"_blank\" rel=\"noopener\">Gjennomgangssenter<\/a> <\/li>\n<\/ul>\n<p><strong>Nei:<\/strong><\/p>\n<ul>\n<li> \"<em>Aldri, jeg gjentar ALDRI, bruk Simpsons fjerning.\"<\/em> - Ruth via <a href=\"http:\/\/www.removalreviews.co.uk\/movingreviews\/poor-delivery-men-and-customer-service-2658\" target=\"_blank\" rel=\"noopener\">Vurderinger av fjerning<\/a> <\/li>\n<li> \"<em>Selskapet unnlot \u00e5 utf\u00f8re fjerningen og ga kontrakten videre til et annet firma.\"<\/em> - Mistral via <a href=\"https:\/\/www.reallymoving.com\/international-removals\/directory\/216\/simpsons-removals-limited\" target=\"_blank\" rel=\"noopener\">ReallyMoving.com<\/a> <\/li>\n<li> <em>\"Dette selskapet er en skam.\"<\/em> - via <a href=\"http:\/\/www.reviewcentre.com\/Removal-Companies\/Simpsons-Removals-and-Storage-Ltd-www-simpsons-uk-com-review_4006517\" target=\"_blank\" rel=\"noopener\">Gjennomgangssenter<\/a> <\/li>\n<\/ul>\n<div itemprop=\"review\" itemscope itemtype=\"http:\/\/schema.org\/Review\">\n<span itemprop=\"author\" itemscope=\"\" itemtype=\"http:\/\/schema.org\/Organization\"><span itemprop=\"name\">MoverDB.com<\/span><\/span> Nettstedsgjennomgang for <span itemprop=\"itemreviewed\" itemscope=\"\" itemtype=\"http:\/\/schema.org\/Brand\"><span itemprop=\"name\">Simpsons flytting og lagring<\/span><\/span>:<\/p>\n<ol>\n<li> Tydelige kontaktopplysninger p\u00e5 nettstedet (inkludert telefonnummer): <strong>Ja<\/strong><\/li>\n<li> Lett \u00e5 f\u00e5 tak i <a href=\"https:\/\/moverdb.com\/nb\/sitater\/\">tilbud p\u00e5 internasjonale flyttinger<\/a>? (skjema for foresp\u00f8rsel om prisoverslag p\u00e5 nett): <strong>Ja<\/strong><\/li>\n<li> Tydelig informasjon p\u00e5 nettstedet: <strong>Ja<\/strong>, kontaktinformasjon og grunnleggende veiledninger p\u00e5 nettet.<\/li>\n<li> Medlemskap i internasjonalt anerkjente flytteorganisasjoner: <strong>Ja<\/strong>se ovenfor.<\/li>\n<li> Liste over kunder og\/eller tidligere kundeuttalelser: <strong>Ja<\/strong>finnes det positive kundeuttalelser p\u00e5 nettstedet.<\/li>\n<\/ol>\n<div itemprop=\"reviewRating\" itemscope itemtype=\"http:\/\/schema.org\/Rating\"><meta itemprop=\"worstRating\" content = \"0\" \/><meta itemprop=\"bestRating\" content=\"5\" \/><meta itemprop=\"ratingValue\" content=\"4.5\"><\/div>\n<p><strong>Samlet poengsum: 4.5\/5<\/strong><br \/>\n<strong>Dato for gjennomgang:<\/strong> <span itemprop=\"datePublished\" content=\"2016-08-29\">29\/08\/2016<\/span>\n<\/div>\n<p>Mer om <a href=\"https:\/\/moverdb.com\/nb\/internasjonale-flyttinger\/\">internasjonale flyttinger<\/a> og v\u00e5r <a href=\"https:\/\/moverdb.com\/nb\/vurderinger\/\">gjennomgangsprosessen<\/a>.<\/p>\n<p><strong>Nettsted:<\/strong> <a href=\"http:\/\/www.simpsons-uk.com\/\" target=\"_blank\" rel=\"noopener\">http:\/\/www.simpsons-uk.com<\/a><\/p>","protected":false},"excerpt":{"rendered":"<p>Simpsons Removals and Storage Ltd is based in Kent and offers its customers a range of international removals services which are listed below. There also follows a company profile and reviews. International Removals Door to door or airport at destination Full service, fragile items or do-it-yourself packing Packing materials can be provided Air freight or [&hellip;]<\/p>\n","protected":false},"author":1,"featured_media":0,"parent":0,"menu_order":0,"comment_status":"closed","ping_status":"closed","template":"","meta":{"_genesis_hide_title":false,"_genesis_hide_breadcrumbs":false,"_genesis_hide_singular_image":false,"_genesis_hide_footer_widgets":false,"_genesis_custom_body_class":"","_genesis_custom_post_class":"","_genesis_layout":"","footnotes":""},"class_list":{"0":"post-921","1":"page","2":"type-page","3":"status-publish","5":"entry"},"_links":{"self":[{"href":"https:\/\/moverdb.com\/nb\/wp-json\/wp\/v2\/pages\/921","targetHints":{"allow":["GET"]}}],"collection":[{"href":"https:\/\/moverdb.com\/nb\/wp-json\/wp\/v2\/pages"}],"about":[{"href":"https:\/\/moverdb.com\/nb\/wp-json\/wp\/v2\/types\/page"}],"author":[{"embeddable":true,"href":"https:\/\/moverdb.com\/nb\/wp-json\/wp\/v2\/users\/1"}],"replies":[{"embeddable":true,"href":"https:\/\/moverdb.com\/nb\/wp-json\/wp\/v2\/comments?post=921"}],"version-history":[{"count":5,"href":"https:\/\/moverdb.com\/nb\/wp-json\/wp\/v2\/pages\/921\/revisions"}],"predecessor-version":[{"id":6238,"href":"https:\/\/moverdb.com\/nb\/wp-json\/wp\/v2\/pages\/921\/revisions\/6238"}],"wp:attachment":[{"href":"https:\/\/moverdb.com\/nb\/wp-json\/wp\/v2\/media?parent=921"}],"curies":[{"name":"wp","href":"https:\/\/api.w.org\/{rel}","templated":true}]}}